{"id":4153,"date":"2023-04-18T14:41:41","date_gmt":"2023-04-18T14:41:41","guid":{"rendered":"https:\/\/ave-eta-canada.com\/jak-sprawdzic-status-swojego-wniosku-w-kanadzie\/"},"modified":"2023-05-09T06:43:27","modified_gmt":"2023-05-09T06:43:27","slug":"jak-sprawdzic-status-swojego-wniosku-w-kanadzie","status":"publish","type":"page","link":"https:\/\/ave-eta-canada.com\/pl\/jak-sprawdzic-status-swojego-wniosku-w-kanadzie\/","title":{"rendered":"Jak sprawdzi\u0107 status swojej aplikacji eTA Kanada?"},"content":{"rendered":"\n<h1 class=\"wp-block-heading\">Podr\u00f3\u017c do Kanady: sprawd\u017a status swojego wniosku o eTA<\/h1>\n\n<p>Wszystkie podr\u00f3\u017ce do Kanady wymagaj\u0105 zezwolenia na podr\u00f3\u017c. Je\u015bli jest to d\u0142ugi pobyt, trzeba b\u0119dzie ubiega\u0107 si\u0119 o wiz\u0119.  <\/p>\n\n<p><strong>W przypadku pobytu w Kanadzie kr\u00f3tszego ni\u017c 6 miesi\u0119cy<\/strong>: formalno\u015bci zwi\u0105zanych z wjazdem do Kanady mo\u017cna dope\u0142ni\u0107 bezpo\u015brednio przez Internet, klikaj\u0105c na <a href=\"https:\/\/ave-eta-canada.com\/pl\/eta-kanada-formularz-online\/\">formularz online<\/a>. Nie jest konieczne umawianie si\u0119 na spotkanie w ambasadzie lub konsulacie Kanady.<\/p>\n\n<p>Poni\u017cej wyja\u015bniamy, jak sprawdzi\u0107 status zezwolenia na podr\u00f3\u017c po z\u0142o\u017ceniu wniosku online.<br\/><\/p>\n\n<h2 class=\"wp-block-heading\">Status eTA: etap sk\u0142adania wniosku online<\/h2>\n\n<p><a href=\"https:\/\/ave-eta-canada.com\/pl\/\">Elektroniczne upowa\u017cnienie do podr\u00f3\u017cy (ETA)<\/a>, znane r\u00f3wnie\u017c jako eTA, pozwala na pobyt w Kanadzie przez 6 kolejnych miesi\u0119cy. W przeciwie\u0144stwie do wizy kanadyjskiej, to zezwolenie na podr\u00f3\u017c mo\u017cna uzyska\u0107 tylko online. Uzyskanie jej jest stosunkowo proste, przebiega wed\u0142ug tej samej procedury, co ubieganie si\u0119 o ESTA na podr\u00f3\u017c do Stan\u00f3w Zjednoczonych, czyli wype\u0142nienie formularza online.<\/p>\n\n<p><a href=\"https:\/\/ave-eta-canada.com\/pl\/wypelnienie-formularza-eta-kanady\/\">Formularz eTA<\/a> jest dost\u0119pny na wielu stronach internetowych. Mo\u017cesz wype\u0142ni\u0107 go na oficjalnej stronie rz\u0105du kanadyjskiego lub z\u0142o\u017cy\u0107 wniosek za po\u015brednictwem naszej strony partnerskiej.<\/p>\n\n<p>Je\u015bli posiadasz ju\u017c wiz\u0119 kanadyjsk\u0105, pozwolenie na prac\u0119 lub nawet kart\u0119 sta\u0142ego pobytu, nie musisz ubiega\u0107 si\u0119 o eTA.<\/p>\n\n<h3 class=\"wp-block-heading\">Wype\u0142nienie formularza eTA Kanada<\/h3>\n\n<p>Podczas wype\u0142niania <a href=\"https:\/\/ave-eta-canada.com\/pl\/jak-wypelnic-eta-de-kanada\/\">formularza online<\/a> zostaniesz poproszony o podanie g\u0142\u00f3wnych informacji zawartych w paszporcie (imi\u0119 i nazwisko, data, miejsce urodzenia, p\u0142e\u0107, adres, narodowo\u015b\u0107, numer paszportu itp.) Po wype\u0142nieniu danych osobowych pojawi si\u0119 kr\u00f3tki kwestionariusz. Nast\u0119pnie zostan\u0105 zadane r\u00f3\u017cne pytania dotycz\u0105ce stanu zdrowia, obecnego zatrudnienia i historii prawnej.<\/p>\n\n<p>Ostatnim krokiem do zatwierdzenia pliku eTA jest p\u0142atno\u015b\u0107 online. Aby dokona\u0107 tej formalno\u015bci, wystarczy przynie\u015b\u0107 kart\u0119 kredytow\u0105 (Visa, MasterCard lub American Express) i poda\u0107 dane bankowe.<br\/><br\/><\/p>\n\n<h2 class=\"wp-block-heading\">R\u00f3\u017cne statusy aplikacji eTA<\/h2>\n\n<p>Po uiszczeniu <a href=\"https:\/\/ave-eta-canada.com\/pl\/eta-kanada-jego-cena\/\">op\u0142aty za eTA<\/a>, powiniene\u015b otrzyma\u0107 e-mail od w\u0142adz kanadyjskich z informacj\u0105, \u017ce Tw\u00f3j wniosek zosta\u0142 otrzymany i Twoje akta s\u0105 sprawdzane.<\/p>\n\n<p>Odpowiedzi wpisane w formularzu online s\u0105 analizowane przez IRCC (Immigration, Refugees and Citizenship Canada). Ten organ rz\u0105dowy b\u0119dzie zatem przegl\u0105da\u0142 ka\u017cdy wniosek eTA, aby upewni\u0107 si\u0119, \u017ce ka\u017cdy obywatel nie stanowi zagro\u017cenia dla bezpiecze\u0144stwa wewn\u0119trznego kraju. Po tej analizie Tw\u00f3j wniosek eTA mo\u017ce mie\u0107 trzy statusy: &#8222;wniosek zatwierdzony&#8221;, &#8222;wniosek w toku&#8221; lub &#8222;wniosek odrzucony&#8221;.<\/p>\n\n<h3 class=\"wp-block-heading\">Status: eTA Kanada w toku<\/h3>\n\n<p>Wi\u0119kszo\u015b\u0107 wniosk\u00f3w ko\u0144czy si\u0119 zatwierdzeniem wniosku eTA w ci\u0105gu kilku minut od wys\u0142ania pliku. Mo\u017ce si\u0119 jednak zdarzy\u0107, \u017ce wniosek wymaga d\u0142u\u017cszych termin\u00f3w. Je\u015bli status Twojego wniosku eTA jest w toku, otrzymasz wiadomo\u015b\u0107 e-mail od IRCC w ci\u0105gu kilku godzin lub dni. Na przyk\u0142ad, mo\u017cesz zosta\u0107 poproszony o dostarczenie pewnych dokument\u00f3w potwierdzaj\u0105cych lub dodatkowych informacji.<\/p>\n\n<p>Istnieje mo\u017cliwo\u015b\u0107 \u015bledzenia statusu aplikacji EV poprzez narz\u0119dzie weryfikacyjne udost\u0119pnione przez rz\u0105d Kanady. Aby to zrobi\u0107, trzeba :<\/p>\n\n<ul class=\"wp-block-list\"><li>numer wniosku eTA przekazany poczt\u0105 elektroniczn\u0105;<\/li><li>niekt\u00f3re informacje z paszportu, z kt\u00f3rym z\u0142o\u017cy\u0142e\u015b wniosek (kraj wydania, numer paszportu, data wydania i data wa\u017cno\u015bci).<\/li><\/ul>\n\n<p>Nale\u017cy pami\u0119ta\u0107, \u017ce narz\u0119dzie to jest r\u00f3wnie\u017c przydatne, je\u015bli posiadasz ju\u017c Tymczasowe Zezwolenie na Podr\u00f3\u017c, ale chcesz <a>odzyska\u0107 swoje eTA<\/a>, aby skonsultowa\u0107 swoj\u0105 kartotek\u0119.<\/p>\n\n<h3 class=\"wp-block-heading\">Status: zatwierdzony przez eTA Kanada<\/h3>\n\n<p>Kiedy Tw\u00f3j wniosek o eTA Canada otrzyma status &#8222;zatwierdzony&#8221;, otrzymasz poczt\u0105 elektroniczn\u0105 numer eTA wraz z dat\u0105 wa\u017cno\u015bci i numerem paszportu przypisanym do zezwolenia na podr\u00f3\u017c.<\/p>\n\n<p>Dzi\u0119ki eTA mo\u017cna wyjecha\u0107 do Kanady i przebywa\u0107 w Kraju Klon\u00f3w kr\u00f3cej ni\u017c sze\u015b\u0107 miesi\u0119cy. Wa\u017cno\u015b\u0107 eTA wynosi 5 lat, co oznacza, \u017ce w tym okresie mo\u017cna odwiedzi\u0107 Kanad\u0119 dowoln\u0105 ilo\u015b\u0107 razy, o ile przestrzega si\u0119 maksymalnej d\u0142ugo\u015bci pobytu (maksymalnie 6 miesi\u0119cy) i posiada si\u0119 wa\u017cny paszport.<\/p>\n\n<p>Nale\u017cy pami\u0119ta\u0107, \u017ce posiadanie statusu &#8222;zatwierdzony&#8221; eTA Kanada nie oznacza, \u017ce mog\u0105 Pa\u0144stwo wjecha\u0107 do Kanady, upowa\u017cnia on jedynie do podr\u00f3\u017cy do Kanady drog\u0105 lotnicz\u0105. Po przybyciu na granic\u0119 zostaniesz poddany kontroli przez funkcjonariusza s\u0142u\u017cb granicznych, kt\u00f3ry jako jedyny mo\u017ce potwierdzi\u0107 Tw\u00f3j wjazd do Kanady.<\/p>\n\n<h3 class=\"wp-block-heading\">Status: eTA Kanada odm\u00f3wi\u0142a<\/h3>\n\n<p>Rzadko zdarza si\u0119, aby pa\u0144stwo kanadyjskie odrzuca\u0142o wnioski o pobyt czasowy. Je\u017celi po sprawdzeniu statusu eTA Kanada oka\u017ce si\u0119, \u017ce wniosek zosta\u0142 odrzucony, nale\u017cy najpierw sprawdzi\u0107, czy nie jest to spowodowane przeoczeniem pope\u0142nionym podczas wype\u0142niania formularza online. Poniewa\u017c wi\u0119kszo\u015bci informacji nie mo\u017cna zmieni\u0107 po z\u0142o\u017ceniu wniosku, trzeba b\u0119dzie ponownie z\u0142o\u017cy\u0107 wniosek online i ui\u015bci\u0107 niezb\u0119dne op\u0142aty.<\/p>\n\n<p>Aby wykorzysta\u0107 wszystkie szanse na uzyskanie statusu eTA &#8222;approved&#8221; i podr\u00f3\u017cowa\u0107 do Kanady ze spokojem, proponujemy z\u0142o\u017cy\u0107 wniosek za po\u015brednictwem naszej strony partnerskiej. Jej zespo\u0142y profesjonalist\u00f3w sprawdz\u0105 Twoje akta pod ka\u017cdym wzgl\u0119dem i w razie potrzeby poprawi\u0105 ewentualne b\u0142\u0119dy lub braki.<\/p>\n\n<p>Je\u015bli nie pojawi si\u0119 \u017caden b\u0142\u0105d, prawdopodobnie nie spe\u0142niasz jednego z <a href=\"https:\/\/ave-eta-canada.com\/pl\/wszystko-o-warunkach-podrozy-do-kanady\/\">wymog\u00f3w kwalifikacyjnych eTA<\/a>. Dla przypomnienia, oto r\u00f3\u017cne punkty, kt\u00f3re musz\u0105 by\u0107 przestrzegane, aby skorzysta\u0107 ze statusu &#8222;zatwierdzonego&#8221; eTA:<\/p>\n\n<ul class=\"wp-block-list\"><li>posiada\u0107 obywatelstwo kraju uprawnionego do korzystania ze zwolnienia z obowi\u0105zku wizowego (obywatele Francji s\u0105 uprawnieni);<\/li><li>Podr\u00f3\u017cowanie do Kanady w celach turystycznych lub biznesowych;<\/li><li>nie zostawa\u0107 na d\u0142u\u017cej ni\u017c sze\u015b\u0107 miesi\u0119cy; <\/li><li>posiada\u0107 wa\u017cny paszport biometryczny lub elektroniczny.<\/li><\/ul>\n\n<p>Jak wida\u0107, je\u015bli chcesz studiowa\u0107, odbywa\u0107 praktyki lub pracowa\u0107 w Kanadzie, to eTA nie mo\u017ce Ci\u0119 dotyczy\u0107. Nast\u0119pnie trzeba b\u0119dzie uda\u0107 si\u0119 do ambasady Kanady i <a href=\"https:\/\/ave-eta-canada.com\/pl\/pozwolenie-na-prace-w-kanadzie\/\">z\u0142o\u017cy\u0107 wniosek o wiz\u0119 lub WHP<\/a>(mo\u017cna to zrobi\u0107 r\u00f3wnie\u017c w konsulacie).<\/p>\n","protected":false},"excerpt":{"rendered":"<p>Podr\u00f3\u017c do Kanady: sprawd\u017a status swojego wniosku o eTA Wszystkie podr\u00f3\u017ce do Kanady wymagaj\u0105 zezwolenia na podr\u00f3\u017c. Je\u015bli jest to d\u0142ugi pobyt, trzeba b\u0119dzie ubiega\u0107 si\u0119 o wiz\u0119. W przypadku pobytu w Kanadzie kr\u00f3tszego ni\u017c 6 miesi\u0119cy: formalno\u015bci zwi\u0105zanych z wjazdem do Kanady mo\u017cna dope\u0142ni\u0107 bezpo\u015brednio przez Internet, klikaj\u0105c na formularz online. Nie jest konieczne [&hellip;]<\/p>\n","protected":false},"author":1,"featured_media":0,"parent":0,"menu_order":0,"comment_status":"closed","ping_status":"closed","template":"","meta":{"footnotes":""},"class_list":["post-4153","page","type-page","status-publish","hentry"],"yoast_head":"<!-- This site is optimized with the Yoast SEO plugin v26.9 - https:\/\/yoast.com\/product\/yoast-seo-wordpress\/ -->\n<title>Jak sprawdzi\u0107 status swojej aplikacji eTA Kanada?<\/title>\n<meta name=\"description\" content=\"Ubieganie si\u0119 o eTA wymaga wype\u0142nienia formularza online. Po z\u0142o\u017ceniu kwestionariusza, rz\u0105d kanadyjski nada status Twojej aplikacji eTA.\" \/>\n<meta name=\"robots\" content=\"index, follow, max-snippet:-1, max-image-preview:large, max-video-preview:-1\" \/>\n<link rel=\"canonical\" href=\"https:\/\/ave-eta-canada.com\/pl\/jak-sprawdzic-status-swojego-wniosku-w-kanadzie\/\" \/>\n<meta property=\"og:locale\" content=\"pl_PL\" \/>\n<meta property=\"og:type\" content=\"article\" \/>\n<meta property=\"og:title\" content=\"Jak sprawdzi\u0107 status swojej aplikacji eTA Kanada?\" \/>\n<meta property=\"og:description\" content=\"Ubieganie si\u0119 o eTA wymaga wype\u0142nienia formularza online. Po z\u0142o\u017ceniu kwestionariusza, rz\u0105d kanadyjski nada status Twojej aplikacji eTA.\" \/>\n<meta property=\"og:url\" content=\"https:\/\/ave-eta-canada.com\/pl\/jak-sprawdzic-status-swojego-wniosku-w-kanadzie\/\" \/>\n<meta property=\"og:site_name\" content=\"VISA CANADA\" \/>\n<meta property=\"article:modified_time\" content=\"2023-05-09T06:43:27+00:00\" \/>\n<meta name=\"twitter:card\" content=\"summary_large_image\" \/>\n<meta name=\"twitter:label1\" content=\"Szacowany czas czytania\" \/>\n\t<meta name=\"twitter:data1\" content=\"5 minut\" \/>\n<script type=\"application\/ld+json\" class=\"yoast-schema-graph\">{\"@context\":\"https:\/\/schema.org\",\"@graph\":[{\"@type\":\"WebPage\",\"@id\":\"https:\/\/ave-eta-canada.com\/pl\/jak-sprawdzic-status-swojego-wniosku-w-kanadzie\/\",\"url\":\"https:\/\/ave-eta-canada.com\/pl\/jak-sprawdzic-status-swojego-wniosku-w-kanadzie\/\",\"name\":\"Jak sprawdzi\u0107 status swojej aplikacji eTA Kanada?\",\"isPartOf\":{\"@id\":\"https:\/\/ave-eta-canada.com\/pl\/#website\"},\"datePublished\":\"2023-04-18T14:41:41+00:00\",\"dateModified\":\"2023-05-09T06:43:27+00:00\",\"description\":\"Ubieganie si\u0119 o eTA wymaga wype\u0142nienia formularza online. Po z\u0142o\u017ceniu kwestionariusza, rz\u0105d kanadyjski nada status Twojej aplikacji eTA.\",\"breadcrumb\":{\"@id\":\"https:\/\/ave-eta-canada.com\/pl\/jak-sprawdzic-status-swojego-wniosku-w-kanadzie\/#breadcrumb\"},\"inLanguage\":\"pl-PL\",\"potentialAction\":[{\"@type\":\"ReadAction\",\"target\":[\"https:\/\/ave-eta-canada.com\/pl\/jak-sprawdzic-status-swojego-wniosku-w-kanadzie\/\"]}]},{\"@type\":\"BreadcrumbList\",\"@id\":\"https:\/\/ave-eta-canada.com\/pl\/jak-sprawdzic-status-swojego-wniosku-w-kanadzie\/#breadcrumb\",\"itemListElement\":[{\"@type\":\"ListItem\",\"position\":1,\"name\":\"Home\",\"item\":\"https:\/\/ave-eta-canada.com\/pl\/\"},{\"@type\":\"ListItem\",\"position\":2,\"name\":\"Jak sprawdzi\u0107 status swojej aplikacji eTA Kanada?\"}]},{\"@type\":\"WebSite\",\"@id\":\"https:\/\/ave-eta-canada.com\/pl\/#website\",\"url\":\"https:\/\/ave-eta-canada.com\/pl\/\",\"name\":\"VISA CANADA\",\"description\":\"Autorisation Voyage Electronique\",\"potentialAction\":[{\"@type\":\"SearchAction\",\"target\":{\"@type\":\"EntryPoint\",\"urlTemplate\":\"https:\/\/ave-eta-canada.com\/pl\/?s={search_term_string}\"},\"query-input\":{\"@type\":\"PropertyValueSpecification\",\"valueRequired\":true,\"valueName\":\"search_term_string\"}}],\"inLanguage\":\"pl-PL\"}]}<\/script>\n<!-- \/ Yoast SEO plugin. -->","yoast_head_json":{"title":"Jak sprawdzi\u0107 status swojej aplikacji eTA Kanada?","description":"Ubieganie si\u0119 o eTA wymaga wype\u0142nienia formularza online. Po z\u0142o\u017ceniu kwestionariusza, rz\u0105d kanadyjski nada status Twojej aplikacji eTA.","robots":{"index":"index","follow":"follow","max-snippet":"max-snippet:-1","max-image-preview":"max-image-preview:large","max-video-preview":"max-video-preview:-1"},"canonical":"https:\/\/ave-eta-canada.com\/pl\/jak-sprawdzic-status-swojego-wniosku-w-kanadzie\/","og_locale":"pl_PL","og_type":"article","og_title":"Jak sprawdzi\u0107 status swojej aplikacji eTA Kanada?","og_description":"Ubieganie si\u0119 o eTA wymaga wype\u0142nienia formularza online. Po z\u0142o\u017ceniu kwestionariusza, rz\u0105d kanadyjski nada status Twojej aplikacji eTA.","og_url":"https:\/\/ave-eta-canada.com\/pl\/jak-sprawdzic-status-swojego-wniosku-w-kanadzie\/","og_site_name":"VISA CANADA","article_modified_time":"2023-05-09T06:43:27+00:00","twitter_card":"summary_large_image","twitter_misc":{"Szacowany czas czytania":"5 minut"},"schema":{"@context":"https:\/\/schema.org","@graph":[{"@type":"WebPage","@id":"https:\/\/ave-eta-canada.com\/pl\/jak-sprawdzic-status-swojego-wniosku-w-kanadzie\/","url":"https:\/\/ave-eta-canada.com\/pl\/jak-sprawdzic-status-swojego-wniosku-w-kanadzie\/","name":"Jak sprawdzi\u0107 status swojej aplikacji eTA Kanada?","isPartOf":{"@id":"https:\/\/ave-eta-canada.com\/pl\/#website"},"datePublished":"2023-04-18T14:41:41+00:00","dateModified":"2023-05-09T06:43:27+00:00","description":"Ubieganie si\u0119 o eTA wymaga wype\u0142nienia formularza online. Po z\u0142o\u017ceniu kwestionariusza, rz\u0105d kanadyjski nada status Twojej aplikacji eTA.","breadcrumb":{"@id":"https:\/\/ave-eta-canada.com\/pl\/jak-sprawdzic-status-swojego-wniosku-w-kanadzie\/#breadcrumb"},"inLanguage":"pl-PL","potentialAction":[{"@type":"ReadAction","target":["https:\/\/ave-eta-canada.com\/pl\/jak-sprawdzic-status-swojego-wniosku-w-kanadzie\/"]}]},{"@type":"BreadcrumbList","@id":"https:\/\/ave-eta-canada.com\/pl\/jak-sprawdzic-status-swojego-wniosku-w-kanadzie\/#breadcrumb","itemListElement":[{"@type":"ListItem","position":1,"name":"Home","item":"https:\/\/ave-eta-canada.com\/pl\/"},{"@type":"ListItem","position":2,"name":"Jak sprawdzi\u0107 status swojej aplikacji eTA Kanada?"}]},{"@type":"WebSite","@id":"https:\/\/ave-eta-canada.com\/pl\/#website","url":"https:\/\/ave-eta-canada.com\/pl\/","name":"VISA CANADA","description":"Autorisation Voyage Electronique","potentialAction":[{"@type":"SearchAction","target":{"@type":"EntryPoint","urlTemplate":"https:\/\/ave-eta-canada.com\/pl\/?s={search_term_string}"},"query-input":{"@type":"PropertyValueSpecification","valueRequired":true,"valueName":"search_term_string"}}],"inLanguage":"pl-PL"}]}},"_links":{"self":[{"href":"https:\/\/ave-eta-canada.com\/pl\/wp-json\/wp\/v2\/pages\/4153","targetHints":{"allow":["GET"]}}],"collection":[{"href":"https:\/\/ave-eta-canada.com\/pl\/wp-json\/wp\/v2\/pages"}],"about":[{"href":"https:\/\/ave-eta-canada.com\/pl\/wp-json\/wp\/v2\/types\/page"}],"author":[{"embeddable":true,"href":"https:\/\/ave-eta-canada.com\/pl\/wp-json\/wp\/v2\/users\/1"}],"replies":[{"embeddable":true,"href":"https:\/\/ave-eta-canada.com\/pl\/wp-json\/wp\/v2\/comments?post=4153"}],"version-history":[{"count":0,"href":"https:\/\/ave-eta-canada.com\/pl\/wp-json\/wp\/v2\/pages\/4153\/revisions"}],"wp:attachment":[{"href":"https:\/\/ave-eta-canada.com\/pl\/wp-json\/wp\/v2\/media?parent=4153"}],"curies":[{"name":"wp","href":"https:\/\/api.w.org\/{rel}","templated":true}]}}