{"id":4158,"date":"2023-04-18T14:41:44","date_gmt":"2023-04-18T14:41:44","guid":{"rendered":"https:\/\/ave-eta-canada.com\/a-visa-jest-niezbedna-do-przybycia-do-kanady\/"},"modified":"2023-05-08T21:01:52","modified_gmt":"2023-05-08T21:01:52","slug":"czy-wiza-jest-niezbedna-do-podrozy-do-kanady","status":"publish","type":"page","link":"https:\/\/ave-eta-canada.com\/pl\/czy-wiza-jest-niezbedna-do-podrozy-do-kanady\/","title":{"rendered":"Czy do podr\u00f3\u017cy do Kanady wymagana jest wiza?"},"content":{"rendered":"\n<h1 class=\"wp-block-heading\">Czy do wjazdu do Kanady wymagana jest wiza?<\/h1>\n\n<p>Niezale\u017cnie od tego, czy odwiedzasz Kanad\u0119 w celach turystycznych, biznesowych czy nawet tranzytowych, rz\u0105d kanadyjski systematycznie wymaga zezwolenia na wjazd do kraju.  <\/p>\n\n<p><strong>W przypadku pobytu w Kanadzie kr\u00f3tszego ni\u017c 6 miesi\u0119cy<\/strong>: formalno\u015bci zwi\u0105zanych z wjazdem do Kanady mo\u017cna dope\u0142ni\u0107 bezpo\u015brednio przez Internet, klikaj\u0105c na <a href=\"https:\/\/ave-eta-canada.com\/pl\/eta-kanada-formularz-online\/\">formularz online<\/a>. Nie jest konieczne umawianie si\u0119 na spotkanie w ambasadzie lub konsulacie Kanady.<\/p>\n\n<p>Nie jest zatem konieczne ubieganie si\u0119 o wiz\u0119 kanadyjsk\u0105, wystarczy zezwolenie na podr\u00f3\u017c: Electronic Travel Authorization (ETA). Dowiedz si\u0119 w tym artykule, kiedy zostaniesz uwolniony od czasoch\u0142onnych i kosztownych formalno\u015bci zwi\u0105zanych z uzyskaniem wizy do Kanady. <\/p>\n\n<h2 class=\"wp-block-heading\"><br\/>ETA Kanada: alternatywa dla wizy<\/h2>\n\n<p><a href=\"https:\/\/ave-eta-canada.com\/pl\/\">Elektroniczna autoryzacja podr\u00f3\u017cy<\/a> <a href=\"https:\/\/ave-eta-canada.com\/pl\/czym-jest-eta-na-podroz-do-kanady\/\">eTA<\/a> wesz\u0142a w \u017cycie w 2016 roku. Dzia\u0142a on podobnie jak ESTA dla USA, czyli mo\u017cna go uzyska\u0107 tylko online i pozwala na podr\u00f3\u017cowanie bez wiz.<\/p>\n\n<h3 class=\"wp-block-heading\">Jakie s\u0105 r\u00f3\u017cnice mi\u0119dzy wiz\u0105 kanadyjsk\u0105 a eTA?<\/h3>\n\n<p>eTA nie ma na celu zast\u0105pienia wizy kanadyjskiej, poniewa\u017c te dwa dokumenty podr\u00f3\u017cy nie s\u0105 przeznaczone dla tych samych os\u00f3b i s\u0105 wydawane na innych warunkach pobytu. W praktyce eTA ma zastosowanie tylko w przypadku kr\u00f3tkiego pobytu na kanadyjskiej ziemi. Zatem <a href=\"https:\/\/ave-eta-canada.com\/pl\/eta-lub-esta-ktore-zezwolenie-na-podroz-wybrac-na-pobyt\/\">maksymalny czas trwania podr\u00f3\u017cy do Kanady<\/a> z eTA wynosi 6 miesi\u0119cy. Je\u015bli pobyt przekracza jeden dzie\u0144, wymagane jest z\u0142o\u017cenie wniosku wizowego w ambasadzie Kanady.<\/p>\n\n<p>Opr\u00f3cz d\u0142ugo\u015bci podr\u00f3\u017cy, cel pobytu jest wa\u017cny przy okre\u015blaniu, czy nale\u017cy podr\u00f3\u017cowa\u0107 z wiz\u0105 eTA czy kanadyjsk\u0105. IRCC (Immigration, Refugees and Citizenship Canada), kanadyjski organ odpowiedzialny za wydawanie eTA, okre\u015bli\u0142 bardzo konkretne przypadki uzyskania tego zezwolenia na podr\u00f3\u017c. Tak wi\u0119c eTA ma zastosowanie tylko w nast\u0119puj\u0105cych przypadkach:<\/p>\n\n<ul class=\"wp-block-list\"><li>wycieczka turystyczna ;<\/li><li>podr\u00f3\u017ce s\u0142u\u017cbowe (udzia\u0142 w konferencji, wizyta u klienta, podpisanie umowy itp.) Je\u015bli Twoim celem jest podj\u0119cie studi\u00f3w w Kanadzie, praca lub nawet odbycie sta\u017cu, b\u0119dziesz musia\u0142 uzyska\u0107 wiz\u0119;<\/li><li>tranzyt do innego kraju.<\/li><\/ul>\n\n<p>Bardzo wa\u017cny jest r\u00f3wnie\u017c tryb wjazdu do Kanady. ETA pozwala na podr\u00f3\u017c do Kanady tylko drog\u0105 lotnicz\u0105. W przypadku przyjazdu drog\u0105 l\u0105dow\u0105 lub morsk\u0105, dozwolona b\u0119dzie tylko wiza.<\/p>\n\n<p>Wreszcie o wyborze zezwolenia na podr\u00f3\u017c decyduje r\u00f3wnie\u017c obywatelstwo. Wszyscy cudzoziemcy przybywaj\u0105cy z kraju zwolnionego z obowi\u0105zku wizowego mog\u0105 uzyska\u0107 zezwolenie na pobyt czasowy. Zniesienie wiz do Kanady dotyczy wszystkich obywateli UE, a tak\u017ce Australii, Nowej Zelandii i Japonii. Je\u015bli nie jeste\u015b obywatelem kraju zwolnionego z obowi\u0105zku wizowego, b\u0119dziesz musia\u0142 ubiega\u0107 si\u0119 o wiz\u0119 na pobyt czasowy (Canada TRV) w Ambasadzie Kanady.<\/p>\n\n<h3 class=\"wp-block-heading\">Sk\u0142adanie wniosk\u00f3w o dofinansowanie ETA<\/h3>\n\n<p>Je\u015bli jeste\u015b pewien, \u017ce spe\u0142niasz wymagania kwalifikacyjne wymienione powy\u017cej, mo\u017cesz przej\u015b\u0107 do kolejnego kroku: wype\u0142nienia formularza online.<\/p>\n\n<p>Celem tego formularza jest sprawdzenie, czy nie stanowi\u0105 Pa\u0144stwo zagro\u017cenia dla bezpiecze\u0144stwa wewn\u0119trznego kraju oraz czy nie chc\u0105 Pa\u0144stwo wyemigrowa\u0107 do Kanady.<\/p>\n\n<p>Wniosek o wydanie eTA sk\u0142ada si\u0119 wy\u0142\u0105cznie online. Dost\u0119p do formularza mo\u017cna uzyska\u0107 na oficjalnej stronie kanadyjskiego rz\u0105du federalnego lub poprzez nasz\u0105 stron\u0119 partnersk\u0105. Je\u015bli wybierzesz t\u0119 drug\u0105 opcj\u0119, skorzystasz ze spersonalizowanego wsparcia, kt\u00f3re pomo\u017ce Ci w tym procesie.<\/p>\n\n<p>Za z\u0142o\u017cenie wniosku o eTA zawsze pobierana jest op\u0142ata, ale cena jest znacznie ni\u017csza ni\u017c w przypadku wizy.<\/p>\n\n<h2 class=\"wp-block-heading\">Praca w Kanadzie: niemo\u017cliwa bez pozwolenia na prac\u0119<\/h2>\n\n<p>Je\u017celi planujesz podj\u0105\u0107 tymczasow\u0105 prac\u0119 w Kanadzie, b\u0119dziesz musia\u0142 ubiega\u0107 si\u0119 o pozwolenie na prac\u0119.<\/p>\n\n<p>Pami\u0119taj, \u017ce je\u015bli planujesz odby\u0107 sta\u017c w Kanadzie, b\u0119dziesz musia\u0142 r\u00f3wnie\u017c ubiega\u0107 si\u0119 o pozwolenie na prac\u0119. Rz\u0105d Kanady nie rozr\u00f3\u017cnia bowiem tradycyjnego zatrudnienia od sta\u017cu. S\u0105 one traktowane jako pe\u0142noprawne miejsca pracy, niezale\u017cnie od czasu trwania sta\u017cu i wynagrodzenia.<\/p>\n\n<p><a href=\"https:\/\/ave-eta-canada.com\/pl\/pozwolenie-na-prace-w-kanadzie\/\">Wniosek o pozwolenie na prac\u0119<\/a> mo\u017cna z\u0142o\u017cy\u0107 za po\u015brednictwem formularza papierowego lub po prostu online. Je\u015bli wybierzesz drug\u0105 opcj\u0119, wystarczy, \u017ce wejdziesz na oficjaln\u0105 stron\u0119 rz\u0105du kanadyjskiego i podasz nast\u0119puj\u0105ce informacje:<\/p>\n\n<ul class=\"wp-block-list\"><li>informacje o osobistym stanie cywilnym ;<\/li><li>oferta pracy od pracodawcy;<\/li><li>dokumenty po\u015bwiadczaj\u0105ce, \u017ce Twoje umiej\u0119tno\u015bci s\u0105 wystarczaj\u0105ce do spe\u0142nienia wymog\u00f3w stanowiska (dyplom, \u015bwiadectwo od poprzedniego pracodawcy itp.).<\/li><\/ul>\n\n<p>Zostaniesz r\u00f3wnie\u017c poproszony o podanie swoich danych biometrycznych (odciski palc\u00f3w i zdj\u0119cie paszportowe). Aby dope\u0142ni\u0107 tej formalno\u015bci, nale\u017cy przynie\u015b\u0107 kart\u0119 kredytow\u0105. B\u0119dziesz musia\u0142 ponie\u015b\u0107 pewne op\u0142aty manipulacyjne.<\/p>\n\n<p>Nale\u017cy pami\u0119ta\u0107, \u017ce je\u015bli nie jeste\u015b z kraju zwolnionego z obowi\u0105zku wizowego, b\u0119dziesz musia\u0142 r\u00f3wnolegle ubiega\u0107 si\u0119 o wiz\u0119 na pobyt czasowy.<\/p>\n\n<h2 class=\"wp-block-heading\"><br\/>Wiza do Kanady: WHP<\/h2>\n\n<p>Working Holiday Permit (WHP) Canada, znana r\u00f3wnie\u017c jako wiza na wakacje robocze, zosta\u0142a wprowadzona jako cz\u0119\u015b\u0107 programu International Experience Canada (IEC). Ma on na celu zach\u0119cenie do wymiany m\u0142odzie\u017cy mi\u0119dzy Kanad\u0105 a 32 krajami partnerskimi.<\/p>\n\n<p>WHP Canada to pozwolenie na prac\u0119, kt\u00f3re umo\u017cliwia pobyt w Kanadzie do 24 miesi\u0119cy. Jego g\u0142\u00f3wn\u0105 zalet\u0105 jest swoboda i elastyczno\u015b\u0107, jak\u0105 oferuje. Rzeczywi\u015bcie, nie wymaga znalezienia pracodawcy przed wyjazdem i pozwala na zmian\u0119 firmy dowoln\u0105 ilo\u015b\u0107 razy w okresie wa\u017cno\u015bci i na ca\u0142ym terytorium (Toronto, Ottawa, Vancouver, Quebec&#8230;). Ponadto, jak sama nazwa wskazuje, pozwala ona na pobyt r\u00f3wnie\u017c w celach turystycznych: mo\u017cesz swobodnie pracowa\u0107 i odwiedza\u0107 Kanad\u0119, jak tylko chcesz.<\/p>\n\n<p>Jak ka\u017cde zezwolenie na podr\u00f3\u017c, promocja zdrowia w miejscu pracy podlega kilku wymogom. Oto g\u0142\u00f3wne punkty, kt\u00f3rych nale\u017cy przestrzega\u0107, aby kwalifikowa\u0107 si\u0119 do programu WHP Canada:<\/p>\n\n<ul class=\"wp-block-list\"><li>Posiada\u0107 wa\u017cny paszport (biometryczny lub elektroniczny);<\/li><li>by\u0107 w wieku od 18 do 35 lat w\u0142\u0105cznie;<\/li><li>mie\u0107 co najmniej C$2,500 na pokrycie pocz\u0105tkowych wydatk\u00f3w;<\/li><li>wykupi\u0107 ubezpieczenie podr\u00f3\u017cne;<\/li><li>posiada\u0107 bilet lotniczy w obie strony lub udowodni\u0107, \u017ce posiada si\u0119 wystarczaj\u0105ce \u015brodki finansowe na zakup biletu w obie strony po zako\u0144czeniu pobytu;<\/li><li>by\u0107 dopuszczalne w Kanadzie, tzn. nie stanowi\u0107 zagro\u017cenia dla kanadyjskiego bezpiecze\u0144stwa wewn\u0119trznego (lub zdrowotnego).<\/li><\/ul>\n\n<p>Podobnie jak w przypadku eTA, wniosek online o WHP Canada sk\u0142ada si\u0119 na stronie rz\u0105du kanadyjskiego za po\u015brednictwem serwisu Canada Immigration.<\/p>\n\n<p>Nale\u017cy pami\u0119ta\u0107, \u017ce ze wzgl\u0119du na rosn\u0105c\u0105 popularno\u015b\u0107 promocji w miejscu pracy, <a href=\"https:\/\/www.canada.ca\/en.html\">rz\u0105d kanadyjski<\/a> wprowadzi\u0142 system kwotowy dla ka\u017cdego kraju. Zatem pro\u015bba WHP zostanie wylosowana. Uzyskanie WHP zale\u017cy zatem g\u0142\u00f3wnie od czynnika szcz\u0119\u015bcia.<\/p>\n\n<p>Nale\u017cy pami\u0119ta\u0107, \u017ce wymienione powy\u017cej r\u00f3\u017cne dokumenty podr\u00f3\u017cy nie s\u0105 dokumentami imigracyjnymi. Je\u017celi Twoim celem jest wyemigrowanie i zamieszkanie w Kanadzie na d\u0142u\u017cszy czas, b\u0119dziesz musia\u0142 ubiega\u0107 <a href=\"https:\/\/ave-eta-canada.com\/pl\/wiza-czy-eta-kanada\/\">si\u0119 o kart\u0119 sta\u0142ego pobytu<\/a>, kt\u00f3ra jest znacznie trudniejsza do uzyskania.<\/p>\n","protected":false},"excerpt":{"rendered":"<p>Czy do wjazdu do Kanady wymagana jest wiza? Niezale\u017cnie od tego, czy odwiedzasz Kanad\u0119 w celach turystycznych, biznesowych czy nawet tranzytowych, rz\u0105d kanadyjski systematycznie wymaga zezwolenia na wjazd do kraju. W przypadku pobytu w Kanadzie kr\u00f3tszego ni\u017c 6 miesi\u0119cy: formalno\u015bci zwi\u0105zanych z wjazdem do Kanady mo\u017cna dope\u0142ni\u0107 bezpo\u015brednio przez Internet, klikaj\u0105c na formularz online. Nie [&hellip;]<\/p>\n","protected":false},"author":1,"featured_media":0,"parent":0,"menu_order":0,"comment_status":"closed","ping_status":"closed","template":"","meta":{"footnotes":""},"class_list":["post-4158","page","type-page","status-publish","hentry"],"yoast_head":"<!-- This site is optimized with the Yoast SEO plugin v26.9 - https:\/\/yoast.com\/product\/yoast-seo-wordpress\/ -->\n<title>Czy do podr\u00f3\u017cy do Kanady wymagana jest wiza?<\/title>\n<meta name=\"description\" content=\"parfois, il est possible d\u2019\u00eatre exempt\u00e9 de visa pour voyager au Canada. Dowiedz si\u0119 w tym artykule, jak przebywa\u0107 w kraju klon\u00f3w bez wizy.\" \/>\n<meta name=\"robots\" content=\"index, follow, max-snippet:-1, max-image-preview:large, max-video-preview:-1\" \/>\n<link rel=\"canonical\" href=\"https:\/\/ave-eta-canada.com\/pl\/czy-wiza-jest-niezbedna-do-podrozy-do-kanady\/\" \/>\n<meta property=\"og:locale\" content=\"pl_PL\" \/>\n<meta property=\"og:type\" content=\"article\" \/>\n<meta property=\"og:title\" content=\"Czy do podr\u00f3\u017cy do Kanady wymagana jest wiza?\" \/>\n<meta property=\"og:description\" content=\"parfois, il est possible d\u2019\u00eatre exempt\u00e9 de visa pour voyager au Canada. Dowiedz si\u0119 w tym artykule, jak przebywa\u0107 w kraju klon\u00f3w bez wizy.\" \/>\n<meta property=\"og:url\" content=\"https:\/\/ave-eta-canada.com\/pl\/czy-wiza-jest-niezbedna-do-podrozy-do-kanady\/\" \/>\n<meta property=\"og:site_name\" content=\"VISA CANADA\" \/>\n<meta property=\"article:modified_time\" content=\"2023-05-08T21:01:52+00:00\" \/>\n<meta name=\"twitter:card\" content=\"summary_large_image\" \/>\n<meta name=\"twitter:label1\" content=\"Szacowany czas czytania\" \/>\n\t<meta name=\"twitter:data1\" content=\"6 minut\" \/>\n<script type=\"application\/ld+json\" class=\"yoast-schema-graph\">{\"@context\":\"https:\/\/schema.org\",\"@graph\":[{\"@type\":\"WebPage\",\"@id\":\"https:\/\/ave-eta-canada.com\/pl\/czy-wiza-jest-niezbedna-do-podrozy-do-kanady\/\",\"url\":\"https:\/\/ave-eta-canada.com\/pl\/czy-wiza-jest-niezbedna-do-podrozy-do-kanady\/\",\"name\":\"Czy do podr\u00f3\u017cy do Kanady wymagana jest wiza?\",\"isPartOf\":{\"@id\":\"https:\/\/ave-eta-canada.com\/pl\/#website\"},\"datePublished\":\"2023-04-18T14:41:44+00:00\",\"dateModified\":\"2023-05-08T21:01:52+00:00\",\"description\":\"parfois, il est possible d\u2019\u00eatre exempt\u00e9 de visa pour voyager au Canada. Dowiedz si\u0119 w tym artykule, jak przebywa\u0107 w kraju klon\u00f3w bez wizy.\",\"breadcrumb\":{\"@id\":\"https:\/\/ave-eta-canada.com\/pl\/czy-wiza-jest-niezbedna-do-podrozy-do-kanady\/#breadcrumb\"},\"inLanguage\":\"pl-PL\",\"potentialAction\":[{\"@type\":\"ReadAction\",\"target\":[\"https:\/\/ave-eta-canada.com\/pl\/czy-wiza-jest-niezbedna-do-podrozy-do-kanady\/\"]}]},{\"@type\":\"BreadcrumbList\",\"@id\":\"https:\/\/ave-eta-canada.com\/pl\/czy-wiza-jest-niezbedna-do-podrozy-do-kanady\/#breadcrumb\",\"itemListElement\":[{\"@type\":\"ListItem\",\"position\":1,\"name\":\"Home\",\"item\":\"https:\/\/ave-eta-canada.com\/pl\/\"},{\"@type\":\"ListItem\",\"position\":2,\"name\":\"Czy do podr\u00f3\u017cy do Kanady wymagana jest wiza?\"}]},{\"@type\":\"WebSite\",\"@id\":\"https:\/\/ave-eta-canada.com\/pl\/#website\",\"url\":\"https:\/\/ave-eta-canada.com\/pl\/\",\"name\":\"VISA CANADA\",\"description\":\"Autorisation Voyage Electronique\",\"potentialAction\":[{\"@type\":\"SearchAction\",\"target\":{\"@type\":\"EntryPoint\",\"urlTemplate\":\"https:\/\/ave-eta-canada.com\/pl\/?s={search_term_string}\"},\"query-input\":{\"@type\":\"PropertyValueSpecification\",\"valueRequired\":true,\"valueName\":\"search_term_string\"}}],\"inLanguage\":\"pl-PL\"}]}<\/script>\n<!-- \/ Yoast SEO plugin. -->","yoast_head_json":{"title":"Czy do podr\u00f3\u017cy do Kanady wymagana jest wiza?","description":"parfois, il est possible d\u2019\u00eatre exempt\u00e9 de visa pour voyager au Canada. Dowiedz si\u0119 w tym artykule, jak przebywa\u0107 w kraju klon\u00f3w bez wizy.","robots":{"index":"index","follow":"follow","max-snippet":"max-snippet:-1","max-image-preview":"max-image-preview:large","max-video-preview":"max-video-preview:-1"},"canonical":"https:\/\/ave-eta-canada.com\/pl\/czy-wiza-jest-niezbedna-do-podrozy-do-kanady\/","og_locale":"pl_PL","og_type":"article","og_title":"Czy do podr\u00f3\u017cy do Kanady wymagana jest wiza?","og_description":"parfois, il est possible d\u2019\u00eatre exempt\u00e9 de visa pour voyager au Canada. Dowiedz si\u0119 w tym artykule, jak przebywa\u0107 w kraju klon\u00f3w bez wizy.","og_url":"https:\/\/ave-eta-canada.com\/pl\/czy-wiza-jest-niezbedna-do-podrozy-do-kanady\/","og_site_name":"VISA CANADA","article_modified_time":"2023-05-08T21:01:52+00:00","twitter_card":"summary_large_image","twitter_misc":{"Szacowany czas czytania":"6 minut"},"schema":{"@context":"https:\/\/schema.org","@graph":[{"@type":"WebPage","@id":"https:\/\/ave-eta-canada.com\/pl\/czy-wiza-jest-niezbedna-do-podrozy-do-kanady\/","url":"https:\/\/ave-eta-canada.com\/pl\/czy-wiza-jest-niezbedna-do-podrozy-do-kanady\/","name":"Czy do podr\u00f3\u017cy do Kanady wymagana jest wiza?","isPartOf":{"@id":"https:\/\/ave-eta-canada.com\/pl\/#website"},"datePublished":"2023-04-18T14:41:44+00:00","dateModified":"2023-05-08T21:01:52+00:00","description":"parfois, il est possible d\u2019\u00eatre exempt\u00e9 de visa pour voyager au Canada. Dowiedz si\u0119 w tym artykule, jak przebywa\u0107 w kraju klon\u00f3w bez wizy.","breadcrumb":{"@id":"https:\/\/ave-eta-canada.com\/pl\/czy-wiza-jest-niezbedna-do-podrozy-do-kanady\/#breadcrumb"},"inLanguage":"pl-PL","potentialAction":[{"@type":"ReadAction","target":["https:\/\/ave-eta-canada.com\/pl\/czy-wiza-jest-niezbedna-do-podrozy-do-kanady\/"]}]},{"@type":"BreadcrumbList","@id":"https:\/\/ave-eta-canada.com\/pl\/czy-wiza-jest-niezbedna-do-podrozy-do-kanady\/#breadcrumb","itemListElement":[{"@type":"ListItem","position":1,"name":"Home","item":"https:\/\/ave-eta-canada.com\/pl\/"},{"@type":"ListItem","position":2,"name":"Czy do podr\u00f3\u017cy do Kanady wymagana jest wiza?"}]},{"@type":"WebSite","@id":"https:\/\/ave-eta-canada.com\/pl\/#website","url":"https:\/\/ave-eta-canada.com\/pl\/","name":"VISA CANADA","description":"Autorisation Voyage Electronique","potentialAction":[{"@type":"SearchAction","target":{"@type":"EntryPoint","urlTemplate":"https:\/\/ave-eta-canada.com\/pl\/?s={search_term_string}"},"query-input":{"@type":"PropertyValueSpecification","valueRequired":true,"valueName":"search_term_string"}}],"inLanguage":"pl-PL"}]}},"_links":{"self":[{"href":"https:\/\/ave-eta-canada.com\/pl\/wp-json\/wp\/v2\/pages\/4158","targetHints":{"allow":["GET"]}}],"collection":[{"href":"https:\/\/ave-eta-canada.com\/pl\/wp-json\/wp\/v2\/pages"}],"about":[{"href":"https:\/\/ave-eta-canada.com\/pl\/wp-json\/wp\/v2\/types\/page"}],"author":[{"embeddable":true,"href":"https:\/\/ave-eta-canada.com\/pl\/wp-json\/wp\/v2\/users\/1"}],"replies":[{"embeddable":true,"href":"https:\/\/ave-eta-canada.com\/pl\/wp-json\/wp\/v2\/comments?post=4158"}],"version-history":[{"count":0,"href":"https:\/\/ave-eta-canada.com\/pl\/wp-json\/wp\/v2\/pages\/4158\/revisions"}],"wp:attachment":[{"href":"https:\/\/ave-eta-canada.com\/pl\/wp-json\/wp\/v2\/media?parent=4158"}],"curies":[{"name":"wp","href":"https:\/\/api.w.org\/{rel}","templated":true}]}}