{"id":4159,"date":"2023-04-18T14:41:44","date_gmt":"2023-04-18T14:41:44","guid":{"rendered":"https:\/\/ave-eta-canada.com\/jak-wypelnic-fale-dla-podrozujacych-po-kanadzie\/"},"modified":"2023-05-09T06:49:35","modified_gmt":"2023-05-09T06:49:35","slug":"jak-wypelnic-eta-de-kanada","status":"publish","type":"page","link":"https:\/\/ave-eta-canada.com\/pl\/jak-wypelnic-eta-de-kanada\/","title":{"rendered":"Jak wype\u0142ni\u0107 eTA na podr\u00f3\u017c do Kanady"},"content":{"rendered":"\n<h1 class=\"wp-block-heading\">Jak wype\u0142ni\u0107 eTA dla Kanady<\/h1>\n\n<p><a href=\"https:\/\/ave-eta-canada.com\/pl\/\">Elektroniczne upowa\u017cnienie do podr\u00f3\u017cy<\/a> (eTA ) pozwala obywatelom kraj\u00f3w obj\u0119tych kanadyjskim programem bezwizowym na podr\u00f3\u017cowanie do Kanady drog\u0105 lotnicz\u0105, bez konieczno\u015bci przechodzenia uci\u0105\u017cliwych procedur. Poniewa\u017c zezwolenie ma form\u0119 elektroniczn\u0105, jest powi\u0105zane z paszportem podr\u00f3\u017cnego.<\/p>\n\n<p><strong>W przypadku pobytu w Kanadzie kr\u00f3tszego ni\u017c 6 miesi\u0119cy<\/strong>: formalno\u015bci zwi\u0105zanych z wjazdem do Kanady mo\u017cna dope\u0142ni\u0107 bezpo\u015brednio przez Internet, klikaj\u0105c na <a href=\"https:\/\/ave-eta-canada.com\/pl\/eta-kanada-formularz-online\/\">formularz online<\/a>. Nie jest konieczne umawianie si\u0119 na spotkanie w ambasadzie lub konsulacie Kanady.<br\/><br\/><\/p>\n\n<h2 class=\"wp-block-heading\">Dlaczego potrzebuj\u0119 eTA do Kanady?<\/h2>\n\n<p>W przesz\u0142o\u015bci, aby tam pojecha\u0107, trzeba by\u0142o obowi\u0105zkowo ubiega\u0107 si\u0119 o wiz\u0119 kanadyjsk\u0105. Od teraz mo\u017cna unikn\u0105\u0107 tych licznych czynno\u015bci, po prostu  <a href=\"https:\/\/ave-eta-canada.com\/pl\/jak-wypelnic-eta-de-kanada\/\">wype\u0142nij eTA<\/a>  aby otrzyma\u0107 pozwolenie na pobyt w Kanadzie, zwane r\u00f3wnie\u017c<a href=\"https:\/\/ave-eta-canada.com\/pl\/czym-jest-eta-na-podroz-do-kanady\/\">  eTA (Electronic Travel Authorization).<\/a> Je\u015bli kiedykolwiek podr\u00f3\u017cowa\u0142e\u015b do Stan\u00f3w Zjednoczonych Ameryki, na pewno znasz ESTA (Electronic System for Travel Authorization), kt\u00f3ry by\u0142 inspiracj\u0105 do wprowadzenia eTA. Zanim dowiesz si\u0119, jak wype\u0142ni\u0107 AVE na wyjazd do Kanady, wa\u017cne jest, aby dowiedzie\u0107 si\u0119, czy jeste\u015b uprawniony i co to oznacza.<\/p>\n\n<h3 class=\"wp-block-heading\">Czy eTA jest dost\u0119pna dla wszystkich?<\/h3>\n\n<p>Podobnie jak w przypadku ESTA dla USA, obcokrajowcy musz\u0105 spe\u0142ni\u0107 okre\u015blone warunki, aby skorzysta\u0107 z eTA na wyjazd do Kanady.<\/p>\n\n<p>Oto r\u00f3\u017cne kryteria kwalifikacji:<\/p>\n\n<ul class=\"wp-block-list\"><li>podr\u00f3\u017cny musi by\u0107 obywatelem jednego z kraj\u00f3w kanadyjskich zwolnionych z obowi\u0105zku wizowego;<\/li><li>podr\u00f3\u017c odbywa si\u0119 drog\u0105 lotnicz\u0105;<\/li><li>pobyt w Kanadzie nie przekracza sze\u015bciu miesi\u0119cy przyznanych przez rz\u0105d kanadyjski;<\/li><li>podr\u00f3\u017cny nie mo\u017ce przyjecha\u0107 w celu podj\u0119cia pracy lub nauki, zezwolenie dotyczy wy\u0142\u0105cznie zwiedzania Kanady lub tranzytu;<\/li><li>podr\u00f3\u017cny musi posiada\u0107 paszport biometryczny lub paszport elektroniczny (wa\u017cny paszport, nale\u017cy uwa\u017ca\u0107 na dat\u0119 wa\u017cno\u015bci).<\/li><\/ul>\n\n<p>Je\u015bli nie spe\u0142niasz wszystkich <a href=\"https:\/\/ave-eta-canada.com\/pl\/wszystko-o-warunkach-podrozy-do-kanady\/\">wymaga\u0144 dotycz\u0105cych eTA<\/a>, nie mo\u017cesz wype\u0142ni\u0107 formularza. W takiej sytuacji nale\u017cy ubiega\u0107 si\u0119 o wiz\u0119 w najbli\u017cszej ambasadzie Kanady.<\/p>\n\n<h3 class=\"wp-block-heading\">Co mo\u017ce zrobi\u0107?<\/h3>\n\n<p>eTA nie dzia\u0142a w taki sam spos\u00f3b jak wiza. Tak wi\u0119c upowa\u017cnienie pozwala na wej\u015bcie na pok\u0142ad samolotu do Kanady, ale tylko celnik ma uprawnienia do wpuszczenia Pa\u0144stwa na teren Kanady. Etap weryfikacji przeprowadzany przez celnika decyduje o Twoim wje\u017adzie do Kanady. Po przej\u015bciu przez granic\u0119 mog\u0105 Pa\u0144stwo przebywa\u0107 w Kanadzie do sze\u015bciu miesi\u0119cy.<br\/><br\/><\/p>\n\n<h2 class=\"wp-block-heading\">Wype\u0142nij eTA online<\/h2>\n\n<p>Teraz, gdy ju\u017c wiesz, do czego s\u0142u\u017cy zezwolenie i dowiedzia\u0142e\u015b si\u0119, \u017ce jeste\u015b uprawniony, musisz tylko wiedzie\u0107, jak wype\u0142ni\u0107 eTA, aby jak najszybciej otrzyma\u0107 swoje zezwolenie. Kwestionariusz eTA oparty jest na tym samym modelu co formularz ESTA. Podr\u00f3\u017cny ma do wyboru wype\u0142nienie eTA, gdy\u017c jest to mo\u017cliwe na stronie rz\u0105du kanadyjskiego, ale tak\u017ce na prywatnej stronie specjalizuj\u0105cej si\u0119 w tego typu wnioskach. Cena wniosku online r\u00f3\u017cni si\u0119 w zale\u017cno\u015bci od wyboru miejsca zamawiania.<\/p>\n\n<h3 class=\"wp-block-heading\">Wype\u0142nienie eTA na specjalistycznej stronie internetowej<\/h3>\n\n<p>eTA mo\u017cesz wype\u0142ni\u0107 na prywatnej stronie, np. u naszego partnera, potrzebujesz paszportu i karty p\u0142atniczej. Podczas wype\u0142niania formularza online zostaniesz poproszony tylko o kilka szczeg\u00f3\u0142\u00f3w, gdy\u017c nasi pracownicy zajm\u0105 si\u0119 reszt\u0105. Zesp\u00f3\u0142 jest odpowiedzialny za dok\u0142adne sprawdzenie wszystkich Twoich danych osobowych przed przekazaniem ich w\u0142adzom. <a href=\"https:\/\/ave-eta-canada.com\/pl\/wypelnienie-formularza-eta-kanady\/\"> Formularz eTA<\/a>sk\u0142ada si\u0119 z nast\u0119puj\u0105cych p\u00f3l:<\/p>\n\n<ul class=\"wp-block-list\"><li>liczba wniosk\u00f3w ;<\/li><li>rodzaj stosowanego paszportu;<\/li><li>numer paszportu ;<\/li><li>kraj obywatelstwa wskazany w dokumencie to\u017csamo\u015bci;<\/li><li>imi\u0119 ;<\/li><li>nazwisko ;<\/li><li>oraz poprawny adres e-mail.<\/li><\/ul>\n\n<p>W celu zatwierdzenia wniosku nale\u017cy ui\u015bci\u0107 op\u0142at\u0119 za wniosek. Pami\u0119taj, aby przed tym krokiem przejrze\u0107 swoje informacje, zw\u0142aszcza numer paszportu.<\/p>\n\n<h3 class=\"wp-block-heading\">Wype\u0142nij eTA na oficjalnej stronie rz\u0105du kanadyjskiego<\/h3>\n\n<p>Aby z\u0142o\u017cy\u0107 wniosek o eTA na stronie rz\u0105du kanadyjskiego, potrzebujesz karty kredytowej, paszportu i adresu e-mail.<\/p>\n\n<p>Przejd\u017a do oficjalnej strony internetowej, aplikacja eTA jest podzielona na kilka cz\u0119\u015bci. Formularz eTA rozpoczyna si\u0119 od podania danych osobowych wnioskodawcy (nazwisko, imi\u0119, adres pocztowy, numer telefonu, adres e-mail itp.), nast\u0119pnie nale\u017cy poda\u0107 rodzaj u\u017cywanego paszportu, kraj wydania, obywatelstwo i numer paszportu itp. Aby wype\u0142ni\u0107 eTA wystarczy odpowiedzie\u0107 na kilka pyta\u0144 dotycz\u0105cych historii prawnej i medycznej, nast\u0119pnie zaznaczy\u0107 pole zgody i zatwierdzi\u0107 wniosek poprzez wniesienie op\u0142aty.<br\/><br\/><\/p>\n\n<h2 class=\"wp-block-heading\">Co si\u0119 dzieje po wype\u0142nieniu przeze mnie wniosku eTA?<\/h2>\n\n<p>Mo\u017cesz bardzo szybko us\u0142ysze\u0107 odpowied\u017a od w\u0142adz Kanady! Rzeczywi\u015bcie, niekt\u00f3rzy podr\u00f3\u017cni otrzymuj\u0105 zwrot w ci\u0105gu kilku minut, ale mo\u017ce to te\u017c trwa\u0107 d\u0142u\u017cej, czasem kilka dni. Otrzymasz wiadomo\u015b\u0107 e-mail zawieraj\u0105c\u0105 numer eTA, za pomoc\u0105 kt\u00f3rego mo\u017cesz <a href=\"https:\/\/ave-eta-canada.com\/pl\/jak-sprawdzic-status-swojego-wniosku-w-kanadzie\/\">sprawdzi\u0107 status <\/a>swojego eTA.<\/p>\n\n<p>Tw\u00f3j eTA jest wa\u017cny przez pi\u0119\u0107 lat, co oznacza, \u017ce mo\u017cesz podr\u00f3\u017cowa\u0107 do Kanady, wielokrotnie, nie przekraczaj\u0105c nigdy sze\u015bciu miesi\u0119cy na terytorium Kanady. Wszystkie prowincje Kanady s\u0105 dla Ciebie otwarte: Quebec, Ontario, Alberta, British Columbia itd.<\/p>\n\n<p>Ta pi\u0119cioletnia zasada obowi\u0105zuje tylko wtedy, gdy nadal posiadasz ten sam paszport, co w momencie sk\u0142adania wniosku o eTA. Je\u015bli nie, musisz odnowi\u0107 swoje eTA.<\/p>\n\n<p>Dobrze wiedzie\u0107: je\u015bli Tw\u00f3j wniosek o EV zosta\u0142 odrzucony, mo\u017cliwe, \u017ce pope\u0142ni\u0142e\u015b b\u0142\u0105d w formularzu, mo\u017cesz wys\u0142a\u0107 nowy wniosek. W przeciwnym razie uzyskanie wizy od s\u0142u\u017cb konsularnych b\u0119dzie nieuniknione.<\/p>\n","protected":false},"excerpt":{"rendered":"<p>Jak wype\u0142ni\u0107 eTA dla Kanady Elektroniczne upowa\u017cnienie do podr\u00f3\u017cy (eTA ) pozwala obywatelom kraj\u00f3w obj\u0119tych kanadyjskim programem bezwizowym na podr\u00f3\u017cowanie do Kanady drog\u0105 lotnicz\u0105, bez konieczno\u015bci przechodzenia uci\u0105\u017cliwych procedur. Poniewa\u017c zezwolenie ma form\u0119 elektroniczn\u0105, jest powi\u0105zane z paszportem podr\u00f3\u017cnego. W przypadku pobytu w Kanadzie kr\u00f3tszego ni\u017c 6 miesi\u0119cy: formalno\u015bci zwi\u0105zanych z wjazdem do Kanady mo\u017cna [&hellip;]<\/p>\n","protected":false},"author":1,"featured_media":0,"parent":0,"menu_order":0,"comment_status":"closed","ping_status":"closed","template":"","meta":{"footnotes":""},"class_list":["post-4159","page","type-page","status-publish","hentry"],"yoast_head":"<!-- This site is optimized with the Yoast SEO plugin v26.9 - https:\/\/yoast.com\/product\/yoast-seo-wordpress\/ -->\n<title>Jak wype\u0142ni\u0107 eTA na podr\u00f3\u017c do Kanady<\/title>\n<meta name=\"description\" content=\"Czy Twoja nast\u0119pna podr\u00f3\u017c b\u0119dzie do Kanady? W tym celu nale\u017cy wype\u0142ni\u0107 eTA. Dowiedz si\u0119 jak w tym artykule.\" \/>\n<meta name=\"robots\" content=\"index, follow, max-snippet:-1, max-image-preview:large, max-video-preview:-1\" \/>\n<link rel=\"canonical\" href=\"https:\/\/ave-eta-canada.com\/pl\/jak-wypelnic-eta-de-kanada\/\" \/>\n<meta property=\"og:locale\" content=\"pl_PL\" \/>\n<meta property=\"og:type\" content=\"article\" \/>\n<meta property=\"og:title\" content=\"Jak wype\u0142ni\u0107 eTA na podr\u00f3\u017c do Kanady\" \/>\n<meta property=\"og:description\" content=\"Czy Twoja nast\u0119pna podr\u00f3\u017c b\u0119dzie do Kanady? W tym celu nale\u017cy wype\u0142ni\u0107 eTA. Dowiedz si\u0119 jak w tym artykule.\" \/>\n<meta property=\"og:url\" content=\"https:\/\/ave-eta-canada.com\/pl\/jak-wypelnic-eta-de-kanada\/\" \/>\n<meta property=\"og:site_name\" content=\"VISA CANADA\" \/>\n<meta property=\"article:modified_time\" content=\"2023-05-09T06:49:35+00:00\" \/>\n<meta name=\"twitter:card\" content=\"summary_large_image\" \/>\n<meta name=\"twitter:label1\" content=\"Szacowany czas czytania\" \/>\n\t<meta name=\"twitter:data1\" content=\"4 minuty\" \/>\n<script type=\"application\/ld+json\" class=\"yoast-schema-graph\">{\"@context\":\"https:\/\/schema.org\",\"@graph\":[{\"@type\":\"WebPage\",\"@id\":\"https:\/\/ave-eta-canada.com\/pl\/jak-wypelnic-eta-de-kanada\/\",\"url\":\"https:\/\/ave-eta-canada.com\/pl\/jak-wypelnic-eta-de-kanada\/\",\"name\":\"Jak wype\u0142ni\u0107 eTA na podr\u00f3\u017c do Kanady\",\"isPartOf\":{\"@id\":\"https:\/\/ave-eta-canada.com\/pl\/#website\"},\"datePublished\":\"2023-04-18T14:41:44+00:00\",\"dateModified\":\"2023-05-09T06:49:35+00:00\",\"description\":\"Czy Twoja nast\u0119pna podr\u00f3\u017c b\u0119dzie do Kanady? W tym celu nale\u017cy wype\u0142ni\u0107 eTA. Dowiedz si\u0119 jak w tym artykule.\",\"breadcrumb\":{\"@id\":\"https:\/\/ave-eta-canada.com\/pl\/jak-wypelnic-eta-de-kanada\/#breadcrumb\"},\"inLanguage\":\"pl-PL\",\"potentialAction\":[{\"@type\":\"ReadAction\",\"target\":[\"https:\/\/ave-eta-canada.com\/pl\/jak-wypelnic-eta-de-kanada\/\"]}]},{\"@type\":\"BreadcrumbList\",\"@id\":\"https:\/\/ave-eta-canada.com\/pl\/jak-wypelnic-eta-de-kanada\/#breadcrumb\",\"itemListElement\":[{\"@type\":\"ListItem\",\"position\":1,\"name\":\"Home\",\"item\":\"https:\/\/ave-eta-canada.com\/pl\/\"},{\"@type\":\"ListItem\",\"position\":2,\"name\":\"Jak wype\u0142ni\u0107 eTA na podr\u00f3\u017c do Kanady\"}]},{\"@type\":\"WebSite\",\"@id\":\"https:\/\/ave-eta-canada.com\/pl\/#website\",\"url\":\"https:\/\/ave-eta-canada.com\/pl\/\",\"name\":\"VISA CANADA\",\"description\":\"Autorisation Voyage Electronique\",\"potentialAction\":[{\"@type\":\"SearchAction\",\"target\":{\"@type\":\"EntryPoint\",\"urlTemplate\":\"https:\/\/ave-eta-canada.com\/pl\/?s={search_term_string}\"},\"query-input\":{\"@type\":\"PropertyValueSpecification\",\"valueRequired\":true,\"valueName\":\"search_term_string\"}}],\"inLanguage\":\"pl-PL\"}]}<\/script>\n<!-- \/ Yoast SEO plugin. -->","yoast_head_json":{"title":"Jak wype\u0142ni\u0107 eTA na podr\u00f3\u017c do Kanady","description":"Czy Twoja nast\u0119pna podr\u00f3\u017c b\u0119dzie do Kanady? W tym celu nale\u017cy wype\u0142ni\u0107 eTA. Dowiedz si\u0119 jak w tym artykule.","robots":{"index":"index","follow":"follow","max-snippet":"max-snippet:-1","max-image-preview":"max-image-preview:large","max-video-preview":"max-video-preview:-1"},"canonical":"https:\/\/ave-eta-canada.com\/pl\/jak-wypelnic-eta-de-kanada\/","og_locale":"pl_PL","og_type":"article","og_title":"Jak wype\u0142ni\u0107 eTA na podr\u00f3\u017c do Kanady","og_description":"Czy Twoja nast\u0119pna podr\u00f3\u017c b\u0119dzie do Kanady? W tym celu nale\u017cy wype\u0142ni\u0107 eTA. Dowiedz si\u0119 jak w tym artykule.","og_url":"https:\/\/ave-eta-canada.com\/pl\/jak-wypelnic-eta-de-kanada\/","og_site_name":"VISA CANADA","article_modified_time":"2023-05-09T06:49:35+00:00","twitter_card":"summary_large_image","twitter_misc":{"Szacowany czas czytania":"4 minuty"},"schema":{"@context":"https:\/\/schema.org","@graph":[{"@type":"WebPage","@id":"https:\/\/ave-eta-canada.com\/pl\/jak-wypelnic-eta-de-kanada\/","url":"https:\/\/ave-eta-canada.com\/pl\/jak-wypelnic-eta-de-kanada\/","name":"Jak wype\u0142ni\u0107 eTA na podr\u00f3\u017c do Kanady","isPartOf":{"@id":"https:\/\/ave-eta-canada.com\/pl\/#website"},"datePublished":"2023-04-18T14:41:44+00:00","dateModified":"2023-05-09T06:49:35+00:00","description":"Czy Twoja nast\u0119pna podr\u00f3\u017c b\u0119dzie do Kanady? W tym celu nale\u017cy wype\u0142ni\u0107 eTA. Dowiedz si\u0119 jak w tym artykule.","breadcrumb":{"@id":"https:\/\/ave-eta-canada.com\/pl\/jak-wypelnic-eta-de-kanada\/#breadcrumb"},"inLanguage":"pl-PL","potentialAction":[{"@type":"ReadAction","target":["https:\/\/ave-eta-canada.com\/pl\/jak-wypelnic-eta-de-kanada\/"]}]},{"@type":"BreadcrumbList","@id":"https:\/\/ave-eta-canada.com\/pl\/jak-wypelnic-eta-de-kanada\/#breadcrumb","itemListElement":[{"@type":"ListItem","position":1,"name":"Home","item":"https:\/\/ave-eta-canada.com\/pl\/"},{"@type":"ListItem","position":2,"name":"Jak wype\u0142ni\u0107 eTA na podr\u00f3\u017c do Kanady"}]},{"@type":"WebSite","@id":"https:\/\/ave-eta-canada.com\/pl\/#website","url":"https:\/\/ave-eta-canada.com\/pl\/","name":"VISA CANADA","description":"Autorisation Voyage Electronique","potentialAction":[{"@type":"SearchAction","target":{"@type":"EntryPoint","urlTemplate":"https:\/\/ave-eta-canada.com\/pl\/?s={search_term_string}"},"query-input":{"@type":"PropertyValueSpecification","valueRequired":true,"valueName":"search_term_string"}}],"inLanguage":"pl-PL"}]}},"_links":{"self":[{"href":"https:\/\/ave-eta-canada.com\/pl\/wp-json\/wp\/v2\/pages\/4159","targetHints":{"allow":["GET"]}}],"collection":[{"href":"https:\/\/ave-eta-canada.com\/pl\/wp-json\/wp\/v2\/pages"}],"about":[{"href":"https:\/\/ave-eta-canada.com\/pl\/wp-json\/wp\/v2\/types\/page"}],"author":[{"embeddable":true,"href":"https:\/\/ave-eta-canada.com\/pl\/wp-json\/wp\/v2\/users\/1"}],"replies":[{"embeddable":true,"href":"https:\/\/ave-eta-canada.com\/pl\/wp-json\/wp\/v2\/comments?post=4159"}],"version-history":[{"count":0,"href":"https:\/\/ave-eta-canada.com\/pl\/wp-json\/wp\/v2\/pages\/4159\/revisions"}],"wp:attachment":[{"href":"https:\/\/ave-eta-canada.com\/pl\/wp-json\/wp\/v2\/media?parent=4159"}],"curies":[{"name":"wp","href":"https:\/\/api.w.org\/{rel}","templated":true}]}}