{"id":4174,"date":"2023-04-18T14:41:45","date_gmt":"2023-04-18T14:41:45","guid":{"rendered":"https:\/\/ave-eta-canada.com\/la-langue-francaise-disparait-peu-a-peu-du-canada\/"},"modified":"2023-05-08T22:08:43","modified_gmt":"2023-05-08T22:08:43","slug":"jezyk-francuski-znika-krok-po-kroku-z-kanady","status":"publish","type":"page","link":"https:\/\/ave-eta-canada.com\/pl\/jezyk-francuski-znika-krok-po-kroku-z-kanady\/","title":{"rendered":"J\u0119zyk francuski powoli znika z Kanady"},"content":{"rendered":"\n<h1 class=\"wp-block-heading\">Znikni\u0119cie j\u0119zyka francuskiego w angielskiej Kanadzie<\/h1>\n\n<p>Kanada to jeden z ulubionych kierunk\u00f3w turystycznych Francuz\u00f3w, ale tak\u017ce kraj goszcz\u0105cy wielu ekspat\u00f3w. Coraz wi\u0119cej Kanadyjczyk\u00f3w jest przeciwnych nauce j\u0119zyka francuskiego. Dlaczego nie interesuje ich j\u0119zyk Moliera? A jaka przysz\u0142o\u015b\u0107 dla j\u0119zyka francuskiego w Kanadzie?<\/p>\n\n<h2 class=\"wp-block-heading\">Obecna sytuacja<\/h2>\n\n<p>Angielski i francuski to dwa oficjalne j\u0119zyki Kanady, zgodnie z ustaw\u0105, kt\u00f3ra zosta\u0142a uchwalona w 1969 roku przez Parlament Kanady. Wcze\u015bniej dwuj\u0119zyczno\u015b\u0107 by\u0142a bardzo wa\u017cna. Jednak pomimo tego ustawodawstwa j\u0119zykowego, angielscy Kanadyjczycy s\u0105 coraz mniej sk\u0142onni do nauki lub m\u00f3wienia po francusku. W 2018 roku jest 10 milion\u00f3w os\u00f3b, kt\u00f3re twierdz\u0105, \u017ce potrafi\u0105 <a href=\"https:\/\/ave-eta-canada.com\/pl\/wiadomosci-o-eta\/\">m\u00f3wi\u0107 po francusku<\/a>, ale liczba ta stale spada.<\/p>\n\n<p>Nauka drugiego obowi\u0105zkowego j\u0119zyka ju\u017c im przeszkadza i coraz wi\u0119cej pyta, dlaczego ma to by\u0107 francuski. Niekt\u00f3rzy Kanadyjczycy uwa\u017caj\u0105, \u017ce nauka francuskiego zamiast innego j\u0119zyka jest niesprawiedliwa. Nawet w Quebecu j\u0119zyk francuski traci na znaczeniu.<\/p>\n\n<p>Pojawia si\u0119 zjawisko odmowy \u017cycia po francusku. U\u017cywanie francuskiego w pracy jest jeszcze w porz\u0105dku, ale po powrocie do domu drugi j\u0119zyk urz\u0119dowy bierze g\u00f3r\u0119. Francuski jako pierwszy j\u0119zyk r\u00f3wnie\u017c podupada.<br\/><\/p>\n\n<h2 class=\"wp-block-heading\">Jaka przysz\u0142o\u015b\u0107 dla j\u0119zyka francuskiego w Kanadzie?<\/h2>\n\n<p>Wiele bada\u0144 wskazuje na g\u0142\u0119boki podzia\u0142 pomi\u0119dzy dwoma oficjalnymi spo\u0142eczno\u015bciami Kanady.<\/p>\n\n<p><a href=\"https:\/\/www.canada.ca\/en.html\">Rz\u0105d Quebecu<\/a> chce przywr\u00f3ci\u0107 j\u0119zyk francuski w ma\u0142ych i \u015brednich firmach, aby zach\u0119ci\u0107 Kanadyjczyk\u00f3w do nauki j\u0119zyka Moliera. Ten plan dzia\u0142ania pom\u00f3g\u0142by zachowa\u0107 j\u0119zyk francuski, u\u0142atwiaj\u0105c jednocze\u015bnie dwuj\u0119zycznym osobom znalezienie pracy. Osoby pos\u0142uguj\u0105ce si\u0119 j\u0119zykiem angielskim i francuskim \u0142atwiej znalaz\u0142yby prac\u0119.<\/p>\n\n<p>Wida\u0107, \u017ce francuski stopniowo staje si\u0119 dla Kanadyjczyk\u00f3w j\u0119zykiem roboczym, a nie j\u0119zykiem serca.<\/p>\n","protected":false},"excerpt":{"rendered":"<p>Znikni\u0119cie j\u0119zyka francuskiego w angielskiej Kanadzie Kanada to jeden z ulubionych kierunk\u00f3w turystycznych Francuz\u00f3w, ale tak\u017ce kraj goszcz\u0105cy wielu ekspat\u00f3w. Coraz wi\u0119cej Kanadyjczyk\u00f3w jest przeciwnych nauce j\u0119zyka francuskiego. Dlaczego nie interesuje ich j\u0119zyk Moliera? A jaka przysz\u0142o\u015b\u0107 dla j\u0119zyka francuskiego w Kanadzie? Obecna sytuacja Angielski i francuski to dwa oficjalne j\u0119zyki Kanady, zgodnie z ustaw\u0105, [&hellip;]<\/p>\n","protected":false},"author":1,"featured_media":0,"parent":0,"menu_order":0,"comment_status":"closed","ping_status":"closed","template":"","meta":{"footnotes":""},"class_list":["post-4174","page","type-page","status-publish","hentry"],"yoast_head":"<!-- This site is optimized with the Yoast SEO plugin v26.9 - https:\/\/yoast.com\/product\/yoast-seo-wordpress\/ -->\n<title>J\u0119zyk francuski powoli znika z Kanady<\/title>\n<meta name=\"description\" content=\"Kanada jest popularnym celem podr\u00f3\u017cy dla francuskich podr\u00f3\u017cnik\u00f3w, chocia\u017c j\u0119zyk francuski jest u\u017cywany rzadziej. Sk\u0105d taki brak zainteresowania? Odpowied\u017a w tym artykule.\" \/>\n<meta name=\"robots\" content=\"index, follow, max-snippet:-1, max-image-preview:large, max-video-preview:-1\" \/>\n<link rel=\"canonical\" href=\"https:\/\/ave-eta-canada.com\/pl\/jezyk-francuski-znika-krok-po-kroku-z-kanady\/\" \/>\n<meta property=\"og:locale\" content=\"pl_PL\" \/>\n<meta property=\"og:type\" content=\"article\" \/>\n<meta property=\"og:title\" content=\"J\u0119zyk francuski powoli znika z Kanady\" \/>\n<meta property=\"og:description\" content=\"Kanada jest popularnym celem podr\u00f3\u017cy dla francuskich podr\u00f3\u017cnik\u00f3w, chocia\u017c j\u0119zyk francuski jest u\u017cywany rzadziej. Sk\u0105d taki brak zainteresowania? Odpowied\u017a w tym artykule.\" \/>\n<meta property=\"og:url\" content=\"https:\/\/ave-eta-canada.com\/pl\/jezyk-francuski-znika-krok-po-kroku-z-kanady\/\" \/>\n<meta property=\"og:site_name\" content=\"VISA CANADA\" \/>\n<meta property=\"article:modified_time\" content=\"2023-05-08T22:08:43+00:00\" \/>\n<meta name=\"twitter:card\" content=\"summary_large_image\" \/>\n<meta name=\"twitter:label1\" content=\"Szacowany czas czytania\" \/>\n\t<meta name=\"twitter:data1\" content=\"2 minuty\" \/>\n<script type=\"application\/ld+json\" class=\"yoast-schema-graph\">{\"@context\":\"https:\/\/schema.org\",\"@graph\":[{\"@type\":\"WebPage\",\"@id\":\"https:\/\/ave-eta-canada.com\/pl\/jezyk-francuski-znika-krok-po-kroku-z-kanady\/\",\"url\":\"https:\/\/ave-eta-canada.com\/pl\/jezyk-francuski-znika-krok-po-kroku-z-kanady\/\",\"name\":\"J\u0119zyk francuski powoli znika z Kanady\",\"isPartOf\":{\"@id\":\"https:\/\/ave-eta-canada.com\/pl\/#website\"},\"datePublished\":\"2023-04-18T14:41:45+00:00\",\"dateModified\":\"2023-05-08T22:08:43+00:00\",\"description\":\"Kanada jest popularnym celem podr\u00f3\u017cy dla francuskich podr\u00f3\u017cnik\u00f3w, chocia\u017c j\u0119zyk francuski jest u\u017cywany rzadziej. Sk\u0105d taki brak zainteresowania? Odpowied\u017a w tym artykule.\",\"breadcrumb\":{\"@id\":\"https:\/\/ave-eta-canada.com\/pl\/jezyk-francuski-znika-krok-po-kroku-z-kanady\/#breadcrumb\"},\"inLanguage\":\"pl-PL\",\"potentialAction\":[{\"@type\":\"ReadAction\",\"target\":[\"https:\/\/ave-eta-canada.com\/pl\/jezyk-francuski-znika-krok-po-kroku-z-kanady\/\"]}]},{\"@type\":\"BreadcrumbList\",\"@id\":\"https:\/\/ave-eta-canada.com\/pl\/jezyk-francuski-znika-krok-po-kroku-z-kanady\/#breadcrumb\",\"itemListElement\":[{\"@type\":\"ListItem\",\"position\":1,\"name\":\"Home\",\"item\":\"https:\/\/ave-eta-canada.com\/pl\/\"},{\"@type\":\"ListItem\",\"position\":2,\"name\":\"J\u0119zyk francuski powoli znika z Kanady\"}]},{\"@type\":\"WebSite\",\"@id\":\"https:\/\/ave-eta-canada.com\/pl\/#website\",\"url\":\"https:\/\/ave-eta-canada.com\/pl\/\",\"name\":\"VISA CANADA\",\"description\":\"Autorisation Voyage Electronique\",\"potentialAction\":[{\"@type\":\"SearchAction\",\"target\":{\"@type\":\"EntryPoint\",\"urlTemplate\":\"https:\/\/ave-eta-canada.com\/pl\/?s={search_term_string}\"},\"query-input\":{\"@type\":\"PropertyValueSpecification\",\"valueRequired\":true,\"valueName\":\"search_term_string\"}}],\"inLanguage\":\"pl-PL\"}]}<\/script>\n<!-- \/ Yoast SEO plugin. -->","yoast_head_json":{"title":"J\u0119zyk francuski powoli znika z Kanady","description":"Kanada jest popularnym celem podr\u00f3\u017cy dla francuskich podr\u00f3\u017cnik\u00f3w, chocia\u017c j\u0119zyk francuski jest u\u017cywany rzadziej. Sk\u0105d taki brak zainteresowania? Odpowied\u017a w tym artykule.","robots":{"index":"index","follow":"follow","max-snippet":"max-snippet:-1","max-image-preview":"max-image-preview:large","max-video-preview":"max-video-preview:-1"},"canonical":"https:\/\/ave-eta-canada.com\/pl\/jezyk-francuski-znika-krok-po-kroku-z-kanady\/","og_locale":"pl_PL","og_type":"article","og_title":"J\u0119zyk francuski powoli znika z Kanady","og_description":"Kanada jest popularnym celem podr\u00f3\u017cy dla francuskich podr\u00f3\u017cnik\u00f3w, chocia\u017c j\u0119zyk francuski jest u\u017cywany rzadziej. Sk\u0105d taki brak zainteresowania? Odpowied\u017a w tym artykule.","og_url":"https:\/\/ave-eta-canada.com\/pl\/jezyk-francuski-znika-krok-po-kroku-z-kanady\/","og_site_name":"VISA CANADA","article_modified_time":"2023-05-08T22:08:43+00:00","twitter_card":"summary_large_image","twitter_misc":{"Szacowany czas czytania":"2 minuty"},"schema":{"@context":"https:\/\/schema.org","@graph":[{"@type":"WebPage","@id":"https:\/\/ave-eta-canada.com\/pl\/jezyk-francuski-znika-krok-po-kroku-z-kanady\/","url":"https:\/\/ave-eta-canada.com\/pl\/jezyk-francuski-znika-krok-po-kroku-z-kanady\/","name":"J\u0119zyk francuski powoli znika z Kanady","isPartOf":{"@id":"https:\/\/ave-eta-canada.com\/pl\/#website"},"datePublished":"2023-04-18T14:41:45+00:00","dateModified":"2023-05-08T22:08:43+00:00","description":"Kanada jest popularnym celem podr\u00f3\u017cy dla francuskich podr\u00f3\u017cnik\u00f3w, chocia\u017c j\u0119zyk francuski jest u\u017cywany rzadziej. Sk\u0105d taki brak zainteresowania? Odpowied\u017a w tym artykule.","breadcrumb":{"@id":"https:\/\/ave-eta-canada.com\/pl\/jezyk-francuski-znika-krok-po-kroku-z-kanady\/#breadcrumb"},"inLanguage":"pl-PL","potentialAction":[{"@type":"ReadAction","target":["https:\/\/ave-eta-canada.com\/pl\/jezyk-francuski-znika-krok-po-kroku-z-kanady\/"]}]},{"@type":"BreadcrumbList","@id":"https:\/\/ave-eta-canada.com\/pl\/jezyk-francuski-znika-krok-po-kroku-z-kanady\/#breadcrumb","itemListElement":[{"@type":"ListItem","position":1,"name":"Home","item":"https:\/\/ave-eta-canada.com\/pl\/"},{"@type":"ListItem","position":2,"name":"J\u0119zyk francuski powoli znika z Kanady"}]},{"@type":"WebSite","@id":"https:\/\/ave-eta-canada.com\/pl\/#website","url":"https:\/\/ave-eta-canada.com\/pl\/","name":"VISA CANADA","description":"Autorisation Voyage Electronique","potentialAction":[{"@type":"SearchAction","target":{"@type":"EntryPoint","urlTemplate":"https:\/\/ave-eta-canada.com\/pl\/?s={search_term_string}"},"query-input":{"@type":"PropertyValueSpecification","valueRequired":true,"valueName":"search_term_string"}}],"inLanguage":"pl-PL"}]}},"_links":{"self":[{"href":"https:\/\/ave-eta-canada.com\/pl\/wp-json\/wp\/v2\/pages\/4174","targetHints":{"allow":["GET"]}}],"collection":[{"href":"https:\/\/ave-eta-canada.com\/pl\/wp-json\/wp\/v2\/pages"}],"about":[{"href":"https:\/\/ave-eta-canada.com\/pl\/wp-json\/wp\/v2\/types\/page"}],"author":[{"embeddable":true,"href":"https:\/\/ave-eta-canada.com\/pl\/wp-json\/wp\/v2\/users\/1"}],"replies":[{"embeddable":true,"href":"https:\/\/ave-eta-canada.com\/pl\/wp-json\/wp\/v2\/comments?post=4174"}],"version-history":[{"count":0,"href":"https:\/\/ave-eta-canada.com\/pl\/wp-json\/wp\/v2\/pages\/4174\/revisions"}],"wp:attachment":[{"href":"https:\/\/ave-eta-canada.com\/pl\/wp-json\/wp\/v2\/media?parent=4174"}],"curies":[{"name":"wp","href":"https:\/\/api.w.org\/{rel}","templated":true}]}}