{"id":4182,"date":"2023-04-18T14:41:46","date_gmt":"2023-04-18T14:41:46","guid":{"rendered":"https:\/\/ave-eta-canada.com\/wszystko-o-warunkach-podrozy-do-kanady\/"},"modified":"2023-05-08T21:50:14","modified_gmt":"2023-05-08T21:50:14","slug":"wszystko-o-warunkach-podrozy-do-kanady","status":"publish","type":"page","link":"https:\/\/ave-eta-canada.com\/pl\/wszystko-o-warunkach-podrozy-do-kanady\/","title":{"rendered":"Wymagania eTA dotycz\u0105ce podr\u00f3\u017cy do Kanady"},"content":{"rendered":"\n<h1 class=\"wp-block-heading\">Jakie s\u0105 wymagania eTA dotycz\u0105ce podr\u00f3\u017cy do Kanady?<\/h1>\n\n<p>Dla wielu podr\u00f3\u017cnych wniosek o wiz\u0119 nie jest ju\u017c wymagany w przypadku podr\u00f3\u017cy do Kanady. Wystarczy uzyska\u0107 elektroniczne zezwolenie na podr\u00f3\u017c eTA przez Internet.<\/p>\n\n<p><strong>W przypadku pobytu w Kanadzie kr\u00f3tszego ni\u017c 6 miesi\u0119cy<\/strong>: formalno\u015bci zwi\u0105zanych z wjazdem do Kanady mo\u017cna dope\u0142ni\u0107 bezpo\u015brednio przez Internet, klikaj\u0105c na <a href=\"https:\/\/ave-eta-canada.com\/pl\/eta-kanada-formularz-online\/\">formularz online<\/a>. Nie jest konieczne umawianie si\u0119 na spotkanie w ambasadzie lub konsulacie Kanady.<\/p>\n\n<p>ETA jest znacznie wygodniejsze i szybsze do uzyskania, ale trzeba si\u0119 kwalifikowa\u0107. Wyja\u015bniamy wszystko na temat wymaga\u0144 eTA, dzi\u0119ki czemu mo\u017cesz spokojnie podr\u00f3\u017cowa\u0107 do Kanady.<\/p>\n\n<h2 class=\"wp-block-heading\">Warunki eTA dotycz\u0105ce pobytu w Kanadzie<\/h2>\n\n<p>By\u0107 mo\u017ce s\u0142yszeli\u015bcie termin <a href=\"https:\/\/ave-eta-canada.com\/pl\/czym-jest-eta-na-podroz-do-kanady\/\">autoryzacja eTA <\/a>podczas robienia bada\u0144. Nale\u017cy pami\u0119ta\u0107, \u017ce AVE i eTA odnosz\u0105 si\u0119 do tego samego zezwolenia na podr\u00f3\u017c. ETA to skr\u00f3t od Electronic Travel Authorization.  <\/p>\n\n<p>Elektroniczne zezwolenie na podr\u00f3\u017c (eTA) jest wymagane jedynie w przypadku tranzytu lub podr\u00f3\u017cy do Kanady drog\u0105 lotnicz\u0105. W przeciwie\u0144stwie do jego ameryka\u0144skiego odpowiednika, ESTA, kt\u00f3ry jest wymagany r\u00f3wnie\u017c przy przyje\u017adzie drog\u0105 morsk\u0105.<\/p>\n\n<p>Kolejnym warunkiem eTA jest to, \u017ce Tw\u00f3j wyjazd musi by\u0107 wyjazdem turystycznym lub s\u0142u\u017cbowym, na maksymalnie 6 miesi\u0119cy.<\/p>\n\n<p>Nawet je\u015bli tylko przeje\u017cd\u017casz przez Kanad\u0119 do miejsca docelowego, <a href=\"https:\/\/ave-eta-canada.com\/pl\/czy-eta-kanada-jest-obowiazkowa\/\">wymagane jest eTA<\/a>.<\/p>\n\n<p>Musisz by\u0107 obywatelem kraju, kt\u00f3ry jest cz\u0142onkiem kanadyjskiego programu rz\u0105dowego Visa Waiver Program. Program ten jest otwarty dla podr\u00f3\u017cnych 61 narodowo\u015bci.<\/p>\n\n<p>Wyj\u0105tek w warunkach eTA dotyczy obywateli francuskich zamieszkuj\u0105cych w St Pierre i Miquelon. Nie musz\u0105 sk\u0142ada\u0107 wniosku, je\u015bli podr\u00f3\u017cuj\u0105 ze swojej wyspy do Kanady. B\u0119d\u0105 oni jednak musieli z\u0142o\u017cy\u0107 wniosek, tak jak wszyscy posiadacze paszport\u00f3w francuskich, je\u015bli podr\u00f3\u017cuj\u0105 samolotem do Kanady z Francji metropolitalnej lub francuskich departament\u00f3w i terytori\u00f3w zamorskich.<\/p>\n\n<p>Je\u015bli posiadasz ju\u017c wiz\u0119 wydan\u0105 przez rz\u0105d Kanady, nie musisz ubiega\u0107 <a href=\"https:\/\/ave-eta-canada.com\/pl\/\">si\u0119 o eTA<\/a>.<\/p>\n\n<p>ETA nie jest zezwoleniem na prac\u0119 i nie daje prawa do pracy, sta\u017cu lub nauki w Kanadzie. Je\u015bli chcesz wyemigrowa\u0107 do Kanady, powiniene\u015b skontaktowa\u0107 si\u0119 z kanadyjskim konsulatem, aby dowiedzie\u0107 si\u0119, co musisz zrobi\u0107.<\/p>\n\n<h2 class=\"wp-block-heading\">Paszport biometryczny: wym\u00f3g dla eTA<\/h2>\n\n<p>Kolejnym wymogiem dla eTA jest posiadanie paszportu biometrycznego lub elektronicznego.<\/p>\n\n<p>W istocie, po zatwierdzeniu, zezwolenie jest powi\u0105zane z paszportem wnioskodawcy. Nie jest to zatem dokument, kt\u00f3ry trzeba nosi\u0107 przy sobie. Aby eTA zosta\u0142o po\u0142\u0105czone, podr\u00f3\u017cny musi posiada\u0107 paszport spe\u0142niaj\u0105cy niezb\u0119dne normy technologiczne.<\/p>\n\n<p>ETA jest wa\u017cne przez 5 lat, ale jednym z wymog\u00f3w eTA jest powi\u0105zanie go z wa\u017cnym paszportem. Oznacza to, \u017ce je\u015bli paszport wyga\u015bnie przed up\u0142ywem tego 5-letniego okresu, do uzyskania nowego paszportu konieczne b\u0119dzie z\u0142o\u017cenie nowego wniosku.<\/p>\n\n<p>Nale\u017cy pami\u0119ta\u0107, \u017ce <a href=\"https:\/\/ave-eta-canada.com\/pl\/okres-waznosci-eta-kanada\/\">eTA jest wa\u017cna na kilka wyjazd\u00f3w<\/a>. Mog\u0105 Pa\u0144stwo powr\u00f3ci\u0107 kilkakrotnie w trakcie okresu wa\u017cno\u015bci, je\u017celi cel Pa\u0144stwa pobytu w Kanadzie nadal odpowiada powy\u017cszym kryteriom.<\/p>\n\n<h2 class=\"wp-block-heading\">Posiada\u0107 adres e-mail i kart\u0119 kredytow\u0105<\/h2>\n\n<p>Nie musisz udawa\u0107 si\u0119 do najbli\u017cszej ambasady Kanady, aby z\u0142o\u017cy\u0107 wniosek o eTA. Jedyn\u0105 mo\u017cliwo\u015bci\u0105 jest z\u0142o\u017cenie wniosku online, albo przez stron\u0119 rz\u0105dow\u0105, albo przez prywatnego us\u0142ugodawc\u0119, takiego jak nasz partner.<\/p>\n\n<p>B\u0119dziesz musia\u0142 wype\u0142ni\u0107 formularz online dotycz\u0105cy Twoich danych osobowych, a tak\u017ce stanu zdrowia i karalno\u015bci. Wszystkie te pytania zadawane s\u0105 w celu lepszej kontroli wjazdu do Kanady.<\/p>\n\n<p>Jednym z wymog\u00f3w do sfinalizowania aplikacji jest posiadanie wa\u017cnego adresu e-mail oraz karty kredytowej do uiszczenia op\u0142aty manipulacyjnej. <a href=\"https:\/\/ave-eta-canada.com\/pl\/eta-kanada-jego-cena\/\">Cena eTA<\/a> r\u00f3\u017cni si\u0119 w zale\u017cno\u015bci od zastosowanej metody.<\/p>\n\n<p>Jak wida\u0107, wymagania eTA nie s\u0105 najbardziej restrykcyjne, ale nale\u017cy zachowa\u0107 ostro\u017cno\u015b\u0107 przy wype\u0142nianiu formularza i upewni\u0107 si\u0119, \u017ce nie pope\u0142nimy \u017cadnego b\u0142\u0119du.<\/p>\n\n<p>Wa\u017cne jest r\u00f3wnie\u017c rozr\u00f3\u017cnienie mi\u0119dzy eTA a programem &#8222;Working Holiday&#8221; (WHP). Wymagania eTA i WHP Canada to dwie zupe\u0142nie r\u00f3\u017cne rzeczy i nie s\u0105 skierowane do tej samej grupy odbiorc\u00f3w. Zadbaj o swoje przygotowania z du\u017cym wyprzedzeniem, aby nie zosta\u0107 zaskoczonym, gdy b\u0119dziesz mia\u0142 zamiar wyjecha\u0107.<\/p>\n","protected":false},"excerpt":{"rendered":"<p>Jakie s\u0105 wymagania eTA dotycz\u0105ce podr\u00f3\u017cy do Kanady? Dla wielu podr\u00f3\u017cnych wniosek o wiz\u0119 nie jest ju\u017c wymagany w przypadku podr\u00f3\u017cy do Kanady. Wystarczy uzyska\u0107 elektroniczne zezwolenie na podr\u00f3\u017c eTA przez Internet. W przypadku pobytu w Kanadzie kr\u00f3tszego ni\u017c 6 miesi\u0119cy: formalno\u015bci zwi\u0105zanych z wjazdem do Kanady mo\u017cna dope\u0142ni\u0107 bezpo\u015brednio przez Internet, klikaj\u0105c na formularz [&hellip;]<\/p>\n","protected":false},"author":1,"featured_media":0,"parent":0,"menu_order":0,"comment_status":"closed","ping_status":"closed","template":"","meta":{"footnotes":""},"class_list":["post-4182","page","type-page","status-publish","hentry"],"yoast_head":"<!-- This site is optimized with the Yoast SEO plugin v26.9 - https:\/\/yoast.com\/product\/yoast-seo-wordpress\/ -->\n<title>Wymagania eTA dotycz\u0105ce podr\u00f3\u017cy do Kanady<\/title>\n<meta name=\"description\" content=\"Wybierasz si\u0119 wkr\u00f3tce do Kanady, ale nie znasz wymaga\u0144 kwalifikacyjnych eTA? Wszystko szczeg\u00f3\u0142owo wyja\u015bniamy w tym artykule.\" \/>\n<meta name=\"robots\" content=\"index, follow, max-snippet:-1, max-image-preview:large, max-video-preview:-1\" \/>\n<link rel=\"canonical\" href=\"https:\/\/ave-eta-canada.com\/pl\/wszystko-o-warunkach-podrozy-do-kanady\/\" \/>\n<meta property=\"og:locale\" content=\"pl_PL\" \/>\n<meta property=\"og:type\" content=\"article\" \/>\n<meta property=\"og:title\" content=\"Wymagania eTA dotycz\u0105ce podr\u00f3\u017cy do Kanady\" \/>\n<meta property=\"og:description\" content=\"Wybierasz si\u0119 wkr\u00f3tce do Kanady, ale nie znasz wymaga\u0144 kwalifikacyjnych eTA? Wszystko szczeg\u00f3\u0142owo wyja\u015bniamy w tym artykule.\" \/>\n<meta property=\"og:url\" content=\"https:\/\/ave-eta-canada.com\/pl\/wszystko-o-warunkach-podrozy-do-kanady\/\" \/>\n<meta property=\"og:site_name\" content=\"VISA CANADA\" \/>\n<meta property=\"article:modified_time\" content=\"2023-05-08T21:50:14+00:00\" \/>\n<meta name=\"twitter:card\" content=\"summary_large_image\" \/>\n<meta name=\"twitter:label1\" content=\"Szacowany czas czytania\" \/>\n\t<meta name=\"twitter:data1\" content=\"3 minuty\" \/>\n<script type=\"application\/ld+json\" class=\"yoast-schema-graph\">{\"@context\":\"https:\/\/schema.org\",\"@graph\":[{\"@type\":\"WebPage\",\"@id\":\"https:\/\/ave-eta-canada.com\/pl\/wszystko-o-warunkach-podrozy-do-kanady\/\",\"url\":\"https:\/\/ave-eta-canada.com\/pl\/wszystko-o-warunkach-podrozy-do-kanady\/\",\"name\":\"Wymagania eTA dotycz\u0105ce podr\u00f3\u017cy do Kanady\",\"isPartOf\":{\"@id\":\"https:\/\/ave-eta-canada.com\/pl\/#website\"},\"datePublished\":\"2023-04-18T14:41:46+00:00\",\"dateModified\":\"2023-05-08T21:50:14+00:00\",\"description\":\"Wybierasz si\u0119 wkr\u00f3tce do Kanady, ale nie znasz wymaga\u0144 kwalifikacyjnych eTA? Wszystko szczeg\u00f3\u0142owo wyja\u015bniamy w tym artykule.\",\"breadcrumb\":{\"@id\":\"https:\/\/ave-eta-canada.com\/pl\/wszystko-o-warunkach-podrozy-do-kanady\/#breadcrumb\"},\"inLanguage\":\"pl-PL\",\"potentialAction\":[{\"@type\":\"ReadAction\",\"target\":[\"https:\/\/ave-eta-canada.com\/pl\/wszystko-o-warunkach-podrozy-do-kanady\/\"]}]},{\"@type\":\"BreadcrumbList\",\"@id\":\"https:\/\/ave-eta-canada.com\/pl\/wszystko-o-warunkach-podrozy-do-kanady\/#breadcrumb\",\"itemListElement\":[{\"@type\":\"ListItem\",\"position\":1,\"name\":\"Home\",\"item\":\"https:\/\/ave-eta-canada.com\/pl\/\"},{\"@type\":\"ListItem\",\"position\":2,\"name\":\"Wymagania eTA dotycz\u0105ce podr\u00f3\u017cy do Kanady\"}]},{\"@type\":\"WebSite\",\"@id\":\"https:\/\/ave-eta-canada.com\/pl\/#website\",\"url\":\"https:\/\/ave-eta-canada.com\/pl\/\",\"name\":\"VISA CANADA\",\"description\":\"Autorisation Voyage Electronique\",\"potentialAction\":[{\"@type\":\"SearchAction\",\"target\":{\"@type\":\"EntryPoint\",\"urlTemplate\":\"https:\/\/ave-eta-canada.com\/pl\/?s={search_term_string}\"},\"query-input\":{\"@type\":\"PropertyValueSpecification\",\"valueRequired\":true,\"valueName\":\"search_term_string\"}}],\"inLanguage\":\"pl-PL\"}]}<\/script>\n<!-- \/ Yoast SEO plugin. -->","yoast_head_json":{"title":"Wymagania eTA dotycz\u0105ce podr\u00f3\u017cy do Kanady","description":"Wybierasz si\u0119 wkr\u00f3tce do Kanady, ale nie znasz wymaga\u0144 kwalifikacyjnych eTA? Wszystko szczeg\u00f3\u0142owo wyja\u015bniamy w tym artykule.","robots":{"index":"index","follow":"follow","max-snippet":"max-snippet:-1","max-image-preview":"max-image-preview:large","max-video-preview":"max-video-preview:-1"},"canonical":"https:\/\/ave-eta-canada.com\/pl\/wszystko-o-warunkach-podrozy-do-kanady\/","og_locale":"pl_PL","og_type":"article","og_title":"Wymagania eTA dotycz\u0105ce podr\u00f3\u017cy do Kanady","og_description":"Wybierasz si\u0119 wkr\u00f3tce do Kanady, ale nie znasz wymaga\u0144 kwalifikacyjnych eTA? Wszystko szczeg\u00f3\u0142owo wyja\u015bniamy w tym artykule.","og_url":"https:\/\/ave-eta-canada.com\/pl\/wszystko-o-warunkach-podrozy-do-kanady\/","og_site_name":"VISA CANADA","article_modified_time":"2023-05-08T21:50:14+00:00","twitter_card":"summary_large_image","twitter_misc":{"Szacowany czas czytania":"3 minuty"},"schema":{"@context":"https:\/\/schema.org","@graph":[{"@type":"WebPage","@id":"https:\/\/ave-eta-canada.com\/pl\/wszystko-o-warunkach-podrozy-do-kanady\/","url":"https:\/\/ave-eta-canada.com\/pl\/wszystko-o-warunkach-podrozy-do-kanady\/","name":"Wymagania eTA dotycz\u0105ce podr\u00f3\u017cy do Kanady","isPartOf":{"@id":"https:\/\/ave-eta-canada.com\/pl\/#website"},"datePublished":"2023-04-18T14:41:46+00:00","dateModified":"2023-05-08T21:50:14+00:00","description":"Wybierasz si\u0119 wkr\u00f3tce do Kanady, ale nie znasz wymaga\u0144 kwalifikacyjnych eTA? Wszystko szczeg\u00f3\u0142owo wyja\u015bniamy w tym artykule.","breadcrumb":{"@id":"https:\/\/ave-eta-canada.com\/pl\/wszystko-o-warunkach-podrozy-do-kanady\/#breadcrumb"},"inLanguage":"pl-PL","potentialAction":[{"@type":"ReadAction","target":["https:\/\/ave-eta-canada.com\/pl\/wszystko-o-warunkach-podrozy-do-kanady\/"]}]},{"@type":"BreadcrumbList","@id":"https:\/\/ave-eta-canada.com\/pl\/wszystko-o-warunkach-podrozy-do-kanady\/#breadcrumb","itemListElement":[{"@type":"ListItem","position":1,"name":"Home","item":"https:\/\/ave-eta-canada.com\/pl\/"},{"@type":"ListItem","position":2,"name":"Wymagania eTA dotycz\u0105ce podr\u00f3\u017cy do Kanady"}]},{"@type":"WebSite","@id":"https:\/\/ave-eta-canada.com\/pl\/#website","url":"https:\/\/ave-eta-canada.com\/pl\/","name":"VISA CANADA","description":"Autorisation Voyage Electronique","potentialAction":[{"@type":"SearchAction","target":{"@type":"EntryPoint","urlTemplate":"https:\/\/ave-eta-canada.com\/pl\/?s={search_term_string}"},"query-input":{"@type":"PropertyValueSpecification","valueRequired":true,"valueName":"search_term_string"}}],"inLanguage":"pl-PL"}]}},"_links":{"self":[{"href":"https:\/\/ave-eta-canada.com\/pl\/wp-json\/wp\/v2\/pages\/4182","targetHints":{"allow":["GET"]}}],"collection":[{"href":"https:\/\/ave-eta-canada.com\/pl\/wp-json\/wp\/v2\/pages"}],"about":[{"href":"https:\/\/ave-eta-canada.com\/pl\/wp-json\/wp\/v2\/types\/page"}],"author":[{"embeddable":true,"href":"https:\/\/ave-eta-canada.com\/pl\/wp-json\/wp\/v2\/users\/1"}],"replies":[{"embeddable":true,"href":"https:\/\/ave-eta-canada.com\/pl\/wp-json\/wp\/v2\/comments?post=4182"}],"version-history":[{"count":0,"href":"https:\/\/ave-eta-canada.com\/pl\/wp-json\/wp\/v2\/pages\/4182\/revisions"}],"wp:attachment":[{"href":"https:\/\/ave-eta-canada.com\/pl\/wp-json\/wp\/v2\/media?parent=4182"}],"curies":[{"name":"wp","href":"https:\/\/api.w.org\/{rel}","templated":true}]}}