{"id":4194,"date":"2023-04-18T14:41:46","date_gmt":"2023-04-18T14:41:46","guid":{"rendered":"https:\/\/ave-eta-canada.com\/prywatnosc-i-ochrona-danych\/"},"modified":"2023-05-08T20:58:23","modified_gmt":"2023-05-08T20:58:23","slug":"prywatnosc-i-ochrona-danych","status":"publish","type":"page","link":"https:\/\/ave-eta-canada.com\/pl\/prywatnosc-i-ochrona-danych\/","title":{"rendered":"Prywatno\u015b\u0107 i ochrona danych"},"content":{"rendered":"\n<h1 class=\"wp-block-heading\">Nasza polityka prywatno\u015bci danych osobowych<\/h1>\n\n<p>Jeste\u015bmy stron\u0105 informacyjn\u0105 o formalno\u015bciach wymaganych przy wyje\u017adzie do Kanady. Bardzo powa\u017cnie traktujemy prywatno\u015b\u0107 naszych go\u015bci. Poni\u017cej przedstawiamy nasz\u0105 pe\u0142n\u0105 polityk\u0119 ochrony danych osobowych.<\/p>\n\n<h2 class=\"wp-block-heading\">Gromadzenie informacji na stronie<\/h2>\n\n<p>Oto pe\u0142na lista danych osobowych, kt\u00f3re mog\u0105 by\u0107 gromadzone na naszej stronie, przechowywane i wykorzystywane:<\/p>\n\n<ul class=\"wp-block-list\"><li>O Twoim komputerze: Tw\u00f3j adres IP, Twoja lokalizacja, Twoja przegl\u0105darka, Tw\u00f3j system operacyjny;<\/li><li>W odniesieniu do Twojej nawigacji na stronie: czas trwania Twojej wizyty, przegl\u0105dane strony, Twoja \u015bcie\u017cka nawigacji;<\/li><\/ul>\n\n<h2 class=\"wp-block-heading\">Wykorzystanie zebranych danych<\/h2>\n\n<p>W \u017cadnym wypadku nie przekazujemy Twoich danych osobowych stronom trzecim. Nie wykorzystujemy zebranych danych do cel\u00f3w marketingu bezpo\u015bredniego lub komercyjnych.<\/p>\n\n<h2 class=\"wp-block-heading\">Okres przechowywania danych<\/h2>\n\n<p>Zebrane dane s\u0105 regularnie usuwane, co oznacza, \u017ce nie przechowujemy \u017cadnych tre\u015bci e-mail, kt\u00f3re zosta\u0142y do nas wys\u0142ane d\u0142u\u017cej ni\u017c miesi\u0105c. Nie wykorzystujemy marketingowo danych dotycz\u0105cych przegl\u0105dania stron.<\/p>\n\n<p>Aktualizacja przechowywanych informacji: daj nam zna\u0107, je\u015bli chcesz, aby Twoje dane osobowe, kt\u00f3re przechowujemy, zosta\u0142y poprawione lub zaktualizowane w okresie ich przechowywania.<\/p>\n\n<h2 class=\"wp-block-heading\">Bezpiecze\u0144stwo Twoich danych osobowych<\/h2>\n\n<p>Podejmujemy techniczne \u015brodki ostro\u017cno\u015bci, aby zapobiec kradzie\u017cy danych osobowych zawartych w naszej bazie danych podczas czasu ich przechowywania, nawet je\u015bli jest on ograniczony. B\u0119dziemy przechowywa\u0107 wszystkie dane osobowe przesy\u0142ane na naszych bezpiecznych serwerach.<\/p>\n\n<h2 class=\"wp-block-heading\">Twoje prawa dotycz\u0105ce danych osobowych<\/h2>\n\n<p>Masz prawo poprosi\u0107 nas o przekazanie wszelkich danych osobowych, kt\u00f3re posiadamy na Tw\u00f3j temat; mo\u017ce to nast\u0105pi\u0107 po przedstawieniu dowodu to\u017csamo\u015bci (potwierdzona kserokopia paszportu + faktura wskazuj\u0105ca adres zamieszkania).<\/p>\n\n<h2 class=\"wp-block-heading\">Aktualizacja niniejszej Polityki prywatno\u015bci<\/h2>\n\n<p>Okresowo aktualizujemy t\u0119 polityk\u0119. Konieczne jest sprawdzanie tej strony podczas korzystania z serwisu pod k\u0105tem zmian w polityce prywatno\u015bci.<\/p>\n\n<h2 class=\"wp-block-heading\">Linki kontekstowe do stron internetowych os\u00f3b trzecich<\/h2>\n\n<p>Nasza strona internetowa zawiera wiele link\u00f3w hipertekstowych prowadz\u0105cych do stron internetowych os\u00f3b trzecich i informacji na ich temat. Nie mamy kontroli nad tymi witrynami i nie ponosimy odpowiedzialno\u015bci za ich polityk\u0119 prywatno\u015bci ani praktyki biznesowe lub marketingowe.<\/p>\n\n<h2 class=\"wp-block-heading\">Ciasteczka<\/h2>\n\n<p>Nasza strona korzysta z plik\u00f3w cookies. Plik cookie to plik zawieraj\u0105cy identyfikator (ci\u0105g liter i cyfr) wysy\u0142any przez serwer sieciowy do przegl\u0105darki internetowej i przechowywany przez przegl\u0105dark\u0119. Identyfikator jest nast\u0119pnie odsy\u0142any do serwera za ka\u017cdym razem, gdy przegl\u0105darka \u017c\u0105da strony z serwera. Pliki cookie mog\u0105 by\u0107 \u201esta\u0142e\u201d lub \u201esesyjne\u201d: trwa\u0142y plik cookie jest przechowywany przez przegl\u0105dark\u0119 i pozostaje wa\u017cny do daty wyga\u015bni\u0119cia, chyba \u017ce u\u017cytkownik usunie go przed t\u0105 dat\u0105; je\u015bli chodzi o ciasteczko sesyjne, wygasa on z ko\u0144cem sesji u\u017cytkownika, gdy przegl\u0105darka jest zamkni\u0119ta. Pliki cookie generalnie nie zawieraj\u0105 \u017cadnych informacji, kt\u00f3re identyfikuj\u0105 u\u017cytkownika, ale dane osobowe, kt\u00f3re przechowujemy o Tobie, mog\u0105 by\u0107 powi\u0105zane z informacjami przechowywanymi w plikach cookie i uzyskanymi przez pliki cookie. Na naszej stronie internetowej u\u017cywamy wy\u0142\u0105cznie sesyjnych plik\u00f3w cookie, a nie trwa\u0142ych plik\u00f3w cookie.<\/p>\n","protected":false},"excerpt":{"rendered":"<p>Nasza polityka prywatno\u015bci danych osobowych Jeste\u015bmy stron\u0105 informacyjn\u0105 o formalno\u015bciach wymaganych przy wyje\u017adzie do Kanady. Bardzo powa\u017cnie traktujemy prywatno\u015b\u0107 naszych go\u015bci. Poni\u017cej przedstawiamy nasz\u0105 pe\u0142n\u0105 polityk\u0119 ochrony danych osobowych. Gromadzenie informacji na stronie Oto pe\u0142na lista danych osobowych, kt\u00f3re mog\u0105 by\u0107 gromadzone na naszej stronie, przechowywane i wykorzystywane: O Twoim komputerze: Tw\u00f3j adres IP, Twoja [&hellip;]<\/p>\n","protected":false},"author":1,"featured_media":0,"parent":0,"menu_order":0,"comment_status":"closed","ping_status":"closed","template":"","meta":{"footnotes":""},"class_list":["post-4194","page","type-page","status-publish","hentry"],"yoast_head":"<!-- This site is optimized with the Yoast SEO plugin v26.9 - https:\/\/yoast.com\/product\/yoast-seo-wordpress\/ -->\n<title>Prywatno\u015b\u0107 i ochrona danych<\/title>\n<meta name=\"description\" content=\"Niniejsza karta jest integraln\u0105 cz\u0119\u015bci\u0105 og\u00f3lnych warunk\u00f3w, znajd\u017a na tej stronie wszystkie informacje dotycz\u0105ce zbierania danych.\" \/>\n<meta name=\"robots\" content=\"index, follow, max-snippet:-1, max-image-preview:large, max-video-preview:-1\" \/>\n<link rel=\"canonical\" href=\"https:\/\/ave-eta-canada.com\/pl\/prywatnosc-i-ochrona-danych\/\" \/>\n<meta property=\"og:locale\" content=\"pl_PL\" \/>\n<meta property=\"og:type\" content=\"article\" \/>\n<meta property=\"og:title\" content=\"Prywatno\u015b\u0107 i ochrona danych\" \/>\n<meta property=\"og:description\" content=\"Niniejsza karta jest integraln\u0105 cz\u0119\u015bci\u0105 og\u00f3lnych warunk\u00f3w, znajd\u017a na tej stronie wszystkie informacje dotycz\u0105ce zbierania danych.\" \/>\n<meta property=\"og:url\" content=\"https:\/\/ave-eta-canada.com\/pl\/prywatnosc-i-ochrona-danych\/\" \/>\n<meta property=\"og:site_name\" content=\"VISA CANADA\" \/>\n<meta property=\"article:modified_time\" content=\"2023-05-08T20:58:23+00:00\" \/>\n<meta name=\"twitter:card\" content=\"summary_large_image\" \/>\n<meta name=\"twitter:label1\" content=\"Szacowany czas czytania\" \/>\n\t<meta name=\"twitter:data1\" content=\"3 minuty\" \/>\n<script type=\"application\/ld+json\" class=\"yoast-schema-graph\">{\"@context\":\"https:\/\/schema.org\",\"@graph\":[{\"@type\":\"WebPage\",\"@id\":\"https:\/\/ave-eta-canada.com\/pl\/prywatnosc-i-ochrona-danych\/\",\"url\":\"https:\/\/ave-eta-canada.com\/pl\/prywatnosc-i-ochrona-danych\/\",\"name\":\"Prywatno\u015b\u0107 i ochrona danych\",\"isPartOf\":{\"@id\":\"https:\/\/ave-eta-canada.com\/pl\/#website\"},\"datePublished\":\"2023-04-18T14:41:46+00:00\",\"dateModified\":\"2023-05-08T20:58:23+00:00\",\"description\":\"Niniejsza karta jest integraln\u0105 cz\u0119\u015bci\u0105 og\u00f3lnych warunk\u00f3w, znajd\u017a na tej stronie wszystkie informacje dotycz\u0105ce zbierania danych.\",\"breadcrumb\":{\"@id\":\"https:\/\/ave-eta-canada.com\/pl\/prywatnosc-i-ochrona-danych\/#breadcrumb\"},\"inLanguage\":\"pl-PL\",\"potentialAction\":[{\"@type\":\"ReadAction\",\"target\":[\"https:\/\/ave-eta-canada.com\/pl\/prywatnosc-i-ochrona-danych\/\"]}]},{\"@type\":\"BreadcrumbList\",\"@id\":\"https:\/\/ave-eta-canada.com\/pl\/prywatnosc-i-ochrona-danych\/#breadcrumb\",\"itemListElement\":[{\"@type\":\"ListItem\",\"position\":1,\"name\":\"Home\",\"item\":\"https:\/\/ave-eta-canada.com\/pl\/\"},{\"@type\":\"ListItem\",\"position\":2,\"name\":\"Prywatno\u015b\u0107 i ochrona danych\"}]},{\"@type\":\"WebSite\",\"@id\":\"https:\/\/ave-eta-canada.com\/pl\/#website\",\"url\":\"https:\/\/ave-eta-canada.com\/pl\/\",\"name\":\"VISA CANADA\",\"description\":\"Autorisation Voyage Electronique\",\"potentialAction\":[{\"@type\":\"SearchAction\",\"target\":{\"@type\":\"EntryPoint\",\"urlTemplate\":\"https:\/\/ave-eta-canada.com\/pl\/?s={search_term_string}\"},\"query-input\":{\"@type\":\"PropertyValueSpecification\",\"valueRequired\":true,\"valueName\":\"search_term_string\"}}],\"inLanguage\":\"pl-PL\"}]}<\/script>\n<!-- \/ Yoast SEO plugin. -->","yoast_head_json":{"title":"Prywatno\u015b\u0107 i ochrona danych","description":"Niniejsza karta jest integraln\u0105 cz\u0119\u015bci\u0105 og\u00f3lnych warunk\u00f3w, znajd\u017a na tej stronie wszystkie informacje dotycz\u0105ce zbierania danych.","robots":{"index":"index","follow":"follow","max-snippet":"max-snippet:-1","max-image-preview":"max-image-preview:large","max-video-preview":"max-video-preview:-1"},"canonical":"https:\/\/ave-eta-canada.com\/pl\/prywatnosc-i-ochrona-danych\/","og_locale":"pl_PL","og_type":"article","og_title":"Prywatno\u015b\u0107 i ochrona danych","og_description":"Niniejsza karta jest integraln\u0105 cz\u0119\u015bci\u0105 og\u00f3lnych warunk\u00f3w, znajd\u017a na tej stronie wszystkie informacje dotycz\u0105ce zbierania danych.","og_url":"https:\/\/ave-eta-canada.com\/pl\/prywatnosc-i-ochrona-danych\/","og_site_name":"VISA CANADA","article_modified_time":"2023-05-08T20:58:23+00:00","twitter_card":"summary_large_image","twitter_misc":{"Szacowany czas czytania":"3 minuty"},"schema":{"@context":"https:\/\/schema.org","@graph":[{"@type":"WebPage","@id":"https:\/\/ave-eta-canada.com\/pl\/prywatnosc-i-ochrona-danych\/","url":"https:\/\/ave-eta-canada.com\/pl\/prywatnosc-i-ochrona-danych\/","name":"Prywatno\u015b\u0107 i ochrona danych","isPartOf":{"@id":"https:\/\/ave-eta-canada.com\/pl\/#website"},"datePublished":"2023-04-18T14:41:46+00:00","dateModified":"2023-05-08T20:58:23+00:00","description":"Niniejsza karta jest integraln\u0105 cz\u0119\u015bci\u0105 og\u00f3lnych warunk\u00f3w, znajd\u017a na tej stronie wszystkie informacje dotycz\u0105ce zbierania danych.","breadcrumb":{"@id":"https:\/\/ave-eta-canada.com\/pl\/prywatnosc-i-ochrona-danych\/#breadcrumb"},"inLanguage":"pl-PL","potentialAction":[{"@type":"ReadAction","target":["https:\/\/ave-eta-canada.com\/pl\/prywatnosc-i-ochrona-danych\/"]}]},{"@type":"BreadcrumbList","@id":"https:\/\/ave-eta-canada.com\/pl\/prywatnosc-i-ochrona-danych\/#breadcrumb","itemListElement":[{"@type":"ListItem","position":1,"name":"Home","item":"https:\/\/ave-eta-canada.com\/pl\/"},{"@type":"ListItem","position":2,"name":"Prywatno\u015b\u0107 i ochrona danych"}]},{"@type":"WebSite","@id":"https:\/\/ave-eta-canada.com\/pl\/#website","url":"https:\/\/ave-eta-canada.com\/pl\/","name":"VISA CANADA","description":"Autorisation Voyage Electronique","potentialAction":[{"@type":"SearchAction","target":{"@type":"EntryPoint","urlTemplate":"https:\/\/ave-eta-canada.com\/pl\/?s={search_term_string}"},"query-input":{"@type":"PropertyValueSpecification","valueRequired":true,"valueName":"search_term_string"}}],"inLanguage":"pl-PL"}]}},"_links":{"self":[{"href":"https:\/\/ave-eta-canada.com\/pl\/wp-json\/wp\/v2\/pages\/4194","targetHints":{"allow":["GET"]}}],"collection":[{"href":"https:\/\/ave-eta-canada.com\/pl\/wp-json\/wp\/v2\/pages"}],"about":[{"href":"https:\/\/ave-eta-canada.com\/pl\/wp-json\/wp\/v2\/types\/page"}],"author":[{"embeddable":true,"href":"https:\/\/ave-eta-canada.com\/pl\/wp-json\/wp\/v2\/users\/1"}],"replies":[{"embeddable":true,"href":"https:\/\/ave-eta-canada.com\/pl\/wp-json\/wp\/v2\/comments?post=4194"}],"version-history":[{"count":0,"href":"https:\/\/ave-eta-canada.com\/pl\/wp-json\/wp\/v2\/pages\/4194\/revisions"}],"wp:attachment":[{"href":"https:\/\/ave-eta-canada.com\/pl\/wp-json\/wp\/v2\/media?parent=4194"}],"curies":[{"name":"wp","href":"https:\/\/api.w.org\/{rel}","templated":true}]}}