{"id":4212,"date":"2023-04-18T14:41:48","date_gmt":"2023-04-18T14:41:48","guid":{"rendered":"https:\/\/ave-eta-canada.com\/kanada-rzad-chce-wiecej-studentow-i-obcokrajowcow\/"},"modified":"2023-05-09T08:07:03","modified_gmt":"2023-05-09T08:07:03","slug":"kanada-rzad-chce-wiecej-studentow-i-obcokrajowcow","status":"publish","type":"page","link":"https:\/\/ave-eta-canada.com\/pl\/kanada-rzad-chce-wiecej-studentow-i-obcokrajowcow\/","title":{"rendered":"Kanada: rz\u0105d chce wi\u0119cej zagranicznych student\u00f3w"},"content":{"rendered":"\n<h1 class=\"wp-block-heading\">Kanadyjski rz\u0105d chce przyci\u0105gn\u0105\u0107 wi\u0119cej mi\u0119dzynarodowych student\u00f3w<\/h1>\n\n<p>Studenci mi\u0119dzynarodowi stanowi\u0105 istotny interes ekonomiczny dla gospodarki kanadyjskiej. Wed\u0142ug bada\u0144 w\u0142adz federalnych, zagraniczni studenci wygenerowali w 2016 roku 15,5 miliarda dolar\u00f3w. Z tego powodu kanadyjska administracja chce wzmocni\u0107 nap\u0142yw mi\u0119dzynarodowych student\u00f3w.<br\/><strong>W przypadku pobytu w Kanadzie kr\u00f3tszego ni\u017c 6 miesi\u0119cy<\/strong>: formalno\u015bci zwi\u0105zanych z wjazdem do Kanady mo\u017cna dope\u0142ni\u0107 bezpo\u015brednio przez Internet, klikaj\u0105c na <a href=\"https:\/\/ave-eta-canada.com\/pl\/eta-kanada-formularz-online\/\">formularz online<\/a>. Nie jest konieczne umawianie si\u0119 na spotkanie w ambasadzie lub konsulacie Kanady.<br\/><\/p>\n\n<h2 class=\"wp-block-heading\">Promocja kanadyjskiego systemu edukacji w\u015br\u00f3d student\u00f3w mi\u0119dzynarodowych<\/h2>\n\n<p>Kanadyjski system edukacji wci\u0105\u017c przyci\u0105ga m\u0142odych ludzi z zagranicy. O ile w 2000 roku wydano ponad 100 tys. pozwole\u0144 na studia, to w 2018 roku liczba ta przekroczy\u0142a 500 tys. Aby wykorzysta\u0107 ten rozmach, rz\u0105d federalny ustali\u0142 \u0142\u0105czny bud\u017cet w wysoko\u015bci 148 milion\u00f3w dolar\u00f3w w ci\u0105gu pi\u0119ciu lat na edukacj\u0119 mi\u0119dzynarodow\u0105.<\/p>\n\n<p>W celu okre\u015blenia og\u00f3lnej strategii masowego przyci\u0105gania student\u00f3w mi\u0119dzynarodowych, rz\u0105d i przedstawiciele <a href=\"https:\/\/ave-eta-canada.com\/pl\/wszystko-o-warunkach-podrozy-do-kanady\/\">kanadyjskich uczelni<\/a> spotykaj\u0105 si\u0119 regularnie, aby przedyskutowa\u0107 kierunki, kt\u00f3re nale\u017cy obra\u0107.<br\/><br\/><\/p>\n\n<h2 class=\"wp-block-heading\">Promowanie r\u00f3\u017cnorodno\u015bci w kanadyjskich instytucjach edukacyjnych<\/h2>\n\n<p>Obecnie du\u017ca cz\u0119\u015b\u0107 student\u00f3w zagranicznych pochodzi z Indii i Chin. Jednak w Kanadzie obserwuje si\u0119 coraz wi\u0119ksz\u0105 liczb\u0119 student\u00f3w z kraj\u00f3w o wysokim wzro\u015bcie gospodarczym, takich jak Wietnam. Ponadto w\u0142adze federalne chc\u0105 p\u00f3j\u015b\u0107 jeszcze dalej w dziedzinie r\u00f3\u017cnorodno\u015bci. Szczeg\u00f3lny nacisk zostanie po\u0142o\u017cony na kraje wschodz\u0105ce lub regiony o silnej obecno\u015bci m\u0142odzie\u017cy, takie jak Kolumbia lub niekt\u00f3re kraje afryka\u0144skie.<\/p>\n\n<p>Ale nie chodzi tylko o gospodark\u0119. Wed\u0142ug Jima Carra, ministra handlu mi\u0119dzynarodowego, mi\u0119dzynarodowi studenci przyczyniaj\u0105 si\u0119 do mi\u0119dzynarodowej reputacji Kanady. Wed\u0142ug niego &#8222;do\u015bwiadczaj\u0105 oni dobrych kanadyjskich instytucji&#8221; i dzia\u0142aj\u0105 jako &#8222;prawdziwi ambasadorzy Kanady&#8221;, kiedy wracaj\u0105 do swoich kraj\u00f3w. Ponadto program ten pomaga r\u00f3wnie\u017c przyci\u0105gn\u0105\u0107 do Kanady m\u0142ode talenty po uko\u0144czeniu studi\u00f3w wy\u017cszych. Cz\u0119sto osiedlaj\u0105 si\u0119 w Kanadzie na sta\u0142e i przyczyniaj\u0105 si\u0119 do rozwoju gospodarki narodowej. <br\/><br\/><\/p>\n\n<h2 class=\"wp-block-heading\">Studia w Kanadzie: ubieganie si\u0119 o zezwolenie na nauk\u0119<\/h2>\n\n<p>Je\u015bli i Ciebie kusi studiowanie za granic\u0105, to Kraj Klon\u00f3w mo\u017ce by\u0107 dla Ciebie. Jednak w przypadku studi\u00f3w uniwersyteckich nale\u017cy wcze\u015bniej <a href=\"https:\/\/ave-eta-canada.com\/pl\/czas-na-uzyskanie-eta-dla-kanady\/\">uzyska\u0107 pozwolenie na nauk\u0119<\/a>, niezale\u017cnie od instytucji, na kt\u00f3rej si\u0119 studiuje (Uniwersytet Laval, Uniwersytet Sherbrooke, Uniwersytet w Ottawie, Hec Montr\u00e9al itp.) Pozwolenie na nauk\u0119 jest dokumentem wydawanym przez IRCC (Immigration, Refugees and Citizenship Canada).<\/p>\n\n<p>Przed z\u0142o\u017ceniem wniosku o zezwolenie na nauk\u0119 upewnij si\u0119, \u017ce spe\u0142niasz kryteria uprawniaj\u0105ce do otrzymania tego dokumentu, aby m\u00f3c<a href=\"https:\/\/ave-eta-canada.com\/pl\/pozwolenie-na-prace-w-kanadzie\/\"> studiowa\u0107 w Kanadzie<\/a>. W zwi\u0105zku z tym przysz\u0142y student musi :<\/p>\n\n<ul class=\"wp-block-list\"><li>zosta\u0142y przyj\u0119te do instytucji edukacyjnej z siedzib\u0105 w Kanadzie i posiadaj\u0105 list akceptacyjny; <\/li><li>udowodni\u0107, \u017ce posiadaj\u0105 wystarczaj\u0105ce \u015brodki finansowe na zaspokojenie swoich potrzeb podczas pierwszego roku studi\u00f3w (zakwaterowanie, op\u0142aty szkolne itp.);<\/li><li>mie\u0107 czyst\u0105 kartotek\u0119 kryminaln\u0105;<\/li><li>by\u0107 zdrowym.<\/li><\/ul>\n\n<p>Aby ubiega\u0107 si\u0119 o zezwolenie na nauk\u0119, wystarczy wype\u0142ni\u0107 <a href=\"https:\/\/ave-eta-canada.com\/pl\/wypelnienie-formularza-eta-kanady\/\">formularz online<\/a> lub papierowy. W przypadku tej drugiej opcji, formularz nale\u017cy wys\u0142a\u0107 do biura obs\u0142ugi wizowej w Ambasadzie Kanady lub Konsulacie Generalnym.<\/p>\n","protected":false},"excerpt":{"rendered":"<p>Kanadyjski rz\u0105d chce przyci\u0105gn\u0105\u0107 wi\u0119cej mi\u0119dzynarodowych student\u00f3w Studenci mi\u0119dzynarodowi stanowi\u0105 istotny interes ekonomiczny dla gospodarki kanadyjskiej. Wed\u0142ug bada\u0144 w\u0142adz federalnych, zagraniczni studenci wygenerowali w 2016 roku 15,5 miliarda dolar\u00f3w. Z tego powodu kanadyjska administracja chce wzmocni\u0107 nap\u0142yw mi\u0119dzynarodowych student\u00f3w.W przypadku pobytu w Kanadzie kr\u00f3tszego ni\u017c 6 miesi\u0119cy: formalno\u015bci zwi\u0105zanych z wjazdem do Kanady mo\u017cna dope\u0142ni\u0107 [&hellip;]<\/p>\n","protected":false},"author":1,"featured_media":0,"parent":0,"menu_order":0,"comment_status":"closed","ping_status":"closed","template":"","meta":{"footnotes":""},"class_list":["post-4212","page","type-page","status-publish","hentry"],"yoast_head":"<!-- This site is optimized with the Yoast SEO plugin v26.9 - https:\/\/yoast.com\/product\/yoast-seo-wordpress\/ -->\n<title>Kanada: rz\u0105d chce wi\u0119cej zagranicznych student\u00f3w<\/title>\n<meta name=\"description\" content=\"Kanadyjski rz\u0105d planuje w najbli\u017cszych latach przyj\u0105\u0107 wi\u0119cej mi\u0119dzynarodowych student\u00f3w. B\u0119dzie to mia\u0142o istotny wp\u0142yw na gospodark\u0119.\" \/>\n<meta name=\"robots\" content=\"index, follow, max-snippet:-1, max-image-preview:large, max-video-preview:-1\" \/>\n<link rel=\"canonical\" href=\"https:\/\/ave-eta-canada.com\/pl\/kanada-rzad-chce-wiecej-studentow-i-obcokrajowcow\/\" \/>\n<meta property=\"og:locale\" content=\"pl_PL\" \/>\n<meta property=\"og:type\" content=\"article\" \/>\n<meta property=\"og:title\" content=\"Kanada: rz\u0105d chce wi\u0119cej zagranicznych student\u00f3w\" \/>\n<meta property=\"og:description\" content=\"Kanadyjski rz\u0105d planuje w najbli\u017cszych latach przyj\u0105\u0107 wi\u0119cej mi\u0119dzynarodowych student\u00f3w. B\u0119dzie to mia\u0142o istotny wp\u0142yw na gospodark\u0119.\" \/>\n<meta property=\"og:url\" content=\"https:\/\/ave-eta-canada.com\/pl\/kanada-rzad-chce-wiecej-studentow-i-obcokrajowcow\/\" \/>\n<meta property=\"og:site_name\" content=\"VISA CANADA\" \/>\n<meta property=\"article:modified_time\" content=\"2023-05-09T08:07:03+00:00\" \/>\n<meta name=\"twitter:card\" content=\"summary_large_image\" \/>\n<meta name=\"twitter:label1\" content=\"Szacowany czas czytania\" \/>\n\t<meta name=\"twitter:data1\" content=\"3 minuty\" \/>\n<script type=\"application\/ld+json\" class=\"yoast-schema-graph\">{\"@context\":\"https:\/\/schema.org\",\"@graph\":[{\"@type\":\"WebPage\",\"@id\":\"https:\/\/ave-eta-canada.com\/pl\/kanada-rzad-chce-wiecej-studentow-i-obcokrajowcow\/\",\"url\":\"https:\/\/ave-eta-canada.com\/pl\/kanada-rzad-chce-wiecej-studentow-i-obcokrajowcow\/\",\"name\":\"Kanada: rz\u0105d chce wi\u0119cej zagranicznych student\u00f3w\",\"isPartOf\":{\"@id\":\"https:\/\/ave-eta-canada.com\/pl\/#website\"},\"datePublished\":\"2023-04-18T14:41:48+00:00\",\"dateModified\":\"2023-05-09T08:07:03+00:00\",\"description\":\"Kanadyjski rz\u0105d planuje w najbli\u017cszych latach przyj\u0105\u0107 wi\u0119cej mi\u0119dzynarodowych student\u00f3w. B\u0119dzie to mia\u0142o istotny wp\u0142yw na gospodark\u0119.\",\"breadcrumb\":{\"@id\":\"https:\/\/ave-eta-canada.com\/pl\/kanada-rzad-chce-wiecej-studentow-i-obcokrajowcow\/#breadcrumb\"},\"inLanguage\":\"pl-PL\",\"potentialAction\":[{\"@type\":\"ReadAction\",\"target\":[\"https:\/\/ave-eta-canada.com\/pl\/kanada-rzad-chce-wiecej-studentow-i-obcokrajowcow\/\"]}]},{\"@type\":\"BreadcrumbList\",\"@id\":\"https:\/\/ave-eta-canada.com\/pl\/kanada-rzad-chce-wiecej-studentow-i-obcokrajowcow\/#breadcrumb\",\"itemListElement\":[{\"@type\":\"ListItem\",\"position\":1,\"name\":\"Home\",\"item\":\"https:\/\/ave-eta-canada.com\/pl\/\"},{\"@type\":\"ListItem\",\"position\":2,\"name\":\"Kanada: rz\u0105d chce wi\u0119cej zagranicznych student\u00f3w\"}]},{\"@type\":\"WebSite\",\"@id\":\"https:\/\/ave-eta-canada.com\/pl\/#website\",\"url\":\"https:\/\/ave-eta-canada.com\/pl\/\",\"name\":\"VISA CANADA\",\"description\":\"Autorisation Voyage Electronique\",\"potentialAction\":[{\"@type\":\"SearchAction\",\"target\":{\"@type\":\"EntryPoint\",\"urlTemplate\":\"https:\/\/ave-eta-canada.com\/pl\/?s={search_term_string}\"},\"query-input\":{\"@type\":\"PropertyValueSpecification\",\"valueRequired\":true,\"valueName\":\"search_term_string\"}}],\"inLanguage\":\"pl-PL\"}]}<\/script>\n<!-- \/ Yoast SEO plugin. -->","yoast_head_json":{"title":"Kanada: rz\u0105d chce wi\u0119cej zagranicznych student\u00f3w","description":"Kanadyjski rz\u0105d planuje w najbli\u017cszych latach przyj\u0105\u0107 wi\u0119cej mi\u0119dzynarodowych student\u00f3w. B\u0119dzie to mia\u0142o istotny wp\u0142yw na gospodark\u0119.","robots":{"index":"index","follow":"follow","max-snippet":"max-snippet:-1","max-image-preview":"max-image-preview:large","max-video-preview":"max-video-preview:-1"},"canonical":"https:\/\/ave-eta-canada.com\/pl\/kanada-rzad-chce-wiecej-studentow-i-obcokrajowcow\/","og_locale":"pl_PL","og_type":"article","og_title":"Kanada: rz\u0105d chce wi\u0119cej zagranicznych student\u00f3w","og_description":"Kanadyjski rz\u0105d planuje w najbli\u017cszych latach przyj\u0105\u0107 wi\u0119cej mi\u0119dzynarodowych student\u00f3w. B\u0119dzie to mia\u0142o istotny wp\u0142yw na gospodark\u0119.","og_url":"https:\/\/ave-eta-canada.com\/pl\/kanada-rzad-chce-wiecej-studentow-i-obcokrajowcow\/","og_site_name":"VISA CANADA","article_modified_time":"2023-05-09T08:07:03+00:00","twitter_card":"summary_large_image","twitter_misc":{"Szacowany czas czytania":"3 minuty"},"schema":{"@context":"https:\/\/schema.org","@graph":[{"@type":"WebPage","@id":"https:\/\/ave-eta-canada.com\/pl\/kanada-rzad-chce-wiecej-studentow-i-obcokrajowcow\/","url":"https:\/\/ave-eta-canada.com\/pl\/kanada-rzad-chce-wiecej-studentow-i-obcokrajowcow\/","name":"Kanada: rz\u0105d chce wi\u0119cej zagranicznych student\u00f3w","isPartOf":{"@id":"https:\/\/ave-eta-canada.com\/pl\/#website"},"datePublished":"2023-04-18T14:41:48+00:00","dateModified":"2023-05-09T08:07:03+00:00","description":"Kanadyjski rz\u0105d planuje w najbli\u017cszych latach przyj\u0105\u0107 wi\u0119cej mi\u0119dzynarodowych student\u00f3w. B\u0119dzie to mia\u0142o istotny wp\u0142yw na gospodark\u0119.","breadcrumb":{"@id":"https:\/\/ave-eta-canada.com\/pl\/kanada-rzad-chce-wiecej-studentow-i-obcokrajowcow\/#breadcrumb"},"inLanguage":"pl-PL","potentialAction":[{"@type":"ReadAction","target":["https:\/\/ave-eta-canada.com\/pl\/kanada-rzad-chce-wiecej-studentow-i-obcokrajowcow\/"]}]},{"@type":"BreadcrumbList","@id":"https:\/\/ave-eta-canada.com\/pl\/kanada-rzad-chce-wiecej-studentow-i-obcokrajowcow\/#breadcrumb","itemListElement":[{"@type":"ListItem","position":1,"name":"Home","item":"https:\/\/ave-eta-canada.com\/pl\/"},{"@type":"ListItem","position":2,"name":"Kanada: rz\u0105d chce wi\u0119cej zagranicznych student\u00f3w"}]},{"@type":"WebSite","@id":"https:\/\/ave-eta-canada.com\/pl\/#website","url":"https:\/\/ave-eta-canada.com\/pl\/","name":"VISA CANADA","description":"Autorisation Voyage Electronique","potentialAction":[{"@type":"SearchAction","target":{"@type":"EntryPoint","urlTemplate":"https:\/\/ave-eta-canada.com\/pl\/?s={search_term_string}"},"query-input":{"@type":"PropertyValueSpecification","valueRequired":true,"valueName":"search_term_string"}}],"inLanguage":"pl-PL"}]}},"_links":{"self":[{"href":"https:\/\/ave-eta-canada.com\/pl\/wp-json\/wp\/v2\/pages\/4212","targetHints":{"allow":["GET"]}}],"collection":[{"href":"https:\/\/ave-eta-canada.com\/pl\/wp-json\/wp\/v2\/pages"}],"about":[{"href":"https:\/\/ave-eta-canada.com\/pl\/wp-json\/wp\/v2\/types\/page"}],"author":[{"embeddable":true,"href":"https:\/\/ave-eta-canada.com\/pl\/wp-json\/wp\/v2\/users\/1"}],"replies":[{"embeddable":true,"href":"https:\/\/ave-eta-canada.com\/pl\/wp-json\/wp\/v2\/comments?post=4212"}],"version-history":[{"count":0,"href":"https:\/\/ave-eta-canada.com\/pl\/wp-json\/wp\/v2\/pages\/4212\/revisions"}],"wp:attachment":[{"href":"https:\/\/ave-eta-canada.com\/pl\/wp-json\/wp\/v2\/media?parent=4212"}],"curies":[{"name":"wp","href":"https:\/\/api.w.org\/{rel}","templated":true}]}}