{"id":4214,"date":"2023-04-18T14:41:48","date_gmt":"2023-04-18T14:41:48","guid":{"rendered":"https:\/\/ave-eta-canada.com\/praktyczny-przewodnik-po-podrozy-po-kanadzie\/"},"modified":"2023-05-08T22:06:59","modified_gmt":"2023-05-08T22:06:59","slug":"praktyczny-przewodnik-po-podrozy-po-kanadzie","status":"publish","type":"page","link":"https:\/\/ave-eta-canada.com\/pl\/praktyczny-przewodnik-po-podrozy-po-kanadzie\/","title":{"rendered":"Praktyczny przewodnik po podr\u00f3\u017cowaniu po Kanadzie"},"content":{"rendered":"\n<h1 class=\"wp-block-heading\">Podr\u00f3\u017cowanie do Kanady: informacje praktyczne<\/h1>\n\n<p><strong>W przypadku pobytu w Kanadzie kr\u00f3tszego ni\u017c 6 miesi\u0119cy<\/strong>: formalno\u015bci zwi\u0105zanych z wjazdem do Kanady mo\u017cna dope\u0142ni\u0107 bezpo\u015brednio przez Internet, klikaj\u0105c na <a href=\"https:\/\/ave-eta-canada.com\/pl\/eta-kanada-formularz-online\/\">formularz online<\/a>. Nie jest konieczne umawianie si\u0119 na spotkanie w ambasadzie lub konsulacie Kanady.<\/p>\n\n<p>Niezale\u017cnie od tego, czy jeste\u015b mi\u0142o\u015bnikiem przyrody, czy fanem gigantyzmu p\u00f3\u0142nocnoameryka\u0144skich miast, Kanada jest dla Ciebie! Aby pom\u00f3c Ci przygotowa\u0107 si\u0119 do podr\u00f3\u017cy przez Atlantyk, w tym artykule znajdziesz wszystkie informacje, kt\u00f3re musisz wiedzie\u0107 przed podr\u00f3\u017c\u0105 do Kanady.  <\/p>\n\n<p>Kiedy jecha\u0107? Co robi\u0107? Jakie <a href=\"https:\/\/ave-eta-canada.com\/pl\/faq-eta-kanada-odpowiedzi-na-twoje-pytania\/\">dokumenty s\u0105 wymagane<\/a> przed wej\u015bciem na pok\u0142ad? Odpowiedzi znajduj\u0105 si\u0119 poni\u017cej.<\/p>\n\n<h2 class=\"wp-block-heading\"><br\/>Kiedy jest najlepszy czas na podr\u00f3\u017c do Kanady?<\/h2>\n\n<p>Ze wzgl\u0119du na sw\u00f3j kontynentalny klimat, Kanada do\u015bwiadcza znacznych zmian temperatury mi\u0119dzy porami roku. Og\u00f3lnie rzecz bior\u0105c, zimy s\u0105 do\u015b\u0107 surowe z temperaturami poni\u017cej zera, a w niekt\u00f3rych regionach nie jest rzadko\u015bci\u0105, \u017ce w \u015brodku stycznia termometr wskazuje -20\u00b0C. Natomiast lata s\u0105 stosunkowo gor\u0105ce, w sierpniu temperatury wzrastaj\u0105 do 30\u00b0C.<\/p>\n\n<p>W rzeczywisto\u015bci, jak zobaczymy, nie ma najlepszego czasu na <a href=\"https:\/\/ave-eta-canada.com\/pl\/praktyczny-przewodnik-po-podrozy-po-kanadzie\/\">podr\u00f3\u017c do Kanady<\/a>: wszystko zale\u017cy od twojego projektu.<\/p>\n\n<h3 class=\"wp-block-heading\">Pobyt w Kanadzie zim\u0105<\/h3>\n\n<p>Je\u015bli interesuj\u0105 Ci\u0119 sporty zimowe, najlepszym okresem na podr\u00f3\u017c do Kanady jest niew\u0105tpliwie okres od listopada do lutego. W tym okresie jest wiele rzeczy do zrobienia: jazda na nartach, przeja\u017cd\u017cki skuterami \u015bnie\u017cnymi, psie zaprz\u0119gi, rakiety \u015bnie\u017cne&#8230; Kr\u00f3tko m\u00f3wi\u0105c, je\u015bli jeste\u015b fanem \u015bniegu i aktywno\u015bci na \u015bwie\u017cym powietrzu, nie b\u0119dziesz si\u0119 nudzi\u0142.<\/p>\n\n<h3 class=\"wp-block-heading\">Zwiedzanie Kanady latem<\/h3>\n\n<p>Oczywi\u015bcie lato sprzyja tak\u017ce aktywno\u015bci na \u015bwie\u017cym powietrzu: w\u0119dr\u00f3wkom po parkach narodowych, biwakom, sp\u0142ywom kajakowym itp. R\u00f3wnolegle w tym okresie organizowane s\u0105 liczne imprezy kulturalne. Szczeg\u00f3lnie dotyczy to Quebec City i Montrealu, gdzie przez ca\u0142y sezon letni odbywaj\u0105 si\u0119 festiwale. Dla mi\u0142o\u015bnik\u00f3w jazzu nie przegap Mi\u0119dzynarodowego Festiwalu Jazzowego, kt\u00f3ry odbywa si\u0119 w Montrealu co roku mi\u0119dzy czerwcem a lipcem.<\/p>\n\n<p>Je\u015bli zdecydujesz si\u0119 na wyjazd do Quebecu latem, radzimy odwiedzi\u0107 Tadoussac, kt\u00f3re jest najstarsz\u0105 wiosk\u0105 w Quebecu. G\u0142\u00f3wn\u0105 atrakcj\u0105 tego miejsca jest obserwacja s\u0142ynnych niebieskich wieloryb\u00f3w. Je\u015bli zdecydujesz si\u0119 na rejs morski, b\u0119dziesz m\u00f3g\u0142 podziwia\u0107 bogactwo lokalnej fauny morskiej (delfiny, belugi, foki, mor\u015bwiny, orki itp.).<\/p>\n\n<h3 class=\"wp-block-heading\">Wyjazd do Kanady jesieni\u0105<\/h3>\n\n<p>Podr\u00f3\u017cowanie do Kanady jesieni\u0105 to bardzo dobry kompromis. Od Vancouver do Quebec City b\u0119dziesz cieszy\u0107 si\u0119 dniami, kt\u00f3re s\u0105 prawie tak s\u0142oneczne jak latem i temperaturami, kt\u00f3re s\u0105 stosunkowo \u0142agodne, ale nie przekraczaj\u0105 20\u00b0C.  <\/p>\n\n<p>Dla mi\u0142o\u015bnik\u00f3w fotografii pobyt w Kanadzie podczas indyjskiego lata jest idealny. Zmieniaj\u0105ce si\u0119 kolory li\u015bci klonu zapewni\u0105 czaruj\u0105cy spektakl. Je\u015bli chcecie w pe\u0142ni wykorzysta\u0107 to zjawisko, radzimy wybra\u0107 si\u0119 do las\u00f3w borealnych w Quebecu, zostaniecie podporz\u0105dkowani tym cudownym krajobrazom malowanym kolorami jesieni.<\/p>\n\n<p>Sezon ten jest r\u00f3wnie\u017c idealny do obserwowania migracji g\u0119si \u015bnie\u017cnych z region\u00f3w arktycznych wzd\u0142u\u017c s\u0142ynnej Rzeki \u015awi\u0119tego Wawrzy\u0144ca do Stan\u00f3w Zjednoczonych.  <\/p>\n\n<h2 class=\"wp-block-heading\"><br\/>Podr\u00f3\u017cowanie po Kanadzie: co warto zwiedzi\u0107?<\/h2>\n\n<p>Ogrom Kanady pozostawia niezliczone mo\u017cliwo\u015bci zwiedzania. Je\u015bli szukasz zmiany scenerii, nie mog\u0142e\u015b lepiej wybra\u0107 miejsca przeznaczenia! Szerokie otwarte przestrzenie, wyj\u0105tkowe bogactwo dzikiej przyrody, sporty na \u015bwie\u017cym powietrzu, ogromne i t\u0119tni\u0105ce \u017cyciem miasta, ka\u017cdy znajdzie tu co\u015b dla siebie! Aby wyjecha\u0107 z g\u0142ow\u0105 pe\u0142n\u0105 niezapomnianych wspomnie\u0144, wybrali\u015bmy dla Was list\u0119 najwa\u017cniejszych miejsc, kt\u00f3re warto odwiedzi\u0107.<\/p>\n\n<h3 class=\"wp-block-heading\">Montreal<\/h3>\n\n<p>Jako najwi\u0119ksze miasto w prowincji Quebec, nie mo\u017cna wybra\u0107 si\u0119 do Kanady bez zatrzymania si\u0119 w Montrealu. Wielokulturowe i kosmopolityczne miasto, Montreal oferuje szerok\u0105 gam\u0119 zaj\u0119\u0107 i miejsc do odwiedzenia.<\/p>\n\n<p>Na pocz\u0105tek polecamy spacer po dzielnicy Old Montreal. Granicz\u0105ca z rzek\u0105 \u015bw. Wawrzy\u0144ca, ta XVII-wieczna dzielnica jest szczeg\u00f3lnie popularna dzi\u0119ki licznym placom, kt\u00f3re t\u0119tni\u0105 dzia\u0142alno\u015bci\u0105 uroczych kawiarenek i sklep\u00f3w. G\u0142\u00f3wnym punktem zainteresowania w Starym Montrealu jest niew\u0105tpliwie Bazylika Notre-Dame, imponuj\u0105ca budowla w stylu neogotyckim. Je\u015bli chcesz cieszy\u0107 si\u0119 widokiem na ca\u0142y \u015awi\u0119ty Wawrzyniec, nie wahaj si\u0119 uda\u0107 na s\u0142ynn\u0105 Wie\u017c\u0119 Zegarow\u0105, znajduj\u0105c\u0105 si\u0119 w starym porcie w Montrealu. Zanim dotrzesz na szczyt tego pomnika, b\u0119dziesz musia\u0142 pokona\u0107 192 stopnie, ale ten wysi\u0142ek jest wart wyj\u0105tkowego widoku oferowanego na ko\u0144cu!  <\/p>\n\n<h3 class=\"wp-block-heading\">Quebec<\/h3>\n\n<p>Kiedy my\u015blisz o podr\u00f3\u017cy do Quebecu, my\u015blisz o Quebec City. Drugie co do wielko\u015bci miasto w prowincji Quebec, Quebec City zdo\u0142a\u0142o przez lata zachowa\u0107 swoj\u0105 autentyczno\u015b\u0107, dlatego jest wpisane na list\u0119 \u015bwiatowego dziedzictwa UNESCO. W mie\u015bcie panuje ciep\u0142a atmosfera, dzi\u0119ki starym domom i licznym w\u0105skim uliczkom. Jego styl nawi\u0105zuje do francuskiej architektury.<\/p>\n\n<h3 class=\"wp-block-heading\">Wodospad Niagara  <\/h3>\n\n<p>Uwa\u017cany za jedn\u0105 z najwi\u0119kszych atrakcji Kanady, wodospad Niagara jest obowi\u0105zkowym punktem podczas wizyty w Maple Country! W zale\u017cno\u015bci od nastroju, wodospad mo\u017cna podziwia\u0107 na kilka sposob\u00f3w: \u0142odzi\u0105, wind\u0105, na tarasie widokowym, a nawet helikopterem!<\/p>\n\n<h3 class=\"wp-block-heading\">Toronto<\/h3>\n\n<p>Miasto Toronto po\u0142o\u017cone jest w pobli\u017cu wodospadu Niagara. Po ich podziwianiu skorzystaj z okazji, by zwiedzi\u0107 najwi\u0119ksze miasto Kanady. Je\u015bli kiedykolwiek by\u0142e\u015b w Nowym Jorku, zaskoczy Ci\u0119 du\u017ce podobie\u0144stwo mi\u0119dzy tymi dwoma miastami.<\/p>\n\n<p>G\u0142\u00f3wn\u0105 atrakcj\u0105 Toronto jest wjazd na CN Tower. Ze szczytu swoich 113 pi\u0119ter wie\u017ca ta oferuje niezwyk\u0142y widok na miasto i jego okolice. Bardziej odwa\u017cni mog\u0105 nawet podziwia\u0107 widok z panoramicznego tarasu z przezroczyst\u0105 szklan\u0105 pod\u0142og\u0105!<\/p>\n\n<h3 class=\"wp-block-heading\">Park Narodowy Banff<\/h3>\n\n<p>Po\u0142o\u017cony w sercu Kanadyjskich G\u00f3r Skalistych, Park Narodowy Banff oferuje jedne z najpi\u0119kniejszych krajobraz\u00f3w w Kanadzie. Park jest domem dla kilku osza\u0142amiaj\u0105co pi\u0119knych jezior lodowcowych, w tym Lake Louise i Lake Moraine, kt\u00f3re s\u0105 dwoma najcz\u0119\u015bciej fotografowanymi jeziorami na \u015bwiecie. Aby podziwia\u0107 ten naturalny spektakl i hipnotyzuj\u0105cy turkusowy b\u0142\u0119kit wody, wok\u00f3\u0142 jezior znajduje si\u0119 wiele szlak\u00f3w turystycznych. To od Ciebie zale\u017cy, czy stworzysz zdj\u0119cie swoich marze\u0144!  <\/p>\n\n<h3 class=\"wp-block-heading\">Park Narodowy Jasper<\/h3>\n\n<p>Najwi\u0119kszy park narodowy w G\u00f3rach Skalistych, Jasper jest znany z wodospadu Athabasca, kt\u00f3ry pochodzi z lodowca Athabasca. Je\u015bli szukasz spektakularnych widok\u00f3w, polecamy wycieczk\u0119 do Kanionu Maligne lub w\u0119dr\u00f3wk\u0119 wok\u00f3\u0142 jezior Maligne i Medicine.  <\/p>\n\n<h3 class=\"wp-block-heading\">Spacer po lodowcu<\/h3>\n\n<p>Powszechnie znana jako Icefield Parkways, jest jedn\u0105 z najpi\u0119kniejszych tras widokowych Kanady. Szkoda by\u0142oby przegapi\u0107 majestatyczn\u0105 sceneri\u0119, kt\u00f3r\u0105 oferuje! Trasa o d\u0142ugo\u015bci 230 km przebiega przez kilka park\u00f3w narodowych i ma po drodze wiele punkt\u00f3w widokowych. Jeziora, rzeki, lodowce, kaniony, wodospady, nie b\u0119dziesz w stanie oprze\u0107 si\u0119 r\u00f3\u017cnorodno\u015bci krajobraz\u00f3w, kt\u00f3re ta trasa ma do zaoferowania.<\/p>\n\n<h2 class=\"wp-block-heading\"><br\/>Wyjazd do Kanady: nie zapomnij o zezwoleniu na pobyt<\/h2>\n\n<p>Podobnie jak w przypadku USA, nie mo\u017cna podr\u00f3\u017cowa\u0107 do Kanady bez zezwolenia na podr\u00f3\u017c. Istnieje wiele r\u00f3\u017cnych dokument\u00f3w podr\u00f3\u017cy, ale najcz\u0119\u015bciej wydawanym jest AVE.<\/p>\n\n<h3 class=\"wp-block-heading\">Co to jest EVA?<\/h3>\n\n<p>Je\u015bli Twoja podr\u00f3\u017c do Kanady nie przekracza 6 kolejnych miesi\u0119cy, prawdopodobnie kwalifikujesz si\u0119 do otrzymania ETA (Electronic Travel Authorization). Znany r\u00f3wnie\u017c jako eTA w j\u0119zyku angielskim, AVE Canada jest zezwoleniem na pobyt pozwalaj\u0105cym uprawnionym zagranicznym podr\u00f3\u017cnym na podr\u00f3\u017cowanie do Kanady bez wizy.<\/p>\n\n<p>Ten dokument podr\u00f3\u017cy nie jest wydawany wszystkim obywatelom. Aby z\u0142o\u017cy\u0107 wniosek, musisz spe\u0142ni\u0107 pewne <a href=\"https:\/\/ave-eta-canada.com\/pl\/wszystko-o-warunkach-podrozy-do-kanady\/\">wymagania kwalifikacyjne w Kanadzie<\/a>, okre\u015blone przez rz\u0105d kanadyjski:<\/p>\n\n<ul class=\"wp-block-list\"><li>By\u0107 obywatelem kraju cz\u0142onkowskiego programu bezwizowego (obejmuje to m.in. wszystkie kraje UE);  <\/li><li>Pobyt w Kanadzie do 6 miesi\u0119cy;<\/li><li>Podr\u00f3\u017cowanie w celach turystycznych, s\u0142u\u017cbowych lub tranzytowych po Kanadzie;<\/li><li>Posiada\u0107 wa\u017cny paszport.<\/li><\/ul>\n\n<p>Ubieganie si\u0119 o ten dokument jest proste: nale\u017cy wype\u0142ni\u0107 formularz online na stronie <a href=\"https:\/\/www.canada.ca\/en.html\">rz\u0105du kanadyjskiego<\/a> lub na stronie g\u0142\u00f3wnej tej witryny. Oczywi\u015bcie twoje akta zostan\u0105 zbadane przez w\u0142adze kanadyjskie, aby upewni\u0107 si\u0119, \u017ce nie stanowisz zagro\u017cenia dla bezpiecze\u0144stwa wewn\u0119trznego kraju. Nie martw si\u0119 jednak, wi\u0119kszo\u015b\u0107 wniosk\u00f3w jest zatwierdzana w ci\u0105gu kilku dni od wys\u0142ania pro\u015bby!  <\/p>\n\n<p>Je\u015bli planujesz wyjazd do Kanady na sta\u017c, studia lub nawet prac\u0119, <a href=\"https:\/\/ave-eta-canada.com\/pl\/\">etA<\/a> nie b\u0119dzie Ci\u0119 dotyczy\u0107, b\u0119dziesz musia\u0142 uzyska\u0107 inny dokument podr\u00f3\u017cy.<\/p>\n\n<h3 class=\"wp-block-heading\">Nie kwalifikuj\u0119 si\u0119 do AVE: o jaki dokument mog\u0119 si\u0119 ubiega\u0107, aby wjecha\u0107 do Kanady?<\/h3>\n\n<p>Je\u015bli nie kwalifikujesz si\u0119 do AVE, potrzebujesz wizy kanadyjskiej. Ta ostatnia r\u00f3\u017cni si\u0119 w zale\u017cno\u015bci od charakteru pobytu w Kanadzie.<\/p>\n\n<p>Je\u015bli chcesz pracowa\u0107, b\u0119dziesz musia\u0142 uzyska\u0107 pozwolenie na prac\u0119. Je\u015bli masz mniej ni\u017c 36 lat, mo\u017cesz ubiega\u0107 si\u0119 o <a href=\"https:\/\/ave-eta-canada.com\/pl\/pozwolenie-na-prace-w-kanadzie\/\">pozwolenie na prac\u0119<\/a> (WHP). Dokument ten pozwoli Ci na legaln\u0105 prac\u0119, a jednocze\u015bnie umo\u017cliwi Ci zwiedzanie Kanady i korzystanie z wakacji wed\u0142ug w\u0142asnego uznania.<\/p>\n\n<p>Studenci zagraniczni musz\u0105 ubiega\u0107 si\u0119 o wiz\u0119. Je\u015bli taki jest Tw\u00f3j plan, radzimy skontaktowa\u0107 si\u0119 z ambasad\u0105 lub konsulatem Kanady, aby uzyska\u0107 wi\u0119cej informacji na temat formalno\u015bci, kt\u00f3rych nale\u017cy dope\u0142ni\u0107, a tak\u017ce je\u015bli chcesz odby\u0107 praktyk\u0119 w Kanadzie.  <\/p>\n","protected":false},"excerpt":{"rendered":"<p>Podr\u00f3\u017cowanie do Kanady: informacje praktyczne W przypadku pobytu w Kanadzie kr\u00f3tszego ni\u017c 6 miesi\u0119cy: formalno\u015bci zwi\u0105zanych z wjazdem do Kanady mo\u017cna dope\u0142ni\u0107 bezpo\u015brednio przez Internet, klikaj\u0105c na formularz online. Nie jest konieczne umawianie si\u0119 na spotkanie w ambasadzie lub konsulacie Kanady. Niezale\u017cnie od tego, czy jeste\u015b mi\u0142o\u015bnikiem przyrody, czy fanem gigantyzmu p\u00f3\u0142nocnoameryka\u0144skich miast, Kanada jest [&hellip;]<\/p>\n","protected":false},"author":1,"featured_media":0,"parent":0,"menu_order":0,"comment_status":"closed","ping_status":"closed","template":"","meta":{"footnotes":""},"class_list":["post-4214","page","type-page","status-publish","hentry"],"yoast_head":"<!-- This site is optimized with the Yoast SEO plugin v26.9 - https:\/\/yoast.com\/product\/yoast-seo-wordpress\/ -->\n<title>Praktyczny przewodnik po podr\u00f3\u017cowaniu po Kanadzie<\/title>\n<meta name=\"description\" content=\"Planujesz w najbli\u017cszym czasie podr\u00f3\u017c do Kanady? W tym przewodniku znajdziesz wszystkie praktyczne informacje potrzebne do zorganizowania tego d\u0142ugo wyczekiwanego wyjazdu.\" \/>\n<meta name=\"robots\" content=\"index, follow, max-snippet:-1, max-image-preview:large, max-video-preview:-1\" \/>\n<link rel=\"canonical\" href=\"https:\/\/ave-eta-canada.com\/pl\/praktyczny-przewodnik-po-podrozy-po-kanadzie\/\" \/>\n<meta property=\"og:locale\" content=\"pl_PL\" \/>\n<meta property=\"og:type\" content=\"article\" \/>\n<meta property=\"og:title\" content=\"Praktyczny przewodnik po podr\u00f3\u017cowaniu po Kanadzie\" \/>\n<meta property=\"og:description\" content=\"Planujesz w najbli\u017cszym czasie podr\u00f3\u017c do Kanady? W tym przewodniku znajdziesz wszystkie praktyczne informacje potrzebne do zorganizowania tego d\u0142ugo wyczekiwanego wyjazdu.\" \/>\n<meta property=\"og:url\" content=\"https:\/\/ave-eta-canada.com\/pl\/praktyczny-przewodnik-po-podrozy-po-kanadzie\/\" \/>\n<meta property=\"og:site_name\" content=\"VISA CANADA\" \/>\n<meta property=\"article:modified_time\" content=\"2023-05-08T22:06:59+00:00\" \/>\n<meta name=\"twitter:card\" content=\"summary_large_image\" \/>\n<meta name=\"twitter:label1\" content=\"Szacowany czas czytania\" \/>\n\t<meta name=\"twitter:data1\" content=\"8 minut\" \/>\n<script type=\"application\/ld+json\" class=\"yoast-schema-graph\">{\"@context\":\"https:\/\/schema.org\",\"@graph\":[{\"@type\":\"WebPage\",\"@id\":\"https:\/\/ave-eta-canada.com\/pl\/praktyczny-przewodnik-po-podrozy-po-kanadzie\/\",\"url\":\"https:\/\/ave-eta-canada.com\/pl\/praktyczny-przewodnik-po-podrozy-po-kanadzie\/\",\"name\":\"Praktyczny przewodnik po podr\u00f3\u017cowaniu po Kanadzie\",\"isPartOf\":{\"@id\":\"https:\/\/ave-eta-canada.com\/pl\/#website\"},\"datePublished\":\"2023-04-18T14:41:48+00:00\",\"dateModified\":\"2023-05-08T22:06:59+00:00\",\"description\":\"Planujesz w najbli\u017cszym czasie podr\u00f3\u017c do Kanady? W tym przewodniku znajdziesz wszystkie praktyczne informacje potrzebne do zorganizowania tego d\u0142ugo wyczekiwanego wyjazdu.\",\"breadcrumb\":{\"@id\":\"https:\/\/ave-eta-canada.com\/pl\/praktyczny-przewodnik-po-podrozy-po-kanadzie\/#breadcrumb\"},\"inLanguage\":\"pl-PL\",\"potentialAction\":[{\"@type\":\"ReadAction\",\"target\":[\"https:\/\/ave-eta-canada.com\/pl\/praktyczny-przewodnik-po-podrozy-po-kanadzie\/\"]}]},{\"@type\":\"BreadcrumbList\",\"@id\":\"https:\/\/ave-eta-canada.com\/pl\/praktyczny-przewodnik-po-podrozy-po-kanadzie\/#breadcrumb\",\"itemListElement\":[{\"@type\":\"ListItem\",\"position\":1,\"name\":\"Home\",\"item\":\"https:\/\/ave-eta-canada.com\/pl\/\"},{\"@type\":\"ListItem\",\"position\":2,\"name\":\"Praktyczny przewodnik po podr\u00f3\u017cowaniu po Kanadzie\"}]},{\"@type\":\"WebSite\",\"@id\":\"https:\/\/ave-eta-canada.com\/pl\/#website\",\"url\":\"https:\/\/ave-eta-canada.com\/pl\/\",\"name\":\"VISA CANADA\",\"description\":\"Autorisation Voyage Electronique\",\"potentialAction\":[{\"@type\":\"SearchAction\",\"target\":{\"@type\":\"EntryPoint\",\"urlTemplate\":\"https:\/\/ave-eta-canada.com\/pl\/?s={search_term_string}\"},\"query-input\":{\"@type\":\"PropertyValueSpecification\",\"valueRequired\":true,\"valueName\":\"search_term_string\"}}],\"inLanguage\":\"pl-PL\"}]}<\/script>\n<!-- \/ Yoast SEO plugin. -->","yoast_head_json":{"title":"Praktyczny przewodnik po podr\u00f3\u017cowaniu po Kanadzie","description":"Planujesz w najbli\u017cszym czasie podr\u00f3\u017c do Kanady? W tym przewodniku znajdziesz wszystkie praktyczne informacje potrzebne do zorganizowania tego d\u0142ugo wyczekiwanego wyjazdu.","robots":{"index":"index","follow":"follow","max-snippet":"max-snippet:-1","max-image-preview":"max-image-preview:large","max-video-preview":"max-video-preview:-1"},"canonical":"https:\/\/ave-eta-canada.com\/pl\/praktyczny-przewodnik-po-podrozy-po-kanadzie\/","og_locale":"pl_PL","og_type":"article","og_title":"Praktyczny przewodnik po podr\u00f3\u017cowaniu po Kanadzie","og_description":"Planujesz w najbli\u017cszym czasie podr\u00f3\u017c do Kanady? W tym przewodniku znajdziesz wszystkie praktyczne informacje potrzebne do zorganizowania tego d\u0142ugo wyczekiwanego wyjazdu.","og_url":"https:\/\/ave-eta-canada.com\/pl\/praktyczny-przewodnik-po-podrozy-po-kanadzie\/","og_site_name":"VISA CANADA","article_modified_time":"2023-05-08T22:06:59+00:00","twitter_card":"summary_large_image","twitter_misc":{"Szacowany czas czytania":"8 minut"},"schema":{"@context":"https:\/\/schema.org","@graph":[{"@type":"WebPage","@id":"https:\/\/ave-eta-canada.com\/pl\/praktyczny-przewodnik-po-podrozy-po-kanadzie\/","url":"https:\/\/ave-eta-canada.com\/pl\/praktyczny-przewodnik-po-podrozy-po-kanadzie\/","name":"Praktyczny przewodnik po podr\u00f3\u017cowaniu po Kanadzie","isPartOf":{"@id":"https:\/\/ave-eta-canada.com\/pl\/#website"},"datePublished":"2023-04-18T14:41:48+00:00","dateModified":"2023-05-08T22:06:59+00:00","description":"Planujesz w najbli\u017cszym czasie podr\u00f3\u017c do Kanady? W tym przewodniku znajdziesz wszystkie praktyczne informacje potrzebne do zorganizowania tego d\u0142ugo wyczekiwanego wyjazdu.","breadcrumb":{"@id":"https:\/\/ave-eta-canada.com\/pl\/praktyczny-przewodnik-po-podrozy-po-kanadzie\/#breadcrumb"},"inLanguage":"pl-PL","potentialAction":[{"@type":"ReadAction","target":["https:\/\/ave-eta-canada.com\/pl\/praktyczny-przewodnik-po-podrozy-po-kanadzie\/"]}]},{"@type":"BreadcrumbList","@id":"https:\/\/ave-eta-canada.com\/pl\/praktyczny-przewodnik-po-podrozy-po-kanadzie\/#breadcrumb","itemListElement":[{"@type":"ListItem","position":1,"name":"Home","item":"https:\/\/ave-eta-canada.com\/pl\/"},{"@type":"ListItem","position":2,"name":"Praktyczny przewodnik po podr\u00f3\u017cowaniu po Kanadzie"}]},{"@type":"WebSite","@id":"https:\/\/ave-eta-canada.com\/pl\/#website","url":"https:\/\/ave-eta-canada.com\/pl\/","name":"VISA CANADA","description":"Autorisation Voyage Electronique","potentialAction":[{"@type":"SearchAction","target":{"@type":"EntryPoint","urlTemplate":"https:\/\/ave-eta-canada.com\/pl\/?s={search_term_string}"},"query-input":{"@type":"PropertyValueSpecification","valueRequired":true,"valueName":"search_term_string"}}],"inLanguage":"pl-PL"}]}},"_links":{"self":[{"href":"https:\/\/ave-eta-canada.com\/pl\/wp-json\/wp\/v2\/pages\/4214","targetHints":{"allow":["GET"]}}],"collection":[{"href":"https:\/\/ave-eta-canada.com\/pl\/wp-json\/wp\/v2\/pages"}],"about":[{"href":"https:\/\/ave-eta-canada.com\/pl\/wp-json\/wp\/v2\/types\/page"}],"author":[{"embeddable":true,"href":"https:\/\/ave-eta-canada.com\/pl\/wp-json\/wp\/v2\/users\/1"}],"replies":[{"embeddable":true,"href":"https:\/\/ave-eta-canada.com\/pl\/wp-json\/wp\/v2\/comments?post=4214"}],"version-history":[{"count":0,"href":"https:\/\/ave-eta-canada.com\/pl\/wp-json\/wp\/v2\/pages\/4214\/revisions"}],"wp:attachment":[{"href":"https:\/\/ave-eta-canada.com\/pl\/wp-json\/wp\/v2\/media?parent=4214"}],"curies":[{"name":"wp","href":"https:\/\/api.w.org\/{rel}","templated":true}]}}