{"id":4217,"date":"2023-04-18T14:41:48","date_gmt":"2023-04-18T14:41:48","guid":{"rendered":"https:\/\/ave-eta-canada.com\/kiedy-ubiegac-sie-o-zezwolenie-dla-kanady\/"},"modified":"2023-05-08T21:22:45","modified_gmt":"2023-05-08T21:22:45","slug":"kiedy-ubiegac-sie-o-zezwolenie-dla-kanady","status":"publish","type":"page","link":"https:\/\/ave-eta-canada.com\/pl\/kiedy-ubiegac-sie-o-zezwolenie-dla-kanady\/","title":{"rendered":"Kiedy nale\u017cy z\u0142o\u017cy\u0107 wniosek o eTA dla Kanady?"},"content":{"rendered":"\n<h1 class=\"wp-block-heading\">Kiedy nale\u017cy z\u0142o\u017cy\u0107 wniosek o zezwolenie na podr\u00f3\u017c eTA?<\/h1>\n\n<p>Planuj\u0105c podr\u00f3\u017c do Kanady, przed wyruszeniem w podr\u00f3\u017c nale\u017cy koniecznie uzyska\u0107 kanadyjskie zezwolenie na podr\u00f3\u017c. <strong>W przypadku pobytu w Kanadzie kr\u00f3tszego ni\u017c 6 miesi\u0119cy<\/strong>: formalno\u015bci zwi\u0105zanych z wjazdem do Kanady mo\u017cna dope\u0142ni\u0107 bezpo\u015brednio przez Internet, klikaj\u0105c na <a href=\"https:\/\/ave-eta-canada.com\/pl\/eta-kanada-formularz-online\/\">formularz online<\/a>. <\/p>\n\n<p>Nie jest konieczne umawianie si\u0119 na spotkanie w ambasadzie lub konsulacie Kanady.<\/p>\n\n<p>Kanadyjskie upowa\u017cnienie do podr\u00f3\u017cy jest uwa\u017cane za do\u015b\u0107 \u0142atwe do uzyskania. Jakie s\u0105 terminy i \u015brodki ostro\u017cno\u015bci, kt\u00f3re nale\u017cy podj\u0105\u0107, aby unikn\u0105\u0107 odmowy wjazdu do Kanady?<\/p>\n\n<p><\/p>\n\n<h2 class=\"wp-block-heading\">Od kiedy i po co ubiega\u0107 si\u0119 o eTA?<\/h2>\n\n<p>Od 10 listopada 2016 roku rz\u0105d Kanady (dok\u0142adniej Ministerstwo Imigracji, Uchod\u017ac\u00f3w i Obywatelstwa Kanady) wprowadzi\u0142 elektroniczne zezwolenie na podr\u00f3\u017c zwane eTA, co ma na celu zagwarantowanie bezpiecze\u0144stwa wewn\u0119trznego kraju przy jednoczesnej promocji turystyki do Kanady.<\/p>\n\n<p>ETA uzyskuje si\u0119 poprzez formularz internetowy, kt\u00f3ry :<\/p>\n\n<ul class=\"wp-block-list\"><li>okre\u015bla uprawnienia podr\u00f3\u017cnych do wjazdu do Kanady bez wizy;<\/li><li>roz\u0142adowuje zatory w kanadyjskich ambasadach i u\u0142atwia odpraw\u0119 celn\u0105.<\/li><\/ul>\n\n<p>Wprowadzone systemy elektroniczne umo\u017cliwiaj\u0105 selekcj\u0119 podr\u00f3\u017cnych jeszcze przed ich przybyciem do Kanady.<br\/><br\/><\/p>\n\n<h2 class=\"wp-block-heading\">Kiedy konieczne jest wykonanie eTA?<\/h2>\n\n<p>Wniosek <a href=\"https:\/\/ave-eta-canada.com\/pl\/czy-eta-kanada-jest-obowiazkowa\/\">eTA jest wymagany<\/a> w przypadku os\u00f3b zwolnionych z obowi\u0105zku wizowego, kt\u00f3re zamierzaj\u0105 odwiedzi\u0107 Kanad\u0119 w celach turystycznych lub biznesowych na okres kr\u00f3tszy ni\u017c 6 miesi\u0119cy drog\u0105 lotnicz\u0105. Jest on r\u00f3wnie\u017c wymagany przy tranzycie przez Kanad\u0119.<\/p>\n\n<p>Zniesienie wiz dotyczy obywateli, kt\u00f3rych kraj ojczysty podpisa\u0142 umow\u0119 z rz\u0105dem Kanady. Obywatele Francji nale\u017c\u0105 do grona szcz\u0119\u015bliwc\u00f3w, ale musz\u0105 mie\u0107 wa\u017cny paszport (biometryczny lub elektroniczny).<\/p>\n\n<p>Posiadanie wa\u017cnego paszportu i eTA nie zwalnia z posiadania innych dokument\u00f3w podr\u00f3\u017cy np. Prawdopodobnie zostaniesz poproszony przez urz\u0119dnika imigracyjnego o bilet wyjazdowy (powrotny lub dalszy).<\/p>\n\n<p>Nale\u017cy pami\u0119ta\u0107, \u017ce je\u015bli zosta\u0142e\u015b wybrany do otrzymania zezwolenia na prac\u0119 w miejscu pracy (WHP), EVP jest zazwyczaj wydawane automatycznie. Sprawd\u017a w Ambasadzie Kanady.<br\/><br\/><\/p>\n\n<h2 class=\"wp-block-heading\">Kiedy nale\u017cy z\u0142o\u017cy\u0107 wniosek online?<\/h2>\n\n<p>Zalecamy <a href=\"https:\/\/ave-eta-canada.com\/pl\/wypelnienie-formularza-eta-kanady\/\">wype\u0142nienie formularza upowa\u017cnienia do <\/a>podr\u00f3\u017cy, gdy tylko planowana jest podr\u00f3\u017c do Kanady. Nie czekaj do ostatniej chwili, bo je\u015bli tw\u00f3j wniosek zostanie odrzucony, b\u0119dziesz musia\u0142 ubiega\u0107 si\u0119 o wiz\u0119 kanadyjsk\u0105. Jest to jednak bardziej czasoch\u0142onne i kosztowne.<\/p>\n\n<p>Formularz zg\u0142oszeniowy mo\u017cna wype\u0142ni\u0107 na oficjalnej stronie internetowej kanadyjskiego rz\u0105du. Je\u015bli chcesz uzyska\u0107 pomoc i zmniejszy\u0107 swoje ryzyko, radzimy wype\u0142ni\u0107 formularz naszego partnera.<\/p>\n\n<p>Aby wype\u0142ni\u0107 formularz eTA, nale\u017cy wpisa\u0107 dane paszportowe (numer paszportu, dat\u0119 wydania i wa\u017cno\u015bci), dane osobowe, szczeg\u00f3\u0142y dotycz\u0105ce pobytu w Kanadzie i wreszcie pochodzenie.<br\/><br\/><\/p>\n\n<h2 class=\"wp-block-heading\">Kiedy otrzymam odpowied\u017a na m\u00f3j wniosek eTA?<\/h2>\n\n<p>Generalnie <a>uzyskanie eTA<\/a> po z\u0142o\u017ceniu formularza trwa kilka minut. Otrzymasz potwierdzenie odbioru od Immigration Canada, a nast\u0119pnie drugi e-mail z odpowiedzi\u0105 na Tw\u00f3j wniosek. Na odpowied\u017a mo\u017ce jednak czeka\u0107 kilka dni.<\/p>\n\n<p>Status swojego wniosku mo\u017cna r\u00f3wnie\u017c sprawdzi\u0107 na stronie rz\u0105dowej, wpisuj\u0105c numer wniosku (znajduj\u0105cy si\u0119 na potwierdzeniu odbioru) oraz numer paszportu.<\/p>\n\n<p>Je\u015bli w ci\u0105gu 72 godzin nie otrzyma\u0142e\u015b potwierdzenia odbioru, skontaktuj si\u0119 z w\u0142adzami Kanady. Nie ma sensu pr\u00f3bowa\u0107 podr\u00f3\u017cowa\u0107 do Kanady bez zezwolenia, nie b\u0119dziesz m\u00f3g\u0142 nawet wej\u015b\u0107 na pok\u0142ad samolotu.<\/p>\n\n<h3 class=\"wp-block-heading\">Odrzucenie wniosku o zezwolenie na eTA<\/h3>\n\n<p>Wniosek o eTA jest odrzucany, je\u015bli nie spe\u0142niasz jednego z kryteri\u00f3w kwalifikowalno\u015bci. Je\u015bli nie kwalifikujesz si\u0119, musisz ubiega\u0107 si\u0119 o wiz\u0119 w s\u0142u\u017cbach konsularnych Ambasady Kanady lub Konsulatu Kanady, je\u015bli dotyczy. To, o jak\u0105 wiz\u0119 kanadyjsk\u0105 powiniene\u015b si\u0119 ubiega\u0107, zale\u017cy od charakteru Twojej podr\u00f3\u017cy.<\/p>\n\n<p>Gdy wniosek o ESTA zostanie odrzucony, mo\u017cna r\u00f3wnie\u017c sprawdzi\u0107, czy nie pope\u0142niono b\u0142\u0119du w formularzu wniosku. W takim przypadku masz prawo do z\u0142o\u017cenia nowego wniosku.<br\/><br\/><\/p>\n\n<h2 class=\"wp-block-heading\">Kiedy nale\u017cy odnowi\u0107 wniosek o wydanie zezwolenia na prac\u0119 w systemie eTA?<\/h2>\n\n<p><a href=\"https:\/\/ave-eta-canada.com\/pl\/okres-waznosci-eta-kanada-2\/\">Wa\u017cno\u015b\u0107 eTA wynosi 5 lat<\/a> lub do czasu wyga\u015bni\u0119cia paszportu, je\u015bli paszport jest wa\u017cny kr\u00f3cej. W okresie wa\u017cno\u015bci eTA mog\u0105 Pa\u0144stwo wielokrotnie odwiedza\u0107 Kanad\u0119 bez konieczno\u015bci ubiegania si\u0119 o nowe eTA i pod warunkiem przestrzegania maksymalnego czasu pobytu wynosz\u0105cego 6 miesi\u0119cy.<\/p>\n\n<p>Poniewa\u017c eTA jest powi\u0105zana z paszportem, oczywiste jest, \u017ce w przypadku otrzymania nowego paszportu konieczne b\u0119dzie z\u0142o\u017cenie nowego wniosku o wydanie zezwolenia. Nowy wniosek przebiega wed\u0142ug tej samej procedury co pierwszy wniosek.<\/p>\n","protected":false},"excerpt":{"rendered":"<p>Kiedy nale\u017cy z\u0142o\u017cy\u0107 wniosek o zezwolenie na podr\u00f3\u017c eTA? Planuj\u0105c podr\u00f3\u017c do Kanady, przed wyruszeniem w podr\u00f3\u017c nale\u017cy koniecznie uzyska\u0107 kanadyjskie zezwolenie na podr\u00f3\u017c. W przypadku pobytu w Kanadzie kr\u00f3tszego ni\u017c 6 miesi\u0119cy: formalno\u015bci zwi\u0105zanych z wjazdem do Kanady mo\u017cna dope\u0142ni\u0107 bezpo\u015brednio przez Internet, klikaj\u0105c na formularz online. Nie jest konieczne umawianie si\u0119 na spotkanie [&hellip;]<\/p>\n","protected":false},"author":1,"featured_media":0,"parent":0,"menu_order":0,"comment_status":"closed","ping_status":"closed","template":"","meta":{"footnotes":""},"class_list":["post-4217","page","type-page","status-publish","hentry"],"yoast_head":"<!-- This site is optimized with the Yoast SEO plugin v26.9 - https:\/\/yoast.com\/product\/yoast-seo-wordpress\/ -->\n<title>Kiedy nale\u017cy z\u0142o\u017cy\u0107 wniosek o eTA dla Kanady?<\/title>\n<meta name=\"description\" content=\"Przed wyjazdem do Kanady nale\u017cy przygotowa\u0107 wszystkie niezb\u0119dne dokumenty podr\u00f3\u017cy, w tym eTA. Tutaj dowiesz si\u0119, kiedy nale\u017cy z\u0142o\u017cy\u0107 wniosek o eTA.\" \/>\n<meta name=\"robots\" content=\"index, follow, max-snippet:-1, max-image-preview:large, max-video-preview:-1\" \/>\n<link rel=\"canonical\" href=\"https:\/\/ave-eta-canada.com\/pl\/kiedy-ubiegac-sie-o-zezwolenie-dla-kanady\/\" \/>\n<meta property=\"og:locale\" content=\"pl_PL\" \/>\n<meta property=\"og:type\" content=\"article\" \/>\n<meta property=\"og:title\" content=\"Kiedy nale\u017cy z\u0142o\u017cy\u0107 wniosek o eTA dla Kanady?\" \/>\n<meta property=\"og:description\" content=\"Przed wyjazdem do Kanady nale\u017cy przygotowa\u0107 wszystkie niezb\u0119dne dokumenty podr\u00f3\u017cy, w tym eTA. Tutaj dowiesz si\u0119, kiedy nale\u017cy z\u0142o\u017cy\u0107 wniosek o eTA.\" \/>\n<meta property=\"og:url\" content=\"https:\/\/ave-eta-canada.com\/pl\/kiedy-ubiegac-sie-o-zezwolenie-dla-kanady\/\" \/>\n<meta property=\"og:site_name\" content=\"VISA CANADA\" \/>\n<meta property=\"article:modified_time\" content=\"2023-05-08T21:22:45+00:00\" \/>\n<meta name=\"twitter:card\" content=\"summary_large_image\" \/>\n<meta name=\"twitter:label1\" content=\"Szacowany czas czytania\" \/>\n\t<meta name=\"twitter:data1\" content=\"4 minuty\" \/>\n<script type=\"application\/ld+json\" class=\"yoast-schema-graph\">{\"@context\":\"https:\/\/schema.org\",\"@graph\":[{\"@type\":\"WebPage\",\"@id\":\"https:\/\/ave-eta-canada.com\/pl\/kiedy-ubiegac-sie-o-zezwolenie-dla-kanady\/\",\"url\":\"https:\/\/ave-eta-canada.com\/pl\/kiedy-ubiegac-sie-o-zezwolenie-dla-kanady\/\",\"name\":\"Kiedy nale\u017cy z\u0142o\u017cy\u0107 wniosek o eTA dla Kanady?\",\"isPartOf\":{\"@id\":\"https:\/\/ave-eta-canada.com\/pl\/#website\"},\"datePublished\":\"2023-04-18T14:41:48+00:00\",\"dateModified\":\"2023-05-08T21:22:45+00:00\",\"description\":\"Przed wyjazdem do Kanady nale\u017cy przygotowa\u0107 wszystkie niezb\u0119dne dokumenty podr\u00f3\u017cy, w tym eTA. Tutaj dowiesz si\u0119, kiedy nale\u017cy z\u0142o\u017cy\u0107 wniosek o eTA.\",\"breadcrumb\":{\"@id\":\"https:\/\/ave-eta-canada.com\/pl\/kiedy-ubiegac-sie-o-zezwolenie-dla-kanady\/#breadcrumb\"},\"inLanguage\":\"pl-PL\",\"potentialAction\":[{\"@type\":\"ReadAction\",\"target\":[\"https:\/\/ave-eta-canada.com\/pl\/kiedy-ubiegac-sie-o-zezwolenie-dla-kanady\/\"]}]},{\"@type\":\"BreadcrumbList\",\"@id\":\"https:\/\/ave-eta-canada.com\/pl\/kiedy-ubiegac-sie-o-zezwolenie-dla-kanady\/#breadcrumb\",\"itemListElement\":[{\"@type\":\"ListItem\",\"position\":1,\"name\":\"Home\",\"item\":\"https:\/\/ave-eta-canada.com\/pl\/\"},{\"@type\":\"ListItem\",\"position\":2,\"name\":\"Kiedy nale\u017cy z\u0142o\u017cy\u0107 wniosek o eTA dla Kanady?\"}]},{\"@type\":\"WebSite\",\"@id\":\"https:\/\/ave-eta-canada.com\/pl\/#website\",\"url\":\"https:\/\/ave-eta-canada.com\/pl\/\",\"name\":\"VISA CANADA\",\"description\":\"Autorisation Voyage Electronique\",\"potentialAction\":[{\"@type\":\"SearchAction\",\"target\":{\"@type\":\"EntryPoint\",\"urlTemplate\":\"https:\/\/ave-eta-canada.com\/pl\/?s={search_term_string}\"},\"query-input\":{\"@type\":\"PropertyValueSpecification\",\"valueRequired\":true,\"valueName\":\"search_term_string\"}}],\"inLanguage\":\"pl-PL\"}]}<\/script>\n<!-- \/ Yoast SEO plugin. -->","yoast_head_json":{"title":"Kiedy nale\u017cy z\u0142o\u017cy\u0107 wniosek o eTA dla Kanady?","description":"Przed wyjazdem do Kanady nale\u017cy przygotowa\u0107 wszystkie niezb\u0119dne dokumenty podr\u00f3\u017cy, w tym eTA. Tutaj dowiesz si\u0119, kiedy nale\u017cy z\u0142o\u017cy\u0107 wniosek o eTA.","robots":{"index":"index","follow":"follow","max-snippet":"max-snippet:-1","max-image-preview":"max-image-preview:large","max-video-preview":"max-video-preview:-1"},"canonical":"https:\/\/ave-eta-canada.com\/pl\/kiedy-ubiegac-sie-o-zezwolenie-dla-kanady\/","og_locale":"pl_PL","og_type":"article","og_title":"Kiedy nale\u017cy z\u0142o\u017cy\u0107 wniosek o eTA dla Kanady?","og_description":"Przed wyjazdem do Kanady nale\u017cy przygotowa\u0107 wszystkie niezb\u0119dne dokumenty podr\u00f3\u017cy, w tym eTA. Tutaj dowiesz si\u0119, kiedy nale\u017cy z\u0142o\u017cy\u0107 wniosek o eTA.","og_url":"https:\/\/ave-eta-canada.com\/pl\/kiedy-ubiegac-sie-o-zezwolenie-dla-kanady\/","og_site_name":"VISA CANADA","article_modified_time":"2023-05-08T21:22:45+00:00","twitter_card":"summary_large_image","twitter_misc":{"Szacowany czas czytania":"4 minuty"},"schema":{"@context":"https:\/\/schema.org","@graph":[{"@type":"WebPage","@id":"https:\/\/ave-eta-canada.com\/pl\/kiedy-ubiegac-sie-o-zezwolenie-dla-kanady\/","url":"https:\/\/ave-eta-canada.com\/pl\/kiedy-ubiegac-sie-o-zezwolenie-dla-kanady\/","name":"Kiedy nale\u017cy z\u0142o\u017cy\u0107 wniosek o eTA dla Kanady?","isPartOf":{"@id":"https:\/\/ave-eta-canada.com\/pl\/#website"},"datePublished":"2023-04-18T14:41:48+00:00","dateModified":"2023-05-08T21:22:45+00:00","description":"Przed wyjazdem do Kanady nale\u017cy przygotowa\u0107 wszystkie niezb\u0119dne dokumenty podr\u00f3\u017cy, w tym eTA. Tutaj dowiesz si\u0119, kiedy nale\u017cy z\u0142o\u017cy\u0107 wniosek o eTA.","breadcrumb":{"@id":"https:\/\/ave-eta-canada.com\/pl\/kiedy-ubiegac-sie-o-zezwolenie-dla-kanady\/#breadcrumb"},"inLanguage":"pl-PL","potentialAction":[{"@type":"ReadAction","target":["https:\/\/ave-eta-canada.com\/pl\/kiedy-ubiegac-sie-o-zezwolenie-dla-kanady\/"]}]},{"@type":"BreadcrumbList","@id":"https:\/\/ave-eta-canada.com\/pl\/kiedy-ubiegac-sie-o-zezwolenie-dla-kanady\/#breadcrumb","itemListElement":[{"@type":"ListItem","position":1,"name":"Home","item":"https:\/\/ave-eta-canada.com\/pl\/"},{"@type":"ListItem","position":2,"name":"Kiedy nale\u017cy z\u0142o\u017cy\u0107 wniosek o eTA dla Kanady?"}]},{"@type":"WebSite","@id":"https:\/\/ave-eta-canada.com\/pl\/#website","url":"https:\/\/ave-eta-canada.com\/pl\/","name":"VISA CANADA","description":"Autorisation Voyage Electronique","potentialAction":[{"@type":"SearchAction","target":{"@type":"EntryPoint","urlTemplate":"https:\/\/ave-eta-canada.com\/pl\/?s={search_term_string}"},"query-input":{"@type":"PropertyValueSpecification","valueRequired":true,"valueName":"search_term_string"}}],"inLanguage":"pl-PL"}]}},"_links":{"self":[{"href":"https:\/\/ave-eta-canada.com\/pl\/wp-json\/wp\/v2\/pages\/4217","targetHints":{"allow":["GET"]}}],"collection":[{"href":"https:\/\/ave-eta-canada.com\/pl\/wp-json\/wp\/v2\/pages"}],"about":[{"href":"https:\/\/ave-eta-canada.com\/pl\/wp-json\/wp\/v2\/types\/page"}],"author":[{"embeddable":true,"href":"https:\/\/ave-eta-canada.com\/pl\/wp-json\/wp\/v2\/users\/1"}],"replies":[{"embeddable":true,"href":"https:\/\/ave-eta-canada.com\/pl\/wp-json\/wp\/v2\/comments?post=4217"}],"version-history":[{"count":0,"href":"https:\/\/ave-eta-canada.com\/pl\/wp-json\/wp\/v2\/pages\/4217\/revisions"}],"wp:attachment":[{"href":"https:\/\/ave-eta-canada.com\/pl\/wp-json\/wp\/v2\/media?parent=4217"}],"curies":[{"name":"wp","href":"https:\/\/api.w.org\/{rel}","templated":true}]}}