{"id":4221,"date":"2023-04-18T14:41:48","date_gmt":"2023-04-18T14:41:48","guid":{"rendered":"https:\/\/ave-eta-canada.com\/jak-zmodyfikowac-upowaznienie-dla-kanady\/"},"modified":"2023-05-09T08:04:03","modified_gmt":"2023-05-09T08:04:03","slug":"jak-zmodyfikowac-autoryzacje-eta-dla-kanady","status":"publish","type":"page","link":"https:\/\/ave-eta-canada.com\/pl\/jak-zmodyfikowac-autoryzacje-eta-dla-kanady\/","title":{"rendered":"Jak zmieni\u0107 autoryzacj\u0119 eTA w Kanadzie?"},"content":{"rendered":"\n<h1 class=\"wp-block-heading\">Jak zmieni\u0107 eTA na podr\u00f3\u017c do Kanady?<\/h1>\n\n<p>eTA to <a href=\"https:\/\/ave-eta-canada.com\/pl\/\">elektroniczne zezwolenie<\/a> na podr\u00f3\u017c, wprowadzone przez rz\u0105d Kanady, kt\u00f3re ma na celu u\u0142atwienie procedur administracyjnych dla podr\u00f3\u017cnych chc\u0105cych odwiedzi\u0107 Kanad\u0119. Rzeczywi\u015bcie, dzi\u0119ki cyfrowemu formatowi ESTA, podr\u00f3\u017cny mo\u017ce wype\u0142ni\u0107 wniosek online, a w\u0142adze kanadyjskie mog\u0105 analizowa\u0107 wniosek eTA za pomoc\u0105 system\u00f3w elektronicznych.<\/p>\n\n<p><strong>W przypadku pobytu w Kanadzie kr\u00f3tszego ni\u017c 6 miesi\u0119cy<\/strong>: formalno\u015bci zwi\u0105zanych z wjazdem do Kanady mo\u017cna dope\u0142ni\u0107 bezpo\u015brednio przez Internet, klikaj\u0105c na <a href=\"https:\/\/ave-eta-canada.com\/pl\/eta-kanada-formularz-online\/\">formularz online<\/a>. Nie jest konieczne umawianie si\u0119 na spotkanie w ambasadzie lub konsulacie Kanady.<\/p>\n\n<br\/>\n\n<p>Gdy podr\u00f3\u017cny uzyska eTA, jest ona <a href=\"https:\/\/ave-eta-canada.com\/pl\/okres-waznosci-eta-kanada-2\/\">wa\u017cnaprzez<\/a> 5 lat. Z biegiem lat zmienia si\u0119 jednak osobista sytuacja podr\u00f3\u017cnika. Mo\u017ce si\u0119 okaza\u0107, \u017ce niekt\u00f3re informacje zawarte w dokumencie eTA musz\u0105 zosta\u0107 zmienione, poniewa\u017c po prostu nie odpowiadaj\u0105 ju\u017c rzeczywisto\u015bci. Czy w takim przypadku mo\u017cliwa jest modyfikacja eTA? Je\u015bli nie, to jaka jest procedura zmiany eTA?<\/p>\n\n<h2 class=\"wp-block-heading\">Czy mog\u0119 zmieni\u0107 eTA, je\u015bli moje dane osobowe uleg\u0142y zmianie?<\/h2>\n\n<p>Niestety nie. Je\u015bli w okresie wa\u017cno\u015bci eTA (5 lat) zmieni\u0105 si\u0119 Twoje dane osobowe (nazwisko, imiona, kraj itp.), musisz z\u0142o\u017cy\u0107 nowy wniosek.<\/p>\n\n<p>Tylko niekt\u00f3re informacje (takie jak numer telefonu lub nazwisko panie\u0144skie) mo\u017cna zmieni\u0107 bezp\u0142atnie i bez odnawiania eTA. Aby zmieni\u0107 swoje dane kontaktowe w eTA, nale\u017cy wype\u0142ni\u0107 formularz zg\u0142oszeniowy online. Jednak to rz\u0105d kanadyjski zdecyduje, czy wniosek jest nadal wa\u017cny, czy nie.<\/p>\n\n<p>To samo dotyczy zmiany paszportu. Je\u017celi numer paszportu, kt\u00f3ry zosta\u0142 u\u017cyty do uzyskania eTA, nie odpowiada ju\u017c obecnemu numerowi paszportu, nale\u017cy zmieni\u0107 eTA. W tym celu nale\u017cy ponownie z\u0142o\u017cy\u0107 wniosek o wydanie EV wype\u0142niaj\u0105c po raz drugi formularz online i ponownie ui\u015bci\u0107 op\u0142at\u0119 za wniosek.<\/p>\n\n<p>W\u0142adze kanadyjskie wymagaj\u0105, aby numer paszportu na eTA by\u0142 taki sam jak paszport, z kt\u00f3rym podr\u00f3\u017cny zamierza uda\u0107 si\u0119 do Kanady. Dlaczego? Poniewa\u017c Twoje<a href=\"https:\/\/ave-eta-canada.com\/pl\/kiedy-ubiegac-sie-o-zezwolenie-dla-kanady\/\"> upowa\u017cnienie eTA<\/a> b\u0119dzie elektronicznie powi\u0105zane z paszportem. Po przybyciu do Kanady s\u0142u\u017cby celne sprawdz\u0105 Twoj\u0105 eTA, skanuj\u0105c chip w Twoim e-paszporcie lub paszporcie biometrycznym.<br\/><br\/><\/p>\n\n<h2 class=\"wp-block-heading\">Czy mog\u0119 zmieni\u0107 eTA po pope\u0142nieniu b\u0142\u0119du w kopiowaniu moich danych?<\/h2>\n\n<p>Je\u015bli nie zap\u0142aci\u0142e\u015b za formularz eTA, nadal mo\u017cesz zmieni\u0107 <a href=\"https:\/\/ave-eta-canada.com\/pl\/co-robic-gdy-w-kraju-jest-problem\/\">b\u0142\u0119dy w eTA<\/a>.<\/p>\n\n<p>Je\u015bli jednak zap\u0142ata za eTA ju\u017c nast\u0105pi\u0142a, to niestety nie mo\u017cna ju\u017c zawr\u00f3ci\u0107.<\/p>\n\n<h3 class=\"wp-block-heading\">Jak mog\u0119 unikn\u0105\u0107 konieczno\u015bci wymiany eTA?<\/h3>\n\n<p>Po pierwsze, konieczne jest po\u015bwi\u0119cenie czasu na wype\u0142nienie formularza wniosku eTA. B\u0142\u0119dy si\u0119 zdarzaj\u0105 i szkoda by\u0142oby znowu p\u0142aci\u0107 za dokument (7 dolar\u00f3w kanadyjskich) i znowu czeka\u0107 na odpowied\u017a z IRCC (Immigration, Refugees and Citizenship).<\/p>\n\n<p>Radzimy sprawdzi\u0107, czy spe\u0142niasz wymagania do uzyskania eTA (podr\u00f3\u017c lub tranzyt przez Kanad\u0119 drog\u0105 powietrzn\u0105 i na maksymalnie 6 miesi\u0119cy) oraz czy masz wa\u017cny paszport.<\/p>\n\n<p>Pod koniec procesu wype\u0142niania, na oficjalnej stronie rz\u0105du kanadyjskiego b\u0119dzie mo\u017cna sprawdzi\u0107 eTA i kompletno\u015b\u0107 udzielonych odpowiedzi. Nie pomi\u0144 tego kluczowego kroku, poniewa\u017c mo\u017ce on by\u0107 tym, kt\u00f3ry pozwoli Ci wykry\u0107 b\u0142\u0119dy w kopiowaniu.<\/p>\n\n<p>Je\u015bli chcia\u0142by\u015b uzyska\u0107 wsparcie w wype\u0142nianiu formularza online, prywatna strona naszego partnera oferuje indywidualn\u0105 pomoc w wype\u0142nianiu i poprawianiu formularza przed jego wys\u0142aniem.<br\/><br\/><\/p>\n\n<h2 class=\"wp-block-heading\">Jak zmieni\u0107 eTA po tym, jak zosta\u0142a odrzucona?<\/h2>\n\n<p><a href=\"https:\/\/ave-eta-canada.com\/pl\/wszystko-o-warunkach-podrozy-do-kanady\/\">Odm\u00f3wiono wniosku o eTA<\/a>, nie kwalifikujesz si\u0119 do podr\u00f3\u017cy do Kanady, a zatem nie mo\u017cesz zmieni\u0107 swojego eTA.<\/p>\n\n<p>Brak mo\u017cliwo\u015bci zmiany eTA nie oznacza jednak, \u017ce nigdy nie b\u0119dziesz m\u00f3g\u0142 do\u015bwiadczy\u0107 Kanady. W rzeczywisto\u015bci wi\u0119kszo\u015b\u0107 podr\u00f3\u017cnych potrzebuje wizy kanadyjskiej lub eTA, aby podr\u00f3\u017cowa\u0107 do Kanady drog\u0105 powietrzn\u0105.<\/p>\n\n<p>Dla tych, kt\u00f3rzy nie maj\u0105 dost\u0119pu do AVE, wystarczy ubiega\u0107 si\u0119 o wiz\u0119 kanadyjsk\u0105 w s\u0142u\u017cbach konsularnych ambasady lub konsulatu Kanady.<\/p>\n\n<p>Aby otrzyma\u0107 wiz\u0119, nale\u017cy upewni\u0107 si\u0119, \u017ce spe\u0142niasz te warunki:<\/p>\n\n<ul class=\"wp-block-list\"><li>posiada\u0107 wa\u017cny paszport;<\/li><li>nie jest nosicielem \u017cadnej choroby;<\/li><li>brak winy za dzia\u0142alno\u015b\u0107 przest\u0119pcz\u0105 lub przest\u0119pstwa imigracyjne;<\/li><li>udowodni\u0107 urz\u0119dnikowi konsularnemu, \u017ce celem Pa\u0144stwa podr\u00f3\u017cy nie jest nielegalne osiedlenie si\u0119 oraz \u017ce opuszcz\u0105 Pa\u0144stwo Kanad\u0119 po zako\u0144czeniu pobytu.<\/li><\/ul>\n","protected":false},"excerpt":{"rendered":"<p>Jak zmieni\u0107 eTA na podr\u00f3\u017c do Kanady? eTA to elektroniczne zezwolenie na podr\u00f3\u017c, wprowadzone przez rz\u0105d Kanady, kt\u00f3re ma na celu u\u0142atwienie procedur administracyjnych dla podr\u00f3\u017cnych chc\u0105cych odwiedzi\u0107 Kanad\u0119. Rzeczywi\u015bcie, dzi\u0119ki cyfrowemu formatowi ESTA, podr\u00f3\u017cny mo\u017ce wype\u0142ni\u0107 wniosek online, a w\u0142adze kanadyjskie mog\u0105 analizowa\u0107 wniosek eTA za pomoc\u0105 system\u00f3w elektronicznych. W przypadku pobytu w Kanadzie [&hellip;]<\/p>\n","protected":false},"author":1,"featured_media":0,"parent":0,"menu_order":0,"comment_status":"closed","ping_status":"closed","template":"","meta":{"footnotes":""},"class_list":["post-4221","page","type-page","status-publish","hentry"],"yoast_head":"<!-- This site is optimized with the Yoast SEO plugin v26.9 - https:\/\/yoast.com\/product\/yoast-seo-wordpress\/ -->\n<title>Jak zmieni\u0107 autoryzacj\u0119 eTA w Kanadzie?<\/title>\n<meta name=\"description\" content=\"Chcesz zaktualizowa\u0107 informacje na swoim kanadyjskim zezwoleniu na podr\u00f3\u017c? W tym artykule dowiesz si\u0119, jak zmodyfikowa\u0107 eTA\" \/>\n<meta name=\"robots\" content=\"index, follow, max-snippet:-1, max-image-preview:large, max-video-preview:-1\" \/>\n<link rel=\"canonical\" href=\"https:\/\/ave-eta-canada.com\/pl\/jak-zmodyfikowac-autoryzacje-eta-dla-kanady\/\" \/>\n<meta property=\"og:locale\" content=\"pl_PL\" \/>\n<meta property=\"og:type\" content=\"article\" \/>\n<meta property=\"og:title\" content=\"Jak zmieni\u0107 autoryzacj\u0119 eTA w Kanadzie?\" \/>\n<meta property=\"og:description\" content=\"Chcesz zaktualizowa\u0107 informacje na swoim kanadyjskim zezwoleniu na podr\u00f3\u017c? W tym artykule dowiesz si\u0119, jak zmodyfikowa\u0107 eTA\" \/>\n<meta property=\"og:url\" content=\"https:\/\/ave-eta-canada.com\/pl\/jak-zmodyfikowac-autoryzacje-eta-dla-kanady\/\" \/>\n<meta property=\"og:site_name\" content=\"VISA CANADA\" \/>\n<meta property=\"article:modified_time\" content=\"2023-05-09T08:04:03+00:00\" \/>\n<meta name=\"twitter:card\" content=\"summary_large_image\" \/>\n<meta name=\"twitter:label1\" content=\"Szacowany czas czytania\" \/>\n\t<meta name=\"twitter:data1\" content=\"4 minuty\" \/>\n<script type=\"application\/ld+json\" class=\"yoast-schema-graph\">{\"@context\":\"https:\/\/schema.org\",\"@graph\":[{\"@type\":\"WebPage\",\"@id\":\"https:\/\/ave-eta-canada.com\/pl\/jak-zmodyfikowac-autoryzacje-eta-dla-kanady\/\",\"url\":\"https:\/\/ave-eta-canada.com\/pl\/jak-zmodyfikowac-autoryzacje-eta-dla-kanady\/\",\"name\":\"Jak zmieni\u0107 autoryzacj\u0119 eTA w Kanadzie?\",\"isPartOf\":{\"@id\":\"https:\/\/ave-eta-canada.com\/pl\/#website\"},\"datePublished\":\"2023-04-18T14:41:48+00:00\",\"dateModified\":\"2023-05-09T08:04:03+00:00\",\"description\":\"Chcesz zaktualizowa\u0107 informacje na swoim kanadyjskim zezwoleniu na podr\u00f3\u017c? W tym artykule dowiesz si\u0119, jak zmodyfikowa\u0107 eTA\",\"breadcrumb\":{\"@id\":\"https:\/\/ave-eta-canada.com\/pl\/jak-zmodyfikowac-autoryzacje-eta-dla-kanady\/#breadcrumb\"},\"inLanguage\":\"pl-PL\",\"potentialAction\":[{\"@type\":\"ReadAction\",\"target\":[\"https:\/\/ave-eta-canada.com\/pl\/jak-zmodyfikowac-autoryzacje-eta-dla-kanady\/\"]}]},{\"@type\":\"BreadcrumbList\",\"@id\":\"https:\/\/ave-eta-canada.com\/pl\/jak-zmodyfikowac-autoryzacje-eta-dla-kanady\/#breadcrumb\",\"itemListElement\":[{\"@type\":\"ListItem\",\"position\":1,\"name\":\"Home\",\"item\":\"https:\/\/ave-eta-canada.com\/pl\/\"},{\"@type\":\"ListItem\",\"position\":2,\"name\":\"Jak zmieni\u0107 autoryzacj\u0119 eTA w Kanadzie?\"}]},{\"@type\":\"WebSite\",\"@id\":\"https:\/\/ave-eta-canada.com\/pl\/#website\",\"url\":\"https:\/\/ave-eta-canada.com\/pl\/\",\"name\":\"VISA CANADA\",\"description\":\"Autorisation Voyage Electronique\",\"potentialAction\":[{\"@type\":\"SearchAction\",\"target\":{\"@type\":\"EntryPoint\",\"urlTemplate\":\"https:\/\/ave-eta-canada.com\/pl\/?s={search_term_string}\"},\"query-input\":{\"@type\":\"PropertyValueSpecification\",\"valueRequired\":true,\"valueName\":\"search_term_string\"}}],\"inLanguage\":\"pl-PL\"}]}<\/script>\n<!-- \/ Yoast SEO plugin. -->","yoast_head_json":{"title":"Jak zmieni\u0107 autoryzacj\u0119 eTA w Kanadzie?","description":"Chcesz zaktualizowa\u0107 informacje na swoim kanadyjskim zezwoleniu na podr\u00f3\u017c? W tym artykule dowiesz si\u0119, jak zmodyfikowa\u0107 eTA","robots":{"index":"index","follow":"follow","max-snippet":"max-snippet:-1","max-image-preview":"max-image-preview:large","max-video-preview":"max-video-preview:-1"},"canonical":"https:\/\/ave-eta-canada.com\/pl\/jak-zmodyfikowac-autoryzacje-eta-dla-kanady\/","og_locale":"pl_PL","og_type":"article","og_title":"Jak zmieni\u0107 autoryzacj\u0119 eTA w Kanadzie?","og_description":"Chcesz zaktualizowa\u0107 informacje na swoim kanadyjskim zezwoleniu na podr\u00f3\u017c? W tym artykule dowiesz si\u0119, jak zmodyfikowa\u0107 eTA","og_url":"https:\/\/ave-eta-canada.com\/pl\/jak-zmodyfikowac-autoryzacje-eta-dla-kanady\/","og_site_name":"VISA CANADA","article_modified_time":"2023-05-09T08:04:03+00:00","twitter_card":"summary_large_image","twitter_misc":{"Szacowany czas czytania":"4 minuty"},"schema":{"@context":"https:\/\/schema.org","@graph":[{"@type":"WebPage","@id":"https:\/\/ave-eta-canada.com\/pl\/jak-zmodyfikowac-autoryzacje-eta-dla-kanady\/","url":"https:\/\/ave-eta-canada.com\/pl\/jak-zmodyfikowac-autoryzacje-eta-dla-kanady\/","name":"Jak zmieni\u0107 autoryzacj\u0119 eTA w Kanadzie?","isPartOf":{"@id":"https:\/\/ave-eta-canada.com\/pl\/#website"},"datePublished":"2023-04-18T14:41:48+00:00","dateModified":"2023-05-09T08:04:03+00:00","description":"Chcesz zaktualizowa\u0107 informacje na swoim kanadyjskim zezwoleniu na podr\u00f3\u017c? W tym artykule dowiesz si\u0119, jak zmodyfikowa\u0107 eTA","breadcrumb":{"@id":"https:\/\/ave-eta-canada.com\/pl\/jak-zmodyfikowac-autoryzacje-eta-dla-kanady\/#breadcrumb"},"inLanguage":"pl-PL","potentialAction":[{"@type":"ReadAction","target":["https:\/\/ave-eta-canada.com\/pl\/jak-zmodyfikowac-autoryzacje-eta-dla-kanady\/"]}]},{"@type":"BreadcrumbList","@id":"https:\/\/ave-eta-canada.com\/pl\/jak-zmodyfikowac-autoryzacje-eta-dla-kanady\/#breadcrumb","itemListElement":[{"@type":"ListItem","position":1,"name":"Home","item":"https:\/\/ave-eta-canada.com\/pl\/"},{"@type":"ListItem","position":2,"name":"Jak zmieni\u0107 autoryzacj\u0119 eTA w Kanadzie?"}]},{"@type":"WebSite","@id":"https:\/\/ave-eta-canada.com\/pl\/#website","url":"https:\/\/ave-eta-canada.com\/pl\/","name":"VISA CANADA","description":"Autorisation Voyage Electronique","potentialAction":[{"@type":"SearchAction","target":{"@type":"EntryPoint","urlTemplate":"https:\/\/ave-eta-canada.com\/pl\/?s={search_term_string}"},"query-input":{"@type":"PropertyValueSpecification","valueRequired":true,"valueName":"search_term_string"}}],"inLanguage":"pl-PL"}]}},"_links":{"self":[{"href":"https:\/\/ave-eta-canada.com\/pl\/wp-json\/wp\/v2\/pages\/4221","targetHints":{"allow":["GET"]}}],"collection":[{"href":"https:\/\/ave-eta-canada.com\/pl\/wp-json\/wp\/v2\/pages"}],"about":[{"href":"https:\/\/ave-eta-canada.com\/pl\/wp-json\/wp\/v2\/types\/page"}],"author":[{"embeddable":true,"href":"https:\/\/ave-eta-canada.com\/pl\/wp-json\/wp\/v2\/users\/1"}],"replies":[{"embeddable":true,"href":"https:\/\/ave-eta-canada.com\/pl\/wp-json\/wp\/v2\/comments?post=4221"}],"version-history":[{"count":0,"href":"https:\/\/ave-eta-canada.com\/pl\/wp-json\/wp\/v2\/pages\/4221\/revisions"}],"wp:attachment":[{"href":"https:\/\/ave-eta-canada.com\/pl\/wp-json\/wp\/v2\/media?parent=4221"}],"curies":[{"name":"wp","href":"https:\/\/api.w.org\/{rel}","templated":true}]}}