{"id":4235,"date":"2023-04-18T14:41:50","date_gmt":"2023-04-18T14:41:50","guid":{"rendered":"https:\/\/ave-eta-canada.com\/pvt-canada-how-to-get-your-work-holiday-permit\/"},"modified":"2023-05-08T21:36:08","modified_gmt":"2023-05-08T21:36:08","slug":"pozwolenie-na-prace-w-kanadzie","status":"publish","type":"page","link":"https:\/\/ave-eta-canada.com\/pl\/pozwolenie-na-prace-w-kanadzie\/","title":{"rendered":"WHP Kanada: jak uzyska\u0107 pozwolenie na urlop roboczy?"},"content":{"rendered":"\n<h1 class=\"wp-block-heading\">WHP Kanada: Pozwolenie na wyjazd do Kanady<\/h1>\n\n<p><strong>W przypadku pobytu w Kanadzie kr\u00f3tszego ni\u017c 6 miesi\u0119cy<\/strong>: formalno\u015bci zwi\u0105zanych z wjazdem do Kanady mo\u017cna dope\u0142ni\u0107 bezpo\u015brednio przez Internet, klikaj\u0105c na <a href=\"https:\/\/ave-eta-canada.com\/pl\/eta-kanada-formularz-online\/\">formularz online<\/a>. Nie jest konieczne umawianie si\u0119 na spotkanie w ambasadzie lub konsulacie Kanady.<\/p>\n\n<p>Czy marzysz o odkrywaniu Kanady, maj\u0105c jednocze\u015bnie mo\u017cliwo\u015b\u0107 wykonywania dorywczych prac, aby sfinansowa\u0107 swoje poszukiwania? Program Working Holiday (WHP Kanada) jest dla Ciebie.<\/p>\n\n<p>Program ten, znany r\u00f3wnie\u017c jako Working Holiday Visa (WHV), pozwala tysi\u0105com m\u0142odych ludzi w wieku od 18 do 35 lat podj\u0105\u0107 wyzwanie i polecie\u0107 do krainy poutine, aby zdoby\u0107 niezapomniane do\u015bwiadczenie zawodowe i ludzkie. Wyja\u015bnimy najwa\u017cniejsze kwestie dotycz\u0105ce kanadyjskiego programu promocji zdrowia w miejscu pracy.<\/p>\n\n<h2 class=\"wp-block-heading\">Czym jest promocja zdrowia w miejscu pracy w Kanadzie?<\/h2>\n\n<p>WHP Canada to program dla m\u0142odych ludzi w wieku od 18 do 35 lat, kt\u00f3rzy chc\u0105 zamieszka\u0107 w Kanadzie na okres do 24 miesi\u0119cy. Kanada nie jest jedynym krajem oferuj\u0105cym promocj\u0119 zdrowia w miejscu pracy, ale z pewno\u015bci\u0105 jest jednym z najpopularniejszych, obok australijskiej promocji zdrowia w miejscu pracy.<\/p>\n\n<p>Konkretnie rzecz ujmuj\u0105c, posiadacze wizy working holiday mog\u0105 przebywa\u0107 w danym kraju do roku, w przypadku Kanady do dw\u00f3ch lat (d\u0142ugo\u015b\u0107 wa\u017cno\u015bci zale\u017cy od um\u00f3w dwustronnych mi\u0119dzy poszczeg\u00f3lnymi krajami) i pracowa\u0107 tam w celu sfinansowania swojego wyjazdu. Znalezienie pracy nie jest wymogiem samym w sobie, ale mo\u017ce by\u0107 mile widzian\u0105 pomoc\u0105 w finansowaniu podr\u00f3\u017cy.  <\/p>\n\n<p>Nie jest te\u017c konieczne znalezienie pracy przed wyjazdem, ale konieczne jest posiadanie wystarczaj\u0105cych \u015brodk\u00f3w finansowych na utrzymanie, przynajmniej na pocz\u0105tku podr\u00f3\u017cy (2500 CAN$).  <\/p>\n\n<p>WHP Canada od pewnego czasu jest ofiar\u0105 w\u0142asnego sukcesu, a liczba zg\u0142osze\u0144 przekroczy\u0142a kwoty ustalone przez rz\u0105d kanadyjski. Przydzia\u0142 odbywa si\u0119 obecnie w drodze losowania w serii zaprosze\u0144.<\/p>\n\n<p>Uczestnicy WHP musz\u0105 wi\u0119c uzbroi\u0107 si\u0119 w cierpliwo\u015b\u0107 i mie\u0107 nadziej\u0119, \u017ce zostan\u0105 wybrani losowo, aby m\u00f3c wyjecha\u0107 do Kanady w ramach kanadyjskiego WHP.<\/p>\n\n<h2 class=\"wp-block-heading\">Jak uzyska\u0107 kanadyjski certyfikat WHP?<\/h2>\n\n<h3 class=\"wp-block-heading\">Wymagania kwalifikacyjne<\/h3>\n\n<p>Z programu working holiday oferowanego przez rz\u0105d kanadyjski mog\u0105 skorzysta\u0107 wy\u0142\u0105cznie obywatele w wieku od 18 do 35 lat z kraju, kt\u00f3ry podpisa\u0142 umow\u0119 z Kanad\u0105 w ramach programu IEC (International Experience Canada).<\/p>\n\n<p>Wymagany jest oczywi\u015bcie paszport wa\u017cny na czas trwania programu WHP Kanada.<\/p>\n\n<p>Nale\u017cy r\u00f3wnie\u017c posiada\u0107 wystarczaj\u0105ce \u015brodki na utrzymanie przez kilka pierwszych miesi\u0119cy pobytu (2 500 CAD$). Wymagany jest bilet lotniczy powrotny (lub wyjazdowy), chyba \u017ce mo\u017cna udowodni\u0107, \u017ce ma si\u0119 dodatkowe fundusze.<\/p>\n\n<h3 class=\"wp-block-heading\">Jak ubiega\u0107 si\u0119 o program promocji zdrowia w miejscu pracy w Kanadzie<\/h3>\n\n<p>Po upewnieniu si\u0119, \u017ce spe\u0142niasz kryteria przyj\u0119cia, powiniene\u015b stworzy\u0107 profil kandydata do EIC poprzez wype\u0142nienie kwestionariusza. Udzielone przez Ciebie odpowiedzi decyduj\u0105 o tym, w kt\u00f3rej z poni\u017cszych &#8222;puli&#8221; znajdzie si\u0119 Twoja aplikacja:<\/p>\n\n<ul class=\"wp-block-list\"><li>puli WHP ;<\/li><li>basen dla m\u0142odych profesjonalist\u00f3w ;<\/li><li>puli szkoleniowej Coop.<\/li><\/ul>\n\n<p>Profile s\u0105 nast\u0119pnie przegl\u0105dane, a kandydaci s\u0105 wybierani w drodze losowania w turach zaprosze\u0144. W ka\u017cdej rundzie losowanych jest kilka os\u00f3b, a\u017c do osi\u0105gni\u0119cia ustalonego limitu, kt\u00f3ry wynosi 7 150 francuskich pvtyst\u00f3w na rok 2019.<\/p>\n\n<p>Je\u015bli b\u0119dziesz mia\u0142 szcz\u0119\u015bcie i zostaniesz wybrany, otrzymasz zaproszenie do z\u0142o\u017cenia wniosku o pozwolenie na prac\u0119. Masz 10 dni na przyj\u0119cie tego zaproszenia. Po przyj\u0119ciu zaproszenia masz 20 dni na uzupe\u0142nienie wniosku.<\/p>\n\n<p>Do wniosku nale\u017cy do\u0142\u0105czy\u0107 kilka dokument\u00f3w, m.in.<\/p>\n\n<ul class=\"wp-block-list\"><li>kopia paszportu;<\/li><li>zdj\u0119cie paszportowe ;<\/li><li>swoje CV ;<\/li><li>wyci\u0105g z rejestru karnego (w niekt\u00f3rych przypadkach) ;<\/li><li>za\u015bwiadczenie lekarskie (w niekt\u00f3rych przypadkach).<\/li><\/ul>\n\n<p>Nast\u0119pnie musisz ui\u015bci\u0107 op\u0142at\u0119 za zarz\u0105dzanie twoj\u0105 kartotek\u0105 (150 CAD$) oraz za wydanie &#8222;otwartego&#8221; pozwolenia na prac\u0119 (100 CAD$).<\/p>\n\n<p>Po wniesieniu op\u0142aty, w ci\u0105gu 30 dni zostaniesz poproszony o podanie swoich danych biometrycznych. W tym celu nale\u017cy uda\u0107 si\u0119 do oficjalnego punktu odbioru, zwanego Centrum Aplikacji Wizowych (VAC). Zostaniesz poinformowany, gdzie znajduje si\u0119 najbli\u017cszy VAC.<\/p>\n\n<p>Jak tylko Tw\u00f3j wniosek zostanie zatwierdzony, zostanie do Ciebie wys\u0142any list wprowadzaj\u0105cy do portu wej\u015bcia. List ten nale\u017cy przedstawi\u0107 urz\u0119dnikowi kanadyjskiej s\u0142u\u017cby celnej po przyje\u017adzie.<\/p>\n\n<h3 class=\"wp-block-heading\">Obowi\u0105zki, kt\u00f3rych nale\u017cy przestrzega\u0107<\/h3>\n\n<p>Nale\u017cy dostarczy\u0107 za\u015bwiadczenie o ubezpieczeniu obejmuj\u0105cym ca\u0142y pobyt. Wykupienie ubezpieczenia turystycznego jest obowi\u0105zkowe, poniewa\u017c koszty leczenia i repatriacji mog\u0105 szybko sta\u0107 si\u0119 ogromne po drugiej stronie Atlantyku. Nale\u017cy pami\u0119ta\u0107, \u017ce je\u015bli ubezpieczenie nie pokrywa ca\u0142ego okresu trwania programu WHP Canada, zostanie on odpowiednio zmniejszony.<\/p>\n\n<p>Kanada wprowadzi\u0142a niedawno <a href=\"https:\/\/ave-eta-canada.com\/pl\/glosariusz-eta-kanada\/\">Elektroniczne Biuro Podr\u00f3\u017cy eTA <\/a> dla os\u00f3b podr\u00f3\u017cuj\u0105cych do Kanady drog\u0105 lotnicz\u0105. Upowa\u017cnienie to b\u0119dzie obowi\u0105zkowe dla zainteresowanych podr\u00f3\u017cnych, np. pvtyst\u00f3w. W przypadku tych ostatnich <a href=\"https:\/\/ave-eta-canada.com\/pl\/\">eTA<\/a> jest zazwyczaj automatycznie powi\u0105zany z paszportem bez konieczno\u015bci sk\u0142adania wniosku. Nadal zalecamy, aby przed wyjazdem sprawdzi\u0107, czy nie trzeba ubiega\u0107 <a href=\"https:\/\/ave-eta-canada.com\/pl\/zloz-oficjalny-wniosek-eta-do-kanady\/\">si\u0119 o eTA<\/a>.<\/p>\n\n<h2 class=\"wp-block-heading\">Znalezienie pracy w Kanadzie<\/h2>\n\n<p>Po przyje\u017adzie do Kanady mo\u017cesz zacz\u0105\u0107 szuka\u0107 pracy w ka\u017cdej dziedzinie. Rzeczywi\u015bcie, w przeciwie\u0144stwie do innych kraj\u00f3w, program promocji zdrowia w miejscu pracy w Kanadzie nie ma prawie \u017cadnych ogranicze\u0144 dotycz\u0105cych rodzaju pracy czy czasu jej wykonywania.<\/p>\n\n<p>Prawdopodobnie b\u0119dziesz musia\u0142 otworzy\u0107 konto bankowe, aby otrzymywa\u0107 wynagrodzenie w dolarach kanadyjskich i dope\u0142ni\u0107 kilku formalno\u015bci.<\/p>\n\n<p>Mo\u017cesz r\u00f3wnie\u017c zwr\u00f3ci\u0107 si\u0119 w stron\u0119 mi\u0119dzynarodowego wolontariatu, do\u0142\u0105czaj\u0105c do program\u00f3w takich jak Helpx czy Wwoofing, aby odkry\u0107 \u015bwiat rolnictwa ekologicznego, b\u0119d\u0105c jednocze\u015bnie karmionym i zakwaterowanym.<\/p>\n\n<p>Kanada jest postrzegana jako El Dorado przez m\u0142odych profesjonalist\u00f3w. Mimo \u017ce rynek pracy w Kanadzie jest dynamiczny, znalezienie pracy w Kanadzie i przystosowanie si\u0119 do nowego \u015brodowiska b\u0119dzie wymaga\u0142o troch\u0119 wysi\u0142ku, poniewa\u017c konkurencja w\u015br\u00f3d pvts jest ostra. Nie zapomnij zmieni\u0107 swojego CV na kanadyjskie standardy, aby by\u0107 bardziej skutecznym.<\/p>\n\n<p>Zeznania os\u00f3b, kt\u00f3re skorzysta\u0142y z tego programu s\u0105 w wi\u0119kszo\u015bci przypadk\u00f3w pozytywne. Odkrywanie nowej kultury i wychodzenie poza swoj\u0105 stref\u0119 komfortu mo\u017ce by\u0107 tylko korzystne dla naszego rozwoju.<\/p>\n\n<p>Takie do\u015bwiadczenie mo\u017ce nawet sk\u0142oni\u0107 Ci\u0119 do ponownego rozwa\u017cenia pewnych wybor\u00f3w i dlaczego nie zosta\u0107 sta\u0142ym rezydentem w Kanadzie lub gdzie indziej. Mi\u0142ej podr\u00f3\u017cy !<\/p>\n","protected":false},"excerpt":{"rendered":"<p>WHP Kanada: Pozwolenie na wyjazd do Kanady W przypadku pobytu w Kanadzie kr\u00f3tszego ni\u017c 6 miesi\u0119cy: formalno\u015bci zwi\u0105zanych z wjazdem do Kanady mo\u017cna dope\u0142ni\u0107 bezpo\u015brednio przez Internet, klikaj\u0105c na formularz online. Nie jest konieczne umawianie si\u0119 na spotkanie w ambasadzie lub konsulacie Kanady. Czy marzysz o odkrywaniu Kanady, maj\u0105c jednocze\u015bnie mo\u017cliwo\u015b\u0107 wykonywania dorywczych prac, aby [&hellip;]<\/p>\n","protected":false},"author":1,"featured_media":0,"parent":0,"menu_order":0,"comment_status":"closed","ping_status":"closed","template":"","meta":{"footnotes":""},"class_list":["post-4235","page","type-page","status-publish","hentry"],"yoast_head":"<!-- This site is optimized with the Yoast SEO plugin v26.9 - https:\/\/yoast.com\/product\/yoast-seo-wordpress\/ -->\n<title>WHP Kanada: jak uzyska\u0107 pozwolenie na urlop roboczy?<\/title>\n<meta name=\"description\" content=\"Wybierz si\u0119 na wycieczk\u0119 WHP Kanada i poznaj ten pi\u0119kny kraj, maj\u0105c jednocze\u015bnie mo\u017cliwo\u015b\u0107 sfinansowania swojej podr\u00f3\u017cy poprzez prac\u0119.\" \/>\n<meta name=\"robots\" content=\"index, follow, max-snippet:-1, max-image-preview:large, max-video-preview:-1\" \/>\n<link rel=\"canonical\" href=\"https:\/\/ave-eta-canada.com\/pl\/pozwolenie-na-prace-w-kanadzie\/\" \/>\n<meta property=\"og:locale\" content=\"pl_PL\" \/>\n<meta property=\"og:type\" content=\"article\" \/>\n<meta property=\"og:title\" content=\"WHP Kanada: jak uzyska\u0107 pozwolenie na urlop roboczy?\" \/>\n<meta property=\"og:description\" content=\"Wybierz si\u0119 na wycieczk\u0119 WHP Kanada i poznaj ten pi\u0119kny kraj, maj\u0105c jednocze\u015bnie mo\u017cliwo\u015b\u0107 sfinansowania swojej podr\u00f3\u017cy poprzez prac\u0119.\" \/>\n<meta property=\"og:url\" content=\"https:\/\/ave-eta-canada.com\/pl\/pozwolenie-na-prace-w-kanadzie\/\" \/>\n<meta property=\"og:site_name\" content=\"VISA CANADA\" \/>\n<meta property=\"article:modified_time\" content=\"2023-05-08T21:36:08+00:00\" \/>\n<meta name=\"twitter:card\" content=\"summary_large_image\" \/>\n<meta name=\"twitter:label1\" content=\"Szacowany czas czytania\" \/>\n\t<meta name=\"twitter:data1\" content=\"5 minut\" \/>\n<script type=\"application\/ld+json\" class=\"yoast-schema-graph\">{\"@context\":\"https:\/\/schema.org\",\"@graph\":[{\"@type\":\"WebPage\",\"@id\":\"https:\/\/ave-eta-canada.com\/pl\/pozwolenie-na-prace-w-kanadzie\/\",\"url\":\"https:\/\/ave-eta-canada.com\/pl\/pozwolenie-na-prace-w-kanadzie\/\",\"name\":\"WHP Kanada: jak uzyska\u0107 pozwolenie na urlop roboczy?\",\"isPartOf\":{\"@id\":\"https:\/\/ave-eta-canada.com\/pl\/#website\"},\"datePublished\":\"2023-04-18T14:41:50+00:00\",\"dateModified\":\"2023-05-08T21:36:08+00:00\",\"description\":\"Wybierz si\u0119 na wycieczk\u0119 WHP Kanada i poznaj ten pi\u0119kny kraj, maj\u0105c jednocze\u015bnie mo\u017cliwo\u015b\u0107 sfinansowania swojej podr\u00f3\u017cy poprzez prac\u0119.\",\"breadcrumb\":{\"@id\":\"https:\/\/ave-eta-canada.com\/pl\/pozwolenie-na-prace-w-kanadzie\/#breadcrumb\"},\"inLanguage\":\"pl-PL\",\"potentialAction\":[{\"@type\":\"ReadAction\",\"target\":[\"https:\/\/ave-eta-canada.com\/pl\/pozwolenie-na-prace-w-kanadzie\/\"]}]},{\"@type\":\"BreadcrumbList\",\"@id\":\"https:\/\/ave-eta-canada.com\/pl\/pozwolenie-na-prace-w-kanadzie\/#breadcrumb\",\"itemListElement\":[{\"@type\":\"ListItem\",\"position\":1,\"name\":\"Home\",\"item\":\"https:\/\/ave-eta-canada.com\/pl\/\"},{\"@type\":\"ListItem\",\"position\":2,\"name\":\"WHP Kanada: jak uzyska\u0107 pozwolenie na urlop roboczy?\"}]},{\"@type\":\"WebSite\",\"@id\":\"https:\/\/ave-eta-canada.com\/pl\/#website\",\"url\":\"https:\/\/ave-eta-canada.com\/pl\/\",\"name\":\"VISA CANADA\",\"description\":\"Autorisation Voyage Electronique\",\"potentialAction\":[{\"@type\":\"SearchAction\",\"target\":{\"@type\":\"EntryPoint\",\"urlTemplate\":\"https:\/\/ave-eta-canada.com\/pl\/?s={search_term_string}\"},\"query-input\":{\"@type\":\"PropertyValueSpecification\",\"valueRequired\":true,\"valueName\":\"search_term_string\"}}],\"inLanguage\":\"pl-PL\"}]}<\/script>\n<!-- \/ Yoast SEO plugin. -->","yoast_head_json":{"title":"WHP Kanada: jak uzyska\u0107 pozwolenie na urlop roboczy?","description":"Wybierz si\u0119 na wycieczk\u0119 WHP Kanada i poznaj ten pi\u0119kny kraj, maj\u0105c jednocze\u015bnie mo\u017cliwo\u015b\u0107 sfinansowania swojej podr\u00f3\u017cy poprzez prac\u0119.","robots":{"index":"index","follow":"follow","max-snippet":"max-snippet:-1","max-image-preview":"max-image-preview:large","max-video-preview":"max-video-preview:-1"},"canonical":"https:\/\/ave-eta-canada.com\/pl\/pozwolenie-na-prace-w-kanadzie\/","og_locale":"pl_PL","og_type":"article","og_title":"WHP Kanada: jak uzyska\u0107 pozwolenie na urlop roboczy?","og_description":"Wybierz si\u0119 na wycieczk\u0119 WHP Kanada i poznaj ten pi\u0119kny kraj, maj\u0105c jednocze\u015bnie mo\u017cliwo\u015b\u0107 sfinansowania swojej podr\u00f3\u017cy poprzez prac\u0119.","og_url":"https:\/\/ave-eta-canada.com\/pl\/pozwolenie-na-prace-w-kanadzie\/","og_site_name":"VISA CANADA","article_modified_time":"2023-05-08T21:36:08+00:00","twitter_card":"summary_large_image","twitter_misc":{"Szacowany czas czytania":"5 minut"},"schema":{"@context":"https:\/\/schema.org","@graph":[{"@type":"WebPage","@id":"https:\/\/ave-eta-canada.com\/pl\/pozwolenie-na-prace-w-kanadzie\/","url":"https:\/\/ave-eta-canada.com\/pl\/pozwolenie-na-prace-w-kanadzie\/","name":"WHP Kanada: jak uzyska\u0107 pozwolenie na urlop roboczy?","isPartOf":{"@id":"https:\/\/ave-eta-canada.com\/pl\/#website"},"datePublished":"2023-04-18T14:41:50+00:00","dateModified":"2023-05-08T21:36:08+00:00","description":"Wybierz si\u0119 na wycieczk\u0119 WHP Kanada i poznaj ten pi\u0119kny kraj, maj\u0105c jednocze\u015bnie mo\u017cliwo\u015b\u0107 sfinansowania swojej podr\u00f3\u017cy poprzez prac\u0119.","breadcrumb":{"@id":"https:\/\/ave-eta-canada.com\/pl\/pozwolenie-na-prace-w-kanadzie\/#breadcrumb"},"inLanguage":"pl-PL","potentialAction":[{"@type":"ReadAction","target":["https:\/\/ave-eta-canada.com\/pl\/pozwolenie-na-prace-w-kanadzie\/"]}]},{"@type":"BreadcrumbList","@id":"https:\/\/ave-eta-canada.com\/pl\/pozwolenie-na-prace-w-kanadzie\/#breadcrumb","itemListElement":[{"@type":"ListItem","position":1,"name":"Home","item":"https:\/\/ave-eta-canada.com\/pl\/"},{"@type":"ListItem","position":2,"name":"WHP Kanada: jak uzyska\u0107 pozwolenie na urlop roboczy?"}]},{"@type":"WebSite","@id":"https:\/\/ave-eta-canada.com\/pl\/#website","url":"https:\/\/ave-eta-canada.com\/pl\/","name":"VISA CANADA","description":"Autorisation Voyage Electronique","potentialAction":[{"@type":"SearchAction","target":{"@type":"EntryPoint","urlTemplate":"https:\/\/ave-eta-canada.com\/pl\/?s={search_term_string}"},"query-input":{"@type":"PropertyValueSpecification","valueRequired":true,"valueName":"search_term_string"}}],"inLanguage":"pl-PL"}]}},"_links":{"self":[{"href":"https:\/\/ave-eta-canada.com\/pl\/wp-json\/wp\/v2\/pages\/4235","targetHints":{"allow":["GET"]}}],"collection":[{"href":"https:\/\/ave-eta-canada.com\/pl\/wp-json\/wp\/v2\/pages"}],"about":[{"href":"https:\/\/ave-eta-canada.com\/pl\/wp-json\/wp\/v2\/types\/page"}],"author":[{"embeddable":true,"href":"https:\/\/ave-eta-canada.com\/pl\/wp-json\/wp\/v2\/users\/1"}],"replies":[{"embeddable":true,"href":"https:\/\/ave-eta-canada.com\/pl\/wp-json\/wp\/v2\/comments?post=4235"}],"version-history":[{"count":0,"href":"https:\/\/ave-eta-canada.com\/pl\/wp-json\/wp\/v2\/pages\/4235\/revisions"}],"wp:attachment":[{"href":"https:\/\/ave-eta-canada.com\/pl\/wp-json\/wp\/v2\/media?parent=4235"}],"curies":[{"name":"wp","href":"https:\/\/api.w.org\/{rel}","templated":true}]}}