{"id":4245,"date":"2023-04-18T14:41:51","date_gmt":"2023-04-18T14:41:51","guid":{"rendered":"https:\/\/ave-eta-canada.com\/faq-ave-eta-canada-answers-your-questions\/"},"modified":"2023-05-09T06:29:29","modified_gmt":"2023-05-09T06:29:29","slug":"faq-eta-kanada-odpowiedzi-na-twoje-pytania","status":"publish","type":"page","link":"https:\/\/ave-eta-canada.com\/pl\/faq-eta-kanada-odpowiedzi-na-twoje-pytania\/","title":{"rendered":"FAQ eTA Kanada | Odpowiedzi na Twoje pytania"},"content":{"rendered":"\n<h1 class=\"wp-block-heading\">Odpowiedzi na Twoje pytania<\/h1>\n\n<p>W tych cz\u0119sto zadawanych pytaniach znajdziesz wszystkie najwa\u017cniejsze informacje na temat <a href=\"https:\/\/ave-eta-canada.com\/pl\/eta-kanada-formularz-online\/\">eTA Canada<\/a>. Mo\u017cesz wtedy ze spokojem wyjecha\u0107 do krainy klon\u00f3w!<\/p>\n\n<h2 class=\"wp-block-heading\">Co to jest eTA Kanada?<\/h2>\n\n<p>Wydawana przez rz\u0105d Kanady eTA (Electronic Travel Authorisation) jest <a href=\"https:\/\/ave-eta-canada.com\/pl\/wypelnienie-formularza-eta-kanady\/\">oficjalnym formularzem<\/a> pozwalaj\u0105cym podr\u00f3\u017cnym na wjazd do Kanady.<\/p>\n\n<h2 class=\"wp-block-heading\">Jaka jest r\u00f3\u017cnica mi\u0119dzy AVE a eTA?<\/h2>\n\n<p>Nie. AVE i eTA opisuj\u0105 to samo zezwolenie na podr\u00f3\u017c. AVE to akronim w j\u0119zyku francuskim, a eTA to akronim w j\u0119zyku angielskim.<\/p>\n\n<h2 class=\"wp-block-heading\">Dla kogo przeznaczone jest zezwolenie na podr\u00f3\u017c eTA?<\/h2>\n\n<p><a href=\"https:\/\/ave-eta-canada.com\/pl\/\">Upowa\u017cnienie do podr\u00f3\u017cy eTA<\/a> Canada jest skierowane do wszystkich obywateli kraj\u00f3w obj\u0119tych programem Visa Waiver, kt\u00f3rzy chc\u0105 przebywa\u0107 w Kanadzie przez okres do 6 miesi\u0119cy. Ponadto zezwolenie eTA jest wydawane wy\u0142\u0105cznie na pobyty turystyczne, podr\u00f3\u017ce s\u0142u\u017cbowe lub tranzyt lotniczy.<\/p>\n\n<p>Nale\u017cy pami\u0119ta\u0107, \u017ce osoby przeje\u017cd\u017caj\u0105ce przez Stany Zjednoczone przed ponownym wjazdem do Kanady musz\u0105 opr\u00f3cz wniosku eTA z\u0142o\u017cy\u0107 wniosek o zezwolenie ESTA od rz\u0105du USA.<\/p>\n\n<h2 class=\"wp-block-heading\">Co jest potrzebne do z\u0142o\u017cenia wniosku online o eTA?<\/h2>\n\n<p>Zg\u0142oszenie online polega na wype\u0142nieniu formularza. To jest to, czego potrzebujesz:<\/p>\n\n<ul class=\"wp-block-list\"><li>wa\u017cny paszport ;<\/li><li>karty kredytowej lub debetowej (Visa, MasterCard, American Express, JCB, UnionPay);<\/li><li>poprawny adres e-mail.<\/li><\/ul>\n\n<h2 class=\"wp-block-heading\">Czy musz\u0119 zap\u0142aci\u0107 za z\u0142o\u017cenie wniosku o eTA Kanada?<\/h2>\n\n<p><a href=\"https:\/\/ave-eta-canada.com\/pl\/eta-kanada-jego-cena\/\">Podstawowa op\u0142ata<\/a> za aplikacj\u0119 eTA wynosi 7 CAD$. W przypadku subskrypcji dodatkowych us\u0142ug (pomoc online, weryfikacja informacji itp.) mog\u0105 obowi\u0105zywa\u0107 dodatkowe op\u0142aty. Nale\u017cy pami\u0119ta\u0107, \u017ce eTA jest nadal znacznie bardziej dost\u0119pne ni\u017c wiza, kt\u00f3ra kosztuje od 100 do 200 CAN$.<\/p>\n\n<h2 class=\"wp-block-heading\">Jaka jest r\u00f3\u017cnica mi\u0119dzy eTA a wiz\u0105?<\/h2>\n\n<p>eTA pozwala na pobyt w Kanadzie do 6 miesi\u0119cy, ale dotyczy tylko turyst\u00f3w, os\u00f3b podr\u00f3\u017cuj\u0105cych s\u0142u\u017cbowo i os\u00f3b w tranzycie. Je\u015bli chcesz zosta\u0107 d\u0142u\u017cej, studiowa\u0107 lub pracowa\u0107 tam, konieczne b\u0119dzie ubieganie si\u0119 o wiz\u0119 od w\u0142adz konsularnych.<\/p>\n\n<h2 class=\"wp-block-heading\">Jak d\u0142ugo mog\u0119 u\u017cywa\u0107 mojego eTA?<\/h2>\n\n<p>Upowa\u017cnienie do podr\u00f3\u017cy do Kanady jest wa\u017cne przez pi\u0119\u0107 lat od daty wydania dokumentu, pod warunkiem posiadania wa\u017cnego paszportu. W takim przypadku upowa\u017cnienie wygasa z dniem utraty wa\u017cno\u015bci paszportu.<\/p>\n\n<h2 class=\"wp-block-heading\">O jakie informacje jestem proszony w formularzu eTA?<\/h2>\n\n<p>Po pierwsze, podr\u00f3\u017cny musi poda\u0107 swoje dane osobowe (nazwisko, imi\u0119, dat\u0119 i miejsce urodzenia itp.), a tak\u017ce dane z paszportu. Po tym zadawane s\u0105 r\u00f3\u017cne pytania dotycz\u0105ce stanu zdrowia czy historii prawnej. Na koniec konieczne b\u0119dzie podanie danych bankowych w celu uiszczenia op\u0142aty za wniosek online za pomoc\u0105 karty kredytowej.<\/p>\n\n<h2 class=\"wp-block-heading\">Jakie odpowiedzi mog\u0119 otrzyma\u0107 po wys\u0142aniu formularza?<\/h2>\n\n<p>Mo\u017cliwe s\u0105 trzy odpowiedzi:<\/p>\n\n<ul class=\"wp-block-list\"><li>Je\u015bli otrzymali Pa\u0144stwo &#8222;autoryzacj\u0119&#8221;, s\u0105 Pa\u0144stwo oficjalnie upowa\u017cnieni do podr\u00f3\u017cy do Kanady;<\/li><li>W przypadku &#8222;zezwolenia oczekuj\u0105cego&#8221; wniosek jest w trakcie rozpatrywania, a odpowied\u017a udzielana jest zazwyczaj w ci\u0105gu kilku dni;<\/li><li>&#8222;Je\u015bli odm\u00f3wiono Ci wydania zezwolenia, nie mo\u017cesz podr\u00f3\u017cowa\u0107 do Kanady z eTA. Nic jednak nie stoi na przeszkodzie, aby ubiega\u0107 si\u0119 o wiz\u0119.<\/li><\/ul>\n\n<h2 class=\"wp-block-heading\">Jak d\u0142ugo trwa odbi\u00f3r mojego eTA?<\/h2>\n\n<p>W wielu przypadkach po przes\u0142aniu formularza wysy\u0142ana jest niemal natychmiastowa odpowied\u017a. Je\u015bli nie, skontaktujemy si\u0119 z Tob\u0105 w ci\u0105gu 72 godzin, pod warunkiem, \u017ce masz poprawny adres e-mail.<\/p>\n\n<h2 class=\"wp-block-heading\">M\u00f3j wniosek o eTA zosta\u0142 odrzucony, co mog\u0119 zrobi\u0107?<\/h2>\n\n<p>Je\u015bli w\u0142adze kanadyjskie odm\u00f3wi\u0105 Ci udzielenia zezwolenia na podr\u00f3\u017c, nadal mo\u017cesz ubiega\u0107 si\u0119 o wiz\u0119 w ambasadzie lub konsulacie Kanady.<\/p>\n\n<h2 class=\"wp-block-heading\">Czy musz\u0119 ubiega\u0107 si\u0119 o eTA, je\u015bli mam ju\u017c wiz\u0119?<\/h2>\n\n<p>Nie ma potrzeby ubiegania si\u0119 o eTA, je\u015bli masz ju\u017c wa\u017cn\u0105 wiz\u0119 kanadyjsk\u0105.<\/p>\n\n<h2 class=\"wp-block-heading\">Czy przy ka\u017cdej podr\u00f3\u017cy do Kanady musz\u0119 sk\u0142ada\u0107 wniosek o wydanie nowego eTA?<\/h2>\n\n<p>Karta <a href=\"https:\/\/ave-eta-canada.com\/pl\/czym-jest-eta-na-podroz-do-kanady\/\">eTA<\/a> jest wa\u017cna przez 5 lat, co oznacza, \u017ce w tym okresie mo\u017cesz wyjecha\u0107 do Kanady dowoln\u0105 ilo\u015b\u0107 razy. Nale\u017cy uwa\u017ca\u0107, aby przestrzega\u0107 maksymalnego okresu prawnego wynosz\u0105cego 6 miesi\u0119cy. Upewnij si\u0119, \u017ce Tw\u00f3j paszport jest nadal wa\u017cny.<\/p>\n\n<h2 class=\"wp-block-heading\">Czy mog\u0119 z\u0142o\u017cy\u0107 wniosek grupowy o eTA?<\/h2>\n\n<p>Nie ma mo\u017cliwo\u015bci zg\u0142oszenia si\u0119 do grupy. Trzeba b\u0119dzie z\u0142o\u017cy\u0107 wniosek indywidualnie, wype\u0142niaj\u0105c dane osobowe ka\u017cdej osoby i uiszczaj\u0105c op\u0142at\u0119 manipulacyjn\u0105 za ka\u017cd\u0105 osob\u0119.<\/p>\n\n<h2 class=\"wp-block-heading\">Czy mam prawo do ponownego wjazdu do Kanady, je\u015bli posiadam eTA?<\/h2>\n\n<p>eTA pozwala na podr\u00f3\u017cowanie do Kanady drog\u0105 lotnicz\u0105. Jednak tylko kanadyjskie w\u0142adze celne i imigracyjne mog\u0105 zatwierdzi\u0107 Tw\u00f3j wjazd do Kanady.<\/p>\n\n<h2 class=\"wp-block-heading\">Czy mog\u0119 zmieni\u0107 swoje dane po wys\u0142aniu formularza?<\/h2>\n\n<p>Je\u015bli zauwa\u017cy\u0142e\u015b <a href=\"https:\/\/ave-eta-canada.com\/pl\/jak-zmodyfikowac-autoryzacje-eta-dla-kanady\/\">b\u0142\u0105d w swoim formularzu<\/a> lub zmieni\u0142y si\u0119 jakiekolwiek informacje w Twoim paszporcie, pami\u0119taj, \u017ce nie mo\u017cna dokona\u0107 \u017cadnych zmian. W\u00f3wczas konieczne b\u0119dzie z\u0142o\u017cenie nowego wniosku z poprawnymi danymi.<\/p>\n\n<h2 class=\"wp-block-heading\">Czy musz\u0119 wydrukowa\u0107 drukowan\u0105 kopi\u0119 eTA przed wej\u015bciem na pok\u0142ad?<\/h2>\n\n<p>eTA jest elektronicznie po\u0142\u0105czony z paszportem. Nie musisz drukowa\u0107 e-maila z potwierdzeniem.<\/p>\n\n<h2 class=\"wp-block-heading\">Zmieni\u0142em paszport, czy moja eTA jest nadal wa\u017cna?<\/h2>\n\n<p>Dane osobowe w paszporcie musz\u0105 by\u0107 dok\u0142adnie takie same jak informacje podane w formularzu online. W przypadku odnowienia paszportu po uzyskaniu eTA, nie pozostaje nic innego, jak z\u0142o\u017cy\u0107 wniosek o nowe eTA.<\/p>\n\n<p>Nadal nie mo\u017cesz znale\u017a\u0107 odpowiedzi na jakie\u015b pytanie? Aby przej\u015b\u0107 dalej, zapraszamy do zapoznania si\u0119 z sekcj\u0105 pomocy i <a href=\"https:\/\/ave-eta-canada.com\/pl\/glosariusz-eta-kanada\/\">stron\u0105 ze s\u0142ownikiem<\/a>.<\/p>\n","protected":false},"excerpt":{"rendered":"<p>Odpowiedzi na Twoje pytania W tych cz\u0119sto zadawanych pytaniach znajdziesz wszystkie najwa\u017cniejsze informacje na temat eTA Canada. Mo\u017cesz wtedy ze spokojem wyjecha\u0107 do krainy klon\u00f3w! Co to jest eTA Kanada? Wydawana przez rz\u0105d Kanady eTA (Electronic Travel Authorisation) jest oficjalnym formularzem pozwalaj\u0105cym podr\u00f3\u017cnym na wjazd do Kanady. Jaka jest r\u00f3\u017cnica mi\u0119dzy AVE a eTA? Nie. [&hellip;]<\/p>\n","protected":false},"author":1,"featured_media":0,"parent":0,"menu_order":0,"comment_status":"closed","ping_status":"closed","template":"","meta":{"footnotes":""},"class_list":["post-4245","page","type-page","status-publish","hentry"],"yoast_head":"<!-- This site is optimized with the Yoast SEO plugin v26.9 - https:\/\/yoast.com\/product\/yoast-seo-wordpress\/ -->\n<title>FAQ eTA Kanada | Odpowiedzi na Twoje pytania<\/title>\n<meta name=\"description\" content=\"Wszystko, co musisz wiedzie\u0107 o upowa\u017cnieniu eTA do podr\u00f3\u017cy do Kanady. Odpowiadamy na wszystkie pytania\" \/>\n<meta name=\"robots\" content=\"index, follow, max-snippet:-1, max-image-preview:large, max-video-preview:-1\" \/>\n<link rel=\"canonical\" href=\"https:\/\/ave-eta-canada.com\/pl\/faq-eta-kanada-odpowiedzi-na-twoje-pytania\/\" \/>\n<meta property=\"og:locale\" content=\"pl_PL\" \/>\n<meta property=\"og:type\" content=\"article\" \/>\n<meta property=\"og:title\" content=\"FAQ eTA Kanada | Odpowiedzi na Twoje pytania\" \/>\n<meta property=\"og:description\" content=\"Wszystko, co musisz wiedzie\u0107 o upowa\u017cnieniu eTA do podr\u00f3\u017cy do Kanady. Odpowiadamy na wszystkie pytania\" \/>\n<meta property=\"og:url\" content=\"https:\/\/ave-eta-canada.com\/pl\/faq-eta-kanada-odpowiedzi-na-twoje-pytania\/\" \/>\n<meta property=\"og:site_name\" content=\"VISA CANADA\" \/>\n<meta property=\"article:modified_time\" content=\"2023-05-09T06:29:29+00:00\" \/>\n<meta name=\"twitter:card\" content=\"summary_large_image\" \/>\n<meta name=\"twitter:label1\" content=\"Szacowany czas czytania\" \/>\n\t<meta name=\"twitter:data1\" content=\"5 minut\" \/>\n<script type=\"application\/ld+json\" class=\"yoast-schema-graph\">{\"@context\":\"https:\/\/schema.org\",\"@graph\":[{\"@type\":\"WebPage\",\"@id\":\"https:\/\/ave-eta-canada.com\/pl\/faq-eta-kanada-odpowiedzi-na-twoje-pytania\/\",\"url\":\"https:\/\/ave-eta-canada.com\/pl\/faq-eta-kanada-odpowiedzi-na-twoje-pytania\/\",\"name\":\"FAQ eTA Kanada | Odpowiedzi na Twoje pytania\",\"isPartOf\":{\"@id\":\"https:\/\/ave-eta-canada.com\/pl\/#website\"},\"datePublished\":\"2023-04-18T14:41:51+00:00\",\"dateModified\":\"2023-05-09T06:29:29+00:00\",\"description\":\"Wszystko, co musisz wiedzie\u0107 o upowa\u017cnieniu eTA do podr\u00f3\u017cy do Kanady. Odpowiadamy na wszystkie pytania\",\"breadcrumb\":{\"@id\":\"https:\/\/ave-eta-canada.com\/pl\/faq-eta-kanada-odpowiedzi-na-twoje-pytania\/#breadcrumb\"},\"inLanguage\":\"pl-PL\",\"potentialAction\":[{\"@type\":\"ReadAction\",\"target\":[\"https:\/\/ave-eta-canada.com\/pl\/faq-eta-kanada-odpowiedzi-na-twoje-pytania\/\"]}]},{\"@type\":\"BreadcrumbList\",\"@id\":\"https:\/\/ave-eta-canada.com\/pl\/faq-eta-kanada-odpowiedzi-na-twoje-pytania\/#breadcrumb\",\"itemListElement\":[{\"@type\":\"ListItem\",\"position\":1,\"name\":\"Home\",\"item\":\"https:\/\/ave-eta-canada.com\/pl\/\"},{\"@type\":\"ListItem\",\"position\":2,\"name\":\"FAQ eTA Kanada | Odpowiedzi na Twoje pytania\"}]},{\"@type\":\"WebSite\",\"@id\":\"https:\/\/ave-eta-canada.com\/pl\/#website\",\"url\":\"https:\/\/ave-eta-canada.com\/pl\/\",\"name\":\"VISA CANADA\",\"description\":\"Autorisation Voyage Electronique\",\"potentialAction\":[{\"@type\":\"SearchAction\",\"target\":{\"@type\":\"EntryPoint\",\"urlTemplate\":\"https:\/\/ave-eta-canada.com\/pl\/?s={search_term_string}\"},\"query-input\":{\"@type\":\"PropertyValueSpecification\",\"valueRequired\":true,\"valueName\":\"search_term_string\"}}],\"inLanguage\":\"pl-PL\"}]}<\/script>\n<!-- \/ Yoast SEO plugin. -->","yoast_head_json":{"title":"FAQ eTA Kanada | Odpowiedzi na Twoje pytania","description":"Wszystko, co musisz wiedzie\u0107 o upowa\u017cnieniu eTA do podr\u00f3\u017cy do Kanady. Odpowiadamy na wszystkie pytania","robots":{"index":"index","follow":"follow","max-snippet":"max-snippet:-1","max-image-preview":"max-image-preview:large","max-video-preview":"max-video-preview:-1"},"canonical":"https:\/\/ave-eta-canada.com\/pl\/faq-eta-kanada-odpowiedzi-na-twoje-pytania\/","og_locale":"pl_PL","og_type":"article","og_title":"FAQ eTA Kanada | Odpowiedzi na Twoje pytania","og_description":"Wszystko, co musisz wiedzie\u0107 o upowa\u017cnieniu eTA do podr\u00f3\u017cy do Kanady. Odpowiadamy na wszystkie pytania","og_url":"https:\/\/ave-eta-canada.com\/pl\/faq-eta-kanada-odpowiedzi-na-twoje-pytania\/","og_site_name":"VISA CANADA","article_modified_time":"2023-05-09T06:29:29+00:00","twitter_card":"summary_large_image","twitter_misc":{"Szacowany czas czytania":"5 minut"},"schema":{"@context":"https:\/\/schema.org","@graph":[{"@type":"WebPage","@id":"https:\/\/ave-eta-canada.com\/pl\/faq-eta-kanada-odpowiedzi-na-twoje-pytania\/","url":"https:\/\/ave-eta-canada.com\/pl\/faq-eta-kanada-odpowiedzi-na-twoje-pytania\/","name":"FAQ eTA Kanada | Odpowiedzi na Twoje pytania","isPartOf":{"@id":"https:\/\/ave-eta-canada.com\/pl\/#website"},"datePublished":"2023-04-18T14:41:51+00:00","dateModified":"2023-05-09T06:29:29+00:00","description":"Wszystko, co musisz wiedzie\u0107 o upowa\u017cnieniu eTA do podr\u00f3\u017cy do Kanady. Odpowiadamy na wszystkie pytania","breadcrumb":{"@id":"https:\/\/ave-eta-canada.com\/pl\/faq-eta-kanada-odpowiedzi-na-twoje-pytania\/#breadcrumb"},"inLanguage":"pl-PL","potentialAction":[{"@type":"ReadAction","target":["https:\/\/ave-eta-canada.com\/pl\/faq-eta-kanada-odpowiedzi-na-twoje-pytania\/"]}]},{"@type":"BreadcrumbList","@id":"https:\/\/ave-eta-canada.com\/pl\/faq-eta-kanada-odpowiedzi-na-twoje-pytania\/#breadcrumb","itemListElement":[{"@type":"ListItem","position":1,"name":"Home","item":"https:\/\/ave-eta-canada.com\/pl\/"},{"@type":"ListItem","position":2,"name":"FAQ eTA Kanada | Odpowiedzi na Twoje pytania"}]},{"@type":"WebSite","@id":"https:\/\/ave-eta-canada.com\/pl\/#website","url":"https:\/\/ave-eta-canada.com\/pl\/","name":"VISA CANADA","description":"Autorisation Voyage Electronique","potentialAction":[{"@type":"SearchAction","target":{"@type":"EntryPoint","urlTemplate":"https:\/\/ave-eta-canada.com\/pl\/?s={search_term_string}"},"query-input":{"@type":"PropertyValueSpecification","valueRequired":true,"valueName":"search_term_string"}}],"inLanguage":"pl-PL"}]}},"_links":{"self":[{"href":"https:\/\/ave-eta-canada.com\/pl\/wp-json\/wp\/v2\/pages\/4245","targetHints":{"allow":["GET"]}}],"collection":[{"href":"https:\/\/ave-eta-canada.com\/pl\/wp-json\/wp\/v2\/pages"}],"about":[{"href":"https:\/\/ave-eta-canada.com\/pl\/wp-json\/wp\/v2\/types\/page"}],"author":[{"embeddable":true,"href":"https:\/\/ave-eta-canada.com\/pl\/wp-json\/wp\/v2\/users\/1"}],"replies":[{"embeddable":true,"href":"https:\/\/ave-eta-canada.com\/pl\/wp-json\/wp\/v2\/comments?post=4245"}],"version-history":[{"count":0,"href":"https:\/\/ave-eta-canada.com\/pl\/wp-json\/wp\/v2\/pages\/4245\/revisions"}],"wp:attachment":[{"href":"https:\/\/ave-eta-canada.com\/pl\/wp-json\/wp\/v2\/media?parent=4245"}],"curies":[{"name":"wp","href":"https:\/\/api.w.org\/{rel}","templated":true}]}}