{"id":4251,"date":"2023-04-18T14:41:52","date_gmt":"2023-04-18T14:41:52","guid":{"rendered":"https:\/\/ave-eta-canada.com\/arrivecan-canada\/"},"modified":"2025-10-09T09:15:56","modified_gmt":"2025-10-09T09:15:56","slug":"arrivecan-kanada","status":"publish","type":"page","link":"https:\/\/ave-eta-canada.com\/pl\/arrivecan-kanada\/","title":{"rendered":"Formularz internetowy ArriveCAN Canada"},"content":{"rendered":"\n<h1 class=\"wp-block-heading\">ArriveCAN Kanada<\/h1>\n\n<h2 class=\"wp-block-heading\">Czym jest ArriveCAN?<\/h2>\n\n<p>ArriveCAN to aplikacja i us\u0142uga online opracowana przez rz\u0105d Kanady. Umo\u017cliwia podr\u00f3\u017cnym wje\u017cd\u017caj\u0105cym do Kanady przekazanie informacji zwi\u0105zanych z COVID-19: plan kwarantanny, status szczepie\u0144 i wyniki bada\u0144. <\/p>\n\n<p>Od maja 2023 r. <strong>ArriveCAN nie jest ju\u017c obowi\u0105zkow\u0105 formalno\u015bci\u0105<\/strong>. Konieczno\u015b\u0107 uzyskania zezwolenia na podr\u00f3\u017c do Kanady, takiego jak wiza kanadyjska, pozostaje obowi\u0105zkowa.   <\/p>\n\n<p><strong>W przypadku pobytu kr\u00f3tszego ni\u017c 6 miesi\u0119cy<\/strong> wiza turystyczna nie jest wymagana do wjazdu do Kanady. Zezwolenie na podr\u00f3\u017c online mo\u017cna uzyska\u0107 w kilka minut, klikaj\u0105c na <a href=\"https:\/\/ave-eta-canada.com\/pl\/eta-kanada-formularz-online\/\">formularz online<\/a>. <\/p>\n\n<div style=\"height:20px\" aria-hidden=\"true\" class=\"wp-block-spacer\"><\/div>\n\n<h2 class=\"wp-block-heading\">Kiedy nale\u017cy wype\u0142ni\u0107 ArriveCAN?  <\/h2>\n\n<p>Podr\u00f3\u017cni mog\u0105 wype\u0142ni\u0107 ArriveCAN w ci\u0105gu 72 godzin od przybycia do Kanady. Wa\u017cne jest, aby przedstawi\u0107 aktualne i dok\u0142adne informacje, aby u\u0142atwi\u0107 proces wjazdu do kraju. <\/p>\n\n<h2 class=\"wp-block-heading\">Jak wype\u0142ni\u0107 ArriveCAN?  <\/h2>\n\n<p>Aby wype\u0142ni\u0107 ArriveCAN, pobierz aplikacj\u0119 na smartfona lub uzyskaj dost\u0119p do us\u0142ugi online. Utw\u00f3rz konto i post\u0119puj zgodnie z instrukcjami, aby poda\u0107 wymagane informacje. Nale\u017cy przedstawi\u0107 szczeg\u00f3\u0142y, takie jak trasa podr\u00f3\u017cy, stan szczepie\u0144 i odpowiedni plan kwarantanny, je\u015bli jest wymagany.  <\/p>\n\n<h2 class=\"wp-block-heading\">Kto powinien wype\u0142ni\u0107 ArriveCAN?  <\/h2>\n\n<p>Ten proces celny mo\u017ce by\u0107 stosowany przez podr\u00f3\u017cnych wje\u017cd\u017caj\u0105cych do Kanady, niezale\u017cnie od tego, czy s\u0105 Kanadyjczykami, sta\u0142ymi mieszka\u0144cami czy obcokrajowcami. Dotyczy to zar\u00f3wno os\u00f3b doros\u0142ych, jak i niepe\u0142noletnich, cho\u0107 rodzice lub opiekunowie mog\u0105 wype\u0142ni\u0107 ArriveCAN dla dzieci poni\u017cej 16 roku \u017cycia. <\/p>\n\n<h2 class=\"wp-block-heading\">Jaka jest cena ArriveCAN?  <\/h2>\n\n<p>ArriveCAN jest bezp\u0142atn\u0105 us\u0142ug\u0105 oferowan\u0105 przez rz\u0105d Kanady. Za pobranie wniosku lub korzystanie z us\u0142ugi online nie s\u0105 pobierane \u017cadne op\u0142aty. <\/p>\n\n<h2 class=\"wp-block-heading\">Jak pobra\u0107 ArriveCAN?  <\/h2>\n\n<p>ArriveCAN jest dost\u0119pny jako aplikacja na smartfony z systemem Android i iOS. Mo\u017cna j\u0105 pobra\u0107 ze sklepu Google Play dla urz\u0105dze\u0144 z systemem Android lub App Store dla urz\u0105dze\u0144 z systemem iOS. Dost\u0119p do ArriveCAN mo\u017cna uzyska\u0107 r\u00f3wnie\u017c za pomoc\u0105 przegl\u0105darki internetowej, odwiedzaj\u0105c stron\u0119 <a href=\"https:\/\/www.canada.ca\/fr\/agence-services-frontaliers\/services\/arrivecan.html\">rz\u0105du kanadyjskiego<\/a>.  <\/p>\n\n<h2 class=\"wp-block-heading\">Czy ArriveCAN jest obowi\u0105zkowy?  <\/h2>\n\n<p>Nie, od maja 2023 r. ArriveCAN nie jest ju\u017c obowi\u0105zkowy dla podr\u00f3\u017cnych wje\u017cd\u017caj\u0105cych do Kanady.  <\/p>\n\n<h2 class=\"wp-block-heading\">Czy musz\u0119 wype\u0142ni\u0107 ArriveCAN, aby przejecha\u0107 przez Kanad\u0119?  <\/h2>\n\n<p>Nie, podr\u00f3\u017cuj\u0105cy tranzytem przez Kanad\u0119 nie musz\u0105 ju\u017c wype\u0142nia\u0107 ArriveCAN. Przekazane informacje u\u0142atwi\u0105 proces tranzytu i pomog\u0105 w\u0142adzom kanadyjskim zapewni\u0107 bezpiecze\u0144stwo podr\u00f3\u017cnym i mieszka\u0144com. <\/p>\n\n<h2 class=\"wp-block-heading\">Logo aplikacji ArriveCAN w App Store i Google Play<\/h2>\n\n<p>Jest to logo aplikacji ArriveCAN. Aplikacj\u0119 mo\u017cna pobra\u0107 bezp\u0142atnie z Apple App Store i Google Play Store. <\/p>\n\n<figure class=\"wp-block-image size-full\" id=\"ArriveCAN-app\"><img fetchpriority=\"high\" decoding=\"async\" width=\"668\" height=\"407\" src=\"https:\/\/ave-eta-canada.com\/wp-content\/uploads\/2023\/04\/ArriveCAN-app.webp\" alt=\"Aplikacja ArriveCAN\" class=\"wp-image-4897\" title=\"Aplikacja ArriveCAN\" srcset=\"https:\/\/ave-eta-canada.com\/wp-content\/uploads\/2023\/04\/ArriveCAN-app.webp 668w, https:\/\/ave-eta-canada.com\/wp-content\/uploads\/2023\/04\/ArriveCAN-app-300x183.webp 300w\" sizes=\"(max-width: 668px) 100vw, 668px\" \/><\/figure>\n","protected":false},"excerpt":{"rendered":"<p>ArriveCAN Kanada Czym jest ArriveCAN? ArriveCAN to aplikacja i us\u0142uga online opracowana przez rz\u0105d Kanady. Umo\u017cliwia podr\u00f3\u017cnym wje\u017cd\u017caj\u0105cym do Kanady przekazanie informacji zwi\u0105zanych z COVID-19: plan kwarantanny, status szczepie\u0144 i wyniki bada\u0144. Od maja 2023 r. ArriveCAN nie jest ju\u017c obowi\u0105zkow\u0105 formalno\u015bci\u0105. Konieczno\u015b\u0107 uzyskania zezwolenia na podr\u00f3\u017c do Kanady, takiego jak wiza kanadyjska, pozostaje obowi\u0105zkowa. [&hellip;]<\/p>\n","protected":false},"author":1,"featured_media":0,"parent":0,"menu_order":0,"comment_status":"closed","ping_status":"closed","template":"","meta":{"footnotes":""},"class_list":["post-4251","page","type-page","status-publish","hentry"],"yoast_head":"<!-- This site is optimized with the Yoast SEO plugin v26.9 - https:\/\/yoast.com\/product\/yoast-seo-wordpress\/ -->\n<title>Formularz internetowy ArriveCAN Canada<\/title>\n<meta name=\"description\" content=\"Arrivecan to aplikacja rz\u0105du kanadyjskiego s\u0142u\u017c\u0105ca do udzielania informacji o podr\u00f3\u017cach. Podr\u00f3\u017cni wje\u017cd\u017caj\u0105cy do Kanady musz\u0105 si\u0119 zalogowa\u0107\" \/>\n<meta name=\"robots\" content=\"index, follow, max-snippet:-1, max-image-preview:large, max-video-preview:-1\" \/>\n<link rel=\"canonical\" href=\"https:\/\/ave-eta-canada.com\/pl\/arrivecan-kanada\/\" \/>\n<meta property=\"og:locale\" content=\"pl_PL\" \/>\n<meta property=\"og:type\" content=\"article\" \/>\n<meta property=\"og:title\" content=\"Formularz internetowy ArriveCAN Canada\" \/>\n<meta property=\"og:description\" content=\"Arrivecan to aplikacja rz\u0105du kanadyjskiego s\u0142u\u017c\u0105ca do udzielania informacji o podr\u00f3\u017cach. Podr\u00f3\u017cni wje\u017cd\u017caj\u0105cy do Kanady musz\u0105 si\u0119 zalogowa\u0107\" \/>\n<meta property=\"og:url\" content=\"https:\/\/ave-eta-canada.com\/pl\/arrivecan-kanada\/\" \/>\n<meta property=\"og:site_name\" content=\"VISA CANADA\" \/>\n<meta property=\"article:modified_time\" content=\"2025-10-09T09:15:56+00:00\" \/>\n<meta property=\"og:image\" content=\"https:\/\/ave-eta-canada.com\/wp-content\/uploads\/2023\/04\/ArriveCAN-app.webp\" \/>\n\t<meta property=\"og:image:width\" content=\"668\" \/>\n\t<meta property=\"og:image:height\" content=\"407\" \/>\n\t<meta property=\"og:image:type\" content=\"image\/webp\" \/>\n<meta name=\"twitter:card\" content=\"summary_large_image\" \/>\n<meta name=\"twitter:label1\" content=\"Szacowany czas czytania\" \/>\n\t<meta name=\"twitter:data1\" content=\"2 minuty\" \/>\n<script type=\"application\/ld+json\" class=\"yoast-schema-graph\">{\"@context\":\"https:\/\/schema.org\",\"@graph\":[{\"@type\":\"WebPage\",\"@id\":\"https:\/\/ave-eta-canada.com\/pl\/arrivecan-kanada\/\",\"url\":\"https:\/\/ave-eta-canada.com\/pl\/arrivecan-kanada\/\",\"name\":\"Formularz internetowy ArriveCAN Canada\",\"isPartOf\":{\"@id\":\"https:\/\/ave-eta-canada.com\/pl\/#website\"},\"primaryImageOfPage\":{\"@id\":\"https:\/\/ave-eta-canada.com\/pl\/arrivecan-kanada\/#primaryimage\"},\"image\":{\"@id\":\"https:\/\/ave-eta-canada.com\/pl\/arrivecan-kanada\/#primaryimage\"},\"thumbnailUrl\":\"https:\/\/ave-eta-canada.com\/wp-content\/uploads\/2023\/04\/ArriveCAN-app.webp\",\"datePublished\":\"2023-04-18T14:41:52+00:00\",\"dateModified\":\"2025-10-09T09:15:56+00:00\",\"description\":\"Arrivecan to aplikacja rz\u0105du kanadyjskiego s\u0142u\u017c\u0105ca do udzielania informacji o podr\u00f3\u017cach. Podr\u00f3\u017cni wje\u017cd\u017caj\u0105cy do Kanady musz\u0105 si\u0119 zalogowa\u0107\",\"breadcrumb\":{\"@id\":\"https:\/\/ave-eta-canada.com\/pl\/arrivecan-kanada\/#breadcrumb\"},\"inLanguage\":\"pl-PL\",\"potentialAction\":[{\"@type\":\"ReadAction\",\"target\":[\"https:\/\/ave-eta-canada.com\/pl\/arrivecan-kanada\/\"]}]},{\"@type\":\"ImageObject\",\"inLanguage\":\"pl-PL\",\"@id\":\"https:\/\/ave-eta-canada.com\/pl\/arrivecan-kanada\/#primaryimage\",\"url\":\"https:\/\/ave-eta-canada.com\/wp-content\/uploads\/2023\/04\/ArriveCAN-app.webp\",\"contentUrl\":\"https:\/\/ave-eta-canada.com\/wp-content\/uploads\/2023\/04\/ArriveCAN-app.webp\"},{\"@type\":\"BreadcrumbList\",\"@id\":\"https:\/\/ave-eta-canada.com\/pl\/arrivecan-kanada\/#breadcrumb\",\"itemListElement\":[{\"@type\":\"ListItem\",\"position\":1,\"name\":\"Home\",\"item\":\"https:\/\/ave-eta-canada.com\/pl\/\"},{\"@type\":\"ListItem\",\"position\":2,\"name\":\"Formularz internetowy ArriveCAN Canada\"}]},{\"@type\":\"WebSite\",\"@id\":\"https:\/\/ave-eta-canada.com\/pl\/#website\",\"url\":\"https:\/\/ave-eta-canada.com\/pl\/\",\"name\":\"VISA CANADA\",\"description\":\"Autorisation Voyage Electronique\",\"potentialAction\":[{\"@type\":\"SearchAction\",\"target\":{\"@type\":\"EntryPoint\",\"urlTemplate\":\"https:\/\/ave-eta-canada.com\/pl\/?s={search_term_string}\"},\"query-input\":{\"@type\":\"PropertyValueSpecification\",\"valueRequired\":true,\"valueName\":\"search_term_string\"}}],\"inLanguage\":\"pl-PL\"}]}<\/script>\n<!-- \/ Yoast SEO plugin. -->","yoast_head_json":{"title":"Formularz internetowy ArriveCAN Canada","description":"Arrivecan to aplikacja rz\u0105du kanadyjskiego s\u0142u\u017c\u0105ca do udzielania informacji o podr\u00f3\u017cach. Podr\u00f3\u017cni wje\u017cd\u017caj\u0105cy do Kanady musz\u0105 si\u0119 zalogowa\u0107","robots":{"index":"index","follow":"follow","max-snippet":"max-snippet:-1","max-image-preview":"max-image-preview:large","max-video-preview":"max-video-preview:-1"},"canonical":"https:\/\/ave-eta-canada.com\/pl\/arrivecan-kanada\/","og_locale":"pl_PL","og_type":"article","og_title":"Formularz internetowy ArriveCAN Canada","og_description":"Arrivecan to aplikacja rz\u0105du kanadyjskiego s\u0142u\u017c\u0105ca do udzielania informacji o podr\u00f3\u017cach. Podr\u00f3\u017cni wje\u017cd\u017caj\u0105cy do Kanady musz\u0105 si\u0119 zalogowa\u0107","og_url":"https:\/\/ave-eta-canada.com\/pl\/arrivecan-kanada\/","og_site_name":"VISA CANADA","article_modified_time":"2025-10-09T09:15:56+00:00","og_image":[{"width":668,"height":407,"url":"https:\/\/ave-eta-canada.com\/wp-content\/uploads\/2023\/04\/ArriveCAN-app.webp","type":"image\/webp"}],"twitter_card":"summary_large_image","twitter_misc":{"Szacowany czas czytania":"2 minuty"},"schema":{"@context":"https:\/\/schema.org","@graph":[{"@type":"WebPage","@id":"https:\/\/ave-eta-canada.com\/pl\/arrivecan-kanada\/","url":"https:\/\/ave-eta-canada.com\/pl\/arrivecan-kanada\/","name":"Formularz internetowy ArriveCAN Canada","isPartOf":{"@id":"https:\/\/ave-eta-canada.com\/pl\/#website"},"primaryImageOfPage":{"@id":"https:\/\/ave-eta-canada.com\/pl\/arrivecan-kanada\/#primaryimage"},"image":{"@id":"https:\/\/ave-eta-canada.com\/pl\/arrivecan-kanada\/#primaryimage"},"thumbnailUrl":"https:\/\/ave-eta-canada.com\/wp-content\/uploads\/2023\/04\/ArriveCAN-app.webp","datePublished":"2023-04-18T14:41:52+00:00","dateModified":"2025-10-09T09:15:56+00:00","description":"Arrivecan to aplikacja rz\u0105du kanadyjskiego s\u0142u\u017c\u0105ca do udzielania informacji o podr\u00f3\u017cach. Podr\u00f3\u017cni wje\u017cd\u017caj\u0105cy do Kanady musz\u0105 si\u0119 zalogowa\u0107","breadcrumb":{"@id":"https:\/\/ave-eta-canada.com\/pl\/arrivecan-kanada\/#breadcrumb"},"inLanguage":"pl-PL","potentialAction":[{"@type":"ReadAction","target":["https:\/\/ave-eta-canada.com\/pl\/arrivecan-kanada\/"]}]},{"@type":"ImageObject","inLanguage":"pl-PL","@id":"https:\/\/ave-eta-canada.com\/pl\/arrivecan-kanada\/#primaryimage","url":"https:\/\/ave-eta-canada.com\/wp-content\/uploads\/2023\/04\/ArriveCAN-app.webp","contentUrl":"https:\/\/ave-eta-canada.com\/wp-content\/uploads\/2023\/04\/ArriveCAN-app.webp"},{"@type":"BreadcrumbList","@id":"https:\/\/ave-eta-canada.com\/pl\/arrivecan-kanada\/#breadcrumb","itemListElement":[{"@type":"ListItem","position":1,"name":"Home","item":"https:\/\/ave-eta-canada.com\/pl\/"},{"@type":"ListItem","position":2,"name":"Formularz internetowy ArriveCAN Canada"}]},{"@type":"WebSite","@id":"https:\/\/ave-eta-canada.com\/pl\/#website","url":"https:\/\/ave-eta-canada.com\/pl\/","name":"VISA CANADA","description":"Autorisation Voyage Electronique","potentialAction":[{"@type":"SearchAction","target":{"@type":"EntryPoint","urlTemplate":"https:\/\/ave-eta-canada.com\/pl\/?s={search_term_string}"},"query-input":{"@type":"PropertyValueSpecification","valueRequired":true,"valueName":"search_term_string"}}],"inLanguage":"pl-PL"}]}},"_links":{"self":[{"href":"https:\/\/ave-eta-canada.com\/pl\/wp-json\/wp\/v2\/pages\/4251","targetHints":{"allow":["GET"]}}],"collection":[{"href":"https:\/\/ave-eta-canada.com\/pl\/wp-json\/wp\/v2\/pages"}],"about":[{"href":"https:\/\/ave-eta-canada.com\/pl\/wp-json\/wp\/v2\/types\/page"}],"author":[{"embeddable":true,"href":"https:\/\/ave-eta-canada.com\/pl\/wp-json\/wp\/v2\/users\/1"}],"replies":[{"embeddable":true,"href":"https:\/\/ave-eta-canada.com\/pl\/wp-json\/wp\/v2\/comments?post=4251"}],"version-history":[{"count":2,"href":"https:\/\/ave-eta-canada.com\/pl\/wp-json\/wp\/v2\/pages\/4251\/revisions"}],"predecessor-version":[{"id":6297,"href":"https:\/\/ave-eta-canada.com\/pl\/wp-json\/wp\/v2\/pages\/4251\/revisions\/6297"}],"wp:attachment":[{"href":"https:\/\/ave-eta-canada.com\/pl\/wp-json\/wp\/v2\/media?parent=4251"}],"curies":[{"name":"wp","href":"https:\/\/api.w.org\/{rel}","templated":true}]}}