{"id":4258,"date":"2023-04-18T14:41:53","date_gmt":"2023-04-18T14:41:53","guid":{"rendered":"https:\/\/ave-eta-canada.com\/wiadomosci-o-fali\/"},"modified":"2023-05-08T14:08:20","modified_gmt":"2023-05-08T14:08:20","slug":"wiadomosci-o-eta","status":"publish","type":"page","link":"https:\/\/ave-eta-canada.com\/pl\/wiadomosci-o-eta\/","title":{"rendered":"Wiadomo\u015bci o eTA"},"content":{"rendered":"\n<h1 class=\"wp-block-heading\">Najnowsze wiadomo\u015bci dotycz\u0105ce zezwolenia eTA i podr\u00f3\u017cy do Kanady<\/h1>\n\n<p>W tym dziale dowiedz si\u0119, co nowego w oficjalnym dokumencie eTA i co nowego w Kanadzie. Je\u015bli potrzebujesz wi\u0119cej informacji na temat swojej podr\u00f3\u017cy, zapoznaj si\u0119 ze stron\u0105 <a>pomocy<\/a>, <a>s\u0142ownikiem<\/a> i <a>cz\u0119sto zadawanymi pytaniami<\/a>.<\/p>\n\n<p><\/p>\n","protected":false},"excerpt":{"rendered":"<p>Najnowsze wiadomo\u015bci dotycz\u0105ce zezwolenia eTA i podr\u00f3\u017cy do Kanady W tym dziale dowiedz si\u0119, co nowego w oficjalnym dokumencie eTA i co nowego w Kanadzie. Je\u015bli potrzebujesz wi\u0119cej informacji na temat swojej podr\u00f3\u017cy, zapoznaj si\u0119 ze stron\u0105 pomocy, s\u0142ownikiem i cz\u0119sto zadawanymi pytaniami.<\/p>\n","protected":false},"author":1,"featured_media":0,"parent":0,"menu_order":0,"comment_status":"closed","ping_status":"closed","template":"","meta":{"footnotes":""},"class_list":["post-4258","page","type-page","status-publish","hentry"],"yoast_head":"<!-- This site is optimized with the Yoast SEO plugin v26.9 - https:\/\/yoast.com\/product\/yoast-seo-wordpress\/ -->\n<title>Wiadomo\u015bci o eTA<\/title>\n<meta name=\"description\" content=\"Przygotowujesz si\u0119 do podr\u00f3\u017cy do Kanady z upowa\u017cnieniem eTA? Odkryj wszystkie wiadomo\u015bci zwi\u0105zane z Twoj\u0105 podr\u00f3\u017c\u0105 w tej sekcji wiadomo\u015bci.\" \/>\n<meta name=\"robots\" content=\"index, follow, max-snippet:-1, max-image-preview:large, max-video-preview:-1\" \/>\n<link rel=\"canonical\" href=\"https:\/\/ave-eta-canada.com\/pl\/wiadomosci-o-eta\/\" \/>\n<meta property=\"og:locale\" content=\"pl_PL\" \/>\n<meta property=\"og:type\" content=\"article\" \/>\n<meta property=\"og:title\" content=\"Wiadomo\u015bci o eTA\" \/>\n<meta property=\"og:description\" content=\"Przygotowujesz si\u0119 do podr\u00f3\u017cy do Kanady z upowa\u017cnieniem eTA? Odkryj wszystkie wiadomo\u015bci zwi\u0105zane z Twoj\u0105 podr\u00f3\u017c\u0105 w tej sekcji wiadomo\u015bci.\" \/>\n<meta property=\"og:url\" content=\"https:\/\/ave-eta-canada.com\/pl\/wiadomosci-o-eta\/\" \/>\n<meta property=\"og:site_name\" content=\"VISA CANADA\" \/>\n<meta property=\"article:modified_time\" content=\"2023-05-08T14:08:20+00:00\" \/>\n<meta name=\"twitter:card\" content=\"summary_large_image\" \/>\n<script type=\"application\/ld+json\" class=\"yoast-schema-graph\">{\"@context\":\"https:\/\/schema.org\",\"@graph\":[{\"@type\":\"WebPage\",\"@id\":\"https:\/\/ave-eta-canada.com\/pl\/wiadomosci-o-eta\/\",\"url\":\"https:\/\/ave-eta-canada.com\/pl\/wiadomosci-o-eta\/\",\"name\":\"Wiadomo\u015bci o eTA\",\"isPartOf\":{\"@id\":\"https:\/\/ave-eta-canada.com\/pl\/#website\"},\"datePublished\":\"2023-04-18T14:41:53+00:00\",\"dateModified\":\"2023-05-08T14:08:20+00:00\",\"description\":\"Przygotowujesz si\u0119 do podr\u00f3\u017cy do Kanady z upowa\u017cnieniem eTA? Odkryj wszystkie wiadomo\u015bci zwi\u0105zane z Twoj\u0105 podr\u00f3\u017c\u0105 w tej sekcji wiadomo\u015bci.\",\"breadcrumb\":{\"@id\":\"https:\/\/ave-eta-canada.com\/pl\/wiadomosci-o-eta\/#breadcrumb\"},\"inLanguage\":\"pl-PL\",\"potentialAction\":[{\"@type\":\"ReadAction\",\"target\":[\"https:\/\/ave-eta-canada.com\/pl\/wiadomosci-o-eta\/\"]}]},{\"@type\":\"BreadcrumbList\",\"@id\":\"https:\/\/ave-eta-canada.com\/pl\/wiadomosci-o-eta\/#breadcrumb\",\"itemListElement\":[{\"@type\":\"ListItem\",\"position\":1,\"name\":\"Home\",\"item\":\"https:\/\/ave-eta-canada.com\/pl\/\"},{\"@type\":\"ListItem\",\"position\":2,\"name\":\"Wiadomo\u015bci o eTA\"}]},{\"@type\":\"WebSite\",\"@id\":\"https:\/\/ave-eta-canada.com\/pl\/#website\",\"url\":\"https:\/\/ave-eta-canada.com\/pl\/\",\"name\":\"VISA CANADA\",\"description\":\"Autorisation Voyage Electronique\",\"potentialAction\":[{\"@type\":\"SearchAction\",\"target\":{\"@type\":\"EntryPoint\",\"urlTemplate\":\"https:\/\/ave-eta-canada.com\/pl\/?s={search_term_string}\"},\"query-input\":{\"@type\":\"PropertyValueSpecification\",\"valueRequired\":true,\"valueName\":\"search_term_string\"}}],\"inLanguage\":\"pl-PL\"}]}<\/script>\n<!-- \/ Yoast SEO plugin. -->","yoast_head_json":{"title":"Wiadomo\u015bci o eTA","description":"Przygotowujesz si\u0119 do podr\u00f3\u017cy do Kanady z upowa\u017cnieniem eTA? Odkryj wszystkie wiadomo\u015bci zwi\u0105zane z Twoj\u0105 podr\u00f3\u017c\u0105 w tej sekcji wiadomo\u015bci.","robots":{"index":"index","follow":"follow","max-snippet":"max-snippet:-1","max-image-preview":"max-image-preview:large","max-video-preview":"max-video-preview:-1"},"canonical":"https:\/\/ave-eta-canada.com\/pl\/wiadomosci-o-eta\/","og_locale":"pl_PL","og_type":"article","og_title":"Wiadomo\u015bci o eTA","og_description":"Przygotowujesz si\u0119 do podr\u00f3\u017cy do Kanady z upowa\u017cnieniem eTA? Odkryj wszystkie wiadomo\u015bci zwi\u0105zane z Twoj\u0105 podr\u00f3\u017c\u0105 w tej sekcji wiadomo\u015bci.","og_url":"https:\/\/ave-eta-canada.com\/pl\/wiadomosci-o-eta\/","og_site_name":"VISA CANADA","article_modified_time":"2023-05-08T14:08:20+00:00","twitter_card":"summary_large_image","schema":{"@context":"https:\/\/schema.org","@graph":[{"@type":"WebPage","@id":"https:\/\/ave-eta-canada.com\/pl\/wiadomosci-o-eta\/","url":"https:\/\/ave-eta-canada.com\/pl\/wiadomosci-o-eta\/","name":"Wiadomo\u015bci o eTA","isPartOf":{"@id":"https:\/\/ave-eta-canada.com\/pl\/#website"},"datePublished":"2023-04-18T14:41:53+00:00","dateModified":"2023-05-08T14:08:20+00:00","description":"Przygotowujesz si\u0119 do podr\u00f3\u017cy do Kanady z upowa\u017cnieniem eTA? Odkryj wszystkie wiadomo\u015bci zwi\u0105zane z Twoj\u0105 podr\u00f3\u017c\u0105 w tej sekcji wiadomo\u015bci.","breadcrumb":{"@id":"https:\/\/ave-eta-canada.com\/pl\/wiadomosci-o-eta\/#breadcrumb"},"inLanguage":"pl-PL","potentialAction":[{"@type":"ReadAction","target":["https:\/\/ave-eta-canada.com\/pl\/wiadomosci-o-eta\/"]}]},{"@type":"BreadcrumbList","@id":"https:\/\/ave-eta-canada.com\/pl\/wiadomosci-o-eta\/#breadcrumb","itemListElement":[{"@type":"ListItem","position":1,"name":"Home","item":"https:\/\/ave-eta-canada.com\/pl\/"},{"@type":"ListItem","position":2,"name":"Wiadomo\u015bci o eTA"}]},{"@type":"WebSite","@id":"https:\/\/ave-eta-canada.com\/pl\/#website","url":"https:\/\/ave-eta-canada.com\/pl\/","name":"VISA CANADA","description":"Autorisation Voyage Electronique","potentialAction":[{"@type":"SearchAction","target":{"@type":"EntryPoint","urlTemplate":"https:\/\/ave-eta-canada.com\/pl\/?s={search_term_string}"},"query-input":{"@type":"PropertyValueSpecification","valueRequired":true,"valueName":"search_term_string"}}],"inLanguage":"pl-PL"}]}},"_links":{"self":[{"href":"https:\/\/ave-eta-canada.com\/pl\/wp-json\/wp\/v2\/pages\/4258","targetHints":{"allow":["GET"]}}],"collection":[{"href":"https:\/\/ave-eta-canada.com\/pl\/wp-json\/wp\/v2\/pages"}],"about":[{"href":"https:\/\/ave-eta-canada.com\/pl\/wp-json\/wp\/v2\/types\/page"}],"author":[{"embeddable":true,"href":"https:\/\/ave-eta-canada.com\/pl\/wp-json\/wp\/v2\/users\/1"}],"replies":[{"embeddable":true,"href":"https:\/\/ave-eta-canada.com\/pl\/wp-json\/wp\/v2\/comments?post=4258"}],"version-history":[{"count":0,"href":"https:\/\/ave-eta-canada.com\/pl\/wp-json\/wp\/v2\/pages\/4258\/revisions"}],"wp:attachment":[{"href":"https:\/\/ave-eta-canada.com\/pl\/wp-json\/wp\/v2\/media?parent=4258"}],"curies":[{"name":"wp","href":"https:\/\/api.w.org\/{rel}","templated":true}]}}