{"id":4280,"date":"2023-04-18T14:41:56","date_gmt":"2023-04-18T14:41:56","guid":{"rendered":"https:\/\/ave-eta-canada.com\/ave-canada-covid-19-travel-restrictions-a-day\/"},"modified":"2025-10-09T09:05:45","modified_gmt":"2025-10-09T09:05:45","slug":"eta-kanada-covid-19-zaktualizowane-ograniczenia-prodrozy","status":"publish","type":"page","link":"https:\/\/ave-eta-canada.com\/pl\/eta-kanada-covid-19-zaktualizowane-ograniczenia-prodrozy\/","title":{"rendered":"ETA Canada &#8211; COVID 19 zaktualizowa\u0142 ograniczenia w podr\u00f3\u017cowaniu"},"content":{"rendered":"\t\t<div data-elementor-type=\"wp-page\" data-elementor-id=\"4280\" class=\"elementor elementor-4280 elementor-1195\" data-elementor-post-type=\"page\">\n\t\t\t\t\t\t<section class=\"elementor-section elementor-top-section elementor-element elementor-element-b820ec9 elementor-section-boxed elementor-section-height-default elementor-section-height-default\" data-id=\"b820ec9\" data-element_type=\"section\" data-e-type=\"section\">\n\t\t\t\t\t\t<div class=\"elementor-container elementor-column-gap-default\">\n\t\t\t\t\t<div class=\"elementor-column elementor-col-100 elementor-top-column elementor-element elementor-element-e20cc56\" data-id=\"e20cc56\" data-element_type=\"column\" data-e-type=\"column\">\n\t\t\t<div class=\"elementor-widget-wrap elementor-element-populated\">\n\t\t\t\t\t\t<div class=\"elementor-element elementor-element-f35a835 elementor-widget elementor-widget-heading\" data-id=\"f35a835\" data-element_type=\"widget\" data-e-type=\"widget\" data-widget_type=\"heading.default\">\n\t\t\t\t<div class=\"elementor-widget-container\">\n\t\t\t\t\t<h1 class=\"elementor-heading-title elementor-size-default\">Koniec ogranicze\u0144 zwi\u0105zanych z kryzysem zdrowotnym COVID-19<\/h1>\t\t\t\t<\/div>\n\t\t\t\t<\/div>\n\t\t\t\t\t<\/div>\n\t\t<\/div>\n\t\t\t\t\t<\/div>\n\t\t<\/section>\n\t\t\t\t<section class=\"elementor-section elementor-top-section elementor-element elementor-element-7752861 elementor-section-boxed elementor-section-height-default elementor-section-height-default\" data-id=\"7752861\" data-element_type=\"section\" data-e-type=\"section\">\n\t\t\t\t\t\t<div class=\"elementor-container elementor-column-gap-default\">\n\t\t\t\t\t<div class=\"elementor-column elementor-col-100 elementor-top-column elementor-element elementor-element-e662d5f\" data-id=\"e662d5f\" data-element_type=\"column\" data-e-type=\"column\">\n\t\t\t<div class=\"elementor-widget-wrap elementor-element-populated\">\n\t\t\t\t\t\t<div class=\"elementor-element elementor-element-80b7c62 elementor-widget elementor-widget-text-editor\" data-id=\"80b7c62\" data-element_type=\"widget\" data-e-type=\"widget\" data-widget_type=\"text-editor.default\">\n\t\t\t\t<div class=\"elementor-widget-container\">\n\t\t\t\t\t\t\t\t\t<p><strong>Preambu\u0142a<\/strong>: Oto najnowsze informacje na temat rozwoju kryzysu zdrowotnego zwi\u0105zanego z COVID-19. Informacje na tej stronie s\u0105 w miar\u0119 mo\u017cliwo\u015bci aktualizowane zgodnie z nowymi decyzjami podejmowanymi przez administracj\u0119 kanadyjsk\u0105. Od maja 2023 r. zniesiono wi\u0119kszo\u015b\u0107 ogranicze\u0144 dla os\u00f3b podr\u00f3\u017cuj\u0105cych do Kanady.  <\/p><p><strong>W przypadku pobytu w Kanadzie kr\u00f3tszego ni\u017c 6 miesi\u0119cy<\/strong>: formalno\u015bci zwi\u0105zanych z wjazdem do Kanady mo\u017cna dope\u0142ni\u0107 bezpo\u015brednio przez Internet, klikaj\u0105c na <a href=\"https:\/\/ave-eta-canada.com\/pl\/eta-kanada-formularz-online\/\">formularz online<\/a>. Nie jest konieczne umawianie si\u0119 na spotkanie w ambasadzie lub konsulacie Kanady.<\/p><h2>Koniec ogranicze\u0144 zwi\u0105zanych z COVID dla os\u00f3b podr\u00f3\u017cuj\u0105cych do Kanady<\/h2><p>\u015arodki zapobiegawcze zwi\u0105zane z COVID-19 wprowadzone w listopadzie 2021 r. w celu ponownego otwarcia granic Kanady zosta\u0142y wycofane w maju 2023 r. <span style=\"background-color: transparent;\"> Podr\u00f3\u017cni<\/span> nie s\u0105 ju\u017c proszeni<span style=\"background-color: transparent;\"> o przedstawienie<\/span> <span style=\"background-color: transparent;\">dowodu szczepienia lub<\/span><span style=\"background-color: transparent;\"> test\u00f3w przesiewowych przy wej\u015bciu na pok\u0142ad samolotu do Kanady.<\/span><\/p>\t\t\t\t\t\t\t\t<\/div>\n\t\t\t\t<\/div>\n\t\t\t\t\t<\/div>\n\t\t<\/div>\n\t\t\t\t\t<\/div>\n\t\t<\/section>\n\t\t\t\t<section class=\"elementor-section elementor-top-section elementor-element elementor-element-dca40c8 elementor-section-boxed elementor-section-height-default elementor-section-height-default\" data-id=\"dca40c8\" data-element_type=\"section\" data-e-type=\"section\">\n\t\t\t\t\t\t<div class=\"elementor-container elementor-column-gap-default\">\n\t\t\t\t\t<div class=\"elementor-column elementor-col-100 elementor-top-column elementor-element elementor-element-4aaedc7\" data-id=\"4aaedc7\" data-element_type=\"column\" data-e-type=\"column\">\n\t\t\t<div class=\"elementor-widget-wrap elementor-element-populated\">\n\t\t\t\t\t\t<div class=\"elementor-element elementor-element-8cf9d43 elementor-widget elementor-widget-toggle\" data-id=\"8cf9d43\" data-element_type=\"widget\" data-e-type=\"widget\" data-widget_type=\"toggle.default\">\n\t\t\t\t<div class=\"elementor-widget-container\">\n\t\t\t\t\t\t\t<div class=\"elementor-toggle\">\n\t\t\t\t\t\t\t<div class=\"elementor-toggle-item\">\n\t\t\t\t\t<h2 id=\"elementor-tab-title-1471\" class=\"elementor-tab-title\" data-tab=\"1\" role=\"button\" aria-controls=\"elementor-tab-content-1471\" aria-expanded=\"false\">\n\t\t\t\t\t\t\t\t\t\t\t\t<span class=\"elementor-toggle-icon elementor-toggle-icon-left\" aria-hidden=\"true\">\n\t\t\t\t\t\t\t\t\t\t\t\t\t\t\t<span class=\"elementor-toggle-icon-closed\"><i class=\"fas fa-caret-right\"><\/i><\/span>\n\t\t\t\t\t\t\t\t<span class=\"elementor-toggle-icon-opened\"><i class=\"elementor-toggle-icon-opened fas fa-caret-up\"><\/i><\/span>\n\t\t\t\t\t\t\t\t\t\t\t\t\t<\/span>\n\t\t\t\t\t\t\t\t\t\t\t\t<a class=\"elementor-toggle-title\" tabindex=\"0\">Czy nadal musz\u0119 wype\u0142ni\u0107 ArriveCAN przed wjazdem do Kanady?<\/a>\n\t\t\t\t\t<\/h2>\n\n\t\t\t\t\t<div id=\"elementor-tab-content-1471\" class=\"elementor-tab-content elementor-clearfix\" data-tab=\"1\" role=\"region\" aria-labelledby=\"elementor-tab-title-1471\"><p><a href=\"https:\/\/ave-eta-canada.com\/pl\/arrivecan-kanada\/\">ArriveCAN<\/a> jest aplikacj\u0105 rz\u0105du kanadyjskiego. Zosta\u0142 on wykorzystany do zarz\u0105dzania informacjami dla podr\u00f3\u017cnych wje\u017cd\u017caj\u0105cych do Kanady po pandemii COVID-19. U\u0142atwi\u0142o to zachowanie zgodno\u015bci z kanadyjskimi wymogami w zakresie zdrowia publicznego.<\/p>\n<p>Aplikacja <a href=\"https:\/\/ave-eta-canada.com\/pl\/arrivecan-kanada\/\">ArriveCAN<\/a> zosta\u0142a wdro\u017cona w listopadzie 2020 roku. Od maja 2023 r. <b>podr\u00f3\u017cni nie musz\u0105 ju\u017c wype\u0142nia\u0107 ArriveCAN<\/b> w ci\u0105gu 72 godzin od przybycia do Kanady.<\/p>\n<\/div>\n\t\t\t\t<\/div>\n\t\t\t\t\t\t\t<div class=\"elementor-toggle-item\">\n\t\t\t\t\t<h2 id=\"elementor-tab-title-1472\" class=\"elementor-tab-title\" data-tab=\"2\" role=\"button\" aria-controls=\"elementor-tab-content-1472\" aria-expanded=\"false\">\n\t\t\t\t\t\t\t\t\t\t\t\t<span class=\"elementor-toggle-icon elementor-toggle-icon-left\" aria-hidden=\"true\">\n\t\t\t\t\t\t\t\t\t\t\t\t\t\t\t<span class=\"elementor-toggle-icon-closed\"><i class=\"fas fa-caret-right\"><\/i><\/span>\n\t\t\t\t\t\t\t\t<span class=\"elementor-toggle-icon-opened\"><i class=\"elementor-toggle-icon-opened fas fa-caret-up\"><\/i><\/span>\n\t\t\t\t\t\t\t\t\t\t\t\t\t<\/span>\n\t\t\t\t\t\t\t\t\t\t\t\t<a class=\"elementor-toggle-title\" tabindex=\"0\">Czy musz\u0119 by\u0107 zaszczepiony, aby wjecha\u0107 do Kanady?<\/a>\n\t\t\t\t\t<\/h2>\n\n\t\t\t\t\t<div id=\"elementor-tab-content-1472\" class=\"elementor-tab-content elementor-clearfix\" data-tab=\"2\" role=\"region\" aria-labelledby=\"elementor-tab-title-1472\"><p>Od maja 2023 r. nie trzeba <b>ju\u017c by\u0107 zaszczepionym, aby wjecha\u0107 do Kanady<\/b>. Negatywne testy na COVID-19 nie s\u0105 ju\u017c wymagane do wjazdu do kraju. Linie lotnicze nie sprawdzaj\u0105 ju\u017c statusu szczepie\u0144 wszystkich podr\u00f3\u017cnych przed wej\u015bciem na pok\u0142ad.  <\/p>\n<\/div>\n\t\t\t\t<\/div>\n\t\t\t\t\t\t\t<div class=\"elementor-toggle-item\">\n\t\t\t\t\t<h2 id=\"elementor-tab-title-1473\" class=\"elementor-tab-title\" data-tab=\"3\" role=\"button\" aria-controls=\"elementor-tab-content-1473\" aria-expanded=\"false\">\n\t\t\t\t\t\t\t\t\t\t\t\t<span class=\"elementor-toggle-icon elementor-toggle-icon-left\" aria-hidden=\"true\">\n\t\t\t\t\t\t\t\t\t\t\t\t\t\t\t<span class=\"elementor-toggle-icon-closed\"><i class=\"fas fa-caret-right\"><\/i><\/span>\n\t\t\t\t\t\t\t\t<span class=\"elementor-toggle-icon-opened\"><i class=\"elementor-toggle-icon-opened fas fa-caret-up\"><\/i><\/span>\n\t\t\t\t\t\t\t\t\t\t\t\t\t<\/span>\n\t\t\t\t\t\t\t\t\t\t\t\t<a class=\"elementor-toggle-title\" tabindex=\"0\">Czy musz\u0119 mie\u0107 negatywny wynik testu COVID w Kanadzie, aby opu\u015bci\u0107 kraj na mniej ni\u017c 72 godziny?<\/a>\n\t\t\t\t\t<\/h2>\n\n\t\t\t\t\t<div id=\"elementor-tab-content-1473\" class=\"elementor-tab-content elementor-clearfix\" data-tab=\"3\" role=\"region\" aria-labelledby=\"elementor-tab-title-1473\"><p>Mieszka\u0144cy Kanady nie musz\u0105 ju\u017c przedstawia\u0107 negatywnego wyniku testu na COVID-19, aby opu\u015bci\u0107 terytorium Kanady.<\/p>\n<\/div>\n\t\t\t\t<\/div>\n\t\t\t\t\t\t\t\t\t\t<script type=\"application\/ld+json\">{\"@context\":\"https:\\\/\\\/schema.org\",\"@type\":\"FAQPage\",\"mainEntity\":[{\"@type\":\"Question\",\"name\":\"Czy nadal musz\\u0119 wype\\u0142ni\\u0107 ArriveCAN przed wjazdem do Kanady?\",\"acceptedAnswer\":{\"@type\":\"Answer\",\"text\":\"<p><a href=\\\"https:\\\/\\\/ave-eta-canada.com\\\/pl\\\/arrivecan-kanada\\\/\\\">ArriveCAN<\\\/a> jest aplikacj\\u0105 rz\\u0105du kanadyjskiego. Zosta\\u0142 on wykorzystany do zarz\\u0105dzania informacjami dla podr\\u00f3\\u017cnych wje\\u017cd\\u017caj\\u0105cych do Kanady po pandemii COVID-19. U\\u0142atwi\\u0142o to zachowanie zgodno\\u015bci z kanadyjskimi wymogami w zakresie zdrowia publicznego.<\\\/p>\\n<p>Aplikacja <a href=\\\"https:\\\/\\\/ave-eta-canada.com\\\/pl\\\/arrivecan-kanada\\\/\\\">ArriveCAN<\\\/a> zosta\\u0142a wdro\\u017cona w listopadzie 2020 roku. Od maja 2023 r. <b>podr\\u00f3\\u017cni nie musz\\u0105 ju\\u017c wype\\u0142nia\\u0107 ArriveCAN<\\\/b> w ci\\u0105gu 72 godzin od przybycia do Kanady.<\\\/p>\\n\"}},{\"@type\":\"Question\",\"name\":\"Czy musz\\u0119 by\\u0107 zaszczepiony, aby wjecha\\u0107 do Kanady?\",\"acceptedAnswer\":{\"@type\":\"Answer\",\"text\":\"<p>Od maja 2023 r. nie trzeba <b>ju\\u017c by\\u0107 zaszczepionym, aby wjecha\\u0107 do Kanady<\\\/b>. Negatywne testy na COVID-19 nie s\\u0105 ju\\u017c wymagane do wjazdu do kraju. Linie lotnicze nie sprawdzaj\\u0105 ju\\u017c statusu szczepie\\u0144 wszystkich podr\\u00f3\\u017cnych przed wej\\u015bciem na pok\\u0142ad.  <\\\/p>\\n\"}},{\"@type\":\"Question\",\"name\":\"Czy musz\\u0119 mie\\u0107 negatywny wynik testu COVID w Kanadzie, aby opu\\u015bci\\u0107 kraj na mniej ni\\u017c 72 godziny?\",\"acceptedAnswer\":{\"@type\":\"Answer\",\"text\":\"<p>Mieszka\\u0144cy Kanady nie musz\\u0105 ju\\u017c przedstawia\\u0107 negatywnego wyniku testu na COVID-19, aby opu\\u015bci\\u0107 terytorium Kanady.<\\\/p>\\n\"}}]}<\/script>\n\t\t\t\t\t<\/div>\n\t\t\t\t\t\t<\/div>\n\t\t\t\t<\/div>\n\t\t\t\t\t<\/div>\n\t\t<\/div>\n\t\t\t\t\t<\/div>\n\t\t<\/section>\n\t\t\t\t<\/div>\n\t\t","protected":false},"excerpt":{"rendered":"<p>Koniec ogranicze\u0144 zwi\u0105zanych z kryzysem zdrowotnym COVID-19 Preambu\u0142a: Oto najnowsze informacje na temat rozwoju kryzysu zdrowotnego zwi\u0105zanego z COVID-19. Informacje na tej stronie s\u0105 w miar\u0119 mo\u017cliwo\u015bci aktualizowane zgodnie z nowymi decyzjami podejmowanymi przez administracj\u0119 kanadyjsk\u0105. Od maja 2023 r. zniesiono wi\u0119kszo\u015b\u0107 ogranicze\u0144 dla os\u00f3b podr\u00f3\u017cuj\u0105cych do Kanady. W przypadku pobytu w Kanadzie kr\u00f3tszego ni\u017c [&hellip;]<\/p>\n","protected":false},"author":1,"featured_media":0,"parent":0,"menu_order":0,"comment_status":"closed","ping_status":"closed","template":"","meta":{"footnotes":""},"class_list":["post-4280","page","type-page","status-publish","hentry"],"yoast_head":"<!-- This site is optimized with the Yoast SEO plugin v26.9 - https:\/\/yoast.com\/product\/yoast-seo-wordpress\/ -->\n<title>ETA Canada - COVID 19 zaktualizowa\u0142 ograniczenia w podr\u00f3\u017cowaniu<\/title>\n<meta name=\"description\" content=\"Dowiedz si\u0119 o ograniczeniach zwi\u0105zanych z COVID-19 dotycz\u0105cych wjazdu do Kanady z elektronicznym zezwoleniem na podr\u00f3\u017c (ETA).\" \/>\n<meta name=\"robots\" content=\"index, follow, max-snippet:-1, max-image-preview:large, max-video-preview:-1\" \/>\n<link rel=\"canonical\" href=\"https:\/\/ave-eta-canada.com\/pl\/eta-kanada-covid-19-zaktualizowane-ograniczenia-prodrozy\/\" \/>\n<meta property=\"og:locale\" content=\"pl_PL\" \/>\n<meta property=\"og:type\" content=\"article\" \/>\n<meta property=\"og:title\" content=\"ETA Canada - COVID 19 zaktualizowa\u0142 ograniczenia w podr\u00f3\u017cowaniu\" \/>\n<meta property=\"og:description\" content=\"Dowiedz si\u0119 o ograniczeniach zwi\u0105zanych z COVID-19 dotycz\u0105cych wjazdu do Kanady z elektronicznym zezwoleniem na podr\u00f3\u017c (ETA).\" \/>\n<meta property=\"og:url\" content=\"https:\/\/ave-eta-canada.com\/pl\/eta-kanada-covid-19-zaktualizowane-ograniczenia-prodrozy\/\" \/>\n<meta property=\"og:site_name\" content=\"VISA CANADA\" \/>\n<meta property=\"article:modified_time\" content=\"2025-10-09T09:05:45+00:00\" \/>\n<meta name=\"twitter:card\" content=\"summary_large_image\" \/>\n<meta name=\"twitter:label1\" content=\"Szacowany czas czytania\" \/>\n\t<meta name=\"twitter:data1\" content=\"2 minuty\" \/>\n<script type=\"application\/ld+json\" class=\"yoast-schema-graph\">{\"@context\":\"https:\/\/schema.org\",\"@graph\":[{\"@type\":\"WebPage\",\"@id\":\"https:\/\/ave-eta-canada.com\/pl\/eta-kanada-covid-19-zaktualizowane-ograniczenia-prodrozy\/\",\"url\":\"https:\/\/ave-eta-canada.com\/pl\/eta-kanada-covid-19-zaktualizowane-ograniczenia-prodrozy\/\",\"name\":\"ETA Canada - COVID 19 zaktualizowa\u0142 ograniczenia w podr\u00f3\u017cowaniu\",\"isPartOf\":{\"@id\":\"https:\/\/ave-eta-canada.com\/pl\/#website\"},\"datePublished\":\"2023-04-18T14:41:56+00:00\",\"dateModified\":\"2025-10-09T09:05:45+00:00\",\"description\":\"Dowiedz si\u0119 o ograniczeniach zwi\u0105zanych z COVID-19 dotycz\u0105cych wjazdu do Kanady z elektronicznym zezwoleniem na podr\u00f3\u017c (ETA).\",\"breadcrumb\":{\"@id\":\"https:\/\/ave-eta-canada.com\/pl\/eta-kanada-covid-19-zaktualizowane-ograniczenia-prodrozy\/#breadcrumb\"},\"inLanguage\":\"pl-PL\",\"potentialAction\":[{\"@type\":\"ReadAction\",\"target\":[\"https:\/\/ave-eta-canada.com\/pl\/eta-kanada-covid-19-zaktualizowane-ograniczenia-prodrozy\/\"]}]},{\"@type\":\"BreadcrumbList\",\"@id\":\"https:\/\/ave-eta-canada.com\/pl\/eta-kanada-covid-19-zaktualizowane-ograniczenia-prodrozy\/#breadcrumb\",\"itemListElement\":[{\"@type\":\"ListItem\",\"position\":1,\"name\":\"Home\",\"item\":\"https:\/\/ave-eta-canada.com\/pl\/\"},{\"@type\":\"ListItem\",\"position\":2,\"name\":\"ETA Canada &#8211; COVID 19 zaktualizowa\u0142 ograniczenia w podr\u00f3\u017cowaniu\"}]},{\"@type\":\"WebSite\",\"@id\":\"https:\/\/ave-eta-canada.com\/pl\/#website\",\"url\":\"https:\/\/ave-eta-canada.com\/pl\/\",\"name\":\"VISA CANADA\",\"description\":\"Autorisation Voyage Electronique\",\"potentialAction\":[{\"@type\":\"SearchAction\",\"target\":{\"@type\":\"EntryPoint\",\"urlTemplate\":\"https:\/\/ave-eta-canada.com\/pl\/?s={search_term_string}\"},\"query-input\":{\"@type\":\"PropertyValueSpecification\",\"valueRequired\":true,\"valueName\":\"search_term_string\"}}],\"inLanguage\":\"pl-PL\"}]}<\/script>\n<!-- \/ Yoast SEO plugin. -->","yoast_head_json":{"title":"ETA Canada - COVID 19 zaktualizowa\u0142 ograniczenia w podr\u00f3\u017cowaniu","description":"Dowiedz si\u0119 o ograniczeniach zwi\u0105zanych z COVID-19 dotycz\u0105cych wjazdu do Kanady z elektronicznym zezwoleniem na podr\u00f3\u017c (ETA).","robots":{"index":"index","follow":"follow","max-snippet":"max-snippet:-1","max-image-preview":"max-image-preview:large","max-video-preview":"max-video-preview:-1"},"canonical":"https:\/\/ave-eta-canada.com\/pl\/eta-kanada-covid-19-zaktualizowane-ograniczenia-prodrozy\/","og_locale":"pl_PL","og_type":"article","og_title":"ETA Canada - COVID 19 zaktualizowa\u0142 ograniczenia w podr\u00f3\u017cowaniu","og_description":"Dowiedz si\u0119 o ograniczeniach zwi\u0105zanych z COVID-19 dotycz\u0105cych wjazdu do Kanady z elektronicznym zezwoleniem na podr\u00f3\u017c (ETA).","og_url":"https:\/\/ave-eta-canada.com\/pl\/eta-kanada-covid-19-zaktualizowane-ograniczenia-prodrozy\/","og_site_name":"VISA CANADA","article_modified_time":"2025-10-09T09:05:45+00:00","twitter_card":"summary_large_image","twitter_misc":{"Szacowany czas czytania":"2 minuty"},"schema":{"@context":"https:\/\/schema.org","@graph":[{"@type":"WebPage","@id":"https:\/\/ave-eta-canada.com\/pl\/eta-kanada-covid-19-zaktualizowane-ograniczenia-prodrozy\/","url":"https:\/\/ave-eta-canada.com\/pl\/eta-kanada-covid-19-zaktualizowane-ograniczenia-prodrozy\/","name":"ETA Canada - COVID 19 zaktualizowa\u0142 ograniczenia w podr\u00f3\u017cowaniu","isPartOf":{"@id":"https:\/\/ave-eta-canada.com\/pl\/#website"},"datePublished":"2023-04-18T14:41:56+00:00","dateModified":"2025-10-09T09:05:45+00:00","description":"Dowiedz si\u0119 o ograniczeniach zwi\u0105zanych z COVID-19 dotycz\u0105cych wjazdu do Kanady z elektronicznym zezwoleniem na podr\u00f3\u017c (ETA).","breadcrumb":{"@id":"https:\/\/ave-eta-canada.com\/pl\/eta-kanada-covid-19-zaktualizowane-ograniczenia-prodrozy\/#breadcrumb"},"inLanguage":"pl-PL","potentialAction":[{"@type":"ReadAction","target":["https:\/\/ave-eta-canada.com\/pl\/eta-kanada-covid-19-zaktualizowane-ograniczenia-prodrozy\/"]}]},{"@type":"BreadcrumbList","@id":"https:\/\/ave-eta-canada.com\/pl\/eta-kanada-covid-19-zaktualizowane-ograniczenia-prodrozy\/#breadcrumb","itemListElement":[{"@type":"ListItem","position":1,"name":"Home","item":"https:\/\/ave-eta-canada.com\/pl\/"},{"@type":"ListItem","position":2,"name":"ETA Canada &#8211; COVID 19 zaktualizowa\u0142 ograniczenia w podr\u00f3\u017cowaniu"}]},{"@type":"WebSite","@id":"https:\/\/ave-eta-canada.com\/pl\/#website","url":"https:\/\/ave-eta-canada.com\/pl\/","name":"VISA CANADA","description":"Autorisation Voyage Electronique","potentialAction":[{"@type":"SearchAction","target":{"@type":"EntryPoint","urlTemplate":"https:\/\/ave-eta-canada.com\/pl\/?s={search_term_string}"},"query-input":{"@type":"PropertyValueSpecification","valueRequired":true,"valueName":"search_term_string"}}],"inLanguage":"pl-PL"}]}},"_links":{"self":[{"href":"https:\/\/ave-eta-canada.com\/pl\/wp-json\/wp\/v2\/pages\/4280","targetHints":{"allow":["GET"]}}],"collection":[{"href":"https:\/\/ave-eta-canada.com\/pl\/wp-json\/wp\/v2\/pages"}],"about":[{"href":"https:\/\/ave-eta-canada.com\/pl\/wp-json\/wp\/v2\/types\/page"}],"author":[{"embeddable":true,"href":"https:\/\/ave-eta-canada.com\/pl\/wp-json\/wp\/v2\/users\/1"}],"replies":[{"embeddable":true,"href":"https:\/\/ave-eta-canada.com\/pl\/wp-json\/wp\/v2\/comments?post=4280"}],"version-history":[{"count":2,"href":"https:\/\/ave-eta-canada.com\/pl\/wp-json\/wp\/v2\/pages\/4280\/revisions"}],"predecessor-version":[{"id":6275,"href":"https:\/\/ave-eta-canada.com\/pl\/wp-json\/wp\/v2\/pages\/4280\/revisions\/6275"}],"wp:attachment":[{"href":"https:\/\/ave-eta-canada.com\/pl\/wp-json\/wp\/v2\/media?parent=4280"}],"curies":[{"name":"wp","href":"https:\/\/api.w.org\/{rel}","templated":true}]}}