{"id":4283,"date":"2023-04-18T14:41:56","date_gmt":"2023-04-18T14:41:56","guid":{"rendered":"https:\/\/ave-eta-canada.com\/leksykon-wszystkie-definicje-wokol-mycia-kanady\/"},"modified":"2023-05-08T21:42:09","modified_gmt":"2023-05-08T21:42:09","slug":"glosariusz-eta-kanada","status":"publish","type":"page","link":"https:\/\/ave-eta-canada.com\/pl\/glosariusz-eta-kanada\/","title":{"rendered":"Leksykon | Wszystkie definicje eTA Kanada"},"content":{"rendered":"\n<h1 class=\"wp-block-heading\">ETA Kanada, przydatne definicje<\/h1>\n\n<p>Chcesz zam\u00f3wi\u0107 elektroniczne zezwolenie na podr\u00f3\u017c (ETA) do Kanady, ale te wszystkie nieznane akronimy i angielskie s\u0142owa Ci\u0119 przera\u017caj\u0105? Nie panikuj, dla lepszego zrozumienia, nasz zesp\u00f3\u0142 ustali\u0142 i wyszczeg\u00f3lni\u0142 list\u0119 istotnych termin\u00f3w zwi\u0105zanych z eTA Kanada. To znacznie u\u0142atwi Ci zam\u00f3wienie zezwolenia na podr\u00f3\u017c. Zapraszamy r\u00f3wnie\u017c do zapoznania si\u0119 z nasz\u0105 stron\u0105 <a href=\"https:\/\/ave-eta-canada.com\/pl\/faq-eta-kanada-odpowiedzi-na-twoje-pytania\/\">FAQ<\/a> oraz dzia\u0142em pomocy.<\/p>\n\n<h2 class=\"wp-block-heading\">NAFTA<\/h2>\n\n<p>NAFTA to skr\u00f3t od North American Free Trade Agreement. Pakt ten, podpisany mi\u0119dzy USA, Meksykiem i Kanad\u0105, u\u0142atwia nap\u0142yw i odp\u0142yw obywateli na te terytoria w ramach dzia\u0142alno\u015bci zawodowej.<\/p>\n\n<p>NAFTA obejmuje cztery kategorie os\u00f3b:<\/p>\n\n<ul class=\"wp-block-list\"><li>ludzie biznesu ;<\/li><li>pracownicy ;<\/li><li>pracownik\u00f3w przenoszonych w ramach przedsi\u0119biorstwa ;<\/li><li>inwestor\u00f3w i handlowc\u00f3w.<\/li><\/ul>\n\n<h2 class=\"wp-block-heading\">Ambasada<\/h2>\n\n<p>Ambasada to struktura dyplomatyczna reprezentuj\u0105ca pa\u0144stwo w obcym kraju. Jej celem jest przede wszystkim utrzymanie dobrej wsp\u00f3\u0142pracy z krajem przyjmuj\u0105cym, zagwarantowanie bezpiecze\u0144stwa ekspatriantom oraz umo\u017cliwienie obywatelom tego kraju przeprowadzania r\u00f3\u017cnych procedur administracyjnych za granic\u0105.<\/p>\n\n<h2 class=\"wp-block-heading\">ETA<\/h2>\n\n<p>Elektroniczne zezwolenie na podr\u00f3\u017c <a href=\"https:\/\/ave-eta-canada.com\/pl\/\">ETA<\/a> umo\u017cliwia obywatelom kraj\u00f3w zwolnionych z obowi\u0105zku wizowego podr\u00f3\u017cowanie do Kanady drog\u0105 lotnicz\u0105. Celem tego upowa\u017cnienia jest zapewnienie, \u017ce podr\u00f3\u017cny nie stanowi zagro\u017cenia dla bezpiecze\u0144stwa wewn\u0119trznego Kanady. Ma on form\u0119 dokumentu elektronicznego bezpo\u015brednio powi\u0105zanego z paszportem i jest wa\u017cny przez 5 lat lub do czasu wyga\u015bni\u0119cia dokumentu to\u017csamo\u015bci.<\/p>\n\n<h2 class=\"wp-block-heading\">Konsulat<\/h2>\n\n<p>Konsulat jest urz\u0119dem pa\u0144stwowym z siedzib\u0105 w obcym pa\u0144stwie, kt\u00f3rego celem jest pomoc i ochrona obywateli pa\u0144stwa reprezentowanego przez konsulat. W szczeg\u00f3lno\u015bci odpowiada za wydawanie dokument\u00f3w stanu cywilnego (dow\u00f3d osobisty, paszport itp.).<\/p>\n\n<h2 class=\"wp-block-heading\">ESTA<\/h2>\n\n<p>ESTA oznacza Electronic System for Travel Authorization i jest odpowiednikiem eTA dla Stan\u00f3w Zjednoczonych. Formularz ESTA pozwala obywatelom jednego z kraj\u00f3w cz\u0142onkowskich Visa Waiver Program na pobyt na ameryka\u0144skiej ziemi przez maksymalnie 90 dni. Wniosek o autoryzacj\u0119 ESTA r\u00f3wnie\u017c sk\u0142ada si\u0119 online.<\/p>\n\n<h2 class=\"wp-block-heading\">eTA<\/h2>\n\n<p>eTA jest skr\u00f3tem od &#8222;Electronic Travel Authorization&#8221;. Jest to po prostu angielskie okre\u015blenie eTA. Wydawana przez rz\u0105d Kanady <a href=\"https:\/\/ave-eta-canada.com\/pl\/czym-jest-eta-na-podroz-do-kanady\/\">eTA<\/a> jest upowa\u017cnieniem do podr\u00f3\u017cy do Kanady i pobytu przez maksymalnie 6 miesi\u0119cy.<\/p>\n\n<h2 class=\"wp-block-heading\">Op\u0142aty eTA<\/h2>\n\n<p>Za z\u0142o\u017cenie wniosku o wydanie formularza eTA pobierana jest op\u0142ata administracyjna. Do wype\u0142nienia wniosku online wymagana jest op\u0142ata w wysoko\u015bci 7,00 CAD. W zale\u017cno\u015bci od \u015bwiadczonych us\u0142ug mog\u0105 obowi\u0105zywa\u0107 dodatkowe op\u0142aty.<\/p>\n\n<h2 class=\"wp-block-heading\">IRCC<\/h2>\n\n<p>Immigration, Refugees and Citizenship Canada to dzia\u0142 us\u0142ug imigracyjnych Kanady. Zadania tego ostatniego opieraj\u0105 si\u0119 g\u0142\u00f3wnie na :<\/p>\n\n<ul class=\"wp-block-list\"><li>organizacja i kontrola przep\u0142ywu obywateli przybywaj\u0105cych na terytorium;<\/li><li>utrzymanie i umacnianie warto\u015bci obywatelskich;<\/li><\/ul>\n\n<p>W ramach tej funkcji IRCC zarz\u0105dza mi\u0119dzy innymi wydawaniem AVE w Kanadzie i sprawdza, czy wnioskodawcy z zagranicy kwalifikuj\u0105 si\u0119 na podstawie prawa kanadyjskiego.<\/p>\n\n<h2 class=\"wp-block-heading\">Paszport biometryczny<\/h2>\n\n<p>Paszport biometryczny, oficjalnie wprowadzony we Francji w 2009 roku, zast\u0119puje paszport elektroniczny. Jego szczeg\u00f3ln\u0105 cech\u0105 jest trudno\u015b\u0107 w sfa\u0142szowaniu, dzi\u0119ki elektronicznemu chipowi zawartemu w dokumencie. Te ostatnie zawieraj\u0105 dane identyfikacyjne posiadacza (odciski palc\u00f3w, rysy twarzy, zdj\u0119cie itp.). Ponadto paszport biometryczny mo\u017cna rozpozna\u0107, gdy na ok\u0142adce zostanie podkre\u015blone s\u0142owo &#8222;paszport&#8221;.<\/p>\n\n<h2 class=\"wp-block-heading\">Paszport elektroniczny<\/h2>\n\n<p>Wprowadzony w 2006 roku paszport elektroniczny posiada elektroniczny chip zawieraj\u0105cy dane identyfikacyjne jego posiadacza. Obecnie zosta\u0142 on zast\u0105piony paszportem biometrycznym, kt\u00f3ry jest znacznie trudniejszy do podrobienia.<\/p>\n\n<h2 class=\"wp-block-heading\">TRP<\/h2>\n\n<p>Zezwolenie na pobyt czasowy (TRP) to zezwolenie na pobyt wydawane osobom, kt\u00f3re s\u0105 niedopuszczalne i nie spe\u0142niaj\u0105 wymog\u00f3w ustawy o imigracji i ochronie uchod\u017ac\u00f3w. W\u0142adze Kanady wydaj\u0105 ten dokument tylko w wyj\u0105tkowych sytuacjach humanitarnych, spo\u0142ecznych lub ekonomicznych.<\/p>\n\n<h2 class=\"wp-block-heading\">WHP Kanada<\/h2>\n\n<p><a href=\"https:\/\/ave-eta-canada.com\/pl\/pozwolenie-na-prace-w-kanadzie\/\">Program Working Holiday WHP<\/a> to tymczasowa wiza pracownicza, kt\u00f3ra oferuje uprawnionym obywatelom mo\u017cliwo\u015b\u0107 zamieszkania i pracy w Kanadzie. W zale\u017cno\u015bci od obywatelstwa jego czas trwania wynosi 12 lub 24 miesi\u0105ce, podczas kt\u00f3rych podr\u00f3\u017cny mo\u017ce by\u0107 turyst\u0105, ale tak\u017ce pracowa\u0107 na terytorium Kanady.  <\/p>\n\n<h2 class=\"wp-block-heading\">Sta\u0142y mieszkaniec<\/h2>\n\n<p>Status sta\u0142ego rezydenta przyznawany jest cudzoziemcom, kt\u00f3rzy mog\u0105 przebywa\u0107 w Kanadzie przez nieograniczony czas. Dzi\u0119ki temu stali rezydenci mog\u0105 \u017cy\u0107 jak ka\u017cdy obywatel Kanady.<\/p>\n\n<h2 class=\"wp-block-heading\">Mieszkaniec tymczasowy<\/h2>\n\n<p>Status rezydenta tymczasowego przyznawany jest cudzoziemcom, kt\u00f3rzy spe\u0142niaj\u0105 okre\u015blone prawem kryteria wjazdu na terytorium. To zezwolenie na pobyt dotyczy wy\u0142\u0105cznie cudzoziemc\u00f3w, kt\u00f3rzy ostatecznie opuszcz\u0105 Kanad\u0119 (go\u015bcie, studenci, pracownicy itp.).<\/p>\n\n<h2 class=\"wp-block-heading\">E-winieta (naklejka z u\u0142atwieniami elektronicznymi)<\/h2>\n\n<p>Elektroniczna naklejka wydawana jest automatycznie po zatwierdzeniu wniosku o pobyt czasowy. Ta wirtualna naklejka, zarejestrowana w komputerowym systemie zarz\u0105dzania wnioskami o eTA, jest umieszczana bezpo\u015brednio w paszporcie danego podr\u00f3\u017cnego. Umo\u017cliwia on oficjalny dost\u0119p do bramki wej\u015bciowej, po zako\u0144czeniu kontroli to\u017csamo\u015bci.<\/p>\n\n<h2 class=\"wp-block-heading\">Wisa<\/h2>\n\n<p>Wiza to oficjalne zezwolenie wydawane przez ambasady zagraniczne na podr\u00f3\u017c do danego kraju. Ma on form\u0119 naklejki wk\u0142adanej do paszportu obywatela. Naklejka ta posiada naklejk\u0119 z konkretnymi informacjami wprowadzonymi przez urz\u0105d, w kt\u00f3rym wiza zosta\u0142a wydana. dwie kategorie <a href=\"https:\/\/ave-eta-canada.com\/pl\/wiza-czy-eta-kanada\/\">wiz w Kanadzie<\/a>:<\/p>\n\n<ul class=\"wp-block-list\"><li>wiza na pobyt czasowy (wiza turystyczna);<\/li><li>wiza na pobyt sta\u0142y.  <\/li><\/ul>\n\n<h2 class=\"wp-block-heading\">Visa turystyczna<\/h2>\n\n<p>Wiza turystyczna, zwana r\u00f3wnie\u017c wiz\u0105 turystyczn\u0105, odnosi si\u0119 do wizy dla rezydent\u00f3w tymczasowych.<\/p>\n","protected":false},"excerpt":{"rendered":"<p>ETA Kanada, przydatne definicje Chcesz zam\u00f3wi\u0107 elektroniczne zezwolenie na podr\u00f3\u017c (ETA) do Kanady, ale te wszystkie nieznane akronimy i angielskie s\u0142owa Ci\u0119 przera\u017caj\u0105? Nie panikuj, dla lepszego zrozumienia, nasz zesp\u00f3\u0142 ustali\u0142 i wyszczeg\u00f3lni\u0142 list\u0119 istotnych termin\u00f3w zwi\u0105zanych z eTA Kanada. To znacznie u\u0142atwi Ci zam\u00f3wienie zezwolenia na podr\u00f3\u017c. Zapraszamy r\u00f3wnie\u017c do zapoznania si\u0119 z nasz\u0105 [&hellip;]<\/p>\n","protected":false},"author":1,"featured_media":0,"parent":0,"menu_order":0,"comment_status":"closed","ping_status":"closed","template":"","meta":{"footnotes":""},"class_list":["post-4283","page","type-page","status-publish","hentry"],"yoast_head":"<!-- This site is optimized with the Yoast SEO plugin v26.9 - https:\/\/yoast.com\/product\/yoast-seo-wordpress\/ -->\n<title>Leksykon | Wszystkie definicje eTA Kanada<\/title>\n<meta name=\"description\" content=\"W tym s\u0142owniku mo\u017cna znale\u017a\u0107 definicje zwi\u0105zane z eTA, elektronicznym zezwoleniem na podr\u00f3\u017c, niezb\u0119dnym do tymczasowego pobytu w Kanadzie.\" \/>\n<meta name=\"robots\" content=\"index, follow, max-snippet:-1, max-image-preview:large, max-video-preview:-1\" \/>\n<link rel=\"canonical\" href=\"https:\/\/ave-eta-canada.com\/pl\/glosariusz-eta-kanada\/\" \/>\n<meta property=\"og:locale\" content=\"pl_PL\" \/>\n<meta property=\"og:type\" content=\"article\" \/>\n<meta property=\"og:title\" content=\"Leksykon | Wszystkie definicje eTA Kanada\" \/>\n<meta property=\"og:description\" content=\"W tym s\u0142owniku mo\u017cna znale\u017a\u0107 definicje zwi\u0105zane z eTA, elektronicznym zezwoleniem na podr\u00f3\u017c, niezb\u0119dnym do tymczasowego pobytu w Kanadzie.\" \/>\n<meta property=\"og:url\" content=\"https:\/\/ave-eta-canada.com\/pl\/glosariusz-eta-kanada\/\" \/>\n<meta property=\"og:site_name\" content=\"VISA CANADA\" \/>\n<meta property=\"article:modified_time\" content=\"2023-05-08T21:42:09+00:00\" \/>\n<meta name=\"twitter:card\" content=\"summary_large_image\" \/>\n<meta name=\"twitter:label1\" content=\"Szacowany czas czytania\" \/>\n\t<meta name=\"twitter:data1\" content=\"4 minuty\" \/>\n<script type=\"application\/ld+json\" class=\"yoast-schema-graph\">{\"@context\":\"https:\/\/schema.org\",\"@graph\":[{\"@type\":\"WebPage\",\"@id\":\"https:\/\/ave-eta-canada.com\/pl\/glosariusz-eta-kanada\/\",\"url\":\"https:\/\/ave-eta-canada.com\/pl\/glosariusz-eta-kanada\/\",\"name\":\"Leksykon | Wszystkie definicje eTA Kanada\",\"isPartOf\":{\"@id\":\"https:\/\/ave-eta-canada.com\/pl\/#website\"},\"datePublished\":\"2023-04-18T14:41:56+00:00\",\"dateModified\":\"2023-05-08T21:42:09+00:00\",\"description\":\"W tym s\u0142owniku mo\u017cna znale\u017a\u0107 definicje zwi\u0105zane z eTA, elektronicznym zezwoleniem na podr\u00f3\u017c, niezb\u0119dnym do tymczasowego pobytu w Kanadzie.\",\"breadcrumb\":{\"@id\":\"https:\/\/ave-eta-canada.com\/pl\/glosariusz-eta-kanada\/#breadcrumb\"},\"inLanguage\":\"pl-PL\",\"potentialAction\":[{\"@type\":\"ReadAction\",\"target\":[\"https:\/\/ave-eta-canada.com\/pl\/glosariusz-eta-kanada\/\"]}]},{\"@type\":\"BreadcrumbList\",\"@id\":\"https:\/\/ave-eta-canada.com\/pl\/glosariusz-eta-kanada\/#breadcrumb\",\"itemListElement\":[{\"@type\":\"ListItem\",\"position\":1,\"name\":\"Home\",\"item\":\"https:\/\/ave-eta-canada.com\/pl\/\"},{\"@type\":\"ListItem\",\"position\":2,\"name\":\"Leksykon | Wszystkie definicje eTA Kanada\"}]},{\"@type\":\"WebSite\",\"@id\":\"https:\/\/ave-eta-canada.com\/pl\/#website\",\"url\":\"https:\/\/ave-eta-canada.com\/pl\/\",\"name\":\"VISA CANADA\",\"description\":\"Autorisation Voyage Electronique\",\"potentialAction\":[{\"@type\":\"SearchAction\",\"target\":{\"@type\":\"EntryPoint\",\"urlTemplate\":\"https:\/\/ave-eta-canada.com\/pl\/?s={search_term_string}\"},\"query-input\":{\"@type\":\"PropertyValueSpecification\",\"valueRequired\":true,\"valueName\":\"search_term_string\"}}],\"inLanguage\":\"pl-PL\"}]}<\/script>\n<!-- \/ Yoast SEO plugin. -->","yoast_head_json":{"title":"Leksykon | Wszystkie definicje eTA Kanada","description":"W tym s\u0142owniku mo\u017cna znale\u017a\u0107 definicje zwi\u0105zane z eTA, elektronicznym zezwoleniem na podr\u00f3\u017c, niezb\u0119dnym do tymczasowego pobytu w Kanadzie.","robots":{"index":"index","follow":"follow","max-snippet":"max-snippet:-1","max-image-preview":"max-image-preview:large","max-video-preview":"max-video-preview:-1"},"canonical":"https:\/\/ave-eta-canada.com\/pl\/glosariusz-eta-kanada\/","og_locale":"pl_PL","og_type":"article","og_title":"Leksykon | Wszystkie definicje eTA Kanada","og_description":"W tym s\u0142owniku mo\u017cna znale\u017a\u0107 definicje zwi\u0105zane z eTA, elektronicznym zezwoleniem na podr\u00f3\u017c, niezb\u0119dnym do tymczasowego pobytu w Kanadzie.","og_url":"https:\/\/ave-eta-canada.com\/pl\/glosariusz-eta-kanada\/","og_site_name":"VISA CANADA","article_modified_time":"2023-05-08T21:42:09+00:00","twitter_card":"summary_large_image","twitter_misc":{"Szacowany czas czytania":"4 minuty"},"schema":{"@context":"https:\/\/schema.org","@graph":[{"@type":"WebPage","@id":"https:\/\/ave-eta-canada.com\/pl\/glosariusz-eta-kanada\/","url":"https:\/\/ave-eta-canada.com\/pl\/glosariusz-eta-kanada\/","name":"Leksykon | Wszystkie definicje eTA Kanada","isPartOf":{"@id":"https:\/\/ave-eta-canada.com\/pl\/#website"},"datePublished":"2023-04-18T14:41:56+00:00","dateModified":"2023-05-08T21:42:09+00:00","description":"W tym s\u0142owniku mo\u017cna znale\u017a\u0107 definicje zwi\u0105zane z eTA, elektronicznym zezwoleniem na podr\u00f3\u017c, niezb\u0119dnym do tymczasowego pobytu w Kanadzie.","breadcrumb":{"@id":"https:\/\/ave-eta-canada.com\/pl\/glosariusz-eta-kanada\/#breadcrumb"},"inLanguage":"pl-PL","potentialAction":[{"@type":"ReadAction","target":["https:\/\/ave-eta-canada.com\/pl\/glosariusz-eta-kanada\/"]}]},{"@type":"BreadcrumbList","@id":"https:\/\/ave-eta-canada.com\/pl\/glosariusz-eta-kanada\/#breadcrumb","itemListElement":[{"@type":"ListItem","position":1,"name":"Home","item":"https:\/\/ave-eta-canada.com\/pl\/"},{"@type":"ListItem","position":2,"name":"Leksykon | Wszystkie definicje eTA Kanada"}]},{"@type":"WebSite","@id":"https:\/\/ave-eta-canada.com\/pl\/#website","url":"https:\/\/ave-eta-canada.com\/pl\/","name":"VISA CANADA","description":"Autorisation Voyage Electronique","potentialAction":[{"@type":"SearchAction","target":{"@type":"EntryPoint","urlTemplate":"https:\/\/ave-eta-canada.com\/pl\/?s={search_term_string}"},"query-input":{"@type":"PropertyValueSpecification","valueRequired":true,"valueName":"search_term_string"}}],"inLanguage":"pl-PL"}]}},"_links":{"self":[{"href":"https:\/\/ave-eta-canada.com\/pl\/wp-json\/wp\/v2\/pages\/4283","targetHints":{"allow":["GET"]}}],"collection":[{"href":"https:\/\/ave-eta-canada.com\/pl\/wp-json\/wp\/v2\/pages"}],"about":[{"href":"https:\/\/ave-eta-canada.com\/pl\/wp-json\/wp\/v2\/types\/page"}],"author":[{"embeddable":true,"href":"https:\/\/ave-eta-canada.com\/pl\/wp-json\/wp\/v2\/users\/1"}],"replies":[{"embeddable":true,"href":"https:\/\/ave-eta-canada.com\/pl\/wp-json\/wp\/v2\/comments?post=4283"}],"version-history":[{"count":0,"href":"https:\/\/ave-eta-canada.com\/pl\/wp-json\/wp\/v2\/pages\/4283\/revisions"}],"wp:attachment":[{"href":"https:\/\/ave-eta-canada.com\/pl\/wp-json\/wp\/v2\/media?parent=4283"}],"curies":[{"name":"wp","href":"https:\/\/api.w.org\/{rel}","templated":true}]}}