{"id":2592,"date":"2022-09-06T07:58:28","date_gmt":"2022-09-06T07:58:28","guid":{"rendered":"https:\/\/ave-eta-canada.com\/what-is-canada\/"},"modified":"2022-09-09T19:59:57","modified_gmt":"2022-09-09T19:59:57","slug":"o-que-e-eta-canada-2","status":"publish","type":"page","link":"https:\/\/ave-eta-canada.com\/pt-pt\/o-que-e-eta-canada-2\/","title":{"rendered":"O que \u00e9 o eTA Canad\u00e1?"},"content":{"rendered":"\n<h1 class=\"wp-block-heading\">O que \u00e9 um eTA Canad\u00e1?<\/h1>\n\n<p>O eTA Canad\u00e1 \u00e9 uma Autoriza\u00e7\u00e3o Electr\u00f3nica de Viagem que permite aos nacionais de certos pa\u00edses viajar para o Canad\u00e1 por via a\u00e9rea sem solicitar um visto na embaixada canadiana. Uma eTA Canada \u00e9 v\u00e1lida por cinco anos e permite v\u00e1rias viagens tur\u00edsticas de at\u00e9 seis meses durante este per\u00edodo. Tamb\u00e9m deve ser utilizado para tr\u00e2nsitos em territ\u00f3rio canadiano.  <\/p>\n\n<p><strong>Pode completar as formalidades de entrada no Canad\u00e1<\/strong> directamente atrav\u00e9s da Internet, clicando no <a href=\"https:\/\/ave-eta-canada.com\/pt-pt\/formulario-eta-canada\/\">formul\u00e1rio em linha<\/a>. N\u00e3o \u00e9 necess\u00e1rio marcar uma entrevista na embaixada ou consulado canadiano.<\/p>\n\n<p>Deve tamb\u00e9m notar-se que o eTA do Canad\u00e1 \u00e9 um documento ligado ao passaporte do requerente e, portanto, deixa de ser v\u00e1lido uma vez que o passaporte tenha expirado. Se obtiver um novo passaporte dentro dos 5 anos de validade do eTA, deve solicitar uma nova autoriza\u00e7\u00e3o.<\/p>\n\n<h2 class=\"wp-block-heading\">Quem pode candidatar-se a um eTA Canad\u00e1?<\/h2>\n\n<p>Um <a href=\"https:\/\/ave-eta-canada.com\/pt-pt\/\">pedido de eTA<\/a> Canad\u00e1 pode ser apresentado por nacionais de pa\u00edses eleg\u00edveis para uma isen\u00e7\u00e3o de visto e que desejem viajar para o Canad\u00e1 por via a\u00e9rea.<\/p>\n\n<h3 class=\"wp-block-heading\">Lista de pa\u00edses que podem candidatar-se a um eTA Canad\u00e1<\/h3>\n\n<figure class=\"wp-block-table\"><table><tbody><tr><td class=\"has-text-align-center\" data-align=\"center\">Alemanha<\/td><td class=\"has-text-align-center\" data-align=\"center\">Espanha<\/td><td class=\"has-text-align-center\" data-align=\"center\">Isl\u00e2ndia<\/td><td class=\"has-text-align-center\" data-align=\"center\">Pol\u00f3nia<\/td><td class=\"has-text-align-center\" data-align=\"center\">Vaticano<\/td><\/tr><tr><td class=\"has-text-align-center\" data-align=\"center\">Andorra<\/td><td class=\"has-text-align-center\" data-align=\"center\">Est\u00f3nia<\/td><td class=\"has-text-align-center\" data-align=\"center\">It\u00e1lia<\/td><td class=\"has-text-align-center\" data-align=\"center\">Portugal<\/td><td class=\"has-text-align-center\" data-align=\"center\"><strong>Desde 2023 :<\/strong><\/td><\/tr><tr><td class=\"has-text-align-center\" data-align=\"center\">Anguila<\/td><td class=\"has-text-align-center\" data-align=\"center\">Finl\u00e2ndia<\/td><td class=\"has-text-align-center\" data-align=\"center\">Jap\u00e3o<\/td><td class=\"has-text-align-center\" data-align=\"center\">Rep\u00fablica Checa<\/td><td class=\"has-text-align-center\" data-align=\"center\"><strong>Ant\u00edgua e Barbuda<\/strong><\/td><\/tr><tr><td class=\"has-text-align-center\" data-align=\"center\">Austr\u00e1lia<\/td><td class=\"has-text-align-center\" data-align=\"center\">Fran\u00e7a<\/td><td class=\"has-text-align-center\" data-align=\"center\">Let\u00f3nia<\/td><td class=\"has-text-align-center\" data-align=\"center\">Rep\u00fablica da Coreia<\/td><td class=\"has-text-align-center\" data-align=\"center\"><strong>Argentina<\/strong><\/td><\/tr><tr><td class=\"has-text-align-center\" data-align=\"center\">\u00c1ustria<\/td><td class=\"has-text-align-center\" data-align=\"center\">Gibraltar<\/td><td class=\"has-text-align-center\" data-align=\"center\">Liechtenstein<\/td><td class=\"has-text-align-center\" data-align=\"center\">Rom\u00e9nia<\/td><td class=\"has-text-align-center\" data-align=\"center\"><strong>Costa Rica<\/strong><\/td><\/tr><tr><td class=\"has-text-align-center\" data-align=\"center\">Bahamas<\/td><td class=\"has-text-align-center\" data-align=\"center\">Gr\u00e9cia<\/td><td class=\"has-text-align-center\" data-align=\"center\">Litu\u00e2nia<\/td><td class=\"has-text-align-center\" data-align=\"center\">Reino Unido<\/td><td class=\"has-text-align-center\" data-align=\"center\"><strong>Marrocos<\/strong><\/td><\/tr><tr><td class=\"has-text-align-center\" data-align=\"center\">B\u00e1rbaros<\/td><td class=\"has-text-align-center\" data-align=\"center\">Hong Kong<\/td><td class=\"has-text-align-center\" data-align=\"center\">Luxemburgo<\/td><td class=\"has-text-align-center\" data-align=\"center\">Sainte-H\u00e9l\u00e8ne<\/td><td class=\"has-text-align-center\" data-align=\"center\"><strong>Panam\u00e1<\/strong><\/td><\/tr><tr><td class=\"has-text-align-center\" data-align=\"center\">B\u00e9lgica<\/td><td class=\"has-text-align-center\" data-align=\"center\">Hungria<\/td><td class=\"has-text-align-center\" data-align=\"center\">Malta<\/td><td class=\"has-text-align-center\" data-align=\"center\">S\u00e3o Marino<\/td><td class=\"has-text-align-center\" data-align=\"center\"><strong>Filipinas<\/strong><\/td><\/tr><tr><td class=\"has-text-align-center\" data-align=\"center\">Bermudas<\/td><td class=\"has-text-align-center\" data-align=\"center\">Ilhas Caim\u00e3o<\/td><td class=\"has-text-align-center\" data-align=\"center\">M\u00e9xico<\/td><td class=\"has-text-align-center\" data-align=\"center\">Samoa<\/td><td class=\"has-text-align-center\" data-align=\"center\"><strong>S\u00e3o Crist\u00f3v\u00e3o e Nevis<\/strong><\/td><\/tr><tr><td class=\"has-text-align-center\" data-align=\"center\">Brunei<\/td><td class=\"has-text-align-center\" data-align=\"center\">Ilhas Malvinas<\/td><td class=\"has-text-align-center\" data-align=\"center\">M\u00f3naco<\/td><td class=\"has-text-align-center\" data-align=\"center\">Singapura<\/td><td class=\"has-text-align-center\" data-align=\"center\"><strong>Santa L\u00facia<\/strong><\/td><\/tr><tr><td class=\"has-text-align-center\" data-align=\"center\">Bulg\u00e1ria<\/td><td class=\"has-text-align-center\" data-align=\"center\">Ilhas Pitcairn<\/td><td class=\"has-text-align-center\" data-align=\"center\">Montserrat<\/td><td class=\"has-text-align-center\" data-align=\"center\">Eslov\u00e1quia<\/td><td class=\"has-text-align-center\" data-align=\"center\"><strong>S\u00e3o Vicente e Granadinas<\/strong><\/td><\/tr><tr><td class=\"has-text-align-center\" data-align=\"center\">Chile<\/td><td class=\"has-text-align-center\" data-align=\"center\">Ilhas Salom\u00e3o<\/td><td class=\"has-text-align-center\" data-align=\"center\">Noruega<\/td><td class=\"has-text-align-center\" data-align=\"center\">Eslov\u00e9nia<\/td><td class=\"has-text-align-center\" data-align=\"center\"><strong>Seychelles<\/strong><\/td><\/tr><tr><td class=\"has-text-align-center\" data-align=\"center\">Chipre<\/td><td class=\"has-text-align-center\" data-align=\"center\">Ilhas Turcas e Caicos<\/td><td class=\"has-text-align-center\" data-align=\"center\">Nova Zel\u00e2ndia<\/td><td class=\"has-text-align-center\" data-align=\"center\">Su\u00e9cia<\/td><td class=\"has-text-align-center\" data-align=\"center\"><strong>Tail\u00e2ndia<\/strong><\/td><\/tr><tr><td class=\"has-text-align-center\" data-align=\"center\">Cro\u00e1cia<\/td><td class=\"has-text-align-center\" data-align=\"center\">Ilhas Virgens Brit\u00e2nicas<\/td><td class=\"has-text-align-center\" data-align=\"center\">Papua Nova Guin\u00e9<\/td><td class=\"has-text-align-center\" data-align=\"center\">Su\u00ed\u00e7a<\/td><td class=\"has-text-align-center\" data-align=\"center\"><strong>Trindade e Tobago<\/strong><\/td><\/tr><tr><td class=\"has-text-align-center\" data-align=\"center\">Dinamarca<\/td><td class=\"has-text-align-center\" data-align=\"center\">Irlanda<\/td><td class=\"has-text-align-center\" data-align=\"center\">Pa\u00edses Baixos<\/td><td class=\"has-text-align-center\" data-align=\"center\">Taiwan<\/td><td class=\"has-text-align-center\" data-align=\"center\"><strong>Uruguai<\/strong><\/td><\/tr><\/tbody><\/table><figcaption class=\"wp-element-caption\">Lista de pa\u00edses benefici\u00e1rios do Programa Canadiano de Isen\u00e7\u00e3o de Vistos<\/figcaption><\/figure>\n\n<p><strong>* sob certas condi\u00e7\u00f5es<\/strong><\/p>\n\n<p>Os cidad\u00e3os destes pa\u00edses s\u00e3o eleg\u00edveis para solicitar um eTA para a sua estadia tur\u00edstica de at\u00e9 6 meses. Para todos os outros casos, \u00e9 necess\u00e1rio um <a href=\"https:\/\/www.canada.ca\/fr\/immigration-refugies-citoyennete\/services\/visiter-canada\/demande-visa-visiteur.html\">pedido de visto canadiano<\/a> (por exemplo, para trabalhar, estudar ou fazer um est\u00e1gio no Canad\u00e1).<\/p>\n\n<h2 class=\"wp-block-heading\">Onde candidatar-se a um eTA no Canad\u00e1?<\/h2>\n\n<p>Para se candidatar a um eTA Canad\u00e1, pode dirigir-se ao website oficial do governo canadiano ou utilizar um website independente, como o do nosso parceiro, que far\u00e1 a candidatura por si. A candidatura a um eTA \u00e9 feita apenas online. N\u00e3o \u00e9 necess\u00e1rio dirigir-se \u00e0 embaixada canadiana para o obter.<\/p>\n\n<p>No s\u00edtio Web oficial do governo, tem de preencher v\u00e1rios dados sobre si pr\u00f3prio, tais como o seu nome completo, nacionalidade, local de nascimento, detalhes de contacto, etc. Os dados do seu passaporte tamb\u00e9m ser\u00e3o solicitados: n\u00famero do passaporte, data de emiss\u00e3o e pa\u00eds emissor, data de validade, etc.<\/p>\n\n<p>Deve tamb\u00e9m responder a uma s\u00e9rie de perguntas sobre os seus antecedentes, tais como se lhe foi recusado um visto ou uma autoriza\u00e7\u00e3o de trabalho pelo governo canadiano no passado, ou se lhe foi ordenado que deixasse o pa\u00eds, ou se lhe foi diagnosticada tuberculose, ou se sofre de alcoolismo.<\/p>\n\n<p>Aten\u00e7\u00e3o: Se <a href=\"https:\/\/ave-eta-canada.com\/pt-pt\/o-que-fazer-em-caso-de-perda-do-numero-eta-canada\/\">perdeu o seu eTA<\/a> Canad\u00e1, este pode ser recuperado do s\u00edtio oficial do governo canadiano. Para mais informa\u00e7\u00f5es, ver o artigo sobre este assunto.  <\/p>\n\n<p>Num s\u00edtio privado, o formul\u00e1rio de candidatura \u00e9 simplificado e ser\u00e1 verificado por uma equipa de profissionais antes da valida\u00e7\u00e3o. Pode estar certo de que o eTA recebido ser\u00e1 t\u00e3o oficial como uma autoriza\u00e7\u00e3o solicitada no site oficial. A diferen\u00e7a \u00e9 simplesmente que lhe \u00e9 oferecida assist\u00eancia para o ajudar durante o processo e reduzir o risco de rejei\u00e7\u00e3o. De facto, a maioria das recusas de Autoriza\u00e7\u00e3o de Viagem deve-se a um erro de dactilografia, um erro de digita\u00e7\u00e3o ou um erro no n\u00famero do passaporte.<\/p>\n","protected":false},"excerpt":{"rendered":"<p>O que \u00e9 um eTA Canad\u00e1? O eTA Canad\u00e1 \u00e9 uma Autoriza\u00e7\u00e3o Electr\u00f3nica de Viagem que permite aos nacionais de certos pa\u00edses viajar para o Canad\u00e1 por via a\u00e9rea sem solicitar um visto na embaixada canadiana. Uma eTA Canada \u00e9 v\u00e1lida por cinco anos e permite v\u00e1rias viagens tur\u00edsticas de at\u00e9 seis meses durante este [&hellip;]<\/p>\n","protected":false},"author":1,"featured_media":0,"parent":0,"menu_order":0,"comment_status":"closed","ping_status":"closed","template":"","meta":{"footnotes":""},"class_list":["post-2592","page","type-page","status-publish","hentry"],"yoast_head":"<!-- This site is optimized with the Yoast SEO plugin v26.9 - https:\/\/yoast.com\/product\/yoast-seo-wordpress\/ -->\n<title>O que \u00e9 o eTA Canad\u00e1?<\/title>\n<meta name=\"description\" content=\"O eTA Canad\u00e1 \u00e9 uma autoriza\u00e7\u00e3o de viagem electr\u00f3nica que permite a certos viajantes visitar o Canad\u00e1 sem visto. Leia o nosso artigo.\" \/>\n<meta name=\"robots\" content=\"index, follow, max-snippet:-1, max-image-preview:large, max-video-preview:-1\" \/>\n<link rel=\"canonical\" href=\"https:\/\/ave-eta-canada.com\/pt-pt\/o-que-e-eta-canada-2\/\" \/>\n<meta property=\"og:locale\" content=\"pt_PT\" \/>\n<meta property=\"og:type\" content=\"article\" \/>\n<meta property=\"og:title\" content=\"O que \u00e9 o eTA Canad\u00e1?\" \/>\n<meta property=\"og:description\" content=\"O eTA Canad\u00e1 \u00e9 uma autoriza\u00e7\u00e3o de viagem electr\u00f3nica que permite a certos viajantes visitar o Canad\u00e1 sem visto. Leia o nosso artigo.\" \/>\n<meta property=\"og:url\" content=\"https:\/\/ave-eta-canada.com\/pt-pt\/o-que-e-eta-canada-2\/\" \/>\n<meta property=\"og:site_name\" content=\"VISA CANADA\" \/>\n<meta property=\"article:modified_time\" content=\"2022-09-09T19:59:57+00:00\" \/>\n<meta name=\"twitter:card\" content=\"summary_large_image\" \/>\n<meta name=\"twitter:label1\" content=\"Tempo estimado de leitura\" \/>\n\t<meta name=\"twitter:data1\" content=\"3 minutos\" \/>\n<script type=\"application\/ld+json\" class=\"yoast-schema-graph\">{\"@context\":\"https:\/\/schema.org\",\"@graph\":[{\"@type\":\"WebPage\",\"@id\":\"https:\/\/ave-eta-canada.com\/pt-pt\/o-que-e-eta-canada-2\/\",\"url\":\"https:\/\/ave-eta-canada.com\/pt-pt\/o-que-e-eta-canada-2\/\",\"name\":\"O que \u00e9 o eTA Canad\u00e1?\",\"isPartOf\":{\"@id\":\"https:\/\/ave-eta-canada.com\/pt-pt\/#website\"},\"datePublished\":\"2022-09-06T07:58:28+00:00\",\"dateModified\":\"2022-09-09T19:59:57+00:00\",\"description\":\"O eTA Canad\u00e1 \u00e9 uma autoriza\u00e7\u00e3o de viagem electr\u00f3nica que permite a certos viajantes visitar o Canad\u00e1 sem visto. Leia o nosso artigo.\",\"breadcrumb\":{\"@id\":\"https:\/\/ave-eta-canada.com\/pt-pt\/o-que-e-eta-canada-2\/#breadcrumb\"},\"inLanguage\":\"pt-PT\",\"potentialAction\":[{\"@type\":\"ReadAction\",\"target\":[\"https:\/\/ave-eta-canada.com\/pt-pt\/o-que-e-eta-canada-2\/\"]}]},{\"@type\":\"BreadcrumbList\",\"@id\":\"https:\/\/ave-eta-canada.com\/pt-pt\/o-que-e-eta-canada-2\/#breadcrumb\",\"itemListElement\":[{\"@type\":\"ListItem\",\"position\":1,\"name\":\"Home\",\"item\":\"https:\/\/ave-eta-canada.com\/pt-pt\/\"},{\"@type\":\"ListItem\",\"position\":2,\"name\":\"O que \u00e9 o eTA Canad\u00e1?\"}]},{\"@type\":\"WebSite\",\"@id\":\"https:\/\/ave-eta-canada.com\/pt-pt\/#website\",\"url\":\"https:\/\/ave-eta-canada.com\/pt-pt\/\",\"name\":\"VISA CANADA\",\"description\":\"Autorisation Voyage Electronique\",\"potentialAction\":[{\"@type\":\"SearchAction\",\"target\":{\"@type\":\"EntryPoint\",\"urlTemplate\":\"https:\/\/ave-eta-canada.com\/pt-pt\/?s={search_term_string}\"},\"query-input\":{\"@type\":\"PropertyValueSpecification\",\"valueRequired\":true,\"valueName\":\"search_term_string\"}}],\"inLanguage\":\"pt-PT\"}]}<\/script>\n<!-- \/ Yoast SEO plugin. -->","yoast_head_json":{"title":"O que \u00e9 o eTA Canad\u00e1?","description":"O eTA Canad\u00e1 \u00e9 uma autoriza\u00e7\u00e3o de viagem electr\u00f3nica que permite a certos viajantes visitar o Canad\u00e1 sem visto. Leia o nosso artigo.","robots":{"index":"index","follow":"follow","max-snippet":"max-snippet:-1","max-image-preview":"max-image-preview:large","max-video-preview":"max-video-preview:-1"},"canonical":"https:\/\/ave-eta-canada.com\/pt-pt\/o-que-e-eta-canada-2\/","og_locale":"pt_PT","og_type":"article","og_title":"O que \u00e9 o eTA Canad\u00e1?","og_description":"O eTA Canad\u00e1 \u00e9 uma autoriza\u00e7\u00e3o de viagem electr\u00f3nica que permite a certos viajantes visitar o Canad\u00e1 sem visto. Leia o nosso artigo.","og_url":"https:\/\/ave-eta-canada.com\/pt-pt\/o-que-e-eta-canada-2\/","og_site_name":"VISA CANADA","article_modified_time":"2022-09-09T19:59:57+00:00","twitter_card":"summary_large_image","twitter_misc":{"Tempo estimado de leitura":"3 minutos"},"schema":{"@context":"https:\/\/schema.org","@graph":[{"@type":"WebPage","@id":"https:\/\/ave-eta-canada.com\/pt-pt\/o-que-e-eta-canada-2\/","url":"https:\/\/ave-eta-canada.com\/pt-pt\/o-que-e-eta-canada-2\/","name":"O que \u00e9 o eTA Canad\u00e1?","isPartOf":{"@id":"https:\/\/ave-eta-canada.com\/pt-pt\/#website"},"datePublished":"2022-09-06T07:58:28+00:00","dateModified":"2022-09-09T19:59:57+00:00","description":"O eTA Canad\u00e1 \u00e9 uma autoriza\u00e7\u00e3o de viagem electr\u00f3nica que permite a certos viajantes visitar o Canad\u00e1 sem visto. Leia o nosso artigo.","breadcrumb":{"@id":"https:\/\/ave-eta-canada.com\/pt-pt\/o-que-e-eta-canada-2\/#breadcrumb"},"inLanguage":"pt-PT","potentialAction":[{"@type":"ReadAction","target":["https:\/\/ave-eta-canada.com\/pt-pt\/o-que-e-eta-canada-2\/"]}]},{"@type":"BreadcrumbList","@id":"https:\/\/ave-eta-canada.com\/pt-pt\/o-que-e-eta-canada-2\/#breadcrumb","itemListElement":[{"@type":"ListItem","position":1,"name":"Home","item":"https:\/\/ave-eta-canada.com\/pt-pt\/"},{"@type":"ListItem","position":2,"name":"O que \u00e9 o eTA Canad\u00e1?"}]},{"@type":"WebSite","@id":"https:\/\/ave-eta-canada.com\/pt-pt\/#website","url":"https:\/\/ave-eta-canada.com\/pt-pt\/","name":"VISA CANADA","description":"Autorisation Voyage Electronique","potentialAction":[{"@type":"SearchAction","target":{"@type":"EntryPoint","urlTemplate":"https:\/\/ave-eta-canada.com\/pt-pt\/?s={search_term_string}"},"query-input":{"@type":"PropertyValueSpecification","valueRequired":true,"valueName":"search_term_string"}}],"inLanguage":"pt-PT"}]}},"_links":{"self":[{"href":"https:\/\/ave-eta-canada.com\/pt-pt\/wp-json\/wp\/v2\/pages\/2592","targetHints":{"allow":["GET"]}}],"collection":[{"href":"https:\/\/ave-eta-canada.com\/pt-pt\/wp-json\/wp\/v2\/pages"}],"about":[{"href":"https:\/\/ave-eta-canada.com\/pt-pt\/wp-json\/wp\/v2\/types\/page"}],"author":[{"embeddable":true,"href":"https:\/\/ave-eta-canada.com\/pt-pt\/wp-json\/wp\/v2\/users\/1"}],"replies":[{"embeddable":true,"href":"https:\/\/ave-eta-canada.com\/pt-pt\/wp-json\/wp\/v2\/comments?post=2592"}],"version-history":[{"count":0,"href":"https:\/\/ave-eta-canada.com\/pt-pt\/wp-json\/wp\/v2\/pages\/2592\/revisions"}],"wp:attachment":[{"href":"https:\/\/ave-eta-canada.com\/pt-pt\/wp-json\/wp\/v2\/media?parent=2592"}],"curies":[{"name":"wp","href":"https:\/\/api.w.org\/{rel}","templated":true}]}}