{"id":2601,"date":"2022-09-06T07:58:29","date_gmt":"2022-09-06T07:58:29","guid":{"rendered":"https:\/\/ave-eta-canada.com\/pt\/"},"modified":"2025-12-13T17:37:23","modified_gmt":"2025-12-13T17:37:23","slug":"pt","status":"publish","type":"page","link":"https:\/\/ave-eta-canada.com\/pt-pt\/","title":{"rendered":"CANAD\u00c1: Autoriza\u00e7\u00e3o Electr\u00f3nica de Viagem"},"content":{"rendered":"\n<h1 class=\"wp-block-heading\">Formalidades de entrada no Canad\u00e1<\/h1>\n\n<p>A Autoriza\u00e7\u00e3o Eletr\u00f3nica de Viagem do Canad\u00e1 (eTA Canad\u00e1) \u00e9 um sistema automatizado de autoriza\u00e7\u00e3o de viagem para viajar para o Canad\u00e1. Este sistema eletr\u00f3nico foi introduzido em setembro de 2016. Este certificado obrigat\u00f3rio, que deve ser obtido antes da sua estadia no Canad\u00e1, \u00e9 pago. Permite-lhe entrar no Canad\u00e1 sem ter de solicitar um visto canadiano. O pedido de eTA deve ser feito online e antes de imprimir o cart\u00e3o de embarque para o Canad\u00e1.    <\/p>\n\n<p><strong>Para uma estadia de menos de 6 meses no Canad\u00e1<\/strong>: Pode completar as formalidades de entrada no Canad\u00e1 directamente atrav\u00e9s da Internet, clicando no <a href=\"https:\/\/ave-eta-canada.com\/pt-pt\/formulario-eta-canada\/\">formul\u00e1rio em linha<\/a>. N\u00e3o \u00e9 necess\u00e1rio marcar uma entrevista na embaixada ou consulado canadiano.<\/p>\n\n<div style=\"height:30px\" aria-hidden=\"true\" class=\"wp-block-spacer\"><\/div>\n\n<h2 class=\"wp-block-heading\">Qual \u00e9 o objectivo do eTA Canad\u00e1?<\/h2>\n\n<p>Este documento electr\u00f3nico de pr\u00e9-viagem aumenta a seguran\u00e7a dom\u00e9stica para voos e envios para o Canad\u00e1. Como parte do teu pedido <g id=\"gid_0\">de ETA para o Canad\u00e1<\/g>, ao forneceres os teus dados antes do voo, o sistema pode verificar se cumpres os crit\u00e9rios de aceita\u00e7\u00e3o em solo canadiano antes mesmo de chegares. Anteriormente, este controlo era efectuado directamente no posto fronteiri\u00e7o.  <\/p>\n\n<p>Este \u00e9 um question\u00e1rio a ser preenchido na Internet, cujas respostas determinar\u00e3o se \u00e9 ou n\u00e3o aceite na eTA. As perguntas s\u00e3o simples e por vezes surpreendentes; visam assegurar \u00e0s autoridades canadianas que n\u00e3o est\u00e1 ligado a uma organiza\u00e7\u00e3o terrorista, que n\u00e3o \u00e9 um criminoso, etc. Este question\u00e1rio substitui a folha verde que lhe foi fornecida no momento do voo.  <\/p>\n\n<h2 class=\"wp-block-heading\">ETA mais f\u00e1cil de obter do que um visto<\/h2>\n\n<p><a href=\"https:\/\/ave-eta-canada.com\/pt-pt\/o-que-e-eta-canada\/\">O eTA \u00e9 particularmente \u00fatil<\/a> para tipos espec\u00edficos de viagem: turismo, tr\u00e2nsito ou uma viagem de neg\u00f3cios. Se viajar para o Canad\u00e1 por uma destas raz\u00f5es e a sua viagem estiver limitada a um m\u00e1ximo de 6 meses, pode beneficiar de um sistema mais simples do que o <a href=\"https:\/\/usa-esta.net\/pt-pt\/visto-turismo-canada\/\">visto de turista do Canad\u00e1<\/a>, gra\u00e7as ao ETA. O processo de autoriza\u00e7\u00e3o de viagem n\u00e3o s\u00f3 requer apenas alguns cliques na Internet, como tamb\u00e9m n\u00e3o exigir\u00e1 o pagamento de centenas de d\u00f3lares, como \u00e9 normalmente o caso de um visto do Canad\u00e1. O eTA \u00e9 a solu\u00e7\u00e3o para viajar para o Canad\u00e1 de forma f\u00e1cil e econ\u00f3mica.<\/p>\n\n<p>Abaixo encontra-se uma ilustra\u00e7\u00e3o de um visto de entrada canadiano.<\/p>\n\n<figure class=\"wp-block-image size-large\"><img decoding=\"async\" src=\"https:\/\/ave-eta-canada.com\/wp-content\/uploads\/2020\/04\/visa-canada-1-1024x734.png\" alt=\"\" class=\"wp-image-832\"\/><figcaption class=\"wp-element-caption\">Visto fotogr\u00e1fico Canad\u00e1<\/figcaption><\/figure>\n\n<h2 class=\"wp-block-heading\">Como aceder ao formul\u00e1rio de candidatura?<\/h2>\n\n<p>\u00c9 f\u00e1cil aceder ao formul\u00e1rio. O <g id=\"gid_0\">pedido<\/g> \u00e9 preenchido diretamente na Internet e \u00e9 processado automaticamente. A resposta (aceita\u00e7\u00e3o ou recusa) \u00e9 quase imediata, mas \u00e9 aconselh\u00e1vel apresentar o pedido logo que a viagem esteja planeada.  <\/p>\n\n<p>O s\u00edtio de inscri\u00e7\u00e3o \u00e9 em franc\u00eas e ter\u00e1 apoio e assist\u00eancia a todo o momento. Al\u00e9m disso, os seus dados de contacto e recibo ser\u00e3o armazenados no site, o que pode ser \u00fatil em caso de perda. <\/p>\n\n<h2 class=\"wp-block-heading\">Resumo da autoriza\u00e7\u00e3o eTA<\/h2>\n\n<p>A autoriza\u00e7\u00e3o do eTA n\u00e3o \u00e9 um documento tang\u00edvel como um passaporte. \u00c9 uma resposta que pode ser encontrada na Internet, atrav\u00e9s da sua conta criada aquando do pedido do eTA. Quando submete o formul\u00e1rio em linha, os sistemas inform\u00e1ticos processam os seus dados e as respostas \u00e0s perguntas, a fim de determinar se o seu processo preenche as condi\u00e7\u00f5es de aceita\u00e7\u00e3o. Por conseguinte, deve estar atento e tomar a iniciativa de visitar o s\u00edtio Web para verificar o resultado do seu pedido. Se obtiver a confirma\u00e7\u00e3o da sua viagem para o Canad\u00e1 atrav\u00e9s de um eTA, nada o impede de imprimir a mensagem, mas tal n\u00e3o \u00e9 obrigat\u00f3rio. As autoridades canadianas poder\u00e3o consultar o seu processo diretamente nas suas ferramentas inform\u00e1ticas.     <\/p>\n\n<h2 class=\"wp-block-heading\">H\u00e1 algum benef\u00edcio para os viajantes?<\/h2>\n\n<p>Sim, os viajantes tamb\u00e9m beneficiam porque quando viajam com uma <a href=\"https:\/\/ave-eta-canada.com\/pt-pt\/visto-ou-eta-canada\/\">eTA n\u00e3o t\u00eam de requerer um visto<\/a>. No entanto, certas condi\u00e7\u00f5es devem ser satisfeitas. Com efeito, deve ser de um dos pa\u00edses que assinaram o reconhecimento da isen\u00e7\u00e3o de visto (do qual a Europa faz parte). Ter\u00e1 de permanecer no Canad\u00e1 por um m\u00e1ximo de 6 meses; al\u00e9m disso, o objectivo da viagem \u00e9 restrito: tr\u00e2nsito, estadia tur\u00edstica ou de neg\u00f3cios. Al\u00e9m disso, como muitos pa\u00edses, o Canad\u00e1 exige que os visitantes tenham um passaporte electr\u00f3nico ou biom\u00e9trico v\u00e1lido. Se preencher todos estes requisitos, a sua viagem ao Canad\u00e1 dever\u00e1 ser tranquila gra\u00e7as ao ETA. O pre\u00e7o da eTA e o seu processo on-line simplificado s\u00e3o uma vantagem real para os viajantes que desejam entrar no Canad\u00e1.<\/p>\n\n<h2 class=\"wp-block-heading\">Durante quanto tempo \u00e9 v\u00e1lido este pedido?<\/h2>\n\n<p>Depois de ter solicitado, a <a href=\"https:\/\/ave-eta-canada.com\/pt-pt\/eta-canada-valida-duracao\/\">sua autoriza\u00e7\u00e3o de resid\u00eancia pode ser utilizada durante cinco anos<\/a> ou at\u00e9 o seu passaporte expirar. No entanto, a sua estadia no Canad\u00e1 n\u00e3o deve exceder 6 meses. Pode entrar e sair no Canad\u00e1 v\u00e1rias vezes at\u00e9 ao fim dos 6 meses.<\/p>\n\n<h2 class=\"wp-block-heading\">Existe o risco de recusa de um eTA?<\/h2>\n\n<p>Pode ter a certeza de que quase todos os pedidos s\u00e3o aceites. A recusa de uma autoriza\u00e7\u00e3o de viagem eTA deve-se a erros de introdu\u00e7\u00e3o e, evidentemente, ao incumprimento das condi\u00e7\u00f5es da autoriza\u00e7\u00e3o (estadia excessiva, passaporte caducado, etc.). Se preencher os requisitos do programa, n\u00e3o h\u00e1 d\u00favida de que pode permanecer no Canad\u00e1 com um eTA. Antes de enviar o formul\u00e1rio, verifique os seus dados, pois \u00e9 f\u00e1cil cometer um erro de digita\u00e7\u00e3o. Se o seu pedido for recusado, ter\u00e1 de esperar 10 dias antes de poder apresentar um novo pedido.    <\/p>\n\n<h2 class=\"wp-block-heading\">Como obter um visto de turista para o Canad\u00e1<\/h2>\n\n<p>O pedido de visto tur\u00edstico canadiano \u00e9 feito no Consulado do Canad\u00e1 no seu pa\u00eds de origem. O processo de obten\u00e7\u00e3o de um visto tur\u00edstico para o Canad\u00e1 envolve v\u00e1rias etapas. Ao contr\u00e1rio do processo de <g id=\"gid_0\">vistos dos EUA<\/g>, o visto do Canad\u00e1 \u00e9 obtido sem uma entrevista f\u00edsica na Embaixada do Canad\u00e1. As principais etapas do visto tur\u00edstico canadiano s\u00e3o as seguintes:   <\/p>\n\n<ol class=\"wp-block-list\">\n<li>Antes de mais, \u00e9 necess\u00e1rio verificar se \u00e9 eleg\u00edvel para um visto de turista canadiano;<\/li>\n\n\n\n<li>Depois \u00e9 necess\u00e1rio criar um acesso de visitante no portal administrativo canadiano da Internet: o <a href=\"https:\/\/www.canada.ca\/en\/immigration-refugees-citizenship\/services\/visit-canada\/visitor-visa-application-start.html\">IRCC<\/a>;<\/li>\n\n\n\n<li>Uma vez iniciado a sess\u00e3o, dever\u00e1 preencher todos os documentos necess\u00e1rios para o visto de turista canadiano;<\/li>\n\n\n\n<li>Uma vez conclu\u00eddo, poder\u00e1 validar o seu pedido de visto canadiano;<\/li>\n\n\n\n<li>Ter\u00e1 tamb\u00e9m de juntar todos os documentos exigidos pelas autoridades canadianas para finalizar o seu pedido de visto tur\u00edstico;<\/li>\n\n\n\n<li>Depois de ter apresentado os documentos de candidatura, ter\u00e1 de aguardar pelo regresso do departamento de processamento de vistos tur\u00edsticos. O departamento de vistos pode contact\u00e1-lo para mais informa\u00e7\u00f5es. <\/li>\n\n\n\n<li>Uma vez aceite o seu pedido, ter\u00e1 de enviar o seu passaporte para ser carimbado pelo servi\u00e7o oficial canadiano de vistos.<\/li>\n<\/ol>\n\n<div style=\"height:20px\" aria-hidden=\"true\" class=\"wp-block-spacer\"><\/div>\n\n<h2 class=\"wp-block-heading\">Posso prolongar a minha estadia com uma autoriza\u00e7\u00e3o eTA Canada?<\/h2>\n\n<p>Embora um eTA Canad\u00e1 autorize uma estadia inicial de at\u00e9 6 meses em solo canadiano, \u00e9 por vezes poss\u00edvel obter uma prorroga\u00e7\u00e3o. Para tal, deves apresentar um pedido espec\u00edfico \u00e0s autoridades canadianas antes do termo da tua estadia inicial. Este processo \u00e9 efectuado diretamente em linha no <g id=\"gid_0\">portal do IRCC<\/g> e exige que apresentes raz\u00f5es e provas v\u00e1lidas para justificar o teu pedido (raz\u00f5es familiares, profissionais, m\u00e9dicas, etc.). Por conseguinte, \u00e9 importante que planeies este processo com bastante anteced\u00eancia.   <\/p>\n\n<h2 class=\"wp-block-heading\">O que deves fazer se o teu passaporte caducar antes de seres autorizado a viajar?<\/h2>\n\n<p>Se o teu passaporte caducar antes do fim da validade da tua autoriza\u00e7\u00e3o de viagem (5 anos), ter\u00e1s de pedir uma nova autoriza\u00e7\u00e3o em linha assim que receberes o teu novo passaporte. Isto porque a autoriza\u00e7\u00e3o eletr\u00f3nica est\u00e1 diretamente ligada ao n\u00famero de passaporte utilizado para o pedido inicial. Por conseguinte, qualquer altera\u00e7\u00e3o ou mudan\u00e7a de passaporte exige uma nova autoriza\u00e7\u00e3o, a fim de evitar qualquer recusa de embarque ou problemas nas fronteiras.  <\/p>\n\n<h2 class=\"wp-block-heading\">ETA Canad\u00e1 para menores<\/h2>\n\n<p>Se viajares com filhos menores, \u00e9 importante saberes que cada crian\u00e7a deve ter a sua pr\u00f3pria autoriza\u00e7\u00e3o de viagem. Tens de preencher uma autoriza\u00e7\u00e3o individual em linha para cada crian\u00e7a, mesmo que estejam acompanhadas por ambos os pais ou tutores legais. Al\u00e9m disso, as autoridades canadianas recomendam vivamente que os adultos que viajem sozinhos com um menor tenham uma carta de autoriza\u00e7\u00e3o parental assinada pelo outro progenitor ou pelo tutor legal ausente, para evitar bloqueios nos postos fronteiri\u00e7os.  <\/p>\n\n<h2 class=\"wp-block-heading\">N\u00e3o te esque\u00e7as das formalidades para viajar para o Reino Unido<\/h2>\n\n<p>Se tamb\u00e9m est\u00e1 a planear <a href=\"https:\/\/uk-gb.net\/pt-pt\/\">visitar o Reino Unido<\/a>, deve saber que este pa\u00eds introduziu recentemente o seu pr\u00f3prio sistema eletr\u00f3nico de autoriza\u00e7\u00e3o de viagem. Tal como a autoriza\u00e7\u00e3o eletr\u00f3nica de viagem canadiana, a ETA do Reino Unido \u00e9 uma autoriza\u00e7\u00e3o eletr\u00f3nica pr\u00e9via \u00e0 viagem. Foi introduzido para simplificar <a href=\"https:\/\/uk-gb.net\/pt-pt\/visto-reino-unido\/\">as formalidades de entrada no Reino Unido<\/a> e para refor\u00e7ar os controlos de seguran\u00e7a. Este certificado ser\u00e1 obrigat\u00f3rio para os visitantes isentos de visto que pretendam permanecer brevemente no Reino Unido. Por isso, lembre-se de cumprir as formalidades em linha antes de viajar para evitar surpresas desagrad\u00e1veis quando chegar ao Reino Unido.<\/p>\n\n<p>Estas v\u00e1rias formalidades electr\u00f3nicas introduzidas pelos principais pa\u00edses incentivaram a Uni\u00e3o Europeia a introduzir a sua pr\u00f3pria <a href=\"https:\/\/visas.eu.com\/pt-br\/etias-autorizacao-de-viagem-para-a-europa\/\">autoriza\u00e7\u00e3o eletr\u00f3nica de viagem ETIAS<\/a> para refor\u00e7ar os controlos nas fronteiras europeias.<\/p>\n","protected":false},"excerpt":{"rendered":"<p>Formalidades de entrada no Canad\u00e1 A Autoriza\u00e7\u00e3o Eletr\u00f3nica de Viagem do Canad\u00e1 (eTA Canad\u00e1) \u00e9 um sistema automatizado de autoriza\u00e7\u00e3o de viagem para viajar para o Canad\u00e1. Este sistema eletr\u00f3nico foi introduzido em setembro de 2016. Este certificado obrigat\u00f3rio, que deve ser obtido antes da sua estadia no Canad\u00e1, \u00e9 pago. Permite-lhe entrar no Canad\u00e1 [&hellip;]<\/p>\n","protected":false},"author":1,"featured_media":0,"parent":0,"menu_order":0,"comment_status":"closed","ping_status":"closed","template":"","meta":{"footnotes":""},"class_list":["post-2601","page","type-page","status-publish","hentry"],"yoast_head":"<!-- This site is optimized with the Yoast SEO plugin v26.9 - https:\/\/yoast.com\/product\/yoast-seo-wordpress\/ -->\n<title>CANAD\u00c1: Autoriza\u00e7\u00e3o Electr\u00f3nica de Viagem<\/title>\n<meta name=\"description\" content=\"Toda a informa\u00e7\u00e3o sobre a eTA Canad\u00e0, o certificado electr\u00f3nico de entrada no Canad\u00e1\" \/>\n<meta name=\"robots\" content=\"index, follow, max-snippet:-1, max-image-preview:large, max-video-preview:-1\" \/>\n<link rel=\"canonical\" href=\"https:\/\/ave-eta-canada.com\/pt-pt\/\" \/>\n<meta property=\"og:locale\" content=\"pt_PT\" \/>\n<meta property=\"og:type\" content=\"article\" \/>\n<meta property=\"og:title\" content=\"CANAD\u00c1: Autoriza\u00e7\u00e3o Electr\u00f3nica de Viagem\" \/>\n<meta property=\"og:description\" content=\"Toda a informa\u00e7\u00e3o sobre a eTA Canad\u00e0, o certificado electr\u00f3nico de entrada no Canad\u00e1\" \/>\n<meta property=\"og:url\" content=\"https:\/\/ave-eta-canada.com\/pt-pt\/\" \/>\n<meta property=\"og:site_name\" content=\"VISA CANADA\" \/>\n<meta property=\"article:modified_time\" content=\"2025-12-13T17:37:23+00:00\" \/>\n<meta property=\"og:image\" content=\"https:\/\/ave-eta-canada.com\/wp-content\/uploads\/2020\/04\/visa-canada-1.webp\" \/>\n\t<meta property=\"og:image:width\" content=\"1920\" \/>\n\t<meta property=\"og:image:height\" content=\"1376\" \/>\n\t<meta property=\"og:image:type\" content=\"image\/webp\" \/>\n<meta name=\"twitter:card\" content=\"summary_large_image\" \/>\n<meta name=\"twitter:label1\" content=\"Tempo estimado de leitura\" \/>\n\t<meta name=\"twitter:data1\" content=\"8 minutos\" \/>\n<script type=\"application\/ld+json\" class=\"yoast-schema-graph\">{\"@context\":\"https:\/\/schema.org\",\"@graph\":[{\"@type\":\"WebPage\",\"@id\":\"https:\/\/ave-eta-canada.com\/pt-pt\/\",\"url\":\"https:\/\/ave-eta-canada.com\/pt-pt\/\",\"name\":\"CANAD\u00c1: Autoriza\u00e7\u00e3o Electr\u00f3nica de Viagem\",\"isPartOf\":{\"@id\":\"https:\/\/ave-eta-canada.com\/pt-pt\/#website\"},\"primaryImageOfPage\":{\"@id\":\"https:\/\/ave-eta-canada.com\/pt-pt\/#primaryimage\"},\"image\":{\"@id\":\"https:\/\/ave-eta-canada.com\/pt-pt\/#primaryimage\"},\"thumbnailUrl\":\"https:\/\/ave-eta-canada.com\/wp-content\/uploads\/2020\/04\/visa-canada-1-1024x734.png\",\"datePublished\":\"2022-09-06T07:58:29+00:00\",\"dateModified\":\"2025-12-13T17:37:23+00:00\",\"description\":\"Toda a informa\u00e7\u00e3o sobre a eTA Canad\u00e0, o certificado electr\u00f3nico de entrada no Canad\u00e1\",\"breadcrumb\":{\"@id\":\"https:\/\/ave-eta-canada.com\/pt-pt\/#breadcrumb\"},\"inLanguage\":\"pt-PT\",\"potentialAction\":[{\"@type\":\"ReadAction\",\"target\":[\"https:\/\/ave-eta-canada.com\/pt-pt\/\"]}]},{\"@type\":\"ImageObject\",\"inLanguage\":\"pt-PT\",\"@id\":\"https:\/\/ave-eta-canada.com\/pt-pt\/#primaryimage\",\"url\":\"https:\/\/ave-eta-canada.com\/wp-content\/uploads\/2020\/04\/visa-canada-1-1024x734.png\",\"contentUrl\":\"https:\/\/ave-eta-canada.com\/wp-content\/uploads\/2020\/04\/visa-canada-1-1024x734.png\"},{\"@type\":\"BreadcrumbList\",\"@id\":\"https:\/\/ave-eta-canada.com\/pt-pt\/#breadcrumb\",\"itemListElement\":[{\"@type\":\"ListItem\",\"position\":1,\"name\":\"Home\",\"item\":\"https:\/\/ave-eta-canada.com\/pt-pt\/\"},{\"@type\":\"ListItem\",\"position\":2,\"name\":\"CANAD\u00c1: Autoriza\u00e7\u00e3o Electr\u00f3nica de Viagem\"}]},{\"@type\":\"WebSite\",\"@id\":\"https:\/\/ave-eta-canada.com\/pt-pt\/#website\",\"url\":\"https:\/\/ave-eta-canada.com\/pt-pt\/\",\"name\":\"VISA CANADA\",\"description\":\"Autorisation Voyage Electronique\",\"potentialAction\":[{\"@type\":\"SearchAction\",\"target\":{\"@type\":\"EntryPoint\",\"urlTemplate\":\"https:\/\/ave-eta-canada.com\/pt-pt\/?s={search_term_string}\"},\"query-input\":{\"@type\":\"PropertyValueSpecification\",\"valueRequired\":true,\"valueName\":\"search_term_string\"}}],\"inLanguage\":\"pt-PT\"}]}<\/script>\n<!-- \/ Yoast SEO plugin. -->","yoast_head_json":{"title":"CANAD\u00c1: Autoriza\u00e7\u00e3o Electr\u00f3nica de Viagem","description":"Toda a informa\u00e7\u00e3o sobre a eTA Canad\u00e0, o certificado electr\u00f3nico de entrada no Canad\u00e1","robots":{"index":"index","follow":"follow","max-snippet":"max-snippet:-1","max-image-preview":"max-image-preview:large","max-video-preview":"max-video-preview:-1"},"canonical":"https:\/\/ave-eta-canada.com\/pt-pt\/","og_locale":"pt_PT","og_type":"article","og_title":"CANAD\u00c1: Autoriza\u00e7\u00e3o Electr\u00f3nica de Viagem","og_description":"Toda a informa\u00e7\u00e3o sobre a eTA Canad\u00e0, o certificado electr\u00f3nico de entrada no Canad\u00e1","og_url":"https:\/\/ave-eta-canada.com\/pt-pt\/","og_site_name":"VISA CANADA","article_modified_time":"2025-12-13T17:37:23+00:00","og_image":[{"width":1920,"height":1376,"url":"https:\/\/ave-eta-canada.com\/wp-content\/uploads\/2020\/04\/visa-canada-1.webp","type":"image\/webp"}],"twitter_card":"summary_large_image","twitter_misc":{"Tempo estimado de leitura":"8 minutos"},"schema":{"@context":"https:\/\/schema.org","@graph":[{"@type":"WebPage","@id":"https:\/\/ave-eta-canada.com\/pt-pt\/","url":"https:\/\/ave-eta-canada.com\/pt-pt\/","name":"CANAD\u00c1: Autoriza\u00e7\u00e3o Electr\u00f3nica de Viagem","isPartOf":{"@id":"https:\/\/ave-eta-canada.com\/pt-pt\/#website"},"primaryImageOfPage":{"@id":"https:\/\/ave-eta-canada.com\/pt-pt\/#primaryimage"},"image":{"@id":"https:\/\/ave-eta-canada.com\/pt-pt\/#primaryimage"},"thumbnailUrl":"https:\/\/ave-eta-canada.com\/wp-content\/uploads\/2020\/04\/visa-canada-1-1024x734.png","datePublished":"2022-09-06T07:58:29+00:00","dateModified":"2025-12-13T17:37:23+00:00","description":"Toda a informa\u00e7\u00e3o sobre a eTA Canad\u00e0, o certificado electr\u00f3nico de entrada no Canad\u00e1","breadcrumb":{"@id":"https:\/\/ave-eta-canada.com\/pt-pt\/#breadcrumb"},"inLanguage":"pt-PT","potentialAction":[{"@type":"ReadAction","target":["https:\/\/ave-eta-canada.com\/pt-pt\/"]}]},{"@type":"ImageObject","inLanguage":"pt-PT","@id":"https:\/\/ave-eta-canada.com\/pt-pt\/#primaryimage","url":"https:\/\/ave-eta-canada.com\/wp-content\/uploads\/2020\/04\/visa-canada-1-1024x734.png","contentUrl":"https:\/\/ave-eta-canada.com\/wp-content\/uploads\/2020\/04\/visa-canada-1-1024x734.png"},{"@type":"BreadcrumbList","@id":"https:\/\/ave-eta-canada.com\/pt-pt\/#breadcrumb","itemListElement":[{"@type":"ListItem","position":1,"name":"Home","item":"https:\/\/ave-eta-canada.com\/pt-pt\/"},{"@type":"ListItem","position":2,"name":"CANAD\u00c1: Autoriza\u00e7\u00e3o Electr\u00f3nica de Viagem"}]},{"@type":"WebSite","@id":"https:\/\/ave-eta-canada.com\/pt-pt\/#website","url":"https:\/\/ave-eta-canada.com\/pt-pt\/","name":"VISA CANADA","description":"Autorisation Voyage Electronique","potentialAction":[{"@type":"SearchAction","target":{"@type":"EntryPoint","urlTemplate":"https:\/\/ave-eta-canada.com\/pt-pt\/?s={search_term_string}"},"query-input":{"@type":"PropertyValueSpecification","valueRequired":true,"valueName":"search_term_string"}}],"inLanguage":"pt-PT"}]}},"_links":{"self":[{"href":"https:\/\/ave-eta-canada.com\/pt-pt\/wp-json\/wp\/v2\/pages\/2601","targetHints":{"allow":["GET"]}}],"collection":[{"href":"https:\/\/ave-eta-canada.com\/pt-pt\/wp-json\/wp\/v2\/pages"}],"about":[{"href":"https:\/\/ave-eta-canada.com\/pt-pt\/wp-json\/wp\/v2\/types\/page"}],"author":[{"embeddable":true,"href":"https:\/\/ave-eta-canada.com\/pt-pt\/wp-json\/wp\/v2\/users\/1"}],"replies":[{"embeddable":true,"href":"https:\/\/ave-eta-canada.com\/pt-pt\/wp-json\/wp\/v2\/comments?post=2601"}],"version-history":[{"count":11,"href":"https:\/\/ave-eta-canada.com\/pt-pt\/wp-json\/wp\/v2\/pages\/2601\/revisions"}],"predecessor-version":[{"id":6397,"href":"https:\/\/ave-eta-canada.com\/pt-pt\/wp-json\/wp\/v2\/pages\/2601\/revisions\/6397"}],"wp:attachment":[{"href":"https:\/\/ave-eta-canada.com\/pt-pt\/wp-json\/wp\/v2\/media?parent=2601"}],"curies":[{"name":"wp","href":"https:\/\/api.w.org\/{rel}","templated":true}]}}