{"id":2603,"date":"2022-09-06T07:58:29","date_gmt":"2022-09-06T07:58:29","guid":{"rendered":"https:\/\/ave-eta-canada.com\/preencher-o-formulario-em-branco-para-o-canada\/"},"modified":"2022-09-09T20:13:12","modified_gmt":"2022-09-09T20:13:12","slug":"preencher-o-formulario-eta-canada","status":"publish","type":"page","link":"https:\/\/ave-eta-canada.com\/pt-pt\/preencher-o-formulario-eta-canada\/","title":{"rendered":"Preenchimento do formul\u00e1rio eTA para o Canad\u00e1"},"content":{"rendered":"\n<h1 class=\"wp-block-heading\">Como \u00e9 que preencho o formul\u00e1rio eTA para o Canad\u00e1?<\/h1>\n\n<p>Para viajar para o Canad\u00e1, j\u00e1 n\u00e3o \u00e9 necess\u00e1rio obter um visto canadiano. Tudo o que precisa de fazer \u00e9 obter uma Autoriza\u00e7\u00e3o Electr\u00f3nica de Viagem (eTA) atrav\u00e9s da Internet. <\/p>\n\n<p><strong>Para uma estadia de menos de 6 meses no Canad\u00e1<\/strong>: Pode completar as formalidades de entrada no Canad\u00e1 directamente atrav\u00e9s da Internet, clicando no <a href=\"https:\/\/ave-eta-canada.com\/pt-pt\/formulario-eta-canada\/\">formul\u00e1rio em linha<\/a>. N\u00e3o \u00e9 necess\u00e1rio marcar uma entrevista na embaixada ou consulado canadiano.<\/p>\n\n<p>Para se candidatar, o formul\u00e1rio eTA para o Canad\u00e1 deve ser preenchido correctamente. \u00c9 importante, em primeiro lugar, determinar se \u00e9 eleg\u00edvel para este esquema e, em segundo lugar, saber como preencher o formul\u00e1rio de candidatura a eTA para a sua viagem ao Canad\u00e1.<br\/><\/p>\n\n<h2 class=\"wp-block-heading\">Pode preencher o formul\u00e1rio electr\u00f3nico de autoriza\u00e7\u00e3o de viagem para o Canad\u00e1?<\/h2>\n\n<p>O governo canadiano implementou um <a href=\"https:\/\/ave-eta-canada.com\/pt-pt\/voce-precisa-de-um-visto-para-ir-para-o-canada\/\">programa de isen\u00e7\u00e3o de vistos<\/a>. Este \u00e9 um formul\u00e1rio electr\u00f3nico de autoriza\u00e7\u00e3o de viagem que visa facilitar o processo administrativo para os viajantes que desejam visitar o Canad\u00e1. Este passe n\u00e3o permite a expatria\u00e7\u00e3o para o Canad\u00e1, nem para estudar ou trabalhar no Canad\u00e1, permite simplesmente permanecer no Canad\u00e1 sem ter de solicitar um visto para uma viagem tur\u00edstica ou de neg\u00f3cios. Para experimentar a vida no Canad\u00e1 com um eTA, \u00e9 necess\u00e1rio cumprir certos crit\u00e9rios:<\/p>\n\n<ul class=\"wp-block-list\"><li>apenas os nacionais de pa\u00edses membros deste esquema s\u00e3o eleg\u00edveis (pode facilmente encontrar a lista de pa\u00edses em quest\u00e3o na Internet);<\/li><li>a estadia deve ser tempor\u00e1ria, ou seja, inferior a 6 meses;<\/li><li>A chegada ao Canad\u00e1 deve ser por via a\u00e9rea;<\/li><li>o seu passaporte deve ser v\u00e1lido, com uma validade restante recomendada de 6 meses.<br\/><br\/><\/li><\/ul>\n\n<h2 class=\"wp-block-heading\">Preenchimento do formul\u00e1rio de candidatura eTA para o Canad\u00e1<\/h2>\n\n<p>O formul\u00e1rio de candidatura<a href=\"https:\/\/ave-eta-canada.com\/pt-pt\/noticias-sobre-a-eta-canada\/\"> eTA para o Canad\u00e1<\/a> n\u00e3o est\u00e1 dispon\u00edvel em formato papel. Assim, os viajantes devem preencher o formul\u00e1rio online, que est\u00e1 dividido em v\u00e1rias partes.<\/p>\n\n<p>\u00c9-lhe pedida muita informa\u00e7\u00e3o pessoal sobre o seu trabalho, casa, datas de viagem (informa\u00e7\u00e3o opcional), sa\u00fade e registo criminal. Assegure-se de responder \u00e0s perguntas do formul\u00e1rio <a href=\"https:\/\/ave-eta-canada.com\/pt-pt\/fazer-um-oficial-eta-canada-aplicativo\/\">de candidatura do EV Canad\u00e1<\/a> de forma honesta, correcta e, sobretudo, muito cuidadosa, porque se cometer um erro, poder\u00e1 n\u00e3o receber autoriza\u00e7\u00e3o.<\/p>\n\n<p>\u00c9-lhe pedido que assine o formul\u00e1rio electronicamente, digitando o seu nome. Para finalizar o seu formul\u00e1rio de candidatura eTA para o Canad\u00e1, deve pagar a soma de 7 d\u00f3lares canadianos.<\/p>\n\n<p>O pedido pode ser feito no website oficial do governo canadiano ou num dos websites privados que se oferecem para o fazer por si. O pedido \u00e9 simplificado e, portanto, mais r\u00e1pido.<br\/><br\/><\/p>\n\n<h2 class=\"wp-block-heading\">Receber o seu eTA Canad\u00e1 depois de preencher o formul\u00e1rio<\/h2>\n\n<p><a href=\"https:\/\/ave-eta-canada.com\/pt-pt\/quanto-tempo-demora-obtencao-eta-canada\/\">Receber\u00e1 eTA<\/a> resposta directamente por correio electr\u00f3nico para o endere\u00e7o electr\u00f3nico fornecido no momento da candidatura. As autoridades canadianas ir\u00e3o enviar-lhe duas mensagens electr\u00f3nicas: a primeira \u00e9 um aviso de recep\u00e7\u00e3o da sua candidatura, a segunda \u00e9 uma resposta \u00e0 sua candidatura.<\/p>\n\n<p>Esteja ciente de que a Autoriza\u00e7\u00e3o Electr\u00f3nica de Viagem para o Canad\u00e1 \u00e9 v\u00e1lida por cinco anos (a menos que mude entretanto o seu passaporte), o que lhe permite renovar a sua viagem para descobrir outras regi\u00f5es ou redescobrir lugares de que tenha desfrutado.<\/p>\n\n<p>Esperamos que as nossas dicas para preencher o <a href=\"https:\/\/ave-eta-canada.com\/pt-pt\/\">formul\u00e1rio de candidatura eTA<\/a> para o Canad\u00e1 o tenham ajudado.<\/p>\n","protected":false},"excerpt":{"rendered":"<p>Como \u00e9 que preencho o formul\u00e1rio eTA para o Canad\u00e1? Para viajar para o Canad\u00e1, j\u00e1 n\u00e3o \u00e9 necess\u00e1rio obter um visto canadiano. Tudo o que precisa de fazer \u00e9 obter uma Autoriza\u00e7\u00e3o Electr\u00f3nica de Viagem (eTA) atrav\u00e9s da Internet. Para uma estadia de menos de 6 meses no Canad\u00e1: Pode completar as formalidades de [&hellip;]<\/p>\n","protected":false},"author":1,"featured_media":0,"parent":0,"menu_order":0,"comment_status":"closed","ping_status":"closed","template":"","meta":{"footnotes":""},"class_list":["post-2603","page","type-page","status-publish","hentry"],"yoast_head":"<!-- This site is optimized with the Yoast SEO plugin v26.9 - https:\/\/yoast.com\/product\/yoast-seo-wordpress\/ -->\n<title>Preenchimento do formul\u00e1rio eTA para o Canad\u00e1<\/title>\n<meta name=\"description\" content=\"Quer ir para o Canad\u00e1? A nossa equipa de peritos explica como candidatar-se e preencher correctamente o formul\u00e1rio eTA Canad\u00e1!\" \/>\n<meta name=\"robots\" content=\"index, follow, max-snippet:-1, max-image-preview:large, max-video-preview:-1\" \/>\n<link rel=\"canonical\" href=\"https:\/\/ave-eta-canada.com\/pt-pt\/preencher-o-formulario-eta-canada\/\" \/>\n<meta property=\"og:locale\" content=\"pt_PT\" \/>\n<meta property=\"og:type\" content=\"article\" \/>\n<meta property=\"og:title\" content=\"Preenchimento do formul\u00e1rio eTA para o Canad\u00e1\" \/>\n<meta property=\"og:description\" content=\"Quer ir para o Canad\u00e1? A nossa equipa de peritos explica como candidatar-se e preencher correctamente o formul\u00e1rio eTA Canad\u00e1!\" \/>\n<meta property=\"og:url\" content=\"https:\/\/ave-eta-canada.com\/pt-pt\/preencher-o-formulario-eta-canada\/\" \/>\n<meta property=\"og:site_name\" content=\"VISA CANADA\" \/>\n<meta property=\"article:modified_time\" content=\"2022-09-09T20:13:12+00:00\" \/>\n<meta name=\"twitter:card\" content=\"summary_large_image\" \/>\n<meta name=\"twitter:label1\" content=\"Tempo estimado de leitura\" \/>\n\t<meta name=\"twitter:data1\" content=\"3 minutos\" \/>\n<script type=\"application\/ld+json\" class=\"yoast-schema-graph\">{\"@context\":\"https:\/\/schema.org\",\"@graph\":[{\"@type\":\"WebPage\",\"@id\":\"https:\/\/ave-eta-canada.com\/pt-pt\/preencher-o-formulario-eta-canada\/\",\"url\":\"https:\/\/ave-eta-canada.com\/pt-pt\/preencher-o-formulario-eta-canada\/\",\"name\":\"Preenchimento do formul\u00e1rio eTA para o Canad\u00e1\",\"isPartOf\":{\"@id\":\"https:\/\/ave-eta-canada.com\/pt-pt\/#website\"},\"datePublished\":\"2022-09-06T07:58:29+00:00\",\"dateModified\":\"2022-09-09T20:13:12+00:00\",\"description\":\"Quer ir para o Canad\u00e1? A nossa equipa de peritos explica como candidatar-se e preencher correctamente o formul\u00e1rio eTA Canad\u00e1!\",\"breadcrumb\":{\"@id\":\"https:\/\/ave-eta-canada.com\/pt-pt\/preencher-o-formulario-eta-canada\/#breadcrumb\"},\"inLanguage\":\"pt-PT\",\"potentialAction\":[{\"@type\":\"ReadAction\",\"target\":[\"https:\/\/ave-eta-canada.com\/pt-pt\/preencher-o-formulario-eta-canada\/\"]}]},{\"@type\":\"BreadcrumbList\",\"@id\":\"https:\/\/ave-eta-canada.com\/pt-pt\/preencher-o-formulario-eta-canada\/#breadcrumb\",\"itemListElement\":[{\"@type\":\"ListItem\",\"position\":1,\"name\":\"Home\",\"item\":\"https:\/\/ave-eta-canada.com\/pt-pt\/\"},{\"@type\":\"ListItem\",\"position\":2,\"name\":\"Preenchimento do formul\u00e1rio eTA para o Canad\u00e1\"}]},{\"@type\":\"WebSite\",\"@id\":\"https:\/\/ave-eta-canada.com\/pt-pt\/#website\",\"url\":\"https:\/\/ave-eta-canada.com\/pt-pt\/\",\"name\":\"VISA CANADA\",\"description\":\"Autorisation Voyage Electronique\",\"potentialAction\":[{\"@type\":\"SearchAction\",\"target\":{\"@type\":\"EntryPoint\",\"urlTemplate\":\"https:\/\/ave-eta-canada.com\/pt-pt\/?s={search_term_string}\"},\"query-input\":{\"@type\":\"PropertyValueSpecification\",\"valueRequired\":true,\"valueName\":\"search_term_string\"}}],\"inLanguage\":\"pt-PT\"}]}<\/script>\n<!-- \/ Yoast SEO plugin. -->","yoast_head_json":{"title":"Preenchimento do formul\u00e1rio eTA para o Canad\u00e1","description":"Quer ir para o Canad\u00e1? A nossa equipa de peritos explica como candidatar-se e preencher correctamente o formul\u00e1rio eTA Canad\u00e1!","robots":{"index":"index","follow":"follow","max-snippet":"max-snippet:-1","max-image-preview":"max-image-preview:large","max-video-preview":"max-video-preview:-1"},"canonical":"https:\/\/ave-eta-canada.com\/pt-pt\/preencher-o-formulario-eta-canada\/","og_locale":"pt_PT","og_type":"article","og_title":"Preenchimento do formul\u00e1rio eTA para o Canad\u00e1","og_description":"Quer ir para o Canad\u00e1? A nossa equipa de peritos explica como candidatar-se e preencher correctamente o formul\u00e1rio eTA Canad\u00e1!","og_url":"https:\/\/ave-eta-canada.com\/pt-pt\/preencher-o-formulario-eta-canada\/","og_site_name":"VISA CANADA","article_modified_time":"2022-09-09T20:13:12+00:00","twitter_card":"summary_large_image","twitter_misc":{"Tempo estimado de leitura":"3 minutos"},"schema":{"@context":"https:\/\/schema.org","@graph":[{"@type":"WebPage","@id":"https:\/\/ave-eta-canada.com\/pt-pt\/preencher-o-formulario-eta-canada\/","url":"https:\/\/ave-eta-canada.com\/pt-pt\/preencher-o-formulario-eta-canada\/","name":"Preenchimento do formul\u00e1rio eTA para o Canad\u00e1","isPartOf":{"@id":"https:\/\/ave-eta-canada.com\/pt-pt\/#website"},"datePublished":"2022-09-06T07:58:29+00:00","dateModified":"2022-09-09T20:13:12+00:00","description":"Quer ir para o Canad\u00e1? A nossa equipa de peritos explica como candidatar-se e preencher correctamente o formul\u00e1rio eTA Canad\u00e1!","breadcrumb":{"@id":"https:\/\/ave-eta-canada.com\/pt-pt\/preencher-o-formulario-eta-canada\/#breadcrumb"},"inLanguage":"pt-PT","potentialAction":[{"@type":"ReadAction","target":["https:\/\/ave-eta-canada.com\/pt-pt\/preencher-o-formulario-eta-canada\/"]}]},{"@type":"BreadcrumbList","@id":"https:\/\/ave-eta-canada.com\/pt-pt\/preencher-o-formulario-eta-canada\/#breadcrumb","itemListElement":[{"@type":"ListItem","position":1,"name":"Home","item":"https:\/\/ave-eta-canada.com\/pt-pt\/"},{"@type":"ListItem","position":2,"name":"Preenchimento do formul\u00e1rio eTA para o Canad\u00e1"}]},{"@type":"WebSite","@id":"https:\/\/ave-eta-canada.com\/pt-pt\/#website","url":"https:\/\/ave-eta-canada.com\/pt-pt\/","name":"VISA CANADA","description":"Autorisation Voyage Electronique","potentialAction":[{"@type":"SearchAction","target":{"@type":"EntryPoint","urlTemplate":"https:\/\/ave-eta-canada.com\/pt-pt\/?s={search_term_string}"},"query-input":{"@type":"PropertyValueSpecification","valueRequired":true,"valueName":"search_term_string"}}],"inLanguage":"pt-PT"}]}},"_links":{"self":[{"href":"https:\/\/ave-eta-canada.com\/pt-pt\/wp-json\/wp\/v2\/pages\/2603","targetHints":{"allow":["GET"]}}],"collection":[{"href":"https:\/\/ave-eta-canada.com\/pt-pt\/wp-json\/wp\/v2\/pages"}],"about":[{"href":"https:\/\/ave-eta-canada.com\/pt-pt\/wp-json\/wp\/v2\/types\/page"}],"author":[{"embeddable":true,"href":"https:\/\/ave-eta-canada.com\/pt-pt\/wp-json\/wp\/v2\/users\/1"}],"replies":[{"embeddable":true,"href":"https:\/\/ave-eta-canada.com\/pt-pt\/wp-json\/wp\/v2\/comments?post=2603"}],"version-history":[{"count":0,"href":"https:\/\/ave-eta-canada.com\/pt-pt\/wp-json\/wp\/v2\/pages\/2603\/revisions"}],"wp:attachment":[{"href":"https:\/\/ave-eta-canada.com\/pt-pt\/wp-json\/wp\/v2\/media?parent=2603"}],"curies":[{"name":"wp","href":"https:\/\/api.w.org\/{rel}","templated":true}]}}