{"id":2623,"date":"2022-09-06T07:58:30","date_gmt":"2022-09-06T07:58:30","guid":{"rendered":"https:\/\/ave-eta-canada.com\/official-site-ave-canada\/"},"modified":"2022-09-09T20:04:20","modified_gmt":"2022-09-09T20:04:20","slug":"oficial-website-eta-canada","status":"publish","type":"page","link":"https:\/\/ave-eta-canada.com\/pt-pt\/oficial-website-eta-canada\/","title":{"rendered":"S\u00edtio oficial do eTA Canad\u00e1"},"content":{"rendered":"\n<h1 class=\"wp-block-heading\">Apresenta\u00e7\u00e3o do website oficial da eTA Canad\u00e1<\/h1>\n\n<p>Para viajar para o Canad\u00e1, \u00e9 necess\u00e1ria uma autoriza\u00e7\u00e3o de resid\u00eancia. Dependendo da natureza da estadia e do pa\u00eds de origem, o pedido deve ser de um visto canadiano ou de uma Autoriza\u00e7\u00e3o Electr\u00f3nica de Viagem (eTA). <\/p>\n\n<p><strong>Para uma estadia de menos de 6 meses no Canad\u00e1<\/strong>: Pode completar as formalidades de entrada no Canad\u00e1 directamente atrav\u00e9s da Internet, clicando no <a href=\"https:\/\/ave-eta-canada.com\/pt-pt\/formulario-eta-canada\/\">formul\u00e1rio em linha<\/a>. N\u00e3o \u00e9 necess\u00e1rio marcar uma entrevista na embaixada ou consulado canadiano.  <\/p>\n\n<p>O pedido de uma Autoriza\u00e7\u00e3o Electr\u00f3nica de Viagem s\u00f3 pode ser feito na Internet no s\u00edtio oficial do eTA Canad\u00e1. Apresentamos-lhe o website de eTA Canad\u00e1 criado pelo governo canadiano.<\/p>\n\n<h2 class=\"wp-block-heading\">A informa\u00e7\u00e3o contida no site oficial da eTA Canad\u00e1<\/h2>\n\n<p>O website oficial da eTA Canad\u00e1 foi concebido para ser f\u00e1cil de utilizar e claro. Infelizmente, nem toda a informa\u00e7\u00e3o \u00e9 f\u00e1cil de encontrar.<\/p>\n\n<p>Para encontrar a p\u00e1gina de <a href=\"https:\/\/ave-eta-canada.com\/pt-pt\/\">candidatura eTA Canad\u00e1<\/a>, v\u00e1 ao website do governo canadiano e seleccione a sec\u00e7\u00e3o de imigra\u00e7\u00e3o e cidadania; a candidatura AVE \u00e9 da responsabilidade da IRCC (Imigra\u00e7\u00e3o, Refugiados e Cidadania do Canad\u00e1). O site permite-lhe verificar se precisa de um visto ou de um eTA respondendo a uma simples pergunta sobre a sua nacionalidade.<\/p>\n\n<p>Antes de aceder ao  <a href=\"https:\/\/ave-eta-canada.com\/pt-pt\/fazer-um-oficial-eta-canada-aplicativo\/\">Formul\u00e1rio de candidatura eTA<\/a>  Canad\u00e1, uma vis\u00e3o geral do processo \u00e9 apresentada em 5 etapas: os documentos a preparar antes de preencher o formul\u00e1rio, o formul\u00e1rio a preencher, o pagamento da taxa de inscri\u00e7\u00e3o de 7 $ CAN, a resposta por correio electr\u00f3nico e eventualmente os documentos de apoio adicionais. A ajuda est\u00e1 tamb\u00e9m dispon\u00edvel em formato PDF em 18 l\u00ednguas. Esta ajuda detalha como o formul\u00e1rio em linha deve ser preenchido. Se tiver alguma quest\u00e3o, clique no link <a href=\"https:\/\/ave-eta-canada.com\/pt-pt\/eta-canada-respostas-suas-questoes\/\">FAQ<\/a><\/p>\n\n<p>O site oficial do eTA Canad\u00e1 d\u00e1 uma breve introdu\u00e7\u00e3o ao eTA na p\u00e1gina &#8220;O que \u00e9 uma Autoriza\u00e7\u00e3o Electr\u00f3nica de Viagem&#8221;. Afirma que o eTA \u00e9 um requisito de entrada para nacionais de pa\u00edses isentos de visto (a lista de pa\u00edses isentos de visto est\u00e1 dispon\u00edvel na p\u00e1gina &#8220;requisitos de entrada por pa\u00eds ou territ\u00f3rio&#8221;, um link est\u00e1 presente na p\u00e1gina). \u00c9 de notar que os cidad\u00e3os Portugu\u00eas s\u00e3o eleg\u00edveis. O VE s\u00f3 \u00e9 exigido para chegadas em voos internacionais, incluindo o tr\u00e2nsito atrav\u00e9s do Canad\u00e1. Est\u00e1 ligado electronicamente ao passaporte (portanto, cuidado com os novos passaportes ou com as altera\u00e7\u00f5es \u00e0s informa\u00e7\u00f5es neles contidas) e tem uma validade m\u00e1xima de 5 anos. Durante o per\u00edodo de validade de 5 anos, n\u00e3o h\u00e1 limite para o n\u00famero de estadias, mas estas n\u00e3o podem exceder 6 meses. O eTA n\u00e3o garante a entrada no Canad\u00e1, essa decis\u00e3o cabe ao oficial dos servi\u00e7os fronteiri\u00e7os. O funcion\u00e1rio examina os documentos de viagem (passaporte, AVE, bilhete de sa\u00edda, prova de idade, etc.) para tomar uma decis\u00e3o. Podem tamb\u00e9m ser-lhe colocadas algumas quest\u00f5es.<br\/><\/p>\n\n<h2 class=\"wp-block-heading\">Aplicar no s\u00edtio web do eTA Canad\u00e1<\/h2>\n\n<p>A aplica\u00e7\u00e3o eTA s\u00f3 pode ser feita no s\u00edtio web do governo eTA Canad\u00e1. No entanto, \u00e9 livre de se candidatar por si pr\u00f3prio ou de passar por uma plataforma privada e ter uma equipa de profissionais a candidatar-se em seu nome. N\u00e3o h\u00e1 necessidade de ir \u00e0 embaixada do Canad\u00e1, que n\u00e3o est\u00e1 em condi\u00e7\u00f5es de o ajudar neste processo.<\/p>\n\n<p>O formul\u00e1rio de candidatura no website do eTA Canad\u00e1 pode ser preenchido pelo viajante ou por um terceiro, que \u00e9 a primeira pergunta feita. N\u00e3o \u00e9 poss\u00edvel fazer um pedido de grupo, pelo que cada pedido deve ser introduzido e pago individualmente.<\/p>\n\n<p>Se uma pessoa estiver a preencher o formul\u00e1rio em nome de terceiros, deve apresentar-se indicando a rela\u00e7\u00e3o com o viajante e introduzir informa\u00e7\u00f5es pessoais.<\/p>\n\n<p>Para preencher o formul\u00e1rio, \u00e9 importante trazer o seu passaporte (ou o do requerente) e um cart\u00e3o de pagamento. \u00c9 necess\u00e1rio um passaporte v\u00e1lido, recomenda-se uma <a href=\"https:\/\/ave-eta-canada.com\/pt-pt\/eta-canada-valida-duracao\/\">validade<\/a> de 6 meses. O formul\u00e1rio est\u00e1 dividido em 3 partes:<\/p>\n\n<ul class=\"wp-block-list\"><li>os dados do passaporte: n\u00famero do passaporte (a introduzir duas vezes para evitar erros de dactilografia), apelido e nome pr\u00f3prio do titular, data e local de nascimento, sexo, data de emiss\u00e3o e validade;<\/li><li>Informa\u00e7\u00e3o pessoal: poss\u00edvel dupla nacionalidade, estado civil, pedidos anteriores de visto ou eTA, emprego (profiss\u00e3o, nome e endere\u00e7o do empregador), endere\u00e7o postal e endere\u00e7o de correio electr\u00f3nico (a introduzir duas vezes);<\/li><li>Antecedentes: quaisquer proibi\u00e7\u00f5es de entrada no Canad\u00e1 (ou qualquer outro pa\u00eds), antecedentes criminais e m\u00e9dicos.<\/li><\/ul>\n\n<p>Uma sec\u00e7\u00e3o do formul\u00e1rio \u00e9 reservada para a sua data de chegada ao Canad\u00e1. No entanto, esta quest\u00e3o \u00e9 opcional, pois \u00e9 perfeitamente poss\u00edvel encomendar um eTA sem um projecto espec\u00edfico.<\/p>\n\n<p>Para validar o formul\u00e1rio de candidatura do eTA, o candidato deve assinar um formul\u00e1rio de consentimento e pagar a <a href=\"https:\/\/ave-eta-canada.com\/pt-pt\/preco-eta-canada\/\">taxa do eTA<\/a>.<br\/><\/p>\n\n<h2 class=\"wp-block-heading\">Processamento da aplica\u00e7\u00e3o eTA Canad\u00e1<\/h2>\n\n<p>Assim que a candidatura for feita no s\u00edtio oficial do eTA Canad\u00e1, receber\u00e1 um email a confirmar a recep\u00e7\u00e3o. \u00c9 bem poss\u00edvel que receba a sua resposta final ao mesmo tempo. A resposta pode ser positiva (aprova\u00e7\u00e3o da aplica\u00e7\u00e3o eTA) ou negativa. Se lhe for recusada autoriza\u00e7\u00e3o, pode ainda assim solicitar um visto ou um <a href=\"https:\/\/pvtistes.net\/le-pvt\/canada\/\">WHP<\/a> na embaixada canadiana. Certifique-se de ter um passaporte biom\u00e9trico (ou electr\u00f3nico) para este pedido.<\/p>\n\n<p>Pode acontecer que o pedido seja colocado em espera, ou seja, que seja dada uma resposta final dentro de alguns dias ou que as autoridades canadianas o contactem por e-mail para mais informa\u00e7\u00f5es. Se for este o caso, o procedimento a seguir \u00e9 detalhado no e-mail de contacto.<\/p>\n\n<p>A autoriza\u00e7\u00e3o de viagem deve ser obtida, no website oficial da eTA Canad\u00e1 ou num website privado, antes de partir, porque sem ela, n\u00e3o \u00e9 eleg\u00edvel para entrar no Canad\u00e1. Nem sequer \u00e9 poss\u00edvel embarcar num voo para o Canad\u00e1, pois as companhias a\u00e9reas s\u00e3o obrigadas a verificar os seus dados.<\/p>\n","protected":false},"excerpt":{"rendered":"<p>Apresenta\u00e7\u00e3o do website oficial da eTA Canad\u00e1 Para viajar para o Canad\u00e1, \u00e9 necess\u00e1ria uma autoriza\u00e7\u00e3o de resid\u00eancia. Dependendo da natureza da estadia e do pa\u00eds de origem, o pedido deve ser de um visto canadiano ou de uma Autoriza\u00e7\u00e3o Electr\u00f3nica de Viagem (eTA). Para uma estadia de menos de 6 meses no Canad\u00e1: Pode [&hellip;]<\/p>\n","protected":false},"author":1,"featured_media":0,"parent":0,"menu_order":0,"comment_status":"closed","ping_status":"closed","template":"","meta":{"footnotes":""},"class_list":["post-2623","page","type-page","status-publish","hentry"],"yoast_head":"<!-- This site is optimized with the Yoast SEO plugin v26.9 - https:\/\/yoast.com\/product\/yoast-seo-wordpress\/ -->\n<title>S\u00edtio oficial do eTA Canad\u00e1<\/title>\n<meta name=\"description\" content=\"Apresenta\u00e7\u00e3o do website oficial do governo canadiano para obter a autoriza\u00e7\u00e3o electr\u00f3nica de viagem necess\u00e1ria para viajar para o Canad\u00e1.\" \/>\n<meta name=\"robots\" content=\"index, follow, max-snippet:-1, max-image-preview:large, max-video-preview:-1\" \/>\n<link rel=\"canonical\" href=\"https:\/\/ave-eta-canada.com\/pt-pt\/oficial-website-eta-canada\/\" \/>\n<meta property=\"og:locale\" content=\"pt_PT\" \/>\n<meta property=\"og:type\" content=\"article\" \/>\n<meta property=\"og:title\" content=\"S\u00edtio oficial do eTA Canad\u00e1\" \/>\n<meta property=\"og:description\" content=\"Apresenta\u00e7\u00e3o do website oficial do governo canadiano para obter a autoriza\u00e7\u00e3o electr\u00f3nica de viagem necess\u00e1ria para viajar para o Canad\u00e1.\" \/>\n<meta property=\"og:url\" content=\"https:\/\/ave-eta-canada.com\/pt-pt\/oficial-website-eta-canada\/\" \/>\n<meta property=\"og:site_name\" content=\"VISA CANADA\" \/>\n<meta property=\"article:modified_time\" content=\"2022-09-09T20:04:20+00:00\" \/>\n<meta name=\"twitter:card\" content=\"summary_large_image\" \/>\n<meta name=\"twitter:label1\" content=\"Tempo estimado de leitura\" \/>\n\t<meta name=\"twitter:data1\" content=\"5 minutos\" \/>\n<script type=\"application\/ld+json\" class=\"yoast-schema-graph\">{\"@context\":\"https:\/\/schema.org\",\"@graph\":[{\"@type\":\"WebPage\",\"@id\":\"https:\/\/ave-eta-canada.com\/pt-pt\/oficial-website-eta-canada\/\",\"url\":\"https:\/\/ave-eta-canada.com\/pt-pt\/oficial-website-eta-canada\/\",\"name\":\"S\u00edtio oficial do eTA Canad\u00e1\",\"isPartOf\":{\"@id\":\"https:\/\/ave-eta-canada.com\/pt-pt\/#website\"},\"datePublished\":\"2022-09-06T07:58:30+00:00\",\"dateModified\":\"2022-09-09T20:04:20+00:00\",\"description\":\"Apresenta\u00e7\u00e3o do website oficial do governo canadiano para obter a autoriza\u00e7\u00e3o electr\u00f3nica de viagem necess\u00e1ria para viajar para o Canad\u00e1.\",\"breadcrumb\":{\"@id\":\"https:\/\/ave-eta-canada.com\/pt-pt\/oficial-website-eta-canada\/#breadcrumb\"},\"inLanguage\":\"pt-PT\",\"potentialAction\":[{\"@type\":\"ReadAction\",\"target\":[\"https:\/\/ave-eta-canada.com\/pt-pt\/oficial-website-eta-canada\/\"]}]},{\"@type\":\"BreadcrumbList\",\"@id\":\"https:\/\/ave-eta-canada.com\/pt-pt\/oficial-website-eta-canada\/#breadcrumb\",\"itemListElement\":[{\"@type\":\"ListItem\",\"position\":1,\"name\":\"Home\",\"item\":\"https:\/\/ave-eta-canada.com\/pt-pt\/\"},{\"@type\":\"ListItem\",\"position\":2,\"name\":\"S\u00edtio oficial do eTA Canad\u00e1\"}]},{\"@type\":\"WebSite\",\"@id\":\"https:\/\/ave-eta-canada.com\/pt-pt\/#website\",\"url\":\"https:\/\/ave-eta-canada.com\/pt-pt\/\",\"name\":\"VISA CANADA\",\"description\":\"Autorisation Voyage Electronique\",\"potentialAction\":[{\"@type\":\"SearchAction\",\"target\":{\"@type\":\"EntryPoint\",\"urlTemplate\":\"https:\/\/ave-eta-canada.com\/pt-pt\/?s={search_term_string}\"},\"query-input\":{\"@type\":\"PropertyValueSpecification\",\"valueRequired\":true,\"valueName\":\"search_term_string\"}}],\"inLanguage\":\"pt-PT\"}]}<\/script>\n<!-- \/ Yoast SEO plugin. -->","yoast_head_json":{"title":"S\u00edtio oficial do eTA Canad\u00e1","description":"Apresenta\u00e7\u00e3o do website oficial do governo canadiano para obter a autoriza\u00e7\u00e3o electr\u00f3nica de viagem necess\u00e1ria para viajar para o Canad\u00e1.","robots":{"index":"index","follow":"follow","max-snippet":"max-snippet:-1","max-image-preview":"max-image-preview:large","max-video-preview":"max-video-preview:-1"},"canonical":"https:\/\/ave-eta-canada.com\/pt-pt\/oficial-website-eta-canada\/","og_locale":"pt_PT","og_type":"article","og_title":"S\u00edtio oficial do eTA Canad\u00e1","og_description":"Apresenta\u00e7\u00e3o do website oficial do governo canadiano para obter a autoriza\u00e7\u00e3o electr\u00f3nica de viagem necess\u00e1ria para viajar para o Canad\u00e1.","og_url":"https:\/\/ave-eta-canada.com\/pt-pt\/oficial-website-eta-canada\/","og_site_name":"VISA CANADA","article_modified_time":"2022-09-09T20:04:20+00:00","twitter_card":"summary_large_image","twitter_misc":{"Tempo estimado de leitura":"5 minutos"},"schema":{"@context":"https:\/\/schema.org","@graph":[{"@type":"WebPage","@id":"https:\/\/ave-eta-canada.com\/pt-pt\/oficial-website-eta-canada\/","url":"https:\/\/ave-eta-canada.com\/pt-pt\/oficial-website-eta-canada\/","name":"S\u00edtio oficial do eTA Canad\u00e1","isPartOf":{"@id":"https:\/\/ave-eta-canada.com\/pt-pt\/#website"},"datePublished":"2022-09-06T07:58:30+00:00","dateModified":"2022-09-09T20:04:20+00:00","description":"Apresenta\u00e7\u00e3o do website oficial do governo canadiano para obter a autoriza\u00e7\u00e3o electr\u00f3nica de viagem necess\u00e1ria para viajar para o Canad\u00e1.","breadcrumb":{"@id":"https:\/\/ave-eta-canada.com\/pt-pt\/oficial-website-eta-canada\/#breadcrumb"},"inLanguage":"pt-PT","potentialAction":[{"@type":"ReadAction","target":["https:\/\/ave-eta-canada.com\/pt-pt\/oficial-website-eta-canada\/"]}]},{"@type":"BreadcrumbList","@id":"https:\/\/ave-eta-canada.com\/pt-pt\/oficial-website-eta-canada\/#breadcrumb","itemListElement":[{"@type":"ListItem","position":1,"name":"Home","item":"https:\/\/ave-eta-canada.com\/pt-pt\/"},{"@type":"ListItem","position":2,"name":"S\u00edtio oficial do eTA Canad\u00e1"}]},{"@type":"WebSite","@id":"https:\/\/ave-eta-canada.com\/pt-pt\/#website","url":"https:\/\/ave-eta-canada.com\/pt-pt\/","name":"VISA CANADA","description":"Autorisation Voyage Electronique","potentialAction":[{"@type":"SearchAction","target":{"@type":"EntryPoint","urlTemplate":"https:\/\/ave-eta-canada.com\/pt-pt\/?s={search_term_string}"},"query-input":{"@type":"PropertyValueSpecification","valueRequired":true,"valueName":"search_term_string"}}],"inLanguage":"pt-PT"}]}},"_links":{"self":[{"href":"https:\/\/ave-eta-canada.com\/pt-pt\/wp-json\/wp\/v2\/pages\/2623","targetHints":{"allow":["GET"]}}],"collection":[{"href":"https:\/\/ave-eta-canada.com\/pt-pt\/wp-json\/wp\/v2\/pages"}],"about":[{"href":"https:\/\/ave-eta-canada.com\/pt-pt\/wp-json\/wp\/v2\/types\/page"}],"author":[{"embeddable":true,"href":"https:\/\/ave-eta-canada.com\/pt-pt\/wp-json\/wp\/v2\/users\/1"}],"replies":[{"embeddable":true,"href":"https:\/\/ave-eta-canada.com\/pt-pt\/wp-json\/wp\/v2\/comments?post=2623"}],"version-history":[{"count":0,"href":"https:\/\/ave-eta-canada.com\/pt-pt\/wp-json\/wp\/v2\/pages\/2623\/revisions"}],"wp:attachment":[{"href":"https:\/\/ave-eta-canada.com\/pt-pt\/wp-json\/wp\/v2\/media?parent=2623"}],"curies":[{"name":"wp","href":"https:\/\/api.w.org\/{rel}","templated":true}]}}