{"id":2629,"date":"2022-09-06T07:58:31","date_gmt":"2022-09-06T07:58:31","guid":{"rendered":"https:\/\/ave-eta-canada.com\/a-validez-lavagem-canada-2\/"},"modified":"2022-09-09T20:20:14","modified_gmt":"2022-09-09T20:20:14","slug":"validado-do-eta-canada","status":"publish","type":"page","link":"https:\/\/ave-eta-canada.com\/pt-pt\/validado-do-eta-canada\/","title":{"rendered":"A validade do eTA Canad\u00e1"},"content":{"rendered":"\n<h1 class=\"wp-block-heading\">Qual \u00e9 a validade do eTA Canad\u00e1?<\/h1>\n\n<p>Para poder viajar para o Canad\u00e1, \u00e9 necess\u00e1ria uma Autoriza\u00e7\u00e3o Electr\u00f3nica de Viagem. Esta autoriza\u00e7\u00e3o \u00e9 emitida atrav\u00e9s da Internet da mesma forma que um pedido ESTA para os EUA.<\/p>\n\n<p><strong>Para uma estadia de menos de 6 meses no Canad\u00e1<\/strong>: Pode completar as formalidades de entrada no Canad\u00e1 directamente atrav\u00e9s da Internet, clicando no <a href=\"https:\/\/ave-eta-canada.com\/pt-pt\/formulario-eta-canada\/\">formul\u00e1rio em linha<\/a>. N\u00e3o \u00e9 necess\u00e1rio marcar uma entrevista na embaixada ou consulado canadiano.<\/p>\n\n<p>Abaixo fornecemos-lhe informa\u00e7\u00f5es sobre a validade do eTA Canad\u00e1.<br\/><\/p>\n\n<h2 class=\"wp-block-heading\">Como posso verificar a validade de um eTA Canad\u00e1?<\/h2>\n\n<p>O eTA Canad\u00e1, para Autoriza\u00e7\u00e3o Electr\u00f3nica de Viagem, \u00e9 um documento electr\u00f3nico oficial obtido atrav\u00e9s de uma aplica\u00e7\u00e3o online no website do governo canadiano. Por outras palavras, n\u00e3o \u00e9 necess\u00e1rio dirigir-se \u00e0 embaixada ou consulado canadiano, se aplic\u00e1vel, para obter esta autoriza\u00e7\u00e3o. Apenas o IRCC (Imigra\u00e7\u00e3o, Refugiados, Cidadania do Canad\u00e1) est\u00e1 autorizado a emitir um EVP a cidad\u00e3os de pa\u00edses canadianos isentos de visto (incluindo cidad\u00e3os franceses) que preencham os <a href=\"https:\/\/ave-eta-canada.com\/pt-pt\/tudo-sobre-condicoes-para-viajar-no-canada\/\">requisitos de elegibilidade<\/a>.<\/p>\n\n<p>O facto de apenas o governo canadiano poder emitir uma autoriza\u00e7\u00e3o de viagem n\u00e3o requer um pedido no s\u00edtio web oficial. \u00c9 inteiramente poss\u00edvel utilizar uma organiza\u00e7\u00e3o privada, como o nosso parceiro, para se candidatar a um eTA. Ao contr\u00e1rio do s\u00edtio web do Minist\u00e9rio, uma organiza\u00e7\u00e3o privada oferece-lhe uma assist\u00eancia personalizada em caso de necessidade. A validade do eTA Canad\u00e1 n\u00e3o \u00e9 de modo algum afectada se for obtida atrav\u00e9s de um website privado.<\/p>\n\n<p>A validade do eTA Canad\u00e1 depende do passaporte ao qual est\u00e1 ligado. Evidentemente, apenas um passaporte v\u00e1lido \u00e9 reconhecido (conselho de viagem: recomenda-se ter seis meses de validade restante). No caso de um novo passaporte ou de altera\u00e7\u00e3o dos dados do passaporte, deve ser apresentado um novo pedido \u00e0s autoridades canadianas. Recordamos que, para preencher o formul\u00e1rio eTA Canad\u00e1, o n\u00famero do passaporte, nome e apelido do titular, data e local de nascimento, sexo, data de emiss\u00e3o e data de validade devem ser preenchidos. Uma altera\u00e7\u00e3o nestes dados torna o eTA nulo e nulo.<\/p>\n\n<p>Uma vez que o pedido de autoriza\u00e7\u00e3o tamb\u00e9m se baseia em 4 quest\u00f5es relativas \u00e0 situa\u00e7\u00e3o do viajante, a validade do eTA Canad\u00e1 depende da evolu\u00e7\u00e3o da situa\u00e7\u00e3o. Assim, no caso de uma nova doen\u00e7a n\u00e3o tratada ou de uma nova infrac\u00e7\u00e3o penal, por exemplo, o eTA j\u00e1 n\u00e3o \u00e9 v\u00e1lido. No entanto, esta informa\u00e7\u00e3o \u00e9 dif\u00edcil de verificar e, portanto, depende da honestidade do viajante.<\/p>\n\n<p>N\u00e3o h\u00e1 necessidade de imprimir a autoriza\u00e7\u00e3o, uma vez que \u00e9 electr\u00f3nica. No entanto, \u00e9 obrigat\u00f3rio obter autoriza\u00e7\u00e3o antes de partir. A validade do eTA Canad\u00e1 n\u00e3o \u00e9 comprometida pela aus\u00eancia de uma vers\u00e3o em papel. O funcion\u00e1rio dos servi\u00e7os fronteiri\u00e7os n\u00e3o pede para ver o eTA, mas ir\u00e1 provavelmente pedir o bilhete de sa\u00edda e quaisquer outros documentos necess\u00e1rios relevantes para a situa\u00e7\u00e3o, especialmente se houver crian\u00e7as menores a viajar consigo (por exemplo, certid\u00e3o de nascimento, fotoc\u00f3pia da certid\u00e3o de div\u00f3rcio, etc.).<br\/><br\/><\/p>\n\n<h2 class=\"wp-block-heading\">Durante quanto tempo \u00e9 v\u00e1lido o eTA Canad\u00e1?<\/h2>\n\n<p>N\u00e3o h\u00e1 necessidade de preencher o <a href=\"https:\/\/ave-eta-canada.com\/pt-pt\/preencher-o-formulario-eta-canada\/\">formul\u00e1rio online<\/a> para todas as viagens ao Canad\u00e1: a validade do eTA Canad\u00e1 \u00e9 de 5 anos a partir da data de emiss\u00e3o. A aprova\u00e7\u00e3o, bem como a recusa, \u00e9 comunicada muito rapidamente por e-mail, uma vez efectuado o <a href=\"https:\/\/ave-eta-canada.com\/pt-pt\/preco-eta-canada\/\">pagamento de 7 $ CAN<\/a>. Em casos excepcionais, um pedido pode ser colocado em espera pelos Servi\u00e7os de Imigra\u00e7\u00e3o do Canad\u00e1, se for necess\u00e1ria documenta\u00e7\u00e3o de apoio adicional. Em qualquer caso, a imigra\u00e7\u00e3o canadiana contactar\u00e1 o requerente dentro de poucos dias. O aviso de recep\u00e7\u00e3o \u00e9-lhe enviado no prazo de 72 horas. Em caso de recusa, o requerente pode apresentar um novo pedido se acreditar que a resposta negativa se deve a um erro de introdu\u00e7\u00e3o. Se n\u00e3o tiverem sido cometidos erros, um pedido de visto pode ser encaminhado para a embaixada canadiana. N\u00e3o ser eleg\u00edvel para o eTA n\u00e3o \u00e9 uma barreira \u00e0 obten\u00e7\u00e3o de um visto canadiano.<\/p>\n\n<p>\u00c9 de notar que a <a href=\"https:\/\/ave-eta-canada.com\/pt-pt\/eta-canada-valida-duracao\/\">validade do eTA do Canad\u00e1<\/a> depende da validade do passaporte utilizado no momento do pedido. O governo canadiano emite um eTA por um per\u00edodo m\u00e1ximo de 5 anos, desde que o passaporte n\u00e3o expire antes disso. Por exemplo, se um passaporte electr\u00f3nico ou biom\u00e9trico expirar dentro de 3 anos ap\u00f3s a candidatura, ent\u00e3o o eTA \u00e9 v\u00e1lido por 3 anos. N\u00e3o \u00e9 poss\u00edvel transportar os dois anos restantes para um novo passaporte.<\/p>\n\n<p>O viajante pode fazer tantas visitas quantas desejar durante os 5 anos de validade do eTA do Canad\u00e1, desde que cada visita n\u00e3o exceda 6 meses. N\u00e3o \u00e9 uma quest\u00e3o de ser um residente permanente com uma autoriza\u00e7\u00e3o eTA, mas apenas uma estadia tur\u00edstica. Deve tamb\u00e9m notar-se que um eTA s\u00f3 \u00e9 necess\u00e1rio para a entrada no Canad\u00e1 por via a\u00e9rea, incluindo os tr\u00e2nsitos.<\/p>\n","protected":false},"excerpt":{"rendered":"<p>Qual \u00e9 a validade do eTA Canad\u00e1? Para poder viajar para o Canad\u00e1, \u00e9 necess\u00e1ria uma Autoriza\u00e7\u00e3o Electr\u00f3nica de Viagem. Esta autoriza\u00e7\u00e3o \u00e9 emitida atrav\u00e9s da Internet da mesma forma que um pedido ESTA para os EUA. Para uma estadia de menos de 6 meses no Canad\u00e1: Pode completar as formalidades de entrada no Canad\u00e1 [&hellip;]<\/p>\n","protected":false},"author":1,"featured_media":0,"parent":0,"menu_order":0,"comment_status":"closed","ping_status":"closed","template":"","meta":{"footnotes":""},"class_list":["post-2629","page","type-page","status-publish","hentry"],"yoast_head":"<!-- This site is optimized with the Yoast SEO plugin v26.9 - https:\/\/yoast.com\/product\/yoast-seo-wordpress\/ -->\n<title>A validade do eTA Canad\u00e1<\/title>\n<meta name=\"description\" content=\"O Canad\u00e1 introduziu uma Autoriza\u00e7\u00e3o Electr\u00f3nica de Viagem (ETA), que deve ser obtida antes da partida. Por quanto tempo \u00e9 v\u00e1lida esta licen\u00e7a?\" \/>\n<meta name=\"robots\" content=\"index, follow, max-snippet:-1, max-image-preview:large, max-video-preview:-1\" \/>\n<link rel=\"canonical\" href=\"https:\/\/ave-eta-canada.com\/pt-pt\/validado-do-eta-canada\/\" \/>\n<meta property=\"og:locale\" content=\"pt_PT\" \/>\n<meta property=\"og:type\" content=\"article\" \/>\n<meta property=\"og:title\" content=\"A validade do eTA Canad\u00e1\" \/>\n<meta property=\"og:description\" content=\"O Canad\u00e1 introduziu uma Autoriza\u00e7\u00e3o Electr\u00f3nica de Viagem (ETA), que deve ser obtida antes da partida. Por quanto tempo \u00e9 v\u00e1lida esta licen\u00e7a?\" \/>\n<meta property=\"og:url\" content=\"https:\/\/ave-eta-canada.com\/pt-pt\/validado-do-eta-canada\/\" \/>\n<meta property=\"og:site_name\" content=\"VISA CANADA\" \/>\n<meta property=\"article:modified_time\" content=\"2022-09-09T20:20:14+00:00\" \/>\n<meta name=\"twitter:card\" content=\"summary_large_image\" \/>\n<meta name=\"twitter:label1\" content=\"Tempo estimado de leitura\" \/>\n\t<meta name=\"twitter:data1\" content=\"4 minutos\" \/>\n<script type=\"application\/ld+json\" class=\"yoast-schema-graph\">{\"@context\":\"https:\/\/schema.org\",\"@graph\":[{\"@type\":\"WebPage\",\"@id\":\"https:\/\/ave-eta-canada.com\/pt-pt\/validado-do-eta-canada\/\",\"url\":\"https:\/\/ave-eta-canada.com\/pt-pt\/validado-do-eta-canada\/\",\"name\":\"A validade do eTA Canad\u00e1\",\"isPartOf\":{\"@id\":\"https:\/\/ave-eta-canada.com\/pt-pt\/#website\"},\"datePublished\":\"2022-09-06T07:58:31+00:00\",\"dateModified\":\"2022-09-09T20:20:14+00:00\",\"description\":\"O Canad\u00e1 introduziu uma Autoriza\u00e7\u00e3o Electr\u00f3nica de Viagem (ETA), que deve ser obtida antes da partida. Por quanto tempo \u00e9 v\u00e1lida esta licen\u00e7a?\",\"breadcrumb\":{\"@id\":\"https:\/\/ave-eta-canada.com\/pt-pt\/validado-do-eta-canada\/#breadcrumb\"},\"inLanguage\":\"pt-PT\",\"potentialAction\":[{\"@type\":\"ReadAction\",\"target\":[\"https:\/\/ave-eta-canada.com\/pt-pt\/validado-do-eta-canada\/\"]}]},{\"@type\":\"BreadcrumbList\",\"@id\":\"https:\/\/ave-eta-canada.com\/pt-pt\/validado-do-eta-canada\/#breadcrumb\",\"itemListElement\":[{\"@type\":\"ListItem\",\"position\":1,\"name\":\"Home\",\"item\":\"https:\/\/ave-eta-canada.com\/pt-pt\/\"},{\"@type\":\"ListItem\",\"position\":2,\"name\":\"A validade do eTA Canad\u00e1\"}]},{\"@type\":\"WebSite\",\"@id\":\"https:\/\/ave-eta-canada.com\/pt-pt\/#website\",\"url\":\"https:\/\/ave-eta-canada.com\/pt-pt\/\",\"name\":\"VISA CANADA\",\"description\":\"Autorisation Voyage Electronique\",\"potentialAction\":[{\"@type\":\"SearchAction\",\"target\":{\"@type\":\"EntryPoint\",\"urlTemplate\":\"https:\/\/ave-eta-canada.com\/pt-pt\/?s={search_term_string}\"},\"query-input\":{\"@type\":\"PropertyValueSpecification\",\"valueRequired\":true,\"valueName\":\"search_term_string\"}}],\"inLanguage\":\"pt-PT\"}]}<\/script>\n<!-- \/ Yoast SEO plugin. -->","yoast_head_json":{"title":"A validade do eTA Canad\u00e1","description":"O Canad\u00e1 introduziu uma Autoriza\u00e7\u00e3o Electr\u00f3nica de Viagem (ETA), que deve ser obtida antes da partida. Por quanto tempo \u00e9 v\u00e1lida esta licen\u00e7a?","robots":{"index":"index","follow":"follow","max-snippet":"max-snippet:-1","max-image-preview":"max-image-preview:large","max-video-preview":"max-video-preview:-1"},"canonical":"https:\/\/ave-eta-canada.com\/pt-pt\/validado-do-eta-canada\/","og_locale":"pt_PT","og_type":"article","og_title":"A validade do eTA Canad\u00e1","og_description":"O Canad\u00e1 introduziu uma Autoriza\u00e7\u00e3o Electr\u00f3nica de Viagem (ETA), que deve ser obtida antes da partida. Por quanto tempo \u00e9 v\u00e1lida esta licen\u00e7a?","og_url":"https:\/\/ave-eta-canada.com\/pt-pt\/validado-do-eta-canada\/","og_site_name":"VISA CANADA","article_modified_time":"2022-09-09T20:20:14+00:00","twitter_card":"summary_large_image","twitter_misc":{"Tempo estimado de leitura":"4 minutos"},"schema":{"@context":"https:\/\/schema.org","@graph":[{"@type":"WebPage","@id":"https:\/\/ave-eta-canada.com\/pt-pt\/validado-do-eta-canada\/","url":"https:\/\/ave-eta-canada.com\/pt-pt\/validado-do-eta-canada\/","name":"A validade do eTA Canad\u00e1","isPartOf":{"@id":"https:\/\/ave-eta-canada.com\/pt-pt\/#website"},"datePublished":"2022-09-06T07:58:31+00:00","dateModified":"2022-09-09T20:20:14+00:00","description":"O Canad\u00e1 introduziu uma Autoriza\u00e7\u00e3o Electr\u00f3nica de Viagem (ETA), que deve ser obtida antes da partida. Por quanto tempo \u00e9 v\u00e1lida esta licen\u00e7a?","breadcrumb":{"@id":"https:\/\/ave-eta-canada.com\/pt-pt\/validado-do-eta-canada\/#breadcrumb"},"inLanguage":"pt-PT","potentialAction":[{"@type":"ReadAction","target":["https:\/\/ave-eta-canada.com\/pt-pt\/validado-do-eta-canada\/"]}]},{"@type":"BreadcrumbList","@id":"https:\/\/ave-eta-canada.com\/pt-pt\/validado-do-eta-canada\/#breadcrumb","itemListElement":[{"@type":"ListItem","position":1,"name":"Home","item":"https:\/\/ave-eta-canada.com\/pt-pt\/"},{"@type":"ListItem","position":2,"name":"A validade do eTA Canad\u00e1"}]},{"@type":"WebSite","@id":"https:\/\/ave-eta-canada.com\/pt-pt\/#website","url":"https:\/\/ave-eta-canada.com\/pt-pt\/","name":"VISA CANADA","description":"Autorisation Voyage Electronique","potentialAction":[{"@type":"SearchAction","target":{"@type":"EntryPoint","urlTemplate":"https:\/\/ave-eta-canada.com\/pt-pt\/?s={search_term_string}"},"query-input":{"@type":"PropertyValueSpecification","valueRequired":true,"valueName":"search_term_string"}}],"inLanguage":"pt-PT"}]}},"_links":{"self":[{"href":"https:\/\/ave-eta-canada.com\/pt-pt\/wp-json\/wp\/v2\/pages\/2629","targetHints":{"allow":["GET"]}}],"collection":[{"href":"https:\/\/ave-eta-canada.com\/pt-pt\/wp-json\/wp\/v2\/pages"}],"about":[{"href":"https:\/\/ave-eta-canada.com\/pt-pt\/wp-json\/wp\/v2\/types\/page"}],"author":[{"embeddable":true,"href":"https:\/\/ave-eta-canada.com\/pt-pt\/wp-json\/wp\/v2\/users\/1"}],"replies":[{"embeddable":true,"href":"https:\/\/ave-eta-canada.com\/pt-pt\/wp-json\/wp\/v2\/comments?post=2629"}],"version-history":[{"count":0,"href":"https:\/\/ave-eta-canada.com\/pt-pt\/wp-json\/wp\/v2\/pages\/2629\/revisions"}],"wp:attachment":[{"href":"https:\/\/ave-eta-canada.com\/pt-pt\/wp-json\/wp\/v2\/media?parent=2629"}],"curies":[{"name":"wp","href":"https:\/\/api.w.org\/{rel}","templated":true}]}}