{"id":2634,"date":"2022-09-06T07:58:32","date_gmt":"2022-09-06T07:58:32","guid":{"rendered":"https:\/\/ave-eta-canada.com\/what-is-leta-canada\/"},"modified":"2022-09-10T07:03:25","modified_gmt":"2022-09-10T07:03:25","slug":"o-que-e-eta-canada","status":"publish","type":"page","link":"https:\/\/ave-eta-canada.com\/pt-pt\/o-que-e-eta-canada\/","title":{"rendered":"O que \u00e9 a ETA Canada?"},"content":{"rendered":"\n<h1 class=\"wp-block-heading\">Apresenta\u00e7\u00e3o da ETA Canada<\/h1>\n\n<p>Tal como os EUA, o Canad\u00e1 introduziu uma autoriza\u00e7\u00e3o electr\u00f3nica de viagem, conhecida em ingl\u00eas como eTA Canada.<\/p>\n\n<p><strong>Para uma estadia de menos de 6 meses no Canad\u00e1<\/strong>: Pode completar as formalidades de entrada no Canad\u00e1 directamente atrav\u00e9s da Internet, clicando no <a href=\"https:\/\/ave-eta-canada.com\/pt-pt\/formulario-eta-canada\/\">formul\u00e1rio em linha<\/a>. N\u00e3o \u00e9 necess\u00e1rio marcar uma entrevista na embaixada ou consulado canadiano.<br\/><\/p>\n\n<h2 class=\"wp-block-heading\">A eTA Canada, uma autoriza\u00e7\u00e3o de viagem obrigat\u00f3ria<\/h2>\n\n<p>O <a href=\"https:\/\/ave-eta-canada.com\/pt-pt\/\">eTA Canada<\/a> \u00e9 um documento electr\u00f3nico que permite aos nacionais de v\u00e1rios pa\u00edses visitar o Canad\u00e1 sem visto. Uma vez que a Portugal \u00e9 um pa\u00eds canadiano sem vistos, os cidad\u00e3os portugu\u00eas podem viajar para o Canad\u00e1 sem consultar previamente a embaixada canadiana.<\/p>\n\n<p>As condi\u00e7\u00f5es para obter a <a href=\"https:\/\/ave-eta-canada.com\/pt-pt\/o-que-e-eta-canada\/\">eTA Canada<\/a> n\u00e3o s\u00e3o muito restritivas, mas continuam a ser obrigat\u00f3rias. As autoridades de imigra\u00e7\u00e3o canadianas n\u00e3o permitem qualquer entrada no Canad\u00e1 sem uma autoriza\u00e7\u00e3o v\u00e1lida. Para solicitar uma autoriza\u00e7\u00e3o eTA Canada, o viajante deve :<\/p>\n\n<ul class=\"wp-block-list\"><li>ser um nacional de um pa\u00eds eleg\u00edvel;<\/li><li>ter um passaporte v\u00e1lido com pelo menos 6 meses de validade restante;<\/li><li>viajar para o Canad\u00e1 de avi\u00e3o ;<\/li><li>permanecer no Canad\u00e1 por um per\u00edodo m\u00e1ximo de 6 meses;<\/li><li>n\u00e3o ser inadmiss\u00edvel para o Canad\u00e1 (ou outro lugar);<\/li><li>n\u00e3o ter cometido uma infrac\u00e7\u00e3o penal;<\/li><li>n\u00e3o ter quaisquer problemas de sa\u00fade n\u00e3o tratados, incluindo o abuso de \u00e1lcool e drogas;<\/li><li>n\u00e3o ter tido tuberculose ou ter estado em contacto com uma pessoa com tuberculose nos \u00faltimos dois anos.  <\/li><\/ul>\n\n<p>A Autoriza\u00e7\u00e3o de Viagem eTA Canada \u00e9 v\u00e1lida por 5 anos a partir da data de emiss\u00e3o. Este per\u00edodo pode ser mais curto se o passaporte utilizado para aplicar expirar mais cedo. Uma vez que a autoriza\u00e7\u00e3o est\u00e1 ligada ao passaporte, \u00e9 importante voltar a candidatar-se se obtiver um novo passaporte ou se os dados nele contidos forem alterados. Deve notar-se que n\u00e3o h\u00e1 limite para o n\u00famero de estadias no Canad\u00e1 durante a<a href=\"https:\/\/ave-eta-canada.com\/pt-pt\/eta-canada-valida-duracao\/\"> validade da licen\u00e7a<\/a>, mas deve ser respeitada uma dura\u00e7\u00e3o m\u00e1xima de 6 meses por estadia.<\/p>\n\n<p>A eTA Canada \u00e9 uma autoriza\u00e7\u00e3o de viagem, n\u00e3o uma autoriza\u00e7\u00e3o de entrada. Cabe ao oficial dos servi\u00e7os fronteiri\u00e7os autorizar a entrada no Canad\u00e1. A sua decis\u00e3o baseia-se na presen\u00e7a dos documentos de viagem necess\u00e1rios (passaporte v\u00e1lido, eTA, bilhete de sa\u00edda, etc.) e nas respostas \u00e0s suas perguntas.<br\/><br\/><\/p>\n\n<h2 class=\"wp-block-heading\">O eTA Canad\u00e1 a ser obtido antes da partida<\/h2>\n\n<p>A eTA Canada \u00e9 uma autoriza\u00e7\u00e3o de viagem e deve ser obtida antes da partida para o Canad\u00e1. Sem ele, n\u00e3o \u00e9 permitido o embarque.  <\/p>\n\n<p>A candidatura para um eTA Canad\u00e1 \u00e9 feita apenas na Internet, o que significa que n\u00e3o tem de ir \u00e0 embaixada canadiana. O formul\u00e1rio de candidatura est\u00e1 dispon\u00edvel no website oficial do governo canadiano. Para um formul\u00e1rio simplificado e acesso \u00e0 assist\u00eancia personalizada, \u00e9 tamb\u00e9m poss\u00edvel utilizar uma organiza\u00e7\u00e3o privada como o nosso parceiro.<\/p>\n\n<p>Para <a href=\"https:\/\/ave-eta-canada.com\/pt-pt\/preencher-o-formulario-eta-canada\/\">preencher o formul\u00e1rio<\/a>, precisa do seu passaporte e de um cart\u00e3o banc\u00e1rio. Os campos a serem preenchidos referem-se aos dados do passaporte e \u00e0s informa\u00e7\u00f5es pessoais. S\u00e3o tamb\u00e9m feitas quatro perguntas, com respostas a serem seleccionadas a partir de um menu pendente. \u00c9 importante fornecer um endere\u00e7o de correio electr\u00f3nico v\u00e1lido, pois \u00e9 aqui que a resposta \u00e9 enviada.<\/p>\n\n<p>O pedido eTA Canad\u00e1 \u00e9 validado assim que o consentimento \u00e9 assinado e o pagamento \u00e9 efectuado. \u00c9 enviado automaticamente um aviso de recep\u00e7\u00e3o com o n\u00famero de candidatura. A resposta final segue-se quase imediatamente. Em casos raros, um pedido \u00e9 colocado em espera. Um e-mail \u00e9 ent\u00e3o enviado dentro de alguns dias com a resposta final ou uma lista de documentos adicionais a serem fornecidos.<\/p>\n\n<p>Se a resposta for n\u00e3o, \u00e9 aconselh\u00e1vel verificar se a informa\u00e7\u00e3o fornecida \u00e9 correcta. Em caso de erros de dactilografia ou de informa\u00e7\u00e3o errada, \u00e9 poss\u00edvel <a href=\"https:\/\/ave-eta-canada.com\/pt-pt\/o-que-fazer-em-caso-de-erro-na-eta-canada\/\">fazer uma nova aplica\u00e7\u00e3o<\/a>. Caso contr\u00e1rio, deve ser apresentado um pedido de visto ou um WHP \u00e0 Embaixada do Canad\u00e1.<\/p>\n","protected":false},"excerpt":{"rendered":"<p>Apresenta\u00e7\u00e3o da ETA Canada Tal como os EUA, o Canad\u00e1 introduziu uma autoriza\u00e7\u00e3o electr\u00f3nica de viagem, conhecida em ingl\u00eas como eTA Canada. Para uma estadia de menos de 6 meses no Canad\u00e1: Pode completar as formalidades de entrada no Canad\u00e1 directamente atrav\u00e9s da Internet, clicando no formul\u00e1rio em linha. N\u00e3o \u00e9 necess\u00e1rio marcar uma entrevista [&hellip;]<\/p>\n","protected":false},"author":1,"featured_media":0,"parent":0,"menu_order":0,"comment_status":"closed","ping_status":"closed","template":"","meta":{"footnotes":""},"class_list":["post-2634","page","type-page","status-publish","hentry"],"yoast_head":"<!-- This site is optimized with the Yoast SEO plugin v26.9 - https:\/\/yoast.com\/product\/yoast-seo-wordpress\/ -->\n<title>O que \u00e9 a ETA Canada?<\/title>\n<meta name=\"description\" content=\"ETA Canada a n\u00e3o confundir com ESTA, \u00e9 uma autoriza\u00e7\u00e3o electr\u00f3nica de viagem para viajar para o Canad\u00e1. A nossa explica\u00e7\u00e3o aqui.\" \/>\n<meta name=\"robots\" content=\"index, follow, max-snippet:-1, max-image-preview:large, max-video-preview:-1\" \/>\n<link rel=\"canonical\" href=\"https:\/\/ave-eta-canada.com\/pt-pt\/o-que-e-eta-canada\/\" \/>\n<meta property=\"og:locale\" content=\"pt_PT\" \/>\n<meta property=\"og:type\" content=\"article\" \/>\n<meta property=\"og:title\" content=\"O que \u00e9 a ETA Canada?\" \/>\n<meta property=\"og:description\" content=\"ETA Canada a n\u00e3o confundir com ESTA, \u00e9 uma autoriza\u00e7\u00e3o electr\u00f3nica de viagem para viajar para o Canad\u00e1. A nossa explica\u00e7\u00e3o aqui.\" \/>\n<meta property=\"og:url\" content=\"https:\/\/ave-eta-canada.com\/pt-pt\/o-que-e-eta-canada\/\" \/>\n<meta property=\"og:site_name\" content=\"VISA CANADA\" \/>\n<meta property=\"article:modified_time\" content=\"2022-09-10T07:03:25+00:00\" \/>\n<meta name=\"twitter:card\" content=\"summary_large_image\" \/>\n<meta name=\"twitter:label1\" content=\"Tempo estimado de leitura\" \/>\n\t<meta name=\"twitter:data1\" content=\"3 minutos\" \/>\n<script type=\"application\/ld+json\" class=\"yoast-schema-graph\">{\"@context\":\"https:\/\/schema.org\",\"@graph\":[{\"@type\":\"WebPage\",\"@id\":\"https:\/\/ave-eta-canada.com\/pt-pt\/o-que-e-eta-canada\/\",\"url\":\"https:\/\/ave-eta-canada.com\/pt-pt\/o-que-e-eta-canada\/\",\"name\":\"O que \u00e9 a ETA Canada?\",\"isPartOf\":{\"@id\":\"https:\/\/ave-eta-canada.com\/pt-pt\/#website\"},\"datePublished\":\"2022-09-06T07:58:32+00:00\",\"dateModified\":\"2022-09-10T07:03:25+00:00\",\"description\":\"ETA Canada a n\u00e3o confundir com ESTA, \u00e9 uma autoriza\u00e7\u00e3o electr\u00f3nica de viagem para viajar para o Canad\u00e1. A nossa explica\u00e7\u00e3o aqui.\",\"breadcrumb\":{\"@id\":\"https:\/\/ave-eta-canada.com\/pt-pt\/o-que-e-eta-canada\/#breadcrumb\"},\"inLanguage\":\"pt-PT\",\"potentialAction\":[{\"@type\":\"ReadAction\",\"target\":[\"https:\/\/ave-eta-canada.com\/pt-pt\/o-que-e-eta-canada\/\"]}]},{\"@type\":\"BreadcrumbList\",\"@id\":\"https:\/\/ave-eta-canada.com\/pt-pt\/o-que-e-eta-canada\/#breadcrumb\",\"itemListElement\":[{\"@type\":\"ListItem\",\"position\":1,\"name\":\"Home\",\"item\":\"https:\/\/ave-eta-canada.com\/pt-pt\/\"},{\"@type\":\"ListItem\",\"position\":2,\"name\":\"O que \u00e9 a ETA Canada?\"}]},{\"@type\":\"WebSite\",\"@id\":\"https:\/\/ave-eta-canada.com\/pt-pt\/#website\",\"url\":\"https:\/\/ave-eta-canada.com\/pt-pt\/\",\"name\":\"VISA CANADA\",\"description\":\"Autorisation Voyage Electronique\",\"potentialAction\":[{\"@type\":\"SearchAction\",\"target\":{\"@type\":\"EntryPoint\",\"urlTemplate\":\"https:\/\/ave-eta-canada.com\/pt-pt\/?s={search_term_string}\"},\"query-input\":{\"@type\":\"PropertyValueSpecification\",\"valueRequired\":true,\"valueName\":\"search_term_string\"}}],\"inLanguage\":\"pt-PT\"}]}<\/script>\n<!-- \/ Yoast SEO plugin. -->","yoast_head_json":{"title":"O que \u00e9 a ETA Canada?","description":"ETA Canada a n\u00e3o confundir com ESTA, \u00e9 uma autoriza\u00e7\u00e3o electr\u00f3nica de viagem para viajar para o Canad\u00e1. A nossa explica\u00e7\u00e3o aqui.","robots":{"index":"index","follow":"follow","max-snippet":"max-snippet:-1","max-image-preview":"max-image-preview:large","max-video-preview":"max-video-preview:-1"},"canonical":"https:\/\/ave-eta-canada.com\/pt-pt\/o-que-e-eta-canada\/","og_locale":"pt_PT","og_type":"article","og_title":"O que \u00e9 a ETA Canada?","og_description":"ETA Canada a n\u00e3o confundir com ESTA, \u00e9 uma autoriza\u00e7\u00e3o electr\u00f3nica de viagem para viajar para o Canad\u00e1. A nossa explica\u00e7\u00e3o aqui.","og_url":"https:\/\/ave-eta-canada.com\/pt-pt\/o-que-e-eta-canada\/","og_site_name":"VISA CANADA","article_modified_time":"2022-09-10T07:03:25+00:00","twitter_card":"summary_large_image","twitter_misc":{"Tempo estimado de leitura":"3 minutos"},"schema":{"@context":"https:\/\/schema.org","@graph":[{"@type":"WebPage","@id":"https:\/\/ave-eta-canada.com\/pt-pt\/o-que-e-eta-canada\/","url":"https:\/\/ave-eta-canada.com\/pt-pt\/o-que-e-eta-canada\/","name":"O que \u00e9 a ETA Canada?","isPartOf":{"@id":"https:\/\/ave-eta-canada.com\/pt-pt\/#website"},"datePublished":"2022-09-06T07:58:32+00:00","dateModified":"2022-09-10T07:03:25+00:00","description":"ETA Canada a n\u00e3o confundir com ESTA, \u00e9 uma autoriza\u00e7\u00e3o electr\u00f3nica de viagem para viajar para o Canad\u00e1. A nossa explica\u00e7\u00e3o aqui.","breadcrumb":{"@id":"https:\/\/ave-eta-canada.com\/pt-pt\/o-que-e-eta-canada\/#breadcrumb"},"inLanguage":"pt-PT","potentialAction":[{"@type":"ReadAction","target":["https:\/\/ave-eta-canada.com\/pt-pt\/o-que-e-eta-canada\/"]}]},{"@type":"BreadcrumbList","@id":"https:\/\/ave-eta-canada.com\/pt-pt\/o-que-e-eta-canada\/#breadcrumb","itemListElement":[{"@type":"ListItem","position":1,"name":"Home","item":"https:\/\/ave-eta-canada.com\/pt-pt\/"},{"@type":"ListItem","position":2,"name":"O que \u00e9 a ETA Canada?"}]},{"@type":"WebSite","@id":"https:\/\/ave-eta-canada.com\/pt-pt\/#website","url":"https:\/\/ave-eta-canada.com\/pt-pt\/","name":"VISA CANADA","description":"Autorisation Voyage Electronique","potentialAction":[{"@type":"SearchAction","target":{"@type":"EntryPoint","urlTemplate":"https:\/\/ave-eta-canada.com\/pt-pt\/?s={search_term_string}"},"query-input":{"@type":"PropertyValueSpecification","valueRequired":true,"valueName":"search_term_string"}}],"inLanguage":"pt-PT"}]}},"_links":{"self":[{"href":"https:\/\/ave-eta-canada.com\/pt-pt\/wp-json\/wp\/v2\/pages\/2634","targetHints":{"allow":["GET"]}}],"collection":[{"href":"https:\/\/ave-eta-canada.com\/pt-pt\/wp-json\/wp\/v2\/pages"}],"about":[{"href":"https:\/\/ave-eta-canada.com\/pt-pt\/wp-json\/wp\/v2\/types\/page"}],"author":[{"embeddable":true,"href":"https:\/\/ave-eta-canada.com\/pt-pt\/wp-json\/wp\/v2\/users\/1"}],"replies":[{"embeddable":true,"href":"https:\/\/ave-eta-canada.com\/pt-pt\/wp-json\/wp\/v2\/comments?post=2634"}],"version-history":[{"count":0,"href":"https:\/\/ave-eta-canada.com\/pt-pt\/wp-json\/wp\/v2\/pages\/2634\/revisions"}],"wp:attachment":[{"href":"https:\/\/ave-eta-canada.com\/pt-pt\/wp-json\/wp\/v2\/media?parent=2634"}],"curies":[{"name":"wp","href":"https:\/\/api.w.org\/{rel}","templated":true}]}}