{"id":2641,"date":"2022-09-06T07:58:34","date_gmt":"2022-09-06T07:58:34","guid":{"rendered":"https:\/\/ave-eta-canada.com\/all-knowledge-about-the-demand-for-canada\/"},"modified":"2022-09-09T20:18:26","modified_gmt":"2022-09-09T20:18:26","slug":"saiba-tudo-sobre-o-aplicativo-eta-do-canada","status":"publish","type":"page","link":"https:\/\/ave-eta-canada.com\/pt-pt\/saiba-tudo-sobre-o-aplicativo-eta-do-canada\/","title":{"rendered":"Tudo sobre a candidatura a um eTA para o Canad\u00e1"},"content":{"rendered":"\n<h1 class=\"wp-block-heading\">Candidatura a um eTA Canad\u00e1<\/h1>\n\n<p>A Autoriza\u00e7\u00e3o Electr\u00f3nica de Viagem (eTA) n\u00e3o \u00e9 diferente da ESTA americana. Todas as estadias no Canad\u00e1 est\u00e3o sujeitas a uma Autoriza\u00e7\u00e3o de Viagem (eTA) ou a um visto canadiano. <\/p>\n\n<p><strong>Para uma estadia de menos de 6 meses no Canad\u00e1<\/strong>: Pode completar as formalidades de entrada no Canad\u00e1 directamente atrav\u00e9s da Internet, clicando no <a href=\"https:\/\/ave-eta-canada.com\/pt-pt\/formulario-eta-canada\/\">formul\u00e1rio em linha<\/a>. N\u00e3o \u00e9 necess\u00e1rio marcar uma entrevista na embaixada ou consulado canadiano.<\/p>\n\n<p>Abaixo explicamos quem tem direito a candidatar-se a um eTA Canad\u00e1 e como proceder para obter um.<br\/><\/p>\n\n<h2 class=\"wp-block-heading\">Quem pode candidatar-se a um eTA Canad\u00e1?<\/h2>\n\n<p>Para <a href=\"https:\/\/ave-eta-canada.com\/pt-pt\/\">se candidatar a um eTA do Canad\u00e1<\/a>, o viajante deve ser um nacional de um dos pa\u00edses isentos de visto. Os pa\u00edses abrangidos por esta isen\u00e7\u00e3o s\u00e3o :<\/p>\n\n<p>Andorra, Austr\u00e1lia, \u00c1ustria, Bahamas, Barbados, B\u00e9lgica, Brasil*, Brunei Darussalam, Bulg\u00e1ria*, Chile, Cro\u00e1cia, Chipre, Dinamarca, Est\u00f3nia, Finl\u00e2ndia, Fran\u00e7a, Alemanha, Gr\u00e3-Bretanha, Gr\u00e9cia, Hungria, Hong Kong, Isl\u00e2ndia, Irlanda, Israel, It\u00e1lia, Ilhas Salom\u00e3o, Espanha, Jap\u00e3o, Let\u00f3nia, Liechtenstein, Litu\u00e2nia, Luxemburgo, Malta, M\u00e9xico, M\u00f3naco, Pa\u00edses Baixos, Nova Zel\u00e2ndia, Noruega, Papua Nova Guin\u00e9, Pol\u00f3nia, Portugal, Rep\u00fablica da Coreia, Rom\u00e9nia, Samoa, Ilhas Salom\u00e3o, Singapura, Eslov\u00e1quia, Eslov\u00e9nia, Espanha, Su\u00e9cia, Su\u00ed\u00e7a, Taiwan e o Vaticano. (* sob certas condi\u00e7\u00f5es)<\/p>\n\n<p>Apenas as viagens para o Canad\u00e1 por via a\u00e9rea est\u00e3o sujeitas a um<a href=\"https:\/\/ave-eta-canada.com\/pt-pt\/a-validade-do-eta-canada\/\">requisito de eTA<\/a>, que inclui tr\u00e2nsitos. O eTA Canad\u00e1 n\u00e3o \u00e9 reconhecido para viagens terrestres e mar\u00edtimas. <\/p>\n\n<p>Os titulares de vistos canadianos tamb\u00e9m n\u00e3o s\u00e3o obrigados a solicitar um visto canadiano. Este \u00e9 tamb\u00e9m o caso dos cidad\u00e3os franceses que vivem em Saint-Pierre-et-Miquelon, se entrarem no Canad\u00e1 por via a\u00e9rea directamente de Saint-Pierre-et-Miquelon.<\/p>\n\n<p>Para solicitar um eTA Canad\u00e1, o viajante deve ter um passaporte v\u00e1lido. O Canad\u00e1 n\u00e3o exige um passaporte biom\u00e9trico para um pedido de eTA canadiano, mas recomenda-se que restem pelo menos 6 meses de validade.<\/p>\n\n<p>Para ser eleg\u00edvel para um eTA Canad\u00e1, a estadia deve ser inferior a 6 meses e s\u00f3 pode ser para turismo ou neg\u00f3cios. Um bilhete pode ser solicitado aquando do desalfandegamento. Para uma crian\u00e7a menor, deve ser apresentada uma certid\u00e3o de nascimento e qualquer outro documento que explique a situa\u00e7\u00e3o familiar da crian\u00e7a (carta de autoriza\u00e7\u00e3o do progenitor que n\u00e3o viaja com a crian\u00e7a, uma fotoc\u00f3pia da ordem de cust\u00f3dia em caso de div\u00f3rcio, etc.).<br\/><br\/><\/p>\n\n<h2 class=\"wp-block-heading\">Como posso candidatar-me a um eTA Canad\u00e1?<\/h2>\n\n<p>A candidatura para um eTA Canad\u00e1 \u00e9 feita atrav\u00e9s de um formul\u00e1rio online dispon\u00edvel no website oficial do governo canadiano ou atrav\u00e9s de um website privado. Actualmente n\u00e3o \u00e9 poss\u00edvel fazer candidaturas de grupo.<\/p>\n\n<p><a href=\"https:\/\/ave-eta-canada.com\/pt-pt\/quando-se-candidatar-a-autorizacao-eta-para-o-canada\/\">Quando candidatar-se a um eTA<\/a>? \u00c9 importante solicitar a autoriza\u00e7\u00e3o v\u00e1rios dias antes da partida (recomendamos que leia a nossa p\u00e1gina sobre quanto tempo leva a obter um eTA no Canad\u00e1). Recomenda-se, contudo, que isto seja feito o mais cedo poss\u00edvel para evitar decep\u00e7\u00f5es. N\u00e3o h\u00e1 necessidade de chegar ao aeroporto sem esta autoriza\u00e7\u00e3o de viagem, uma vez que as companhias s\u00e3o obrigadas a recusar o embarque. Mesmo que seja autorizado a voar, os funcion\u00e1rios da imigra\u00e7\u00e3o na fronteira canadiana n\u00e3o lhe permitir\u00e3o entrar no Canad\u00e1 sem uma autoriza\u00e7\u00e3o v\u00e1lida (eTA ou visto).<\/p>\n\n<p>Para <a href=\"https:\/\/ave-eta-canada.com\/pt-pt\/preencher-o-formulario-eta-canada\/\">preencher o formul\u00e1rio de candidatura eTA Canada<\/a>, necessitar\u00e1 do seu passaporte e de um cart\u00e3o de pagamento. O eTA \u00e9 cobrado a CAN$7. O formul\u00e1rio come\u00e7a por determinar se o pedido \u00e9 feito pelo pr\u00f3prio viajante ou para outra pessoa.<\/p>\n\n<p>As informa\u00e7\u00f5es a preencher dizem respeito, em primeiro lugar, ao n\u00famero, apelido e nomes pr\u00f3prios do passaporte, tal como constam do documento, data de nascimento, sexo, local de nascimento, data de emiss\u00e3o e validade. A segunda sec\u00e7\u00e3o do formul\u00e1rio refere-se a informa\u00e7\u00f5es pessoais: dupla nacionalidade, situa\u00e7\u00e3o familiar, pedido pr\u00e9vio de autoriza\u00e7\u00e3o de viagem para o Canad\u00e1, situa\u00e7\u00e3o profissional, endere\u00e7o postal, endere\u00e7o de correio electr\u00f3nico v\u00e1lido. Segue-se informa\u00e7\u00e3o sobre a sua estadia no Canad\u00e1, incluindo datas. A \u00faltima parte do formul\u00e1rio refere-se aos seus antecedentes: proibi\u00e7\u00e3o de entrada, infrac\u00e7\u00e3o criminal, historial m\u00e9dico com \u00eanfase na tuberculose, etc.<\/p>\n\n<p>O seu formul\u00e1rio online \u00e9 validado pela aceita\u00e7\u00e3o dos termos e condi\u00e7\u00f5es e pelo pagamento da taxa de candidatura.<\/p>\n\n<p>Na sequ\u00eancia de um pedido eTA Canad\u00e1, o IRCC (Imigra\u00e7\u00e3o, Refugiados e Cidadania do Canad\u00e1) envia um aviso de recep\u00e7\u00e3o electr\u00f3nico. Na grande maioria dos casos, a aprova\u00e7\u00e3o (ou rejei\u00e7\u00e3o) \u00e9 enviada quase simultaneamente. No entanto, \u00e9 poss\u00edvel que um pedido possa demorar mais tempo e que as autoridades canadianas possam exigir documenta\u00e7\u00e3o adicional. Se o pedido for recusado, dever\u00e1 solicitar um visto na embaixada canadiana. Os procedimentos para a obten\u00e7\u00e3o de um visto s\u00e3o mais complexos, mais longos e mais dispendiosos.<\/p>\n\n<p>O eTA \u00e9 v\u00e1lido por 5 anos a partir da data de emiss\u00e3o ou at\u00e9 ao termo da validade do passaporte, se este expirar mais cedo. O eTA est\u00e1 assim intrinsecamente ligado ao passaporte; qualquer altera\u00e7\u00e3o (novo passaporte ou modifica\u00e7\u00e3o dos dados nele contidos) requer um novo pedido. \u00c9 poss\u00edvel <a href=\"https:\/\/ave-eta-canada.com\/pt-pt\/como-verificar-o-estado-da-sua-candidatura-eta-canada\/\">verificar o estatuto da pr\u00f3pria autoriza\u00e7\u00e3o <\/a>directamente no s\u00edtio web do governo canadiano.<\/p>\n","protected":false},"excerpt":{"rendered":"<p>Candidatura a um eTA Canad\u00e1 A Autoriza\u00e7\u00e3o Electr\u00f3nica de Viagem (eTA) n\u00e3o \u00e9 diferente da ESTA americana. Todas as estadias no Canad\u00e1 est\u00e3o sujeitas a uma Autoriza\u00e7\u00e3o de Viagem (eTA) ou a um visto canadiano. Para uma estadia de menos de 6 meses no Canad\u00e1: Pode completar as formalidades de entrada no Canad\u00e1 directamente atrav\u00e9s [&hellip;]<\/p>\n","protected":false},"author":1,"featured_media":0,"parent":0,"menu_order":0,"comment_status":"closed","ping_status":"closed","template":"","meta":{"footnotes":""},"class_list":["post-2641","page","type-page","status-publish","hentry"],"yoast_head":"<!-- This site is optimized with the Yoast SEO plugin v26.9 - https:\/\/yoast.com\/product\/yoast-seo-wordpress\/ -->\n<title>Tudo sobre a candidatura a um eTA para o Canad\u00e1<\/title>\n<meta name=\"description\" content=\"Encontre aqui toda a informa\u00e7\u00e3o sobre como candidatar-se a um eTA Canad\u00e1: quem tem direito a candidatar-se a um eTA, quando e como proceder.\" \/>\n<meta name=\"robots\" content=\"index, follow, max-snippet:-1, max-image-preview:large, max-video-preview:-1\" \/>\n<link rel=\"canonical\" href=\"https:\/\/ave-eta-canada.com\/pt-pt\/saiba-tudo-sobre-o-aplicativo-eta-do-canada\/\" \/>\n<meta property=\"og:locale\" content=\"pt_PT\" \/>\n<meta property=\"og:type\" content=\"article\" \/>\n<meta property=\"og:title\" content=\"Tudo sobre a candidatura a um eTA para o Canad\u00e1\" \/>\n<meta property=\"og:description\" content=\"Encontre aqui toda a informa\u00e7\u00e3o sobre como candidatar-se a um eTA Canad\u00e1: quem tem direito a candidatar-se a um eTA, quando e como proceder.\" \/>\n<meta property=\"og:url\" content=\"https:\/\/ave-eta-canada.com\/pt-pt\/saiba-tudo-sobre-o-aplicativo-eta-do-canada\/\" \/>\n<meta property=\"og:site_name\" content=\"VISA CANADA\" \/>\n<meta property=\"article:modified_time\" content=\"2022-09-09T20:18:26+00:00\" \/>\n<meta name=\"twitter:card\" content=\"summary_large_image\" \/>\n<meta name=\"twitter:label1\" content=\"Tempo estimado de leitura\" \/>\n\t<meta name=\"twitter:data1\" content=\"5 minutos\" \/>\n<script type=\"application\/ld+json\" class=\"yoast-schema-graph\">{\"@context\":\"https:\/\/schema.org\",\"@graph\":[{\"@type\":\"WebPage\",\"@id\":\"https:\/\/ave-eta-canada.com\/pt-pt\/saiba-tudo-sobre-o-aplicativo-eta-do-canada\/\",\"url\":\"https:\/\/ave-eta-canada.com\/pt-pt\/saiba-tudo-sobre-o-aplicativo-eta-do-canada\/\",\"name\":\"Tudo sobre a candidatura a um eTA para o Canad\u00e1\",\"isPartOf\":{\"@id\":\"https:\/\/ave-eta-canada.com\/pt-pt\/#website\"},\"datePublished\":\"2022-09-06T07:58:34+00:00\",\"dateModified\":\"2022-09-09T20:18:26+00:00\",\"description\":\"Encontre aqui toda a informa\u00e7\u00e3o sobre como candidatar-se a um eTA Canad\u00e1: quem tem direito a candidatar-se a um eTA, quando e como proceder.\",\"breadcrumb\":{\"@id\":\"https:\/\/ave-eta-canada.com\/pt-pt\/saiba-tudo-sobre-o-aplicativo-eta-do-canada\/#breadcrumb\"},\"inLanguage\":\"pt-PT\",\"potentialAction\":[{\"@type\":\"ReadAction\",\"target\":[\"https:\/\/ave-eta-canada.com\/pt-pt\/saiba-tudo-sobre-o-aplicativo-eta-do-canada\/\"]}]},{\"@type\":\"BreadcrumbList\",\"@id\":\"https:\/\/ave-eta-canada.com\/pt-pt\/saiba-tudo-sobre-o-aplicativo-eta-do-canada\/#breadcrumb\",\"itemListElement\":[{\"@type\":\"ListItem\",\"position\":1,\"name\":\"Home\",\"item\":\"https:\/\/ave-eta-canada.com\/pt-pt\/\"},{\"@type\":\"ListItem\",\"position\":2,\"name\":\"Tudo sobre a candidatura a um eTA para o Canad\u00e1\"}]},{\"@type\":\"WebSite\",\"@id\":\"https:\/\/ave-eta-canada.com\/pt-pt\/#website\",\"url\":\"https:\/\/ave-eta-canada.com\/pt-pt\/\",\"name\":\"VISA CANADA\",\"description\":\"Autorisation Voyage Electronique\",\"potentialAction\":[{\"@type\":\"SearchAction\",\"target\":{\"@type\":\"EntryPoint\",\"urlTemplate\":\"https:\/\/ave-eta-canada.com\/pt-pt\/?s={search_term_string}\"},\"query-input\":{\"@type\":\"PropertyValueSpecification\",\"valueRequired\":true,\"valueName\":\"search_term_string\"}}],\"inLanguage\":\"pt-PT\"}]}<\/script>\n<!-- \/ Yoast SEO plugin. -->","yoast_head_json":{"title":"Tudo sobre a candidatura a um eTA para o Canad\u00e1","description":"Encontre aqui toda a informa\u00e7\u00e3o sobre como candidatar-se a um eTA Canad\u00e1: quem tem direito a candidatar-se a um eTA, quando e como proceder.","robots":{"index":"index","follow":"follow","max-snippet":"max-snippet:-1","max-image-preview":"max-image-preview:large","max-video-preview":"max-video-preview:-1"},"canonical":"https:\/\/ave-eta-canada.com\/pt-pt\/saiba-tudo-sobre-o-aplicativo-eta-do-canada\/","og_locale":"pt_PT","og_type":"article","og_title":"Tudo sobre a candidatura a um eTA para o Canad\u00e1","og_description":"Encontre aqui toda a informa\u00e7\u00e3o sobre como candidatar-se a um eTA Canad\u00e1: quem tem direito a candidatar-se a um eTA, quando e como proceder.","og_url":"https:\/\/ave-eta-canada.com\/pt-pt\/saiba-tudo-sobre-o-aplicativo-eta-do-canada\/","og_site_name":"VISA CANADA","article_modified_time":"2022-09-09T20:18:26+00:00","twitter_card":"summary_large_image","twitter_misc":{"Tempo estimado de leitura":"5 minutos"},"schema":{"@context":"https:\/\/schema.org","@graph":[{"@type":"WebPage","@id":"https:\/\/ave-eta-canada.com\/pt-pt\/saiba-tudo-sobre-o-aplicativo-eta-do-canada\/","url":"https:\/\/ave-eta-canada.com\/pt-pt\/saiba-tudo-sobre-o-aplicativo-eta-do-canada\/","name":"Tudo sobre a candidatura a um eTA para o Canad\u00e1","isPartOf":{"@id":"https:\/\/ave-eta-canada.com\/pt-pt\/#website"},"datePublished":"2022-09-06T07:58:34+00:00","dateModified":"2022-09-09T20:18:26+00:00","description":"Encontre aqui toda a informa\u00e7\u00e3o sobre como candidatar-se a um eTA Canad\u00e1: quem tem direito a candidatar-se a um eTA, quando e como proceder.","breadcrumb":{"@id":"https:\/\/ave-eta-canada.com\/pt-pt\/saiba-tudo-sobre-o-aplicativo-eta-do-canada\/#breadcrumb"},"inLanguage":"pt-PT","potentialAction":[{"@type":"ReadAction","target":["https:\/\/ave-eta-canada.com\/pt-pt\/saiba-tudo-sobre-o-aplicativo-eta-do-canada\/"]}]},{"@type":"BreadcrumbList","@id":"https:\/\/ave-eta-canada.com\/pt-pt\/saiba-tudo-sobre-o-aplicativo-eta-do-canada\/#breadcrumb","itemListElement":[{"@type":"ListItem","position":1,"name":"Home","item":"https:\/\/ave-eta-canada.com\/pt-pt\/"},{"@type":"ListItem","position":2,"name":"Tudo sobre a candidatura a um eTA para o Canad\u00e1"}]},{"@type":"WebSite","@id":"https:\/\/ave-eta-canada.com\/pt-pt\/#website","url":"https:\/\/ave-eta-canada.com\/pt-pt\/","name":"VISA CANADA","description":"Autorisation Voyage Electronique","potentialAction":[{"@type":"SearchAction","target":{"@type":"EntryPoint","urlTemplate":"https:\/\/ave-eta-canada.com\/pt-pt\/?s={search_term_string}"},"query-input":{"@type":"PropertyValueSpecification","valueRequired":true,"valueName":"search_term_string"}}],"inLanguage":"pt-PT"}]}},"_links":{"self":[{"href":"https:\/\/ave-eta-canada.com\/pt-pt\/wp-json\/wp\/v2\/pages\/2641","targetHints":{"allow":["GET"]}}],"collection":[{"href":"https:\/\/ave-eta-canada.com\/pt-pt\/wp-json\/wp\/v2\/pages"}],"about":[{"href":"https:\/\/ave-eta-canada.com\/pt-pt\/wp-json\/wp\/v2\/types\/page"}],"author":[{"embeddable":true,"href":"https:\/\/ave-eta-canada.com\/pt-pt\/wp-json\/wp\/v2\/users\/1"}],"replies":[{"embeddable":true,"href":"https:\/\/ave-eta-canada.com\/pt-pt\/wp-json\/wp\/v2\/comments?post=2641"}],"version-history":[{"count":0,"href":"https:\/\/ave-eta-canada.com\/pt-pt\/wp-json\/wp\/v2\/pages\/2641\/revisions"}],"wp:attachment":[{"href":"https:\/\/ave-eta-canada.com\/pt-pt\/wp-json\/wp\/v2\/media?parent=2641"}],"curies":[{"name":"wp","href":"https:\/\/api.w.org\/{rel}","templated":true}]}}