{"id":2644,"date":"2022-09-06T07:58:35","date_gmt":"2022-09-06T07:58:35","guid":{"rendered":"https:\/\/ave-eta-canada.com\/wash-canada-is-it-mandatory\/"},"modified":"2022-09-09T19:10:07","modified_gmt":"2022-09-09T19:10:07","slug":"a-validade-do-eta-canada","status":"publish","type":"page","link":"https:\/\/ave-eta-canada.com\/pt-pt\/a-validade-do-eta-canada\/","title":{"rendered":"\u00c9 obrigat\u00f3rio um eTA Canad\u00e1?"},"content":{"rendered":"\n<h1 class=\"wp-block-heading\">eTA Canad\u00e1 \u00e9 um requisito?<\/h1>\n\n<p>O eTA Canad\u00e1 \u00e9 uma autoriza\u00e7\u00e3o electr\u00f3nica de viagem introduzida pelo governo canadiano. \u00c9 obtido antes da viagem ao Canad\u00e1 atrav\u00e9s de um formul\u00e1rio online dispon\u00edvel no website do governo.  <\/p>\n\n<p><strong>Para uma estadia de menos de 6 meses no Canad\u00e1<\/strong>: Pode completar as formalidades de entrada no Canad\u00e1 directamente atrav\u00e9s da Internet, clicando no <a href=\"https:\/\/ave-eta-canada.com\/pt-pt\/formulario-eta-canada\/\">formul\u00e1rio em linha<\/a>. N\u00e3o \u00e9 necess\u00e1rio marcar uma entrevista na embaixada ou consulado canadiano.<\/p>\n\n<p>Para a pergunta, o eTA Canad\u00e1 \u00e9 obrigat\u00f3rio? A resposta \u00e9 sim. A Autoriza\u00e7\u00e3o Electr\u00f3nica de Viagem Canadiana \u00e9 obrigat\u00f3ria para certos viajantes sob certas condi\u00e7\u00f5es. Aqui explicamos quais s\u00e3o as obriga\u00e7\u00f5es do eTA Canad\u00e1.<br\/><br\/><\/p>\n\n<h2 class=\"wp-block-heading\">Quando \u00e9 necess\u00e1rio um eTA Canad\u00e1?<\/h2>\n\n<p>O eTA Canad\u00e1 foi tornado obrigat\u00f3rio em Novembro de 2016 pelas autoridades canadianas. O seu princ\u00edpio \u00e9 simples: obter uma autoriza\u00e7\u00e3o de viagem antes de viajar para o Canad\u00e1, aliviando assim o congestionamento nas embaixadas e postos de fronteira canadianos e garantindo ao mesmo tempo a seguran\u00e7a interna do pa\u00eds.<\/p>\n\n<p><a href=\"https:\/\/ave-eta-canada.com\/pt-pt\/saiba-tudo-sobre-o-aplicativo-eta-do-canada\/\">O eTA Canad\u00e1 \u00e9 necess\u00e1rio <\/a>para a entrada no Canad\u00e1 apenas por via a\u00e9rea. Por conseguinte, n\u00e3o \u00e9 necess\u00e1rio solicitar um eTA Canad\u00e1 para todas as viagens terrestres e mar\u00edtimas para o Canad\u00e1. Note-se que a exig\u00eancia do eTA Canad\u00e1 tamb\u00e9m se aplica \u00e0s viagens a\u00e9reas.<\/p>\n\n<p>N\u00e3o faz sentido chegar ao aeroporto sem o eTA obrigat\u00f3rio do Canad\u00e1, pois as companhias a\u00e9reas s\u00e3o obrigadas a recusar o embarque a qualquer pessoa que n\u00e3o cumpra os requisitos de imigra\u00e7\u00e3o do governo canadiano. \u00c9 portanto essencial obter uma autoriza\u00e7\u00e3o de viagem antes de partir.<br\/><br\/><\/p>\n\n<h2 class=\"wp-block-heading\">Para quem \u00e9 o requisito eTA Canad\u00e1?<\/h2>\n\n<p>A exig\u00eancia do eTA Canad\u00e1 \u00e9 apenas para nacionais de pa\u00edses isentos de visto. Como a Portugal \u00e9 um deles, os cidad\u00e3os portugues devem submeter-se \u00e0 exig\u00eancia do eTA Canad\u00e1 para viajar para o Canad\u00e1.<\/p>\n\n<p>No entanto, o requisito eTA Canad\u00e1 n\u00e3o se aplica aos cidad\u00e3os franceses residentes em Saint-Pierre-et-Miquelon, se viajarem directamente de Saint-Pierre-et-Miquelon para o Canad\u00e1. Tamb\u00e9m est\u00e3o isentos da exig\u00eancia do eTA Canad\u00e1 os duplos nacionais do Canad\u00e1 e dos Estados Unidos (desde que tenham um passaporte v\u00e1lido &#8211; canadiano ou americano), os residentes permanentes canadianos e, sob certas condi\u00e7\u00f5es, os titulares de um visto canadiano v\u00e1lido (visto de residente tempor\u00e1rio, WHP, autoriza\u00e7\u00e3o de trabalho, autoriza\u00e7\u00e3o de estudo, etc.).<\/p>\n\n<p>A autoriza\u00e7\u00e3o de viagem n\u00e3o lhe permite <a href=\"https:\/\/ave-eta-canada.com\/pt-pt\/whv-canada-como-obter-uma-permissao-de-ferias-de-trabalho\/\">trabalhar ou estudar no Canad\u00e1<\/a>. Tamb\u00e9m n\u00e3o \u00e9 uma autoriza\u00e7\u00e3o de entrada: o oficial dos servi\u00e7os fronteiri\u00e7os \u00e9 respons\u00e1vel por aceitar ou recusar passageiros que se apresentem na fronteira. A sua decis\u00e3o baseia-se na apresenta\u00e7\u00e3o dos documentos de viagem necess\u00e1rios (passaporte, eTA, bilhete de sa\u00edda, etc.).<br\/><br\/><\/p>\n\n<h2 class=\"wp-block-heading\">Quais s\u00e3o as outras obriga\u00e7\u00f5es do eTA Canad\u00e1?<\/h2>\n\n<p>O eTA Canad\u00e1 est\u00e1 ligado ao passaporte do viajante. Assim, qualquer altera\u00e7\u00e3o ao passaporte invalidar\u00e1 o eTA, incluindo a renova\u00e7\u00e3o do passaporte. O eTA obrigat\u00f3rio do Canad\u00e1 deve estar actualizado ou ser\u00e1 proibido de entrar no Canad\u00e1.<\/p>\n\n<p>O titular de um eTA Canad\u00e1 \u00e9 obrigado a deixar o pa\u00eds o mais tardar 6 meses ap\u00f3s a sua chegada. Contudo, pode fazer tantas viagens ao Canad\u00e1 quantas desejar durante a <a href=\"https:\/\/ave-eta-canada.com\/pt-pt\/eta-canada-valida-duracao\/\">validade do eTA<\/a>. \u00c9 de notar que a autoriza\u00e7\u00e3o \u00e9 emitida por um per\u00edodo de 5 anos ou at\u00e9 \u00e0 expira\u00e7\u00e3o do passaporte, se este expirar antes do fim da dura\u00e7\u00e3o oficial da autoriza\u00e7\u00e3o eTA Canad\u00e1.<br\/><br\/><\/p>\n\n<h2 class=\"wp-block-heading\">Como posso obter o eTA obrigat\u00f3rio do Canad\u00e1?<\/h2>\n\n<p>O eTA obrigat\u00f3rio do Canad\u00e1 s\u00f3 pode ser obtido online atrav\u00e9s do website oficial do governo canadiano ou atrav\u00e9s de uma organiza\u00e7\u00e3o privada, como o nosso parceiro, para assist\u00eancia personalizada. N\u00e3o h\u00e1 necessidade de contactar a embaixada ou consulado canadiano, uma vez que apenas s\u00e3o processados pedidos em linha.<\/p>\n\n<p>A candidatura eTA Canad\u00e1 consiste no preenchimento de um formul\u00e1rio com campos que se referem aos dados do passaporte e informa\u00e7\u00f5es pessoais do titular. O <a href=\"https:\/\/ave-eta-canada.com\/pt-pt\/preencher-o-formulario-eta-canada\/\">formul\u00e1rio em linha<\/a> \u00e9 complementado por 4 perguntas sobre doen\u00e7as n\u00e3o tratadas, infrac\u00e7\u00f5es penais e estadias anteriores do viajante.<\/p>\n\n<p>O formul\u00e1rio a ser preenchido \u00e9 validado uma vez efectuado o pagamento da taxa de autoriza\u00e7\u00e3o de 7 d\u00f3lares canadianos. Um aviso de recep\u00e7\u00e3o \u00e9 automaticamente enviado para o endere\u00e7o de correio electr\u00f3nico fornecido no formul\u00e1rio. A resposta final segue-se normalmente dentro de alguns minutos. No caso de um pedido pendente, o que \u00e9 raro, \u00e9 enviado um e-mail dentro de poucos dias com uma lista de documentos adicionais a serem fornecidos. Note que pode <a href=\"https:\/\/ave-eta-canada.com\/pt-pt\/como-encontrar-um-eta-canada\/\">recuperar a sua candidatura EV<\/a> utilizando o n\u00famero que recebeu por correio electr\u00f3nico.<\/p>\n\n<p>\u00c9 de notar que a recusa de um eTA Canad\u00e1 n\u00e3o \u00e9 uma proibi\u00e7\u00e3o definitiva de entrada no Canad\u00e1. O viajante pode voltar a candidatar-se se notar um erro de entrada ou solicitar um visto na embaixada.<\/p>\n","protected":false},"excerpt":{"rendered":"<p>eTA Canad\u00e1 \u00e9 um requisito? O eTA Canad\u00e1 \u00e9 uma autoriza\u00e7\u00e3o electr\u00f3nica de viagem introduzida pelo governo canadiano. \u00c9 obtido antes da viagem ao Canad\u00e1 atrav\u00e9s de um formul\u00e1rio online dispon\u00edvel no website do governo. Para uma estadia de menos de 6 meses no Canad\u00e1: Pode completar as formalidades de entrada no Canad\u00e1 directamente atrav\u00e9s [&hellip;]<\/p>\n","protected":false},"author":1,"featured_media":0,"parent":0,"menu_order":0,"comment_status":"closed","ping_status":"closed","template":"","meta":{"footnotes":""},"class_list":["post-2644","page","type-page","status-publish","hentry"],"yoast_head":"<!-- This site is optimized with the Yoast SEO plugin v26.9 - https:\/\/yoast.com\/product\/yoast-seo-wordpress\/ -->\n<title>\u00c9 obrigat\u00f3rio um eTA Canad\u00e1?<\/title>\n<meta name=\"description\" content=\"Em Novembro de 2016, o governo canadiano introduziu uma autoriza\u00e7\u00e3o electr\u00f3nica de viagem (ETA). \u00c9 obrigat\u00f3rio? A resposta completa aqui.\" \/>\n<meta name=\"robots\" content=\"index, follow, max-snippet:-1, max-image-preview:large, max-video-preview:-1\" \/>\n<link rel=\"canonical\" href=\"https:\/\/ave-eta-canada.com\/pt-pt\/a-validade-do-eta-canada\/\" \/>\n<meta property=\"og:locale\" content=\"pt_PT\" \/>\n<meta property=\"og:type\" content=\"article\" \/>\n<meta property=\"og:title\" content=\"\u00c9 obrigat\u00f3rio um eTA Canad\u00e1?\" \/>\n<meta property=\"og:description\" content=\"Em Novembro de 2016, o governo canadiano introduziu uma autoriza\u00e7\u00e3o electr\u00f3nica de viagem (ETA). \u00c9 obrigat\u00f3rio? A resposta completa aqui.\" \/>\n<meta property=\"og:url\" content=\"https:\/\/ave-eta-canada.com\/pt-pt\/a-validade-do-eta-canada\/\" \/>\n<meta property=\"og:site_name\" content=\"VISA CANADA\" \/>\n<meta property=\"article:modified_time\" content=\"2022-09-09T19:10:07+00:00\" \/>\n<meta name=\"twitter:card\" content=\"summary_large_image\" \/>\n<meta name=\"twitter:label1\" content=\"Tempo estimado de leitura\" \/>\n\t<meta name=\"twitter:data1\" content=\"4 minutos\" \/>\n<script type=\"application\/ld+json\" class=\"yoast-schema-graph\">{\"@context\":\"https:\/\/schema.org\",\"@graph\":[{\"@type\":\"WebPage\",\"@id\":\"https:\/\/ave-eta-canada.com\/pt-pt\/a-validade-do-eta-canada\/\",\"url\":\"https:\/\/ave-eta-canada.com\/pt-pt\/a-validade-do-eta-canada\/\",\"name\":\"\u00c9 obrigat\u00f3rio um eTA Canad\u00e1?\",\"isPartOf\":{\"@id\":\"https:\/\/ave-eta-canada.com\/pt-pt\/#website\"},\"datePublished\":\"2022-09-06T07:58:35+00:00\",\"dateModified\":\"2022-09-09T19:10:07+00:00\",\"description\":\"Em Novembro de 2016, o governo canadiano introduziu uma autoriza\u00e7\u00e3o electr\u00f3nica de viagem (ETA). \u00c9 obrigat\u00f3rio? A resposta completa aqui.\",\"breadcrumb\":{\"@id\":\"https:\/\/ave-eta-canada.com\/pt-pt\/a-validade-do-eta-canada\/#breadcrumb\"},\"inLanguage\":\"pt-PT\",\"potentialAction\":[{\"@type\":\"ReadAction\",\"target\":[\"https:\/\/ave-eta-canada.com\/pt-pt\/a-validade-do-eta-canada\/\"]}]},{\"@type\":\"BreadcrumbList\",\"@id\":\"https:\/\/ave-eta-canada.com\/pt-pt\/a-validade-do-eta-canada\/#breadcrumb\",\"itemListElement\":[{\"@type\":\"ListItem\",\"position\":1,\"name\":\"Home\",\"item\":\"https:\/\/ave-eta-canada.com\/pt-pt\/\"},{\"@type\":\"ListItem\",\"position\":2,\"name\":\"\u00c9 obrigat\u00f3rio um eTA Canad\u00e1?\"}]},{\"@type\":\"WebSite\",\"@id\":\"https:\/\/ave-eta-canada.com\/pt-pt\/#website\",\"url\":\"https:\/\/ave-eta-canada.com\/pt-pt\/\",\"name\":\"VISA CANADA\",\"description\":\"Autorisation Voyage Electronique\",\"potentialAction\":[{\"@type\":\"SearchAction\",\"target\":{\"@type\":\"EntryPoint\",\"urlTemplate\":\"https:\/\/ave-eta-canada.com\/pt-pt\/?s={search_term_string}\"},\"query-input\":{\"@type\":\"PropertyValueSpecification\",\"valueRequired\":true,\"valueName\":\"search_term_string\"}}],\"inLanguage\":\"pt-PT\"}]}<\/script>\n<!-- \/ Yoast SEO plugin. -->","yoast_head_json":{"title":"\u00c9 obrigat\u00f3rio um eTA Canad\u00e1?","description":"Em Novembro de 2016, o governo canadiano introduziu uma autoriza\u00e7\u00e3o electr\u00f3nica de viagem (ETA). \u00c9 obrigat\u00f3rio? A resposta completa aqui.","robots":{"index":"index","follow":"follow","max-snippet":"max-snippet:-1","max-image-preview":"max-image-preview:large","max-video-preview":"max-video-preview:-1"},"canonical":"https:\/\/ave-eta-canada.com\/pt-pt\/a-validade-do-eta-canada\/","og_locale":"pt_PT","og_type":"article","og_title":"\u00c9 obrigat\u00f3rio um eTA Canad\u00e1?","og_description":"Em Novembro de 2016, o governo canadiano introduziu uma autoriza\u00e7\u00e3o electr\u00f3nica de viagem (ETA). \u00c9 obrigat\u00f3rio? A resposta completa aqui.","og_url":"https:\/\/ave-eta-canada.com\/pt-pt\/a-validade-do-eta-canada\/","og_site_name":"VISA CANADA","article_modified_time":"2022-09-09T19:10:07+00:00","twitter_card":"summary_large_image","twitter_misc":{"Tempo estimado de leitura":"4 minutos"},"schema":{"@context":"https:\/\/schema.org","@graph":[{"@type":"WebPage","@id":"https:\/\/ave-eta-canada.com\/pt-pt\/a-validade-do-eta-canada\/","url":"https:\/\/ave-eta-canada.com\/pt-pt\/a-validade-do-eta-canada\/","name":"\u00c9 obrigat\u00f3rio um eTA Canad\u00e1?","isPartOf":{"@id":"https:\/\/ave-eta-canada.com\/pt-pt\/#website"},"datePublished":"2022-09-06T07:58:35+00:00","dateModified":"2022-09-09T19:10:07+00:00","description":"Em Novembro de 2016, o governo canadiano introduziu uma autoriza\u00e7\u00e3o electr\u00f3nica de viagem (ETA). \u00c9 obrigat\u00f3rio? A resposta completa aqui.","breadcrumb":{"@id":"https:\/\/ave-eta-canada.com\/pt-pt\/a-validade-do-eta-canada\/#breadcrumb"},"inLanguage":"pt-PT","potentialAction":[{"@type":"ReadAction","target":["https:\/\/ave-eta-canada.com\/pt-pt\/a-validade-do-eta-canada\/"]}]},{"@type":"BreadcrumbList","@id":"https:\/\/ave-eta-canada.com\/pt-pt\/a-validade-do-eta-canada\/#breadcrumb","itemListElement":[{"@type":"ListItem","position":1,"name":"Home","item":"https:\/\/ave-eta-canada.com\/pt-pt\/"},{"@type":"ListItem","position":2,"name":"\u00c9 obrigat\u00f3rio um eTA Canad\u00e1?"}]},{"@type":"WebSite","@id":"https:\/\/ave-eta-canada.com\/pt-pt\/#website","url":"https:\/\/ave-eta-canada.com\/pt-pt\/","name":"VISA CANADA","description":"Autorisation Voyage Electronique","potentialAction":[{"@type":"SearchAction","target":{"@type":"EntryPoint","urlTemplate":"https:\/\/ave-eta-canada.com\/pt-pt\/?s={search_term_string}"},"query-input":{"@type":"PropertyValueSpecification","valueRequired":true,"valueName":"search_term_string"}}],"inLanguage":"pt-PT"}]}},"_links":{"self":[{"href":"https:\/\/ave-eta-canada.com\/pt-pt\/wp-json\/wp\/v2\/pages\/2644","targetHints":{"allow":["GET"]}}],"collection":[{"href":"https:\/\/ave-eta-canada.com\/pt-pt\/wp-json\/wp\/v2\/pages"}],"about":[{"href":"https:\/\/ave-eta-canada.com\/pt-pt\/wp-json\/wp\/v2\/types\/page"}],"author":[{"embeddable":true,"href":"https:\/\/ave-eta-canada.com\/pt-pt\/wp-json\/wp\/v2\/users\/1"}],"replies":[{"embeddable":true,"href":"https:\/\/ave-eta-canada.com\/pt-pt\/wp-json\/wp\/v2\/comments?post=2644"}],"version-history":[{"count":0,"href":"https:\/\/ave-eta-canada.com\/pt-pt\/wp-json\/wp\/v2\/pages\/2644\/revisions"}],"wp:attachment":[{"href":"https:\/\/ave-eta-canada.com\/pt-pt\/wp-json\/wp\/v2\/media?parent=2644"}],"curies":[{"name":"wp","href":"https:\/\/api.w.org\/{rel}","templated":true}]}}