{"id":2648,"date":"2022-09-06T07:59:15","date_gmt":"2022-09-06T07:59:15","guid":{"rendered":"https:\/\/ave-eta-canada.com\/como-verificar-uma-minhoca\/"},"modified":"2022-09-09T19:38:18","modified_gmt":"2022-09-09T19:38:18","slug":"como-verificar-uma-eta","status":"publish","type":"page","link":"https:\/\/ave-eta-canada.com\/pt-pt\/como-verificar-uma-eta\/","title":{"rendered":"Como verificar um eTA?"},"content":{"rendered":"\n<h1 class=\"wp-block-heading\">Como verificar o seu eTA para o Canad\u00e1?<\/h1>\n\n<p>Se planeia viajar para o Canad\u00e1 num futuro pr\u00f3ximo, antes de partir dever\u00e1 verificar se tem a sua Autoriza\u00e7\u00e3o Electr\u00f3nica de Viagem eTA para o Canad\u00e1 e se esta ainda \u00e9 v\u00e1lida.<\/p>\n\n<p><strong>Para uma estadia de menos de 6 meses no Canad\u00e1<\/strong>: Pode completar as formalidades de entrada no Canad\u00e1 directamente atrav\u00e9s da Internet, clicando no <a href=\"https:\/\/ave-eta-canada.com\/pt-pt\/formulario-eta-canada\/\">formul\u00e1rio em linha<\/a>. N\u00e3o \u00e9 necess\u00e1rio marcar uma entrevista na embaixada ou consulado canadiano.<\/p>\n\n<p>Para <a href=\"https:\/\/ave-eta-canada.com\/pt-pt\/como-verificar-o-estado-da-sua-candidatura-eta-canada\/\">verificar o seu eTA<\/a>, tem duas verifica\u00e7\u00f5es poss\u00edveis: <\/p>\n\n<ul class=\"wp-block-list\"><li>Verificar os dados introduzidos para garantir que a autoriza\u00e7\u00e3o \u00e9 obtida<\/li><li>Verificar o estado do eTA uma vez enviado o pedido.<\/li><\/ul>\n\n<p>Para o ajudar neste processo, detalhamos a forma de proceder em ambos os casos.<\/p>\n\n<h2 class=\"wp-block-heading\">O que \u00e9 o eTA Canad\u00e1?<\/h2>\n\n<p>Antes de detalharmos como verificar um eTA, recordemos a sua defini\u00e7\u00e3o e as condi\u00e7\u00f5es sob as quais \u00e9 emitido.<\/p>\n\n<p>O eTA Electronic Travel Authorization, \u00e9 uma autoriza\u00e7\u00e3o para viajar ou transitar pelo Canad\u00e1. Tal como o ESTA para os Estados Unidos, o eTA Canad\u00e1 toma a forma de um documento electr\u00f3nico anexado directamente ao seu passaporte atrav\u00e9s de um sistema inform\u00e1tico. Uma vez emitido, o eTA \u00e9 v\u00e1lido por 5 anos a partir da data de emiss\u00e3o. No entanto, se o seu passaporte expirar antes deste prazo ou for substitu\u00eddo, o eTA deixar\u00e1 de ser v\u00e1lido. Durante o seu per\u00edodo de validade, tamb\u00e9m lhe permite visitar o Canad\u00e1 tantas vezes quantas desejar, desde que respeite a dura\u00e7\u00e3o legal da estadia (m\u00e1ximo de 6 meses consecutivos).<\/p>\n\n<h3 class=\"wp-block-heading\">A quem se aplica o eTA Canad\u00e1?<\/h3>\n\n<p>O eTA Canad\u00e1 aplica-se a todos os cidad\u00e3os isentos de visto, que viajem para o Canad\u00e1 por via a\u00e9rea ou em tr\u00e2nsito atrav\u00e9s de um aeroporto canadiano. Actualmente, os cidad\u00e3os de cerca de 50 pa\u00edses est\u00e3o isentos da obriga\u00e7\u00e3o de visto para viajar para o Canad\u00e1, incluindo pa\u00edses da Uni\u00e3o Europeia e Austr\u00e1lia.<\/p>\n\n<p>Note-se que os viajantes com um visto, seja este um visto de turista, um visto de estudante ou uma autoriza\u00e7\u00e3o de trabalho emitida pelas autoridades consulares, n\u00e3o necessitar\u00e3o de solicitar um eTA.<\/p>\n\n<h3 class=\"wp-block-heading\">Requisitos para a obten\u00e7\u00e3o de um eTA<\/h3>\n\n<p>Antes de encomendar um eTA Canad\u00e1, esteja ciente de que se aplicam certas condi\u00e7\u00f5es, incluindo<\/p>\n\n<ul class=\"wp-block-list\"><li>estar na posse de um passaporte biom\u00e9trico v\u00e1lido (de prefer\u00eancia);<\/li><li>a raz\u00e3o da viagem deve ser tur\u00edstica ou profissional (viagens de neg\u00f3cios);<\/li><li>viajar de avi\u00e3o ;<\/li><li>n\u00e3o ficar por mais de seis meses consecutivos.<\/li><\/ul>\n\n<h3 class=\"wp-block-heading\">Como candidatar-se a um eTA?<\/h3>\n\n<p>A candidatura a eTA visto do Canad\u00e1 \u00e9 um processo relativamente simples se feito correctamente, existem duas formas principais de proceder:<\/p>\n\n<ul class=\"wp-block-list\"><li>encomendar um eTA directamente do s\u00edtio web oficial do governo canadiano;<\/li><li>utilizar s\u00edtios privados, tais como o nosso parceiro, para fornecer um servi\u00e7o de apoio durante todo o processo de encomenda de eTA.<\/li><\/ul>\n\n<p>Agora que sabe mais sobre a Autoriza\u00e7\u00e3o de Perman\u00eancia no Canad\u00e1, vejamos as principais informa\u00e7\u00f5es para verificar um eTA para assegurar a sua validade.<br\/><br\/><\/p>\n\n<h2 class=\"wp-block-heading\">Informa\u00e7\u00e3o essencial para verificar um eTA<\/h2>\n\n<p>Uma das primeiras coisas a fazer ao verificar um eTA \u00e9 certificar-se de que os dados pessoais no documento (apelido, nome pr\u00f3prio, etc.) correspondem em todos os aspectos aos que constam do passaporte. De facto, um simples erro de digita\u00e7\u00e3o ao preencher o <a href=\"https:\/\/ave-eta-canada.com\/pt-pt\/preencher-o-formulario-eta-canada\/\">formul\u00e1rio em linha<\/a> \u00e9 suficiente para que o seu eTA seja recusado.<\/p>\n\n<p>Ao mesmo tempo, \u00e9 necess\u00e1rio verificar se o n\u00famero do passaporte do eTA \u00e9 o mesmo que o do seu pr\u00f3prio passaporte. Mais uma vez, se houver o mais pequeno erro, a permiss\u00e3o ser-lhe-\u00e1 muito provavelmente recusada.<\/p>\n\n<p>Aten\u00e7\u00e3o: verifique o seu endere\u00e7o de correio electr\u00f3nico, pois \u00e9 assim que receber\u00e1 a sua resposta.<\/p>\n\n<h2 class=\"wp-block-heading\">Verifica\u00e7\u00e3o do estado de um eTA<\/h2>\n\n<p>Na sequ\u00eancia de uma aplica\u00e7\u00e3o eTA online, o governo canadiano envia v\u00e1rios e-mails para o endere\u00e7o electr\u00f3nico mencionado no formul\u00e1rio para :<\/p>\n\n<ul class=\"wp-block-list\"><li>para acusar a recep\u00e7\u00e3o do pedido;<\/li><li>para solicitar actualiza\u00e7\u00f5es de informa\u00e7\u00e3o ou fornecer informa\u00e7\u00e3o adicional, se necess\u00e1rio;<\/li><li>informar sobre a decis\u00e3o sobre o pedido.<\/li><\/ul>\n\n<p>Al\u00e9m disso, as autoridades canadianas fornecem uma ferramenta de verifica\u00e7\u00e3o online para verificar o estatuto de um eTA. Este \u00faltimo \u00e9 destinado a dois tipos de situa\u00e7\u00f5es:<\/p>\n\n<ul class=\"wp-block-list\"><li>o viajante fez um novo pedido, ele quer verificar o estatuto da autoriza\u00e7\u00e3o;<\/li><li>o viajante j\u00e1 tem um eTA, mas quer ter a certeza de que este ainda \u00e9 v\u00e1lido ou simplesmente encontr\u00e1-lo.<\/li><\/ul>\n\n<p>Para verificar o estado do seu eTA atrav\u00e9s desta ferramenta, precisar\u00e1 simplesmente do seu passaporte e do n\u00famero de candidatura no e-mail de confirma\u00e7\u00e3o. As informa\u00e7\u00f5es solicitadas no passaporte s\u00e3o o n\u00famero do passaporte, o pa\u00eds de emiss\u00e3o, a data de emiss\u00e3o e o prazo de validade.<\/p>\n\n<p>Se se verificar, depois de ter  <a href=\"https:\/\/ave-eta-canada.com\/pt-pt\/como-verificar-o-estado-da-sua-candidatura-eta-canada\/\">verificar o estado do seu eTA,<\/a>  o pedido for rejeitado, ser\u00e1 necess\u00e1rio solicitar um visto na Embaixada do Canad\u00e1 se os requisitos de elegibilidade n\u00e3o puderem ser satisfeitos ou apresentar um novo pedido se a recusa for devida a um erro de introdu\u00e7\u00e3o.<\/p>\n\n<p>Uma vez conclu\u00eddos todos os controlos e assegurada a <a href=\"https:\/\/ave-eta-canada.com\/pt-pt\/como-verificar-uma-eta\/\">validade do seu eTA,<\/a> tem oficialmente o direito de viajar para o Pa\u00eds Maple.<\/p>\n\n<p>Note por favor: mesmo que tenha verificado que o seu eTA est\u00e1 correcto, isto n\u00e3o garante o seu acesso ao territ\u00f3rio. Ao chegar ao aeroporto, ser\u00e1 rastreado pela alf\u00e2ndega atrav\u00e9s de um funcion\u00e1rio dos servi\u00e7os fronteiri\u00e7os, que \u00e9 a \u00fanica pessoa com direito a julgar se tem ou n\u00e3o o direito de permanecer ou transitar pelo Canad\u00e1.<\/p>\n\n<p>Aten\u00e7\u00e3o: se <a href=\"https:\/\/ave-eta-canada.com\/pt-pt\/recuperando-um-eta-canada-perdido\/\">perdeu o seu eTA Canad\u00e1<\/a>, o procedimento de pesquisa tamb\u00e9m pode ser feito no website oficial do governo canadiano. <\/p>\n","protected":false},"excerpt":{"rendered":"<p>Como verificar o seu eTA para o Canad\u00e1? Se planeia viajar para o Canad\u00e1 num futuro pr\u00f3ximo, antes de partir dever\u00e1 verificar se tem a sua Autoriza\u00e7\u00e3o Electr\u00f3nica de Viagem eTA para o Canad\u00e1 e se esta ainda \u00e9 v\u00e1lida. Para uma estadia de menos de 6 meses no Canad\u00e1: Pode completar as formalidades de [&hellip;]<\/p>\n","protected":false},"author":1,"featured_media":0,"parent":0,"menu_order":0,"comment_status":"closed","ping_status":"closed","template":"","meta":{"footnotes":""},"class_list":["post-2648","page","type-page","status-publish","hentry"],"yoast_head":"<!-- This site is optimized with the Yoast SEO plugin v26.9 - https:\/\/yoast.com\/product\/yoast-seo-wordpress\/ -->\n<title>Como verificar um eTA?<\/title>\n<meta name=\"description\" content=\"Antes de partir para o Canad\u00e1, \u00e9 importante verificar se a sua autoriza\u00e7\u00e3o do eTA \u00e9 v\u00e1lida. Descobrir como fazer isto facilmente.\" \/>\n<meta name=\"robots\" content=\"index, follow, max-snippet:-1, max-image-preview:large, max-video-preview:-1\" \/>\n<link rel=\"canonical\" href=\"https:\/\/ave-eta-canada.com\/pt-pt\/como-verificar-uma-eta\/\" \/>\n<meta property=\"og:locale\" content=\"pt_PT\" \/>\n<meta property=\"og:type\" content=\"article\" \/>\n<meta property=\"og:title\" content=\"Como verificar um eTA?\" \/>\n<meta property=\"og:description\" content=\"Antes de partir para o Canad\u00e1, \u00e9 importante verificar se a sua autoriza\u00e7\u00e3o do eTA \u00e9 v\u00e1lida. Descobrir como fazer isto facilmente.\" \/>\n<meta property=\"og:url\" content=\"https:\/\/ave-eta-canada.com\/pt-pt\/como-verificar-uma-eta\/\" \/>\n<meta property=\"og:site_name\" content=\"VISA CANADA\" \/>\n<meta property=\"article:modified_time\" content=\"2022-09-09T19:38:18+00:00\" \/>\n<meta name=\"twitter:card\" content=\"summary_large_image\" \/>\n<meta name=\"twitter:label1\" content=\"Tempo estimado de leitura\" \/>\n\t<meta name=\"twitter:data1\" content=\"5 minutos\" \/>\n<script type=\"application\/ld+json\" class=\"yoast-schema-graph\">{\"@context\":\"https:\/\/schema.org\",\"@graph\":[{\"@type\":\"WebPage\",\"@id\":\"https:\/\/ave-eta-canada.com\/pt-pt\/como-verificar-uma-eta\/\",\"url\":\"https:\/\/ave-eta-canada.com\/pt-pt\/como-verificar-uma-eta\/\",\"name\":\"Como verificar um eTA?\",\"isPartOf\":{\"@id\":\"https:\/\/ave-eta-canada.com\/pt-pt\/#website\"},\"datePublished\":\"2022-09-06T07:59:15+00:00\",\"dateModified\":\"2022-09-09T19:38:18+00:00\",\"description\":\"Antes de partir para o Canad\u00e1, \u00e9 importante verificar se a sua autoriza\u00e7\u00e3o do eTA \u00e9 v\u00e1lida. Descobrir como fazer isto facilmente.\",\"breadcrumb\":{\"@id\":\"https:\/\/ave-eta-canada.com\/pt-pt\/como-verificar-uma-eta\/#breadcrumb\"},\"inLanguage\":\"pt-PT\",\"potentialAction\":[{\"@type\":\"ReadAction\",\"target\":[\"https:\/\/ave-eta-canada.com\/pt-pt\/como-verificar-uma-eta\/\"]}]},{\"@type\":\"BreadcrumbList\",\"@id\":\"https:\/\/ave-eta-canada.com\/pt-pt\/como-verificar-uma-eta\/#breadcrumb\",\"itemListElement\":[{\"@type\":\"ListItem\",\"position\":1,\"name\":\"Home\",\"item\":\"https:\/\/ave-eta-canada.com\/pt-pt\/\"},{\"@type\":\"ListItem\",\"position\":2,\"name\":\"Como verificar um eTA?\"}]},{\"@type\":\"WebSite\",\"@id\":\"https:\/\/ave-eta-canada.com\/pt-pt\/#website\",\"url\":\"https:\/\/ave-eta-canada.com\/pt-pt\/\",\"name\":\"VISA CANADA\",\"description\":\"Autorisation Voyage Electronique\",\"potentialAction\":[{\"@type\":\"SearchAction\",\"target\":{\"@type\":\"EntryPoint\",\"urlTemplate\":\"https:\/\/ave-eta-canada.com\/pt-pt\/?s={search_term_string}\"},\"query-input\":{\"@type\":\"PropertyValueSpecification\",\"valueRequired\":true,\"valueName\":\"search_term_string\"}}],\"inLanguage\":\"pt-PT\"}]}<\/script>\n<!-- \/ Yoast SEO plugin. -->","yoast_head_json":{"title":"Como verificar um eTA?","description":"Antes de partir para o Canad\u00e1, \u00e9 importante verificar se a sua autoriza\u00e7\u00e3o do eTA \u00e9 v\u00e1lida. Descobrir como fazer isto facilmente.","robots":{"index":"index","follow":"follow","max-snippet":"max-snippet:-1","max-image-preview":"max-image-preview:large","max-video-preview":"max-video-preview:-1"},"canonical":"https:\/\/ave-eta-canada.com\/pt-pt\/como-verificar-uma-eta\/","og_locale":"pt_PT","og_type":"article","og_title":"Como verificar um eTA?","og_description":"Antes de partir para o Canad\u00e1, \u00e9 importante verificar se a sua autoriza\u00e7\u00e3o do eTA \u00e9 v\u00e1lida. Descobrir como fazer isto facilmente.","og_url":"https:\/\/ave-eta-canada.com\/pt-pt\/como-verificar-uma-eta\/","og_site_name":"VISA CANADA","article_modified_time":"2022-09-09T19:38:18+00:00","twitter_card":"summary_large_image","twitter_misc":{"Tempo estimado de leitura":"5 minutos"},"schema":{"@context":"https:\/\/schema.org","@graph":[{"@type":"WebPage","@id":"https:\/\/ave-eta-canada.com\/pt-pt\/como-verificar-uma-eta\/","url":"https:\/\/ave-eta-canada.com\/pt-pt\/como-verificar-uma-eta\/","name":"Como verificar um eTA?","isPartOf":{"@id":"https:\/\/ave-eta-canada.com\/pt-pt\/#website"},"datePublished":"2022-09-06T07:59:15+00:00","dateModified":"2022-09-09T19:38:18+00:00","description":"Antes de partir para o Canad\u00e1, \u00e9 importante verificar se a sua autoriza\u00e7\u00e3o do eTA \u00e9 v\u00e1lida. Descobrir como fazer isto facilmente.","breadcrumb":{"@id":"https:\/\/ave-eta-canada.com\/pt-pt\/como-verificar-uma-eta\/#breadcrumb"},"inLanguage":"pt-PT","potentialAction":[{"@type":"ReadAction","target":["https:\/\/ave-eta-canada.com\/pt-pt\/como-verificar-uma-eta\/"]}]},{"@type":"BreadcrumbList","@id":"https:\/\/ave-eta-canada.com\/pt-pt\/como-verificar-uma-eta\/#breadcrumb","itemListElement":[{"@type":"ListItem","position":1,"name":"Home","item":"https:\/\/ave-eta-canada.com\/pt-pt\/"},{"@type":"ListItem","position":2,"name":"Como verificar um eTA?"}]},{"@type":"WebSite","@id":"https:\/\/ave-eta-canada.com\/pt-pt\/#website","url":"https:\/\/ave-eta-canada.com\/pt-pt\/","name":"VISA CANADA","description":"Autorisation Voyage Electronique","potentialAction":[{"@type":"SearchAction","target":{"@type":"EntryPoint","urlTemplate":"https:\/\/ave-eta-canada.com\/pt-pt\/?s={search_term_string}"},"query-input":{"@type":"PropertyValueSpecification","valueRequired":true,"valueName":"search_term_string"}}],"inLanguage":"pt-PT"}]}},"_links":{"self":[{"href":"https:\/\/ave-eta-canada.com\/pt-pt\/wp-json\/wp\/v2\/pages\/2648","targetHints":{"allow":["GET"]}}],"collection":[{"href":"https:\/\/ave-eta-canada.com\/pt-pt\/wp-json\/wp\/v2\/pages"}],"about":[{"href":"https:\/\/ave-eta-canada.com\/pt-pt\/wp-json\/wp\/v2\/types\/page"}],"author":[{"embeddable":true,"href":"https:\/\/ave-eta-canada.com\/pt-pt\/wp-json\/wp\/v2\/users\/1"}],"replies":[{"embeddable":true,"href":"https:\/\/ave-eta-canada.com\/pt-pt\/wp-json\/wp\/v2\/comments?post=2648"}],"version-history":[{"count":0,"href":"https:\/\/ave-eta-canada.com\/pt-pt\/wp-json\/wp\/v2\/pages\/2648\/revisions"}],"wp:attachment":[{"href":"https:\/\/ave-eta-canada.com\/pt-pt\/wp-json\/wp\/v2\/media?parent=2648"}],"curies":[{"name":"wp","href":"https:\/\/api.w.org\/{rel}","templated":true}]}}