{"id":2649,"date":"2022-09-06T07:59:15","date_gmt":"2022-09-06T07:59:15","guid":{"rendered":"https:\/\/ave-eta-canada.com\/make-an-application-with-canada-official\/"},"modified":"2023-05-08T10:29:38","modified_gmt":"2023-05-08T10:29:38","slug":"fazer-um-oficial-eta-canada-aplicativo","status":"publish","type":"page","link":"https:\/\/ave-eta-canada.com\/pt-pt\/fazer-um-oficial-eta-canada-aplicativo\/","title":{"rendered":"Fazer um pedido oficial de eTA Canad\u00e1"},"content":{"rendered":"\n<h1 class=\"wp-block-heading\">Como candidatar-se a um eTA Canad\u00e1 oficial?<\/h1>\n\n<p>Se estiver a planear uma viagem ao Canad\u00e1, ter\u00e1 de assegurar-se de que tem os documentos certos em m\u00e3os: passaporte, seguro, bilhete de regresso, mas tamb\u00e9m a sua Autoriza\u00e7\u00e3o de Viagem oficial. O eTA Canad\u00e1 oficial \u00e9 um documento muito importante para todos aqueles que querem viajar para o Canad\u00e1 por via a\u00e9rea, sem solicitar um visto dispendioso na embaixada canadiana.<\/p>\n\n<p><strong>Para uma estadia de menos de 6 meses no Canad\u00e1<\/strong>: Pode completar as formalidades de entrada no Canad\u00e1 directamente atrav\u00e9s da Internet, clicando no <a href=\"https:\/\/ave-eta-canada.com\/pt-pt\/formulario-eta-canada\/\">formul\u00e1rio em linha<\/a>. N\u00e3o \u00e9 necess\u00e1rio marcar uma entrevista na embaixada ou consulado canadiano.<\/p>\n\n<p>\u00c9 poss\u00edvel para milh\u00f5es de nacionais de todo o mundo viajar para o Canad\u00e1 com uma <a href=\"https:\/\/ave-eta-canada.com\/pt-pt\/eta-ou-esta-que-viagem-permissiona-escolha-para-a-sua-estadia\/\">autoriza\u00e7\u00e3o electr\u00f3nica de viagem<\/a> obtida directamente online (eTA). Ao candidatar-se a um eTA Canad\u00e1 oficial, pode permanecer no Canad\u00e1 por at\u00e9 seis meses durante os pr\u00f3ximos cinco anos.<\/p>\n\n<h3 class=\"wp-block-heading\">Lista de 61 territ\u00f3rios eleg\u00edveis para o eTA Canad\u00e1 oficial (Atualizado em maio de 2023)<\/h3>\n\n<figure class=\"wp-block-table\"><table><tbody><tr><td class=\"has-text-align-center\" data-align=\"center\">Alemanha<\/td><td class=\"has-text-align-center\" data-align=\"center\">Espanha<\/td><td class=\"has-text-align-center\" data-align=\"center\">Isl\u00e2ndia<\/td><td class=\"has-text-align-center\" data-align=\"center\">Pol\u00f3nia<\/td><td class=\"has-text-align-center\" data-align=\"center\">Vaticano<\/td><\/tr><tr><td class=\"has-text-align-center\" data-align=\"center\">Andorra<\/td><td class=\"has-text-align-center\" data-align=\"center\">Est\u00f3nia<\/td><td class=\"has-text-align-center\" data-align=\"center\">It\u00e1lia<\/td><td class=\"has-text-align-center\" data-align=\"center\">Portugal<\/td><td class=\"has-text-align-center\" data-align=\"center\"><strong>Desde 2023 :<\/strong><\/td><\/tr><tr><td class=\"has-text-align-center\" data-align=\"center\">Anguila<\/td><td class=\"has-text-align-center\" data-align=\"center\">Finl\u00e2ndia<\/td><td class=\"has-text-align-center\" data-align=\"center\">Jap\u00e3o<\/td><td class=\"has-text-align-center\" data-align=\"center\">Rep\u00fablica Checa<\/td><td class=\"has-text-align-center\" data-align=\"center\"><strong>Ant\u00edgua e Barbuda<\/strong><\/td><\/tr><tr><td class=\"has-text-align-center\" data-align=\"center\">Austr\u00e1lia<\/td><td class=\"has-text-align-center\" data-align=\"center\">Fran\u00e7a<\/td><td class=\"has-text-align-center\" data-align=\"center\">Let\u00f3nia<\/td><td class=\"has-text-align-center\" data-align=\"center\">Rep\u00fablica da Coreia<\/td><td class=\"has-text-align-center\" data-align=\"center\"><strong>Argentina<\/strong><\/td><\/tr><tr><td class=\"has-text-align-center\" data-align=\"center\">\u00c1ustria<\/td><td class=\"has-text-align-center\" data-align=\"center\">Gibraltar<\/td><td class=\"has-text-align-center\" data-align=\"center\">Liechtenstein<\/td><td class=\"has-text-align-center\" data-align=\"center\">Rom\u00e9nia<\/td><td class=\"has-text-align-center\" data-align=\"center\"><strong>Costa Rica<\/strong><\/td><\/tr><tr><td class=\"has-text-align-center\" data-align=\"center\">Bahamas<\/td><td class=\"has-text-align-center\" data-align=\"center\">Gr\u00e9cia<\/td><td class=\"has-text-align-center\" data-align=\"center\">Litu\u00e2nia<\/td><td class=\"has-text-align-center\" data-align=\"center\">Reino Unido<\/td><td class=\"has-text-align-center\" data-align=\"center\"><strong>Marrocos<\/strong><\/td><\/tr><tr><td class=\"has-text-align-center\" data-align=\"center\">B\u00e1rbaros<\/td><td class=\"has-text-align-center\" data-align=\"center\">Hong Kong<\/td><td class=\"has-text-align-center\" data-align=\"center\">Luxemburgo<\/td><td class=\"has-text-align-center\" data-align=\"center\">Sainte-H\u00e9l\u00e8ne<\/td><td class=\"has-text-align-center\" data-align=\"center\"><strong>Panam\u00e1<\/strong><\/td><\/tr><tr><td class=\"has-text-align-center\" data-align=\"center\">B\u00e9lgica<\/td><td class=\"has-text-align-center\" data-align=\"center\">Hungria<\/td><td class=\"has-text-align-center\" data-align=\"center\">Malta<\/td><td class=\"has-text-align-center\" data-align=\"center\">S\u00e3o Marino<\/td><td class=\"has-text-align-center\" data-align=\"center\"><strong>Filipinas<\/strong><\/td><\/tr><tr><td class=\"has-text-align-center\" data-align=\"center\">Bermudas<\/td><td class=\"has-text-align-center\" data-align=\"center\">Ilhas Caim\u00e3o<\/td><td class=\"has-text-align-center\" data-align=\"center\">M\u00e9xico<\/td><td class=\"has-text-align-center\" data-align=\"center\">Samoa<\/td><td class=\"has-text-align-center\" data-align=\"center\"><strong>S\u00e3o Crist\u00f3v\u00e3o e Nevis<\/strong><\/td><\/tr><tr><td class=\"has-text-align-center\" data-align=\"center\">Brunei<\/td><td class=\"has-text-align-center\" data-align=\"center\">Ilhas Malvinas<\/td><td class=\"has-text-align-center\" data-align=\"center\">M\u00f3naco<\/td><td class=\"has-text-align-center\" data-align=\"center\">Singapura<\/td><td class=\"has-text-align-center\" data-align=\"center\"><strong>Santa L\u00facia<\/strong><\/td><\/tr><tr><td class=\"has-text-align-center\" data-align=\"center\">Bulg\u00e1ria<\/td><td class=\"has-text-align-center\" data-align=\"center\">Ilhas Pitcairn<\/td><td class=\"has-text-align-center\" data-align=\"center\">Montserrat<\/td><td class=\"has-text-align-center\" data-align=\"center\">Eslov\u00e1quia<\/td><td class=\"has-text-align-center\" data-align=\"center\"><strong>S\u00e3o Vicente e Granadinas<\/strong><\/td><\/tr><tr><td class=\"has-text-align-center\" data-align=\"center\">Chile<\/td><td class=\"has-text-align-center\" data-align=\"center\">Ilhas Salom\u00e3o<\/td><td class=\"has-text-align-center\" data-align=\"center\">Noruega<\/td><td class=\"has-text-align-center\" data-align=\"center\">Eslov\u00e9nia<\/td><td class=\"has-text-align-center\" data-align=\"center\"><strong>Seychelles<\/strong><\/td><\/tr><tr><td class=\"has-text-align-center\" data-align=\"center\">Chipre<\/td><td class=\"has-text-align-center\" data-align=\"center\">Ilhas Turcas e Caicos<\/td><td class=\"has-text-align-center\" data-align=\"center\">Nova Zel\u00e2ndia<\/td><td class=\"has-text-align-center\" data-align=\"center\">Su\u00e9cia<\/td><td class=\"has-text-align-center\" data-align=\"center\"><strong>Tail\u00e2ndia<\/strong><\/td><\/tr><tr><td class=\"has-text-align-center\" data-align=\"center\">Cro\u00e1cia<\/td><td class=\"has-text-align-center\" data-align=\"center\">Ilhas Virgens Brit\u00e2nicas<\/td><td class=\"has-text-align-center\" data-align=\"center\">Papua Nova Guin\u00e9<\/td><td class=\"has-text-align-center\" data-align=\"center\">Su\u00ed\u00e7a<\/td><td class=\"has-text-align-center\" data-align=\"center\"><strong>Trindade e Tobago<\/strong><\/td><\/tr><tr><td class=\"has-text-align-center\" data-align=\"center\">Dinamarca<\/td><td class=\"has-text-align-center\" data-align=\"center\">Irlanda<\/td><td class=\"has-text-align-center\" data-align=\"center\">Pa\u00edses Baixos<\/td><td class=\"has-text-align-center\" data-align=\"center\">Taiwan<\/td><td class=\"has-text-align-center\" data-align=\"center\"><strong>Uruguai<\/strong><\/td><\/tr><\/tbody><\/table><figcaption class=\"wp-element-caption\">Lista de pa\u00edses benefici\u00e1rios do Programa Canadiano de Isen\u00e7\u00e3o de Vistos<\/figcaption><\/figure>\n\n<h2 class=\"wp-block-heading\">Fazer um pedido oficial de eTA Canad\u00e1<\/h2>\n\n<p>O eTA Canad\u00e1 oficial foi criado pelo governo canadiano para facilitar os pedidos de visto e os pedidos de estadias mais longas ou mais curtas de cidad\u00e3os canadianos no Canad\u00e1. O pedido de um eTA Canad\u00e1 s\u00f3 \u00e9 feito online, pelo que n\u00e3o h\u00e1 necessidade de ir \u00e0 embaixada ou consulado canadiano para o obter, pois n\u00e3o \u00e9 o mesmo que para um pedido de visto.<\/p>\n\n<p>De facto, o governo canadiano implementou um sistema de aplica\u00e7\u00e3o e processamento apenas online. \u00c9 poss\u00edvel solicitar um eTA visto oficial do Canad\u00e1 atrav\u00e9s do<a href=\"https:\/\/www.canada.ca\/fr.html\">  Governo do Canad\u00e1<\/a> ou atrav\u00e9s de websites independentes que o guiar\u00e3o atrav\u00e9s do processo administrativo e verificar\u00e3o os dados fornecidos para garantir que n\u00e3o s\u00e3o cometidos erros que possam levar \u00e0 recusa do seu eTA Canad\u00e1 oficial.<\/p>\n\n<p>Quando se candidatar a um eTA Canad\u00e1 oficial, ser-lhe-\u00e1 pedido que preencha o formul\u00e1rio eTA.<\/p>\n\n<p>Ser-lhe-\u00e1 pedido que preencha v\u00e1rias informa\u00e7\u00f5es pessoais sobre si, tais como o seu nome, apelido, morada, local e data de nascimento, ocupa\u00e7\u00e3o, etc.<\/p>\n\n<p>Neste<a href=\"https:\/\/ave-eta-canada.com\/pt-pt\/preencher-o-formulario-eta-canada\/\"> formul\u00e1rio online<\/a>, ter\u00e1 tamb\u00e9m de responder a perguntas sobre os seus antecedentes: o seu estado de sa\u00fade, os seus problemas passados com a lei, se alguma vez lhe foi recusada a entrada no Canad\u00e1 ou em outro pa\u00eds, etc.<\/p>\n\n<p>\u00c9 muito importante ter um passaporte v\u00e1lido para solicitar um eTA oficial do Canad\u00e1, uma vez que o EVP est\u00e1 ligado ao seu n\u00famero de passaporte biom\u00e9trico ou electr\u00f3nico. Se precisar de obter um novo passaporte, ter\u00e1 de <a href=\"https:\/\/ave-eta-canada.com\/pt-pt\/fazer-um-oficial-eta-canada-aplicativo\/\">solicitar um novo eTA<\/a>.<\/p>\n","protected":false},"excerpt":{"rendered":"<p>Como candidatar-se a um eTA Canad\u00e1 oficial? Se estiver a planear uma viagem ao Canad\u00e1, ter\u00e1 de assegurar-se de que tem os documentos certos em m\u00e3os: passaporte, seguro, bilhete de regresso, mas tamb\u00e9m a sua Autoriza\u00e7\u00e3o de Viagem oficial. O eTA Canad\u00e1 oficial \u00e9 um documento muito importante para todos aqueles que querem viajar para [&hellip;]<\/p>\n","protected":false},"author":1,"featured_media":0,"parent":0,"menu_order":0,"comment_status":"closed","ping_status":"closed","template":"","meta":{"footnotes":""},"class_list":["post-2649","page","type-page","status-publish","hentry"],"yoast_head":"<!-- This site is optimized with the Yoast SEO plugin v26.9 - https:\/\/yoast.com\/product\/yoast-seo-wordpress\/ -->\n<title>Fazer um pedido oficial de eTA Canad\u00e1<\/title>\n<meta name=\"description\" content=\"Candidate-se a um eTA Canad\u00e1 oficial no website do governo canadiano ou num website seguro e independente.\" \/>\n<meta name=\"robots\" content=\"index, follow, max-snippet:-1, max-image-preview:large, max-video-preview:-1\" \/>\n<link rel=\"canonical\" href=\"https:\/\/ave-eta-canada.com\/pt-pt\/fazer-um-oficial-eta-canada-aplicativo\/\" \/>\n<meta property=\"og:locale\" content=\"pt_PT\" \/>\n<meta property=\"og:type\" content=\"article\" \/>\n<meta property=\"og:title\" content=\"Fazer um pedido oficial de eTA Canad\u00e1\" \/>\n<meta property=\"og:description\" content=\"Candidate-se a um eTA Canad\u00e1 oficial no website do governo canadiano ou num website seguro e independente.\" \/>\n<meta property=\"og:url\" content=\"https:\/\/ave-eta-canada.com\/pt-pt\/fazer-um-oficial-eta-canada-aplicativo\/\" \/>\n<meta property=\"og:site_name\" content=\"VISA CANADA\" \/>\n<meta property=\"article:modified_time\" content=\"2023-05-08T10:29:38+00:00\" \/>\n<meta name=\"twitter:card\" content=\"summary_large_image\" \/>\n<meta name=\"twitter:label1\" content=\"Tempo estimado de leitura\" \/>\n\t<meta name=\"twitter:data1\" content=\"2 minutos\" \/>\n<script type=\"application\/ld+json\" class=\"yoast-schema-graph\">{\"@context\":\"https:\/\/schema.org\",\"@graph\":[{\"@type\":\"WebPage\",\"@id\":\"https:\/\/ave-eta-canada.com\/pt-pt\/fazer-um-oficial-eta-canada-aplicativo\/\",\"url\":\"https:\/\/ave-eta-canada.com\/pt-pt\/fazer-um-oficial-eta-canada-aplicativo\/\",\"name\":\"Fazer um pedido oficial de eTA Canad\u00e1\",\"isPartOf\":{\"@id\":\"https:\/\/ave-eta-canada.com\/pt-pt\/#website\"},\"datePublished\":\"2022-09-06T07:59:15+00:00\",\"dateModified\":\"2023-05-08T10:29:38+00:00\",\"description\":\"Candidate-se a um eTA Canad\u00e1 oficial no website do governo canadiano ou num website seguro e independente.\",\"breadcrumb\":{\"@id\":\"https:\/\/ave-eta-canada.com\/pt-pt\/fazer-um-oficial-eta-canada-aplicativo\/#breadcrumb\"},\"inLanguage\":\"pt-PT\",\"potentialAction\":[{\"@type\":\"ReadAction\",\"target\":[\"https:\/\/ave-eta-canada.com\/pt-pt\/fazer-um-oficial-eta-canada-aplicativo\/\"]}]},{\"@type\":\"BreadcrumbList\",\"@id\":\"https:\/\/ave-eta-canada.com\/pt-pt\/fazer-um-oficial-eta-canada-aplicativo\/#breadcrumb\",\"itemListElement\":[{\"@type\":\"ListItem\",\"position\":1,\"name\":\"Home\",\"item\":\"https:\/\/ave-eta-canada.com\/pt-pt\/\"},{\"@type\":\"ListItem\",\"position\":2,\"name\":\"Fazer um pedido oficial de eTA Canad\u00e1\"}]},{\"@type\":\"WebSite\",\"@id\":\"https:\/\/ave-eta-canada.com\/pt-pt\/#website\",\"url\":\"https:\/\/ave-eta-canada.com\/pt-pt\/\",\"name\":\"VISA CANADA\",\"description\":\"Autorisation Voyage Electronique\",\"potentialAction\":[{\"@type\":\"SearchAction\",\"target\":{\"@type\":\"EntryPoint\",\"urlTemplate\":\"https:\/\/ave-eta-canada.com\/pt-pt\/?s={search_term_string}\"},\"query-input\":{\"@type\":\"PropertyValueSpecification\",\"valueRequired\":true,\"valueName\":\"search_term_string\"}}],\"inLanguage\":\"pt-PT\"}]}<\/script>\n<!-- \/ Yoast SEO plugin. -->","yoast_head_json":{"title":"Fazer um pedido oficial de eTA Canad\u00e1","description":"Candidate-se a um eTA Canad\u00e1 oficial no website do governo canadiano ou num website seguro e independente.","robots":{"index":"index","follow":"follow","max-snippet":"max-snippet:-1","max-image-preview":"max-image-preview:large","max-video-preview":"max-video-preview:-1"},"canonical":"https:\/\/ave-eta-canada.com\/pt-pt\/fazer-um-oficial-eta-canada-aplicativo\/","og_locale":"pt_PT","og_type":"article","og_title":"Fazer um pedido oficial de eTA Canad\u00e1","og_description":"Candidate-se a um eTA Canad\u00e1 oficial no website do governo canadiano ou num website seguro e independente.","og_url":"https:\/\/ave-eta-canada.com\/pt-pt\/fazer-um-oficial-eta-canada-aplicativo\/","og_site_name":"VISA CANADA","article_modified_time":"2023-05-08T10:29:38+00:00","twitter_card":"summary_large_image","twitter_misc":{"Tempo estimado de leitura":"2 minutos"},"schema":{"@context":"https:\/\/schema.org","@graph":[{"@type":"WebPage","@id":"https:\/\/ave-eta-canada.com\/pt-pt\/fazer-um-oficial-eta-canada-aplicativo\/","url":"https:\/\/ave-eta-canada.com\/pt-pt\/fazer-um-oficial-eta-canada-aplicativo\/","name":"Fazer um pedido oficial de eTA Canad\u00e1","isPartOf":{"@id":"https:\/\/ave-eta-canada.com\/pt-pt\/#website"},"datePublished":"2022-09-06T07:59:15+00:00","dateModified":"2023-05-08T10:29:38+00:00","description":"Candidate-se a um eTA Canad\u00e1 oficial no website do governo canadiano ou num website seguro e independente.","breadcrumb":{"@id":"https:\/\/ave-eta-canada.com\/pt-pt\/fazer-um-oficial-eta-canada-aplicativo\/#breadcrumb"},"inLanguage":"pt-PT","potentialAction":[{"@type":"ReadAction","target":["https:\/\/ave-eta-canada.com\/pt-pt\/fazer-um-oficial-eta-canada-aplicativo\/"]}]},{"@type":"BreadcrumbList","@id":"https:\/\/ave-eta-canada.com\/pt-pt\/fazer-um-oficial-eta-canada-aplicativo\/#breadcrumb","itemListElement":[{"@type":"ListItem","position":1,"name":"Home","item":"https:\/\/ave-eta-canada.com\/pt-pt\/"},{"@type":"ListItem","position":2,"name":"Fazer um pedido oficial de eTA Canad\u00e1"}]},{"@type":"WebSite","@id":"https:\/\/ave-eta-canada.com\/pt-pt\/#website","url":"https:\/\/ave-eta-canada.com\/pt-pt\/","name":"VISA CANADA","description":"Autorisation Voyage Electronique","potentialAction":[{"@type":"SearchAction","target":{"@type":"EntryPoint","urlTemplate":"https:\/\/ave-eta-canada.com\/pt-pt\/?s={search_term_string}"},"query-input":{"@type":"PropertyValueSpecification","valueRequired":true,"valueName":"search_term_string"}}],"inLanguage":"pt-PT"}]}},"_links":{"self":[{"href":"https:\/\/ave-eta-canada.com\/pt-pt\/wp-json\/wp\/v2\/pages\/2649","targetHints":{"allow":["GET"]}}],"collection":[{"href":"https:\/\/ave-eta-canada.com\/pt-pt\/wp-json\/wp\/v2\/pages"}],"about":[{"href":"https:\/\/ave-eta-canada.com\/pt-pt\/wp-json\/wp\/v2\/types\/page"}],"author":[{"embeddable":true,"href":"https:\/\/ave-eta-canada.com\/pt-pt\/wp-json\/wp\/v2\/users\/1"}],"replies":[{"embeddable":true,"href":"https:\/\/ave-eta-canada.com\/pt-pt\/wp-json\/wp\/v2\/comments?post=2649"}],"version-history":[{"count":0,"href":"https:\/\/ave-eta-canada.com\/pt-pt\/wp-json\/wp\/v2\/pages\/2649\/revisions"}],"wp:attachment":[{"href":"https:\/\/ave-eta-canada.com\/pt-pt\/wp-json\/wp\/v2\/media?parent=2649"}],"curies":[{"name":"wp","href":"https:\/\/api.w.org\/{rel}","templated":true}]}}