{"id":2655,"date":"2022-09-06T07:59:16","date_gmt":"2022-09-06T07:59:16","guid":{"rendered":"https:\/\/ave-eta-canada.com\/como-verificar-o-estado-da-sua-candidatura-com-o-canada\/"},"modified":"2022-09-09T19:32:31","modified_gmt":"2022-09-09T19:32:31","slug":"como-verificar-o-estado-da-sua-candidatura-eta-canada","status":"publish","type":"page","link":"https:\/\/ave-eta-canada.com\/pt-pt\/como-verificar-o-estado-da-sua-candidatura-eta-canada\/","title":{"rendered":"Como verificar o estado da sua candidatura eTA Canad\u00e1?"},"content":{"rendered":"\n<h1 class=\"wp-block-heading\">Viagem ao Canad\u00e1: verifique o estado da sua candidatura a eTA<\/h1>\n\n<p>Todas as viagens para o Canad\u00e1 requerem uma autoriza\u00e7\u00e3o de viagem. Se for uma estadia longa, ter\u00e1 de solicitar um visto.  <\/p>\n\n<p><strong>Para uma estadia de menos de 6 meses no Canad\u00e1<\/strong>: Pode completar as formalidades de entrada no Canad\u00e1 directamente atrav\u00e9s da Internet, clicando no <a href=\"https:\/\/ave-eta-canada.com\/pt-pt\/formulario-eta-canada\/\">formul\u00e1rio em linha<\/a>. N\u00e3o \u00e9 necess\u00e1rio marcar uma entrevista na embaixada ou consulado canadiano.<\/p>\n\n<p>A seguir explicamos como verificar o estado da sua Autoriza\u00e7\u00e3o de Viagem depois de se ter candidatado online.<br\/><\/p>\n\n<h2 class=\"wp-block-heading\">eTA status: a fase de candidatura em linha<\/h2>\n\n<p>A <a href=\"https:\/\/ave-eta-canada.com\/pt-pt\/\">Autoriza\u00e7\u00e3o Electr\u00f3nica de Viagem eTA<\/a>, tamb\u00e9m conhecida como eTA, permite-lhe permanecer no Canad\u00e1 durante 6 meses consecutivos. Ao contr\u00e1rio do visto canadiano, esta autoriza\u00e7\u00e3o de viagem s\u00f3 pode ser obtida online. \u00c9 relativamente simples de obter, seguindo o mesmo procedimento que a candidatura a um ESTA para viajar para os EUA, ou seja, preencher um formul\u00e1rio online.<\/p>\n\n<p>O <a href=\"https:\/\/ave-eta-canada.com\/pt-pt\/preencher-o-formulario-eta-canada\/\">formul\u00e1rio eTA<\/a> est\u00e1 dispon\u00edvel em muitos s\u00edtios. Pode preench\u00ea-lo no site oficial do governo canadiano ou candidatar-se atrav\u00e9s do nosso site parceiro.<\/p>\n\n<p>Se j\u00e1 tem um visto do Canad\u00e1, uma autoriza\u00e7\u00e3o de trabalho ou mesmo um cart\u00e3o de residente permanente, n\u00e3o precisa de solicitar um eTA.<\/p>\n\n<h3 class=\"wp-block-heading\">Preenchimento do formul\u00e1rio eTA Canad\u00e1<\/h3>\n\n<p>Ao preencher o <a href=\"https:\/\/ave-eta-canada.com\/pt-pt\/como-preencher-um-eta-para-o-canada\/\">formul\u00e1rio em linha<\/a>, ser-lhe-\u00e1 pedido que forne\u00e7a as principais informa\u00e7\u00f5es no seu passaporte (nome, data, local de nascimento, sexo, morada, nacionalidade, n\u00famero de passaporte, etc.). Depois de preencher os seus dados pessoais, aparecer\u00e1 um pequeno question\u00e1rio. Ser-lhe-\u00e3o ent\u00e3o colocadas v\u00e1rias quest\u00f5es relacionadas com a sua sa\u00fade, o seu emprego actual e o seu historial jur\u00eddico.<\/p>\n\n<p>O \u00faltimo passo para validar o seu ficheiro eTA \u00e9 o pagamento em linha. Para esta formalidade, basta trazer o seu cart\u00e3o de cr\u00e9dito (Visa, MasterCard ou American Express) e introduzir os seus dados banc\u00e1rios.<br\/><br\/><\/p>\n\n<h2 class=\"wp-block-heading\">Os diferentes estados de aplica\u00e7\u00e3o eTA<\/h2>\n\n<p>Uma vez paga a <a href=\"https:\/\/ave-eta-canada.com\/pt-pt\/preco-eta-canada\/\">taxa<\/a> do <a href=\"https:\/\/ave-eta-canada.com\/pt-pt\/preco-eta-canada\/\">eTA<\/a>, dever\u00e1 receber um e-mail das autoridades canadianas informando-o que a sua candidatura foi recebida e que o seu ficheiro est\u00e1 a ser revisto.<\/p>\n\n<p>As respostas introduzidas no formul\u00e1rio online s\u00e3o analisadas pelo IRCC (Imigra\u00e7\u00e3o, Refugiados e Cidadania do Canad\u00e1). Este \u00f3rg\u00e3o governamental ir\u00e1, portanto, rever cada pedido de eTA para garantir que cada nacional n\u00e3o representa uma amea\u00e7a \u00e0 seguran\u00e7a interna do pa\u00eds. Ap\u00f3s esta an\u00e1lise, a sua candidatura eTA pode ter tr\u00eas estatutos: &#8220;candidatura autorizada&#8221;, &#8220;candidatura pendente&#8221; ou &#8220;candidatura recusada&#8221;.<\/p>\n\n<h3 class=\"wp-block-heading\">Estado: eTA Canada pendente<\/h3>\n\n<p>A maioria dos pedidos resulta na aprova\u00e7\u00e3o do pedido de eTA dentro de minutos ap\u00f3s o envio do pedido. No entanto, pode acontecer que o pedido exija prazos mais longos. Se o estado da sua candidatura eTA estiver pendente, receber\u00e1 um e-mail do IRCC dentro de horas ou dias. Por exemplo, poder\u00e1 ser-lhe pedido que forne\u00e7a certos documentos de apoio ou informa\u00e7\u00f5es adicionais.<\/p>\n\n<p>\u00c9 poss\u00edvel acompanhar o estado do pedido do eTA atrav\u00e9s da ferramenta de verifica\u00e7\u00e3o fornecida pelo Governo do Canad\u00e1. Para o fazer, \u00e9 necess\u00e1rio :<\/p>\n\n<ul class=\"wp-block-list\"><li>o seu n\u00famero de aplica\u00e7\u00e3o eTA comunicado por correio electr\u00f3nico;<\/li><li>certas informa\u00e7\u00f5es do passaporte com o qual apresentou o pedido (pa\u00eds de emiss\u00e3o, n\u00famero do passaporte, data de emiss\u00e3o e data de validade).<\/li><\/ul>\n\n<p>Note que esta ferramenta tamb\u00e9m \u00e9 \u00fatil se j\u00e1 tiver uma Autoriza\u00e7\u00e3o Tempor\u00e1ria de Viagem mas quiser <a>recuperar o seu eTA<\/a> para consultar o seu ficheiro.<\/p>\n\n<h3 class=\"wp-block-heading\">Estado: eTA Canad\u00e1 aprovado<\/h3>\n\n<p>Quando o seu pedido eTA Canad\u00e1 receber o estatuto de &#8220;aprovado&#8221;, receber\u00e1 o seu n\u00famero eTA por correio electr\u00f3nico juntamente com a data de validade e o n\u00famero de passaporte atribu\u00eddo \u00e0 autoriza\u00e7\u00e3o de viagem.<\/p>\n\n<p>Com um eTA, \u00e9 poss\u00edvel viajar para o Canad\u00e1 e permanecer menos de seis meses no Pa\u00eds Maple. A validade do eTA \u00e9 de 5 anos, o que significa que pode visitar o Canad\u00e1 quantas vezes quiser durante este per\u00edodo, desde que respeite a dura\u00e7\u00e3o m\u00e1xima da estadia (6 meses no m\u00e1ximo) e tenha um passaporte v\u00e1lido.<\/p>\n\n<p>Note que ter um estatuto eTA Canad\u00e1 &#8220;aprovado&#8221; n\u00e3o significa necessariamente que esteja autorizado a entrar no Canad\u00e1, apenas o autoriza a viajar para o Canad\u00e1 por via a\u00e9rea. Ao chegar \u00e0 fronteira, ser\u00e1 verificado por um oficial dos servi\u00e7os fronteiri\u00e7os, a \u00fanica pessoa que pode confirmar a sua entrada no Canad\u00e1.<\/p>\n\n<h3 class=\"wp-block-heading\">Estado : eTA Canada recusou<\/h3>\n\n<p>\u00c9 raro que o Estado canadiano rejeite pedidos de resid\u00eancia tempor\u00e1ria. Se, ap\u00f3s verificar o estado do seu eTA Canad\u00e1, verificar que a sua candidatura foi rejeitada, verifique primeiro se tal n\u00e3o se deve a uma omiss\u00e3o feita ao preencher o formul\u00e1rio em linha. Como a maioria da informa\u00e7\u00e3o n\u00e3o pode ser alterada ap\u00f3s a candidatura ter sido submetida, ter\u00e1 de voltar a candidatar-se online e pagar novamente as taxas necess\u00e1rias.<\/p>\n\n<p>A fim de colocar do seu lado todas as hip\u00f3teses de obter o estatuto eTA &#8220;aprovado&#8221; e viajar para o Canad\u00e1 com paz de esp\u00edrito, sugerimos que se candidate atrav\u00e9s do nosso site parceiro. As suas equipas de profissionais ir\u00e3o verificar o seu ficheiro em todos os aspectos e corrigir quaisquer erros ou omiss\u00f5es, se necess\u00e1rio.<\/p>\n\n<p>Se n\u00e3o aparecer nenhum erro, \u00e9 prov\u00e1vel que n\u00e3o cumpra um dos <a href=\"https:\/\/ave-eta-canada.com\/pt-pt\/tudo-sobre-condicoes-para-viajar-no-canada\/\">requisitos de elegibilidade do eTA<\/a>. Como lembrete, eis os diferentes pontos que devem ser respeitados a fim de beneficiar do estatuto eTA &#8220;aprovado&#8221;:<\/p>\n\n<ul class=\"wp-block-list\"><li>ser nacional de um pa\u00eds eleg\u00edvel para a isen\u00e7\u00e3o de visto (os nacionais franceses s\u00e3o eleg\u00edveis);<\/li><li>Viajar para o Canad\u00e1 para turismo ou neg\u00f3cios;<\/li><li>n\u00e3o ficar por mais de seis meses;  <\/li><li>ter um passaporte biom\u00e9trico ou electr\u00f3nico v\u00e1lido.<\/li><\/ul>\n\n<p>Como pode ver, se quiser estudar, fazer um est\u00e1gio ou trabalhar no Canad\u00e1, o eTA n\u00e3o pode candidatar-se a si. Ter\u00e1 ent\u00e3o de ir \u00e0 embaixada canadiana e <a href=\"https:\/\/ave-eta-canada.com\/pt-pt\/whv-canada-como-obter-uma-permissao-de-ferias-de-trabalho\/\">solicitar um visto ou PVT<\/a> (isto tamb\u00e9m pode ser feito no consulado).<\/p>\n","protected":false},"excerpt":{"rendered":"<p>Viagem ao Canad\u00e1: verifique o estado da sua candidatura a eTA Todas as viagens para o Canad\u00e1 requerem uma autoriza\u00e7\u00e3o de viagem. Se for uma estadia longa, ter\u00e1 de solicitar um visto. Para uma estadia de menos de 6 meses no Canad\u00e1: Pode completar as formalidades de entrada no Canad\u00e1 directamente atrav\u00e9s da Internet, clicando [&hellip;]<\/p>\n","protected":false},"author":1,"featured_media":0,"parent":0,"menu_order":0,"comment_status":"closed","ping_status":"closed","template":"","meta":{"footnotes":""},"class_list":["post-2655","page","type-page","status-publish","hentry"],"yoast_head":"<!-- This site is optimized with the Yoast SEO plugin v26.9 - https:\/\/yoast.com\/product\/yoast-seo-wordpress\/ -->\n<title>Como verificar o estado da sua candidatura eTA Canad\u00e1?<\/title>\n<meta name=\"description\" content=\"A candidatura a um eTA requer o preenchimento de um formul\u00e1rio online. Depois de o question\u00e1rio ter sido submetido, o governo canadiano atribuir\u00e1 um estatuto \u00e0 sua candidatura a eTA.\" \/>\n<meta name=\"robots\" content=\"index, follow, max-snippet:-1, max-image-preview:large, max-video-preview:-1\" \/>\n<link rel=\"canonical\" href=\"https:\/\/ave-eta-canada.com\/pt-pt\/como-verificar-o-estado-da-sua-candidatura-eta-canada\/\" \/>\n<meta property=\"og:locale\" content=\"pt_PT\" \/>\n<meta property=\"og:type\" content=\"article\" \/>\n<meta property=\"og:title\" content=\"Como verificar o estado da sua candidatura eTA Canad\u00e1?\" \/>\n<meta property=\"og:description\" content=\"A candidatura a um eTA requer o preenchimento de um formul\u00e1rio online. Depois de o question\u00e1rio ter sido submetido, o governo canadiano atribuir\u00e1 um estatuto \u00e0 sua candidatura a eTA.\" \/>\n<meta property=\"og:url\" content=\"https:\/\/ave-eta-canada.com\/pt-pt\/como-verificar-o-estado-da-sua-candidatura-eta-canada\/\" \/>\n<meta property=\"og:site_name\" content=\"VISA CANADA\" \/>\n<meta property=\"article:modified_time\" content=\"2022-09-09T19:32:31+00:00\" \/>\n<meta name=\"twitter:card\" content=\"summary_large_image\" \/>\n<meta name=\"twitter:label1\" content=\"Tempo estimado de leitura\" \/>\n\t<meta name=\"twitter:data1\" content=\"5 minutos\" \/>\n<script type=\"application\/ld+json\" class=\"yoast-schema-graph\">{\"@context\":\"https:\/\/schema.org\",\"@graph\":[{\"@type\":\"WebPage\",\"@id\":\"https:\/\/ave-eta-canada.com\/pt-pt\/como-verificar-o-estado-da-sua-candidatura-eta-canada\/\",\"url\":\"https:\/\/ave-eta-canada.com\/pt-pt\/como-verificar-o-estado-da-sua-candidatura-eta-canada\/\",\"name\":\"Como verificar o estado da sua candidatura eTA Canad\u00e1?\",\"isPartOf\":{\"@id\":\"https:\/\/ave-eta-canada.com\/pt-pt\/#website\"},\"datePublished\":\"2022-09-06T07:59:16+00:00\",\"dateModified\":\"2022-09-09T19:32:31+00:00\",\"description\":\"A candidatura a um eTA requer o preenchimento de um formul\u00e1rio online. Depois de o question\u00e1rio ter sido submetido, o governo canadiano atribuir\u00e1 um estatuto \u00e0 sua candidatura a eTA.\",\"breadcrumb\":{\"@id\":\"https:\/\/ave-eta-canada.com\/pt-pt\/como-verificar-o-estado-da-sua-candidatura-eta-canada\/#breadcrumb\"},\"inLanguage\":\"pt-PT\",\"potentialAction\":[{\"@type\":\"ReadAction\",\"target\":[\"https:\/\/ave-eta-canada.com\/pt-pt\/como-verificar-o-estado-da-sua-candidatura-eta-canada\/\"]}]},{\"@type\":\"BreadcrumbList\",\"@id\":\"https:\/\/ave-eta-canada.com\/pt-pt\/como-verificar-o-estado-da-sua-candidatura-eta-canada\/#breadcrumb\",\"itemListElement\":[{\"@type\":\"ListItem\",\"position\":1,\"name\":\"Home\",\"item\":\"https:\/\/ave-eta-canada.com\/pt-pt\/\"},{\"@type\":\"ListItem\",\"position\":2,\"name\":\"Como verificar o estado da sua candidatura eTA Canad\u00e1?\"}]},{\"@type\":\"WebSite\",\"@id\":\"https:\/\/ave-eta-canada.com\/pt-pt\/#website\",\"url\":\"https:\/\/ave-eta-canada.com\/pt-pt\/\",\"name\":\"VISA CANADA\",\"description\":\"Autorisation Voyage Electronique\",\"potentialAction\":[{\"@type\":\"SearchAction\",\"target\":{\"@type\":\"EntryPoint\",\"urlTemplate\":\"https:\/\/ave-eta-canada.com\/pt-pt\/?s={search_term_string}\"},\"query-input\":{\"@type\":\"PropertyValueSpecification\",\"valueRequired\":true,\"valueName\":\"search_term_string\"}}],\"inLanguage\":\"pt-PT\"}]}<\/script>\n<!-- \/ Yoast SEO plugin. -->","yoast_head_json":{"title":"Como verificar o estado da sua candidatura eTA Canad\u00e1?","description":"A candidatura a um eTA requer o preenchimento de um formul\u00e1rio online. Depois de o question\u00e1rio ter sido submetido, o governo canadiano atribuir\u00e1 um estatuto \u00e0 sua candidatura a eTA.","robots":{"index":"index","follow":"follow","max-snippet":"max-snippet:-1","max-image-preview":"max-image-preview:large","max-video-preview":"max-video-preview:-1"},"canonical":"https:\/\/ave-eta-canada.com\/pt-pt\/como-verificar-o-estado-da-sua-candidatura-eta-canada\/","og_locale":"pt_PT","og_type":"article","og_title":"Como verificar o estado da sua candidatura eTA Canad\u00e1?","og_description":"A candidatura a um eTA requer o preenchimento de um formul\u00e1rio online. Depois de o question\u00e1rio ter sido submetido, o governo canadiano atribuir\u00e1 um estatuto \u00e0 sua candidatura a eTA.","og_url":"https:\/\/ave-eta-canada.com\/pt-pt\/como-verificar-o-estado-da-sua-candidatura-eta-canada\/","og_site_name":"VISA CANADA","article_modified_time":"2022-09-09T19:32:31+00:00","twitter_card":"summary_large_image","twitter_misc":{"Tempo estimado de leitura":"5 minutos"},"schema":{"@context":"https:\/\/schema.org","@graph":[{"@type":"WebPage","@id":"https:\/\/ave-eta-canada.com\/pt-pt\/como-verificar-o-estado-da-sua-candidatura-eta-canada\/","url":"https:\/\/ave-eta-canada.com\/pt-pt\/como-verificar-o-estado-da-sua-candidatura-eta-canada\/","name":"Como verificar o estado da sua candidatura eTA Canad\u00e1?","isPartOf":{"@id":"https:\/\/ave-eta-canada.com\/pt-pt\/#website"},"datePublished":"2022-09-06T07:59:16+00:00","dateModified":"2022-09-09T19:32:31+00:00","description":"A candidatura a um eTA requer o preenchimento de um formul\u00e1rio online. Depois de o question\u00e1rio ter sido submetido, o governo canadiano atribuir\u00e1 um estatuto \u00e0 sua candidatura a eTA.","breadcrumb":{"@id":"https:\/\/ave-eta-canada.com\/pt-pt\/como-verificar-o-estado-da-sua-candidatura-eta-canada\/#breadcrumb"},"inLanguage":"pt-PT","potentialAction":[{"@type":"ReadAction","target":["https:\/\/ave-eta-canada.com\/pt-pt\/como-verificar-o-estado-da-sua-candidatura-eta-canada\/"]}]},{"@type":"BreadcrumbList","@id":"https:\/\/ave-eta-canada.com\/pt-pt\/como-verificar-o-estado-da-sua-candidatura-eta-canada\/#breadcrumb","itemListElement":[{"@type":"ListItem","position":1,"name":"Home","item":"https:\/\/ave-eta-canada.com\/pt-pt\/"},{"@type":"ListItem","position":2,"name":"Como verificar o estado da sua candidatura eTA Canad\u00e1?"}]},{"@type":"WebSite","@id":"https:\/\/ave-eta-canada.com\/pt-pt\/#website","url":"https:\/\/ave-eta-canada.com\/pt-pt\/","name":"VISA CANADA","description":"Autorisation Voyage Electronique","potentialAction":[{"@type":"SearchAction","target":{"@type":"EntryPoint","urlTemplate":"https:\/\/ave-eta-canada.com\/pt-pt\/?s={search_term_string}"},"query-input":{"@type":"PropertyValueSpecification","valueRequired":true,"valueName":"search_term_string"}}],"inLanguage":"pt-PT"}]}},"_links":{"self":[{"href":"https:\/\/ave-eta-canada.com\/pt-pt\/wp-json\/wp\/v2\/pages\/2655","targetHints":{"allow":["GET"]}}],"collection":[{"href":"https:\/\/ave-eta-canada.com\/pt-pt\/wp-json\/wp\/v2\/pages"}],"about":[{"href":"https:\/\/ave-eta-canada.com\/pt-pt\/wp-json\/wp\/v2\/types\/page"}],"author":[{"embeddable":true,"href":"https:\/\/ave-eta-canada.com\/pt-pt\/wp-json\/wp\/v2\/users\/1"}],"replies":[{"embeddable":true,"href":"https:\/\/ave-eta-canada.com\/pt-pt\/wp-json\/wp\/v2\/comments?post=2655"}],"version-history":[{"count":0,"href":"https:\/\/ave-eta-canada.com\/pt-pt\/wp-json\/wp\/v2\/pages\/2655\/revisions"}],"wp:attachment":[{"href":"https:\/\/ave-eta-canada.com\/pt-pt\/wp-json\/wp\/v2\/media?parent=2655"}],"curies":[{"name":"wp","href":"https:\/\/api.w.org\/{rel}","templated":true}]}}