{"id":2669,"date":"2022-09-06T07:59:17","date_gmt":"2022-09-06T07:59:17","guid":{"rendered":"https:\/\/ave-eta-canada.com\/the-x-games-for-the-first-time-in-canada\/"},"modified":"2022-09-10T07:06:20","modified_gmt":"2022-09-10T07:06:20","slug":"x-games-pela-primeira-vez-no-canada","status":"publish","type":"page","link":"https:\/\/ave-eta-canada.com\/pt-pt\/x-games-pela-primeira-vez-no-canada\/","title":{"rendered":"Os X Games no Canad\u00e1"},"content":{"rendered":"\n<h1 class=\"wp-block-heading\">Canad\u00e1 acolhe Jogos X de Inverno durante 3 anos<\/h1>\n\n<p>Se \u00e9 um f\u00e3 de desportos radicais e gosta da atmosfera do festival, os X Games s\u00e3o para si! Organizados e difundidos nos Estados Unidos, os jogos podem agora ser realizados no Canad\u00e1, na cidade de Calgary. Esta \u00e9 uma grande oportunidade para os viajantes que queiram descobrir a terra do xarope de \u00e1cer enquanto aproveitam os X Games, um evento imperd\u00edvel.<\/p>\n\n<h2 class=\"wp-block-heading\">Os concursos obrigat\u00f3rios dos X Games<\/h2>\n\n<p>Os <a href=\"http:\/\/www.xgames.com\/\">X Games<\/a> s\u00e3o uma competi\u00e7\u00e3o anual de v\u00e1rios desportos radicais, transmitidos em 140 pa\u00edses. Apresentados pela primeira vez pelos Estados Unidos como os Jogos X de Ver\u00e3o, a ESPN introduziu mais tarde os Jogos X de Inverno devido ao seu crescente sucesso.<\/p>\n\n<p>Os Winter X Games s\u00e3o um evento a n\u00e3o perder por nenhum snowboarder ou esquiador de estilo livre que se preze a si pr\u00f3prio! Os melhores desportistas do ano s\u00e3o premiados com medalhas de ouro, prata e bronze.<\/p>\n\n<p>Este evento de inverno \u00e9 conhecido mundialmente pelas suas muitas competi\u00e7\u00f5es emocionantes e pela sua atmosfera festiva.<\/p>\n\n<p>Desde 2010, foi criada uma vers\u00e3o X Games Europe (que tamb\u00e9m foi realizada em Fran\u00e7a durante v\u00e1rios anos).<\/p>\n\n<h2 class=\"wp-block-heading\">Um legado tur\u00edstico mais forte<\/h2>\n\n<p>A prov\u00edncia de Alberta garantiu os direitos exclusivos de acolher os primeiros X Games do Canad\u00e1, permitindo a Calgary tornar-se a primeira cidade canadiana a aderir \u00e0 organiza\u00e7\u00e3o dos X Games.<\/p>\n\n<p>De acordo com funcion\u00e1rios provinciais, a cidade tem permiss\u00e3o para acolher os X Games por um m\u00ednimo de tr\u00eas anos consecutivos e espera acolher eventos em 2020, 2021 e 2022.<\/p>\n\n<p>O Ministro da Cultura e Turismo Ricardo Miranda afirmou: &#8220;Estes jogos s\u00e3o um investimento no nosso futuro, tanto no turismo, cultura, desporto, como no desenvolvimento e diversifica\u00e7\u00e3o da nossa economia&#8221;, e ir\u00e3o refor\u00e7ar o legado de Calgary e Alberta como destino de desportos de Inverno.<\/p>\n\n<h3 class=\"wp-block-heading\">A vantagem econ\u00f3mica<\/h3>\n\n<p>Considerado um evento de Inverno obrigat\u00f3rio, os jogos atraem milhares de espectadores todos os anos e apresentam os melhores atletas de desportos radicais do mundo.<\/p>\n\n<p>O Canad\u00e1 estima que os X Games poderiam atrair aproximadamente 75.000 espectadores e 75 milh\u00f5es de d\u00f3lares anuais! Um impacto econ\u00f3mico significativo que &#8220;apoia as viagens e o turismo, o desenvolvimento econ\u00f3mico, empresas spin-off como restaurantes e hot\u00e9is em toda a comunidade&#8221;, diz o Presidente da C\u00e2mara da Cidade de Calgary.<\/p>\n\n<p>Os jogos apresentar\u00e3o um novo p\u00fablico a Calgary e inspirar\u00e3o a pr\u00f3xima gera\u00e7\u00e3o de atletas que ir\u00e3o assistir aos jogos.<\/p>\n\n<p>Embora o<a href=\"https:\/\/www.canada.ca\/\"> governo canadiano<\/a> tenha afectado uma quantia significativa de dinheiro \u00e0 realiza\u00e7\u00e3o do evento mundial (13,5 milh\u00f5es de d\u00f3lares), os funcion\u00e1rios do turismo dizem que os jogos criar\u00e3o cerca de 540 empregos por ano. Uma torre de 14 andares ser\u00e1 constru\u00edda no Parque Stampede para acolher parte dos eventos, enquanto a outra parte ter\u00e1 lugar no Parque Ol\u00edmpico WinSport.<\/p>\n\n<p>Se estiver interessado neste evento desportivo, n\u00e3o espere mais e organize a sua <a href=\"https:\/\/ave-eta-canada.com\/pt-pt\/como-preencher-um-eta-para-o-canada\/\">viagem ao Canad\u00e1<\/a>, n\u00e3o se esque\u00e7a de <a href=\"https:\/\/ave-eta-canada.com\/pt-pt\/fazer-um-oficial-eta-canada-aplicativo\/\">se candidatar a um eTA<\/a>.<\/p>\n","protected":false},"excerpt":{"rendered":"<p>Canad\u00e1 acolhe Jogos X de Inverno durante 3 anos Se \u00e9 um f\u00e3 de desportos radicais e gosta da atmosfera do festival, os X Games s\u00e3o para si! Organizados e difundidos nos Estados Unidos, os jogos podem agora ser realizados no Canad\u00e1, na cidade de Calgary. Esta \u00e9 uma grande oportunidade para os viajantes que [&hellip;]<\/p>\n","protected":false},"author":1,"featured_media":0,"parent":0,"menu_order":0,"comment_status":"closed","ping_status":"closed","template":"","meta":{"footnotes":""},"class_list":["post-2669","page","type-page","status-publish","hentry"],"yoast_head":"<!-- This site is optimized with the Yoast SEO plugin v26.9 - https:\/\/yoast.com\/product\/yoast-seo-wordpress\/ -->\n<title>Os X Games no Canad\u00e1<\/title>\n<meta name=\"description\" content=\"Pela primeira vez, foi concedido ao Canad\u00e1 o direito exclusivo de acolher os Jogos X de Inverno na cidade de Calgary. Est\u00e1 interessado? Est\u00e1 aqui.\" \/>\n<meta name=\"robots\" content=\"index, follow, max-snippet:-1, max-image-preview:large, max-video-preview:-1\" \/>\n<link rel=\"canonical\" href=\"https:\/\/ave-eta-canada.com\/pt-pt\/x-games-pela-primeira-vez-no-canada\/\" \/>\n<meta property=\"og:locale\" content=\"pt_PT\" \/>\n<meta property=\"og:type\" content=\"article\" \/>\n<meta property=\"og:title\" content=\"Os X Games no Canad\u00e1\" \/>\n<meta property=\"og:description\" content=\"Pela primeira vez, foi concedido ao Canad\u00e1 o direito exclusivo de acolher os Jogos X de Inverno na cidade de Calgary. Est\u00e1 interessado? Est\u00e1 aqui.\" \/>\n<meta property=\"og:url\" content=\"https:\/\/ave-eta-canada.com\/pt-pt\/x-games-pela-primeira-vez-no-canada\/\" \/>\n<meta property=\"og:site_name\" content=\"VISA CANADA\" \/>\n<meta property=\"article:modified_time\" content=\"2022-09-10T07:06:20+00:00\" \/>\n<meta name=\"twitter:card\" content=\"summary_large_image\" \/>\n<meta name=\"twitter:label1\" content=\"Tempo estimado de leitura\" \/>\n\t<meta name=\"twitter:data1\" content=\"3 minutos\" \/>\n<script type=\"application\/ld+json\" class=\"yoast-schema-graph\">{\"@context\":\"https:\/\/schema.org\",\"@graph\":[{\"@type\":\"WebPage\",\"@id\":\"https:\/\/ave-eta-canada.com\/pt-pt\/x-games-pela-primeira-vez-no-canada\/\",\"url\":\"https:\/\/ave-eta-canada.com\/pt-pt\/x-games-pela-primeira-vez-no-canada\/\",\"name\":\"Os X Games no Canad\u00e1\",\"isPartOf\":{\"@id\":\"https:\/\/ave-eta-canada.com\/pt-pt\/#website\"},\"datePublished\":\"2022-09-06T07:59:17+00:00\",\"dateModified\":\"2022-09-10T07:06:20+00:00\",\"description\":\"Pela primeira vez, foi concedido ao Canad\u00e1 o direito exclusivo de acolher os Jogos X de Inverno na cidade de Calgary. Est\u00e1 interessado? Est\u00e1 aqui.\",\"breadcrumb\":{\"@id\":\"https:\/\/ave-eta-canada.com\/pt-pt\/x-games-pela-primeira-vez-no-canada\/#breadcrumb\"},\"inLanguage\":\"pt-PT\",\"potentialAction\":[{\"@type\":\"ReadAction\",\"target\":[\"https:\/\/ave-eta-canada.com\/pt-pt\/x-games-pela-primeira-vez-no-canada\/\"]}]},{\"@type\":\"BreadcrumbList\",\"@id\":\"https:\/\/ave-eta-canada.com\/pt-pt\/x-games-pela-primeira-vez-no-canada\/#breadcrumb\",\"itemListElement\":[{\"@type\":\"ListItem\",\"position\":1,\"name\":\"Home\",\"item\":\"https:\/\/ave-eta-canada.com\/pt-pt\/\"},{\"@type\":\"ListItem\",\"position\":2,\"name\":\"Os X Games no Canad\u00e1\"}]},{\"@type\":\"WebSite\",\"@id\":\"https:\/\/ave-eta-canada.com\/pt-pt\/#website\",\"url\":\"https:\/\/ave-eta-canada.com\/pt-pt\/\",\"name\":\"VISA CANADA\",\"description\":\"Autorisation Voyage Electronique\",\"potentialAction\":[{\"@type\":\"SearchAction\",\"target\":{\"@type\":\"EntryPoint\",\"urlTemplate\":\"https:\/\/ave-eta-canada.com\/pt-pt\/?s={search_term_string}\"},\"query-input\":{\"@type\":\"PropertyValueSpecification\",\"valueRequired\":true,\"valueName\":\"search_term_string\"}}],\"inLanguage\":\"pt-PT\"}]}<\/script>\n<!-- \/ Yoast SEO plugin. -->","yoast_head_json":{"title":"Os X Games no Canad\u00e1","description":"Pela primeira vez, foi concedido ao Canad\u00e1 o direito exclusivo de acolher os Jogos X de Inverno na cidade de Calgary. Est\u00e1 interessado? Est\u00e1 aqui.","robots":{"index":"index","follow":"follow","max-snippet":"max-snippet:-1","max-image-preview":"max-image-preview:large","max-video-preview":"max-video-preview:-1"},"canonical":"https:\/\/ave-eta-canada.com\/pt-pt\/x-games-pela-primeira-vez-no-canada\/","og_locale":"pt_PT","og_type":"article","og_title":"Os X Games no Canad\u00e1","og_description":"Pela primeira vez, foi concedido ao Canad\u00e1 o direito exclusivo de acolher os Jogos X de Inverno na cidade de Calgary. Est\u00e1 interessado? Est\u00e1 aqui.","og_url":"https:\/\/ave-eta-canada.com\/pt-pt\/x-games-pela-primeira-vez-no-canada\/","og_site_name":"VISA CANADA","article_modified_time":"2022-09-10T07:06:20+00:00","twitter_card":"summary_large_image","twitter_misc":{"Tempo estimado de leitura":"3 minutos"},"schema":{"@context":"https:\/\/schema.org","@graph":[{"@type":"WebPage","@id":"https:\/\/ave-eta-canada.com\/pt-pt\/x-games-pela-primeira-vez-no-canada\/","url":"https:\/\/ave-eta-canada.com\/pt-pt\/x-games-pela-primeira-vez-no-canada\/","name":"Os X Games no Canad\u00e1","isPartOf":{"@id":"https:\/\/ave-eta-canada.com\/pt-pt\/#website"},"datePublished":"2022-09-06T07:59:17+00:00","dateModified":"2022-09-10T07:06:20+00:00","description":"Pela primeira vez, foi concedido ao Canad\u00e1 o direito exclusivo de acolher os Jogos X de Inverno na cidade de Calgary. Est\u00e1 interessado? Est\u00e1 aqui.","breadcrumb":{"@id":"https:\/\/ave-eta-canada.com\/pt-pt\/x-games-pela-primeira-vez-no-canada\/#breadcrumb"},"inLanguage":"pt-PT","potentialAction":[{"@type":"ReadAction","target":["https:\/\/ave-eta-canada.com\/pt-pt\/x-games-pela-primeira-vez-no-canada\/"]}]},{"@type":"BreadcrumbList","@id":"https:\/\/ave-eta-canada.com\/pt-pt\/x-games-pela-primeira-vez-no-canada\/#breadcrumb","itemListElement":[{"@type":"ListItem","position":1,"name":"Home","item":"https:\/\/ave-eta-canada.com\/pt-pt\/"},{"@type":"ListItem","position":2,"name":"Os X Games no Canad\u00e1"}]},{"@type":"WebSite","@id":"https:\/\/ave-eta-canada.com\/pt-pt\/#website","url":"https:\/\/ave-eta-canada.com\/pt-pt\/","name":"VISA CANADA","description":"Autorisation Voyage Electronique","potentialAction":[{"@type":"SearchAction","target":{"@type":"EntryPoint","urlTemplate":"https:\/\/ave-eta-canada.com\/pt-pt\/?s={search_term_string}"},"query-input":{"@type":"PropertyValueSpecification","valueRequired":true,"valueName":"search_term_string"}}],"inLanguage":"pt-PT"}]}},"_links":{"self":[{"href":"https:\/\/ave-eta-canada.com\/pt-pt\/wp-json\/wp\/v2\/pages\/2669","targetHints":{"allow":["GET"]}}],"collection":[{"href":"https:\/\/ave-eta-canada.com\/pt-pt\/wp-json\/wp\/v2\/pages"}],"about":[{"href":"https:\/\/ave-eta-canada.com\/pt-pt\/wp-json\/wp\/v2\/types\/page"}],"author":[{"embeddable":true,"href":"https:\/\/ave-eta-canada.com\/pt-pt\/wp-json\/wp\/v2\/users\/1"}],"replies":[{"embeddable":true,"href":"https:\/\/ave-eta-canada.com\/pt-pt\/wp-json\/wp\/v2\/comments?post=2669"}],"version-history":[{"count":0,"href":"https:\/\/ave-eta-canada.com\/pt-pt\/wp-json\/wp\/v2\/pages\/2669\/revisions"}],"wp:attachment":[{"href":"https:\/\/ave-eta-canada.com\/pt-pt\/wp-json\/wp\/v2\/media?parent=2669"}],"curies":[{"name":"wp","href":"https:\/\/api.w.org\/{rel}","templated":true}]}}