{"id":2674,"date":"2022-09-06T07:59:17","date_gmt":"2022-09-06T07:59:17","guid":{"rendered":"https:\/\/ave-eta-canada.com\/what-is-the-wash-day-in-canada\/"},"modified":"2022-09-09T19:13:43","modified_gmt":"2022-09-09T19:13:43","slug":"quanto-tempo-demora-obtencao-eta-canada","status":"publish","type":"page","link":"https:\/\/ave-eta-canada.com\/pt-pt\/quanto-tempo-demora-obtencao-eta-canada\/","title":{"rendered":"Quanto tempo demora a obten\u00e7\u00e3o de um eTA no Canad\u00e1?"},"content":{"rendered":"\n<h1 class=\"wp-block-heading\">Quanto tempo demora a obten\u00e7\u00e3o de um eTA Canad\u00e1?<\/h1>\n\n<p>H\u00e1 j\u00e1 v\u00e1rios anos que cidad\u00e3os de certos pa\u00edses t\u00eam direito a viajar sem visto para o Canad\u00e1. A isen\u00e7\u00e3o de visto n\u00e3o isenta os viajantes de obterem uma autoriza\u00e7\u00e3o electr\u00f3nica de viagem.  <\/p>\n\n<p><strong>Para uma estadia de menos de 6 meses no Canad\u00e1<\/strong>: Pode completar as formalidades de entrada no Canad\u00e1 directamente atrav\u00e9s da Internet, clicando no <a href=\"https:\/\/ave-eta-canada.com\/pt-pt\/formulario-eta-canada\/\">formul\u00e1rio em linha<\/a>. N\u00e3o \u00e9 necess\u00e1rio marcar uma entrevista na embaixada ou consulado canadiano. Esta autoriza\u00e7\u00e3o de viagem \u00e9 chamada eTA (Electronic Travel Authorization in english), que s\u00e3o as l\u00ednguas oficiais do Canad\u00e1.<\/p>\n\n<p>Quanto tempo demora a obten\u00e7\u00e3o de uma Autoriza\u00e7\u00e3o de Viagem e quanto tempo antes da estadia no Canad\u00e1 se deve candidatar-se a ela? Qual \u00e9 o seu per\u00edodo de validade? Estas s\u00e3o algumas das quest\u00f5es que respondemos abaixo.<br\/><\/p>\n\n<h2 class=\"wp-block-heading\">Os princ\u00edpios do eTA<\/h2>\n\n<p>O eTA, permite aos nacionais de certos pa\u00edses visitar o Canad\u00e1 sem requerer um visto canadiano. N\u00e3o ter de ir \u00e0 embaixada canadiana para um pedido de visto \u00e9 uma poupan\u00e7a de tempo consider\u00e1vel, para n\u00e3o falar de uma poupan\u00e7a de custos significativa. O governo canadiano introduziu uma autoriza\u00e7\u00e3o de viagem, semelhante \u00e0 ESTA estabelecida pelos Estados Unidos, para as estadias tempor\u00e1rias mais populares que requerem apenas um r\u00e1pido controlo de identidade: tr\u00e2nsito atrav\u00e9s de um aeroporto canadiano, estadias tur\u00edsticas e viagens de neg\u00f3cios (sem pagamento no local).<\/p>\n\n<p>Para ser autorizado a viajar para o Canad\u00e1 com um eTA, o viajante deve cumprir certos <a href=\"https:\/\/ave-eta-canada.com\/pt-pt\/tudo-sobre-condicoes-para-viajar-no-canada\/\">requisitos de elegibilidade<\/a>. Como mencionado acima, o primeiro crit\u00e9rio imposto \u00e9 a ades\u00e3o ao Programa de Isen\u00e7\u00e3o de Vistos. A natureza da viagem ao Canad\u00e1 deve tamb\u00e9m ser reconhecida (escala, turismo e neg\u00f3cios). A estadia em quest\u00e3o n\u00e3o deve exceder 6 meses e deve ser por via a\u00e9rea. \u00c9 evidente que a viagem n\u00e3o pode ter lugar sem um passaporte v\u00e1lido emitido por um dos pa\u00edses signat\u00e1rios. O governo canadiano n\u00e3o exige que os cidad\u00e3os portugues tenham um passaporte biom\u00e9trico, o passaporte electr\u00f3nico \u00e9 aceite. Conselhos de viagem: \u00c9 prefer\u00edvel que o passaporte tenha uma validade superior a 6 meses.  <br\/><br\/><\/p>\n\n<h2 class=\"wp-block-heading\">Quanto tempo demora a obten\u00e7\u00e3o do eTA Canad\u00e1?<\/h2>\n\n<p>Se for eleg\u00edvel, deve <a href=\"https:\/\/ave-eta-canada.com\/pt-pt\/como-preencher-um-eta-para-o-canada\/\">preencher o eTA<\/a> com as suas informa\u00e7\u00f5es pessoais. Uma vez que o seu ficheiro tenha sido enviado \u00e0s autoridades canadianas, n\u00e3o ter\u00e1 de esperar muito. Receber\u00e1 normalmente uma resposta por e-mail dentro de alguns minutos. Pode demorar alguns dias se o servi\u00e7o de imigra\u00e7\u00e3o canadiano necessitar de mais informa\u00e7\u00f5es suas.<\/p>\n\n<p>Certifique-se de que fornece um endere\u00e7o de correio electr\u00f3nico v\u00e1lido, pois \u00e9 assim que o seu <a href=\"https:\/\/ave-eta-canada.com\/pt-pt\/como-verificar-o-estado-da-sua-candidatura-eta-canada\/\">estado eTA<\/a> lhe ser\u00e1 comunicado.<br\/><br\/><\/p>\n\n<h2 class=\"wp-block-heading\">Quando solicitar uma eTA para um prazo de entrega r\u00e1pido?<\/h2>\n\n<p>Embora o preenchimento do formul\u00e1rio e a obten\u00e7\u00e3o da <a href=\"https:\/\/ave-eta-canada.com\/pt-pt\/o-que-e-eta-canada\/\">eTA Canada<\/a> seja ainda muito r\u00e1pido, para responder \u00e0 pergunta &#8220;quando solicitar um eTA?&#8221; \u00e9 fortemente aconselhado prosseguir com a ordem da autoriza\u00e7\u00e3o assim que planear passar umas f\u00e9rias no Canad\u00e1. Desta forma, se cometer um erro, ter\u00e1 tempo para se recuperar.<\/p>\n\n<p>Dependendo do motivo de recusa, pode tentar de novo a sua sorte (erro de entrada) ou pedir um visto nos servi\u00e7os consulares da embaixada do Canad\u00e1 (inadmissibilidade). O tempo necess\u00e1rio varia ent\u00e3o muito, uma vez que o pedido de visto canadiano \u00e9 muito mais longo do que o pedido de eTA online.<\/p>\n\n<p>N\u00e3o tente obter o eTA no local. Esta autoriza\u00e7\u00e3o deve ser obtida antes do embarque em voos internacionais.<\/p>\n\n<p>\u00c9 de notar que a candidatura a eTA pode ser feita a partir do s\u00edtio web oficial do governo canadiano ou atrav\u00e9s de um intermedi\u00e1rio especializado, como o nosso parceiro. A vantagem de uma plataforma privada \u00e9 que lhe \u00e9 oferecida assist\u00eancia com este processo. O tempo necess\u00e1rio para receber a eTA permanece o mesmo de um local para outro. Do mesmo modo, as candidaturas de grupo, ou seja, para todos os membros da fam\u00edlia ao mesmo tempo, por exemplo, n\u00e3o s\u00e3o actualmente poss\u00edveis. Cada candidatura a um eTA deve ser feita individualmente.<br\/><br\/><\/p>\n\n<h2 class=\"wp-block-heading\">Durante quanto tempo \u00e9 v\u00e1lido o eTA?<\/h2>\n\n<p>Este documento electr\u00f3nico <a href=\"https:\/\/ave-eta-canada.com\/pt-pt\/eta-canada-valida-duracao\/\">eTA \u00e9 v\u00e1lido por cinco anos<\/a>, o que lhe permite fazer muitas viagens agrad\u00e1veis ao Canad\u00e1: Vancouver, Toronto, Ottawa, Quebec, etc. A escolha \u00e9 sua. Poder\u00e1 viajar para as diferentes prov\u00edncias e realizar uma multiplicidade de actividades oferecidas por este pa\u00eds dentro do prazo concedido pelo eTA Canad\u00e1.<\/p>\n\n<p>\u00c9 favor notar que a sua autoriza\u00e7\u00e3o eTA est\u00e1 ligada ao seu passaporte. Isto significa que se o seu documento de identidade expirar ou se o seu passaporte for perdido, o eTA perde a sua validade. Ter\u00e1 de solicitar uma nova eTA para visitar o Canad\u00e1, o que lhe dar\u00e1 mais cinco anos. Do mesmo modo, a validade do passaporte franc\u00eas, por outro lado, determina a validade do eTA: se o passaporte utilizado para o pedido expirar em menos de 5 anos, a data de expira\u00e7\u00e3o do AVE coincide com a data de expira\u00e7\u00e3o do passaporte.<br\/><br\/><\/p>\n\n<h2 class=\"wp-block-heading\">Quanto tempo se pode partir com um eTA?<\/h2>\n\n<p>Se tiver recebido a sua autoriza\u00e7\u00e3o eTA, \u00e9 eleg\u00edvel para permanecer no Canad\u00e1 durante 6 meses. Durante toda a validade do documento eTA, tem direito a viajar para o Canad\u00e1 v\u00e1rias vezes, mas deve respeitar um m\u00e1ximo de 6 meses para cada viagem.<\/p>\n\n<p>No entanto, n\u00e3o corra riscos e n\u00e3o exceda o limite de tempo estabelecido pelo eTA Canad\u00e1, uma vez que isto pode causar-lhe problemas. O mesmo se aplica \u00e0 natureza da viagem ao Canad\u00e1: o eTA n\u00e3o lhe permite<a href=\"https:\/\/ave-eta-canada.com\/pt-pt\/canada-governo-que-quer-mais-estudantes-e-fornecedores\/\">estudar numa universidade canadiana<\/a>, fazer um est\u00e1gio, ou trabalhar no Canad\u00e1. A expatria\u00e7\u00e3o e a imigra\u00e7\u00e3o para o Canad\u00e1 tamb\u00e9m n\u00e3o s\u00e3o, naturalmente, poss\u00edveis. Por estas raz\u00f5es de viagem, \u00e9 necess\u00e1rio solicitar um visto tur\u00edstico, uma autoriza\u00e7\u00e3o de trabalho, um PVT (Permis Vacances Travail) ou uma resid\u00eancia permanente. Convidamo-lo a visitar o website do governo para mais informa\u00e7\u00f5es sobre este assunto e a lista de documentos necess\u00e1rios.  <\/p>\n\n<p>Por \u00faltimo, o eTA n\u00e3o \u00e9 o \u00fanico documento de viagem a ser apresentado. Os funcion\u00e1rios da Imigra\u00e7\u00e3o do Canad\u00e1 ir\u00e3o pedir para ver o seu passaporte, um bilhete para deixar o pa\u00eds sob a forma de bilhete de regresso ou um bilhete para o destino final ao passar pela alf\u00e2ndega. Outros documentos podem ser necess\u00e1rios dependendo da situa\u00e7\u00e3o, especialmente quando se viaja com crian\u00e7as menores. Note que o funcion\u00e1rio da imigra\u00e7\u00e3o n\u00e3o lhe pedir\u00e1 o eTA, uma vez que est\u00e1 ligado electronicamente ao seu n\u00famero de passaporte. <\/p>\n","protected":false},"excerpt":{"rendered":"<p>Quanto tempo demora a obten\u00e7\u00e3o de um eTA Canad\u00e1? H\u00e1 j\u00e1 v\u00e1rios anos que cidad\u00e3os de certos pa\u00edses t\u00eam direito a viajar sem visto para o Canad\u00e1. A isen\u00e7\u00e3o de visto n\u00e3o isenta os viajantes de obterem uma autoriza\u00e7\u00e3o electr\u00f3nica de viagem. Para uma estadia de menos de 6 meses no Canad\u00e1: Pode completar as [&hellip;]<\/p>\n","protected":false},"author":1,"featured_media":0,"parent":0,"menu_order":0,"comment_status":"closed","ping_status":"closed","template":"","meta":{"footnotes":""},"class_list":["post-2674","page","type-page","status-publish","hentry"],"yoast_head":"<!-- This site is optimized with the Yoast SEO plugin v26.9 - https:\/\/yoast.com\/product\/yoast-seo-wordpress\/ -->\n<title>Quanto tempo demora a obten\u00e7\u00e3o de um eTA no Canad\u00e1?<\/title>\n<meta name=\"description\" content=\"Quer visitar o Canad\u00e1 e quer saber quanto tempo levar\u00e1 para receber o eTA para organizar a sua estadia? A nossa resposta aqui!\" \/>\n<meta name=\"robots\" content=\"index, follow, max-snippet:-1, max-image-preview:large, max-video-preview:-1\" \/>\n<link rel=\"canonical\" href=\"https:\/\/ave-eta-canada.com\/pt-pt\/quanto-tempo-demora-obtencao-eta-canada\/\" \/>\n<meta property=\"og:locale\" content=\"pt_PT\" \/>\n<meta property=\"og:type\" content=\"article\" \/>\n<meta property=\"og:title\" content=\"Quanto tempo demora a obten\u00e7\u00e3o de um eTA no Canad\u00e1?\" \/>\n<meta property=\"og:description\" content=\"Quer visitar o Canad\u00e1 e quer saber quanto tempo levar\u00e1 para receber o eTA para organizar a sua estadia? A nossa resposta aqui!\" \/>\n<meta property=\"og:url\" content=\"https:\/\/ave-eta-canada.com\/pt-pt\/quanto-tempo-demora-obtencao-eta-canada\/\" \/>\n<meta property=\"og:site_name\" content=\"VISA CANADA\" \/>\n<meta property=\"article:modified_time\" content=\"2022-09-09T19:13:43+00:00\" \/>\n<meta name=\"twitter:card\" content=\"summary_large_image\" \/>\n<meta name=\"twitter:label1\" content=\"Tempo estimado de leitura\" \/>\n\t<meta name=\"twitter:data1\" content=\"6 minutos\" \/>\n<script type=\"application\/ld+json\" class=\"yoast-schema-graph\">{\"@context\":\"https:\/\/schema.org\",\"@graph\":[{\"@type\":\"WebPage\",\"@id\":\"https:\/\/ave-eta-canada.com\/pt-pt\/quanto-tempo-demora-obtencao-eta-canada\/\",\"url\":\"https:\/\/ave-eta-canada.com\/pt-pt\/quanto-tempo-demora-obtencao-eta-canada\/\",\"name\":\"Quanto tempo demora a obten\u00e7\u00e3o de um eTA no Canad\u00e1?\",\"isPartOf\":{\"@id\":\"https:\/\/ave-eta-canada.com\/pt-pt\/#website\"},\"datePublished\":\"2022-09-06T07:59:17+00:00\",\"dateModified\":\"2022-09-09T19:13:43+00:00\",\"description\":\"Quer visitar o Canad\u00e1 e quer saber quanto tempo levar\u00e1 para receber o eTA para organizar a sua estadia? A nossa resposta aqui!\",\"breadcrumb\":{\"@id\":\"https:\/\/ave-eta-canada.com\/pt-pt\/quanto-tempo-demora-obtencao-eta-canada\/#breadcrumb\"},\"inLanguage\":\"pt-PT\",\"potentialAction\":[{\"@type\":\"ReadAction\",\"target\":[\"https:\/\/ave-eta-canada.com\/pt-pt\/quanto-tempo-demora-obtencao-eta-canada\/\"]}]},{\"@type\":\"BreadcrumbList\",\"@id\":\"https:\/\/ave-eta-canada.com\/pt-pt\/quanto-tempo-demora-obtencao-eta-canada\/#breadcrumb\",\"itemListElement\":[{\"@type\":\"ListItem\",\"position\":1,\"name\":\"Home\",\"item\":\"https:\/\/ave-eta-canada.com\/pt-pt\/\"},{\"@type\":\"ListItem\",\"position\":2,\"name\":\"Quanto tempo demora a obten\u00e7\u00e3o de um eTA no Canad\u00e1?\"}]},{\"@type\":\"WebSite\",\"@id\":\"https:\/\/ave-eta-canada.com\/pt-pt\/#website\",\"url\":\"https:\/\/ave-eta-canada.com\/pt-pt\/\",\"name\":\"VISA CANADA\",\"description\":\"Autorisation Voyage Electronique\",\"potentialAction\":[{\"@type\":\"SearchAction\",\"target\":{\"@type\":\"EntryPoint\",\"urlTemplate\":\"https:\/\/ave-eta-canada.com\/pt-pt\/?s={search_term_string}\"},\"query-input\":{\"@type\":\"PropertyValueSpecification\",\"valueRequired\":true,\"valueName\":\"search_term_string\"}}],\"inLanguage\":\"pt-PT\"}]}<\/script>\n<!-- \/ Yoast SEO plugin. -->","yoast_head_json":{"title":"Quanto tempo demora a obten\u00e7\u00e3o de um eTA no Canad\u00e1?","description":"Quer visitar o Canad\u00e1 e quer saber quanto tempo levar\u00e1 para receber o eTA para organizar a sua estadia? A nossa resposta aqui!","robots":{"index":"index","follow":"follow","max-snippet":"max-snippet:-1","max-image-preview":"max-image-preview:large","max-video-preview":"max-video-preview:-1"},"canonical":"https:\/\/ave-eta-canada.com\/pt-pt\/quanto-tempo-demora-obtencao-eta-canada\/","og_locale":"pt_PT","og_type":"article","og_title":"Quanto tempo demora a obten\u00e7\u00e3o de um eTA no Canad\u00e1?","og_description":"Quer visitar o Canad\u00e1 e quer saber quanto tempo levar\u00e1 para receber o eTA para organizar a sua estadia? A nossa resposta aqui!","og_url":"https:\/\/ave-eta-canada.com\/pt-pt\/quanto-tempo-demora-obtencao-eta-canada\/","og_site_name":"VISA CANADA","article_modified_time":"2022-09-09T19:13:43+00:00","twitter_card":"summary_large_image","twitter_misc":{"Tempo estimado de leitura":"6 minutos"},"schema":{"@context":"https:\/\/schema.org","@graph":[{"@type":"WebPage","@id":"https:\/\/ave-eta-canada.com\/pt-pt\/quanto-tempo-demora-obtencao-eta-canada\/","url":"https:\/\/ave-eta-canada.com\/pt-pt\/quanto-tempo-demora-obtencao-eta-canada\/","name":"Quanto tempo demora a obten\u00e7\u00e3o de um eTA no Canad\u00e1?","isPartOf":{"@id":"https:\/\/ave-eta-canada.com\/pt-pt\/#website"},"datePublished":"2022-09-06T07:59:17+00:00","dateModified":"2022-09-09T19:13:43+00:00","description":"Quer visitar o Canad\u00e1 e quer saber quanto tempo levar\u00e1 para receber o eTA para organizar a sua estadia? A nossa resposta aqui!","breadcrumb":{"@id":"https:\/\/ave-eta-canada.com\/pt-pt\/quanto-tempo-demora-obtencao-eta-canada\/#breadcrumb"},"inLanguage":"pt-PT","potentialAction":[{"@type":"ReadAction","target":["https:\/\/ave-eta-canada.com\/pt-pt\/quanto-tempo-demora-obtencao-eta-canada\/"]}]},{"@type":"BreadcrumbList","@id":"https:\/\/ave-eta-canada.com\/pt-pt\/quanto-tempo-demora-obtencao-eta-canada\/#breadcrumb","itemListElement":[{"@type":"ListItem","position":1,"name":"Home","item":"https:\/\/ave-eta-canada.com\/pt-pt\/"},{"@type":"ListItem","position":2,"name":"Quanto tempo demora a obten\u00e7\u00e3o de um eTA no Canad\u00e1?"}]},{"@type":"WebSite","@id":"https:\/\/ave-eta-canada.com\/pt-pt\/#website","url":"https:\/\/ave-eta-canada.com\/pt-pt\/","name":"VISA CANADA","description":"Autorisation Voyage Electronique","potentialAction":[{"@type":"SearchAction","target":{"@type":"EntryPoint","urlTemplate":"https:\/\/ave-eta-canada.com\/pt-pt\/?s={search_term_string}"},"query-input":{"@type":"PropertyValueSpecification","valueRequired":true,"valueName":"search_term_string"}}],"inLanguage":"pt-PT"}]}},"_links":{"self":[{"href":"https:\/\/ave-eta-canada.com\/pt-pt\/wp-json\/wp\/v2\/pages\/2674","targetHints":{"allow":["GET"]}}],"collection":[{"href":"https:\/\/ave-eta-canada.com\/pt-pt\/wp-json\/wp\/v2\/pages"}],"about":[{"href":"https:\/\/ave-eta-canada.com\/pt-pt\/wp-json\/wp\/v2\/types\/page"}],"author":[{"embeddable":true,"href":"https:\/\/ave-eta-canada.com\/pt-pt\/wp-json\/wp\/v2\/users\/1"}],"replies":[{"embeddable":true,"href":"https:\/\/ave-eta-canada.com\/pt-pt\/wp-json\/wp\/v2\/comments?post=2674"}],"version-history":[{"count":0,"href":"https:\/\/ave-eta-canada.com\/pt-pt\/wp-json\/wp\/v2\/pages\/2674\/revisions"}],"wp:attachment":[{"href":"https:\/\/ave-eta-canada.com\/pt-pt\/wp-json\/wp\/v2\/media?parent=2674"}],"curies":[{"name":"wp","href":"https:\/\/api.w.org\/{rel}","templated":true}]}}