{"id":2682,"date":"2022-09-06T07:59:17","date_gmt":"2022-09-06T07:59:17","guid":{"rendered":"https:\/\/ave-eta-canada.com\/o-que-fazer-se-houver-um-problema-no-terreno\/"},"modified":"2022-09-09T13:48:11","modified_gmt":"2022-09-09T13:48:11","slug":"o-que-fazer-em-caso-de-erro-na-eta-canada","status":"publish","type":"page","link":"https:\/\/ave-eta-canada.com\/pt-pt\/o-que-fazer-em-caso-de-erro-na-eta-canada\/","title":{"rendered":"O que fazer se houver um erro no eTA Canad\u00e1?"},"content":{"rendered":"\n<h1 class=\"wp-block-heading\">Erro no eTA Canad\u00e1: o que fazer?<\/h1>\n\n<p>Para viajar para o Canad\u00e1, o governo canadiano exige que os cidad\u00e3os estrangeiros solicitem uma eTA (Electronic Travel Authorization). Para obter esta autoriza\u00e7\u00e3o para permanecer no Canad\u00e1, basta preencher o <a href=\"https:\/\/ave-eta-canada.com\/pt-pt\/formulario-eta-canada\/\">formul\u00e1rio online<\/a>.  <\/p>\n\n<p>N\u00e3o \u00e9 necess\u00e1rio dirigir-se \u00e0 embaixada canadiana para solicitar um visto canadiano. Embora as formalidades do eTA sejam muito mais simples, o processo exige um certo rigor. Se cometer um erro, o seu eTA Canad\u00e1 pode ser recusado.<\/p>\n\n<p>O <a href=\"https:\/\/ave-eta-canada.com\/pt-pt\/\">formul\u00e1rio eTA<\/a> segue o mesmo princ\u00edpio que o formul\u00e1rio ESTA criado pelas autoridades americanas para viajar para os Estados Unidos. Assume a forma de um question\u00e1rio em linha que pede v\u00e1rios tipos de informa\u00e7\u00e3o, incluindo informa\u00e7\u00f5es de identidade e passaporte. Os dados introduzidos devem corresponder exactamente aos dados constantes do passaporte. Um \u00fanico erro no eTA Canad\u00e1 \u00e9 suficiente para cancelar a sua candidatura.<\/p>\n\n<p>Vejamos o procedimento a seguir se tiver cometido um erro ao solicitar a autoriza\u00e7\u00e3o de perman\u00eancia no Canad\u00e1.<br\/><br\/><\/p>\n\n<h2 class=\"wp-block-heading\">Erro no eTA Canad\u00e1: antes ou depois do envio do pedido?<\/h2>\n\n<p>Como lembrete, o eTA Canad\u00e1 destina-se a cidad\u00e3os de pa\u00edses que s\u00e3o membros do Programa Canadiano de Isen\u00e7\u00e3o de Vistos. \u00c9 emitido no contexto de uma estadia tur\u00edstica, de um tr\u00e2nsito ou de uma viagem de neg\u00f3cios de menos de seis meses por via a\u00e9rea. Ao contr\u00e1rio de um visto, a obten\u00e7\u00e3o de um eTA \u00e9 feita \u00e0 dist\u00e2ncia e requer apenas um passaporte v\u00e1lido.<\/p>\n\n<p>A ag\u00eancia que gere a emiss\u00e3o do eTA Canad\u00e1, IRCC (Immigration, Refugees and Citizenship Canada), tem o cuidado de verificar cuidadosamente as informa\u00e7\u00f5es fornecidas na aplica\u00e7\u00e3o online. Como tal, se os sistemas inform\u00e1ticos descobrirem que o candidato deu informa\u00e7\u00f5es falsas ou cometeu um erro no seu eTA Canad\u00e1 ao entrar no <a href=\"https:\/\/ave-eta-canada.com\/pt-pt\/preencher-o-formulario-eta-canada\/\">formul\u00e1rio eTA<\/a>, a candidatura ser\u00e1 muito provavelmente cancelada.<\/p>\n\n<h3 class=\"wp-block-heading\">Erro antes do pagamento em linha<\/h3>\n\n<p>Quer solicite uma Autoriza\u00e7\u00e3o de Residente Tempor\u00e1rio no website do governo canadiano ou num website privado, tem sempre a possibilidade de modificar as suas informa\u00e7\u00f5es e corrigir quaisquer erros no eTA Canad\u00e1 antes do pagamento e valida\u00e7\u00e3o do pedido.<\/p>\n\n<p>Contudo, se se aperceber que cometeu um erro ap\u00f3s ter pago a sua candidatura, as formalidades s\u00e3o diferentes.<\/p>\n\n<h3 class=\"wp-block-heading\">Erro ap\u00f3s o envio da aplica\u00e7\u00e3o eTA<\/h3>\n\n<p>Se notou um erro no seu eTA Canad\u00e1 depois de ter apresentado a sua candidatura, infelizmente \u00e9 demasiado tarde. De facto, se a supervis\u00e3o disser respeito ao n\u00famero ou nome do seu passaporte, por exemplo, n\u00e3o poder\u00e1 <a href=\"https:\/\/ave-eta-canada.com\/pt-pt\/hur-man-andrar-ett-eta-resetillstand-for-kanada\/\">alterar o eTA<\/a> ap\u00f3s o pagamento e apresenta\u00e7\u00e3o do pedido.<\/p>\n\n<p>A \u00fanica solu\u00e7\u00e3o poss\u00edvel \u00e9 solicitar uma nova autoriza\u00e7\u00e3o de viagem ao Canad\u00e1, quer no website oficial do governo canadiano, quer no website do nosso parceiro.<\/p>\n\n<p>H\u00e1 uma taxa para reaplica\u00e7\u00e3o. Depois de enviar o novo pedido, ter\u00e1 de pagar, mais uma vez, a taxa administrativa para a obten\u00e7\u00e3o do eTA.<\/p>\n\n<p>Note, no entanto, que mesmo ap\u00f3s o envio, tem a possibilidade de alterar algumas das informa\u00e7\u00f5es sobre a sua autoriza\u00e7\u00e3o de viagem (endere\u00e7o electr\u00f3nico e n\u00famero de telefone). Para <a href=\"https:\/\/ave-eta-canada.com\/pt-pt\/recuperando-um-eta-canada-perdido\/\">recuperar o seu eTA<\/a> e alter\u00e1-lo, basta-lhe o n\u00famero de ficheiro que recebeu quando se registou online.<br\/><br\/><\/p>\n\n<h2 class=\"wp-block-heading\">Prevenir erros na sua aplica\u00e7\u00e3o eTA Canad\u00e1<\/h2>\n\n<p>Ao preencher o formul\u00e1rio eTA online, \u00e9 aconselh\u00e1vel verificar cuidadosamente as informa\u00e7\u00f5es fornecidas. \u00c9 favor notar que a maioria dos erros na aplica\u00e7\u00e3o do eTA Canad\u00e1 est\u00e3o relacionados com o n\u00famero biom\u00e9trico ou e-passaporte. Para introduzir este n\u00famero correctamente, aqui est\u00e3o algumas dicas:<\/p>\n\n<ul class=\"wp-block-list\"><li>A maioria dos n\u00fameros de passaporte t\u00eam 9 caracteres. Por isso, certifique-se de que o n\u00famero que digita n\u00e3o \u00e9 mais longo ou mais curto;<\/li><li>O n\u00famero do passaporte \u00e9 uma sequ\u00eancia alfanum\u00e9rica, por isso tenha cuidado para n\u00e3o confundir o n\u00famero 0 com a letra O e o n\u00famero 1 com a letra I;<\/li><li>Certificar-se de n\u00e3o introduzir quaisquer outros caracteres, tais como tra\u00e7os ou sinais de pontua\u00e7\u00e3o.<\/li><\/ul>\n\n<p>Al\u00e9m disso, alguns erros na aplica\u00e7\u00e3o eTA Canad\u00e1 devem-se a uma escolha errada do c\u00f3digo do pa\u00eds emissor do passaporte. De facto, cada Estado tem um c\u00f3digo de identifica\u00e7\u00e3o. Se for cidad\u00e3o portugu\u00eas, certifique-se de escolher o c\u00f3digo &#8220;POR&#8221;.<\/p>\n\n<p>Se quiser maximizar as suas hip\u00f3teses de obter um eTA, pode ser \u00fatil solicit\u00e1-lo atrav\u00e9s de um website privado, tal como o do nosso parceiro. De facto, estas plataformas s\u00e3o constitu\u00eddas por peritos que ter\u00e3o o cuidado de verificar o seu ficheiro e corrigir quaisquer erros, se necess\u00e1rio.<\/p>\n\n<h3 class=\"wp-block-heading\">Recusa ap\u00f3s correc\u00e7\u00e3o de erros no eTA Canad\u00e1<\/h3>\n\n<p>Se, mesmo depois de corrigir os seus erros no pedido do eTA Canad\u00e1, o governo se recusar a conceder-lhe autoriza\u00e7\u00e3o para viajar para o Canad\u00e1, significa que provavelmente n\u00e3o preenche uma das <a href=\"https:\/\/ave-eta-canada.com\/pt-pt\/tudo-sobre-condicoes-para-viajar-no-canada\/\">condi\u00e7\u00f5es exigidas para ser eleg\u00edvel para o eTA<\/a>.<\/p>\n\n<p>Antes de mais, verifique se tem um passaporte v\u00e1lido. Se for este o caso, deve solicitar um novo passaporte.<\/p>\n\n<p>Se est\u00e1 a planear fazer um est\u00e1gio, estudar ou trabalhar no Canad\u00e1, deve saber que o eTA n\u00e3o se aplica a estes casos. Para tal, deve dirigir-se \u00e0 embaixada (ou consulado) canadiana e solicitar um visto.<\/p>\n\n<p>Note que se j\u00e1 tiver um visto canadiano ou cart\u00e3o de residente permanente, o documento do eTA n\u00e3o ser\u00e1 \u00fatil.<\/p>\n","protected":false},"excerpt":{"rendered":"<p>Erro no eTA Canad\u00e1: o que fazer? Para viajar para o Canad\u00e1, o governo canadiano exige que os cidad\u00e3os estrangeiros solicitem uma eTA (Electronic Travel Authorization). Para obter esta autoriza\u00e7\u00e3o para permanecer no Canad\u00e1, basta preencher o formul\u00e1rio online. N\u00e3o \u00e9 necess\u00e1rio dirigir-se \u00e0 embaixada canadiana para solicitar um visto canadiano. Embora as formalidades do [&hellip;]<\/p>\n","protected":false},"author":1,"featured_media":0,"parent":0,"menu_order":0,"comment_status":"closed","ping_status":"closed","template":"","meta":{"footnotes":""},"class_list":["post-2682","page","type-page","status-publish","hentry"],"yoast_head":"<!-- This site is optimized with the Yoast SEO plugin v26.9 - https:\/\/yoast.com\/product\/yoast-seo-wordpress\/ -->\n<title>O que fazer se houver um erro no eTA Canad\u00e1?<\/title>\n<meta name=\"description\" content=\"O eTA Canad\u00e1 \u00e9 um documento essencial para viajar para o Canad\u00e1. Se houver algum erro no pedido em linha, a autoriza\u00e7\u00e3o pode ser inv\u00e1lida.\" \/>\n<meta name=\"robots\" content=\"index, follow, max-snippet:-1, max-image-preview:large, max-video-preview:-1\" \/>\n<link rel=\"canonical\" href=\"https:\/\/ave-eta-canada.com\/pt-pt\/o-que-fazer-em-caso-de-erro-na-eta-canada\/\" \/>\n<meta property=\"og:locale\" content=\"pt_PT\" \/>\n<meta property=\"og:type\" content=\"article\" \/>\n<meta property=\"og:title\" content=\"O que fazer se houver um erro no eTA Canad\u00e1?\" \/>\n<meta property=\"og:description\" content=\"O eTA Canad\u00e1 \u00e9 um documento essencial para viajar para o Canad\u00e1. Se houver algum erro no pedido em linha, a autoriza\u00e7\u00e3o pode ser inv\u00e1lida.\" \/>\n<meta property=\"og:url\" content=\"https:\/\/ave-eta-canada.com\/pt-pt\/o-que-fazer-em-caso-de-erro-na-eta-canada\/\" \/>\n<meta property=\"og:site_name\" content=\"VISA CANADA\" \/>\n<meta property=\"article:modified_time\" content=\"2022-09-09T13:48:11+00:00\" \/>\n<meta name=\"twitter:card\" content=\"summary_large_image\" \/>\n<meta name=\"twitter:label1\" content=\"Tempo estimado de leitura\" \/>\n\t<meta name=\"twitter:data1\" content=\"5 minutos\" \/>\n<script type=\"application\/ld+json\" class=\"yoast-schema-graph\">{\"@context\":\"https:\/\/schema.org\",\"@graph\":[{\"@type\":\"WebPage\",\"@id\":\"https:\/\/ave-eta-canada.com\/pt-pt\/o-que-fazer-em-caso-de-erro-na-eta-canada\/\",\"url\":\"https:\/\/ave-eta-canada.com\/pt-pt\/o-que-fazer-em-caso-de-erro-na-eta-canada\/\",\"name\":\"O que fazer se houver um erro no eTA Canad\u00e1?\",\"isPartOf\":{\"@id\":\"https:\/\/ave-eta-canada.com\/pt-pt\/#website\"},\"datePublished\":\"2022-09-06T07:59:17+00:00\",\"dateModified\":\"2022-09-09T13:48:11+00:00\",\"description\":\"O eTA Canad\u00e1 \u00e9 um documento essencial para viajar para o Canad\u00e1. Se houver algum erro no pedido em linha, a autoriza\u00e7\u00e3o pode ser inv\u00e1lida.\",\"breadcrumb\":{\"@id\":\"https:\/\/ave-eta-canada.com\/pt-pt\/o-que-fazer-em-caso-de-erro-na-eta-canada\/#breadcrumb\"},\"inLanguage\":\"pt-PT\",\"potentialAction\":[{\"@type\":\"ReadAction\",\"target\":[\"https:\/\/ave-eta-canada.com\/pt-pt\/o-que-fazer-em-caso-de-erro-na-eta-canada\/\"]}]},{\"@type\":\"BreadcrumbList\",\"@id\":\"https:\/\/ave-eta-canada.com\/pt-pt\/o-que-fazer-em-caso-de-erro-na-eta-canada\/#breadcrumb\",\"itemListElement\":[{\"@type\":\"ListItem\",\"position\":1,\"name\":\"Home\",\"item\":\"https:\/\/ave-eta-canada.com\/pt-pt\/\"},{\"@type\":\"ListItem\",\"position\":2,\"name\":\"O que fazer se houver um erro no eTA Canad\u00e1?\"}]},{\"@type\":\"WebSite\",\"@id\":\"https:\/\/ave-eta-canada.com\/pt-pt\/#website\",\"url\":\"https:\/\/ave-eta-canada.com\/pt-pt\/\",\"name\":\"VISA CANADA\",\"description\":\"Autorisation Voyage Electronique\",\"potentialAction\":[{\"@type\":\"SearchAction\",\"target\":{\"@type\":\"EntryPoint\",\"urlTemplate\":\"https:\/\/ave-eta-canada.com\/pt-pt\/?s={search_term_string}\"},\"query-input\":{\"@type\":\"PropertyValueSpecification\",\"valueRequired\":true,\"valueName\":\"search_term_string\"}}],\"inLanguage\":\"pt-PT\"}]}<\/script>\n<!-- \/ Yoast SEO plugin. -->","yoast_head_json":{"title":"O que fazer se houver um erro no eTA Canad\u00e1?","description":"O eTA Canad\u00e1 \u00e9 um documento essencial para viajar para o Canad\u00e1. Se houver algum erro no pedido em linha, a autoriza\u00e7\u00e3o pode ser inv\u00e1lida.","robots":{"index":"index","follow":"follow","max-snippet":"max-snippet:-1","max-image-preview":"max-image-preview:large","max-video-preview":"max-video-preview:-1"},"canonical":"https:\/\/ave-eta-canada.com\/pt-pt\/o-que-fazer-em-caso-de-erro-na-eta-canada\/","og_locale":"pt_PT","og_type":"article","og_title":"O que fazer se houver um erro no eTA Canad\u00e1?","og_description":"O eTA Canad\u00e1 \u00e9 um documento essencial para viajar para o Canad\u00e1. Se houver algum erro no pedido em linha, a autoriza\u00e7\u00e3o pode ser inv\u00e1lida.","og_url":"https:\/\/ave-eta-canada.com\/pt-pt\/o-que-fazer-em-caso-de-erro-na-eta-canada\/","og_site_name":"VISA CANADA","article_modified_time":"2022-09-09T13:48:11+00:00","twitter_card":"summary_large_image","twitter_misc":{"Tempo estimado de leitura":"5 minutos"},"schema":{"@context":"https:\/\/schema.org","@graph":[{"@type":"WebPage","@id":"https:\/\/ave-eta-canada.com\/pt-pt\/o-que-fazer-em-caso-de-erro-na-eta-canada\/","url":"https:\/\/ave-eta-canada.com\/pt-pt\/o-que-fazer-em-caso-de-erro-na-eta-canada\/","name":"O que fazer se houver um erro no eTA Canad\u00e1?","isPartOf":{"@id":"https:\/\/ave-eta-canada.com\/pt-pt\/#website"},"datePublished":"2022-09-06T07:59:17+00:00","dateModified":"2022-09-09T13:48:11+00:00","description":"O eTA Canad\u00e1 \u00e9 um documento essencial para viajar para o Canad\u00e1. Se houver algum erro no pedido em linha, a autoriza\u00e7\u00e3o pode ser inv\u00e1lida.","breadcrumb":{"@id":"https:\/\/ave-eta-canada.com\/pt-pt\/o-que-fazer-em-caso-de-erro-na-eta-canada\/#breadcrumb"},"inLanguage":"pt-PT","potentialAction":[{"@type":"ReadAction","target":["https:\/\/ave-eta-canada.com\/pt-pt\/o-que-fazer-em-caso-de-erro-na-eta-canada\/"]}]},{"@type":"BreadcrumbList","@id":"https:\/\/ave-eta-canada.com\/pt-pt\/o-que-fazer-em-caso-de-erro-na-eta-canada\/#breadcrumb","itemListElement":[{"@type":"ListItem","position":1,"name":"Home","item":"https:\/\/ave-eta-canada.com\/pt-pt\/"},{"@type":"ListItem","position":2,"name":"O que fazer se houver um erro no eTA Canad\u00e1?"}]},{"@type":"WebSite","@id":"https:\/\/ave-eta-canada.com\/pt-pt\/#website","url":"https:\/\/ave-eta-canada.com\/pt-pt\/","name":"VISA CANADA","description":"Autorisation Voyage Electronique","potentialAction":[{"@type":"SearchAction","target":{"@type":"EntryPoint","urlTemplate":"https:\/\/ave-eta-canada.com\/pt-pt\/?s={search_term_string}"},"query-input":{"@type":"PropertyValueSpecification","valueRequired":true,"valueName":"search_term_string"}}],"inLanguage":"pt-PT"}]}},"_links":{"self":[{"href":"https:\/\/ave-eta-canada.com\/pt-pt\/wp-json\/wp\/v2\/pages\/2682","targetHints":{"allow":["GET"]}}],"collection":[{"href":"https:\/\/ave-eta-canada.com\/pt-pt\/wp-json\/wp\/v2\/pages"}],"about":[{"href":"https:\/\/ave-eta-canada.com\/pt-pt\/wp-json\/wp\/v2\/types\/page"}],"author":[{"embeddable":true,"href":"https:\/\/ave-eta-canada.com\/pt-pt\/wp-json\/wp\/v2\/users\/1"}],"replies":[{"embeddable":true,"href":"https:\/\/ave-eta-canada.com\/pt-pt\/wp-json\/wp\/v2\/comments?post=2682"}],"version-history":[{"count":0,"href":"https:\/\/ave-eta-canada.com\/pt-pt\/wp-json\/wp\/v2\/pages\/2682\/revisions"}],"wp:attachment":[{"href":"https:\/\/ave-eta-canada.com\/pt-pt\/wp-json\/wp\/v2\/media?parent=2682"}],"curies":[{"name":"wp","href":"https:\/\/api.w.org\/{rel}","templated":true}]}}