{"id":2690,"date":"2022-09-06T07:59:18","date_gmt":"2022-09-06T07:59:18","guid":{"rendered":"https:\/\/ave-eta-canada.com\/visa-ou-ave-canada\/"},"modified":"2022-09-09T20:21:55","modified_gmt":"2022-09-09T20:21:55","slug":"visto-ou-eta-canada","status":"publish","type":"page","link":"https:\/\/ave-eta-canada.com\/pt-pt\/visto-ou-eta-canada\/","title":{"rendered":"Visto ou eTA Canad\u00e1?"},"content":{"rendered":"\n<h1 class=\"wp-block-heading\">Preciso de solicitar um visto do Canad\u00e1 ou um eTA?<\/h1>\n\n<p>Preciso de solicitar um visto canadiano ou um eTA quando viajo para o Canad\u00e1? Escolher a autoriza\u00e7\u00e3o de viagem certa \u00e9 um passo importante na prepara\u00e7\u00e3o da sua viagem ao Canad\u00e1, pois determinar\u00e1 se pode ou n\u00e3o entrar no Canad\u00e1.<\/p>\n\n<p><strong>Para uma estadia de menos de 6 meses no Canad\u00e1<\/strong>: Pode completar as formalidades de entrada no Canad\u00e1 directamente atrav\u00e9s da Internet, clicando no <a href=\"https:\/\/ave-eta-canada.com\/pt-pt\/formulario-eta-canada\/\">formul\u00e1rio em linha<\/a>. N\u00e3o \u00e9 necess\u00e1rio marcar uma entrevista na embaixada ou consulado canadiano.<\/p>\n\n<p>Entre o passaporte v\u00e1lido a adquirir, o seguro de viagem a encomendar, o alojamento e o transporte, h\u00e1 bastantes medidas administrativas a tomar antes de partir. Neste artigo, faremos a distin\u00e7\u00e3o entre os requisitos para um visto canadiano e o eTA Canad\u00e1, a fim de determinar qual o documento mais apropriado para a sua estadia.<br\/><\/p>\n\n<h2 class=\"wp-block-heading\">Pedido de eTA ou pedido de visto?<\/h2>\n\n<p>Antes de <a href=\"https:\/\/ave-eta-canada.com\/pt-pt\/voce-precisa-de-um-visto-para-ir-para-o-canada\/\">solicitar um visto ou um eTA Canad\u00e1<\/a>, \u00e9 melhor saber mais sobre o assunto.<\/p>\n\n<h3 class=\"wp-block-heading\">Apresenta\u00e7\u00e3o do eTA<\/h3>\n\n<p>O visto do Canad\u00e1 \u00e9 uma autoriza\u00e7\u00e3o de viagem electr\u00f3nica que pode ser obtida para pessoas eleg\u00edveis que desejem visitar o Canad\u00e1 para turismo, neg\u00f3cios (sem remunera\u00e7\u00e3o) ou tr\u00e2nsito por um per\u00edodo m\u00e1ximo de seis meses. O eTA Canad\u00e1 s\u00f3 \u00e9 exigido para viagens a\u00e9reas e \u00e9 <a href=\"https:\/\/ave-eta-canada.com\/pt-pt\/eta-canada-valida-duracao\/\">v\u00e1lido por um per\u00edodo m\u00e1ximo de 5 anos<\/a>.<\/p>\n\n<p>O <a href=\"https:\/\/ave-eta-canada.com\/pt-pt\/\">eTA Canad\u00e1<\/a> \u00e9 um documento apenas on line. Para se candidatar, \u00e9 necess\u00e1rio preencher o formul\u00e1rio no website do governo ou atrav\u00e9s de uma empresa privada que far\u00e1 a papelada por si, e verificar todos os dados introduzidos para reduzir o risco de a eTA candidatura ser recusada. O eTA est\u00e1 directamente ligado ao seu passaporte, ou seja, se receber um novo passaporte, ter\u00e1 de solicitar um novo eTA Canad\u00e1.<\/p>\n\n<h3 class=\"wp-block-heading\">Apresenta\u00e7\u00e3o do visto do Canad\u00e1<\/h3>\n\n<p>Para aqueles que desejam estudar no Canad\u00e1, trabalhar ou fazer um est\u00e1gio, ser\u00e1 necess\u00e1rio solicitar um visto canadiano. O pedido de visto \u00e9 feito na Embaixada do Canad\u00e1 e depende da natureza da estadia:<\/p>\n\n<ul class=\"wp-block-list\"><li>visto de visitante (ou turista) ;<\/li><li>visto de estudante ;<\/li><li>licen\u00e7a de trabalho ;<\/li><li>autoriza\u00e7\u00e3o de resid\u00eancia tempor\u00e1ria ;<\/li><li><a href=\"https:\/\/ave-eta-canada.com\/pt-pt\/whv-canada-como-obter-uma-permissao-de-ferias-de-trabalho\/\">licen\u00e7a de trabalho de f\u00e9rias ou WHP<\/a><\/li><\/ul>\n\n<p>\u00c9 portanto poss\u00edvel trabalhar ou estudar no Canad\u00e1 com um visto. Contudo, estes tipos de vistos n\u00e3o s\u00e3o f\u00e1ceis de obter e a sua candidatura deve ser bem preparada (oferta de emprego para trabalho no Canad\u00e1, carta de inscri\u00e7\u00e3o e aceita\u00e7\u00e3o escolar, etc.).<\/p>\n\n<p>O visto de visitante substitui o eTA para os nacionais de pa\u00edses que n\u00e3o t\u00eam direito a este \u00faltimo. mas tamb\u00e9m para alguns cidad\u00e3os que desejam viajar por terra ou mar para o Canad\u00e1. Note que se desejar viajar para o Canad\u00e1 por via terrestre, n\u00e3o necessita de solicitar um visto de visitante ou um pedido de eTA se for cidad\u00e3o de um pa\u00eds da UE.<\/p>\n\n<p>Existe tamb\u00e9m um visto de residente permanente, mas \u00e9 dif\u00edcil de obter, uma vez que o governo canadiano filtra e aceita apenas perfis que considera interessantes.<br\/><br\/><\/p>\n\n<h2 class=\"wp-block-heading\">Pagamento de um eTA Canad\u00e1 ou pedido de visto<\/h2>\n\n<p>Pedir um visto ou um AVE Canad\u00e1 n\u00e3o \u00e9 gratuito. O <a href=\"https:\/\/ave-eta-canada.com\/pt-pt\/preco-eta-canada\/\">pre\u00e7o de um eTA Canad\u00e1<\/a> \u00e9 fixado em 7$ CAN, um visto custa entre 100 e 150 $ CAN.<\/p>\n\n<p>Tem agora todas as informa\u00e7\u00f5es necess\u00e1rias para saber se deve solicitar um visto ou um eTA Canad\u00e1. Ent\u00e3o, acha que precisa de um visto canadiano ou de um eTA? Est\u00e1 pronto para visitar a terra do caribu e do xarope de bordo?<\/p>\n","protected":false},"excerpt":{"rendered":"<p>Preciso de solicitar um visto do Canad\u00e1 ou um eTA? Preciso de solicitar um visto canadiano ou um eTA quando viajo para o Canad\u00e1? Escolher a autoriza\u00e7\u00e3o de viagem certa \u00e9 um passo importante na prepara\u00e7\u00e3o da sua viagem ao Canad\u00e1, pois determinar\u00e1 se pode ou n\u00e3o entrar no Canad\u00e1. Para uma estadia de menos [&hellip;]<\/p>\n","protected":false},"author":1,"featured_media":0,"parent":0,"menu_order":0,"comment_status":"closed","ping_status":"closed","template":"","meta":{"footnotes":""},"class_list":["post-2690","page","type-page","status-publish","hentry"],"yoast_head":"<!-- This site is optimized with the Yoast SEO plugin v26.9 - https:\/\/yoast.com\/product\/yoast-seo-wordpress\/ -->\n<title>Visto ou eTA Canad\u00e1?<\/title>\n<meta name=\"description\" content=\"Se planeia visitar o Canad\u00e1 num futuro pr\u00f3ximo, necessitar\u00e1 de uma licen\u00e7a de entrada. Ent\u00e3o, visto ou eTA Canad\u00e1?\" \/>\n<meta name=\"robots\" content=\"index, follow, max-snippet:-1, max-image-preview:large, max-video-preview:-1\" \/>\n<link rel=\"canonical\" href=\"https:\/\/ave-eta-canada.com\/pt-pt\/visto-ou-eta-canada\/\" \/>\n<meta property=\"og:locale\" content=\"pt_PT\" \/>\n<meta property=\"og:type\" content=\"article\" \/>\n<meta property=\"og:title\" content=\"Visto ou eTA Canad\u00e1?\" \/>\n<meta property=\"og:description\" content=\"Se planeia visitar o Canad\u00e1 num futuro pr\u00f3ximo, necessitar\u00e1 de uma licen\u00e7a de entrada. Ent\u00e3o, visto ou eTA Canad\u00e1?\" \/>\n<meta property=\"og:url\" content=\"https:\/\/ave-eta-canada.com\/pt-pt\/visto-ou-eta-canada\/\" \/>\n<meta property=\"og:site_name\" content=\"VISA CANADA\" \/>\n<meta property=\"article:modified_time\" content=\"2022-09-09T20:21:55+00:00\" \/>\n<meta name=\"twitter:card\" content=\"summary_large_image\" \/>\n<meta name=\"twitter:label1\" content=\"Tempo estimado de leitura\" \/>\n\t<meta name=\"twitter:data1\" content=\"3 minutos\" \/>\n<script type=\"application\/ld+json\" class=\"yoast-schema-graph\">{\"@context\":\"https:\/\/schema.org\",\"@graph\":[{\"@type\":\"WebPage\",\"@id\":\"https:\/\/ave-eta-canada.com\/pt-pt\/visto-ou-eta-canada\/\",\"url\":\"https:\/\/ave-eta-canada.com\/pt-pt\/visto-ou-eta-canada\/\",\"name\":\"Visto ou eTA Canad\u00e1?\",\"isPartOf\":{\"@id\":\"https:\/\/ave-eta-canada.com\/pt-pt\/#website\"},\"datePublished\":\"2022-09-06T07:59:18+00:00\",\"dateModified\":\"2022-09-09T20:21:55+00:00\",\"description\":\"Se planeia visitar o Canad\u00e1 num futuro pr\u00f3ximo, necessitar\u00e1 de uma licen\u00e7a de entrada. Ent\u00e3o, visto ou eTA Canad\u00e1?\",\"breadcrumb\":{\"@id\":\"https:\/\/ave-eta-canada.com\/pt-pt\/visto-ou-eta-canada\/#breadcrumb\"},\"inLanguage\":\"pt-PT\",\"potentialAction\":[{\"@type\":\"ReadAction\",\"target\":[\"https:\/\/ave-eta-canada.com\/pt-pt\/visto-ou-eta-canada\/\"]}]},{\"@type\":\"BreadcrumbList\",\"@id\":\"https:\/\/ave-eta-canada.com\/pt-pt\/visto-ou-eta-canada\/#breadcrumb\",\"itemListElement\":[{\"@type\":\"ListItem\",\"position\":1,\"name\":\"Home\",\"item\":\"https:\/\/ave-eta-canada.com\/pt-pt\/\"},{\"@type\":\"ListItem\",\"position\":2,\"name\":\"Visto ou eTA Canad\u00e1?\"}]},{\"@type\":\"WebSite\",\"@id\":\"https:\/\/ave-eta-canada.com\/pt-pt\/#website\",\"url\":\"https:\/\/ave-eta-canada.com\/pt-pt\/\",\"name\":\"VISA CANADA\",\"description\":\"Autorisation Voyage Electronique\",\"potentialAction\":[{\"@type\":\"SearchAction\",\"target\":{\"@type\":\"EntryPoint\",\"urlTemplate\":\"https:\/\/ave-eta-canada.com\/pt-pt\/?s={search_term_string}\"},\"query-input\":{\"@type\":\"PropertyValueSpecification\",\"valueRequired\":true,\"valueName\":\"search_term_string\"}}],\"inLanguage\":\"pt-PT\"}]}<\/script>\n<!-- \/ Yoast SEO plugin. -->","yoast_head_json":{"title":"Visto ou eTA Canad\u00e1?","description":"Se planeia visitar o Canad\u00e1 num futuro pr\u00f3ximo, necessitar\u00e1 de uma licen\u00e7a de entrada. Ent\u00e3o, visto ou eTA Canad\u00e1?","robots":{"index":"index","follow":"follow","max-snippet":"max-snippet:-1","max-image-preview":"max-image-preview:large","max-video-preview":"max-video-preview:-1"},"canonical":"https:\/\/ave-eta-canada.com\/pt-pt\/visto-ou-eta-canada\/","og_locale":"pt_PT","og_type":"article","og_title":"Visto ou eTA Canad\u00e1?","og_description":"Se planeia visitar o Canad\u00e1 num futuro pr\u00f3ximo, necessitar\u00e1 de uma licen\u00e7a de entrada. Ent\u00e3o, visto ou eTA Canad\u00e1?","og_url":"https:\/\/ave-eta-canada.com\/pt-pt\/visto-ou-eta-canada\/","og_site_name":"VISA CANADA","article_modified_time":"2022-09-09T20:21:55+00:00","twitter_card":"summary_large_image","twitter_misc":{"Tempo estimado de leitura":"3 minutos"},"schema":{"@context":"https:\/\/schema.org","@graph":[{"@type":"WebPage","@id":"https:\/\/ave-eta-canada.com\/pt-pt\/visto-ou-eta-canada\/","url":"https:\/\/ave-eta-canada.com\/pt-pt\/visto-ou-eta-canada\/","name":"Visto ou eTA Canad\u00e1?","isPartOf":{"@id":"https:\/\/ave-eta-canada.com\/pt-pt\/#website"},"datePublished":"2022-09-06T07:59:18+00:00","dateModified":"2022-09-09T20:21:55+00:00","description":"Se planeia visitar o Canad\u00e1 num futuro pr\u00f3ximo, necessitar\u00e1 de uma licen\u00e7a de entrada. Ent\u00e3o, visto ou eTA Canad\u00e1?","breadcrumb":{"@id":"https:\/\/ave-eta-canada.com\/pt-pt\/visto-ou-eta-canada\/#breadcrumb"},"inLanguage":"pt-PT","potentialAction":[{"@type":"ReadAction","target":["https:\/\/ave-eta-canada.com\/pt-pt\/visto-ou-eta-canada\/"]}]},{"@type":"BreadcrumbList","@id":"https:\/\/ave-eta-canada.com\/pt-pt\/visto-ou-eta-canada\/#breadcrumb","itemListElement":[{"@type":"ListItem","position":1,"name":"Home","item":"https:\/\/ave-eta-canada.com\/pt-pt\/"},{"@type":"ListItem","position":2,"name":"Visto ou eTA Canad\u00e1?"}]},{"@type":"WebSite","@id":"https:\/\/ave-eta-canada.com\/pt-pt\/#website","url":"https:\/\/ave-eta-canada.com\/pt-pt\/","name":"VISA CANADA","description":"Autorisation Voyage Electronique","potentialAction":[{"@type":"SearchAction","target":{"@type":"EntryPoint","urlTemplate":"https:\/\/ave-eta-canada.com\/pt-pt\/?s={search_term_string}"},"query-input":{"@type":"PropertyValueSpecification","valueRequired":true,"valueName":"search_term_string"}}],"inLanguage":"pt-PT"}]}},"_links":{"self":[{"href":"https:\/\/ave-eta-canada.com\/pt-pt\/wp-json\/wp\/v2\/pages\/2690","targetHints":{"allow":["GET"]}}],"collection":[{"href":"https:\/\/ave-eta-canada.com\/pt-pt\/wp-json\/wp\/v2\/pages"}],"about":[{"href":"https:\/\/ave-eta-canada.com\/pt-pt\/wp-json\/wp\/v2\/types\/page"}],"author":[{"embeddable":true,"href":"https:\/\/ave-eta-canada.com\/pt-pt\/wp-json\/wp\/v2\/users\/1"}],"replies":[{"embeddable":true,"href":"https:\/\/ave-eta-canada.com\/pt-pt\/wp-json\/wp\/v2\/comments?post=2690"}],"version-history":[{"count":0,"href":"https:\/\/ave-eta-canada.com\/pt-pt\/wp-json\/wp\/v2\/pages\/2690\/revisions"}],"wp:attachment":[{"href":"https:\/\/ave-eta-canada.com\/pt-pt\/wp-json\/wp\/v2\/media?parent=2690"}],"curies":[{"name":"wp","href":"https:\/\/api.w.org\/{rel}","templated":true}]}}