{"id":2694,"date":"2022-09-06T07:59:18","date_gmt":"2022-09-06T07:59:18","guid":{"rendered":"https:\/\/ave-eta-canada.com\/o-que-fazer-em-caso-de-perda-do-numero-com-o-canada\/"},"modified":"2022-09-09T20:01:13","modified_gmt":"2022-09-09T20:01:13","slug":"o-que-fazer-em-caso-de-perda-do-numero-eta-canada","status":"publish","type":"page","link":"https:\/\/ave-eta-canada.com\/pt-pt\/o-que-fazer-em-caso-de-perda-do-numero-eta-canada\/","title":{"rendered":"O que fazer se perder o seu n\u00famero eTA Canad\u00e1?"},"content":{"rendered":"\n<h1 class=\"wp-block-heading\">N\u00famero eTA perdido: o que fazer?<\/h1>\n\n<p>A Autoriza\u00e7\u00e3o Electr\u00f3nica de Viagem eTA \u00e9 um documento que lhe permite viajar para o Canad\u00e1 por at\u00e9 6 meses para turismo ou neg\u00f3cios. <strong>Para obter esta autoriza\u00e7\u00e3o de viagem, deve preencher o<\/strong> <a href=\"https:\/\/ave-eta-canada.com\/pt-pt\/formulario-eta-canada\/\">formul\u00e1rio online<\/a>. Isto ser\u00e1 ent\u00e3o enviado \u00e0s autoridades canadianas para determinar a elegibilidade da sua candidatura. Se a sua candidatura eTA for aprovada, receber\u00e1 um n\u00famero eTA por correio electr\u00f3nico. Mas qual \u00e9 a finalidade deste n\u00famero e o que pode fazer se j\u00e1 n\u00e3o o consegue encontrar? Respondemos a todas as suas perguntas neste artigo.<br\/><\/p>\n\n<h2 class=\"wp-block-heading\">Quando \u00e9 transmitido o n\u00famero eTA?<\/h2>\n\n<p>Qualquer candidatura a um eTA para viajar para o Canad\u00e1 requer uma candidatura online. Este documento de viagem n\u00e3o est\u00e1 dispon\u00edvel para todos. Para garantir que preenche os <a href=\"https:\/\/ave-eta-canada.com\/pt-pt\/tudo-sobre-condicoes-para-viajar-no-canada\/\">requisitos de elegibilidade <\/a>do Programa de Isen\u00e7\u00e3o de Vistos, o Governo do Canad\u00e1 exige que preencha um question\u00e1rio em linha.<\/p>\n\n<p>As respostas \u00e0s perguntas do formul\u00e1rio determinar\u00e3o, portanto, o <a href=\"https:\/\/ave-eta-canada.com\/pt-pt\/como-verificar-o-estado-da-sua-candidatura-eta-canada\/\">estado da sua candidatura eTA<\/a>. Se o governo canadiano aprovar o seu pedido de autoriza\u00e7\u00e3o de resid\u00eancia, ser\u00e1 informado atrav\u00e9s de um correio electr\u00f3nico resumido com o n\u00famero eTA. Este n\u00famero de identifica\u00e7\u00e3o \u00e9 \u00fanico e est\u00e1 directamente associado ao passaporte com o qual o pedido foi apresentado.<\/p>\n\n<p>O n\u00famero eTA permite-lhe consultar o seu ficheiro para verificar se o seu certificado de resid\u00eancia no Canad\u00e1 ainda \u00e9 v\u00e1lido. Para garantir que <a href=\"https:\/\/ave-eta-canada.com\/pt-pt\/validado-do-eta-canada\/\">ainda tem um VE v\u00e1lido<\/a>, o governo canadiano fornece um instrumento para os cidad\u00e3os estrangeiros verificarem o estatuto do seu eTA. Para o utilizar, s\u00f3 precisa do seguinte:<\/p>\n\n<ul class=\"wp-block-list\"><li>N\u00famero de candidatura eTA ;<\/li><li>n\u00famero de passaporte;<\/li><li>pa\u00eds de emiss\u00e3o do documento de identidade ;<\/li><li>data de emiss\u00e3o e expira\u00e7\u00e3o do passaporte.<\/li><\/ul>\n\n<p>Note que se j\u00e1 tem um <a href=\"https:\/\/ave-eta-canada.com\/pt-pt\/whv-canada-como-obter-uma-permissao-de-ferias-de-trabalho\/\">WHP Canad\u00e1<\/a> (Working Holiday Program), n\u00e3o precisa de se candidatar a um eTA. Este \u00e9 tamb\u00e9m o caso se tiver um cart\u00e3o de residente permanente.<br\/><br\/><\/p>\n\n<h2 class=\"wp-block-heading\">Como encontrar o seu n\u00famero eTA?<\/h2>\n\n<p>Como mencionado acima, a admiss\u00e3o eTA resulta necessariamente na gera\u00e7\u00e3o de um n\u00famero eTA. Deve saber que este identificador \u00e9 comunicado atrav\u00e9s do endere\u00e7o de correio electr\u00f3nico que lhe foi dado quando preencheu o question\u00e1rio. Se tiver mais do que um endere\u00e7o de e-mail, n\u00e3o se esque\u00e7a de procurar no que corresponde \u00e0 sua candidatura eTA. Al\u00e9m disso, o e-mail que informa sobre o n\u00famero eTA pode acabar na pasta de spam, pelo que \u00e9 aconselh\u00e1vel verificar tamb\u00e9m esta parte.<\/p>\n\n<p>Se n\u00e3o tiver recebido um aviso de recep\u00e7\u00e3o dentro de 72 horas ap\u00f3s a sua candidatura, dever\u00e1 preencher um formul\u00e1rio no website oficial do governo canadiano. O seu pedido ser\u00e1 processado dentro de alguns dias. Escusado ser\u00e1 dizer que, para o fazer, precisa de ter a certeza de ter dado o endere\u00e7o correcto e de ter verificado o seu spam.<br\/><br\/><\/p>\n\n<h2 class=\"wp-block-heading\">Perda do n\u00famero do eTA Canad\u00e1: \u00e9 grave?<\/h2>\n\n<p>Se, ap\u00f3s uma busca exaustiva, ainda n\u00e3o encontrar o e-mail IRCC (Immigration, Refugees and Citizenship Canada), garantimos-lhe que isto n\u00e3o afecta necessariamente a sua viagem ao Canad\u00e1. De facto, o eTA \u00e9 uma autoriza\u00e7\u00e3o electr\u00f3nica, n\u00e3o existe uma vers\u00e3o oficial em papel. Quando a sua candidatura \u00e9 aprovada, o eTA \u00e9 ligado electronicamente ao seu passaporte ePassport ou biom\u00e9trico. Como resultado, o pessoal das companhias a\u00e9reas e a Canadian Border Services Agency poder\u00e3o aceder ao seu eTA por via electr\u00f3nica, simplesmente digitalizando o seu passaporte. N\u00e3o h\u00e1 necessidade de lhes dar o seu n\u00famero eTA Canad\u00e1. <\/p>\n\n<p>A validade de um AVE \u00e9 de 5 anos, portanto, se se candidatou recentemente mas <a href=\"https:\/\/ave-eta-canada.com\/pt-pt\/recuperando-um-eta-canada-perdido\/\">perdeu o seu n\u00famero eTA<\/a> Canad\u00e1, isto n\u00e3o \u00e9 um problema. Por favor, certifique-se de que o seu passaporte \u00e9 v\u00e1lido durante toda a sua estadia. Neste caso, o seu eTA expirar\u00e1 no dia em que o seu documento de identidade expirar. O pr\u00f3ximo passo ser\u00e1 encomendar um novo passaporte biom\u00e9trico \u00e0 sua C\u00e2mara Municipal local e, em seguida, reaplicar em linha.<\/p>\n\n<h3 class=\"wp-block-heading\">Voltar a solicitar outro n\u00famero eTA<\/h3>\n\n<p>No entanto, se a sua candidatura remonta a v\u00e1rios anos atr\u00e1s, mas j\u00e1 n\u00e3o se lembra da data exacta de emiss\u00e3o, aconselhamo-lo simplesmente a solicitar de novo um eTA. Seria uma pena planear a sua viagem em grande detalhe apenas para lhe ser negado o acesso ao aeroporto devido a um eTA desactualizado.<\/p>\n\n<p>Para voltar a candidatar-se, pode dirigir-se ao site oficial do governo canadiano ou ao nosso site parceiro. Ao escolher esta segunda op\u00e7\u00e3o, ir\u00e1 beneficiar de apoio personalizado na obten\u00e7\u00e3o do seu eTA. Se perder o seu n\u00famero eTA Canad\u00e1 ap\u00f3s encomendar a sua licen\u00e7a atrav\u00e9s do nosso site parceiro, o e-mail de confirma\u00e7\u00e3o \u00e9 guardado na sua \u00e1rea de cliente. Se precisar de ajuda, o nosso servi\u00e7o ao cliente tamb\u00e9m est\u00e1 \u00e0 sua disposi\u00e7\u00e3o.<\/p>\n\n<p>Embora uma nova candidatura incorra em taxas eTA, ainda \u00e9 uma vantagem sobre um visto canadiano ou <a href=\"https:\/\/ave-eta-canada.com\/pt-pt\/whv-canada-como-obter-uma-permissao-de-ferias-de-trabalho\/\">WHP (Working Holiday Program)<\/a>, que custa cerca de 100 d\u00f3lares canadianos.<\/p>\n\n<p>Note que se ap\u00f3s a sua estadia no Canad\u00e1 planear viajar para os Estados Unidos, provavelmente precisar\u00e1 de uma autoriza\u00e7\u00e3o ESTA, que funciona exactamente com base no mesmo princ\u00edpio que a eTA.<\/p>\n","protected":false},"excerpt":{"rendered":"<p>N\u00famero eTA perdido: o que fazer? A Autoriza\u00e7\u00e3o Electr\u00f3nica de Viagem eTA \u00e9 um documento que lhe permite viajar para o Canad\u00e1 por at\u00e9 6 meses para turismo ou neg\u00f3cios. Para obter esta autoriza\u00e7\u00e3o de viagem, deve preencher o formul\u00e1rio online. Isto ser\u00e1 ent\u00e3o enviado \u00e0s autoridades canadianas para determinar a elegibilidade da sua candidatura. [&hellip;]<\/p>\n","protected":false},"author":1,"featured_media":0,"parent":0,"menu_order":0,"comment_status":"closed","ping_status":"closed","template":"","meta":{"footnotes":""},"class_list":["post-2694","page","type-page","status-publish","hentry"],"yoast_head":"<!-- This site is optimized with the Yoast SEO plugin v26.9 - https:\/\/yoast.com\/product\/yoast-seo-wordpress\/ -->\n<title>O que fazer se perder o seu n\u00famero eTA Canad\u00e1?<\/title>\n<meta name=\"description\" content=\"Cada Autoriza\u00e7\u00e3o de Viagem Tempor\u00e1ria ao Canad\u00e1 tem um n\u00famero eTA associado. Descobrir como recuperar um n\u00famero de candidatura eTA perdido.\" \/>\n<meta name=\"robots\" content=\"index, follow, max-snippet:-1, max-image-preview:large, max-video-preview:-1\" \/>\n<link rel=\"canonical\" href=\"https:\/\/ave-eta-canada.com\/pt-pt\/o-que-fazer-em-caso-de-perda-do-numero-eta-canada\/\" \/>\n<meta property=\"og:locale\" content=\"pt_PT\" \/>\n<meta property=\"og:type\" content=\"article\" \/>\n<meta property=\"og:title\" content=\"O que fazer se perder o seu n\u00famero eTA Canad\u00e1?\" \/>\n<meta property=\"og:description\" content=\"Cada Autoriza\u00e7\u00e3o de Viagem Tempor\u00e1ria ao Canad\u00e1 tem um n\u00famero eTA associado. Descobrir como recuperar um n\u00famero de candidatura eTA perdido.\" \/>\n<meta property=\"og:url\" content=\"https:\/\/ave-eta-canada.com\/pt-pt\/o-que-fazer-em-caso-de-perda-do-numero-eta-canada\/\" \/>\n<meta property=\"og:site_name\" content=\"VISA CANADA\" \/>\n<meta property=\"article:modified_time\" content=\"2022-09-09T20:01:13+00:00\" \/>\n<meta name=\"twitter:card\" content=\"summary_large_image\" \/>\n<meta name=\"twitter:label1\" content=\"Tempo estimado de leitura\" \/>\n\t<meta name=\"twitter:data1\" content=\"5 minutos\" \/>\n<script type=\"application\/ld+json\" class=\"yoast-schema-graph\">{\"@context\":\"https:\/\/schema.org\",\"@graph\":[{\"@type\":\"WebPage\",\"@id\":\"https:\/\/ave-eta-canada.com\/pt-pt\/o-que-fazer-em-caso-de-perda-do-numero-eta-canada\/\",\"url\":\"https:\/\/ave-eta-canada.com\/pt-pt\/o-que-fazer-em-caso-de-perda-do-numero-eta-canada\/\",\"name\":\"O que fazer se perder o seu n\u00famero eTA Canad\u00e1?\",\"isPartOf\":{\"@id\":\"https:\/\/ave-eta-canada.com\/pt-pt\/#website\"},\"datePublished\":\"2022-09-06T07:59:18+00:00\",\"dateModified\":\"2022-09-09T20:01:13+00:00\",\"description\":\"Cada Autoriza\u00e7\u00e3o de Viagem Tempor\u00e1ria ao Canad\u00e1 tem um n\u00famero eTA associado. Descobrir como recuperar um n\u00famero de candidatura eTA perdido.\",\"breadcrumb\":{\"@id\":\"https:\/\/ave-eta-canada.com\/pt-pt\/o-que-fazer-em-caso-de-perda-do-numero-eta-canada\/#breadcrumb\"},\"inLanguage\":\"pt-PT\",\"potentialAction\":[{\"@type\":\"ReadAction\",\"target\":[\"https:\/\/ave-eta-canada.com\/pt-pt\/o-que-fazer-em-caso-de-perda-do-numero-eta-canada\/\"]}]},{\"@type\":\"BreadcrumbList\",\"@id\":\"https:\/\/ave-eta-canada.com\/pt-pt\/o-que-fazer-em-caso-de-perda-do-numero-eta-canada\/#breadcrumb\",\"itemListElement\":[{\"@type\":\"ListItem\",\"position\":1,\"name\":\"Home\",\"item\":\"https:\/\/ave-eta-canada.com\/pt-pt\/\"},{\"@type\":\"ListItem\",\"position\":2,\"name\":\"O que fazer se perder o seu n\u00famero eTA Canad\u00e1?\"}]},{\"@type\":\"WebSite\",\"@id\":\"https:\/\/ave-eta-canada.com\/pt-pt\/#website\",\"url\":\"https:\/\/ave-eta-canada.com\/pt-pt\/\",\"name\":\"VISA CANADA\",\"description\":\"Autorisation Voyage Electronique\",\"potentialAction\":[{\"@type\":\"SearchAction\",\"target\":{\"@type\":\"EntryPoint\",\"urlTemplate\":\"https:\/\/ave-eta-canada.com\/pt-pt\/?s={search_term_string}\"},\"query-input\":{\"@type\":\"PropertyValueSpecification\",\"valueRequired\":true,\"valueName\":\"search_term_string\"}}],\"inLanguage\":\"pt-PT\"}]}<\/script>\n<!-- \/ Yoast SEO plugin. -->","yoast_head_json":{"title":"O que fazer se perder o seu n\u00famero eTA Canad\u00e1?","description":"Cada Autoriza\u00e7\u00e3o de Viagem Tempor\u00e1ria ao Canad\u00e1 tem um n\u00famero eTA associado. Descobrir como recuperar um n\u00famero de candidatura eTA perdido.","robots":{"index":"index","follow":"follow","max-snippet":"max-snippet:-1","max-image-preview":"max-image-preview:large","max-video-preview":"max-video-preview:-1"},"canonical":"https:\/\/ave-eta-canada.com\/pt-pt\/o-que-fazer-em-caso-de-perda-do-numero-eta-canada\/","og_locale":"pt_PT","og_type":"article","og_title":"O que fazer se perder o seu n\u00famero eTA Canad\u00e1?","og_description":"Cada Autoriza\u00e7\u00e3o de Viagem Tempor\u00e1ria ao Canad\u00e1 tem um n\u00famero eTA associado. Descobrir como recuperar um n\u00famero de candidatura eTA perdido.","og_url":"https:\/\/ave-eta-canada.com\/pt-pt\/o-que-fazer-em-caso-de-perda-do-numero-eta-canada\/","og_site_name":"VISA CANADA","article_modified_time":"2022-09-09T20:01:13+00:00","twitter_card":"summary_large_image","twitter_misc":{"Tempo estimado de leitura":"5 minutos"},"schema":{"@context":"https:\/\/schema.org","@graph":[{"@type":"WebPage","@id":"https:\/\/ave-eta-canada.com\/pt-pt\/o-que-fazer-em-caso-de-perda-do-numero-eta-canada\/","url":"https:\/\/ave-eta-canada.com\/pt-pt\/o-que-fazer-em-caso-de-perda-do-numero-eta-canada\/","name":"O que fazer se perder o seu n\u00famero eTA Canad\u00e1?","isPartOf":{"@id":"https:\/\/ave-eta-canada.com\/pt-pt\/#website"},"datePublished":"2022-09-06T07:59:18+00:00","dateModified":"2022-09-09T20:01:13+00:00","description":"Cada Autoriza\u00e7\u00e3o de Viagem Tempor\u00e1ria ao Canad\u00e1 tem um n\u00famero eTA associado. Descobrir como recuperar um n\u00famero de candidatura eTA perdido.","breadcrumb":{"@id":"https:\/\/ave-eta-canada.com\/pt-pt\/o-que-fazer-em-caso-de-perda-do-numero-eta-canada\/#breadcrumb"},"inLanguage":"pt-PT","potentialAction":[{"@type":"ReadAction","target":["https:\/\/ave-eta-canada.com\/pt-pt\/o-que-fazer-em-caso-de-perda-do-numero-eta-canada\/"]}]},{"@type":"BreadcrumbList","@id":"https:\/\/ave-eta-canada.com\/pt-pt\/o-que-fazer-em-caso-de-perda-do-numero-eta-canada\/#breadcrumb","itemListElement":[{"@type":"ListItem","position":1,"name":"Home","item":"https:\/\/ave-eta-canada.com\/pt-pt\/"},{"@type":"ListItem","position":2,"name":"O que fazer se perder o seu n\u00famero eTA Canad\u00e1?"}]},{"@type":"WebSite","@id":"https:\/\/ave-eta-canada.com\/pt-pt\/#website","url":"https:\/\/ave-eta-canada.com\/pt-pt\/","name":"VISA CANADA","description":"Autorisation Voyage Electronique","potentialAction":[{"@type":"SearchAction","target":{"@type":"EntryPoint","urlTemplate":"https:\/\/ave-eta-canada.com\/pt-pt\/?s={search_term_string}"},"query-input":{"@type":"PropertyValueSpecification","valueRequired":true,"valueName":"search_term_string"}}],"inLanguage":"pt-PT"}]}},"_links":{"self":[{"href":"https:\/\/ave-eta-canada.com\/pt-pt\/wp-json\/wp\/v2\/pages\/2694","targetHints":{"allow":["GET"]}}],"collection":[{"href":"https:\/\/ave-eta-canada.com\/pt-pt\/wp-json\/wp\/v2\/pages"}],"about":[{"href":"https:\/\/ave-eta-canada.com\/pt-pt\/wp-json\/wp\/v2\/types\/page"}],"author":[{"embeddable":true,"href":"https:\/\/ave-eta-canada.com\/pt-pt\/wp-json\/wp\/v2\/users\/1"}],"replies":[{"embeddable":true,"href":"https:\/\/ave-eta-canada.com\/pt-pt\/wp-json\/wp\/v2\/comments?post=2694"}],"version-history":[{"count":0,"href":"https:\/\/ave-eta-canada.com\/pt-pt\/wp-json\/wp\/v2\/pages\/2694\/revisions"}],"wp:attachment":[{"href":"https:\/\/ave-eta-canada.com\/pt-pt\/wp-json\/wp\/v2\/media?parent=2694"}],"curies":[{"name":"wp","href":"https:\/\/api.w.org\/{rel}","templated":true}]}}