{"id":2702,"date":"2022-09-06T07:59:19","date_gmt":"2022-09-06T07:59:19","guid":{"rendered":"https:\/\/ave-eta-canada.com\/com-ou-com-que-viagem-permissiona-escolha-para-a-sua-estadia\/"},"modified":"2022-09-07T20:30:23","modified_gmt":"2022-09-07T20:30:23","slug":"eta-ou-esta-que-viagem-permissiona-escolha-para-a-sua-estadia","status":"publish","type":"page","link":"https:\/\/ave-eta-canada.com\/pt-pt\/eta-ou-esta-que-viagem-permissiona-escolha-para-a-sua-estadia\/","title":{"rendered":"eTA ou ESTA: que autoriza\u00e7\u00e3o de viagem devo escolher?"},"content":{"rendered":"\n<h1 class=\"wp-block-heading\">Que Autoriza\u00e7\u00e3o de Viagem (eTA ou ESTA) escolher?<\/h1>\n\n<p>Se viajar em breve para a Am\u00e9rica do Norte, necessitar\u00e1 de documentos de viagem. Com todas estas normas e regulamentos, n\u00e3o \u00e9 f\u00e1cil de ver claramente. Pedido de visto ou autoriza\u00e7\u00e3o de viagem (eTA ou ESTA)? Explicamos tudo neste artigo.<\/p>\n\n<p><strong>Para uma estadia de menos de 6 meses no Canad\u00e1<\/strong>: Pode completar as formalidades de entrada no Canad\u00e1 directamente atrav\u00e9s da Internet, clicando no <a href=\"https:\/\/ave-eta-canada.com\/pt-pt\/formulario-eta-canada\/\">formul\u00e1rio em linha<\/a>. N\u00e3o \u00e9 necess\u00e1rio marcar uma entrevista na embaixada ou consulado canadiano.<\/p>\n\n<br\/>\n\n<h2 class=\"wp-block-heading\">eTA e ESTA, apresenta\u00e7\u00e3o destas duas autoriza\u00e7\u00f5es de viagem<\/h2>\n\n<h3 class=\"wp-block-heading\">ESTA<\/h3>\n\n<p>ESTA significa Sistema Electr\u00f3nico de Autoriza\u00e7\u00e3o de Viagem. Esta \u00e9 uma autoriza\u00e7\u00e3o de viagem emitida pelo governo dos EUA para pessoas que desejam viajar para os EUA por via a\u00e9rea ou mar\u00edtima. Esta autoriza\u00e7\u00e3o substitui um visto tur\u00edstico para os viajantes provenientes de um pa\u00eds membro do Programa de Isen\u00e7\u00e3o de Vistos.<\/p>\n\n<p>Para se candidatar, deve cumprir v\u00e1rios crit\u00e9rios:<\/p>\n\n<ul class=\"wp-block-list\"><li>ser um nacional de um pa\u00eds membro do Programa de Isen\u00e7\u00e3o de Vistos;<\/li><li>estar na posse de um passaporte biom\u00e9trico ou electr\u00f3nico v\u00e1lido;<\/li><li>com destino aos Estados Unidos para turismo, neg\u00f3cios ou tr\u00e2nsito;<\/li><li>chegar em solo americano por via a\u00e9rea ou mar\u00edtima;<\/li><li>a dura\u00e7\u00e3o da sua estadia n\u00e3o deve exceder 90 dias.<\/li><\/ul>\n\n<h4 class=\"wp-block-heading\">Como posso obter um ESTA?<\/h4>\n\n<p>O processo de obten\u00e7\u00e3o da autoriza\u00e7\u00e3o ESTA \u00e9 feito exclusivamente online, no website do governo dos EUA ou atrav\u00e9s de um prestador de servi\u00e7os privado.<\/p>\n\n<p>Ser-lhe-\u00e1 pedido que preencha um formul\u00e1rio online para a sua candidatura ao ESTA. Este formul\u00e1rio ESTA centra-se na sua identidade, na sua vida e no seu documento de viagem: nome (apelido de solteira ou nome de casada dependendo do seu passaporte), nome pr\u00f3prio, data e local de nascimento, n\u00famero do passaporte, data de emiss\u00e3o e validade, dados de contacto, antecedentes criminais e m\u00e9dicos, estadias anteriores no estrangeiro, etc. Uma vez preenchido o seu formul\u00e1rio ESTA, ter\u00e1 de introduzir um cart\u00e3o de pagamento para pagar a taxa de candidatura ao seu ESTA.<\/p>\n\n<p>Um ESTA \u00e9 v\u00e1lido por 2 anos, sujeito \u00e0 data de validade do seu passaporte.<\/p>\n\n<p>Assim, se quiser visitar os Estados Unidos da Am\u00e9rica nestas condi\u00e7\u00f5es, entre o AVE e o ESTA, deve escolher o ESTA.<\/p>\n\n<h3 class=\"wp-block-heading\">ETA<\/h3>\n\n<p>ETA significa Electronic Travel Authorisation (Autoriza\u00e7\u00e3o Electr\u00f3nica de Viagem). Para quem fala ingl\u00eas, isto \u00e9 conhecido como <a href=\"https:\/\/ave-eta-canada.com\/pt-pt\/o-que-e-eta-canada\/\">eTA para Autoriza\u00e7\u00e3o Electr\u00f3nica de Viagem<\/a>. Deve saber que estes dois nomes se referem exactamente \u00e0 mesma coisa.<\/p>\n\n<p>O eTA \u00e9 uma autoriza\u00e7\u00e3o necess\u00e1ria para entrar no Canad\u00e1, mas apenas por via a\u00e9rea. N\u00e3o \u00e9 portanto necess\u00e1rio um eTA quando se chega de barco, mesmo num navio de cruzeiro.<\/p>\n\n<p>O AVE aplica-se aos nacionais dos 61 pa\u00edses que fazem parte do Programa Canadiano de Isen\u00e7\u00e3o de Vistos. Ter um passaporte biom\u00e9trico ou passaporte electr\u00f3nico v\u00e1lido \u00e9 obrigat\u00f3rio para se poder candidatar. A dura\u00e7\u00e3o m\u00e1xima da sua estadia deve ser de 6 meses.<\/p>\n\n<h4 class=\"wp-block-heading\">Como obter o seu eTA?<\/h4>\n\n<p>Para <a href=\"https:\/\/ave-eta-canada.com\/pt-pt\/\">se candidatar a um eTA<\/a>, \u00e9 necess\u00e1rio preencher um formul\u00e1rio online e pagar a taxa requerida. Para o fazer, pode ir ao website oficial do governo canadiano ou utilizar os servi\u00e7os de um fornecedor privado. Optar por um site privado permite-lhe beneficiar de uma assist\u00eancia personalizada e, assim, reduzir o risco de rejei\u00e7\u00e3o.  <\/p>\n\n<p>Um VE \u00e9 v\u00e1lido por 5 anos, at\u00e9 \u00e0 data de expira\u00e7\u00e3o do seu passaporte. Se quiser visitar o Canad\u00e1, entre o eTA e o ESTA, deve escolher o eTA.<br\/><br\/><\/p>\n\n<h2 class=\"wp-block-heading\">ESTA e eTA, as semelhan\u00e7as<\/h2>\n\n<p>Como deve ter notado, existem muitas semelhan\u00e7as entre um eTA e um ESTA; o eTA canadiano foi copiado do ESTA americano.<\/p>\n\n<ul class=\"wp-block-list\"><li>ESTA e eTA s\u00e3o autoriza\u00e7\u00f5es de viagem ligadas ao passaporte. \u00c9 essencial que o mesmo passaporte seja utilizado para viajar. Os funcion\u00e1rios da alf\u00e2ndega verificam se est\u00e1 em ordem, digitalizando o seu passaporte.  <\/li><li>O eTA, tal como o ESTA, \u00e9 obtido antes da partida. O pessoal da companhia a\u00e9rea verificar\u00e1 o seu eTA ou ESTA, mesmo antes de embarcar.<\/li><li>Ambas as autoriza\u00e7\u00f5es de viagem s\u00f3 podem ser obtidas atrav\u00e9s de um pedido em linha. N\u00e3o h\u00e1 necessidade de marcar uma hora na embaixada americana ou canadiana mais pr\u00f3xima.<\/li><li>O ESTA e o eTA autorizam-no a viajar para os Estados Unidos ou Canad\u00e1, respectivamente, para fins de turismo, neg\u00f3cios ou tr\u00e2nsito. Por conseguinte, n\u00e3o est\u00e1 autorizado a trabalhar, estudar ou viajar para os Estados Unidos ou Canad\u00e1 com o ESTA e o eTA. Se este for o seu objectivo, ter\u00e1 de solicitar um visto ou cart\u00e3o verde apropriado.<\/li><li>Tanto o eTA como o ESTA s\u00e3o obrigat\u00f3rios, mas n\u00e3o garantem a entrada nos EUA ou no Canad\u00e1. Este direito \u00e9 concedido como resultado do controlo por parte dos funcion\u00e1rios aduaneiros, \u00e0 chegada ao posto fronteiri\u00e7o.<br\/><br\/><\/li><\/ul>\n\n<h2 class=\"wp-block-heading\">ESTA e eTA, as diferen\u00e7as<\/h2>\n\n<ul class=\"wp-block-list\"><li>Isto faz sentido, mas recordemos que o eTA \u00e9 utilizado para viajar para o Canad\u00e1, e o ESTA para uma estadia nos Estados Unidos. Mesmo que os dois pa\u00edses estejam pr\u00f3ximos, uma autoriza\u00e7\u00e3o n\u00e3o pode substituir a outra.<\/li><li>O AVE \u00e9 v\u00e1lido para nacionais de 61 territ\u00f3rios diferentes, enquanto o ESTA \u00e9 v\u00e1lido apenas para 40 pa\u00edses (n\u00fameros actualizados em Setembro de 2022).<\/li><li>O ESTA \u00e9 para viajantes que chegam por via a\u00e9rea e mar\u00edtima, enquanto que o eTA s\u00f3 \u00e9 exigido para viajantes que chegam ao Canad\u00e1 por via a\u00e9rea.<\/li><li>Um ESTA custa 21 d\u00f3lares no s\u00edtio web do governo a partir de Maio de 2022, enquanto o <a href=\"https:\/\/ave-eta-canada.com\/pt-pt\/preco-eta-canada\/\">pre\u00e7o do AVE \u00e9 CAD7<\/a>. O pre\u00e7o do ESTA e eTA ser\u00e1 diferente se utilizar os servi\u00e7os de um site independente. Esta diferen\u00e7a \u00e9 explicada pela assist\u00eancia personalizada prestada pelo fornecedor privado.<\/li><li>A dura\u00e7\u00e3o m\u00e1xima da sua estadia \u00e9 tamb\u00e9m diferente. Com um eTA, pode ficar no Canad\u00e1 durante 6 meses consecutivos, enquanto que com um ESTA, a sua estadia n\u00e3o deve exceder 90 dias consecutivos.<\/li><li><a href=\"https:\/\/ave-eta-canada.com\/pt-pt\/validado-do-eta-canada\/\">O eTA \u00e9 v\u00e1lido por 5 anos<\/a>, enquanto que um ESTA \u00e9 v\u00e1lido apenas por 2 anos. Teoricamente, um n\u00famero ilimitado de viagens \u00e9 poss\u00edvel durante este per\u00edodo. Em ambos os casos, \u00e9 necess\u00e1rio um novo pedido se os seus dados pessoais mudarem e\/ou se obtiver um novo passaporte.<\/li><\/ul>\n\n<p>Conhece agora as no\u00e7\u00f5es b\u00e1sicas sobre estas duas autoriza\u00e7\u00f5es de viagem. Tudo o que tem de fazer \u00e9 escolher o seu destino. Viagens seguras!<\/p>\n","protected":false},"excerpt":{"rendered":"<p>Que Autoriza\u00e7\u00e3o de Viagem (eTA ou ESTA) escolher? Se viajar em breve para a Am\u00e9rica do Norte, necessitar\u00e1 de documentos de viagem. Com todas estas normas e regulamentos, n\u00e3o \u00e9 f\u00e1cil de ver claramente. Pedido de visto ou autoriza\u00e7\u00e3o de viagem (eTA ou ESTA)? Explicamos tudo neste artigo. Para uma estadia de menos de 6 [&hellip;]<\/p>\n","protected":false},"author":1,"featured_media":0,"parent":0,"menu_order":0,"comment_status":"closed","ping_status":"closed","template":"","meta":{"footnotes":""},"class_list":["post-2702","page","type-page","status-publish","hentry"],"yoast_head":"<!-- This site is optimized with the Yoast SEO plugin v26.9 - https:\/\/yoast.com\/product\/yoast-seo-wordpress\/ -->\n<title>eTA ou ESTA: que autoriza\u00e7\u00e3o de viagem devo escolher?<\/title>\n<meta name=\"description\" content=\"Para viajar para o continente americano existem duas autoriza\u00e7\u00f5es electr\u00f3nicas de viagem principais: AVE e ESTA\" \/>\n<meta name=\"robots\" content=\"index, follow, max-snippet:-1, max-image-preview:large, max-video-preview:-1\" \/>\n<link rel=\"canonical\" href=\"https:\/\/ave-eta-canada.com\/pt-pt\/eta-ou-esta-que-viagem-permissiona-escolha-para-a-sua-estadia\/\" \/>\n<meta property=\"og:locale\" content=\"pt_PT\" \/>\n<meta property=\"og:type\" content=\"article\" \/>\n<meta property=\"og:title\" content=\"eTA ou ESTA: que autoriza\u00e7\u00e3o de viagem devo escolher?\" \/>\n<meta property=\"og:description\" content=\"Para viajar para o continente americano existem duas autoriza\u00e7\u00f5es electr\u00f3nicas de viagem principais: AVE e ESTA\" \/>\n<meta property=\"og:url\" content=\"https:\/\/ave-eta-canada.com\/pt-pt\/eta-ou-esta-que-viagem-permissiona-escolha-para-a-sua-estadia\/\" \/>\n<meta property=\"og:site_name\" content=\"VISA CANADA\" \/>\n<meta property=\"article:modified_time\" content=\"2022-09-07T20:30:23+00:00\" \/>\n<meta name=\"twitter:card\" content=\"summary_large_image\" \/>\n<meta name=\"twitter:label1\" content=\"Tempo estimado de leitura\" \/>\n\t<meta name=\"twitter:data1\" content=\"6 minutos\" \/>\n<script type=\"application\/ld+json\" class=\"yoast-schema-graph\">{\"@context\":\"https:\/\/schema.org\",\"@graph\":[{\"@type\":\"WebPage\",\"@id\":\"https:\/\/ave-eta-canada.com\/pt-pt\/eta-ou-esta-que-viagem-permissiona-escolha-para-a-sua-estadia\/\",\"url\":\"https:\/\/ave-eta-canada.com\/pt-pt\/eta-ou-esta-que-viagem-permissiona-escolha-para-a-sua-estadia\/\",\"name\":\"eTA ou ESTA: que autoriza\u00e7\u00e3o de viagem devo escolher?\",\"isPartOf\":{\"@id\":\"https:\/\/ave-eta-canada.com\/pt-pt\/#website\"},\"datePublished\":\"2022-09-06T07:59:19+00:00\",\"dateModified\":\"2022-09-07T20:30:23+00:00\",\"description\":\"Para viajar para o continente americano existem duas autoriza\u00e7\u00f5es electr\u00f3nicas de viagem principais: AVE e ESTA\",\"breadcrumb\":{\"@id\":\"https:\/\/ave-eta-canada.com\/pt-pt\/eta-ou-esta-que-viagem-permissiona-escolha-para-a-sua-estadia\/#breadcrumb\"},\"inLanguage\":\"pt-PT\",\"potentialAction\":[{\"@type\":\"ReadAction\",\"target\":[\"https:\/\/ave-eta-canada.com\/pt-pt\/eta-ou-esta-que-viagem-permissiona-escolha-para-a-sua-estadia\/\"]}]},{\"@type\":\"BreadcrumbList\",\"@id\":\"https:\/\/ave-eta-canada.com\/pt-pt\/eta-ou-esta-que-viagem-permissiona-escolha-para-a-sua-estadia\/#breadcrumb\",\"itemListElement\":[{\"@type\":\"ListItem\",\"position\":1,\"name\":\"Home\",\"item\":\"https:\/\/ave-eta-canada.com\/pt-pt\/\"},{\"@type\":\"ListItem\",\"position\":2,\"name\":\"eTA ou ESTA: que autoriza\u00e7\u00e3o de viagem devo escolher?\"}]},{\"@type\":\"WebSite\",\"@id\":\"https:\/\/ave-eta-canada.com\/pt-pt\/#website\",\"url\":\"https:\/\/ave-eta-canada.com\/pt-pt\/\",\"name\":\"VISA CANADA\",\"description\":\"Autorisation Voyage Electronique\",\"potentialAction\":[{\"@type\":\"SearchAction\",\"target\":{\"@type\":\"EntryPoint\",\"urlTemplate\":\"https:\/\/ave-eta-canada.com\/pt-pt\/?s={search_term_string}\"},\"query-input\":{\"@type\":\"PropertyValueSpecification\",\"valueRequired\":true,\"valueName\":\"search_term_string\"}}],\"inLanguage\":\"pt-PT\"}]}<\/script>\n<!-- \/ Yoast SEO plugin. -->","yoast_head_json":{"title":"eTA ou ESTA: que autoriza\u00e7\u00e3o de viagem devo escolher?","description":"Para viajar para o continente americano existem duas autoriza\u00e7\u00f5es electr\u00f3nicas de viagem principais: AVE e ESTA","robots":{"index":"index","follow":"follow","max-snippet":"max-snippet:-1","max-image-preview":"max-image-preview:large","max-video-preview":"max-video-preview:-1"},"canonical":"https:\/\/ave-eta-canada.com\/pt-pt\/eta-ou-esta-que-viagem-permissiona-escolha-para-a-sua-estadia\/","og_locale":"pt_PT","og_type":"article","og_title":"eTA ou ESTA: que autoriza\u00e7\u00e3o de viagem devo escolher?","og_description":"Para viajar para o continente americano existem duas autoriza\u00e7\u00f5es electr\u00f3nicas de viagem principais: AVE e ESTA","og_url":"https:\/\/ave-eta-canada.com\/pt-pt\/eta-ou-esta-que-viagem-permissiona-escolha-para-a-sua-estadia\/","og_site_name":"VISA CANADA","article_modified_time":"2022-09-07T20:30:23+00:00","twitter_card":"summary_large_image","twitter_misc":{"Tempo estimado de leitura":"6 minutos"},"schema":{"@context":"https:\/\/schema.org","@graph":[{"@type":"WebPage","@id":"https:\/\/ave-eta-canada.com\/pt-pt\/eta-ou-esta-que-viagem-permissiona-escolha-para-a-sua-estadia\/","url":"https:\/\/ave-eta-canada.com\/pt-pt\/eta-ou-esta-que-viagem-permissiona-escolha-para-a-sua-estadia\/","name":"eTA ou ESTA: que autoriza\u00e7\u00e3o de viagem devo escolher?","isPartOf":{"@id":"https:\/\/ave-eta-canada.com\/pt-pt\/#website"},"datePublished":"2022-09-06T07:59:19+00:00","dateModified":"2022-09-07T20:30:23+00:00","description":"Para viajar para o continente americano existem duas autoriza\u00e7\u00f5es electr\u00f3nicas de viagem principais: AVE e ESTA","breadcrumb":{"@id":"https:\/\/ave-eta-canada.com\/pt-pt\/eta-ou-esta-que-viagem-permissiona-escolha-para-a-sua-estadia\/#breadcrumb"},"inLanguage":"pt-PT","potentialAction":[{"@type":"ReadAction","target":["https:\/\/ave-eta-canada.com\/pt-pt\/eta-ou-esta-que-viagem-permissiona-escolha-para-a-sua-estadia\/"]}]},{"@type":"BreadcrumbList","@id":"https:\/\/ave-eta-canada.com\/pt-pt\/eta-ou-esta-que-viagem-permissiona-escolha-para-a-sua-estadia\/#breadcrumb","itemListElement":[{"@type":"ListItem","position":1,"name":"Home","item":"https:\/\/ave-eta-canada.com\/pt-pt\/"},{"@type":"ListItem","position":2,"name":"eTA ou ESTA: que autoriza\u00e7\u00e3o de viagem devo escolher?"}]},{"@type":"WebSite","@id":"https:\/\/ave-eta-canada.com\/pt-pt\/#website","url":"https:\/\/ave-eta-canada.com\/pt-pt\/","name":"VISA CANADA","description":"Autorisation Voyage Electronique","potentialAction":[{"@type":"SearchAction","target":{"@type":"EntryPoint","urlTemplate":"https:\/\/ave-eta-canada.com\/pt-pt\/?s={search_term_string}"},"query-input":{"@type":"PropertyValueSpecification","valueRequired":true,"valueName":"search_term_string"}}],"inLanguage":"pt-PT"}]}},"_links":{"self":[{"href":"https:\/\/ave-eta-canada.com\/pt-pt\/wp-json\/wp\/v2\/pages\/2702","targetHints":{"allow":["GET"]}}],"collection":[{"href":"https:\/\/ave-eta-canada.com\/pt-pt\/wp-json\/wp\/v2\/pages"}],"about":[{"href":"https:\/\/ave-eta-canada.com\/pt-pt\/wp-json\/wp\/v2\/types\/page"}],"author":[{"embeddable":true,"href":"https:\/\/ave-eta-canada.com\/pt-pt\/wp-json\/wp\/v2\/users\/1"}],"replies":[{"embeddable":true,"href":"https:\/\/ave-eta-canada.com\/pt-pt\/wp-json\/wp\/v2\/comments?post=2702"}],"version-history":[{"count":0,"href":"https:\/\/ave-eta-canada.com\/pt-pt\/wp-json\/wp\/v2\/pages\/2702\/revisions"}],"wp:attachment":[{"href":"https:\/\/ave-eta-canada.com\/pt-pt\/wp-json\/wp\/v2\/media?parent=2702"}],"curies":[{"name":"wp","href":"https:\/\/api.w.org\/{rel}","templated":true}]}}