{"id":2705,"date":"2022-09-06T07:59:19","date_gmt":"2022-09-06T07:59:19","guid":{"rendered":"https:\/\/ave-eta-canada.com\/how-to-find-a-wave\/"},"modified":"2022-09-09T19:09:05","modified_gmt":"2022-09-09T19:09:05","slug":"como-encontrar-um-eta-canada","status":"publish","type":"page","link":"https:\/\/ave-eta-canada.com\/pt-pt\/como-encontrar-um-eta-canada\/","title":{"rendered":"Como encontrar um eTA?"},"content":{"rendered":"\n<h1 class=\"wp-block-heading\">Procedimento para a recupera\u00e7\u00e3o do seu eTA Canad\u00e1<\/h1>\n\n<p>O Canad\u00e1, com as suas paisagens sumptuosas, xarope de bordo e cidades encantadoras, atrai muitos turistas todos os anos.  <\/p>\n\n<p><strong>Para uma estadia de menos de 6 meses no Canad\u00e1<\/strong>: Pode completar as formalidades de entrada no Canad\u00e1 directamente atrav\u00e9s da Internet, clicando no <a href=\"https:\/\/ave-eta-canada.com\/pt-pt\/formulario-eta-canada\/\">formul\u00e1rio em linha<\/a>. N\u00e3o \u00e9 necess\u00e1rio marcar uma entrevista na embaixada ou consulado canadiano.<\/p>\n\n<p>Se est\u00e1 a planear viajar para o Canad\u00e1, explicamos <a href=\"https:\/\/ave-eta-canada.com\/pt-pt\/fazer-um-oficial-eta-canada-aplicativo\/\">como candidatar-se a um eTA<\/a>. Se solicitou um eTA, mas n\u00e3o sabe como encontr\u00e1-lo, damos-lhe uma r\u00e1pida introdu\u00e7\u00e3o a esta autoriza\u00e7\u00e3o electr\u00f3nica de viagem antes de lhe explicarmos como encontr\u00e1-lo.<\/p>\n\n<h2 class=\"wp-block-heading\">O que \u00e9 a Autoriza\u00e7\u00e3o de Viagem eTA?<\/h2>\n\n<p>Antes de poder encontrar o seu eTA, \u00e9 importante saber o que \u00e9 e, sobretudo, compreender como funciona.<\/p>\n\n<p>A <a href=\"https:\/\/ave-eta-canada.com\/pt-pt\/\">Autoriza\u00e7\u00e3o Electr\u00f3nica de Viagem eTA<\/a> \u00e9 necess\u00e1ria para viagens ao Canad\u00e1 at\u00e9 6 meses ou para o tr\u00e2nsito para um destino final. Os cidad\u00e3os de certos pa\u00edses, est\u00e3o isentos da obriga\u00e7\u00e3o de visto e podem, portanto, requerer a eTA desde que tenham um passaporte v\u00e1lido. Note-se que requerer um visto \u00e9 muito mais complicado do que requerer um eTA.<\/p>\n\n<p>O <a href=\"https:\/\/ave-eta-canada.com\/pt-pt\/validado-do-eta-canada\/\">per\u00edodo de validade do eTA <\/a>\u00e9 de cinco anos, o que permite aos viajantes permanecerem no Canad\u00e1 durante v\u00e1rias viagens, a menos que o passaporte ligado ao pedido deixe de ser v\u00e1lido. Neste caso, deve renovar o seu passaporte e solicitar um novo eTA.<\/p>\n\n<p>N\u00e3o h\u00e1 necessidade de ir ao consulado ou \u00e0 embaixada para solicitar um eTA. \u00c9 bastante poss\u00edvel <a href=\"https:\/\/ave-eta-canada.com\/pt-pt\/quando-se-candidatar-a-autorizacao-eta-para-o-canada\/\">candidatar-se a um eTA<\/a> no site oficial do governo canadiano, basta preencher o formul\u00e1rio. No entanto, se desejar ser assistido neste processo, alguns s\u00edtios privados como o nosso parceiro oferecem-se para levar a cabo esta tarefa por si.<\/p>\n\n<p>Independentemente da forma como fa\u00e7a a sua encomenda, receber\u00e1 um aviso de recep\u00e7\u00e3o, ou mesmo aprova\u00e7\u00e3o, dentro de alguns minutos. No entanto, a verifica\u00e7\u00e3o pode demorar mais tempo, mas normalmente n\u00e3o demorar\u00e1 mais do que alguns dias.<\/p>\n\n<p>\u00c9 bom saber: o eTA permite-lhe viajar para o Canad\u00e1, no entanto, \u00e9 apenas um passe que lhe permite chegar ao solo canadiano, ter\u00e1 ainda de passar pela alf\u00e2ndega antes de poder desfrutar plenamente da sua estadia.<\/p>\n\n<p>Candidatou-se a um <a href=\"https:\/\/ave-eta-canada.com\/pt-pt\/como-preencher-um-eta-para-o-canada\/\">eTA preenchendo o formul\u00e1rio<\/a> online no site oficial ou numa plataforma privada e j\u00e1 n\u00e3o o consegue encontrar? Explicamos como obter o seu eTA no par\u00e1grafo seguinte!<br\/><br\/><\/p>\n\n<h2 class=\"wp-block-heading\">Como encontrar o seu eTA<\/h2>\n\n<p>N\u00e3o lhe ser\u00e1 pedido o seu documento eTA por funcion\u00e1rios do aeroporto. A sua autoriza\u00e7\u00e3o est\u00e1 simplesmente ligada ao seu n\u00famero de passaporte e \u00e9 registada pelos sistemas electr\u00f3nicos. Tudo o que precisa de fazer \u00e9 apresentar o seu passaporte v\u00e1lido no check-in antes de voar para o Canad\u00e1 e na alf\u00e2ndega.<\/p>\n\n<p>No entanto, se quiser verificar antes de sair que recebeu a autoriza\u00e7\u00e3o, pode verificar o seu estatuto em linha. Quer tenha encomendado o seu eTA na plataforma do nosso parceiro ou no website do governo canadiano, o procedimento para o recuperar permanece o mesmo. Para o fazer, deve consultar o s\u00edtio web oficial. Existe uma p\u00e1gina dedicada \u00e0 verifica\u00e7\u00e3o do estado da Autoriza\u00e7\u00e3o Electr\u00f3nica de Viagem que lhe permitir\u00e1 recuperar a eTA. Note que esta mesma p\u00e1gina permite-lhe <a href=\"https:\/\/ave-eta-canada.com\/pt-pt\/como-verificar-o-estado-da-sua-candidatura-eta-canada\/\">verificar o estado do seu eTA<\/a>, quando este se encontra pendente.<\/p>\n\n<p>V\u00e1rios campos devem ser preenchidos. Primeiro, deve especificar que \u00e9 titular de eTA e que deseja consultar o seu ficheiro a fim de o recuperar. Precisar\u00e1 ent\u00e3o do seu n\u00famero eTA, que lhe foi enviado por correio electr\u00f3nico. Ser-lhe-\u00e1 tamb\u00e9m pedido o n\u00famero do seu passaporte, o pa\u00eds de emiss\u00e3o e a data de emiss\u00e3o e de validade. Uma vez fornecidas todas as informa\u00e7\u00f5es, clique em &#8220;verificar o estado da sua candidatura&#8221;.<\/p>\n\n<p>Agora tem o seu eTA de volta!<\/p>\n\n<p>Para um eTA Canad\u00e1 perdido, o procedimento de pesquisa tamb\u00e9m deve ser feito no website oficial do governo canadiano. Para mais informa\u00e7\u00f5es, ver este artigo.  <\/p>\n\n<p>Desejamos-lhe uma viagem maravilhosa ao Canad\u00e1!<\/p>\n","protected":false},"excerpt":{"rendered":"<p>Procedimento para a recupera\u00e7\u00e3o do seu eTA Canad\u00e1 O Canad\u00e1, com as suas paisagens sumptuosas, xarope de bordo e cidades encantadoras, atrai muitos turistas todos os anos. Para uma estadia de menos de 6 meses no Canad\u00e1: Pode completar as formalidades de entrada no Canad\u00e1 directamente atrav\u00e9s da Internet, clicando no formul\u00e1rio em linha. N\u00e3o [&hellip;]<\/p>\n","protected":false},"author":1,"featured_media":0,"parent":0,"menu_order":0,"comment_status":"closed","ping_status":"closed","template":"","meta":{"footnotes":""},"class_list":["post-2705","page","type-page","status-publish","hentry"],"yoast_head":"<!-- This site is optimized with the Yoast SEO plugin v26.9 - https:\/\/yoast.com\/product\/yoast-seo-wordpress\/ -->\n<title>Como encontrar um eTA?<\/title>\n<meta name=\"description\" content=\"J\u00e1 se candidatou a um eTA e quer recuper\u00e1-lo? Os nossos especialistas explicam-lhe como pode encontrar rapidamente o seu eTA.\" \/>\n<meta name=\"robots\" content=\"index, follow, max-snippet:-1, max-image-preview:large, max-video-preview:-1\" \/>\n<link rel=\"canonical\" href=\"https:\/\/ave-eta-canada.com\/pt-pt\/como-encontrar-um-eta-canada\/\" \/>\n<meta property=\"og:locale\" content=\"pt_PT\" \/>\n<meta property=\"og:type\" content=\"article\" \/>\n<meta property=\"og:title\" content=\"Como encontrar um eTA?\" \/>\n<meta property=\"og:description\" content=\"J\u00e1 se candidatou a um eTA e quer recuper\u00e1-lo? Os nossos especialistas explicam-lhe como pode encontrar rapidamente o seu eTA.\" \/>\n<meta property=\"og:url\" content=\"https:\/\/ave-eta-canada.com\/pt-pt\/como-encontrar-um-eta-canada\/\" \/>\n<meta property=\"og:site_name\" content=\"VISA CANADA\" \/>\n<meta property=\"article:modified_time\" content=\"2022-09-09T19:09:05+00:00\" \/>\n<meta name=\"twitter:card\" content=\"summary_large_image\" \/>\n<meta name=\"twitter:label1\" content=\"Tempo estimado de leitura\" \/>\n\t<meta name=\"twitter:data1\" content=\"3 minutos\" \/>\n<script type=\"application\/ld+json\" class=\"yoast-schema-graph\">{\"@context\":\"https:\/\/schema.org\",\"@graph\":[{\"@type\":\"WebPage\",\"@id\":\"https:\/\/ave-eta-canada.com\/pt-pt\/como-encontrar-um-eta-canada\/\",\"url\":\"https:\/\/ave-eta-canada.com\/pt-pt\/como-encontrar-um-eta-canada\/\",\"name\":\"Como encontrar um eTA?\",\"isPartOf\":{\"@id\":\"https:\/\/ave-eta-canada.com\/pt-pt\/#website\"},\"datePublished\":\"2022-09-06T07:59:19+00:00\",\"dateModified\":\"2022-09-09T19:09:05+00:00\",\"description\":\"J\u00e1 se candidatou a um eTA e quer recuper\u00e1-lo? Os nossos especialistas explicam-lhe como pode encontrar rapidamente o seu eTA.\",\"breadcrumb\":{\"@id\":\"https:\/\/ave-eta-canada.com\/pt-pt\/como-encontrar-um-eta-canada\/#breadcrumb\"},\"inLanguage\":\"pt-PT\",\"potentialAction\":[{\"@type\":\"ReadAction\",\"target\":[\"https:\/\/ave-eta-canada.com\/pt-pt\/como-encontrar-um-eta-canada\/\"]}]},{\"@type\":\"BreadcrumbList\",\"@id\":\"https:\/\/ave-eta-canada.com\/pt-pt\/como-encontrar-um-eta-canada\/#breadcrumb\",\"itemListElement\":[{\"@type\":\"ListItem\",\"position\":1,\"name\":\"Home\",\"item\":\"https:\/\/ave-eta-canada.com\/pt-pt\/\"},{\"@type\":\"ListItem\",\"position\":2,\"name\":\"Como encontrar um eTA?\"}]},{\"@type\":\"WebSite\",\"@id\":\"https:\/\/ave-eta-canada.com\/pt-pt\/#website\",\"url\":\"https:\/\/ave-eta-canada.com\/pt-pt\/\",\"name\":\"VISA CANADA\",\"description\":\"Autorisation Voyage Electronique\",\"potentialAction\":[{\"@type\":\"SearchAction\",\"target\":{\"@type\":\"EntryPoint\",\"urlTemplate\":\"https:\/\/ave-eta-canada.com\/pt-pt\/?s={search_term_string}\"},\"query-input\":{\"@type\":\"PropertyValueSpecification\",\"valueRequired\":true,\"valueName\":\"search_term_string\"}}],\"inLanguage\":\"pt-PT\"}]}<\/script>\n<!-- \/ Yoast SEO plugin. -->","yoast_head_json":{"title":"Como encontrar um eTA?","description":"J\u00e1 se candidatou a um eTA e quer recuper\u00e1-lo? Os nossos especialistas explicam-lhe como pode encontrar rapidamente o seu eTA.","robots":{"index":"index","follow":"follow","max-snippet":"max-snippet:-1","max-image-preview":"max-image-preview:large","max-video-preview":"max-video-preview:-1"},"canonical":"https:\/\/ave-eta-canada.com\/pt-pt\/como-encontrar-um-eta-canada\/","og_locale":"pt_PT","og_type":"article","og_title":"Como encontrar um eTA?","og_description":"J\u00e1 se candidatou a um eTA e quer recuper\u00e1-lo? Os nossos especialistas explicam-lhe como pode encontrar rapidamente o seu eTA.","og_url":"https:\/\/ave-eta-canada.com\/pt-pt\/como-encontrar-um-eta-canada\/","og_site_name":"VISA CANADA","article_modified_time":"2022-09-09T19:09:05+00:00","twitter_card":"summary_large_image","twitter_misc":{"Tempo estimado de leitura":"3 minutos"},"schema":{"@context":"https:\/\/schema.org","@graph":[{"@type":"WebPage","@id":"https:\/\/ave-eta-canada.com\/pt-pt\/como-encontrar-um-eta-canada\/","url":"https:\/\/ave-eta-canada.com\/pt-pt\/como-encontrar-um-eta-canada\/","name":"Como encontrar um eTA?","isPartOf":{"@id":"https:\/\/ave-eta-canada.com\/pt-pt\/#website"},"datePublished":"2022-09-06T07:59:19+00:00","dateModified":"2022-09-09T19:09:05+00:00","description":"J\u00e1 se candidatou a um eTA e quer recuper\u00e1-lo? Os nossos especialistas explicam-lhe como pode encontrar rapidamente o seu eTA.","breadcrumb":{"@id":"https:\/\/ave-eta-canada.com\/pt-pt\/como-encontrar-um-eta-canada\/#breadcrumb"},"inLanguage":"pt-PT","potentialAction":[{"@type":"ReadAction","target":["https:\/\/ave-eta-canada.com\/pt-pt\/como-encontrar-um-eta-canada\/"]}]},{"@type":"BreadcrumbList","@id":"https:\/\/ave-eta-canada.com\/pt-pt\/como-encontrar-um-eta-canada\/#breadcrumb","itemListElement":[{"@type":"ListItem","position":1,"name":"Home","item":"https:\/\/ave-eta-canada.com\/pt-pt\/"},{"@type":"ListItem","position":2,"name":"Como encontrar um eTA?"}]},{"@type":"WebSite","@id":"https:\/\/ave-eta-canada.com\/pt-pt\/#website","url":"https:\/\/ave-eta-canada.com\/pt-pt\/","name":"VISA CANADA","description":"Autorisation Voyage Electronique","potentialAction":[{"@type":"SearchAction","target":{"@type":"EntryPoint","urlTemplate":"https:\/\/ave-eta-canada.com\/pt-pt\/?s={search_term_string}"},"query-input":{"@type":"PropertyValueSpecification","valueRequired":true,"valueName":"search_term_string"}}],"inLanguage":"pt-PT"}]}},"_links":{"self":[{"href":"https:\/\/ave-eta-canada.com\/pt-pt\/wp-json\/wp\/v2\/pages\/2705","targetHints":{"allow":["GET"]}}],"collection":[{"href":"https:\/\/ave-eta-canada.com\/pt-pt\/wp-json\/wp\/v2\/pages"}],"about":[{"href":"https:\/\/ave-eta-canada.com\/pt-pt\/wp-json\/wp\/v2\/types\/page"}],"author":[{"embeddable":true,"href":"https:\/\/ave-eta-canada.com\/pt-pt\/wp-json\/wp\/v2\/users\/1"}],"replies":[{"embeddable":true,"href":"https:\/\/ave-eta-canada.com\/pt-pt\/wp-json\/wp\/v2\/comments?post=2705"}],"version-history":[{"count":0,"href":"https:\/\/ave-eta-canada.com\/pt-pt\/wp-json\/wp\/v2\/pages\/2705\/revisions"}],"wp:attachment":[{"href":"https:\/\/ave-eta-canada.com\/pt-pt\/wp-json\/wp\/v2\/media?parent=2705"}],"curies":[{"name":"wp","href":"https:\/\/api.w.org\/{rel}","templated":true}]}}