{"id":2708,"date":"2022-09-06T07:59:19","date_gmt":"2022-09-06T07:59:19","guid":{"rendered":"https:\/\/ave-eta-canada.com\/how-to-find-a-lost-wave\/"},"modified":"2022-09-09T20:15:40","modified_gmt":"2022-09-09T20:15:40","slug":"recuperando-um-eta-canada-perdido","status":"publish","type":"page","link":"https:\/\/ave-eta-canada.com\/pt-pt\/recuperando-um-eta-canada-perdido\/","title":{"rendered":"Como \u00e9 que encontro um eTA Canad\u00e1 perdido?"},"content":{"rendered":"\n<h1 class=\"wp-block-heading\">Recuperando um eTA Canad\u00e1 perdido<\/h1>\n\n<p>Natureza, espa\u00e7os abertos e um acolhimento caloroso, o Canad\u00e1 \u00e9 um pa\u00eds com muitos recursos. Tal como o ESTA para viajar para os Estados Unidos, visitar o Canad\u00e1 requer uma autoriza\u00e7\u00e3o de viagem que lhe permitir\u00e1 viajar para a terra do Extremo Norte.<\/p>\n\n<p><strong>Para uma estadia de menos de 6 meses no Canad\u00e1<\/strong>: Pode completar as formalidades de entrada no Canad\u00e1 directamente atrav\u00e9s da Internet, clicando no <a href=\"https:\/\/ave-eta-canada.com\/pt-pt\/formulario-eta-canada\/\">formul\u00e1rio em linha<\/a>. N\u00e3o \u00e9 necess\u00e1rio marcar uma entrevista na embaixada ou consulado canadiano.<\/p>\n\n<p>Se obteve a sua Autoriza\u00e7\u00e3o Electr\u00f3nica de Viagem eTA Canad\u00e1 mas j\u00e1 n\u00e3o tem provas disso, n\u00e3o entre em p\u00e2nico. Mostrar-lhe-emos o procedimento de recupera\u00e7\u00e3o do seu eTA Canad\u00e1 perdido.<\/p>\n\n<h2 class=\"wp-block-heading\">Como recuperar a autoriza\u00e7\u00e3o electr\u00f3nica de viagem perdida<\/h2>\n\n<p>O eTA Canad\u00e1 ou autoriza\u00e7\u00e3o electr\u00f3nica de viagem, \u00e9 um documento oficial que permite viajar para o Canad\u00e1 sem um visto canadiano. Em compara\u00e7\u00e3o com o ESTA, o eTA tem uma data de validade mais longa e um per\u00edodo de permiss\u00e3o de perman\u00eancia mais longo. De facto, o eTA Canad\u00e1 \u00e9 v\u00e1lido por 5 anos a partir do dia de emiss\u00e3o e permite um <a href=\"https:\/\/ave-eta-canada.com\/pt-pt\/eta-canada-valida-duracao\/\">tempo de viagem m\u00e1ximo de 6 meses<\/a> em solo canadiano. <\/p>\n\n<p>Quando a sua candidatura a um eTA for validada, receber\u00e1 um aviso de recep\u00e7\u00e3o do IRCC (Imigra\u00e7\u00e3o, Refugiados e Cidadania do Canad\u00e1) no endere\u00e7o que forneceu, o mais tardar 72 horas ap\u00f3s o envio do formul\u00e1rio em linha. Neste e-mail receber\u00e1 um n\u00famero de candidatura que poder\u00e1 utilizar para recuperar a sua autoriza\u00e7\u00e3o electr\u00f3nica de viagem perdida. Pode demorar alguns minutos ou alguns dias a responder ao seu pedido.<\/p>\n\n<p>Gra\u00e7as aos sistemas electr\u00f3nicos, o seu n\u00famero de passaporte est\u00e1 directamente ligado ao n\u00famero do seu eTA Canad\u00e1 perdido, recebido no aviso de recep\u00e7\u00e3o. Como resultado, n\u00e3o precisar\u00e1 da vers\u00e3o impressa da sua Autoriza\u00e7\u00e3o de Viagem do Canad\u00e1, nem precisar\u00e1 de encontrar o seu <a href=\"https:\/\/ave-eta-canada.com\/pt-pt\/recuperando-um-eta-canada-perdido\/\"> eTA Canad\u00e1 perdido,<\/a> porque nunca est\u00e1 perdido! A sua autoriza\u00e7\u00e3o eTA \u00e9 sempre armazenada no website do governo canadiano.<\/p>\n\n<p>Durante o controlo de identidade na alf\u00e2ndega, o funcion\u00e1rio da imigra\u00e7\u00e3o pedir-lhe-\u00e1 que apresente o seu passaporte v\u00e1lido (que cobre toda a sua viagem). A partir do seu passaporte, encontrar\u00e1 o seu eTA tal como est\u00e1 electronicamente anexado a ele. O agente pode pedir-lhe outros documentos tais como o seu bilhete (bilhete de regresso ou bilhete de ida e volta ao seu destino final). Para uma crian\u00e7a menor que viaje sozinha, a crian\u00e7a deve apresentar o seu passaporte, uma c\u00f3pia da sua certid\u00e3o de nascimento e uma carta de autoriza\u00e7\u00e3o parental (endere\u00e7os e n\u00fameros de telefone dos pais e da pessoa respons\u00e1vel pela crian\u00e7a no Canad\u00e1).<\/p>\n\n<p>Aqui est\u00e3o algumas dicas para os viajantes antes de partir:<\/p>\n\n<ul class=\"wp-block-list\"><li>Verifique a validade do seu passaporte electr\u00f3nico ou biom\u00e9trico (n\u00e3o deve atingir a sua data de validade durante a viagem);<\/li><li>Verificar se os dados pessoais no passaporte n\u00e3o foram alterados ap\u00f3s a obten\u00e7\u00e3o do eTA (morada, apelido, nome pr\u00f3prio, etc.).<\/li><\/ul>\n\n<p>Se algum destes dois elementos n\u00e3o for encontrado, n\u00e3o corra riscos e solicite a renova\u00e7\u00e3o do passaporte e depois um novo eTA.<\/p>\n\n<h3 class=\"wp-block-heading\">N\u00e3o recebi um e-mail de confirma\u00e7\u00e3o<\/h3>\n\n<p>Ap\u00f3s submeter a sua candidatura a eTA, dever\u00e1 receber dois emails: um aviso de recep\u00e7\u00e3o e a resposta \u00e0 sua candidatura a eTA.<\/p>\n\n<p>Se n\u00e3o tiver recebido o seu e-mail de confirma\u00e7\u00e3o de recep\u00e7\u00e3o da sua candidatura no prazo de 72 horas, ter\u00e1 de preencher um formul\u00e1rio no s\u00edtio on-line do governo canadiano, chamado formul\u00e1rio web IRCC. Note que levar\u00e1 v\u00e1rios dias a receber uma resposta ao seu pedido.<\/p>\n\n<p>Por favor, certifique-se tamb\u00e9m de verificar o seu correio n\u00e3o desejado, pois alguns filtros podem bloquear os e-mails IRCC. Isto \u00e9 especialmente importante uma vez que tamb\u00e9m receber\u00e1 a sua resposta por correio electr\u00f3nico. S\u00e3o poss\u00edveis tr\u00eas cen\u00e1rios:<\/p>\n\n<ul class=\"wp-block-list\"><li>aprova\u00e7\u00e3o, a sua candidatura \u00e9 validada. O e-mail cont\u00e9m o seu n\u00famero eTA, a sua data de validade e o n\u00famero do passaporte em causa.<\/li><li>pedido de mais informa\u00e7\u00f5es. Todas as instru\u00e7\u00f5es ser\u00e3o inclu\u00eddas no e-mail. Note que poder\u00e1 ter de apresentar a sua candidatura \u00e0 Embaixada do Canad\u00e1 durante uma entrevista com um funcion\u00e1rio consular;<\/li><li>recusa, as autoridades canadianas n\u00e3o puderam dar seguimento ao seu pedido. Um pedido de visto pode ser apresentado aos servi\u00e7os consulares.<br\/><br\/><\/li><\/ul>\n\n<h2 class=\"wp-block-heading\">Como posso verificar o meu pedido de eTA?<\/h2>\n\n<p>Se desejar recuperar a sua Autoriza\u00e7\u00e3o Electr\u00f3nica de Viagem perdida para<a href=\"https:\/\/ave-eta-canada.com\/pt-pt\/como-verificar-o-estado-da-sua-candidatura-eta-canada\/\"> verificar o estatuto da eTA<\/a> ou a sua validade, basta ir ao website privado que utilizou (e ir ao seu espa\u00e7o pessoal) ou ao website do governo canadiano.<\/p>\n\n<p>Para encontrar um eTA Canad\u00e1 perdido no site oficial, \u00e9 necess\u00e1rio :<\/p>\n\n<ul class=\"wp-block-list\"><li>especificar que \u00e9 titular da eTA e deseja consultar o seu ficheiro de Autoriza\u00e7\u00e3o Electr\u00f3nica de Viagem perdido;<\/li><li>introduzir o n\u00famero eTA que lhe foi previamente enviado por correio electr\u00f3nico;<\/li><li>introduza o n\u00famero do seu passaporte, data de emiss\u00e3o e validade;<\/li><li>o seu pa\u00eds de emiss\u00e3o ;<\/li><li>clique em &#8220;verificar o estado da sua candidatura&#8221; ;<\/li><li>e agora encontrou o seu eTA Canad\u00e1 perdido!<\/li><\/ul>\n\n<p>Esta ferramenta de verifica\u00e7\u00e3o s\u00f3 funciona para pessoas que tenham solicitado um eTA para turismo, viagens de neg\u00f3cios ou tr\u00e2nsito, bem como para aqueles que tiveram de renovar o seu passaporte ap\u00f3s terem recebido uma carta de apresenta\u00e7\u00e3o para um IEC (International Experience Canada). A ferramenta n\u00e3o \u00e9, contudo, \u00fatil para viajantes que tenham obtido automaticamente o seu eTA com a sua carta de apresenta\u00e7\u00e3o para um trabalho, est\u00e1gio ou autoriza\u00e7\u00e3o de estudo.<br\/><br\/><\/p>\n\n<h2 class=\"wp-block-heading\">Preciso de imprimir a minha aplica\u00e7\u00e3o eTA?<\/h2>\n\n<p>N\u00e3o h\u00e1 necessidade de imprimir o seu eTA, este est\u00e1 ligado electronicamente ao seu passaporte. Por outras palavras, para apresentar a sua autoriza\u00e7\u00e3o eTA, deve viajar com o passaporte que utilizou durante o pedido. <\/p>\n\n<p>Finalmente, lembrar que a autoriza\u00e7\u00e3o eTA n\u00e3o \u00e9 uma autoriza\u00e7\u00e3o para entrar no Canad\u00e1, mas sim uma autoriza\u00e7\u00e3o de viagem. Ou seja, permite-lhe chegar por via a\u00e9rea ao Canad\u00e1. Ap\u00f3s o desembarque, apenas a alf\u00e2ndega canadiana pode julgar a sua admissibilidade.<\/p>\n\n<p>Para mais informa\u00e7\u00f5es sobre a autoriza\u00e7\u00e3o eTA, por favor visite as nossas <a href=\"https:\/\/ave-eta-canada.com\/pt-pt\/eta-canada-respostas-suas-questoes\/\">Perguntas frequentes<\/a>.<\/p>\n","protected":false},"excerpt":{"rendered":"<p>Recuperando um eTA Canad\u00e1 perdido Natureza, espa\u00e7os abertos e um acolhimento caloroso, o Canad\u00e1 \u00e9 um pa\u00eds com muitos recursos. Tal como o ESTA para viajar para os Estados Unidos, visitar o Canad\u00e1 requer uma autoriza\u00e7\u00e3o de viagem que lhe permitir\u00e1 viajar para a terra do Extremo Norte. Para uma estadia de menos de 6 [&hellip;]<\/p>\n","protected":false},"author":1,"featured_media":0,"parent":0,"menu_order":0,"comment_status":"closed","ping_status":"closed","template":"","meta":{"footnotes":""},"class_list":["post-2708","page","type-page","status-publish","hentry"],"yoast_head":"<!-- This site is optimized with the Yoast SEO plugin v26.9 - https:\/\/yoast.com\/product\/yoast-seo-wordpress\/ -->\n<title>Como \u00e9 que encontro um eTA Canad\u00e1 perdido?<\/title>\n<meta name=\"description\" content=\"Tinha feito e obtido o seu eTA Canad\u00e1 mas n\u00e3o consegue de novo deitar-lhe as m\u00e3os? Descubra como fazer isto neste artigo.\" \/>\n<meta name=\"robots\" content=\"index, follow, max-snippet:-1, max-image-preview:large, max-video-preview:-1\" \/>\n<link rel=\"canonical\" href=\"https:\/\/ave-eta-canada.com\/pt-pt\/recuperando-um-eta-canada-perdido\/\" \/>\n<meta property=\"og:locale\" content=\"pt_PT\" \/>\n<meta property=\"og:type\" content=\"article\" \/>\n<meta property=\"og:title\" content=\"Como \u00e9 que encontro um eTA Canad\u00e1 perdido?\" \/>\n<meta property=\"og:description\" content=\"Tinha feito e obtido o seu eTA Canad\u00e1 mas n\u00e3o consegue de novo deitar-lhe as m\u00e3os? Descubra como fazer isto neste artigo.\" \/>\n<meta property=\"og:url\" content=\"https:\/\/ave-eta-canada.com\/pt-pt\/recuperando-um-eta-canada-perdido\/\" \/>\n<meta property=\"og:site_name\" content=\"VISA CANADA\" \/>\n<meta property=\"article:modified_time\" content=\"2022-09-09T20:15:40+00:00\" \/>\n<meta name=\"twitter:card\" content=\"summary_large_image\" \/>\n<meta name=\"twitter:label1\" content=\"Tempo estimado de leitura\" \/>\n\t<meta name=\"twitter:data1\" content=\"5 minutos\" \/>\n<script type=\"application\/ld+json\" class=\"yoast-schema-graph\">{\"@context\":\"https:\/\/schema.org\",\"@graph\":[{\"@type\":\"WebPage\",\"@id\":\"https:\/\/ave-eta-canada.com\/pt-pt\/recuperando-um-eta-canada-perdido\/\",\"url\":\"https:\/\/ave-eta-canada.com\/pt-pt\/recuperando-um-eta-canada-perdido\/\",\"name\":\"Como \u00e9 que encontro um eTA Canad\u00e1 perdido?\",\"isPartOf\":{\"@id\":\"https:\/\/ave-eta-canada.com\/pt-pt\/#website\"},\"datePublished\":\"2022-09-06T07:59:19+00:00\",\"dateModified\":\"2022-09-09T20:15:40+00:00\",\"description\":\"Tinha feito e obtido o seu eTA Canad\u00e1 mas n\u00e3o consegue de novo deitar-lhe as m\u00e3os? Descubra como fazer isto neste artigo.\",\"breadcrumb\":{\"@id\":\"https:\/\/ave-eta-canada.com\/pt-pt\/recuperando-um-eta-canada-perdido\/#breadcrumb\"},\"inLanguage\":\"pt-PT\",\"potentialAction\":[{\"@type\":\"ReadAction\",\"target\":[\"https:\/\/ave-eta-canada.com\/pt-pt\/recuperando-um-eta-canada-perdido\/\"]}]},{\"@type\":\"BreadcrumbList\",\"@id\":\"https:\/\/ave-eta-canada.com\/pt-pt\/recuperando-um-eta-canada-perdido\/#breadcrumb\",\"itemListElement\":[{\"@type\":\"ListItem\",\"position\":1,\"name\":\"Home\",\"item\":\"https:\/\/ave-eta-canada.com\/pt-pt\/\"},{\"@type\":\"ListItem\",\"position\":2,\"name\":\"Como \u00e9 que encontro um eTA Canad\u00e1 perdido?\"}]},{\"@type\":\"WebSite\",\"@id\":\"https:\/\/ave-eta-canada.com\/pt-pt\/#website\",\"url\":\"https:\/\/ave-eta-canada.com\/pt-pt\/\",\"name\":\"VISA CANADA\",\"description\":\"Autorisation Voyage Electronique\",\"potentialAction\":[{\"@type\":\"SearchAction\",\"target\":{\"@type\":\"EntryPoint\",\"urlTemplate\":\"https:\/\/ave-eta-canada.com\/pt-pt\/?s={search_term_string}\"},\"query-input\":{\"@type\":\"PropertyValueSpecification\",\"valueRequired\":true,\"valueName\":\"search_term_string\"}}],\"inLanguage\":\"pt-PT\"}]}<\/script>\n<!-- \/ Yoast SEO plugin. -->","yoast_head_json":{"title":"Como \u00e9 que encontro um eTA Canad\u00e1 perdido?","description":"Tinha feito e obtido o seu eTA Canad\u00e1 mas n\u00e3o consegue de novo deitar-lhe as m\u00e3os? Descubra como fazer isto neste artigo.","robots":{"index":"index","follow":"follow","max-snippet":"max-snippet:-1","max-image-preview":"max-image-preview:large","max-video-preview":"max-video-preview:-1"},"canonical":"https:\/\/ave-eta-canada.com\/pt-pt\/recuperando-um-eta-canada-perdido\/","og_locale":"pt_PT","og_type":"article","og_title":"Como \u00e9 que encontro um eTA Canad\u00e1 perdido?","og_description":"Tinha feito e obtido o seu eTA Canad\u00e1 mas n\u00e3o consegue de novo deitar-lhe as m\u00e3os? Descubra como fazer isto neste artigo.","og_url":"https:\/\/ave-eta-canada.com\/pt-pt\/recuperando-um-eta-canada-perdido\/","og_site_name":"VISA CANADA","article_modified_time":"2022-09-09T20:15:40+00:00","twitter_card":"summary_large_image","twitter_misc":{"Tempo estimado de leitura":"5 minutos"},"schema":{"@context":"https:\/\/schema.org","@graph":[{"@type":"WebPage","@id":"https:\/\/ave-eta-canada.com\/pt-pt\/recuperando-um-eta-canada-perdido\/","url":"https:\/\/ave-eta-canada.com\/pt-pt\/recuperando-um-eta-canada-perdido\/","name":"Como \u00e9 que encontro um eTA Canad\u00e1 perdido?","isPartOf":{"@id":"https:\/\/ave-eta-canada.com\/pt-pt\/#website"},"datePublished":"2022-09-06T07:59:19+00:00","dateModified":"2022-09-09T20:15:40+00:00","description":"Tinha feito e obtido o seu eTA Canad\u00e1 mas n\u00e3o consegue de novo deitar-lhe as m\u00e3os? Descubra como fazer isto neste artigo.","breadcrumb":{"@id":"https:\/\/ave-eta-canada.com\/pt-pt\/recuperando-um-eta-canada-perdido\/#breadcrumb"},"inLanguage":"pt-PT","potentialAction":[{"@type":"ReadAction","target":["https:\/\/ave-eta-canada.com\/pt-pt\/recuperando-um-eta-canada-perdido\/"]}]},{"@type":"BreadcrumbList","@id":"https:\/\/ave-eta-canada.com\/pt-pt\/recuperando-um-eta-canada-perdido\/#breadcrumb","itemListElement":[{"@type":"ListItem","position":1,"name":"Home","item":"https:\/\/ave-eta-canada.com\/pt-pt\/"},{"@type":"ListItem","position":2,"name":"Como \u00e9 que encontro um eTA Canad\u00e1 perdido?"}]},{"@type":"WebSite","@id":"https:\/\/ave-eta-canada.com\/pt-pt\/#website","url":"https:\/\/ave-eta-canada.com\/pt-pt\/","name":"VISA CANADA","description":"Autorisation Voyage Electronique","potentialAction":[{"@type":"SearchAction","target":{"@type":"EntryPoint","urlTemplate":"https:\/\/ave-eta-canada.com\/pt-pt\/?s={search_term_string}"},"query-input":{"@type":"PropertyValueSpecification","valueRequired":true,"valueName":"search_term_string"}}],"inLanguage":"pt-PT"}]}},"_links":{"self":[{"href":"https:\/\/ave-eta-canada.com\/pt-pt\/wp-json\/wp\/v2\/pages\/2708","targetHints":{"allow":["GET"]}}],"collection":[{"href":"https:\/\/ave-eta-canada.com\/pt-pt\/wp-json\/wp\/v2\/pages"}],"about":[{"href":"https:\/\/ave-eta-canada.com\/pt-pt\/wp-json\/wp\/v2\/types\/page"}],"author":[{"embeddable":true,"href":"https:\/\/ave-eta-canada.com\/pt-pt\/wp-json\/wp\/v2\/users\/1"}],"replies":[{"embeddable":true,"href":"https:\/\/ave-eta-canada.com\/pt-pt\/wp-json\/wp\/v2\/comments?post=2708"}],"version-history":[{"count":0,"href":"https:\/\/ave-eta-canada.com\/pt-pt\/wp-json\/wp\/v2\/pages\/2708\/revisions"}],"wp:attachment":[{"href":"https:\/\/ave-eta-canada.com\/pt-pt\/wp-json\/wp\/v2\/media?parent=2708"}],"curies":[{"name":"wp","href":"https:\/\/api.w.org\/{rel}","templated":true}]}}