{"id":2715,"date":"2022-09-06T07:59:20","date_gmt":"2022-09-06T07:59:20","guid":{"rendered":"https:\/\/ave-eta-canada.com\/ave-canada-valida-duracao-duracao\/"},"modified":"2022-09-09T19:43:36","modified_gmt":"2022-09-09T19:43:36","slug":"eta-canada-valida-duracao","status":"publish","type":"page","link":"https:\/\/ave-eta-canada.com\/pt-pt\/eta-canada-valida-duracao\/","title":{"rendered":"eTA Canad\u00e1: per\u00edodo de validade"},"content":{"rendered":"\n<h1 class=\"wp-block-heading\">Durante quanto tempo \u00e9 v\u00e1lido o eTA Canad\u00e1?<\/h1>\n\n<p>Visitar o Canad\u00e1 \u00e9 o seu sonho, Vancouver, Cidade do Quebeque, as Montanhas Rochosas, as Cataratas do Ni\u00e1gara, Ottawa e Toronto est\u00e3o apenas a um clique de dist\u00e2ncia. Se desejar viajar para o Canad\u00e1 para turismo, necessitar\u00e1 de uma Autoriza\u00e7\u00e3o Electr\u00f3nica de Viagem.<\/p>\n\n<p><strong>Para uma estadia de menos de 6 meses no Canad\u00e1<\/strong>: Pode completar as formalidades de entrada no Canad\u00e1 directamente atrav\u00e9s da Internet, clicando no <a href=\"https:\/\/ave-eta-canada.com\/pt-pt\/formulario-eta-canada\/\">formul\u00e1rio em linha<\/a>. N\u00e3o \u00e9 necess\u00e1rio marcar uma entrevista na embaixada ou consulado canadiano.<\/p>\n\n<p>A <a href=\"https:\/\/ave-eta-canada.com\/pt-pt\/\">Autoriza\u00e7\u00e3o Electr\u00f3nica de Viagem<\/a> introduzida pelo governo canadiano como parte de um programa de isen\u00e7\u00e3o de visto. O per\u00edodo de validade do eTA Canad\u00e1 \u00e9 muito vantajoso e permite ao seu titular viajar para o Canad\u00e1 por via a\u00e9rea tantas vezes quantas desejar sem ter de solicitar um visto na embaixada canadiana. Muitos pa\u00edses de todo o mundo assinaram um acordo com as autoridades canadianas para facilitar a visita de milh\u00f5es de viajantes estrangeiros ao Canad\u00e1.<\/p>\n\n<p>A autoriza\u00e7\u00e3o eTA n\u00e3o lhe permite expatriar para o Canad\u00e1, estudar, fazer um est\u00e1gio ou trabalhar, nem lhe d\u00e1 o direito \u00e0 cidadania canadiana. Faz parte de uma viagem tur\u00edstica ou de tr\u00e2nsito.<\/p>\n\n<p>Durante quanto tempo \u00e9 v\u00e1lido o eTA Canad\u00e1? Quanto tempo posso ficar no Canad\u00e1? Isto \u00e9 o que vamos descobrir neste artigo.<br\/><br\/><\/p>\n\n<h2 class=\"wp-block-heading\">Como posso obter a eTA Canada? Qual \u00e9 o seu per\u00edodo de validade?<\/h2>\n\n<p>A <a href=\"https:\/\/ave-eta-canada.com\/pt-pt\/o-que-e-eta-canada\/\">eTA Canad\u00e1<\/a> \u00e9 uma autoriza\u00e7\u00e3o de viagem electr\u00f3nica que permite aos nacionais de certos pa\u00edses viajar para o Canad\u00e1 sem visto. A eTA do Canad\u00e1 \u00e9 v\u00e1lida por um per\u00edodo de tempo diferente do visto e n\u00e3o \u00e9 solicitada na Embaixada ou Consulado Geral do Canad\u00e1, mas no website oficial do governo canadiano.<\/p>\n\n<p>Para se candidatar a um eTa Canad\u00e1, deve preencher <a href=\"https:\/\/ave-eta-canada.com\/pt-pt\/preencher-o-formulario-eta-canada\/\">o formul\u00e1rio eTA<\/a>. Esta \u00faltima consiste em v\u00e1rias perguntas sobre si, o seu trabalho, detalhes de passaporte ou o seu estado de sa\u00fade (por exemplo, perguntas sobre tuberculose). N\u00e3o se esque\u00e7a de trazer o seu passaporte (ser-lhe-\u00e1 pedido o n\u00famero) e o seu cart\u00e3o de cr\u00e9dito para efectuar o pagamento. O <a href=\"https:\/\/ave-eta-canada.com\/pt-pt\/preco-eta-canada\/\">custo de um eTA \u00e9 de 7$ CAN<\/a> (d\u00f3lares canadianos) a ser pago directamente no momento da candidatura.<\/p>\n\n<p>A validade da eTA Canad\u00e1 est\u00e1 directamente ligada \u00e0 validade do seu documento de viagem (passaporte biom\u00e9trico ou passaporte electr\u00f3nico): isto significa que se precisar de o renovar, ter\u00e1 de se candidatar a uma nova eTA Canad\u00e1.<\/p>\n\n<p>Deve saber que existem sites independentes, como o do nosso parceiro, que se oferecem para verificar as suas informa\u00e7\u00f5es antes de enviar o formul\u00e1rio eTA. Ao optar por esta solu\u00e7\u00e3o, reduz o risco de ser recusado (e ter de pagar novamente por uma nova candidatura), pois uma equipa de profissionais garante que as informa\u00e7\u00f5es introduzidas s\u00e3o correctas (n\u00famero de passaporte correcto, sem erros ou erros de dactilografia, etc.).<br\/><br\/><\/p>\n\n<h2 class=\"wp-block-heading\">Dura\u00e7\u00e3o da validade do eTA Canad\u00e1 e dura\u00e7\u00e3o da estadia<\/h2>\n\n<p>O <a href=\"https:\/\/ave-eta-canada.com\/pt-pt\/eta-canada-valida-duracao\/\">eTA Canad\u00e1 \u00e9 v\u00e1lido<\/a> por um longo per\u00edodo de tempo, para que possa desfrutar do pa\u00eds. Uma vez obtido, o eTA Canad\u00e1 \u00e9 v\u00e1lido por cinco anos.<\/p>\n\n<p>Durante este per\u00edodo, s\u00e3o permitidas v\u00e1rias viagens ao Canad\u00e1. A<a href=\"https:\/\/ave-eta-canada.com\/pt-pt\/\">autoriza\u00e7\u00e3o eTA<\/a> permite estadias de meio ano, sendo a dura\u00e7\u00e3o da estadia validada pela eTA Canad\u00e1 de um m\u00e1ximo de seis meses por estadia.<\/p>\n\n<p>Note que, ao contr\u00e1rio de um visto canadiano (autoriza\u00e7\u00e3o de trabalho, autoriza\u00e7\u00e3o de estudo) ou de um WHP, a obten\u00e7\u00e3o de um eTA n\u00e3o lhe d\u00e1 o direito de trabalhar, estudar ou fazer um est\u00e1gio em territ\u00f3rio canadiano. N\u00e3o lhe confere o estatuto de residente permanente e n\u00e3o deve ser confundido com um cart\u00e3o de resid\u00eancia.<\/p>\n\n<p>\u00c9 aconselh\u00e1vel solicitar um eTA com bastante anteced\u00eancia da sua viagem para evitar qualquer poss\u00edvel recusa.<\/p>\n\n<p>N\u00e3o hesite em contactar a nossa equipa se tiver alguma d\u00favida sobre a validade do eTA Canad\u00e1, a fim de preparar a sua viagem ao Canad\u00e1. Viagens seguras!<\/p>\n","protected":false},"excerpt":{"rendered":"<p>Durante quanto tempo \u00e9 v\u00e1lido o eTA Canad\u00e1? Visitar o Canad\u00e1 \u00e9 o seu sonho, Vancouver, Cidade do Quebeque, as Montanhas Rochosas, as Cataratas do Ni\u00e1gara, Ottawa e Toronto est\u00e3o apenas a um clique de dist\u00e2ncia. Se desejar viajar para o Canad\u00e1 para turismo, necessitar\u00e1 de uma Autoriza\u00e7\u00e3o Electr\u00f3nica de Viagem. Para uma estadia de [&hellip;]<\/p>\n","protected":false},"author":1,"featured_media":0,"parent":0,"menu_order":0,"comment_status":"closed","ping_status":"closed","template":"","meta":{"footnotes":""},"class_list":["post-2715","page","type-page","status-publish","hentry"],"yoast_head":"<!-- This site is optimized with the Yoast SEO plugin v26.9 - https:\/\/yoast.com\/product\/yoast-seo-wordpress\/ -->\n<title>eTA Canad\u00e1: per\u00edodo de validade<\/title>\n<meta name=\"description\" content=\"O eTA Canad\u00e1 \u00e9 uma autoriza\u00e7\u00e3o de viagem electr\u00f3nica que permite ao seu titular viajar para o Canad\u00e1 sem visto. Qual \u00e9 o seu per\u00edodo de validade?\" \/>\n<meta name=\"robots\" content=\"index, follow, max-snippet:-1, max-image-preview:large, max-video-preview:-1\" \/>\n<link rel=\"canonical\" href=\"https:\/\/ave-eta-canada.com\/pt-pt\/eta-canada-valida-duracao\/\" \/>\n<meta property=\"og:locale\" content=\"pt_PT\" \/>\n<meta property=\"og:type\" content=\"article\" \/>\n<meta property=\"og:title\" content=\"eTA Canad\u00e1: per\u00edodo de validade\" \/>\n<meta property=\"og:description\" content=\"O eTA Canad\u00e1 \u00e9 uma autoriza\u00e7\u00e3o de viagem electr\u00f3nica que permite ao seu titular viajar para o Canad\u00e1 sem visto. Qual \u00e9 o seu per\u00edodo de validade?\" \/>\n<meta property=\"og:url\" content=\"https:\/\/ave-eta-canada.com\/pt-pt\/eta-canada-valida-duracao\/\" \/>\n<meta property=\"og:site_name\" content=\"VISA CANADA\" \/>\n<meta property=\"article:modified_time\" content=\"2022-09-09T19:43:36+00:00\" \/>\n<meta name=\"twitter:card\" content=\"summary_large_image\" \/>\n<meta name=\"twitter:label1\" content=\"Tempo estimado de leitura\" \/>\n\t<meta name=\"twitter:data1\" content=\"3 minutos\" \/>\n<script type=\"application\/ld+json\" class=\"yoast-schema-graph\">{\"@context\":\"https:\/\/schema.org\",\"@graph\":[{\"@type\":\"WebPage\",\"@id\":\"https:\/\/ave-eta-canada.com\/pt-pt\/eta-canada-valida-duracao\/\",\"url\":\"https:\/\/ave-eta-canada.com\/pt-pt\/eta-canada-valida-duracao\/\",\"name\":\"eTA Canad\u00e1: per\u00edodo de validade\",\"isPartOf\":{\"@id\":\"https:\/\/ave-eta-canada.com\/pt-pt\/#website\"},\"datePublished\":\"2022-09-06T07:59:20+00:00\",\"dateModified\":\"2022-09-09T19:43:36+00:00\",\"description\":\"O eTA Canad\u00e1 \u00e9 uma autoriza\u00e7\u00e3o de viagem electr\u00f3nica que permite ao seu titular viajar para o Canad\u00e1 sem visto. Qual \u00e9 o seu per\u00edodo de validade?\",\"breadcrumb\":{\"@id\":\"https:\/\/ave-eta-canada.com\/pt-pt\/eta-canada-valida-duracao\/#breadcrumb\"},\"inLanguage\":\"pt-PT\",\"potentialAction\":[{\"@type\":\"ReadAction\",\"target\":[\"https:\/\/ave-eta-canada.com\/pt-pt\/eta-canada-valida-duracao\/\"]}]},{\"@type\":\"BreadcrumbList\",\"@id\":\"https:\/\/ave-eta-canada.com\/pt-pt\/eta-canada-valida-duracao\/#breadcrumb\",\"itemListElement\":[{\"@type\":\"ListItem\",\"position\":1,\"name\":\"Home\",\"item\":\"https:\/\/ave-eta-canada.com\/pt-pt\/\"},{\"@type\":\"ListItem\",\"position\":2,\"name\":\"eTA Canad\u00e1: per\u00edodo de validade\"}]},{\"@type\":\"WebSite\",\"@id\":\"https:\/\/ave-eta-canada.com\/pt-pt\/#website\",\"url\":\"https:\/\/ave-eta-canada.com\/pt-pt\/\",\"name\":\"VISA CANADA\",\"description\":\"Autorisation Voyage Electronique\",\"potentialAction\":[{\"@type\":\"SearchAction\",\"target\":{\"@type\":\"EntryPoint\",\"urlTemplate\":\"https:\/\/ave-eta-canada.com\/pt-pt\/?s={search_term_string}\"},\"query-input\":{\"@type\":\"PropertyValueSpecification\",\"valueRequired\":true,\"valueName\":\"search_term_string\"}}],\"inLanguage\":\"pt-PT\"}]}<\/script>\n<!-- \/ Yoast SEO plugin. -->","yoast_head_json":{"title":"eTA Canad\u00e1: per\u00edodo de validade","description":"O eTA Canad\u00e1 \u00e9 uma autoriza\u00e7\u00e3o de viagem electr\u00f3nica que permite ao seu titular viajar para o Canad\u00e1 sem visto. Qual \u00e9 o seu per\u00edodo de validade?","robots":{"index":"index","follow":"follow","max-snippet":"max-snippet:-1","max-image-preview":"max-image-preview:large","max-video-preview":"max-video-preview:-1"},"canonical":"https:\/\/ave-eta-canada.com\/pt-pt\/eta-canada-valida-duracao\/","og_locale":"pt_PT","og_type":"article","og_title":"eTA Canad\u00e1: per\u00edodo de validade","og_description":"O eTA Canad\u00e1 \u00e9 uma autoriza\u00e7\u00e3o de viagem electr\u00f3nica que permite ao seu titular viajar para o Canad\u00e1 sem visto. Qual \u00e9 o seu per\u00edodo de validade?","og_url":"https:\/\/ave-eta-canada.com\/pt-pt\/eta-canada-valida-duracao\/","og_site_name":"VISA CANADA","article_modified_time":"2022-09-09T19:43:36+00:00","twitter_card":"summary_large_image","twitter_misc":{"Tempo estimado de leitura":"3 minutos"},"schema":{"@context":"https:\/\/schema.org","@graph":[{"@type":"WebPage","@id":"https:\/\/ave-eta-canada.com\/pt-pt\/eta-canada-valida-duracao\/","url":"https:\/\/ave-eta-canada.com\/pt-pt\/eta-canada-valida-duracao\/","name":"eTA Canad\u00e1: per\u00edodo de validade","isPartOf":{"@id":"https:\/\/ave-eta-canada.com\/pt-pt\/#website"},"datePublished":"2022-09-06T07:59:20+00:00","dateModified":"2022-09-09T19:43:36+00:00","description":"O eTA Canad\u00e1 \u00e9 uma autoriza\u00e7\u00e3o de viagem electr\u00f3nica que permite ao seu titular viajar para o Canad\u00e1 sem visto. Qual \u00e9 o seu per\u00edodo de validade?","breadcrumb":{"@id":"https:\/\/ave-eta-canada.com\/pt-pt\/eta-canada-valida-duracao\/#breadcrumb"},"inLanguage":"pt-PT","potentialAction":[{"@type":"ReadAction","target":["https:\/\/ave-eta-canada.com\/pt-pt\/eta-canada-valida-duracao\/"]}]},{"@type":"BreadcrumbList","@id":"https:\/\/ave-eta-canada.com\/pt-pt\/eta-canada-valida-duracao\/#breadcrumb","itemListElement":[{"@type":"ListItem","position":1,"name":"Home","item":"https:\/\/ave-eta-canada.com\/pt-pt\/"},{"@type":"ListItem","position":2,"name":"eTA Canad\u00e1: per\u00edodo de validade"}]},{"@type":"WebSite","@id":"https:\/\/ave-eta-canada.com\/pt-pt\/#website","url":"https:\/\/ave-eta-canada.com\/pt-pt\/","name":"VISA CANADA","description":"Autorisation Voyage Electronique","potentialAction":[{"@type":"SearchAction","target":{"@type":"EntryPoint","urlTemplate":"https:\/\/ave-eta-canada.com\/pt-pt\/?s={search_term_string}"},"query-input":{"@type":"PropertyValueSpecification","valueRequired":true,"valueName":"search_term_string"}}],"inLanguage":"pt-PT"}]}},"_links":{"self":[{"href":"https:\/\/ave-eta-canada.com\/pt-pt\/wp-json\/wp\/v2\/pages\/2715","targetHints":{"allow":["GET"]}}],"collection":[{"href":"https:\/\/ave-eta-canada.com\/pt-pt\/wp-json\/wp\/v2\/pages"}],"about":[{"href":"https:\/\/ave-eta-canada.com\/pt-pt\/wp-json\/wp\/v2\/types\/page"}],"author":[{"embeddable":true,"href":"https:\/\/ave-eta-canada.com\/pt-pt\/wp-json\/wp\/v2\/users\/1"}],"replies":[{"embeddable":true,"href":"https:\/\/ave-eta-canada.com\/pt-pt\/wp-json\/wp\/v2\/comments?post=2715"}],"version-history":[{"count":0,"href":"https:\/\/ave-eta-canada.com\/pt-pt\/wp-json\/wp\/v2\/pages\/2715\/revisions"}],"wp:attachment":[{"href":"https:\/\/ave-eta-canada.com\/pt-pt\/wp-json\/wp\/v2\/media?parent=2715"}],"curies":[{"name":"wp","href":"https:\/\/api.w.org\/{rel}","templated":true}]}}