{"id":2726,"date":"2022-09-06T07:59:21","date_gmt":"2022-09-06T07:59:21","guid":{"rendered":"https:\/\/ave-eta-canada.com\/with-canada-awards\/"},"modified":"2022-09-09T20:07:33","modified_gmt":"2022-09-09T20:07:33","slug":"preco-eta-canada","status":"publish","type":"page","link":"https:\/\/ave-eta-canada.com\/pt-pt\/preco-eta-canada\/","title":{"rendered":"eTA Canad\u00e1: o seu pre\u00e7o"},"content":{"rendered":"\n<h1 class=\"wp-block-heading\">Quanto custa um eTA Canad\u00e1?<\/h1>\n\n<p>O Canad\u00e1 \u00e9 um destino de sonho para milh\u00f5es de pessoas todos os anos. Perfeito para f\u00e9rias com a fam\u00edlia, amigos, casais ou mesmo sozinho, \u00e9 agora poss\u00edvel ir l\u00e1 facilmente gra\u00e7as \u00e0 eTA Canad\u00e1 (Electronic Travel Authorisation). A Autoriza\u00e7\u00e3o Electr\u00f3nica de Viagem para o Canad\u00e1 permite-lhe desfrutar das muitas actividades no Canad\u00e1 sem solicitar um visto.  <\/p>\n\n<p><strong>Para uma estadia de menos de 6 meses no Canad\u00e1<\/strong>: Pode completar as formalidades de entrada no Canad\u00e1 directamente atrav\u00e9s da Internet, clicando no <a href=\"https:\/\/ave-eta-canada.com\/pt-pt\/formulario-eta-canada\/\">formul\u00e1rio em linha<\/a>. N\u00e3o \u00e9 necess\u00e1rio marcar uma entrevista na embaixada ou consulado canadiano.<\/p>\n\n<br\/>\n\n<h2 class=\"wp-block-heading\">Compara\u00e7\u00e3o do pre\u00e7o do eTA Canad\u00e1 e do visto<\/h2>\n\n<p>A eTA, ou <a href=\"https:\/\/ave-eta-canada.com\/pt-pt\/quando-se-candidatar-a-autorizacao-eta-para-o-canada\/\">Autoriza\u00e7\u00e3o Electr\u00f3nica de Viagem<\/a>, permite que os estrangeiros estejam isentos da obriga\u00e7\u00e3o de visto para viajar para o Canad\u00e1 por via a\u00e9rea ou em tr\u00e2nsito antes de voarem para outro destino. Apenas os nacionais dos pa\u00edses abrangidos por este esquema podem beneficiar deste passe. O viajante deve tamb\u00e9m estar na posse de um passaporte v\u00e1lido e permanecer no Canad\u00e1 por um per\u00edodo m\u00e1ximo de 6 meses. A vantagem do eTA Canad\u00e1 \u00e9 que \u00e9 v\u00e1lido por cinco anos, o que lhe permite regressar ao Canad\u00e1 tantas vezes quantas desejar dentro do prazo permitido para cada visita (6 meses no m\u00e1ximo). Contudo, n\u00e3o esperem poder trabalhar no Canad\u00e1, viver no Canad\u00e1, fazer um est\u00e1gio ou estudar numa universidade canadiana com um eTA. Se este \u00e9 o seu objectivo, deve solicitar um WHP (Working Holiday Permit) ou um visto.<\/p>\n\n<p>A obten\u00e7\u00e3o de um visto para umas f\u00e9rias no Canad\u00e1 pode ser complicada. De facto, o governo canadiano tem de respeitar as quotas de emiss\u00e3o. Por esta raz\u00e3o, as condi\u00e7\u00f5es s\u00e3o dif\u00edceis de satisfazer (incluindo a prova de elevados recursos financeiros). As etapas (o pedido e a constitui\u00e7\u00e3o do processo com os documentos necess\u00e1rios) e o tempo de resposta s\u00e3o longos e o pre\u00e7o \u00e9 mais elevado do que para um eTA Canad\u00e1. O pre\u00e7o de um visto de residente tempor\u00e1rio para o Canad\u00e1 \u00e9 de $100-$150 CAD, o que \u00e9 um or\u00e7amento real em compara\u00e7\u00e3o com a taxa<a>eTA Canada<\/a>, especialmente se for com mais de uma pessoa! Para mais informa\u00e7\u00f5es sobre o visto canadiano, visite por favor o website da Embaixada do Canad\u00e1.<\/p>\n\n<p>Como pode ver, para descobrir o Canad\u00e1, para saborear especialidades como a tarte de figo ou de pastor (semelhante \u00e0 nossa tarte de pastor, mas com milho), aconselhamo-lo vivamente a solicitar um eTA Canad\u00e1, uma vez que o pre\u00e7o \u00e9 muito inferior ao de um visto. Toronto (a cidade mais cosmopolita!), Cidade do Quebeque, Ottawa e Vancouver est\u00e3o \u00e0 sua espera!<br\/><br\/><\/p>\n\n<h2 class=\"wp-block-heading\">Encomendar um eTA Canad\u00e1 e descobrir a taxa<\/h2>\n\n<p>Se viajar para o Canad\u00e1 com v\u00e1rias pessoas, ainda n\u00e3o \u00e9 poss\u00edvel candidatar-se como grupo e pagar a taxa eTA Canad\u00e1 para v\u00e1rias pessoas ao mesmo tempo. As candidaturas s\u00e3o feitas uma a uma, individualmente, e <a href=\"https:\/\/ave-eta-canada.com\/pt-pt\/preco-eta-canada\/\">a taxa eTA<\/a> deve ser paga separadamente.<\/p>\n\n<p>Os documentos necess\u00e1rios para a candidatura s\u00e3o: todos os passaportes necess\u00e1rios (verificar a sua validade) e um cart\u00e3o de pagamento. H\u00e1 duas maneiras de solicitar o seu eTA online:<\/p>\n\n<ul class=\"wp-block-list\"><li>fazer o pedido atrav\u00e9s de um website privado, uma equipa tratar\u00e1 ent\u00e3o do pedido por si, a fim de evitar qualquer erro no preenchimento do formul\u00e1rio em linha;<\/li><li>candidatar-se no website oficial do governo canadiano. Cada campo do formul\u00e1rio deve ser preenchido cuidadosamente e as perguntas devem ser respondidas honestamente. Note que um \u00fanico erro pode resultar na rejei\u00e7\u00e3o imediata da sua candidatura.<\/li><\/ul>\n\n<p>Uma vez preenchido o formul\u00e1rio o mais exaustivamente poss\u00edvel, ser-lhe-\u00e1 pedido que pague uma taxa a fim de validar a sua candidatura.<\/p>\n\n<p>Atrav\u00e9s do website do governo canadiano, ser-lhe-\u00e1 pedido que pague $7 CAD (d\u00f3lares canadianos). Se solicitar os servi\u00e7os de uma plataforma privada, ser\u00e3o aplicadas taxas adicionais, mas o pre\u00e7o continua a ser atractivo!<\/p>\n\n<p>Uma resposta \u00e9 entregue ao seu correio electr\u00f3nico normalmente em minutos. Contudo, n\u00e3o se preocupe, se n\u00e3o tiver recebido uma resposta imediata, pode demorar alguns dias.<\/p>\n\n<p>Uma vez que o <a href=\"https:\/\/ave-eta-canada.com\/pt-pt\/quanto-tempo-demora-obtencao-eta-canada\/\">seu eTA Canad\u00e1<\/a> tenha sido validado, pode voar para o Canad\u00e1. Contudo, deve estar ciente de que apenas o funcion\u00e1rio aduaneiro no local decide se pode ou n\u00e3o entrar no Canad\u00e1.<\/p>\n\n<p>Eis o nosso \u00faltimo conselho aos viajantes, agora que sabe quanto custa o eTA Canad\u00e1: antes de partir para o Canad\u00e1, n\u00e3o se esque\u00e7a de pensar num seguro de viagem em caso de problema e numa chapka se estiver a voar no Inverno.<\/p>\n\n<p>Aqui vamos n\u00f3s, aproveite a sua estadia no Canad\u00e1!<\/p>\n","protected":false},"excerpt":{"rendered":"<p>Quanto custa um eTA Canad\u00e1? O Canad\u00e1 \u00e9 um destino de sonho para milh\u00f5es de pessoas todos os anos. Perfeito para f\u00e9rias com a fam\u00edlia, amigos, casais ou mesmo sozinho, \u00e9 agora poss\u00edvel ir l\u00e1 facilmente gra\u00e7as \u00e0 eTA Canad\u00e1 (Electronic Travel Authorisation). A Autoriza\u00e7\u00e3o Electr\u00f3nica de Viagem para o Canad\u00e1 permite-lhe desfrutar das muitas [&hellip;]<\/p>\n","protected":false},"author":1,"featured_media":0,"parent":0,"menu_order":0,"comment_status":"closed","ping_status":"closed","template":"","meta":{"footnotes":""},"class_list":["post-2726","page","type-page","status-publish","hentry"],"yoast_head":"<!-- This site is optimized with the Yoast SEO plugin v26.9 - https:\/\/yoast.com\/product\/yoast-seo-wordpress\/ -->\n<title>eTA Canad\u00e1: o seu pre\u00e7o<\/title>\n<meta name=\"description\" content=\"Quer candidatar-se a um eTA Canad\u00e1, mas n\u00e3o sabe quanto vai custar? A nossa equipa de peritos conta-vos tudo neste artigo!\" \/>\n<meta name=\"robots\" content=\"index, follow, max-snippet:-1, max-image-preview:large, max-video-preview:-1\" \/>\n<link rel=\"canonical\" href=\"https:\/\/ave-eta-canada.com\/pt-pt\/preco-eta-canada\/\" \/>\n<meta property=\"og:locale\" content=\"pt_PT\" \/>\n<meta property=\"og:type\" content=\"article\" \/>\n<meta property=\"og:title\" content=\"eTA Canad\u00e1: o seu pre\u00e7o\" \/>\n<meta property=\"og:description\" content=\"Quer candidatar-se a um eTA Canad\u00e1, mas n\u00e3o sabe quanto vai custar? A nossa equipa de peritos conta-vos tudo neste artigo!\" \/>\n<meta property=\"og:url\" content=\"https:\/\/ave-eta-canada.com\/pt-pt\/preco-eta-canada\/\" \/>\n<meta property=\"og:site_name\" content=\"VISA CANADA\" \/>\n<meta property=\"article:modified_time\" content=\"2022-09-09T20:07:33+00:00\" \/>\n<meta name=\"twitter:card\" content=\"summary_large_image\" \/>\n<meta name=\"twitter:label1\" content=\"Tempo estimado de leitura\" \/>\n\t<meta name=\"twitter:data1\" content=\"4 minutos\" \/>\n<script type=\"application\/ld+json\" class=\"yoast-schema-graph\">{\"@context\":\"https:\/\/schema.org\",\"@graph\":[{\"@type\":\"WebPage\",\"@id\":\"https:\/\/ave-eta-canada.com\/pt-pt\/preco-eta-canada\/\",\"url\":\"https:\/\/ave-eta-canada.com\/pt-pt\/preco-eta-canada\/\",\"name\":\"eTA Canad\u00e1: o seu pre\u00e7o\",\"isPartOf\":{\"@id\":\"https:\/\/ave-eta-canada.com\/pt-pt\/#website\"},\"datePublished\":\"2022-09-06T07:59:21+00:00\",\"dateModified\":\"2022-09-09T20:07:33+00:00\",\"description\":\"Quer candidatar-se a um eTA Canad\u00e1, mas n\u00e3o sabe quanto vai custar? A nossa equipa de peritos conta-vos tudo neste artigo!\",\"breadcrumb\":{\"@id\":\"https:\/\/ave-eta-canada.com\/pt-pt\/preco-eta-canada\/#breadcrumb\"},\"inLanguage\":\"pt-PT\",\"potentialAction\":[{\"@type\":\"ReadAction\",\"target\":[\"https:\/\/ave-eta-canada.com\/pt-pt\/preco-eta-canada\/\"]}]},{\"@type\":\"BreadcrumbList\",\"@id\":\"https:\/\/ave-eta-canada.com\/pt-pt\/preco-eta-canada\/#breadcrumb\",\"itemListElement\":[{\"@type\":\"ListItem\",\"position\":1,\"name\":\"Home\",\"item\":\"https:\/\/ave-eta-canada.com\/pt-pt\/\"},{\"@type\":\"ListItem\",\"position\":2,\"name\":\"eTA Canad\u00e1: o seu pre\u00e7o\"}]},{\"@type\":\"WebSite\",\"@id\":\"https:\/\/ave-eta-canada.com\/pt-pt\/#website\",\"url\":\"https:\/\/ave-eta-canada.com\/pt-pt\/\",\"name\":\"VISA CANADA\",\"description\":\"Autorisation Voyage Electronique\",\"potentialAction\":[{\"@type\":\"SearchAction\",\"target\":{\"@type\":\"EntryPoint\",\"urlTemplate\":\"https:\/\/ave-eta-canada.com\/pt-pt\/?s={search_term_string}\"},\"query-input\":{\"@type\":\"PropertyValueSpecification\",\"valueRequired\":true,\"valueName\":\"search_term_string\"}}],\"inLanguage\":\"pt-PT\"}]}<\/script>\n<!-- \/ Yoast SEO plugin. -->","yoast_head_json":{"title":"eTA Canad\u00e1: o seu pre\u00e7o","description":"Quer candidatar-se a um eTA Canad\u00e1, mas n\u00e3o sabe quanto vai custar? A nossa equipa de peritos conta-vos tudo neste artigo!","robots":{"index":"index","follow":"follow","max-snippet":"max-snippet:-1","max-image-preview":"max-image-preview:large","max-video-preview":"max-video-preview:-1"},"canonical":"https:\/\/ave-eta-canada.com\/pt-pt\/preco-eta-canada\/","og_locale":"pt_PT","og_type":"article","og_title":"eTA Canad\u00e1: o seu pre\u00e7o","og_description":"Quer candidatar-se a um eTA Canad\u00e1, mas n\u00e3o sabe quanto vai custar? A nossa equipa de peritos conta-vos tudo neste artigo!","og_url":"https:\/\/ave-eta-canada.com\/pt-pt\/preco-eta-canada\/","og_site_name":"VISA CANADA","article_modified_time":"2022-09-09T20:07:33+00:00","twitter_card":"summary_large_image","twitter_misc":{"Tempo estimado de leitura":"4 minutos"},"schema":{"@context":"https:\/\/schema.org","@graph":[{"@type":"WebPage","@id":"https:\/\/ave-eta-canada.com\/pt-pt\/preco-eta-canada\/","url":"https:\/\/ave-eta-canada.com\/pt-pt\/preco-eta-canada\/","name":"eTA Canad\u00e1: o seu pre\u00e7o","isPartOf":{"@id":"https:\/\/ave-eta-canada.com\/pt-pt\/#website"},"datePublished":"2022-09-06T07:59:21+00:00","dateModified":"2022-09-09T20:07:33+00:00","description":"Quer candidatar-se a um eTA Canad\u00e1, mas n\u00e3o sabe quanto vai custar? A nossa equipa de peritos conta-vos tudo neste artigo!","breadcrumb":{"@id":"https:\/\/ave-eta-canada.com\/pt-pt\/preco-eta-canada\/#breadcrumb"},"inLanguage":"pt-PT","potentialAction":[{"@type":"ReadAction","target":["https:\/\/ave-eta-canada.com\/pt-pt\/preco-eta-canada\/"]}]},{"@type":"BreadcrumbList","@id":"https:\/\/ave-eta-canada.com\/pt-pt\/preco-eta-canada\/#breadcrumb","itemListElement":[{"@type":"ListItem","position":1,"name":"Home","item":"https:\/\/ave-eta-canada.com\/pt-pt\/"},{"@type":"ListItem","position":2,"name":"eTA Canad\u00e1: o seu pre\u00e7o"}]},{"@type":"WebSite","@id":"https:\/\/ave-eta-canada.com\/pt-pt\/#website","url":"https:\/\/ave-eta-canada.com\/pt-pt\/","name":"VISA CANADA","description":"Autorisation Voyage Electronique","potentialAction":[{"@type":"SearchAction","target":{"@type":"EntryPoint","urlTemplate":"https:\/\/ave-eta-canada.com\/pt-pt\/?s={search_term_string}"},"query-input":{"@type":"PropertyValueSpecification","valueRequired":true,"valueName":"search_term_string"}}],"inLanguage":"pt-PT"}]}},"_links":{"self":[{"href":"https:\/\/ave-eta-canada.com\/pt-pt\/wp-json\/wp\/v2\/pages\/2726","targetHints":{"allow":["GET"]}}],"collection":[{"href":"https:\/\/ave-eta-canada.com\/pt-pt\/wp-json\/wp\/v2\/pages"}],"about":[{"href":"https:\/\/ave-eta-canada.com\/pt-pt\/wp-json\/wp\/v2\/types\/page"}],"author":[{"embeddable":true,"href":"https:\/\/ave-eta-canada.com\/pt-pt\/wp-json\/wp\/v2\/users\/1"}],"replies":[{"embeddable":true,"href":"https:\/\/ave-eta-canada.com\/pt-pt\/wp-json\/wp\/v2\/comments?post=2726"}],"version-history":[{"count":0,"href":"https:\/\/ave-eta-canada.com\/pt-pt\/wp-json\/wp\/v2\/pages\/2726\/revisions"}],"wp:attachment":[{"href":"https:\/\/ave-eta-canada.com\/pt-pt\/wp-json\/wp\/v2\/media?parent=2726"}],"curies":[{"name":"wp","href":"https:\/\/api.w.org\/{rel}","templated":true}]}}