{"id":2727,"date":"2022-09-06T07:59:21","date_gmt":"2022-09-06T07:59:21","guid":{"rendered":"https:\/\/ave-eta-canada.com\/a-visa-e-it-essential-to-come-to-canada\/"},"modified":"2022-09-09T20:24:18","modified_gmt":"2022-09-09T20:24:18","slug":"voce-precisa-de-um-visto-para-ir-para-o-canada","status":"publish","type":"page","link":"https:\/\/ave-eta-canada.com\/pt-pt\/voce-precisa-de-um-visto-para-ir-para-o-canada\/","title":{"rendered":"\u00c9 necess\u00e1rio um visto para viajar para o Canad\u00e1?"},"content":{"rendered":"\n<h1 class=\"wp-block-heading\">\u00c9 necess\u00e1rio um visto para entrar no Canad\u00e1?<\/h1>\n\n<p>Quer esteja de visita ao Canad\u00e1 para turismo, neg\u00f3cios ou mesmo para tr\u00e2nsito, o governo canadiano exige sistematicamente uma autoriza\u00e7\u00e3o de viagem para entrar no pa\u00eds.  <\/p>\n\n<p><strong>Para uma estadia de menos de 6 meses no Canad\u00e1<\/strong>: Pode completar as formalidades de entrada no Canad\u00e1 directamente atrav\u00e9s da Internet, clicando no <a href=\"https:\/\/ave-eta-canada.com\/pt-pt\/formulario-eta-canada\/\">formul\u00e1rio em linha<\/a>. N\u00e3o \u00e9 necess\u00e1rio marcar uma entrevista na embaixada ou consulado canadiano.<\/p>\n\n<p>Por conseguinte, n\u00e3o \u00e9 necess\u00e1rio solicitar um visto do Canad\u00e1, uma Autoriza\u00e7\u00e3o de Viagem \u00e9 suficiente: a Autoriza\u00e7\u00e3o Electr\u00f3nica de Viagem (eTA). Descubra neste artigo quando ser\u00e1 libertado das demoradas e dispendiosas formalidades para obter um visto do Canad\u00e1.  <\/p>\n\n<h2 class=\"wp-block-heading\"><br\/>O eTA Canad\u00e1: uma alternativa a um visto<\/h2>\n\n<p>A <a href=\"https:\/\/ave-eta-canada.com\/pt-pt\/\">Autoriza\u00e7\u00e3o Electr\u00f3nica de Viagem<\/a> ou <a href=\"https:\/\/ave-eta-canada.com\/pt-pt\/o-que-e-eta-canada\/\"> eTA<\/a> entrou em vigor em 2016. Funciona de forma semelhante ao ESTA para os EUA, ou seja, s\u00f3 pode ser obtido online e permite viajar sem visto.<\/p>\n\n<h3 class=\"wp-block-heading\">Quais s\u00e3o as diferen\u00e7as entre o visto do Canad\u00e1 e o eTA?<\/h3>\n\n<p>O eTA n\u00e3o se destina a substituir o visto do Canad\u00e1, uma vez que estes dois documentos de viagem n\u00e3o se destinam \u00e0s mesmas pessoas e s\u00e3o emitidos em condi\u00e7\u00f5es de estadia diferentes. Em termos pr\u00e1ticos, o eTA s\u00f3 se aplica no caso de uma curta estadia em solo canadiano. Assim, a <a href=\"https:\/\/ave-eta-canada.com\/pt-pt\/eta-ou-esta-que-viagem-permissiona-escolha-para-a-sua-estadia\/\">dura\u00e7\u00e3o m\u00e1xima de uma viagem ao Canad\u00e1<\/a> com um eTA \u00e9 de 6 meses. Se a estadia exceder um dia, \u00e9 necess\u00e1rio um pedido de visto para a embaixada canadiana.<\/p>\n\n<p>Para al\u00e9m da dura\u00e7\u00e3o da viagem, o objectivo da estadia \u00e9 importante para determinar se precisa de viajar com um eTA ou com um visto do Canad\u00e1. O IRCC (Immigration, Refugees and Citizenship Canada), a autoridade canadiana respons\u00e1vel pela emiss\u00e3o de eTA, definiu casos muito espec\u00edficos para a obten\u00e7\u00e3o desta autoriza\u00e7\u00e3o de viagem. Assim, o eTA s\u00f3 se aplica nos seguintes casos:<\/p>\n\n<ul class=\"wp-block-list\"><li>viagem tur\u00edstica ;<\/li><li>viagens de neg\u00f3cios (assistir a uma confer\u00eancia, visitar um cliente, assinar um contrato, etc.). Se o seu objectivo \u00e9 estudar no Canad\u00e1, trabalhar ou mesmo fazer um est\u00e1gio, ter\u00e1 de obter um visto;<\/li><li>tr\u00e2nsito para outro pa\u00eds.<\/li><\/ul>\n\n<p>O modo de entrada no Canad\u00e1 \u00e9 tamb\u00e9m muito importante. O eTA s\u00f3 permite viajar para o Canad\u00e1 por via a\u00e9rea. Em caso de chegada por terra ou mar, s\u00f3 ser\u00e1 permitido o visto.<\/p>\n\n<p>Finalmente, a nacionalidade do nacional tamb\u00e9m determina a escolha da autoriza\u00e7\u00e3o de viagem. Todos os estrangeiros provenientes de um pa\u00eds isento da obriga\u00e7\u00e3o de visto podem obter uma autoriza\u00e7\u00e3o de resid\u00eancia tempor\u00e1ria. A isen\u00e7\u00e3o de visto do Canad\u00e1 aplica-se a todos os cidad\u00e3os da UE, bem como \u00e0 Austr\u00e1lia, Nova Zel\u00e2ndia e Jap\u00e3o. Se n\u00e3o for cidad\u00e3o de um pa\u00eds isento de visto, ser\u00e1 obrigado a solicitar um TRV (Visto de Residente Tempor\u00e1rio) do Canad\u00e1 junto da Embaixada do Canad\u00e1.<\/p>\n\n<h3 class=\"wp-block-heading\">Candidatura a um eTA<\/h3>\n\n<p>Se tiver a certeza de que cumpre os requisitos de elegibilidade acima mencionados, pode ent\u00e3o avan\u00e7ar para o passo seguinte: preencher o formul\u00e1rio em linha.<\/p>\n\n<p>O objectivo deste formul\u00e1rio \u00e9 verificar que n\u00e3o constitui um perigo para a seguran\u00e7a interna do pa\u00eds e que n\u00e3o deseja imigrar para o Canad\u00e1.<\/p>\n\n<p>A candidatura a um eTA \u00e9 exclusivamente online. Pode aceder ao formul\u00e1rio no site oficial do governo federal canadiano ou atrav\u00e9s do nosso site parceiro. Se escolher esta segunda op\u00e7\u00e3o, ir\u00e1 beneficiar de apoio personalizado para o ajudar neste processo.<\/p>\n\n<p>H\u00e1 sempre uma taxa para requerer um eTA, mas o pre\u00e7o \u00e9 muito mais baixo do que para um visto.<\/p>\n\n<h2 class=\"wp-block-heading\">Trabalhar no Canad\u00e1: imposs\u00edvel sem uma licen\u00e7a de trabalho<\/h2>\n\n<p>Se o seu plano for trabalhar temporariamente no Canad\u00e1, ter\u00e1 de solicitar uma licen\u00e7a de trabalho.<\/p>\n\n<p>Note que se pretende fazer um est\u00e1gio no Canad\u00e1, ter\u00e1 tamb\u00e9m de solicitar uma autoriza\u00e7\u00e3o de trabalho. De facto, o Governo do Canad\u00e1 n\u00e3o faz distin\u00e7\u00e3o entre empregos tradicionais e est\u00e1gios. Estes \u00faltimos s\u00e3o considerados como empregos de pleno direito, independentemente da dura\u00e7\u00e3o do est\u00e1gio e da remunera\u00e7\u00e3o.<\/p>\n\n<p>O <a href=\"https:\/\/ave-eta-canada.com\/pt-pt\/whv-canada-como-obter-uma-permissao-de-ferias-de-trabalho\/\">pedido de autoriza\u00e7\u00e3o de trabalho<\/a> pode ser feito atrav\u00e9s de um formul\u00e1rio em papel ou simplesmente online. Se escolher a segunda op\u00e7\u00e3o, tudo o que tem de fazer \u00e9 dirigir-se ao website oficial do governo canadiano e fornecer as seguintes informa\u00e7\u00f5es:<\/p>\n\n<ul class=\"wp-block-list\"><li>informa\u00e7\u00f5es pessoais de estado civil ;<\/li><li>uma oferta de emprego do seu empregador;<\/li><li>documentos comprovativos de que as suas compet\u00eancias s\u00e3o suficientes para satisfazer os requisitos do trabalho (diploma, certificado do seu antigo empregador, etc.).<\/li><\/ul>\n\n<p>Ser-lhe-\u00e1 igualmente pedido que forne\u00e7a os seus dados biom\u00e9tricos (impress\u00f5es digitais e fotografia de passaporte). Para completar esta formalidade, traga o seu cart\u00e3o de cr\u00e9dito. Ter\u00e1 de pagar algumas taxas de processamento.<\/p>\n\n<p>Note que se n\u00e3o for de um pa\u00eds isento de visto, ter\u00e1 de solicitar em paralelo um visto de residente tempor\u00e1rio.<\/p>\n\n<h2 class=\"wp-block-heading\"><br\/>Visto do Canad\u00e1: o PVT<\/h2>\n\n<p>A Working Holiday Permit (WHP) Canada, tamb\u00e9m conhecida como visto de trabalho de f\u00e9rias, foi introduzida como parte do programa International Experience Canada (IEC). Visa incentivar o interc\u00e2mbio de jovens entre o Canad\u00e1 e 32 pa\u00edses parceiros.<\/p>\n\n<p>O WHP Canad\u00e1 \u00e9 uma licen\u00e7a de trabalho que lhe permite permanecer no Canad\u00e1 por at\u00e9 24 meses. A sua principal vantagem \u00e9 a liberdade e flexibilidade que oferece. De facto, n\u00e3o requer encontrar um empregador antes da partida e permite mudar de empresa tantas vezes quantas desejar durante o seu per\u00edodo de validade e em todo o territ\u00f3rio (Toronto, Ottawa, Vancouver, Quebec&#8230;). Al\u00e9m disso, como o nome sugere, permite-lhe ficar tamb\u00e9m para fins tur\u00edsticos: \u00e9 livre de trabalhar e visitar o Canad\u00e1 como desejar.<\/p>\n\n<p>Como em qualquer autoriza\u00e7\u00e3o de viagem, o WHP est\u00e1 sujeito a alguns requisitos. Aqui est\u00e3o os principais pontos a serem respeitados para ser eleg\u00edvel para o WHP Canad\u00e1:<\/p>\n\n<ul class=\"wp-block-list\"><li>Ter um passaporte v\u00e1lido (passaporte biom\u00e9trico ou electr\u00f3nico);<\/li><li>ter entre 18 e 35 anos de idade, inclusive;<\/li><li>ter pelo menos C$2.500 para cobrir as despesas iniciais;<\/li><li>subscrever um seguro de viagem;<\/li><li>estar na posse de um bilhete de avi\u00e3o de regresso ou provar que tem recursos financeiros suficientes para comprar um bilhete de regresso no final da sua estadia;<\/li><li>ser admiss\u00edvel no Canad\u00e1, ou seja, n\u00e3o representar um risco para a seguran\u00e7a interna (ou sanit\u00e1ria) canadiana.<\/li><\/ul>\n\n<p>Tal como o eTA, a aplica\u00e7\u00e3o online para um WHP Canad\u00e1 \u00e9 feita no website do governo canadiano atrav\u00e9s do servi\u00e7o de Imigra\u00e7\u00e3o do Canad\u00e1.<\/p>\n\n<p>Note-se que, devido \u00e0 crescente popularidade do WHP, o <a href=\"https:\/\/www.canada.ca\/\">governo canadiano<\/a> implementou um sistema de quotas para cada pa\u00eds. Assim, a sua aplica\u00e7\u00e3o WHP ser\u00e1 sujeita a um sorteio aleat\u00f3rio. A obten\u00e7\u00e3o de um WHP depende, portanto, em grande parte da sorte.<\/p>\n\n<p>Tenha em mente que os v\u00e1rios documentos de viagem acima mencionados n\u00e3o s\u00e3o documentos de imigra\u00e7\u00e3o. Se o seu objectivo \u00e9 imigrar e viver no Canad\u00e1 a longo prazo, ter\u00e1 de <a href=\"https:\/\/ave-eta-canada.com\/pt-pt\/visto-ou-eta-canada\/\">solicitar um cart\u00e3o de residente permanente<\/a>, o que \u00e9 muito mais dif\u00edcil de obter.<\/p>\n","protected":false},"excerpt":{"rendered":"<p>\u00c9 necess\u00e1rio um visto para entrar no Canad\u00e1? Quer esteja de visita ao Canad\u00e1 para turismo, neg\u00f3cios ou mesmo para tr\u00e2nsito, o governo canadiano exige sistematicamente uma autoriza\u00e7\u00e3o de viagem para entrar no pa\u00eds. Para uma estadia de menos de 6 meses no Canad\u00e1: Pode completar as formalidades de entrada no Canad\u00e1 directamente atrav\u00e9s da [&hellip;]<\/p>\n","protected":false},"author":1,"featured_media":0,"parent":0,"menu_order":0,"comment_status":"closed","ping_status":"closed","template":"","meta":{"footnotes":""},"class_list":["post-2727","page","type-page","status-publish","hentry"],"yoast_head":"<!-- This site is optimized with the Yoast SEO plugin v26.9 - https:\/\/yoast.com\/product\/yoast-seo-wordpress\/ -->\n<title>\u00c9 necess\u00e1rio um visto para viajar para o Canad\u00e1?<\/title>\n<meta name=\"description\" content=\"Por vezes \u00e9 poss\u00edvel obter uma isen\u00e7\u00e3o de visto para viajar para o Canad\u00e1. Descubra neste artigo como permanecer no pa\u00eds do bordo sem visto.\" \/>\n<meta name=\"robots\" content=\"index, follow, max-snippet:-1, max-image-preview:large, max-video-preview:-1\" \/>\n<link rel=\"canonical\" href=\"https:\/\/ave-eta-canada.com\/pt-pt\/voce-precisa-de-um-visto-para-ir-para-o-canada\/\" \/>\n<meta property=\"og:locale\" content=\"pt_PT\" \/>\n<meta property=\"og:type\" content=\"article\" \/>\n<meta property=\"og:title\" content=\"\u00c9 necess\u00e1rio um visto para viajar para o Canad\u00e1?\" \/>\n<meta property=\"og:description\" content=\"Por vezes \u00e9 poss\u00edvel obter uma isen\u00e7\u00e3o de visto para viajar para o Canad\u00e1. Descubra neste artigo como permanecer no pa\u00eds do bordo sem visto.\" \/>\n<meta property=\"og:url\" content=\"https:\/\/ave-eta-canada.com\/pt-pt\/voce-precisa-de-um-visto-para-ir-para-o-canada\/\" \/>\n<meta property=\"og:site_name\" content=\"VISA CANADA\" \/>\n<meta property=\"article:modified_time\" content=\"2022-09-09T20:24:18+00:00\" \/>\n<meta name=\"twitter:card\" content=\"summary_large_image\" \/>\n<meta name=\"twitter:label1\" content=\"Tempo estimado de leitura\" \/>\n\t<meta name=\"twitter:data1\" content=\"6 minutos\" \/>\n<script type=\"application\/ld+json\" class=\"yoast-schema-graph\">{\"@context\":\"https:\/\/schema.org\",\"@graph\":[{\"@type\":\"WebPage\",\"@id\":\"https:\/\/ave-eta-canada.com\/pt-pt\/voce-precisa-de-um-visto-para-ir-para-o-canada\/\",\"url\":\"https:\/\/ave-eta-canada.com\/pt-pt\/voce-precisa-de-um-visto-para-ir-para-o-canada\/\",\"name\":\"\u00c9 necess\u00e1rio um visto para viajar para o Canad\u00e1?\",\"isPartOf\":{\"@id\":\"https:\/\/ave-eta-canada.com\/pt-pt\/#website\"},\"datePublished\":\"2022-09-06T07:59:21+00:00\",\"dateModified\":\"2022-09-09T20:24:18+00:00\",\"description\":\"Por vezes \u00e9 poss\u00edvel obter uma isen\u00e7\u00e3o de visto para viajar para o Canad\u00e1. Descubra neste artigo como permanecer no pa\u00eds do bordo sem visto.\",\"breadcrumb\":{\"@id\":\"https:\/\/ave-eta-canada.com\/pt-pt\/voce-precisa-de-um-visto-para-ir-para-o-canada\/#breadcrumb\"},\"inLanguage\":\"pt-PT\",\"potentialAction\":[{\"@type\":\"ReadAction\",\"target\":[\"https:\/\/ave-eta-canada.com\/pt-pt\/voce-precisa-de-um-visto-para-ir-para-o-canada\/\"]}]},{\"@type\":\"BreadcrumbList\",\"@id\":\"https:\/\/ave-eta-canada.com\/pt-pt\/voce-precisa-de-um-visto-para-ir-para-o-canada\/#breadcrumb\",\"itemListElement\":[{\"@type\":\"ListItem\",\"position\":1,\"name\":\"Home\",\"item\":\"https:\/\/ave-eta-canada.com\/pt-pt\/\"},{\"@type\":\"ListItem\",\"position\":2,\"name\":\"\u00c9 necess\u00e1rio um visto para viajar para o Canad\u00e1?\"}]},{\"@type\":\"WebSite\",\"@id\":\"https:\/\/ave-eta-canada.com\/pt-pt\/#website\",\"url\":\"https:\/\/ave-eta-canada.com\/pt-pt\/\",\"name\":\"VISA CANADA\",\"description\":\"Autorisation Voyage Electronique\",\"potentialAction\":[{\"@type\":\"SearchAction\",\"target\":{\"@type\":\"EntryPoint\",\"urlTemplate\":\"https:\/\/ave-eta-canada.com\/pt-pt\/?s={search_term_string}\"},\"query-input\":{\"@type\":\"PropertyValueSpecification\",\"valueRequired\":true,\"valueName\":\"search_term_string\"}}],\"inLanguage\":\"pt-PT\"}]}<\/script>\n<!-- \/ Yoast SEO plugin. -->","yoast_head_json":{"title":"\u00c9 necess\u00e1rio um visto para viajar para o Canad\u00e1?","description":"Por vezes \u00e9 poss\u00edvel obter uma isen\u00e7\u00e3o de visto para viajar para o Canad\u00e1. Descubra neste artigo como permanecer no pa\u00eds do bordo sem visto.","robots":{"index":"index","follow":"follow","max-snippet":"max-snippet:-1","max-image-preview":"max-image-preview:large","max-video-preview":"max-video-preview:-1"},"canonical":"https:\/\/ave-eta-canada.com\/pt-pt\/voce-precisa-de-um-visto-para-ir-para-o-canada\/","og_locale":"pt_PT","og_type":"article","og_title":"\u00c9 necess\u00e1rio um visto para viajar para o Canad\u00e1?","og_description":"Por vezes \u00e9 poss\u00edvel obter uma isen\u00e7\u00e3o de visto para viajar para o Canad\u00e1. Descubra neste artigo como permanecer no pa\u00eds do bordo sem visto.","og_url":"https:\/\/ave-eta-canada.com\/pt-pt\/voce-precisa-de-um-visto-para-ir-para-o-canada\/","og_site_name":"VISA CANADA","article_modified_time":"2022-09-09T20:24:18+00:00","twitter_card":"summary_large_image","twitter_misc":{"Tempo estimado de leitura":"6 minutos"},"schema":{"@context":"https:\/\/schema.org","@graph":[{"@type":"WebPage","@id":"https:\/\/ave-eta-canada.com\/pt-pt\/voce-precisa-de-um-visto-para-ir-para-o-canada\/","url":"https:\/\/ave-eta-canada.com\/pt-pt\/voce-precisa-de-um-visto-para-ir-para-o-canada\/","name":"\u00c9 necess\u00e1rio um visto para viajar para o Canad\u00e1?","isPartOf":{"@id":"https:\/\/ave-eta-canada.com\/pt-pt\/#website"},"datePublished":"2022-09-06T07:59:21+00:00","dateModified":"2022-09-09T20:24:18+00:00","description":"Por vezes \u00e9 poss\u00edvel obter uma isen\u00e7\u00e3o de visto para viajar para o Canad\u00e1. Descubra neste artigo como permanecer no pa\u00eds do bordo sem visto.","breadcrumb":{"@id":"https:\/\/ave-eta-canada.com\/pt-pt\/voce-precisa-de-um-visto-para-ir-para-o-canada\/#breadcrumb"},"inLanguage":"pt-PT","potentialAction":[{"@type":"ReadAction","target":["https:\/\/ave-eta-canada.com\/pt-pt\/voce-precisa-de-um-visto-para-ir-para-o-canada\/"]}]},{"@type":"BreadcrumbList","@id":"https:\/\/ave-eta-canada.com\/pt-pt\/voce-precisa-de-um-visto-para-ir-para-o-canada\/#breadcrumb","itemListElement":[{"@type":"ListItem","position":1,"name":"Home","item":"https:\/\/ave-eta-canada.com\/pt-pt\/"},{"@type":"ListItem","position":2,"name":"\u00c9 necess\u00e1rio um visto para viajar para o Canad\u00e1?"}]},{"@type":"WebSite","@id":"https:\/\/ave-eta-canada.com\/pt-pt\/#website","url":"https:\/\/ave-eta-canada.com\/pt-pt\/","name":"VISA CANADA","description":"Autorisation Voyage Electronique","potentialAction":[{"@type":"SearchAction","target":{"@type":"EntryPoint","urlTemplate":"https:\/\/ave-eta-canada.com\/pt-pt\/?s={search_term_string}"},"query-input":{"@type":"PropertyValueSpecification","valueRequired":true,"valueName":"search_term_string"}}],"inLanguage":"pt-PT"}]}},"_links":{"self":[{"href":"https:\/\/ave-eta-canada.com\/pt-pt\/wp-json\/wp\/v2\/pages\/2727","targetHints":{"allow":["GET"]}}],"collection":[{"href":"https:\/\/ave-eta-canada.com\/pt-pt\/wp-json\/wp\/v2\/pages"}],"about":[{"href":"https:\/\/ave-eta-canada.com\/pt-pt\/wp-json\/wp\/v2\/types\/page"}],"author":[{"embeddable":true,"href":"https:\/\/ave-eta-canada.com\/pt-pt\/wp-json\/wp\/v2\/users\/1"}],"replies":[{"embeddable":true,"href":"https:\/\/ave-eta-canada.com\/pt-pt\/wp-json\/wp\/v2\/comments?post=2727"}],"version-history":[{"count":0,"href":"https:\/\/ave-eta-canada.com\/pt-pt\/wp-json\/wp\/v2\/pages\/2727\/revisions"}],"wp:attachment":[{"href":"https:\/\/ave-eta-canada.com\/pt-pt\/wp-json\/wp\/v2\/media?parent=2727"}],"curies":[{"name":"wp","href":"https:\/\/api.w.org\/{rel}","templated":true}]}}