{"id":2740,"date":"2022-09-06T07:59:24","date_gmt":"2022-09-06T07:59:24","guid":{"rendered":"https:\/\/ave-eta-canada.com\/pvt-canada-how-to-get-your-work-holiday-permit\/"},"modified":"2022-09-09T15:48:38","modified_gmt":"2022-09-09T15:48:38","slug":"whv-canada-como-obter-uma-permissao-de-ferias-de-trabalho","status":"publish","type":"page","link":"https:\/\/ave-eta-canada.com\/pt-pt\/whv-canada-como-obter-uma-permissao-de-ferias-de-trabalho\/","title":{"rendered":"WHP Canad\u00e1: como obter uma licen\u00e7a de trabalho de f\u00e9rias?"},"content":{"rendered":"\n<h1 class=\"wp-block-heading\">WHP Canad\u00e1: Permiss\u00e3o para ir ao Canad\u00e1<\/h1>\n\n<p><strong>Para uma estadia de menos de 6 meses no Canad\u00e1<\/strong>: Pode completar as formalidades de entrada no Canad\u00e1 directamente atrav\u00e9s da Internet, clicando no <a href=\"https:\/\/ave-eta-canada.com\/pt-pt\/formulario-eta-canada\/\">formul\u00e1rio em linha<\/a>. N\u00e3o \u00e9 necess\u00e1rio marcar uma entrevista na embaixada ou consulado canadiano.<\/p>\n\n<p>Sonha em descobrir o Canad\u00e1 enquanto tem a possibilidade de fazer biscates para financiar a sua explora\u00e7\u00e3o? O Programa Working Holiday (WHP Canad\u00e1) \u00e9 para si.<\/p>\n\n<p>Tamb\u00e9m conhecido por Working Holiday Visa (WHV), este programa permite a milhares de jovens entre os 18 e os 35 anos darem o mergulho e voarem para a terra dos poutine para uma experi\u00eancia profissional e humana inesquec\u00edvel. Explicaremos o essencial sobre o WHP canadiano.<\/p>\n\n<h2 class=\"wp-block-heading\">O que \u00e9 o WHP Canad\u00e1?<\/h2>\n\n<p>O WHP Canad\u00e1 \u00e9 um programa para jovens entre os 18 e 35 anos de idade que desejam residir no Canad\u00e1 por um per\u00edodo at\u00e9 24 meses. O Canad\u00e1 n\u00e3o \u00e9 o \u00fanico pa\u00eds a oferecer um WHP, mas \u00e9 certamente um dos mais populares, juntamente com o WHP australiano.<\/p>\n\n<p>Em termos concretos, os titulares de um visto de trabalho de f\u00e9rias podem permanecer num pa\u00eds at\u00e9 um ano, dois anos no Canad\u00e1 (o per\u00edodo de validade depende de acordos bilaterais entre cada pa\u00eds) e a\u00ed trabalhar para financiar a sua viagem. Encontrar um emprego n\u00e3o \u00e9 um requisito em si, mas pode ser uma ajuda bem-vinda no financiamento da sua viagem.  <\/p>\n\n<p>Tamb\u00e9m n\u00e3o \u00e9 necess\u00e1rio encontrar um emprego antes da partida, mas \u00e9 necess\u00e1rio ter recursos financeiros suficientes para se sustentar, pelo menos no in\u00edcio da viagem (CAN$2.500).  <\/p>\n\n<p>O WHP Canad\u00e1 foi v\u00edtima do seu pr\u00f3prio sucesso durante algum tempo e o n\u00famero de candidaturas excedeu as quotas estabelecidas pelo governo canadiano. A atribui\u00e7\u00e3o \u00e9 agora feita atrav\u00e9s de sorteio numa s\u00e9rie de rondas de convites.<\/p>\n\n<p>Os participantes no PVT devem, portanto, ser pacientes e esperar ser seleccionados ao acaso para poderem ir para o Canad\u00e1 sob o PVT canadiano.<\/p>\n\n<h2 class=\"wp-block-heading\">Como obter um WHP canadiano?<\/h2>\n\n<h3 class=\"wp-block-heading\">Requisitos de elegibilidade<\/h3>\n\n<p>O programa de f\u00e9rias de trabalho oferecido pelo governo canadiano s\u00f3 est\u00e1 aberto a nacionais dos 18 aos 35 anos de um pa\u00eds que tenha assinado um acordo com o Canad\u00e1 ao abrigo do programa IEC (International Experience Canada).<\/p>\n\n<p>\u00c9 obviamente necess\u00e1rio um passaporte v\u00e1lido para a dura\u00e7\u00e3o do WHP Canad\u00e1.<\/p>\n\n<p>Tamb\u00e9m deve ter fundos suficientes para se sustentar durante os primeiros meses da sua estadia (CAD$2.500). \u00c9 necess\u00e1rio um bilhete de regresso (ou de partida) a menos que se possa provar que se disp\u00f5e de fundos adicionais.<\/p>\n\n<h3 class=\"wp-block-heading\">Como candidatar-se a um WHP Canad\u00e1<\/h3>\n\n<p>Assim que tiver a certeza de que cumpre os crit\u00e9rios de admiss\u00e3o, dever\u00e1 criar um perfil de candidato EIC preenchendo um question\u00e1rio. As respostas que fornece determinam em qual das seguintes &#8220;piscinas&#8221; a sua candidatura \u00e9 colocada:<\/p>\n\n<ul class=\"wp-block-list\"><li>a piscina PVT ;<\/li><li>a jovem piscina profissional ;<\/li><li>a piscina de forma\u00e7\u00e3o da Coop.<\/li><\/ul>\n\n<p>Os perfis s\u00e3o ent\u00e3o revistos e os candidatos s\u00e3o seleccionados por sorteio em rondas de convites. Em cada ronda, v\u00e1rias pessoas s\u00e3o sorteadas at\u00e9 ser atingida a quota estabelecida, que ascende a 7.150 Pvtists franceses para o ano de 2019.<\/p>\n\n<p>Se tiver a sorte de ser seleccionado, receber\u00e1 um convite para se candidatar a uma licen\u00e7a de trabalho. Tem 10 dias para aceitar este convite. Uma vez aceite o convite, tem 20 dias para completar a sua candidatura.<\/p>\n\n<p>V\u00e1rios documentos devem ser anexados \u00e0 sua candidatura, incluindo<\/p>\n\n<ul class=\"wp-block-list\"><li>uma c\u00f3pia do seu passaporte;<\/li><li>uma fotografia para passaporte ;<\/li><li>o seu CV ;<\/li><li>um extracto do registo criminal (em alguns casos) ;<\/li><li>um atestado m\u00e9dico (em alguns casos).<\/li><\/ul>\n\n<p>Dever\u00e1 ent\u00e3o pagar uma taxa para gerir o seu ficheiro (CAD$150) e emitir a sua licen\u00e7a de trabalho &#8220;aberta&#8221; (CAD$100).<\/p>\n\n<p>Depois de ter pago a taxa, ser-lhe-\u00e1 pedido que forne\u00e7a os seus dados biom\u00e9tricos no prazo de 30 dias. Para o fazer, \u00e9 necess\u00e1rio dirigir-se a um ponto de recolha oficial chamado Centro de Pedidos de Vistos (VAC). Ser-lhe-\u00e1 dito onde se encontra o seu VAC mais pr\u00f3ximo.<\/p>\n\n<p>Assim que a sua candidatura for aprovada, \u00e9-lhe enviada uma carta de apresenta\u00e7\u00e3o do porto de entrada. Esta carta deve ser apresentada ao funcion\u00e1rio da alf\u00e2ndega do Canad\u00e1 \u00e0 chegada.<\/p>\n\n<h3 class=\"wp-block-heading\">Obriga\u00e7\u00f5es a respeitar<\/h3>\n\n<p>Deve ser fornecido um certificado de seguro que cubra toda a sua estadia. A subscri\u00e7\u00e3o de um seguro de viagem \u00e9 obrigat\u00f3ria, uma vez que os custos m\u00e9dicos e de repatriamento podem rapidamente tornar-se enormes do outro lado do Atl\u00e2ntico. Note que se o seu seguro n\u00e3o cobrir toda a dura\u00e7\u00e3o do seu WHP Canad\u00e1, este ser\u00e1 reduzido em conformidade.<\/p>\n\n<p>O Canad\u00e1 introduziu recentemente <a href=\"https:\/\/ave-eta-canada.com\/pt-pt\/definicao-do-glossario-dos-principios-da-eta-canada\/\">uma Autoridade Electr\u00f3nica de Viagens eTA<\/a> para viajantes que viajam para o Canad\u00e1 por via a\u00e9rea. Esta autoriza\u00e7\u00e3o ser\u00e1 obrigat\u00f3ria para os viajantes em quest\u00e3o, por exemplo, pvtists. Para este \u00faltimo, o <a href=\"https:\/\/ave-eta-canada.com\/pt-pt\/\">eTA<\/a> est\u00e1 normalmente ligado automaticamente ao passaporte sem necessidade de um pedido. Continuamos a recomendar que verifique se precisa ou n\u00e3o de <a href=\"https:\/\/ave-eta-canada.com\/pt-pt\/fazer-um-oficial-eta-canada-aplicativo\/\">solicitar um eTA<\/a> antes de partir.<\/p>\n\n<h2 class=\"wp-block-heading\">Encontrar trabalho no Canad\u00e1<\/h2>\n\n<p>Uma vez no Canad\u00e1, pode come\u00e7ar a procurar trabalho em qualquer campo. De facto, o WHP Canad\u00e1 n\u00e3o tem quase nenhum tipo de emprego ou restri\u00e7\u00f5es de tempo, ao contr\u00e1rio de outros pa\u00edses.<\/p>\n\n<p>Ter\u00e1 provavelmente de abrir uma conta banc\u00e1ria para receber o seu sal\u00e1rio em d\u00f3lares canadianos e cumprir algumas formalidades.<\/p>\n\n<p>Pode tamb\u00e9m recorrer ao voluntariado internacional aderindo a programas como Helpx ou Wwoofing, a fim de descobrir o mundo da agricultura biol\u00f3gica, enquanto \u00e9 alimentado e alojado.<\/p>\n\n<p>O Canad\u00e1 \u00e9 visto como um El Dorado por jovens profissionais. Embora o mercado de trabalho no Canad\u00e1 seja din\u00e2mico, ser\u00e1 ainda necess\u00e1rio algum esfor\u00e7o para encontrar um emprego no Canad\u00e1 e para se adaptar a um novo ambiente, uma vez que a concorr\u00eancia \u00e9 feroz entre os pvts. N\u00e3o se esque\u00e7a de alterar o seu curr\u00edculo para os padr\u00f5es canadianos para ser mais eficaz.<\/p>\n\n<p>Os testemunhos de pessoas que aproveitaram este programa s\u00e3o, na maioria dos casos, positivos. Descobrir uma nova cultura e sair da zona de conforto s\u00f3 pode ser ben\u00e9fico para o pr\u00f3prio desenvolvimento.<\/p>\n\n<p>Tal experi\u00eancia pode mesmo lev\u00e1-lo a reconsiderar certas escolhas e porque n\u00e3o tornar-se um residente permanente no Canad\u00e1 ou noutro lugar. Viagens seguras!<\/p>\n","protected":false},"excerpt":{"rendered":"<p>WHP Canad\u00e1: Permiss\u00e3o para ir ao Canad\u00e1 Para uma estadia de menos de 6 meses no Canad\u00e1: Pode completar as formalidades de entrada no Canad\u00e1 directamente atrav\u00e9s da Internet, clicando no formul\u00e1rio em linha. N\u00e3o \u00e9 necess\u00e1rio marcar uma entrevista na embaixada ou consulado canadiano. Sonha em descobrir o Canad\u00e1 enquanto tem a possibilidade de [&hellip;]<\/p>\n","protected":false},"author":1,"featured_media":0,"parent":0,"menu_order":0,"comment_status":"closed","ping_status":"closed","template":"","meta":{"footnotes":""},"class_list":["post-2740","page","type-page","status-publish","hentry"],"yoast_head":"<!-- This site is optimized with the Yoast SEO plugin v26.9 - https:\/\/yoast.com\/product\/yoast-seo-wordpress\/ -->\n<title>WHP Canad\u00e1: como obter uma licen\u00e7a de trabalho de f\u00e9rias?<\/title>\n<meta name=\"description\" content=\"Fa\u00e7a uma viagem WHP Canad\u00e1 e explore este belo pa\u00eds enquanto tem a oportunidade de financiar a sua viagem trabalhando.\" \/>\n<meta name=\"robots\" content=\"index, follow, max-snippet:-1, max-image-preview:large, max-video-preview:-1\" \/>\n<link rel=\"canonical\" href=\"https:\/\/ave-eta-canada.com\/pt-pt\/whv-canada-como-obter-uma-permissao-de-ferias-de-trabalho\/\" \/>\n<meta property=\"og:locale\" content=\"pt_PT\" \/>\n<meta property=\"og:type\" content=\"article\" \/>\n<meta property=\"og:title\" content=\"WHP Canad\u00e1: como obter uma licen\u00e7a de trabalho de f\u00e9rias?\" \/>\n<meta property=\"og:description\" content=\"Fa\u00e7a uma viagem WHP Canad\u00e1 e explore este belo pa\u00eds enquanto tem a oportunidade de financiar a sua viagem trabalhando.\" \/>\n<meta property=\"og:url\" content=\"https:\/\/ave-eta-canada.com\/pt-pt\/whv-canada-como-obter-uma-permissao-de-ferias-de-trabalho\/\" \/>\n<meta property=\"og:site_name\" content=\"VISA CANADA\" \/>\n<meta property=\"article:modified_time\" content=\"2022-09-09T15:48:38+00:00\" \/>\n<meta name=\"twitter:card\" content=\"summary_large_image\" \/>\n<meta name=\"twitter:label1\" content=\"Tempo estimado de leitura\" \/>\n\t<meta name=\"twitter:data1\" content=\"5 minutos\" \/>\n<script type=\"application\/ld+json\" class=\"yoast-schema-graph\">{\"@context\":\"https:\/\/schema.org\",\"@graph\":[{\"@type\":\"WebPage\",\"@id\":\"https:\/\/ave-eta-canada.com\/pt-pt\/whv-canada-como-obter-uma-permissao-de-ferias-de-trabalho\/\",\"url\":\"https:\/\/ave-eta-canada.com\/pt-pt\/whv-canada-como-obter-uma-permissao-de-ferias-de-trabalho\/\",\"name\":\"WHP Canad\u00e1: como obter uma licen\u00e7a de trabalho de f\u00e9rias?\",\"isPartOf\":{\"@id\":\"https:\/\/ave-eta-canada.com\/pt-pt\/#website\"},\"datePublished\":\"2022-09-06T07:59:24+00:00\",\"dateModified\":\"2022-09-09T15:48:38+00:00\",\"description\":\"Fa\u00e7a uma viagem WHP Canad\u00e1 e explore este belo pa\u00eds enquanto tem a oportunidade de financiar a sua viagem trabalhando.\",\"breadcrumb\":{\"@id\":\"https:\/\/ave-eta-canada.com\/pt-pt\/whv-canada-como-obter-uma-permissao-de-ferias-de-trabalho\/#breadcrumb\"},\"inLanguage\":\"pt-PT\",\"potentialAction\":[{\"@type\":\"ReadAction\",\"target\":[\"https:\/\/ave-eta-canada.com\/pt-pt\/whv-canada-como-obter-uma-permissao-de-ferias-de-trabalho\/\"]}]},{\"@type\":\"BreadcrumbList\",\"@id\":\"https:\/\/ave-eta-canada.com\/pt-pt\/whv-canada-como-obter-uma-permissao-de-ferias-de-trabalho\/#breadcrumb\",\"itemListElement\":[{\"@type\":\"ListItem\",\"position\":1,\"name\":\"Home\",\"item\":\"https:\/\/ave-eta-canada.com\/pt-pt\/\"},{\"@type\":\"ListItem\",\"position\":2,\"name\":\"WHP Canad\u00e1: como obter uma licen\u00e7a de trabalho de f\u00e9rias?\"}]},{\"@type\":\"WebSite\",\"@id\":\"https:\/\/ave-eta-canada.com\/pt-pt\/#website\",\"url\":\"https:\/\/ave-eta-canada.com\/pt-pt\/\",\"name\":\"VISA CANADA\",\"description\":\"Autorisation Voyage Electronique\",\"potentialAction\":[{\"@type\":\"SearchAction\",\"target\":{\"@type\":\"EntryPoint\",\"urlTemplate\":\"https:\/\/ave-eta-canada.com\/pt-pt\/?s={search_term_string}\"},\"query-input\":{\"@type\":\"PropertyValueSpecification\",\"valueRequired\":true,\"valueName\":\"search_term_string\"}}],\"inLanguage\":\"pt-PT\"}]}<\/script>\n<!-- \/ Yoast SEO plugin. -->","yoast_head_json":{"title":"WHP Canad\u00e1: como obter uma licen\u00e7a de trabalho de f\u00e9rias?","description":"Fa\u00e7a uma viagem WHP Canad\u00e1 e explore este belo pa\u00eds enquanto tem a oportunidade de financiar a sua viagem trabalhando.","robots":{"index":"index","follow":"follow","max-snippet":"max-snippet:-1","max-image-preview":"max-image-preview:large","max-video-preview":"max-video-preview:-1"},"canonical":"https:\/\/ave-eta-canada.com\/pt-pt\/whv-canada-como-obter-uma-permissao-de-ferias-de-trabalho\/","og_locale":"pt_PT","og_type":"article","og_title":"WHP Canad\u00e1: como obter uma licen\u00e7a de trabalho de f\u00e9rias?","og_description":"Fa\u00e7a uma viagem WHP Canad\u00e1 e explore este belo pa\u00eds enquanto tem a oportunidade de financiar a sua viagem trabalhando.","og_url":"https:\/\/ave-eta-canada.com\/pt-pt\/whv-canada-como-obter-uma-permissao-de-ferias-de-trabalho\/","og_site_name":"VISA CANADA","article_modified_time":"2022-09-09T15:48:38+00:00","twitter_card":"summary_large_image","twitter_misc":{"Tempo estimado de leitura":"5 minutos"},"schema":{"@context":"https:\/\/schema.org","@graph":[{"@type":"WebPage","@id":"https:\/\/ave-eta-canada.com\/pt-pt\/whv-canada-como-obter-uma-permissao-de-ferias-de-trabalho\/","url":"https:\/\/ave-eta-canada.com\/pt-pt\/whv-canada-como-obter-uma-permissao-de-ferias-de-trabalho\/","name":"WHP Canad\u00e1: como obter uma licen\u00e7a de trabalho de f\u00e9rias?","isPartOf":{"@id":"https:\/\/ave-eta-canada.com\/pt-pt\/#website"},"datePublished":"2022-09-06T07:59:24+00:00","dateModified":"2022-09-09T15:48:38+00:00","description":"Fa\u00e7a uma viagem WHP Canad\u00e1 e explore este belo pa\u00eds enquanto tem a oportunidade de financiar a sua viagem trabalhando.","breadcrumb":{"@id":"https:\/\/ave-eta-canada.com\/pt-pt\/whv-canada-como-obter-uma-permissao-de-ferias-de-trabalho\/#breadcrumb"},"inLanguage":"pt-PT","potentialAction":[{"@type":"ReadAction","target":["https:\/\/ave-eta-canada.com\/pt-pt\/whv-canada-como-obter-uma-permissao-de-ferias-de-trabalho\/"]}]},{"@type":"BreadcrumbList","@id":"https:\/\/ave-eta-canada.com\/pt-pt\/whv-canada-como-obter-uma-permissao-de-ferias-de-trabalho\/#breadcrumb","itemListElement":[{"@type":"ListItem","position":1,"name":"Home","item":"https:\/\/ave-eta-canada.com\/pt-pt\/"},{"@type":"ListItem","position":2,"name":"WHP Canad\u00e1: como obter uma licen\u00e7a de trabalho de f\u00e9rias?"}]},{"@type":"WebSite","@id":"https:\/\/ave-eta-canada.com\/pt-pt\/#website","url":"https:\/\/ave-eta-canada.com\/pt-pt\/","name":"VISA CANADA","description":"Autorisation Voyage Electronique","potentialAction":[{"@type":"SearchAction","target":{"@type":"EntryPoint","urlTemplate":"https:\/\/ave-eta-canada.com\/pt-pt\/?s={search_term_string}"},"query-input":{"@type":"PropertyValueSpecification","valueRequired":true,"valueName":"search_term_string"}}],"inLanguage":"pt-PT"}]}},"_links":{"self":[{"href":"https:\/\/ave-eta-canada.com\/pt-pt\/wp-json\/wp\/v2\/pages\/2740","targetHints":{"allow":["GET"]}}],"collection":[{"href":"https:\/\/ave-eta-canada.com\/pt-pt\/wp-json\/wp\/v2\/pages"}],"about":[{"href":"https:\/\/ave-eta-canada.com\/pt-pt\/wp-json\/wp\/v2\/types\/page"}],"author":[{"embeddable":true,"href":"https:\/\/ave-eta-canada.com\/pt-pt\/wp-json\/wp\/v2\/users\/1"}],"replies":[{"embeddable":true,"href":"https:\/\/ave-eta-canada.com\/pt-pt\/wp-json\/wp\/v2\/comments?post=2740"}],"version-history":[{"count":0,"href":"https:\/\/ave-eta-canada.com\/pt-pt\/wp-json\/wp\/v2\/pages\/2740\/revisions"}],"wp:attachment":[{"href":"https:\/\/ave-eta-canada.com\/pt-pt\/wp-json\/wp\/v2\/media?parent=2740"}],"curies":[{"name":"wp","href":"https:\/\/api.w.org\/{rel}","templated":true}]}}