{"id":2742,"date":"2022-09-06T07:59:24","date_gmt":"2022-09-06T07:59:24","guid":{"rendered":"https:\/\/ave-eta-canada.com\/quando-se-candidatar-a-autorizacao-para-o-canada\/"},"modified":"2022-09-09T15:57:29","modified_gmt":"2022-09-09T15:57:29","slug":"quando-se-candidatar-a-autorizacao-eta-para-o-canada","status":"publish","type":"page","link":"https:\/\/ave-eta-canada.com\/pt-pt\/quando-se-candidatar-a-autorizacao-eta-para-o-canada\/","title":{"rendered":"Quando candidatar-se ao eTA para o Canad\u00e1?"},"content":{"rendered":"\n<h1 class=\"wp-block-heading\">Quando solicitar a autoriza\u00e7\u00e3o de viagem eTA?<\/h1>\n\n<p>Ao planear uma viagem ao Canad\u00e1, \u00e9 essencial obter uma Autoriza\u00e7\u00e3o de Viagem canadiana antes de embarcar. <strong>Para uma estadia de menos de 6 meses no Canad\u00e1<\/strong>: Pode completar as formalidades de entrada no Canad\u00e1 directamente atrav\u00e9s da Internet, clicando no <a href=\"https:\/\/ave-eta-canada.com\/pt-pt\/formulario-eta-canada\/\">formul\u00e1rio em linha<\/a>.  <\/p>\n\n<p>N\u00e3o \u00e9 necess\u00e1rio marcar uma entrevista na embaixada ou consulado canadiano.<\/p>\n\n<p>A Autoriza\u00e7\u00e3o de Viagem Canadiana \u00e9 considerada bastante f\u00e1cil de obter. Quais s\u00e3o os prazos e as precau\u00e7\u00f5es a tomar para evitar ser recusada a entrada no Canad\u00e1?<\/p>\n\n<p><\/p>\n\n<h2 class=\"wp-block-heading\">Desde quando e porqu\u00ea candidatar-se a um eTA?<\/h2>\n\n<p>Desde 10 de Novembro de 2016, o Governo do Canad\u00e1 (o Minist\u00e9rio da Imigra\u00e7\u00e3o, Refugiados e Cidadania do Canad\u00e1 para ser mais preciso) introduziu uma autoriza\u00e7\u00e3o electr\u00f3nica de viagem chamada eTA, com o objectivo de garantir a seguran\u00e7a interna do pa\u00eds enquanto promove o turismo no Canad\u00e1.<\/p>\n\n<p>O eTA \u00e9 obtido atrav\u00e9s de um formul\u00e1rio online que :<\/p>\n\n<ul class=\"wp-block-list\"><li>determina a elegibilidade dos viajantes para entrar no Canad\u00e1 sem visto;<\/li><li>alivia o congestionamento nas embaixadas canadianas e facilita o desalfandegamento.<\/li><\/ul>\n\n<p>Os sistemas electr\u00f3nicos postos em pr\u00e1tica permitem seleccionar os viajantes mesmo antes da sua chegada a solo canadiano.<br\/><br\/><\/p>\n\n<h2 class=\"wp-block-heading\">Quando \u00e9 que \u00e9 necess\u00e1rio um eTA?<\/h2>\n\n<p>\u00c9 <a href=\"https:\/\/ave-eta-canada.com\/pt-pt\/a-validade-do-eta-canada\/\">necess\u00e1rio um pedido de eTA<\/a> para os viajantes isentos de visto que desejem visitar o Canad\u00e1 para turismo ou viagens de neg\u00f3cios de menos de 6 meses por via a\u00e9rea. \u00c9 tamb\u00e9m necess\u00e1ria para o tr\u00e2nsito atrav\u00e9s do Canad\u00e1.<\/p>\n\n<p>A isen\u00e7\u00e3o de visto \u00e9 para cidad\u00e3os cujo pa\u00eds de origem tenha assinado um acordo com o governo canadiano. Os franceses est\u00e3o entre os sortudos, mas devem ter um passaporte v\u00e1lido (passaporte biom\u00e9trico ou electr\u00f3nico).<\/p>\n\n<p>Ter um passaporte v\u00e1lido e um eTA n\u00e3o o isenta de ter outros documentos de viagem, tais como o documento de viagem. Provavelmente o agente da imigra\u00e7\u00e3o pedir-lhe-\u00e1 um bilhete de sa\u00edda (bilhete de regresso ou de continua\u00e7\u00e3o).<\/p>\n\n<p>Note que se tiver sido seleccionado para um WHP (Working Holiday Permit), o eTA \u00e9 normalmente emitido automaticamente para si. Verificar com a Embaixada do Canad\u00e1.<br\/><br\/><\/p>\n\n<h2 class=\"wp-block-heading\">Quando candidatar-se em linha?<\/h2>\n\n<p>Recomendamos que <a href=\"https:\/\/ave-eta-canada.com\/pt-pt\/preencher-o-formulario-eta-canada\/\">preencha o formul\u00e1rio de autoriza\u00e7\u00e3o de <\/a>viagem assim que a sua viagem ao Canad\u00e1 estiver planeada. N\u00e3o espere at\u00e9 ao \u00faltimo minuto, porque se o seu pedido for recusado, ter\u00e1 de solicitar um visto canadiano. No entanto, isto \u00e9 mais demorado e dispendioso.<\/p>\n\n<p>O formul\u00e1rio de candidatura pode ser preenchido no website oficial do governo canadiano. Se deseja obter ajuda e reduzir os seus riscos, aconselhamo-lo a preencher o formul\u00e1rio do nosso parceiro.<\/p>\n\n<p>Para preencher o formul\u00e1rio eTA, ter\u00e1 de preencher os seus dados de passaporte (n\u00famero de passaporte, data de emiss\u00e3o e validade), os seus dados pessoais, detalhes da sua estadia no Canad\u00e1 e finalmente os seus antecedentes.<br\/><br\/><\/p>\n\n<h2 class=\"wp-block-heading\">Quando vou receber uma resposta ao meu pedido de eTA?<\/h2>\n\n<p>Geralmente, s\u00e3o <a>necess\u00e1rios alguns minutos para obter um eTA<\/a> depois de o formul\u00e1rio ter sido submetido. Receber\u00e1 um aviso de recep\u00e7\u00e3o da Imigra\u00e7\u00e3o do Canad\u00e1 e depois um segundo e-mail com a resposta \u00e0 sua candidatura. No entanto, pode levar v\u00e1rios dias para uma resposta.<\/p>\n\n<p>Pode tamb\u00e9m verificar o estado da sua candidatura no website do governo introduzindo o n\u00famero da sua candidatura (encontrado no aviso de recep\u00e7\u00e3o) e o n\u00famero do seu passaporte.<\/p>\n\n<p>Se n\u00e3o tiver recebido um aviso de recep\u00e7\u00e3o dentro de 72 horas, contacte as autoridades canadianas. N\u00e3o vale a pena tentar viajar para o Canad\u00e1 sem uma autoriza\u00e7\u00e3o, nem sequer poder\u00e1 embarcar no avi\u00e3o.<\/p>\n\n<h3 class=\"wp-block-heading\">Pedido de autoriza\u00e7\u00e3o eTA recusado<\/h3>\n\n<p>Uma candidatura a um eTA \u00e9 recusada se n\u00e3o preencher um dos crit\u00e9rios de elegibilidade. Se n\u00e3o for eleg\u00edvel, deve solicitar um visto nos servi\u00e7os consulares da Embaixada do Canad\u00e1 ou no Consulado do Canad\u00e1, se aplic\u00e1vel. O visto canadiano a que deve solicitar depende da natureza da sua viagem.<\/p>\n\n<p>Quando a sua candidatura ESTA \u00e9 recusada, pode tamb\u00e9m verificar se n\u00e3o cometeu um erro no formul\u00e1rio de candidatura. Se for este o caso, tem o direito de fazer uma nova candidatura.<br\/><br\/><\/p>\n\n<h2 class=\"wp-block-heading\">Quando devo renovar a minha candidatura a eTA?<\/h2>\n\n<p>A <a href=\"https:\/\/ave-eta-canada.com\/pt-pt\/eta-canada-valida-duracao\/\">validade de um eTA<\/a> \u00e9 de 5 anos ou at\u00e9 o passaporte expirar, se o passaporte for menos v\u00e1lido. Durante os anos de validade do seu eTA, pode visitar o Canad\u00e1 v\u00e1rias vezes, sem ter de se candidatar a um novo eTA e desde que respeite a estadia m\u00e1xima de 6 meses.<\/p>\n\n<p>Uma vez que o eTA est\u00e1 ligado ao passaporte, \u00e9 evidente que ter\u00e1 de ser feito um novo pedido de autoriza\u00e7\u00e3o no caso de um novo passaporte. O novo pedido segue o mesmo procedimento que o primeiro pedido.<\/p>\n","protected":false},"excerpt":{"rendered":"<p>Quando solicitar a autoriza\u00e7\u00e3o de viagem eTA? Ao planear uma viagem ao Canad\u00e1, \u00e9 essencial obter uma Autoriza\u00e7\u00e3o de Viagem canadiana antes de embarcar. Para uma estadia de menos de 6 meses no Canad\u00e1: Pode completar as formalidades de entrada no Canad\u00e1 directamente atrav\u00e9s da Internet, clicando no formul\u00e1rio em linha. N\u00e3o \u00e9 necess\u00e1rio marcar [&hellip;]<\/p>\n","protected":false},"author":1,"featured_media":0,"parent":0,"menu_order":0,"comment_status":"closed","ping_status":"closed","template":"","meta":{"footnotes":""},"class_list":["post-2742","page","type-page","status-publish","hentry"],"yoast_head":"<!-- This site is optimized with the Yoast SEO plugin v26.9 - https:\/\/yoast.com\/product\/yoast-seo-wordpress\/ -->\n<title>Quando candidatar-se ao eTA para o Canad\u00e1?<\/title>\n<meta name=\"description\" content=\"Antes de partir para o Canad\u00e1, \u00e9 importante preparar todos os documentos de viagem necess\u00e1rios, incluindo o eTA. Saiba aqui quando candidatar-se a um eTA.\" \/>\n<meta name=\"robots\" content=\"index, follow, max-snippet:-1, max-image-preview:large, max-video-preview:-1\" \/>\n<link rel=\"canonical\" href=\"https:\/\/ave-eta-canada.com\/pt-pt\/quando-se-candidatar-a-autorizacao-eta-para-o-canada\/\" \/>\n<meta property=\"og:locale\" content=\"pt_PT\" \/>\n<meta property=\"og:type\" content=\"article\" \/>\n<meta property=\"og:title\" content=\"Quando candidatar-se ao eTA para o Canad\u00e1?\" \/>\n<meta property=\"og:description\" content=\"Antes de partir para o Canad\u00e1, \u00e9 importante preparar todos os documentos de viagem necess\u00e1rios, incluindo o eTA. Saiba aqui quando candidatar-se a um eTA.\" \/>\n<meta property=\"og:url\" content=\"https:\/\/ave-eta-canada.com\/pt-pt\/quando-se-candidatar-a-autorizacao-eta-para-o-canada\/\" \/>\n<meta property=\"og:site_name\" content=\"VISA CANADA\" \/>\n<meta property=\"article:modified_time\" content=\"2022-09-09T15:57:29+00:00\" \/>\n<meta name=\"twitter:card\" content=\"summary_large_image\" \/>\n<meta name=\"twitter:label1\" content=\"Tempo estimado de leitura\" \/>\n\t<meta name=\"twitter:data1\" content=\"4 minutos\" \/>\n<script type=\"application\/ld+json\" class=\"yoast-schema-graph\">{\"@context\":\"https:\/\/schema.org\",\"@graph\":[{\"@type\":\"WebPage\",\"@id\":\"https:\/\/ave-eta-canada.com\/pt-pt\/quando-se-candidatar-a-autorizacao-eta-para-o-canada\/\",\"url\":\"https:\/\/ave-eta-canada.com\/pt-pt\/quando-se-candidatar-a-autorizacao-eta-para-o-canada\/\",\"name\":\"Quando candidatar-se ao eTA para o Canad\u00e1?\",\"isPartOf\":{\"@id\":\"https:\/\/ave-eta-canada.com\/pt-pt\/#website\"},\"datePublished\":\"2022-09-06T07:59:24+00:00\",\"dateModified\":\"2022-09-09T15:57:29+00:00\",\"description\":\"Antes de partir para o Canad\u00e1, \u00e9 importante preparar todos os documentos de viagem necess\u00e1rios, incluindo o eTA. Saiba aqui quando candidatar-se a um eTA.\",\"breadcrumb\":{\"@id\":\"https:\/\/ave-eta-canada.com\/pt-pt\/quando-se-candidatar-a-autorizacao-eta-para-o-canada\/#breadcrumb\"},\"inLanguage\":\"pt-PT\",\"potentialAction\":[{\"@type\":\"ReadAction\",\"target\":[\"https:\/\/ave-eta-canada.com\/pt-pt\/quando-se-candidatar-a-autorizacao-eta-para-o-canada\/\"]}]},{\"@type\":\"BreadcrumbList\",\"@id\":\"https:\/\/ave-eta-canada.com\/pt-pt\/quando-se-candidatar-a-autorizacao-eta-para-o-canada\/#breadcrumb\",\"itemListElement\":[{\"@type\":\"ListItem\",\"position\":1,\"name\":\"Home\",\"item\":\"https:\/\/ave-eta-canada.com\/pt-pt\/\"},{\"@type\":\"ListItem\",\"position\":2,\"name\":\"Quando candidatar-se ao eTA para o Canad\u00e1?\"}]},{\"@type\":\"WebSite\",\"@id\":\"https:\/\/ave-eta-canada.com\/pt-pt\/#website\",\"url\":\"https:\/\/ave-eta-canada.com\/pt-pt\/\",\"name\":\"VISA CANADA\",\"description\":\"Autorisation Voyage Electronique\",\"potentialAction\":[{\"@type\":\"SearchAction\",\"target\":{\"@type\":\"EntryPoint\",\"urlTemplate\":\"https:\/\/ave-eta-canada.com\/pt-pt\/?s={search_term_string}\"},\"query-input\":{\"@type\":\"PropertyValueSpecification\",\"valueRequired\":true,\"valueName\":\"search_term_string\"}}],\"inLanguage\":\"pt-PT\"}]}<\/script>\n<!-- \/ Yoast SEO plugin. -->","yoast_head_json":{"title":"Quando candidatar-se ao eTA para o Canad\u00e1?","description":"Antes de partir para o Canad\u00e1, \u00e9 importante preparar todos os documentos de viagem necess\u00e1rios, incluindo o eTA. Saiba aqui quando candidatar-se a um eTA.","robots":{"index":"index","follow":"follow","max-snippet":"max-snippet:-1","max-image-preview":"max-image-preview:large","max-video-preview":"max-video-preview:-1"},"canonical":"https:\/\/ave-eta-canada.com\/pt-pt\/quando-se-candidatar-a-autorizacao-eta-para-o-canada\/","og_locale":"pt_PT","og_type":"article","og_title":"Quando candidatar-se ao eTA para o Canad\u00e1?","og_description":"Antes de partir para o Canad\u00e1, \u00e9 importante preparar todos os documentos de viagem necess\u00e1rios, incluindo o eTA. Saiba aqui quando candidatar-se a um eTA.","og_url":"https:\/\/ave-eta-canada.com\/pt-pt\/quando-se-candidatar-a-autorizacao-eta-para-o-canada\/","og_site_name":"VISA CANADA","article_modified_time":"2022-09-09T15:57:29+00:00","twitter_card":"summary_large_image","twitter_misc":{"Tempo estimado de leitura":"4 minutos"},"schema":{"@context":"https:\/\/schema.org","@graph":[{"@type":"WebPage","@id":"https:\/\/ave-eta-canada.com\/pt-pt\/quando-se-candidatar-a-autorizacao-eta-para-o-canada\/","url":"https:\/\/ave-eta-canada.com\/pt-pt\/quando-se-candidatar-a-autorizacao-eta-para-o-canada\/","name":"Quando candidatar-se ao eTA para o Canad\u00e1?","isPartOf":{"@id":"https:\/\/ave-eta-canada.com\/pt-pt\/#website"},"datePublished":"2022-09-06T07:59:24+00:00","dateModified":"2022-09-09T15:57:29+00:00","description":"Antes de partir para o Canad\u00e1, \u00e9 importante preparar todos os documentos de viagem necess\u00e1rios, incluindo o eTA. Saiba aqui quando candidatar-se a um eTA.","breadcrumb":{"@id":"https:\/\/ave-eta-canada.com\/pt-pt\/quando-se-candidatar-a-autorizacao-eta-para-o-canada\/#breadcrumb"},"inLanguage":"pt-PT","potentialAction":[{"@type":"ReadAction","target":["https:\/\/ave-eta-canada.com\/pt-pt\/quando-se-candidatar-a-autorizacao-eta-para-o-canada\/"]}]},{"@type":"BreadcrumbList","@id":"https:\/\/ave-eta-canada.com\/pt-pt\/quando-se-candidatar-a-autorizacao-eta-para-o-canada\/#breadcrumb","itemListElement":[{"@type":"ListItem","position":1,"name":"Home","item":"https:\/\/ave-eta-canada.com\/pt-pt\/"},{"@type":"ListItem","position":2,"name":"Quando candidatar-se ao eTA para o Canad\u00e1?"}]},{"@type":"WebSite","@id":"https:\/\/ave-eta-canada.com\/pt-pt\/#website","url":"https:\/\/ave-eta-canada.com\/pt-pt\/","name":"VISA CANADA","description":"Autorisation Voyage Electronique","potentialAction":[{"@type":"SearchAction","target":{"@type":"EntryPoint","urlTemplate":"https:\/\/ave-eta-canada.com\/pt-pt\/?s={search_term_string}"},"query-input":{"@type":"PropertyValueSpecification","valueRequired":true,"valueName":"search_term_string"}}],"inLanguage":"pt-PT"}]}},"_links":{"self":[{"href":"https:\/\/ave-eta-canada.com\/pt-pt\/wp-json\/wp\/v2\/pages\/2742","targetHints":{"allow":["GET"]}}],"collection":[{"href":"https:\/\/ave-eta-canada.com\/pt-pt\/wp-json\/wp\/v2\/pages"}],"about":[{"href":"https:\/\/ave-eta-canada.com\/pt-pt\/wp-json\/wp\/v2\/types\/page"}],"author":[{"embeddable":true,"href":"https:\/\/ave-eta-canada.com\/pt-pt\/wp-json\/wp\/v2\/users\/1"}],"replies":[{"embeddable":true,"href":"https:\/\/ave-eta-canada.com\/pt-pt\/wp-json\/wp\/v2\/comments?post=2742"}],"version-history":[{"count":0,"href":"https:\/\/ave-eta-canada.com\/pt-pt\/wp-json\/wp\/v2\/pages\/2742\/revisions"}],"wp:attachment":[{"href":"https:\/\/ave-eta-canada.com\/pt-pt\/wp-json\/wp\/v2\/media?parent=2742"}],"curies":[{"name":"wp","href":"https:\/\/api.w.org\/{rel}","templated":true}]}}