{"id":2743,"date":"2022-09-06T07:59:24","date_gmt":"2022-09-06T07:59:24","guid":{"rendered":"https:\/\/ave-eta-canada.com\/canada-governo-que-quer-mais-estudantes-e-fornecedores\/"},"modified":"2022-09-09T19:14:55","modified_gmt":"2022-09-09T19:14:55","slug":"canada-governo-que-quer-mais-estudantes-e-fornecedores","status":"publish","type":"page","link":"https:\/\/ave-eta-canada.com\/pt-pt\/canada-governo-que-quer-mais-estudantes-e-fornecedores\/","title":{"rendered":"Canad\u00e1: o governo quer mais estudantes estrangeiros"},"content":{"rendered":"\n<h1 class=\"wp-block-heading\">O governo canadiano quer atrair mais estudantes internacionais<\/h1>\n\n<p>Os estudantes internacionais representam um interesse econ\u00f3mico significativo para a economia canadiana. De acordo com um estudo das autoridades federais, os estudantes estrangeiros geraram 15,5 mil milh\u00f5es de d\u00f3lares em 2016. Por esta raz\u00e3o, a administra\u00e7\u00e3o canadiana quer refor\u00e7ar a aflu\u00eancia de estudantes internacionais.<br\/><strong>Para uma estadia de menos de 6 meses no Canad\u00e1<\/strong>: Pode completar as formalidades de entrada no Canad\u00e1 directamente atrav\u00e9s da Internet, clicando no <a href=\"https:\/\/ave-eta-canada.com\/pt-pt\/formulario-eta-canada\/\">formul\u00e1rio em linha<\/a>. N\u00e3o \u00e9 necess\u00e1rio marcar uma entrevista na embaixada ou consulado canadiano.<br\/><\/p>\n\n<h2 class=\"wp-block-heading\">Promo\u00e7\u00e3o do sistema educativo canadiano junto dos estudantes internacionais<\/h2>\n\n<p>O sistema educativo canadiano continua a atrair jovens do estrangeiro. Enquanto em 2000, foram emitidas mais de 100.000 licen\u00e7as de estudo, este n\u00famero excedeu 500.000 em 2018. Para aproveitar este impulso, o governo federal fixou um or\u00e7amento total de 148 milh\u00f5es de d\u00f3lares ao longo de cinco anos para a educa\u00e7\u00e3o internacional.<\/p>\n\n<p>A fim de definir a estrat\u00e9gia global para atrair em massa estudantes internacionais, o governo e os representantes das <a href=\"https:\/\/ave-eta-canada.com\/pt-pt\/tudo-sobre-condicoes-para-viajar-no-canada\/\">universidades canadianas<\/a> re\u00fanem-se regularmente para discutir as direc\u00e7\u00f5es a tomar.<br\/><br\/><\/p>\n\n<h2 class=\"wp-block-heading\">Promo\u00e7\u00e3o da diversidade nas institui\u00e7\u00f5es educativas canadianas<\/h2>\n\n<p>Hoje em dia, uma grande propor\u00e7\u00e3o de estudantes estrangeiros vem da \u00cdndia e da China. No entanto, o Canad\u00e1 est\u00e1 a ver um n\u00famero crescente de estudantes de pa\u00edses de elevado crescimento, tais como o Vietname. Al\u00e9m disso, as autoridades federais est\u00e3o a procurar ir ainda mais longe na \u00e1rea da diversidade. Ser\u00e1 dada especial \u00eanfase aos pa\u00edses ou regi\u00f5es emergentes com uma elevada popula\u00e7\u00e3o jovem, tais como a Col\u00f4mbia ou certos pa\u00edses africanos.<\/p>\n\n<p>Mas n\u00e3o se trata apenas da economia. Segundo Jim Carr, Ministro do Com\u00e9rcio Internacional, os estudantes internacionais contribuem para a reputa\u00e7\u00e3o internacional do Canad\u00e1. Segundo ele, &#8220;experimentam boas institui\u00e7\u00f5es canadianas&#8221; e actuam como &#8220;verdadeiros embaixadores do Canad\u00e1&#8221; quando regressam aos seus pa\u00edses de origem. Al\u00e9m disso, este esquema tamb\u00e9m ajuda a atrair jovens talentos para o Canad\u00e1 ap\u00f3s o ensino superior. Instalam-se frequentemente no Canad\u00e1 de forma permanente e contribuem para o desenvolvimento da economia nacional.  <br\/><br\/><\/p>\n\n<h2 class=\"wp-block-heading\">Estudar no Canad\u00e1: solicitar uma autoriza\u00e7\u00e3o de estudo<\/h2>\n\n<p>Se tamb\u00e9m se sentir tentado a estudar no estrangeiro, o Pa\u00eds Maple pode ser para si. No entanto, para os seus estudos universit\u00e1rios, ter\u00e1 de <a href=\"https:\/\/ave-eta-canada.com\/pt-pt\/quanto-tempo-demora-obtencao-eta-canada\/\">obter<\/a> previamente <a href=\"https:\/\/ave-eta-canada.com\/pt-pt\/quanto-tempo-demora-obtencao-eta-canada\/\">uma autoriza\u00e7\u00e3o de estudo<\/a>, independentemente da institui\u00e7\u00e3o em que est\u00e1 a estudar (Universidade Laval, Universidade Sherbrooke, Universidade de Ottawa, Hec Montr\u00e9al, etc.). A autoriza\u00e7\u00e3o de estudo \u00e9 um documento emitido pelo IRCC (Immigration, Refugees and Citizenship Canada).<\/p>\n\n<p>Antes de solicitar a sua autoriza\u00e7\u00e3o de estudo, certifique-se de que cumpre os crit\u00e9rios de elegibilidade para este documento<a href=\"https:\/\/ave-eta-canada.com\/pt-pt\/whv-canada-como-obter-uma-permissao-de-ferias-de-trabalho\/\"> estudar no Canad\u00e1<\/a>. Como tal, o futuro estudante deve :<\/p>\n\n<ul class=\"wp-block-list\"><li>foram admitidos numa institui\u00e7\u00e3o de ensino sediada no Canad\u00e1 e t\u00eam uma carta de aceita\u00e7\u00e3o;  <\/li><li>provar que t\u00eam recursos financeiros suficientes para satisfazer as suas necessidades durante o seu primeiro ano de estudos (alojamento, propinas escolares, etc.);<\/li><li>ter um registo criminal limpo;<\/li><li>ser saud\u00e1vel.<\/li><\/ul>\n\n<p>Para solicitar uma licen\u00e7a de estudo, basta preencher<a href=\"https:\/\/ave-eta-canada.com\/pt-pt\/preencher-o-formulario-eta-canada\/\"> um formul\u00e1rio em linha <\/a>ou em papel. Para esta \u00faltima op\u00e7\u00e3o, o formul\u00e1rio deve ser enviado para o gabinete de processamento de vistos na Embaixada ou Consulado Geral do Canad\u00e1.<\/p>\n","protected":false},"excerpt":{"rendered":"<p>O governo canadiano quer atrair mais estudantes internacionais Os estudantes internacionais representam um interesse econ\u00f3mico significativo para a economia canadiana. De acordo com um estudo das autoridades federais, os estudantes estrangeiros geraram 15,5 mil milh\u00f5es de d\u00f3lares em 2016. Por esta raz\u00e3o, a administra\u00e7\u00e3o canadiana quer refor\u00e7ar a aflu\u00eancia de estudantes internacionais.Para uma estadia de [&hellip;]<\/p>\n","protected":false},"author":1,"featured_media":0,"parent":0,"menu_order":0,"comment_status":"closed","ping_status":"closed","template":"","meta":{"footnotes":""},"class_list":["post-2743","page","type-page","status-publish","hentry"],"yoast_head":"<!-- This site is optimized with the Yoast SEO plugin v26.9 - https:\/\/yoast.com\/product\/yoast-seo-wordpress\/ -->\n<title>Canad\u00e1: o governo quer mais estudantes estrangeiros<\/title>\n<meta name=\"description\" content=\"O governo canadiano planeia acolher mais estudantes internacionais nos pr\u00f3ximos anos. Isto ter\u00e1 um impacto econ\u00f3mico significativo.\" \/>\n<meta name=\"robots\" content=\"index, follow, max-snippet:-1, max-image-preview:large, max-video-preview:-1\" \/>\n<link rel=\"canonical\" href=\"https:\/\/ave-eta-canada.com\/pt-pt\/canada-governo-que-quer-mais-estudantes-e-fornecedores\/\" \/>\n<meta property=\"og:locale\" content=\"pt_PT\" \/>\n<meta property=\"og:type\" content=\"article\" \/>\n<meta property=\"og:title\" content=\"Canad\u00e1: o governo quer mais estudantes estrangeiros\" \/>\n<meta property=\"og:description\" content=\"O governo canadiano planeia acolher mais estudantes internacionais nos pr\u00f3ximos anos. Isto ter\u00e1 um impacto econ\u00f3mico significativo.\" \/>\n<meta property=\"og:url\" content=\"https:\/\/ave-eta-canada.com\/pt-pt\/canada-governo-que-quer-mais-estudantes-e-fornecedores\/\" \/>\n<meta property=\"og:site_name\" content=\"VISA CANADA\" \/>\n<meta property=\"article:modified_time\" content=\"2022-09-09T19:14:55+00:00\" \/>\n<meta name=\"twitter:card\" content=\"summary_large_image\" \/>\n<meta name=\"twitter:label1\" content=\"Tempo estimado de leitura\" \/>\n\t<meta name=\"twitter:data1\" content=\"3 minutos\" \/>\n<script type=\"application\/ld+json\" class=\"yoast-schema-graph\">{\"@context\":\"https:\/\/schema.org\",\"@graph\":[{\"@type\":\"WebPage\",\"@id\":\"https:\/\/ave-eta-canada.com\/pt-pt\/canada-governo-que-quer-mais-estudantes-e-fornecedores\/\",\"url\":\"https:\/\/ave-eta-canada.com\/pt-pt\/canada-governo-que-quer-mais-estudantes-e-fornecedores\/\",\"name\":\"Canad\u00e1: o governo quer mais estudantes estrangeiros\",\"isPartOf\":{\"@id\":\"https:\/\/ave-eta-canada.com\/pt-pt\/#website\"},\"datePublished\":\"2022-09-06T07:59:24+00:00\",\"dateModified\":\"2022-09-09T19:14:55+00:00\",\"description\":\"O governo canadiano planeia acolher mais estudantes internacionais nos pr\u00f3ximos anos. Isto ter\u00e1 um impacto econ\u00f3mico significativo.\",\"breadcrumb\":{\"@id\":\"https:\/\/ave-eta-canada.com\/pt-pt\/canada-governo-que-quer-mais-estudantes-e-fornecedores\/#breadcrumb\"},\"inLanguage\":\"pt-PT\",\"potentialAction\":[{\"@type\":\"ReadAction\",\"target\":[\"https:\/\/ave-eta-canada.com\/pt-pt\/canada-governo-que-quer-mais-estudantes-e-fornecedores\/\"]}]},{\"@type\":\"BreadcrumbList\",\"@id\":\"https:\/\/ave-eta-canada.com\/pt-pt\/canada-governo-que-quer-mais-estudantes-e-fornecedores\/#breadcrumb\",\"itemListElement\":[{\"@type\":\"ListItem\",\"position\":1,\"name\":\"Home\",\"item\":\"https:\/\/ave-eta-canada.com\/pt-pt\/\"},{\"@type\":\"ListItem\",\"position\":2,\"name\":\"Canad\u00e1: o governo quer mais estudantes estrangeiros\"}]},{\"@type\":\"WebSite\",\"@id\":\"https:\/\/ave-eta-canada.com\/pt-pt\/#website\",\"url\":\"https:\/\/ave-eta-canada.com\/pt-pt\/\",\"name\":\"VISA CANADA\",\"description\":\"Autorisation Voyage Electronique\",\"potentialAction\":[{\"@type\":\"SearchAction\",\"target\":{\"@type\":\"EntryPoint\",\"urlTemplate\":\"https:\/\/ave-eta-canada.com\/pt-pt\/?s={search_term_string}\"},\"query-input\":{\"@type\":\"PropertyValueSpecification\",\"valueRequired\":true,\"valueName\":\"search_term_string\"}}],\"inLanguage\":\"pt-PT\"}]}<\/script>\n<!-- \/ Yoast SEO plugin. -->","yoast_head_json":{"title":"Canad\u00e1: o governo quer mais estudantes estrangeiros","description":"O governo canadiano planeia acolher mais estudantes internacionais nos pr\u00f3ximos anos. Isto ter\u00e1 um impacto econ\u00f3mico significativo.","robots":{"index":"index","follow":"follow","max-snippet":"max-snippet:-1","max-image-preview":"max-image-preview:large","max-video-preview":"max-video-preview:-1"},"canonical":"https:\/\/ave-eta-canada.com\/pt-pt\/canada-governo-que-quer-mais-estudantes-e-fornecedores\/","og_locale":"pt_PT","og_type":"article","og_title":"Canad\u00e1: o governo quer mais estudantes estrangeiros","og_description":"O governo canadiano planeia acolher mais estudantes internacionais nos pr\u00f3ximos anos. Isto ter\u00e1 um impacto econ\u00f3mico significativo.","og_url":"https:\/\/ave-eta-canada.com\/pt-pt\/canada-governo-que-quer-mais-estudantes-e-fornecedores\/","og_site_name":"VISA CANADA","article_modified_time":"2022-09-09T19:14:55+00:00","twitter_card":"summary_large_image","twitter_misc":{"Tempo estimado de leitura":"3 minutos"},"schema":{"@context":"https:\/\/schema.org","@graph":[{"@type":"WebPage","@id":"https:\/\/ave-eta-canada.com\/pt-pt\/canada-governo-que-quer-mais-estudantes-e-fornecedores\/","url":"https:\/\/ave-eta-canada.com\/pt-pt\/canada-governo-que-quer-mais-estudantes-e-fornecedores\/","name":"Canad\u00e1: o governo quer mais estudantes estrangeiros","isPartOf":{"@id":"https:\/\/ave-eta-canada.com\/pt-pt\/#website"},"datePublished":"2022-09-06T07:59:24+00:00","dateModified":"2022-09-09T19:14:55+00:00","description":"O governo canadiano planeia acolher mais estudantes internacionais nos pr\u00f3ximos anos. Isto ter\u00e1 um impacto econ\u00f3mico significativo.","breadcrumb":{"@id":"https:\/\/ave-eta-canada.com\/pt-pt\/canada-governo-que-quer-mais-estudantes-e-fornecedores\/#breadcrumb"},"inLanguage":"pt-PT","potentialAction":[{"@type":"ReadAction","target":["https:\/\/ave-eta-canada.com\/pt-pt\/canada-governo-que-quer-mais-estudantes-e-fornecedores\/"]}]},{"@type":"BreadcrumbList","@id":"https:\/\/ave-eta-canada.com\/pt-pt\/canada-governo-que-quer-mais-estudantes-e-fornecedores\/#breadcrumb","itemListElement":[{"@type":"ListItem","position":1,"name":"Home","item":"https:\/\/ave-eta-canada.com\/pt-pt\/"},{"@type":"ListItem","position":2,"name":"Canad\u00e1: o governo quer mais estudantes estrangeiros"}]},{"@type":"WebSite","@id":"https:\/\/ave-eta-canada.com\/pt-pt\/#website","url":"https:\/\/ave-eta-canada.com\/pt-pt\/","name":"VISA CANADA","description":"Autorisation Voyage Electronique","potentialAction":[{"@type":"SearchAction","target":{"@type":"EntryPoint","urlTemplate":"https:\/\/ave-eta-canada.com\/pt-pt\/?s={search_term_string}"},"query-input":{"@type":"PropertyValueSpecification","valueRequired":true,"valueName":"search_term_string"}}],"inLanguage":"pt-PT"}]}},"_links":{"self":[{"href":"https:\/\/ave-eta-canada.com\/pt-pt\/wp-json\/wp\/v2\/pages\/2743","targetHints":{"allow":["GET"]}}],"collection":[{"href":"https:\/\/ave-eta-canada.com\/pt-pt\/wp-json\/wp\/v2\/pages"}],"about":[{"href":"https:\/\/ave-eta-canada.com\/pt-pt\/wp-json\/wp\/v2\/types\/page"}],"author":[{"embeddable":true,"href":"https:\/\/ave-eta-canada.com\/pt-pt\/wp-json\/wp\/v2\/users\/1"}],"replies":[{"embeddable":true,"href":"https:\/\/ave-eta-canada.com\/pt-pt\/wp-json\/wp\/v2\/comments?post=2743"}],"version-history":[{"count":0,"href":"https:\/\/ave-eta-canada.com\/pt-pt\/wp-json\/wp\/v2\/pages\/2743\/revisions"}],"wp:attachment":[{"href":"https:\/\/ave-eta-canada.com\/pt-pt\/wp-json\/wp\/v2\/media?parent=2743"}],"curies":[{"name":"wp","href":"https:\/\/api.w.org\/{rel}","templated":true}]}}