{"id":2753,"date":"2022-09-06T07:59:25","date_gmt":"2022-09-06T07:59:25","guid":{"rendered":"https:\/\/ave-eta-canada.com\/noticias-sobre-aventura\/"},"modified":"2022-09-06T08:02:47","modified_gmt":"2022-09-06T08:02:47","slug":"noticias-sobre-a-eta-canada","status":"publish","type":"page","link":"https:\/\/ave-eta-canada.com\/pt-pt\/noticias-sobre-a-eta-canada\/","title":{"rendered":"Not\u00edcias sobre o eTA Canad\u00e0"},"content":{"rendered":"\n<h1 class=\"wp-block-heading\">As \u00faltimas not\u00edcias sobre autoriza\u00e7\u00e3o de eTA e viagens ao Canad\u00e1<\/h1>\n\n<p>Nesta sec\u00e7\u00e3o, descubra o que h\u00e1 de novo com o documento oficial eTA e o que h\u00e1 de novo no Canad\u00e1. Se precisar de mais informa\u00e7\u00f5es sobre o eTA para a sua viagem, consulte a p\u00e1gina de <a>ajuda<\/a>, o <a>gloss\u00e1rio<\/a> e as <a>perguntas mais frequentes<\/a>.<\/p>\n\n<p><\/p>\n","protected":false},"excerpt":{"rendered":"<p>As \u00faltimas not\u00edcias sobre autoriza\u00e7\u00e3o de eTA e viagens ao Canad\u00e1 Nesta sec\u00e7\u00e3o, descubra o que h\u00e1 de novo com o documento oficial eTA e o que h\u00e1 de novo no Canad\u00e1. Se precisar de mais informa\u00e7\u00f5es sobre o eTA para a sua viagem, consulte a p\u00e1gina de ajuda, o gloss\u00e1rio e as perguntas mais [&hellip;]<\/p>\n","protected":false},"author":1,"featured_media":0,"parent":0,"menu_order":0,"comment_status":"closed","ping_status":"closed","template":"","meta":{"footnotes":""},"class_list":["post-2753","page","type-page","status-publish","hentry"],"yoast_head":"<!-- This site is optimized with the Yoast SEO plugin v26.9 - https:\/\/yoast.com\/product\/yoast-seo-wordpress\/ -->\n<title>Not\u00edcias sobre o eTA Canad\u00e0<\/title>\n<meta name=\"description\" content=\"Preparando-se para viajar para o Canad\u00e1 com a sua autoriza\u00e7\u00e3o eTA? Descubra todas as not\u00edcias relacionadas com a sua viagem nesta sec\u00e7\u00e3o de not\u00edcias.\" \/>\n<meta name=\"robots\" content=\"index, follow, max-snippet:-1, max-image-preview:large, max-video-preview:-1\" \/>\n<link rel=\"canonical\" href=\"https:\/\/ave-eta-canada.com\/pt-pt\/noticias-sobre-a-eta-canada\/\" \/>\n<meta property=\"og:locale\" content=\"pt_PT\" \/>\n<meta property=\"og:type\" content=\"article\" \/>\n<meta property=\"og:title\" content=\"Not\u00edcias sobre o eTA Canad\u00e0\" \/>\n<meta property=\"og:description\" content=\"Preparando-se para viajar para o Canad\u00e1 com a sua autoriza\u00e7\u00e3o eTA? Descubra todas as not\u00edcias relacionadas com a sua viagem nesta sec\u00e7\u00e3o de not\u00edcias.\" \/>\n<meta property=\"og:url\" content=\"https:\/\/ave-eta-canada.com\/pt-pt\/noticias-sobre-a-eta-canada\/\" \/>\n<meta property=\"og:site_name\" content=\"VISA CANADA\" \/>\n<meta property=\"article:modified_time\" content=\"2022-09-06T08:02:47+00:00\" \/>\n<meta name=\"twitter:card\" content=\"summary_large_image\" \/>\n<script type=\"application\/ld+json\" class=\"yoast-schema-graph\">{\"@context\":\"https:\/\/schema.org\",\"@graph\":[{\"@type\":\"WebPage\",\"@id\":\"https:\/\/ave-eta-canada.com\/pt-pt\/noticias-sobre-a-eta-canada\/\",\"url\":\"https:\/\/ave-eta-canada.com\/pt-pt\/noticias-sobre-a-eta-canada\/\",\"name\":\"Not\u00edcias sobre o eTA Canad\u00e0\",\"isPartOf\":{\"@id\":\"https:\/\/ave-eta-canada.com\/pt-pt\/#website\"},\"datePublished\":\"2022-09-06T07:59:25+00:00\",\"dateModified\":\"2022-09-06T08:02:47+00:00\",\"description\":\"Preparando-se para viajar para o Canad\u00e1 com a sua autoriza\u00e7\u00e3o eTA? Descubra todas as not\u00edcias relacionadas com a sua viagem nesta sec\u00e7\u00e3o de not\u00edcias.\",\"breadcrumb\":{\"@id\":\"https:\/\/ave-eta-canada.com\/pt-pt\/noticias-sobre-a-eta-canada\/#breadcrumb\"},\"inLanguage\":\"pt-PT\",\"potentialAction\":[{\"@type\":\"ReadAction\",\"target\":[\"https:\/\/ave-eta-canada.com\/pt-pt\/noticias-sobre-a-eta-canada\/\"]}]},{\"@type\":\"BreadcrumbList\",\"@id\":\"https:\/\/ave-eta-canada.com\/pt-pt\/noticias-sobre-a-eta-canada\/#breadcrumb\",\"itemListElement\":[{\"@type\":\"ListItem\",\"position\":1,\"name\":\"Home\",\"item\":\"https:\/\/ave-eta-canada.com\/pt-pt\/\"},{\"@type\":\"ListItem\",\"position\":2,\"name\":\"Not\u00edcias sobre o eTA Canad\u00e0\"}]},{\"@type\":\"WebSite\",\"@id\":\"https:\/\/ave-eta-canada.com\/pt-pt\/#website\",\"url\":\"https:\/\/ave-eta-canada.com\/pt-pt\/\",\"name\":\"VISA CANADA\",\"description\":\"Autorisation Voyage Electronique\",\"potentialAction\":[{\"@type\":\"SearchAction\",\"target\":{\"@type\":\"EntryPoint\",\"urlTemplate\":\"https:\/\/ave-eta-canada.com\/pt-pt\/?s={search_term_string}\"},\"query-input\":{\"@type\":\"PropertyValueSpecification\",\"valueRequired\":true,\"valueName\":\"search_term_string\"}}],\"inLanguage\":\"pt-PT\"}]}<\/script>\n<!-- \/ Yoast SEO plugin. -->","yoast_head_json":{"title":"Not\u00edcias sobre o eTA Canad\u00e0","description":"Preparando-se para viajar para o Canad\u00e1 com a sua autoriza\u00e7\u00e3o eTA? Descubra todas as not\u00edcias relacionadas com a sua viagem nesta sec\u00e7\u00e3o de not\u00edcias.","robots":{"index":"index","follow":"follow","max-snippet":"max-snippet:-1","max-image-preview":"max-image-preview:large","max-video-preview":"max-video-preview:-1"},"canonical":"https:\/\/ave-eta-canada.com\/pt-pt\/noticias-sobre-a-eta-canada\/","og_locale":"pt_PT","og_type":"article","og_title":"Not\u00edcias sobre o eTA Canad\u00e0","og_description":"Preparando-se para viajar para o Canad\u00e1 com a sua autoriza\u00e7\u00e3o eTA? Descubra todas as not\u00edcias relacionadas com a sua viagem nesta sec\u00e7\u00e3o de not\u00edcias.","og_url":"https:\/\/ave-eta-canada.com\/pt-pt\/noticias-sobre-a-eta-canada\/","og_site_name":"VISA CANADA","article_modified_time":"2022-09-06T08:02:47+00:00","twitter_card":"summary_large_image","schema":{"@context":"https:\/\/schema.org","@graph":[{"@type":"WebPage","@id":"https:\/\/ave-eta-canada.com\/pt-pt\/noticias-sobre-a-eta-canada\/","url":"https:\/\/ave-eta-canada.com\/pt-pt\/noticias-sobre-a-eta-canada\/","name":"Not\u00edcias sobre o eTA Canad\u00e0","isPartOf":{"@id":"https:\/\/ave-eta-canada.com\/pt-pt\/#website"},"datePublished":"2022-09-06T07:59:25+00:00","dateModified":"2022-09-06T08:02:47+00:00","description":"Preparando-se para viajar para o Canad\u00e1 com a sua autoriza\u00e7\u00e3o eTA? Descubra todas as not\u00edcias relacionadas com a sua viagem nesta sec\u00e7\u00e3o de not\u00edcias.","breadcrumb":{"@id":"https:\/\/ave-eta-canada.com\/pt-pt\/noticias-sobre-a-eta-canada\/#breadcrumb"},"inLanguage":"pt-PT","potentialAction":[{"@type":"ReadAction","target":["https:\/\/ave-eta-canada.com\/pt-pt\/noticias-sobre-a-eta-canada\/"]}]},{"@type":"BreadcrumbList","@id":"https:\/\/ave-eta-canada.com\/pt-pt\/noticias-sobre-a-eta-canada\/#breadcrumb","itemListElement":[{"@type":"ListItem","position":1,"name":"Home","item":"https:\/\/ave-eta-canada.com\/pt-pt\/"},{"@type":"ListItem","position":2,"name":"Not\u00edcias sobre o eTA Canad\u00e0"}]},{"@type":"WebSite","@id":"https:\/\/ave-eta-canada.com\/pt-pt\/#website","url":"https:\/\/ave-eta-canada.com\/pt-pt\/","name":"VISA CANADA","description":"Autorisation Voyage Electronique","potentialAction":[{"@type":"SearchAction","target":{"@type":"EntryPoint","urlTemplate":"https:\/\/ave-eta-canada.com\/pt-pt\/?s={search_term_string}"},"query-input":{"@type":"PropertyValueSpecification","valueRequired":true,"valueName":"search_term_string"}}],"inLanguage":"pt-PT"}]}},"_links":{"self":[{"href":"https:\/\/ave-eta-canada.com\/pt-pt\/wp-json\/wp\/v2\/pages\/2753","targetHints":{"allow":["GET"]}}],"collection":[{"href":"https:\/\/ave-eta-canada.com\/pt-pt\/wp-json\/wp\/v2\/pages"}],"about":[{"href":"https:\/\/ave-eta-canada.com\/pt-pt\/wp-json\/wp\/v2\/types\/page"}],"author":[{"embeddable":true,"href":"https:\/\/ave-eta-canada.com\/pt-pt\/wp-json\/wp\/v2\/users\/1"}],"replies":[{"embeddable":true,"href":"https:\/\/ave-eta-canada.com\/pt-pt\/wp-json\/wp\/v2\/comments?post=2753"}],"version-history":[{"count":0,"href":"https:\/\/ave-eta-canada.com\/pt-pt\/wp-json\/wp\/v2\/pages\/2753\/revisions"}],"wp:attachment":[{"href":"https:\/\/ave-eta-canada.com\/pt-pt\/wp-json\/wp\/v2\/media?parent=2753"}],"curies":[{"name":"wp","href":"https:\/\/api.w.org\/{rel}","templated":true}]}}