{"id":2754,"date":"2022-09-06T07:59:25","date_gmt":"2022-09-06T07:59:25","guid":{"rendered":"https:\/\/ave-eta-canada.com\/la-langue-francaise-disparait-peu-a-peu-du-canada\/"},"modified":"2022-09-09T11:49:44","modified_gmt":"2022-09-09T11:49:44","slug":"lingua-francesa-esta-desaparecendo-do-canada","status":"publish","type":"page","link":"https:\/\/ave-eta-canada.com\/pt-pt\/lingua-francesa-esta-desaparecendo-do-canada\/","title":{"rendered":"A l\u00edngua francesa est\u00e1 a desaparecer lentamente do Canad\u00e1"},"content":{"rendered":"\n<h1 class=\"wp-block-heading\">Desaparecimento do franc\u00eas no Canad\u00e1 ingl\u00eas<\/h1>\n\n<p>O Canad\u00e1 \u00e9 um dos destinos tur\u00edsticos favoritos dos franceses, mas tamb\u00e9m um pa\u00eds de acolhimento para muitos expatriados. Cada vez mais canadianos s\u00e3o contra a aprendizagem do franc\u00eas. Porque n\u00e3o est\u00e3o interessados na l\u00edngua de Moli\u00e8re? E que futuro para os franceses no Canad\u00e1?<\/p>\n\n<h2 class=\"wp-block-heading\">A situa\u00e7\u00e3o actual<\/h2>\n\n<p>O ingl\u00eas e o franc\u00eas s\u00e3o as duas l\u00ednguas oficiais do Canad\u00e1, de acordo com a lei que foi aprovada em 1969 pelo Parlamento do Canad\u00e1. Anteriormente, o bilinguismo era muito importante. No entanto, apesar desta legisla\u00e7\u00e3o lingu\u00edstica, os canadianos ingleses est\u00e3o cada vez menos inclinados a aprender ou a falar franc\u00eas. H\u00e1 10 milh\u00f5es de pessoas em 2018 que dizem saber <a href=\"https:\/\/ave-eta-canada.com\/pt-pt\/noticias-sobre-a-eta-canada\/\">falar franc\u00eas<\/a>, mas este n\u00famero est\u00e1 constantemente a diminuir.<\/p>\n\n<p>A aprendizagem de uma segunda l\u00edngua obrigat\u00f3ria j\u00e1 os est\u00e1 a perturbar, e cada vez mais se pergunta por que raz\u00e3o deve ser franc\u00eas. Alguns canadianos pensam que \u00e9 injusto aprender franc\u00eas em vez de outra l\u00edngua. Mesmo no Quebec, o franc\u00eas est\u00e1 a tornar-se menos importante.<\/p>\n\n<p>Est\u00e1 a surgir um fen\u00f3meno, o da recusa de viver em franc\u00eas. Utilizar o franc\u00eas para o trabalho ainda \u00e9 bom, mas uma vez em casa, a segunda l\u00edngua oficial toma o controlo. O franc\u00eas como primeira l\u00edngua tamb\u00e9m est\u00e1 em decl\u00ednio.<br\/><\/p>\n\n<h2 class=\"wp-block-heading\">Que futuro para a l\u00edngua francesa no Canad\u00e1?<\/h2>\n\n<p>Muitos estudos mostram uma profunda divis\u00e3o entre as duas comunidades oficiais do Canad\u00e1.<\/p>\n\n<p><a href=\"https:\/\/www.canada.ca\/fr.html\">O governo do Quebec<\/a> quer restabelecer o franc\u00eas nas pequenas e m\u00e9dias empresas para encorajar os canadianos a aprender a l\u00edngua de Moli\u00e8re. Este plano de ac\u00e7\u00e3o ajudaria a preservar a l\u00edngua francesa, ao mesmo tempo que facilitaria aos bilingues a procura de emprego. Os falantes de ingl\u00eas e franc\u00eas teriam mais facilidade em conseguir um emprego.<\/p>\n\n<p>\u00c9 evidente que o franc\u00eas est\u00e1 gradualmente a tornar-se uma l\u00edngua de trabalho para os canadianos em vez de uma l\u00edngua do cora\u00e7\u00e3o.<\/p>\n","protected":false},"excerpt":{"rendered":"<p>Desaparecimento do franc\u00eas no Canad\u00e1 ingl\u00eas O Canad\u00e1 \u00e9 um dos destinos tur\u00edsticos favoritos dos franceses, mas tamb\u00e9m um pa\u00eds de acolhimento para muitos expatriados. Cada vez mais canadianos s\u00e3o contra a aprendizagem do franc\u00eas. Porque n\u00e3o est\u00e3o interessados na l\u00edngua de Moli\u00e8re? E que futuro para os franceses no Canad\u00e1? A situa\u00e7\u00e3o actual O [&hellip;]<\/p>\n","protected":false},"author":1,"featured_media":0,"parent":0,"menu_order":0,"comment_status":"closed","ping_status":"closed","template":"","meta":{"footnotes":""},"class_list":["post-2754","page","type-page","status-publish","hentry"],"yoast_head":"<!-- This site is optimized with the Yoast SEO plugin v26.9 - https:\/\/yoast.com\/product\/yoast-seo-wordpress\/ -->\n<title>A l\u00edngua francesa est\u00e1 a desaparecer lentamente do Canad\u00e1<\/title>\n<meta name=\"description\" content=\"O Canad\u00e1 \u00e9 um destino popular para os viajantes franceses, mas o franc\u00eas \u00e9 menos utilizado. Porqu\u00ea tanta falta de interesse? Resposta neste artigo.\" \/>\n<meta name=\"robots\" content=\"index, follow, max-snippet:-1, max-image-preview:large, max-video-preview:-1\" \/>\n<link rel=\"canonical\" href=\"https:\/\/ave-eta-canada.com\/pt-pt\/lingua-francesa-esta-desaparecendo-do-canada\/\" \/>\n<meta property=\"og:locale\" content=\"pt_PT\" \/>\n<meta property=\"og:type\" content=\"article\" \/>\n<meta property=\"og:title\" content=\"A l\u00edngua francesa est\u00e1 a desaparecer lentamente do Canad\u00e1\" \/>\n<meta property=\"og:description\" content=\"O Canad\u00e1 \u00e9 um destino popular para os viajantes franceses, mas o franc\u00eas \u00e9 menos utilizado. Porqu\u00ea tanta falta de interesse? Resposta neste artigo.\" \/>\n<meta property=\"og:url\" content=\"https:\/\/ave-eta-canada.com\/pt-pt\/lingua-francesa-esta-desaparecendo-do-canada\/\" \/>\n<meta property=\"og:site_name\" content=\"VISA CANADA\" \/>\n<meta property=\"article:modified_time\" content=\"2022-09-09T11:49:44+00:00\" \/>\n<meta name=\"twitter:card\" content=\"summary_large_image\" \/>\n<meta name=\"twitter:label1\" content=\"Tempo estimado de leitura\" \/>\n\t<meta name=\"twitter:data1\" content=\"2 minutos\" \/>\n<script type=\"application\/ld+json\" class=\"yoast-schema-graph\">{\"@context\":\"https:\/\/schema.org\",\"@graph\":[{\"@type\":\"WebPage\",\"@id\":\"https:\/\/ave-eta-canada.com\/pt-pt\/lingua-francesa-esta-desaparecendo-do-canada\/\",\"url\":\"https:\/\/ave-eta-canada.com\/pt-pt\/lingua-francesa-esta-desaparecendo-do-canada\/\",\"name\":\"A l\u00edngua francesa est\u00e1 a desaparecer lentamente do Canad\u00e1\",\"isPartOf\":{\"@id\":\"https:\/\/ave-eta-canada.com\/pt-pt\/#website\"},\"datePublished\":\"2022-09-06T07:59:25+00:00\",\"dateModified\":\"2022-09-09T11:49:44+00:00\",\"description\":\"O Canad\u00e1 \u00e9 um destino popular para os viajantes franceses, mas o franc\u00eas \u00e9 menos utilizado. Porqu\u00ea tanta falta de interesse? Resposta neste artigo.\",\"breadcrumb\":{\"@id\":\"https:\/\/ave-eta-canada.com\/pt-pt\/lingua-francesa-esta-desaparecendo-do-canada\/#breadcrumb\"},\"inLanguage\":\"pt-PT\",\"potentialAction\":[{\"@type\":\"ReadAction\",\"target\":[\"https:\/\/ave-eta-canada.com\/pt-pt\/lingua-francesa-esta-desaparecendo-do-canada\/\"]}]},{\"@type\":\"BreadcrumbList\",\"@id\":\"https:\/\/ave-eta-canada.com\/pt-pt\/lingua-francesa-esta-desaparecendo-do-canada\/#breadcrumb\",\"itemListElement\":[{\"@type\":\"ListItem\",\"position\":1,\"name\":\"Home\",\"item\":\"https:\/\/ave-eta-canada.com\/pt-pt\/\"},{\"@type\":\"ListItem\",\"position\":2,\"name\":\"A l\u00edngua francesa est\u00e1 a desaparecer lentamente do Canad\u00e1\"}]},{\"@type\":\"WebSite\",\"@id\":\"https:\/\/ave-eta-canada.com\/pt-pt\/#website\",\"url\":\"https:\/\/ave-eta-canada.com\/pt-pt\/\",\"name\":\"VISA CANADA\",\"description\":\"Autorisation Voyage Electronique\",\"potentialAction\":[{\"@type\":\"SearchAction\",\"target\":{\"@type\":\"EntryPoint\",\"urlTemplate\":\"https:\/\/ave-eta-canada.com\/pt-pt\/?s={search_term_string}\"},\"query-input\":{\"@type\":\"PropertyValueSpecification\",\"valueRequired\":true,\"valueName\":\"search_term_string\"}}],\"inLanguage\":\"pt-PT\"}]}<\/script>\n<!-- \/ Yoast SEO plugin. -->","yoast_head_json":{"title":"A l\u00edngua francesa est\u00e1 a desaparecer lentamente do Canad\u00e1","description":"O Canad\u00e1 \u00e9 um destino popular para os viajantes franceses, mas o franc\u00eas \u00e9 menos utilizado. Porqu\u00ea tanta falta de interesse? Resposta neste artigo.","robots":{"index":"index","follow":"follow","max-snippet":"max-snippet:-1","max-image-preview":"max-image-preview:large","max-video-preview":"max-video-preview:-1"},"canonical":"https:\/\/ave-eta-canada.com\/pt-pt\/lingua-francesa-esta-desaparecendo-do-canada\/","og_locale":"pt_PT","og_type":"article","og_title":"A l\u00edngua francesa est\u00e1 a desaparecer lentamente do Canad\u00e1","og_description":"O Canad\u00e1 \u00e9 um destino popular para os viajantes franceses, mas o franc\u00eas \u00e9 menos utilizado. Porqu\u00ea tanta falta de interesse? Resposta neste artigo.","og_url":"https:\/\/ave-eta-canada.com\/pt-pt\/lingua-francesa-esta-desaparecendo-do-canada\/","og_site_name":"VISA CANADA","article_modified_time":"2022-09-09T11:49:44+00:00","twitter_card":"summary_large_image","twitter_misc":{"Tempo estimado de leitura":"2 minutos"},"schema":{"@context":"https:\/\/schema.org","@graph":[{"@type":"WebPage","@id":"https:\/\/ave-eta-canada.com\/pt-pt\/lingua-francesa-esta-desaparecendo-do-canada\/","url":"https:\/\/ave-eta-canada.com\/pt-pt\/lingua-francesa-esta-desaparecendo-do-canada\/","name":"A l\u00edngua francesa est\u00e1 a desaparecer lentamente do Canad\u00e1","isPartOf":{"@id":"https:\/\/ave-eta-canada.com\/pt-pt\/#website"},"datePublished":"2022-09-06T07:59:25+00:00","dateModified":"2022-09-09T11:49:44+00:00","description":"O Canad\u00e1 \u00e9 um destino popular para os viajantes franceses, mas o franc\u00eas \u00e9 menos utilizado. Porqu\u00ea tanta falta de interesse? Resposta neste artigo.","breadcrumb":{"@id":"https:\/\/ave-eta-canada.com\/pt-pt\/lingua-francesa-esta-desaparecendo-do-canada\/#breadcrumb"},"inLanguage":"pt-PT","potentialAction":[{"@type":"ReadAction","target":["https:\/\/ave-eta-canada.com\/pt-pt\/lingua-francesa-esta-desaparecendo-do-canada\/"]}]},{"@type":"BreadcrumbList","@id":"https:\/\/ave-eta-canada.com\/pt-pt\/lingua-francesa-esta-desaparecendo-do-canada\/#breadcrumb","itemListElement":[{"@type":"ListItem","position":1,"name":"Home","item":"https:\/\/ave-eta-canada.com\/pt-pt\/"},{"@type":"ListItem","position":2,"name":"A l\u00edngua francesa est\u00e1 a desaparecer lentamente do Canad\u00e1"}]},{"@type":"WebSite","@id":"https:\/\/ave-eta-canada.com\/pt-pt\/#website","url":"https:\/\/ave-eta-canada.com\/pt-pt\/","name":"VISA CANADA","description":"Autorisation Voyage Electronique","potentialAction":[{"@type":"SearchAction","target":{"@type":"EntryPoint","urlTemplate":"https:\/\/ave-eta-canada.com\/pt-pt\/?s={search_term_string}"},"query-input":{"@type":"PropertyValueSpecification","valueRequired":true,"valueName":"search_term_string"}}],"inLanguage":"pt-PT"}]}},"_links":{"self":[{"href":"https:\/\/ave-eta-canada.com\/pt-pt\/wp-json\/wp\/v2\/pages\/2754","targetHints":{"allow":["GET"]}}],"collection":[{"href":"https:\/\/ave-eta-canada.com\/pt-pt\/wp-json\/wp\/v2\/pages"}],"about":[{"href":"https:\/\/ave-eta-canada.com\/pt-pt\/wp-json\/wp\/v2\/types\/page"}],"author":[{"embeddable":true,"href":"https:\/\/ave-eta-canada.com\/pt-pt\/wp-json\/wp\/v2\/users\/1"}],"replies":[{"embeddable":true,"href":"https:\/\/ave-eta-canada.com\/pt-pt\/wp-json\/wp\/v2\/comments?post=2754"}],"version-history":[{"count":0,"href":"https:\/\/ave-eta-canada.com\/pt-pt\/wp-json\/wp\/v2\/pages\/2754\/revisions"}],"wp:attachment":[{"href":"https:\/\/ave-eta-canada.com\/pt-pt\/wp-json\/wp\/v2\/media?parent=2754"}],"curies":[{"name":"wp","href":"https:\/\/api.w.org\/{rel}","templated":true}]}}