{"id":2769,"date":"2022-09-06T07:59:26","date_gmt":"2022-09-06T07:59:26","guid":{"rendered":"https:\/\/ave-eta-canada.com\/tudo-sobre-condicoes-para-viajar-no-canada\/"},"modified":"2022-09-09T12:04:14","modified_gmt":"2022-09-09T12:04:14","slug":"tudo-sobre-condicoes-para-viajar-no-canada","status":"publish","type":"page","link":"https:\/\/ave-eta-canada.com\/pt-pt\/tudo-sobre-condicoes-para-viajar-no-canada\/","title":{"rendered":"Os requisitos do eTA para viajar para o Canad\u00e1"},"content":{"rendered":"\n<h1 class=\"wp-block-heading\">Quais s\u00e3o os requisitos eTA para viajar para o Canad\u00e1?<\/h1>\n\n<p>Para muitos viajantes, j\u00e1 n\u00e3o \u00e9 necess\u00e1rio um pedido de visto para viajar para o Canad\u00e1. Tudo o que precisa de fazer \u00e9 obter uma Autoriza\u00e7\u00e3o Electr\u00f3nica de Viagem eTA atrav\u00e9s da Internet.<\/p>\n\n<p><strong>Para uma estadia de menos de 6 meses no Canad\u00e1<\/strong>: Pode completar as formalidades de entrada no Canad\u00e1 directamente atrav\u00e9s da Internet, clicando no <a href=\"https:\/\/ave-eta-canada.com\/pt-pt\/formulario-eta-canada\/\">formul\u00e1rio em linha<\/a>. N\u00e3o \u00e9 necess\u00e1rio marcar uma entrevista na embaixada ou consulado canadiano.<\/p>\n\n<p>O eTA \u00e9 muito mais conveniente e mais r\u00e1pido de obter, mas deve ser eleg\u00edvel. Explicamos tudo sobre os requisitos do eTA, para que possa viajar para o Canad\u00e1 com paz de esp\u00edrito.<\/p>\n\n<h2 class=\"wp-block-heading\">As condi\u00e7\u00f5es eTA para permanecer no Canad\u00e1<\/h2>\n\n<p>Pode ter ouvido o termo <a href=\"https:\/\/ave-eta-canada.com\/pt-pt\/o-que-e-eta-canada\/\">autoriza\u00e7\u00e3o eTA<\/a> enquanto fazia investiga\u00e7\u00e3o. Note-se que AVE e eTA referem-se \u00e0 mesma autoriza\u00e7\u00e3o de viagem. eTA significa Electronic Travel Authorization (Autoriza\u00e7\u00e3o Electr\u00f3nica de Viagem). <\/p>\n\n<p>Uma Autoridade Electr\u00f3nica de Viagens (eTA) s\u00f3 \u00e9 necess\u00e1ria se estiver em tr\u00e2nsito ou a viajar para o Canad\u00e1 por via a\u00e9rea. Ao contr\u00e1rio do seu hom\u00f3logo americano, o ESTA, que tamb\u00e9m \u00e9 exigido \u00e0 chegada por mar.<\/p>\n\n<p>Outra condi\u00e7\u00e3o do eTA \u00e9 que a sua viagem deve ser para fins tur\u00edsticos ou de neg\u00f3cios, por um per\u00edodo m\u00e1ximo de 6 meses.<\/p>\n\n<p>Mesmo que esteja apenas em tr\u00e2nsito pelo Canad\u00e1 at\u00e9 ao seu destino final, <a href=\"https:\/\/ave-eta-canada.com\/pt-pt\/a-validade-do-eta-canada\/\">\u00e9 necess\u00e1rio um eTA<\/a>.<\/p>\n\n<p>Deve ser nacional de um pa\u00eds membro do Programa de Isen\u00e7\u00e3o de Vistos do governo canadiano. Este programa est\u00e1 aberto a viajantes de 58 nacionalidades.<\/p>\n\n<p>Uma excep\u00e7\u00e3o nas condi\u00e7\u00f5es eTA diz respeito aos cidad\u00e3os franceses residentes em S\u00e3o Pedro e Miquelon. N\u00e3o precisam de se candidatar se estiverem a viajar da sua ilha para o Canad\u00e1. Contudo, ter\u00e3o de se candidatar, como todos os titulares de passaportes franceses, se viajarem de avi\u00e3o para o Canad\u00e1 a partir da Fran\u00e7a metropolitana ou dos departamentos e territ\u00f3rios ultramarinos franceses.<\/p>\n\n<p>Se j\u00e1 tem um visto emitido pelo governo canadiano, n\u00e3o precisa de <a href=\"https:\/\/ave-eta-canada.com\/pt-pt\/\">solicitar um eTA<\/a>.<\/p>\n\n<p>Um eTA n\u00e3o \u00e9 uma licen\u00e7a de trabalho e n\u00e3o lhe d\u00e1 o direito de trabalhar, estagiar ou estudar no Canad\u00e1. Se desejar imigrar para o Canad\u00e1, deve contactar o consulado canadiano para saber o que precisa de fazer.<\/p>\n\n<h2 class=\"wp-block-heading\">Passaporte biom\u00e9trico: um requisito para o eTA<\/h2>\n\n<p>Outro requisito para o eTA \u00e9 ter um passaporte biom\u00e9trico ou electr\u00f3nico.<\/p>\n\n<p>De facto, uma vez aprovada, a autoriza\u00e7\u00e3o est\u00e1 ligada ao passaporte do requerente. N\u00e3o se trata, portanto, de um documento que tenha de levar consigo. Para que o eTA seja ligado, o viajante deve ter um passaporte que satisfa\u00e7a as normas tecnol\u00f3gicas necess\u00e1rias.<\/p>\n\n<p>Um eTA \u00e9 v\u00e1lido por 5 anos, mas um dos requisitos de um eTA \u00e9 que esteja ligado a um passaporte v\u00e1lido. Isto significa que se o seu passaporte expirar antes deste per\u00edodo de 5 anos, ser\u00e1 necess\u00e1rio um novo pedido para obter o seu novo passaporte.<\/p>\n\n<p>\u00c9 favor notar que um <a href=\"https:\/\/ave-eta-canada.com\/pt-pt\/validado-do-eta-canada\/\">eTA \u00e9 v\u00e1lido para v\u00e1rias viagens<\/a>. Pode regressar v\u00e1rias vezes durante o per\u00edodo de validade, se o objectivo da sua estadia no Canad\u00e1 ainda corresponder aos crit\u00e9rios acima mencionados.<\/p>\n\n<h2 class=\"wp-block-heading\">Ter um endere\u00e7o de e-mail e um cart\u00e3o de cr\u00e9dito<\/h2>\n\n<p>N\u00e3o \u00e9 necess\u00e1rio dirigir-se \u00e0 embaixada canadiana mais pr\u00f3xima para se candidatar a um eTA. A \u00fanica possibilidade \u00e9 candidatar-se online, quer atrav\u00e9s do website governamental, quer atrav\u00e9s de um prestador de servi\u00e7os privado, como o nosso parceiro.<\/p>\n\n<p>Ter\u00e1 de preencher um formul\u00e1rio em linha sobre as suas informa\u00e7\u00f5es pessoais, bem como o seu registo de sa\u00fade e criminal. Todas estas perguntas s\u00e3o feitas a fim de controlar melhor a entrada no Canad\u00e1.<\/p>\n\n<p>Um dos requisitos para finalizar a sua candidatura \u00e9 que tenha um endere\u00e7o de e-mail v\u00e1lido e um cart\u00e3o de cr\u00e9dito para pagar a taxa de processamento. O <a href=\"https:\/\/ave-eta-canada.com\/pt-pt\/preco-eta-canada\/\">pre\u00e7o do eTA<\/a> varia de acordo com o m\u00e9todo utilizado.<\/p>\n\n<p>Como pode ver, os requisitos eTA n\u00e3o s\u00e3o os mais restritivos, mas deve ter cuidado ao preencher o formul\u00e1rio e certificar-se de n\u00e3o cometer quaisquer erros.<\/p>\n\n<p>\u00c9 tamb\u00e9m importante fazer uma distin\u00e7\u00e3o entre o eTA e o Programa de F\u00e9rias de Trabalho (WHP). Os requisitos do eTA e do WHP Canad\u00e1 s\u00e3o duas coisas completamente diferentes e n\u00e3o se dirigem ao mesmo p\u00fablico. Assegure-se de tratar dos seus preparativos com bastante anteced\u00eancia para que n\u00e3o seja apanhado desprevenido quando estiver prestes a partir.<\/p>\n","protected":false},"excerpt":{"rendered":"<p>Quais s\u00e3o os requisitos eTA para viajar para o Canad\u00e1? Para muitos viajantes, j\u00e1 n\u00e3o \u00e9 necess\u00e1rio um pedido de visto para viajar para o Canad\u00e1. Tudo o que precisa de fazer \u00e9 obter uma Autoriza\u00e7\u00e3o Electr\u00f3nica de Viagem eTA atrav\u00e9s da Internet. Para uma estadia de menos de 6 meses no Canad\u00e1: Pode completar [&hellip;]<\/p>\n","protected":false},"author":1,"featured_media":0,"parent":0,"menu_order":0,"comment_status":"closed","ping_status":"closed","template":"","meta":{"footnotes":""},"class_list":["post-2769","page","type-page","status-publish","hentry"],"yoast_head":"<!-- This site is optimized with the Yoast SEO plugin v26.9 - https:\/\/yoast.com\/product\/yoast-seo-wordpress\/ -->\n<title>Os requisitos do eTA para viajar para o Canad\u00e1<\/title>\n<meta name=\"description\" content=\"Vai para o Canad\u00e1 em breve, mas n\u00e3o conhece os requisitos de elegibilidade eTA? Explicamos tudo em pormenor neste artigo.\" \/>\n<meta name=\"robots\" content=\"index, follow, max-snippet:-1, max-image-preview:large, max-video-preview:-1\" \/>\n<link rel=\"canonical\" href=\"https:\/\/ave-eta-canada.com\/pt-pt\/tudo-sobre-condicoes-para-viajar-no-canada\/\" \/>\n<meta property=\"og:locale\" content=\"pt_PT\" \/>\n<meta property=\"og:type\" content=\"article\" \/>\n<meta property=\"og:title\" content=\"Os requisitos do eTA para viajar para o Canad\u00e1\" \/>\n<meta property=\"og:description\" content=\"Vai para o Canad\u00e1 em breve, mas n\u00e3o conhece os requisitos de elegibilidade eTA? Explicamos tudo em pormenor neste artigo.\" \/>\n<meta property=\"og:url\" content=\"https:\/\/ave-eta-canada.com\/pt-pt\/tudo-sobre-condicoes-para-viajar-no-canada\/\" \/>\n<meta property=\"og:site_name\" content=\"VISA CANADA\" \/>\n<meta property=\"article:modified_time\" content=\"2022-09-09T12:04:14+00:00\" \/>\n<meta name=\"twitter:card\" content=\"summary_large_image\" \/>\n<meta name=\"twitter:label1\" content=\"Tempo estimado de leitura\" \/>\n\t<meta name=\"twitter:data1\" content=\"4 minutos\" \/>\n<script type=\"application\/ld+json\" class=\"yoast-schema-graph\">{\"@context\":\"https:\/\/schema.org\",\"@graph\":[{\"@type\":\"WebPage\",\"@id\":\"https:\/\/ave-eta-canada.com\/pt-pt\/tudo-sobre-condicoes-para-viajar-no-canada\/\",\"url\":\"https:\/\/ave-eta-canada.com\/pt-pt\/tudo-sobre-condicoes-para-viajar-no-canada\/\",\"name\":\"Os requisitos do eTA para viajar para o Canad\u00e1\",\"isPartOf\":{\"@id\":\"https:\/\/ave-eta-canada.com\/pt-pt\/#website\"},\"datePublished\":\"2022-09-06T07:59:26+00:00\",\"dateModified\":\"2022-09-09T12:04:14+00:00\",\"description\":\"Vai para o Canad\u00e1 em breve, mas n\u00e3o conhece os requisitos de elegibilidade eTA? Explicamos tudo em pormenor neste artigo.\",\"breadcrumb\":{\"@id\":\"https:\/\/ave-eta-canada.com\/pt-pt\/tudo-sobre-condicoes-para-viajar-no-canada\/#breadcrumb\"},\"inLanguage\":\"pt-PT\",\"potentialAction\":[{\"@type\":\"ReadAction\",\"target\":[\"https:\/\/ave-eta-canada.com\/pt-pt\/tudo-sobre-condicoes-para-viajar-no-canada\/\"]}]},{\"@type\":\"BreadcrumbList\",\"@id\":\"https:\/\/ave-eta-canada.com\/pt-pt\/tudo-sobre-condicoes-para-viajar-no-canada\/#breadcrumb\",\"itemListElement\":[{\"@type\":\"ListItem\",\"position\":1,\"name\":\"Home\",\"item\":\"https:\/\/ave-eta-canada.com\/pt-pt\/\"},{\"@type\":\"ListItem\",\"position\":2,\"name\":\"Os requisitos do eTA para viajar para o Canad\u00e1\"}]},{\"@type\":\"WebSite\",\"@id\":\"https:\/\/ave-eta-canada.com\/pt-pt\/#website\",\"url\":\"https:\/\/ave-eta-canada.com\/pt-pt\/\",\"name\":\"VISA CANADA\",\"description\":\"Autorisation Voyage Electronique\",\"potentialAction\":[{\"@type\":\"SearchAction\",\"target\":{\"@type\":\"EntryPoint\",\"urlTemplate\":\"https:\/\/ave-eta-canada.com\/pt-pt\/?s={search_term_string}\"},\"query-input\":{\"@type\":\"PropertyValueSpecification\",\"valueRequired\":true,\"valueName\":\"search_term_string\"}}],\"inLanguage\":\"pt-PT\"}]}<\/script>\n<!-- \/ Yoast SEO plugin. -->","yoast_head_json":{"title":"Os requisitos do eTA para viajar para o Canad\u00e1","description":"Vai para o Canad\u00e1 em breve, mas n\u00e3o conhece os requisitos de elegibilidade eTA? Explicamos tudo em pormenor neste artigo.","robots":{"index":"index","follow":"follow","max-snippet":"max-snippet:-1","max-image-preview":"max-image-preview:large","max-video-preview":"max-video-preview:-1"},"canonical":"https:\/\/ave-eta-canada.com\/pt-pt\/tudo-sobre-condicoes-para-viajar-no-canada\/","og_locale":"pt_PT","og_type":"article","og_title":"Os requisitos do eTA para viajar para o Canad\u00e1","og_description":"Vai para o Canad\u00e1 em breve, mas n\u00e3o conhece os requisitos de elegibilidade eTA? Explicamos tudo em pormenor neste artigo.","og_url":"https:\/\/ave-eta-canada.com\/pt-pt\/tudo-sobre-condicoes-para-viajar-no-canada\/","og_site_name":"VISA CANADA","article_modified_time":"2022-09-09T12:04:14+00:00","twitter_card":"summary_large_image","twitter_misc":{"Tempo estimado de leitura":"4 minutos"},"schema":{"@context":"https:\/\/schema.org","@graph":[{"@type":"WebPage","@id":"https:\/\/ave-eta-canada.com\/pt-pt\/tudo-sobre-condicoes-para-viajar-no-canada\/","url":"https:\/\/ave-eta-canada.com\/pt-pt\/tudo-sobre-condicoes-para-viajar-no-canada\/","name":"Os requisitos do eTA para viajar para o Canad\u00e1","isPartOf":{"@id":"https:\/\/ave-eta-canada.com\/pt-pt\/#website"},"datePublished":"2022-09-06T07:59:26+00:00","dateModified":"2022-09-09T12:04:14+00:00","description":"Vai para o Canad\u00e1 em breve, mas n\u00e3o conhece os requisitos de elegibilidade eTA? Explicamos tudo em pormenor neste artigo.","breadcrumb":{"@id":"https:\/\/ave-eta-canada.com\/pt-pt\/tudo-sobre-condicoes-para-viajar-no-canada\/#breadcrumb"},"inLanguage":"pt-PT","potentialAction":[{"@type":"ReadAction","target":["https:\/\/ave-eta-canada.com\/pt-pt\/tudo-sobre-condicoes-para-viajar-no-canada\/"]}]},{"@type":"BreadcrumbList","@id":"https:\/\/ave-eta-canada.com\/pt-pt\/tudo-sobre-condicoes-para-viajar-no-canada\/#breadcrumb","itemListElement":[{"@type":"ListItem","position":1,"name":"Home","item":"https:\/\/ave-eta-canada.com\/pt-pt\/"},{"@type":"ListItem","position":2,"name":"Os requisitos do eTA para viajar para o Canad\u00e1"}]},{"@type":"WebSite","@id":"https:\/\/ave-eta-canada.com\/pt-pt\/#website","url":"https:\/\/ave-eta-canada.com\/pt-pt\/","name":"VISA CANADA","description":"Autorisation Voyage Electronique","potentialAction":[{"@type":"SearchAction","target":{"@type":"EntryPoint","urlTemplate":"https:\/\/ave-eta-canada.com\/pt-pt\/?s={search_term_string}"},"query-input":{"@type":"PropertyValueSpecification","valueRequired":true,"valueName":"search_term_string"}}],"inLanguage":"pt-PT"}]}},"_links":{"self":[{"href":"https:\/\/ave-eta-canada.com\/pt-pt\/wp-json\/wp\/v2\/pages\/2769","targetHints":{"allow":["GET"]}}],"collection":[{"href":"https:\/\/ave-eta-canada.com\/pt-pt\/wp-json\/wp\/v2\/pages"}],"about":[{"href":"https:\/\/ave-eta-canada.com\/pt-pt\/wp-json\/wp\/v2\/types\/page"}],"author":[{"embeddable":true,"href":"https:\/\/ave-eta-canada.com\/pt-pt\/wp-json\/wp\/v2\/users\/1"}],"replies":[{"embeddable":true,"href":"https:\/\/ave-eta-canada.com\/pt-pt\/wp-json\/wp\/v2\/comments?post=2769"}],"version-history":[{"count":0,"href":"https:\/\/ave-eta-canada.com\/pt-pt\/wp-json\/wp\/v2\/pages\/2769\/revisions"}],"wp:attachment":[{"href":"https:\/\/ave-eta-canada.com\/pt-pt\/wp-json\/wp\/v2\/media?parent=2769"}],"curies":[{"name":"wp","href":"https:\/\/api.w.org\/{rel}","templated":true}]}}