{"id":2771,"date":"2022-09-06T07:59:26","date_gmt":"2022-09-06T07:59:26","guid":{"rendered":"https:\/\/ave-eta-canada.com\/the-practical-guide-to-travel-in-canada\/"},"modified":"2022-09-09T19:58:12","modified_gmt":"2022-09-09T19:58:12","slug":"o-guia-pratico-para-viagem-no-canada","status":"publish","type":"page","link":"https:\/\/ave-eta-canada.com\/pt-pt\/o-guia-pratico-para-viagem-no-canada\/","title":{"rendered":"O guia pr\u00e1tico para viajar no Canad\u00e1"},"content":{"rendered":"\n<h1 class=\"wp-block-heading\">Viajar para o Canad\u00e1: informa\u00e7\u00f5es pr\u00e1ticas<\/h1>\n\n<p><strong>Para uma estadia de menos de 6 meses no Canad\u00e1<\/strong>: Pode completar as formalidades de entrada no Canad\u00e1 directamente atrav\u00e9s da Internet, clicando no <a href=\"https:\/\/ave-eta-canada.com\/pt-pt\/formulario-eta-canada\/\">formul\u00e1rio em linha<\/a>. N\u00e3o \u00e9 necess\u00e1rio marcar uma entrevista na embaixada ou consulado canadiano.<\/p>\n\n<p>Quer seja um amante da natureza ou um f\u00e3 do gigantismo das cidades norte-americanas, o Canad\u00e1 \u00e9 para si! Para o ajudar a preparar-se para a sua viagem atrav\u00e9s do Atl\u00e2ntico, este artigo d\u00e1-lhe toda a informa\u00e7\u00e3o que precisa de saber antes de viajar para o Canad\u00e1.  <\/p>\n\n<p>Quando ir? O que fazer? Que <a href=\"https:\/\/ave-eta-canada.com\/pt-pt\/eta-canada-respostas-suas-questoes\/\">documentos s\u00e3o necess\u00e1rios<\/a> antes do embarque? As respostas s\u00e3o as seguintes.<\/p>\n\n<h2 class=\"wp-block-heading\"><br\/>Quando \u00e9 a melhor altura para viajar para o Canad\u00e1?<\/h2>\n\n<p>Devido ao seu clima continental, o Canad\u00e1 sofre altera\u00e7\u00f5es significativas de temperatura entre as esta\u00e7\u00f5es do ano. Em geral, os Invernos s\u00e3o bastante rigorosos com temperaturas abaixo de zero, e n\u00e3o \u00e9 raro o term\u00f3metro ler -20\u00b0C em meados de Janeiro em algumas regi\u00f5es. Pelo contr\u00e1rio, os ver\u00f5es s\u00e3o relativamente quentes, com temperaturas a subir at\u00e9 30\u00b0C em Agosto.<\/p>\n\n<p>Na verdade, como veremos, n\u00e3o h\u00e1 melhor altura para <a href=\"https:\/\/ave-eta-canada.com\/pt-pt\/o-guia-pratico-para-viagem-no-canada\/\">viajar<\/a> para o Canad\u00e1: tudo depende do seu projecto.<\/p>\n\n<h3 class=\"wp-block-heading\">Permanecer no Canad\u00e1 no Inverno<\/h3>\n\n<p>Se estiver interessado nos desportos de Inverno, a melhor altura para viajar para o Canad\u00e1 \u00e9, sem d\u00favida, de Novembro a Fevereiro. Durante este per\u00edodo, h\u00e1 muitas coisas para fazer: esqui, passeios de motos de neve, tren\u00f3s de c\u00e3es, raquetes de neve&#8230; Em suma, se for f\u00e3 da neve e de actividades ao ar livre, n\u00e3o se aborrecer\u00e1.<\/p>\n\n<h3 class=\"wp-block-heading\">Visitar o Canad\u00e1 no Ver\u00e3o<\/h3>\n\n<p>Claro que o Ver\u00e3o tamb\u00e9m se presta a actividades ao ar livre: caminhadas nos parques nacionais, campismo, canoagem, etc. Em paralelo, muitos eventos culturais s\u00e3o organizados durante este per\u00edodo. Isto \u00e9 particularmente verdade na cidade do Quebeque e Montreal, onde se realizam festivais durante toda a \u00e9poca estival. Para os amantes de jazz, n\u00e3o perca o Festival Internacional de Jazz realizado em Montreal todos os anos entre Junho e Julho.<\/p>\n\n<p>Se optar por ir ao Quebec no Ver\u00e3o, aconselhamo-lo a visitar Tadoussac, que \u00e9 a aldeia mais antiga do Quebec. A principal atrac\u00e7\u00e3o deste lugar \u00e9 a observa\u00e7\u00e3o das famosas baleias azuis. Se optar por um cruzeiro mar\u00edtimo, poder\u00e1 admirar a riqueza da fauna marinha local (golfinhos, belugas, focas, botos, orcas, etc.).<\/p>\n\n<h3 class=\"wp-block-heading\">Ir para o Canad\u00e1 no Outono<\/h3>\n\n<p>Viajar para o Canad\u00e1 no Outono \u00e9 um compromisso muito bom. Desfrutar\u00e1 de dias quase t\u00e3o ensolarados como no Ver\u00e3o e temperaturas relativamente amenas, mas n\u00e3o acima dos 20\u00b0C, desde Vancouver at\u00e9 \u00e0 cidade do Quebeque.  <\/p>\n\n<p>Para os entusiastas da fotografia, uma estadia no Canad\u00e1 durante o Ver\u00e3o indiano \u00e9 ideal. A mudan\u00e7a de cores das folhas de \u00e1cer far\u00e1 com que a vista seja encantadora. Se quiser tirar o m\u00e1ximo partido deste fen\u00f3meno, aconselhamo-lo a ir para a floresta boreal do Quebeque, ser\u00e1 subjugado por estas paisagens maravilhosas pintadas com as cores do Outono.<\/p>\n\n<p>Esta esta\u00e7\u00e3o \u00e9 tamb\u00e9m ideal para observar a migra\u00e7\u00e3o de gansos de neve das regi\u00f5es \u00e1rcticas ao longo do famoso rio S\u00e3o Louren\u00e7o para os Estados Unidos.  <\/p>\n\n<h2 class=\"wp-block-heading\"><br\/>Viajar no Canad\u00e1: o que visitar?<\/h2>\n\n<p>A vastid\u00e3o do Canad\u00e1 deixa in\u00fameras possibilidades de visita. Se procura uma mudan\u00e7a de cen\u00e1rio, n\u00e3o poderia ter feito uma melhor escolha de destino! Amplos espa\u00e7os abertos, uma riqueza excepcional de vida selvagem, desportos ao ar livre, cidades enormes e animadas, h\u00e1 algo para todos! A fim de partir com uma cabe\u00e7a cheia de mem\u00f3rias inesquec\u00edveis, seleccion\u00e1mos para si uma lista dos lugares mais importantes a visitar.<\/p>\n\n<h3 class=\"wp-block-heading\">Montreal<\/h3>\n\n<p>Sendo a maior cidade da prov\u00edncia de Quebec, n\u00e3o se pode ir para o Canad\u00e1 sem parar em Montreal. Cidade multicultural e cosmopolita, Montreal oferece uma grande variedade de actividades e locais a visitar.<\/p>\n\n<p>Para come\u00e7ar, recomendamos-lhe que d\u00ea um passeio pelo distrito de Montreal Velha. Fazendo fronteira com o rio St. Lawrence, este distrito do s\u00e9culo XVII \u00e9 particularmente popular gra\u00e7as \u00e0s suas muitas pra\u00e7as, que est\u00e3o vivas com a actividade de charmosos caf\u00e9s e lojas. O principal ponto de interesse na Velha Montreal \u00e9 sem d\u00favida a Bas\u00edlica de Notre-Dame, um edif\u00edcio imponente no estilo neo-g\u00f3tico. Se quiser desfrutar de uma vista de todo o St. Lawrence, n\u00e3o hesite em ir \u00e0 famosa Torre do Rel\u00f3gio, localizada no antigo porto de Montreal. Antes de chegar ao topo deste monumento, ter\u00e1 de subir 192 degraus, mas este esfor\u00e7o vale bem a vista excepcional que lhe \u00e9 oferecida no final!  <\/p>\n\n<h3 class=\"wp-block-heading\">Qu\u00e9bec<\/h3>\n\n<p>Quando se pensa em viajar para o Quebec, pensa-se na Cidade do Quebec. A segunda maior cidade da prov\u00edncia de Quebec, a Cidade de Quebec tem conseguido preservar a sua autenticidade ao longo dos anos, raz\u00e3o pela qual \u00e9 Patrim\u00f3nio Mundial da UNESCO. A cidade tem uma atmosfera calorosa, gra\u00e7as \u00e0s suas casas antigas e numerosas ruas estreitas. O seu estilo faz lembrar a arquitectura francesa.<\/p>\n\n<h3 class=\"wp-block-heading\">Cataratas do Ni\u00e1gara  <\/h3>\n\n<p>Considerada uma das principais atrac\u00e7\u00f5es do Canad\u00e1, as Cataratas do Ni\u00e1gara s\u00e3o uma atrac\u00e7\u00e3o imperd\u00edvel quando se visita o Pa\u00eds Maple! Dependendo do seu estado de esp\u00edrito, pode admirar as quedas de v\u00e1rias maneiras: de barco, de elevador, no terra\u00e7o panor\u00e2mico ou mesmo de helic\u00f3ptero!<\/p>\n\n<h3 class=\"wp-block-heading\">Toronto<\/h3>\n\n<p>A cidade de Toronto est\u00e1 localizada perto das Cataratas do Ni\u00e1gara. Depois de os admirar, aproveite a oportunidade para visitar a maior cidade do Canad\u00e1. Se j\u00e1 esteve em Nova Iorque, ficar\u00e1 surpreendido com a grande semelhan\u00e7a entre as duas cidades.<\/p>\n\n<p>A principal atrac\u00e7\u00e3o de Toronto \u00e9 a subida \u00e0 Torre CN. Do topo dos seus 113 andares, esta torre oferece uma vista extraordin\u00e1ria da cidade e dos seus arredores. Os mais corajosos podem at\u00e9 admirar a vista de um terra\u00e7o panor\u00e2mico com um ch\u00e3o de vidro transparente!<\/p>\n\n<h3 class=\"wp-block-heading\">Parque Nacional Banff<\/h3>\n\n<p>Localizado no cora\u00e7\u00e3o das Montanhas Rochosas canadianas, o Parque Nacional Banff oferece algumas das mais belas paisagens do Canad\u00e1. O parque \u00e9 o lar de alguns lagos glaciares de beleza impressionante, incluindo o Lago Louise e o Lago Moraine, que s\u00e3o os dois lagos mais fotografados do mundo. Para admirar este espect\u00e1culo natural e o azul turquesa hipn\u00f3tico da \u00e1gua, existem muitos trilhos para caminhadas \u00e0 volta dos lagos. Cabe-lhe a si fazer a fotografia dos seus sonhos!  <\/p>\n\n<h3 class=\"wp-block-heading\">Parque Nacional de Jasper<\/h3>\n\n<p>O maior parque nacional das Montanhas Rochosas, Jasper \u00e9 mundialmente famoso pelas Cataratas de Athabasca, que tem origem no Glaciar Athabasca. Se estiver \u00e0 procura de vistas espectaculares, recomendamos uma viagem ao Maligne Canyon ou uma caminhada \u00e0 volta dos Maligne and Medicine Lakes.  <\/p>\n\n<h3 class=\"wp-block-heading\">O passeio glaciar<\/h3>\n\n<p>Comummente conhecida como Icefield Parkways, a Icefield Parkway \u00e9 uma das mais belas rotas c\u00e9nicas do Canad\u00e1. Seria uma vergonha perder o cen\u00e1rio majestoso que oferece! O percurso de 230 km passa por v\u00e1rios parques nacionais e tem muitos pontos c\u00e9nicos ao longo do caminho. Lagos, rios, glaciares, desfiladeiros, quedas de \u00e1gua, n\u00e3o ficar\u00e1 desapontado com a diversidade de paisagens que esta rota pode oferecer.<\/p>\n\n<h2 class=\"wp-block-heading\"><br\/>Ir para o Canad\u00e1: n\u00e3o se esque\u00e7a da sua autoriza\u00e7\u00e3o de resid\u00eancia<\/h2>\n\n<p>Tal como acontece nos EUA, n\u00e3o se pode viajar para o Canad\u00e1 sem uma autoriza\u00e7\u00e3o de viagem. Existem muitos documentos de viagem diferentes, mas o mais frequentemente emitido \u00e9 o AVE.<\/p>\n\n<h3 class=\"wp-block-heading\">O que \u00e9 o EVA?<\/h3>\n\n<p>Se a sua viagem ao Canad\u00e1 n\u00e3o exceder 6 meses consecutivos, \u00e9 provavelmente eleg\u00edvel para uma ETA (Electronic Travel Authorization &#8211; Autoriza\u00e7\u00e3o Electr\u00f3nica de Viagem). Tamb\u00e9m conhecida como eTA em ingl\u00eas, a AVE Canada \u00e9 uma autoriza\u00e7\u00e3o de resid\u00eancia que permite aos viajantes estrangeiros eleg\u00edveis viajar para o Canad\u00e1 sem visto.<\/p>\n\n<p>Este documento de viagem n\u00e3o \u00e9 emitido a todos os nacionais. Para se candidatar, deve cumprir certos <a href=\"https:\/\/ave-eta-canada.com\/pt-pt\/tudo-sobre-condicoes-para-viajar-no-canada\/\">requisitos de elegibilidade no Canad\u00e1<\/a>, tal como estabelecido pelo governo canadiano:<\/p>\n\n<ul class=\"wp-block-list\"><li>Ser nacional de um pa\u00eds membro do Programa de Isen\u00e7\u00e3o de Vistos (isto inclui, entre outros, todos os pa\u00edses da UE);  <\/li><li>Estadia no Canad\u00e1 por at\u00e9 6 meses;<\/li><li>Viajar como turista, a neg\u00f3cios ou em tr\u00e2nsito pelo Canad\u00e1;<\/li><li>Ter um passaporte v\u00e1lido.<\/li><\/ul>\n\n<p>A candidatura a este documento \u00e9 simples: preencher um formul\u00e1rio em linha no website do <a href=\"https:\/\/www.canada.ca\/\">governo canadiano<\/a> ou na p\u00e1gina inicial deste site. Evidentemente, o seu ficheiro ser\u00e1 examinado pelas autoridades canadianas para garantir que n\u00e3o constitui uma amea\u00e7a \u00e0 seguran\u00e7a interna do pa\u00eds. No entanto, n\u00e3o se preocupe, a maioria dos pedidos s\u00e3o aprovados dentro de poucos dias ap\u00f3s o envio do pedido!  <\/p>\n\n<p>Se est\u00e1 a planear ir ao Canad\u00e1 para fazer um est\u00e1gio, estudar ou mesmo trabalhar, <a href=\"https:\/\/ave-eta-canada.com\/pt-pt\/\">o AVE<\/a> n\u00e3o lhe ser\u00e1 aplicado, ter\u00e1 de obter outro documento de viagem.<\/p>\n\n<h3 class=\"wp-block-heading\">N\u00e3o sou eleg\u00edvel para o AVE: a que documento posso candidatar-me para entrar no Canad\u00e1?<\/h3>\n\n<p>Se n\u00e3o for eleg\u00edvel para um AVE, necessita de um visto do Canad\u00e1. Esta \u00faltima varia de acordo com a natureza da estadia no Canad\u00e1.<\/p>\n\n<p>Se desejar trabalhar, ter\u00e1 de obter uma autoriza\u00e7\u00e3o de trabalho. Se tiver menos de 36 anos de idade, pode solicitar <a href=\"https:\/\/ave-eta-canada.com\/pt-pt\/whv-canada-como-obter-uma-permissao-de-ferias-de-trabalho\/\">uma Permiss\u00e3o de F\u00e9rias de Trabalho<\/a> (WHP). Este documento permitir-lhe-\u00e1 trabalhar legalmente ao mesmo tempo que lhe permitir\u00e1 explorar o Canad\u00e1 e tirar f\u00e9rias como desejar.<\/p>\n\n<p>Os estudantes estrangeiros devem solicitar um visto. Se este for o seu plano, aconselhamo-lo a contactar a embaixada ou consulado canadiano para mais informa\u00e7\u00f5es sobre as formalidades a serem cumpridas, bem como se desejar fazer um est\u00e1gio no Canad\u00e1.  <\/p>\n","protected":false},"excerpt":{"rendered":"<p>Viajar para o Canad\u00e1: informa\u00e7\u00f5es pr\u00e1ticas Para uma estadia de menos de 6 meses no Canad\u00e1: Pode completar as formalidades de entrada no Canad\u00e1 directamente atrav\u00e9s da Internet, clicando no formul\u00e1rio em linha. N\u00e3o \u00e9 necess\u00e1rio marcar uma entrevista na embaixada ou consulado canadiano. Quer seja um amante da natureza ou um f\u00e3 do gigantismo [&hellip;]<\/p>\n","protected":false},"author":1,"featured_media":0,"parent":0,"menu_order":0,"comment_status":"closed","ping_status":"closed","template":"","meta":{"footnotes":""},"class_list":["post-2771","page","type-page","status-publish","hentry"],"yoast_head":"<!-- This site is optimized with the Yoast SEO plugin v26.9 - https:\/\/yoast.com\/product\/yoast-seo-wordpress\/ -->\n<title>O guia pr\u00e1tico para viajar no Canad\u00e1<\/title>\n<meta name=\"description\" content=\"Est\u00e1 a planear viajar para o Canad\u00e1 em breve? Neste guia, encontrar\u00e1 toda a informa\u00e7\u00e3o pr\u00e1tica necess\u00e1ria para organizar esta viagem h\u00e1 muito esperada.\" \/>\n<meta name=\"robots\" content=\"index, follow, max-snippet:-1, max-image-preview:large, max-video-preview:-1\" \/>\n<link rel=\"canonical\" href=\"https:\/\/ave-eta-canada.com\/pt-pt\/o-guia-pratico-para-viagem-no-canada\/\" \/>\n<meta property=\"og:locale\" content=\"pt_PT\" \/>\n<meta property=\"og:type\" content=\"article\" \/>\n<meta property=\"og:title\" content=\"O guia pr\u00e1tico para viajar no Canad\u00e1\" \/>\n<meta property=\"og:description\" content=\"Est\u00e1 a planear viajar para o Canad\u00e1 em breve? Neste guia, encontrar\u00e1 toda a informa\u00e7\u00e3o pr\u00e1tica necess\u00e1ria para organizar esta viagem h\u00e1 muito esperada.\" \/>\n<meta property=\"og:url\" content=\"https:\/\/ave-eta-canada.com\/pt-pt\/o-guia-pratico-para-viagem-no-canada\/\" \/>\n<meta property=\"og:site_name\" content=\"VISA CANADA\" \/>\n<meta property=\"article:modified_time\" content=\"2022-09-09T19:58:12+00:00\" \/>\n<meta name=\"twitter:card\" content=\"summary_large_image\" \/>\n<meta name=\"twitter:label1\" content=\"Tempo estimado de leitura\" \/>\n\t<meta name=\"twitter:data1\" content=\"8 minutos\" \/>\n<script type=\"application\/ld+json\" class=\"yoast-schema-graph\">{\"@context\":\"https:\/\/schema.org\",\"@graph\":[{\"@type\":\"WebPage\",\"@id\":\"https:\/\/ave-eta-canada.com\/pt-pt\/o-guia-pratico-para-viagem-no-canada\/\",\"url\":\"https:\/\/ave-eta-canada.com\/pt-pt\/o-guia-pratico-para-viagem-no-canada\/\",\"name\":\"O guia pr\u00e1tico para viajar no Canad\u00e1\",\"isPartOf\":{\"@id\":\"https:\/\/ave-eta-canada.com\/pt-pt\/#website\"},\"datePublished\":\"2022-09-06T07:59:26+00:00\",\"dateModified\":\"2022-09-09T19:58:12+00:00\",\"description\":\"Est\u00e1 a planear viajar para o Canad\u00e1 em breve? Neste guia, encontrar\u00e1 toda a informa\u00e7\u00e3o pr\u00e1tica necess\u00e1ria para organizar esta viagem h\u00e1 muito esperada.\",\"breadcrumb\":{\"@id\":\"https:\/\/ave-eta-canada.com\/pt-pt\/o-guia-pratico-para-viagem-no-canada\/#breadcrumb\"},\"inLanguage\":\"pt-PT\",\"potentialAction\":[{\"@type\":\"ReadAction\",\"target\":[\"https:\/\/ave-eta-canada.com\/pt-pt\/o-guia-pratico-para-viagem-no-canada\/\"]}]},{\"@type\":\"BreadcrumbList\",\"@id\":\"https:\/\/ave-eta-canada.com\/pt-pt\/o-guia-pratico-para-viagem-no-canada\/#breadcrumb\",\"itemListElement\":[{\"@type\":\"ListItem\",\"position\":1,\"name\":\"Home\",\"item\":\"https:\/\/ave-eta-canada.com\/pt-pt\/\"},{\"@type\":\"ListItem\",\"position\":2,\"name\":\"O guia pr\u00e1tico para viajar no Canad\u00e1\"}]},{\"@type\":\"WebSite\",\"@id\":\"https:\/\/ave-eta-canada.com\/pt-pt\/#website\",\"url\":\"https:\/\/ave-eta-canada.com\/pt-pt\/\",\"name\":\"VISA CANADA\",\"description\":\"Autorisation Voyage Electronique\",\"potentialAction\":[{\"@type\":\"SearchAction\",\"target\":{\"@type\":\"EntryPoint\",\"urlTemplate\":\"https:\/\/ave-eta-canada.com\/pt-pt\/?s={search_term_string}\"},\"query-input\":{\"@type\":\"PropertyValueSpecification\",\"valueRequired\":true,\"valueName\":\"search_term_string\"}}],\"inLanguage\":\"pt-PT\"}]}<\/script>\n<!-- \/ Yoast SEO plugin. -->","yoast_head_json":{"title":"O guia pr\u00e1tico para viajar no Canad\u00e1","description":"Est\u00e1 a planear viajar para o Canad\u00e1 em breve? Neste guia, encontrar\u00e1 toda a informa\u00e7\u00e3o pr\u00e1tica necess\u00e1ria para organizar esta viagem h\u00e1 muito esperada.","robots":{"index":"index","follow":"follow","max-snippet":"max-snippet:-1","max-image-preview":"max-image-preview:large","max-video-preview":"max-video-preview:-1"},"canonical":"https:\/\/ave-eta-canada.com\/pt-pt\/o-guia-pratico-para-viagem-no-canada\/","og_locale":"pt_PT","og_type":"article","og_title":"O guia pr\u00e1tico para viajar no Canad\u00e1","og_description":"Est\u00e1 a planear viajar para o Canad\u00e1 em breve? Neste guia, encontrar\u00e1 toda a informa\u00e7\u00e3o pr\u00e1tica necess\u00e1ria para organizar esta viagem h\u00e1 muito esperada.","og_url":"https:\/\/ave-eta-canada.com\/pt-pt\/o-guia-pratico-para-viagem-no-canada\/","og_site_name":"VISA CANADA","article_modified_time":"2022-09-09T19:58:12+00:00","twitter_card":"summary_large_image","twitter_misc":{"Tempo estimado de leitura":"8 minutos"},"schema":{"@context":"https:\/\/schema.org","@graph":[{"@type":"WebPage","@id":"https:\/\/ave-eta-canada.com\/pt-pt\/o-guia-pratico-para-viagem-no-canada\/","url":"https:\/\/ave-eta-canada.com\/pt-pt\/o-guia-pratico-para-viagem-no-canada\/","name":"O guia pr\u00e1tico para viajar no Canad\u00e1","isPartOf":{"@id":"https:\/\/ave-eta-canada.com\/pt-pt\/#website"},"datePublished":"2022-09-06T07:59:26+00:00","dateModified":"2022-09-09T19:58:12+00:00","description":"Est\u00e1 a planear viajar para o Canad\u00e1 em breve? Neste guia, encontrar\u00e1 toda a informa\u00e7\u00e3o pr\u00e1tica necess\u00e1ria para organizar esta viagem h\u00e1 muito esperada.","breadcrumb":{"@id":"https:\/\/ave-eta-canada.com\/pt-pt\/o-guia-pratico-para-viagem-no-canada\/#breadcrumb"},"inLanguage":"pt-PT","potentialAction":[{"@type":"ReadAction","target":["https:\/\/ave-eta-canada.com\/pt-pt\/o-guia-pratico-para-viagem-no-canada\/"]}]},{"@type":"BreadcrumbList","@id":"https:\/\/ave-eta-canada.com\/pt-pt\/o-guia-pratico-para-viagem-no-canada\/#breadcrumb","itemListElement":[{"@type":"ListItem","position":1,"name":"Home","item":"https:\/\/ave-eta-canada.com\/pt-pt\/"},{"@type":"ListItem","position":2,"name":"O guia pr\u00e1tico para viajar no Canad\u00e1"}]},{"@type":"WebSite","@id":"https:\/\/ave-eta-canada.com\/pt-pt\/#website","url":"https:\/\/ave-eta-canada.com\/pt-pt\/","name":"VISA CANADA","description":"Autorisation Voyage Electronique","potentialAction":[{"@type":"SearchAction","target":{"@type":"EntryPoint","urlTemplate":"https:\/\/ave-eta-canada.com\/pt-pt\/?s={search_term_string}"},"query-input":{"@type":"PropertyValueSpecification","valueRequired":true,"valueName":"search_term_string"}}],"inLanguage":"pt-PT"}]}},"_links":{"self":[{"href":"https:\/\/ave-eta-canada.com\/pt-pt\/wp-json\/wp\/v2\/pages\/2771","targetHints":{"allow":["GET"]}}],"collection":[{"href":"https:\/\/ave-eta-canada.com\/pt-pt\/wp-json\/wp\/v2\/pages"}],"about":[{"href":"https:\/\/ave-eta-canada.com\/pt-pt\/wp-json\/wp\/v2\/types\/page"}],"author":[{"embeddable":true,"href":"https:\/\/ave-eta-canada.com\/pt-pt\/wp-json\/wp\/v2\/users\/1"}],"replies":[{"embeddable":true,"href":"https:\/\/ave-eta-canada.com\/pt-pt\/wp-json\/wp\/v2\/comments?post=2771"}],"version-history":[{"count":0,"href":"https:\/\/ave-eta-canada.com\/pt-pt\/wp-json\/wp\/v2\/pages\/2771\/revisions"}],"wp:attachment":[{"href":"https:\/\/ave-eta-canada.com\/pt-pt\/wp-json\/wp\/v2\/media?parent=2771"}],"curies":[{"name":"wp","href":"https:\/\/api.w.org\/{rel}","templated":true}]}}