{"id":2773,"date":"2022-09-06T07:59:26","date_gmt":"2022-09-06T07:59:26","guid":{"rendered":"https:\/\/ave-eta-canada.com\/ave-canada-covida-19-viagens-restriccoes-um-dia\/"},"modified":"2025-10-09T09:06:51","modified_gmt":"2025-10-09T09:06:51","slug":"eta-canada-covida-19-viagens-restriccoes-um-dia","status":"publish","type":"page","link":"https:\/\/ave-eta-canada.com\/pt-pt\/eta-canada-covida-19-viagens-restriccoes-um-dia\/","title":{"rendered":"Canad\u00e1 &#8211; COVID 19 restri\u00e7\u00f5es de viagem actualizadas"},"content":{"rendered":"\t\t<div data-elementor-type=\"wp-page\" data-elementor-id=\"2773\" class=\"elementor elementor-2773 elementor-1195\" data-elementor-post-type=\"page\">\n\t\t\t\t\t\t<section class=\"elementor-section elementor-top-section elementor-element elementor-element-b820ec9 elementor-section-boxed elementor-section-height-default elementor-section-height-default\" data-id=\"b820ec9\" data-element_type=\"section\" data-e-type=\"section\">\n\t\t\t\t\t\t<div class=\"elementor-container elementor-column-gap-default\">\n\t\t\t\t\t<div class=\"elementor-column elementor-col-100 elementor-top-column elementor-element elementor-element-e20cc56\" data-id=\"e20cc56\" data-element_type=\"column\" data-e-type=\"column\">\n\t\t\t<div class=\"elementor-widget-wrap elementor-element-populated\">\n\t\t\t\t\t\t<div class=\"elementor-element elementor-element-f35a835 elementor-widget elementor-widget-heading\" data-id=\"f35a835\" data-element_type=\"widget\" data-e-type=\"widget\" data-widget_type=\"heading.default\">\n\t\t\t\t<div class=\"elementor-widget-container\">\n\t\t\t\t\t<h1 class=\"elementor-heading-title elementor-size-default\">Fim das restri\u00e7\u00f5es ligadas \u00e0 crise sanit\u00e1ria da COVID-19<\/h1>\t\t\t\t<\/div>\n\t\t\t\t<\/div>\n\t\t\t\t\t<\/div>\n\t\t<\/div>\n\t\t\t\t\t<\/div>\n\t\t<\/section>\n\t\t\t\t<section class=\"elementor-section elementor-top-section elementor-element elementor-element-7752861 elementor-section-boxed elementor-section-height-default elementor-section-height-default\" data-id=\"7752861\" data-element_type=\"section\" data-e-type=\"section\">\n\t\t\t\t\t\t<div class=\"elementor-container elementor-column-gap-default\">\n\t\t\t\t\t<div class=\"elementor-column elementor-col-100 elementor-top-column elementor-element elementor-element-e662d5f\" data-id=\"e662d5f\" data-element_type=\"column\" data-e-type=\"column\">\n\t\t\t<div class=\"elementor-widget-wrap elementor-element-populated\">\n\t\t\t\t\t\t<div class=\"elementor-element elementor-element-80b7c62 elementor-widget elementor-widget-text-editor\" data-id=\"80b7c62\" data-element_type=\"widget\" data-e-type=\"widget\" data-widget_type=\"text-editor.default\">\n\t\t\t\t<div class=\"elementor-widget-container\">\n\t\t\t\t\t\t\t\t\t<p><strong>Pre\u00e2mbulo<\/strong>: Eis as \u00faltimas actualiza\u00e7\u00f5es sobre a evolu\u00e7\u00e3o da crise sanit\u00e1ria ligada \u00e0 COVID-19. A informa\u00e7\u00e3o contida nesta p\u00e1gina \u00e9 actualizada tanto quanto poss\u00edvel de acordo com as novas decis\u00f5es tomadas pela administra\u00e7\u00e3o canadiana. Desde maio de 2023, a maior parte das restri\u00e7\u00f5es foram levantadas para os viajantes com destino ao Canad\u00e1.  <\/p><p><strong>Para uma estadia de menos de 6 meses no Canad\u00e1<\/strong>: Pode completar as formalidades de entrada no Canad\u00e1 directamente atrav\u00e9s da Internet, clicando no <a href=\"https:\/\/ave-eta-canada.com\/pt-pt\/formulario-eta-canada\/\">formul\u00e1rio em linha<\/a>. N\u00e3o \u00e9 necess\u00e1rio marcar uma entrevista na embaixada ou consulado canadiano.<\/p><h2>Fim das restri\u00e7\u00f5es \u00e0 COVID-19 para quem viaja para o Canad\u00e1<\/h2><p>As medidas preventivas relativas \u00e0 COVID-19, aplicadas em novembro de 2021 para a reabertura das fronteiras do Canad\u00e1, foram retiradas em maio de 2023. <span style=\"background-color: transparent;\"> Os viajantes<\/span> j\u00e1 n\u00e3o precisam de apresentar <span style=\"background-color: transparent;\">provas de vacina\u00e7\u00e3o ou de<\/span><span style=\"background-color: transparent;\"> testes de despistagem quando embarcam num voo para o Canad\u00e1.<\/span><\/p>\t\t\t\t\t\t\t\t<\/div>\n\t\t\t\t<\/div>\n\t\t\t\t\t<\/div>\n\t\t<\/div>\n\t\t\t\t\t<\/div>\n\t\t<\/section>\n\t\t\t\t<section class=\"elementor-section elementor-top-section elementor-element elementor-element-dca40c8 elementor-section-boxed elementor-section-height-default elementor-section-height-default\" data-id=\"dca40c8\" data-element_type=\"section\" data-e-type=\"section\">\n\t\t\t\t\t\t<div class=\"elementor-container elementor-column-gap-default\">\n\t\t\t\t\t<div class=\"elementor-column elementor-col-100 elementor-top-column elementor-element elementor-element-4aaedc7\" data-id=\"4aaedc7\" data-element_type=\"column\" data-e-type=\"column\">\n\t\t\t<div class=\"elementor-widget-wrap elementor-element-populated\">\n\t\t\t\t\t\t<div class=\"elementor-element elementor-element-8cf9d43 elementor-widget elementor-widget-toggle\" data-id=\"8cf9d43\" data-element_type=\"widget\" data-e-type=\"widget\" data-widget_type=\"toggle.default\">\n\t\t\t\t<div class=\"elementor-widget-container\">\n\t\t\t\t\t\t\t<div class=\"elementor-toggle\">\n\t\t\t\t\t\t\t<div class=\"elementor-toggle-item\">\n\t\t\t\t\t<h2 id=\"elementor-tab-title-1471\" class=\"elementor-tab-title\" data-tab=\"1\" role=\"button\" aria-controls=\"elementor-tab-content-1471\" aria-expanded=\"false\">\n\t\t\t\t\t\t\t\t\t\t\t\t<span class=\"elementor-toggle-icon elementor-toggle-icon-left\" aria-hidden=\"true\">\n\t\t\t\t\t\t\t\t\t\t\t\t\t\t\t<span class=\"elementor-toggle-icon-closed\"><i class=\"fas fa-caret-right\"><\/i><\/span>\n\t\t\t\t\t\t\t\t<span class=\"elementor-toggle-icon-opened\"><i class=\"elementor-toggle-icon-opened fas fa-caret-up\"><\/i><\/span>\n\t\t\t\t\t\t\t\t\t\t\t\t\t<\/span>\n\t\t\t\t\t\t\t\t\t\t\t\t<a class=\"elementor-toggle-title\" tabindex=\"0\">Continuo a precisar de completar o ArriveCAN antes de entrar no Canad\u00e1?<\/a>\n\t\t\t\t\t<\/h2>\n\n\t\t\t\t\t<div id=\"elementor-tab-content-1471\" class=\"elementor-tab-content elementor-clearfix\" data-tab=\"1\" role=\"region\" aria-labelledby=\"elementor-tab-title-1471\"><p><a href=\"https:\/\/ave-eta-canada.com\/pt-pt\/arrivecan-canada\/\">ArriveCAN<\/a> \u00e9 uma aplica\u00e7\u00e3o do governo canadiano. Foi utilizado para gerir as informa\u00e7\u00f5es dos viajantes que entraram no Canad\u00e1 na sequ\u00eancia da pandemia de COVID-19. Facilita o cumprimento dos requisitos de sa\u00fade p\u00fablica do Canad\u00e1.<\/p>\n<p>A aplica\u00e7\u00e3o <a href=\"https:\/\/ave-eta-canada.com\/pt-pt\/arrivecan-canada\/\">ArriveCAN<\/a> foi implementada em Novembro de 2020. A partir de maio de 2023, <b>os viajantes j\u00e1 n\u00e3o s\u00e3o obrigados a preencher o ArriveCAN<\/b> no prazo de 72 horas ap\u00f3s a chegada ao Canad\u00e1.<\/p>\n<\/div>\n\t\t\t\t<\/div>\n\t\t\t\t\t\t\t<div class=\"elementor-toggle-item\">\n\t\t\t\t\t<h2 id=\"elementor-tab-title-1472\" class=\"elementor-tab-title\" data-tab=\"2\" role=\"button\" aria-controls=\"elementor-tab-content-1472\" aria-expanded=\"false\">\n\t\t\t\t\t\t\t\t\t\t\t\t<span class=\"elementor-toggle-icon elementor-toggle-icon-left\" aria-hidden=\"true\">\n\t\t\t\t\t\t\t\t\t\t\t\t\t\t\t<span class=\"elementor-toggle-icon-closed\"><i class=\"fas fa-caret-right\"><\/i><\/span>\n\t\t\t\t\t\t\t\t<span class=\"elementor-toggle-icon-opened\"><i class=\"elementor-toggle-icon-opened fas fa-caret-up\"><\/i><\/span>\n\t\t\t\t\t\t\t\t\t\t\t\t\t<\/span>\n\t\t\t\t\t\t\t\t\t\t\t\t<a class=\"elementor-toggle-title\" tabindex=\"0\">Preciso de ser vacinado para entrar no Canad\u00e1?<\/a>\n\t\t\t\t\t<\/h2>\n\n\t\t\t\t\t<div id=\"elementor-tab-content-1472\" class=\"elementor-tab-content elementor-clearfix\" data-tab=\"2\" role=\"region\" aria-labelledby=\"elementor-tab-title-1472\"><p>A partir de maio de 2023, <b>j\u00e1 n\u00e3o \u00e9 necess\u00e1rio ser vacinado para entrar no Canad\u00e1<\/b>. Os testes negativos \u00e0 COVID-19 tamb\u00e9m j\u00e1 n\u00e3o s\u00e3o necess\u00e1rios para entrar no pa\u00eds. As companhias a\u00e9reas j\u00e1 n\u00e3o verificam o estado de vacina\u00e7\u00e3o de todos os viajantes antes de embarcarem.  <\/p>\n<\/div>\n\t\t\t\t<\/div>\n\t\t\t\t\t\t\t<div class=\"elementor-toggle-item\">\n\t\t\t\t\t<h2 id=\"elementor-tab-title-1473\" class=\"elementor-tab-title\" data-tab=\"3\" role=\"button\" aria-controls=\"elementor-tab-content-1473\" aria-expanded=\"false\">\n\t\t\t\t\t\t\t\t\t\t\t\t<span class=\"elementor-toggle-icon elementor-toggle-icon-left\" aria-hidden=\"true\">\n\t\t\t\t\t\t\t\t\t\t\t\t\t\t\t<span class=\"elementor-toggle-icon-closed\"><i class=\"fas fa-caret-right\"><\/i><\/span>\n\t\t\t\t\t\t\t\t<span class=\"elementor-toggle-icon-opened\"><i class=\"elementor-toggle-icon-opened fas fa-caret-up\"><\/i><\/span>\n\t\t\t\t\t\t\t\t\t\t\t\t\t<\/span>\n\t\t\t\t\t\t\t\t\t\t\t\t<a class=\"elementor-toggle-title\" tabindex=\"0\">Preciso de um teste COVID negativo no Canad\u00e1 para deixar o pa\u00eds por menos de 72 horas?<\/a>\n\t\t\t\t\t<\/h2>\n\n\t\t\t\t\t<div id=\"elementor-tab-content-1473\" class=\"elementor-tab-content elementor-clearfix\" data-tab=\"3\" role=\"region\" aria-labelledby=\"elementor-tab-title-1473\"><p>Os residentes canadianos j\u00e1 n\u00e3o precisam de apresentar um teste \u00e0 COVID-19 negativo para sair do territ\u00f3rio canadiano.<\/p>\n<\/div>\n\t\t\t\t<\/div>\n\t\t\t\t\t\t\t\t\t\t<script type=\"application\/ld+json\">{\"@context\":\"https:\\\/\\\/schema.org\",\"@type\":\"FAQPage\",\"mainEntity\":[{\"@type\":\"Question\",\"name\":\"Continuo a precisar de completar o ArriveCAN antes de entrar no Canad\\u00e1?\",\"acceptedAnswer\":{\"@type\":\"Answer\",\"text\":\"<p><a href=\\\"https:\\\/\\\/ave-eta-canada.com\\\/pt-pt\\\/arrivecan-canada\\\/\\\">ArriveCAN<\\\/a> \\u00e9 uma aplica\\u00e7\\u00e3o do governo canadiano. Foi utilizado para gerir as informa\\u00e7\\u00f5es dos viajantes que entraram no Canad\\u00e1 na sequ\\u00eancia da pandemia de COVID-19. Facilita o cumprimento dos requisitos de sa\\u00fade p\\u00fablica do Canad\\u00e1.<\\\/p>\\n<p>A aplica\\u00e7\\u00e3o <a href=\\\"https:\\\/\\\/ave-eta-canada.com\\\/pt-pt\\\/arrivecan-canada\\\/\\\">ArriveCAN<\\\/a> foi implementada em Novembro de 2020. A partir de maio de 2023, <b>os viajantes j\\u00e1 n\\u00e3o s\\u00e3o obrigados a preencher o ArriveCAN<\\\/b> no prazo de 72 horas ap\\u00f3s a chegada ao Canad\\u00e1.<\\\/p>\\n\"}},{\"@type\":\"Question\",\"name\":\"Preciso de ser vacinado para entrar no Canad\\u00e1?\",\"acceptedAnswer\":{\"@type\":\"Answer\",\"text\":\"<p>A partir de maio de 2023, <b>j\\u00e1 n\\u00e3o \\u00e9 necess\\u00e1rio ser vacinado para entrar no Canad\\u00e1<\\\/b>. Os testes negativos \\u00e0 COVID-19 tamb\\u00e9m j\\u00e1 n\\u00e3o s\\u00e3o necess\\u00e1rios para entrar no pa\\u00eds. As companhias a\\u00e9reas j\\u00e1 n\\u00e3o verificam o estado de vacina\\u00e7\\u00e3o de todos os viajantes antes de embarcarem.  <\\\/p>\\n\"}},{\"@type\":\"Question\",\"name\":\"Preciso de um teste COVID negativo no Canad\\u00e1 para deixar o pa\\u00eds por menos de 72 horas?\",\"acceptedAnswer\":{\"@type\":\"Answer\",\"text\":\"<p>Os residentes canadianos j\\u00e1 n\\u00e3o precisam de apresentar um teste \\u00e0 COVID-19 negativo para sair do territ\\u00f3rio canadiano.<\\\/p>\\n\"}}]}<\/script>\n\t\t\t\t\t<\/div>\n\t\t\t\t\t\t<\/div>\n\t\t\t\t<\/div>\n\t\t\t\t\t<\/div>\n\t\t<\/div>\n\t\t\t\t\t<\/div>\n\t\t<\/section>\n\t\t\t\t<\/div>\n\t\t","protected":false},"excerpt":{"rendered":"<p>Fim das restri\u00e7\u00f5es ligadas \u00e0 crise sanit\u00e1ria da COVID-19 Pre\u00e2mbulo: Eis as \u00faltimas actualiza\u00e7\u00f5es sobre a evolu\u00e7\u00e3o da crise sanit\u00e1ria ligada \u00e0 COVID-19. A informa\u00e7\u00e3o contida nesta p\u00e1gina \u00e9 actualizada tanto quanto poss\u00edvel de acordo com as novas decis\u00f5es tomadas pela administra\u00e7\u00e3o canadiana. Desde maio de 2023, a maior parte das restri\u00e7\u00f5es foram levantadas para [&hellip;]<\/p>\n","protected":false},"author":1,"featured_media":0,"parent":0,"menu_order":0,"comment_status":"closed","ping_status":"closed","template":"","meta":{"footnotes":""},"class_list":["post-2773","page","type-page","status-publish","hentry"],"yoast_head":"<!-- This site is optimized with the Yoast SEO plugin v26.9 - https:\/\/yoast.com\/product\/yoast-seo-wordpress\/ -->\n<title>Canad\u00e1 - COVID 19 restri\u00e7\u00f5es de viagem actualizadas<\/title>\n<meta name=\"description\" content=\"Saiba mais sobre as restri\u00e7\u00f5es da COVID para entrar no Canad\u00e1 com uma Autoriza\u00e7\u00e3o Eletr\u00f3nica de Viagem (ETA).\" \/>\n<meta name=\"robots\" content=\"index, follow, max-snippet:-1, max-image-preview:large, max-video-preview:-1\" \/>\n<link rel=\"canonical\" href=\"https:\/\/ave-eta-canada.com\/pt-pt\/eta-canada-covida-19-viagens-restriccoes-um-dia\/\" \/>\n<meta property=\"og:locale\" content=\"pt_PT\" \/>\n<meta property=\"og:type\" content=\"article\" \/>\n<meta property=\"og:title\" content=\"Canad\u00e1 - COVID 19 restri\u00e7\u00f5es de viagem actualizadas\" \/>\n<meta property=\"og:description\" content=\"Saiba mais sobre as restri\u00e7\u00f5es da COVID para entrar no Canad\u00e1 com uma Autoriza\u00e7\u00e3o Eletr\u00f3nica de Viagem (ETA).\" \/>\n<meta property=\"og:url\" content=\"https:\/\/ave-eta-canada.com\/pt-pt\/eta-canada-covida-19-viagens-restriccoes-um-dia\/\" \/>\n<meta property=\"og:site_name\" content=\"VISA CANADA\" \/>\n<meta property=\"article:modified_time\" content=\"2025-10-09T09:06:51+00:00\" \/>\n<meta name=\"twitter:card\" content=\"summary_large_image\" \/>\n<meta name=\"twitter:label1\" content=\"Tempo estimado de leitura\" \/>\n\t<meta name=\"twitter:data1\" content=\"2 minutos\" \/>\n<script type=\"application\/ld+json\" class=\"yoast-schema-graph\">{\"@context\":\"https:\/\/schema.org\",\"@graph\":[{\"@type\":\"WebPage\",\"@id\":\"https:\/\/ave-eta-canada.com\/pt-pt\/eta-canada-covida-19-viagens-restriccoes-um-dia\/\",\"url\":\"https:\/\/ave-eta-canada.com\/pt-pt\/eta-canada-covida-19-viagens-restriccoes-um-dia\/\",\"name\":\"Canad\u00e1 - COVID 19 restri\u00e7\u00f5es de viagem actualizadas\",\"isPartOf\":{\"@id\":\"https:\/\/ave-eta-canada.com\/pt-pt\/#website\"},\"datePublished\":\"2022-09-06T07:59:26+00:00\",\"dateModified\":\"2025-10-09T09:06:51+00:00\",\"description\":\"Saiba mais sobre as restri\u00e7\u00f5es da COVID para entrar no Canad\u00e1 com uma Autoriza\u00e7\u00e3o Eletr\u00f3nica de Viagem (ETA).\",\"breadcrumb\":{\"@id\":\"https:\/\/ave-eta-canada.com\/pt-pt\/eta-canada-covida-19-viagens-restriccoes-um-dia\/#breadcrumb\"},\"inLanguage\":\"pt-PT\",\"potentialAction\":[{\"@type\":\"ReadAction\",\"target\":[\"https:\/\/ave-eta-canada.com\/pt-pt\/eta-canada-covida-19-viagens-restriccoes-um-dia\/\"]}]},{\"@type\":\"BreadcrumbList\",\"@id\":\"https:\/\/ave-eta-canada.com\/pt-pt\/eta-canada-covida-19-viagens-restriccoes-um-dia\/#breadcrumb\",\"itemListElement\":[{\"@type\":\"ListItem\",\"position\":1,\"name\":\"Home\",\"item\":\"https:\/\/ave-eta-canada.com\/pt-pt\/\"},{\"@type\":\"ListItem\",\"position\":2,\"name\":\"Canad\u00e1 &#8211; COVID 19 restri\u00e7\u00f5es de viagem actualizadas\"}]},{\"@type\":\"WebSite\",\"@id\":\"https:\/\/ave-eta-canada.com\/pt-pt\/#website\",\"url\":\"https:\/\/ave-eta-canada.com\/pt-pt\/\",\"name\":\"VISA CANADA\",\"description\":\"Autorisation Voyage Electronique\",\"potentialAction\":[{\"@type\":\"SearchAction\",\"target\":{\"@type\":\"EntryPoint\",\"urlTemplate\":\"https:\/\/ave-eta-canada.com\/pt-pt\/?s={search_term_string}\"},\"query-input\":{\"@type\":\"PropertyValueSpecification\",\"valueRequired\":true,\"valueName\":\"search_term_string\"}}],\"inLanguage\":\"pt-PT\"}]}<\/script>\n<!-- \/ Yoast SEO plugin. -->","yoast_head_json":{"title":"Canad\u00e1 - COVID 19 restri\u00e7\u00f5es de viagem actualizadas","description":"Saiba mais sobre as restri\u00e7\u00f5es da COVID para entrar no Canad\u00e1 com uma Autoriza\u00e7\u00e3o Eletr\u00f3nica de Viagem (ETA).","robots":{"index":"index","follow":"follow","max-snippet":"max-snippet:-1","max-image-preview":"max-image-preview:large","max-video-preview":"max-video-preview:-1"},"canonical":"https:\/\/ave-eta-canada.com\/pt-pt\/eta-canada-covida-19-viagens-restriccoes-um-dia\/","og_locale":"pt_PT","og_type":"article","og_title":"Canad\u00e1 - COVID 19 restri\u00e7\u00f5es de viagem actualizadas","og_description":"Saiba mais sobre as restri\u00e7\u00f5es da COVID para entrar no Canad\u00e1 com uma Autoriza\u00e7\u00e3o Eletr\u00f3nica de Viagem (ETA).","og_url":"https:\/\/ave-eta-canada.com\/pt-pt\/eta-canada-covida-19-viagens-restriccoes-um-dia\/","og_site_name":"VISA CANADA","article_modified_time":"2025-10-09T09:06:51+00:00","twitter_card":"summary_large_image","twitter_misc":{"Tempo estimado de leitura":"2 minutos"},"schema":{"@context":"https:\/\/schema.org","@graph":[{"@type":"WebPage","@id":"https:\/\/ave-eta-canada.com\/pt-pt\/eta-canada-covida-19-viagens-restriccoes-um-dia\/","url":"https:\/\/ave-eta-canada.com\/pt-pt\/eta-canada-covida-19-viagens-restriccoes-um-dia\/","name":"Canad\u00e1 - COVID 19 restri\u00e7\u00f5es de viagem actualizadas","isPartOf":{"@id":"https:\/\/ave-eta-canada.com\/pt-pt\/#website"},"datePublished":"2022-09-06T07:59:26+00:00","dateModified":"2025-10-09T09:06:51+00:00","description":"Saiba mais sobre as restri\u00e7\u00f5es da COVID para entrar no Canad\u00e1 com uma Autoriza\u00e7\u00e3o Eletr\u00f3nica de Viagem (ETA).","breadcrumb":{"@id":"https:\/\/ave-eta-canada.com\/pt-pt\/eta-canada-covida-19-viagens-restriccoes-um-dia\/#breadcrumb"},"inLanguage":"pt-PT","potentialAction":[{"@type":"ReadAction","target":["https:\/\/ave-eta-canada.com\/pt-pt\/eta-canada-covida-19-viagens-restriccoes-um-dia\/"]}]},{"@type":"BreadcrumbList","@id":"https:\/\/ave-eta-canada.com\/pt-pt\/eta-canada-covida-19-viagens-restriccoes-um-dia\/#breadcrumb","itemListElement":[{"@type":"ListItem","position":1,"name":"Home","item":"https:\/\/ave-eta-canada.com\/pt-pt\/"},{"@type":"ListItem","position":2,"name":"Canad\u00e1 &#8211; COVID 19 restri\u00e7\u00f5es de viagem actualizadas"}]},{"@type":"WebSite","@id":"https:\/\/ave-eta-canada.com\/pt-pt\/#website","url":"https:\/\/ave-eta-canada.com\/pt-pt\/","name":"VISA CANADA","description":"Autorisation Voyage Electronique","potentialAction":[{"@type":"SearchAction","target":{"@type":"EntryPoint","urlTemplate":"https:\/\/ave-eta-canada.com\/pt-pt\/?s={search_term_string}"},"query-input":{"@type":"PropertyValueSpecification","valueRequired":true,"valueName":"search_term_string"}}],"inLanguage":"pt-PT"}]}},"_links":{"self":[{"href":"https:\/\/ave-eta-canada.com\/pt-pt\/wp-json\/wp\/v2\/pages\/2773","targetHints":{"allow":["GET"]}}],"collection":[{"href":"https:\/\/ave-eta-canada.com\/pt-pt\/wp-json\/wp\/v2\/pages"}],"about":[{"href":"https:\/\/ave-eta-canada.com\/pt-pt\/wp-json\/wp\/v2\/types\/page"}],"author":[{"embeddable":true,"href":"https:\/\/ave-eta-canada.com\/pt-pt\/wp-json\/wp\/v2\/users\/1"}],"replies":[{"embeddable":true,"href":"https:\/\/ave-eta-canada.com\/pt-pt\/wp-json\/wp\/v2\/comments?post=2773"}],"version-history":[{"count":2,"href":"https:\/\/ave-eta-canada.com\/pt-pt\/wp-json\/wp\/v2\/pages\/2773\/revisions"}],"predecessor-version":[{"id":6277,"href":"https:\/\/ave-eta-canada.com\/pt-pt\/wp-json\/wp\/v2\/pages\/2773\/revisions\/6277"}],"wp:attachment":[{"href":"https:\/\/ave-eta-canada.com\/pt-pt\/wp-json\/wp\/v2\/media?parent=2773"}],"curies":[{"name":"wp","href":"https:\/\/api.w.org\/{rel}","templated":true}]}}