{"id":2779,"date":"2022-09-06T07:59:27","date_gmt":"2022-09-06T07:59:27","guid":{"rendered":"https:\/\/ave-eta-canada.com\/faq-ave-eta-canada-respostas-suas-questoes\/"},"modified":"2022-09-09T19:40:44","modified_gmt":"2022-09-09T19:40:44","slug":"eta-canada-respostas-suas-questoes","status":"publish","type":"page","link":"https:\/\/ave-eta-canada.com\/pt-pt\/eta-canada-respostas-suas-questoes\/","title":{"rendered":"FAQ eTA Canad\u00e1 | Respostas \u00e0s suas perguntas"},"content":{"rendered":"\n<h1 class=\"wp-block-heading\">Respostas \u00e0s suas perguntas<\/h1>\n\n<p>Encontre toda a informa\u00e7\u00e3o essencial sobre o <a href=\"https:\/\/ave-eta-canada.com\/pt-pt\/noticias-sobre-a-eta-canada\/\">eTA Canad\u00e1<\/a> nestas perguntas frequentes. Pode ent\u00e3o partir para a terra do \u00e1cer com paz de esp\u00edrito!<\/p>\n\n<h2 class=\"wp-block-heading\">O que \u00e9 um eTA Canad\u00e1?<\/h2>\n\n<p>Emitida pelo governo canadiano, a ETA (Electronic Travel Authorisation) \u00e9 <a href=\"https:\/\/ave-eta-canada.com\/pt-pt\/preencher-o-formulario-eta-canada\/\">um formul\u00e1rio oficial<\/a> que permite a entrada de viajantes no Canad\u00e1.<\/p>\n\n<h2 class=\"wp-block-heading\">Qual \u00e9 a diferen\u00e7a entre um AVE e uma eTA?<\/h2>\n\n<p>Nenhuma. AVE e eTA descrevem a mesma autoriza\u00e7\u00e3o de viagem. AVE \u00e9 a sigla em franc\u00eas e eTA \u00e9 a sigla em ingl\u00eas.<\/p>\n\n<h2 class=\"wp-block-heading\">Para quem \u00e9 a autoriza\u00e7\u00e3o de viagem eTA?<\/h2>\n\n<p>A <a href=\"https:\/\/ave-eta-canada.com\/pt-pt\/\">Autoriza\u00e7\u00e3o de Viagem eTA<\/a> Canada \u00e9 dirigida a todos os nacionais de pa\u00edses do Programa de Isen\u00e7\u00e3o de Vistos que desejem permanecer no Canad\u00e1 por um per\u00edodo m\u00e1ximo de 6 meses. Al\u00e9m disso, a autoriza\u00e7\u00e3o eTA s\u00f3 \u00e9 concedida para estadias tur\u00edsticas, viagens de neg\u00f3cios ou tr\u00e2nsito por via a\u00e9rea.<\/p>\n\n<p>Note-se que as pessoas em tr\u00e2nsito atrav\u00e9s dos Estados Unidos antes de reentrarem no Canad\u00e1 devem solicitar a autoriza\u00e7\u00e3o ESTA ao governo dos EUA, para al\u00e9m do pedido do eTA.<\/p>\n\n<h2 class=\"wp-block-heading\">O que preciso para me candidatar online ao eTA?<\/h2>\n\n<p>A candidatura em linha envolve o preenchimento de um formul\u00e1rio. Isto \u00e9 o que precisa:<\/p>\n\n<ul class=\"wp-block-list\"><li>um passaporte v\u00e1lido ;<\/li><li>um cart\u00e3o de cr\u00e9dito ou de d\u00e9bito (Visa, MasterCard, American Express, JCB, UnionPay);<\/li><li>um endere\u00e7o de correio electr\u00f3nico v\u00e1lido.<\/li><\/ul>\n\n<h2 class=\"wp-block-heading\">Tenho de pagar para me candidatar a um eTA Canad\u00e1?<\/h2>\n\n<p>A <a href=\"https:\/\/ave-eta-canada.com\/pt-pt\/preco-eta-canada\/\">taxa b\u00e1sica para a aplica\u00e7\u00e3o do eTA<\/a> \u00e9 CAN$7. Podem aplicar-se encargos adicionais se subscrever servi\u00e7os adicionais (assist\u00eancia em linha, verifica\u00e7\u00e3o de informa\u00e7\u00e3o, etc.). Note-se que o eTA ainda \u00e9 muito mais acess\u00edvel do que o visto, que custa entre CAN$100 e CAN$200.<\/p>\n\n<h2 class=\"wp-block-heading\">Qual \u00e9 a diferen\u00e7a entre um eTA e um visto?<\/h2>\n\n<p>O eTA permite-lhe permanecer no Canad\u00e1 at\u00e9 6 meses, mas s\u00f3 se aplica a turistas, viajantes de neg\u00f3cios e pessoas em tr\u00e2nsito. Se desejar permanecer mais tempo, estudar ou trabalhar l\u00e1, ser\u00e1 necess\u00e1rio solicitar um visto \u00e0s autoridades consulares.<\/p>\n\n<h2 class=\"wp-block-heading\">Durante quanto tempo posso usar o meu eTA?<\/h2>\n\n<p>A autoriza\u00e7\u00e3o para viajar para o Canad\u00e1 \u00e9 v\u00e1lida por cinco anos a partir da data de emiss\u00e3o do documento, desde que tenha um passaporte v\u00e1lido. Neste caso, a autoriza\u00e7\u00e3o expirar\u00e1 na data de expira\u00e7\u00e3o do passaporte.<\/p>\n\n<h2 class=\"wp-block-heading\">Que informa\u00e7\u00f5es me s\u00e3o pedidas no formul\u00e1rio eTA?<\/h2>\n\n<p>Em primeiro lugar, o viajante deve indicar os seus dados pessoais (apelido, nome pr\u00f3prio, data e local de nascimento, etc.), bem como os dados do passaporte. A seguir, s\u00e3o feitas v\u00e1rias perguntas sobre o estado de sa\u00fade ou hist\u00f3ria legal. Finalmente, ser\u00e1 necess\u00e1rio preencher os seus dados banc\u00e1rios a fim de pagar a taxa de inscri\u00e7\u00e3o online por cart\u00e3o de cr\u00e9dito.<\/p>\n\n<h2 class=\"wp-block-heading\">Que respostas posso receber depois de submeter o formul\u00e1rio?<\/h2>\n\n<p>H\u00e1 tr\u00eas respostas poss\u00edveis:<\/p>\n\n<ul class=\"wp-block-list\"><li>Se tiver sido &#8220;autorizado&#8221;, est\u00e1 oficialmente autorizado a viajar para o Canad\u00e1;<\/li><li>No caso de &#8220;autoriza\u00e7\u00e3o pendente&#8221;, o pedido est\u00e1 a ser processado e uma resposta \u00e9 normalmente dada dentro de alguns dias;<\/li><li>&#8220;Se lhe tiver sido recusada a autoriza\u00e7\u00e3o, n\u00e3o poder\u00e1 viajar para o Canad\u00e1 com um eTA. No entanto, nada o impede de solicitar um visto.<\/li><\/ul>\n\n<h2 class=\"wp-block-heading\">Quanto tempo demora a receber o meu eTA?<\/h2>\n\n<p>Em muitos casos, \u00e9 enviada uma resposta quase imediata ap\u00f3s o envio do formul\u00e1rio. Caso contr\u00e1rio, ser\u00e1 contactado dentro de 72 horas, desde que tenha um endere\u00e7o de correio electr\u00f3nico v\u00e1lido.<\/p>\n\n<h2 class=\"wp-block-heading\">O meu pedido de eTA foi recusado, o que posso fazer?<\/h2>\n\n<p>Se as autoridades canadianas recusarem conceder-lhe autoriza\u00e7\u00e3o de viagem, pode ainda assim solicitar um visto na embaixada ou consulado canadiano.<\/p>\n\n<h2 class=\"wp-block-heading\">Preciso de solicitar um eTA se j\u00e1 tenho um visto?<\/h2>\n\n<p>N\u00e3o h\u00e1 necessidade de solicitar um eTA se j\u00e1 tiver um visto canadiano v\u00e1lido.<\/p>\n\n<h2 class=\"wp-block-heading\">Preciso de solicitar um novo eTA cada vez que viajo para o Canad\u00e1?<\/h2>\n\n<p>A <a href=\"https:\/\/ave-eta-canada.com\/pt-pt\/o-que-e-eta-canada\/\">eTA \u00e9 v\u00e1lida por 5 anos<\/a>, o que significa que pode ir ao Canad\u00e1 quantas vezes quiser durante este per\u00edodo. Ter o cuidado de respeitar a dura\u00e7\u00e3o m\u00e1xima legal de 6 meses. Assegure-se de que o seu passaporte ainda \u00e9 v\u00e1lido.<\/p>\n\n<h2 class=\"wp-block-heading\">Posso fazer um pedido de grupo para um eTA?<\/h2>\n\n<p>N\u00e3o \u00e9 poss\u00edvel candidatar-se a um grupo. Ter\u00e1 de se candidatar individualmente, preenchendo os dados pessoais de cada indiv\u00edduo e pagando a taxa de processamento para cada pessoa.<\/p>\n\n<h2 class=\"wp-block-heading\">Posso voltar a entrar no Canad\u00e1 se tiver um eTA?<\/h2>\n\n<p>O eTA permite-lhe viajar para o Canad\u00e1 de avi\u00e3o. Contudo, apenas as autoridades aduaneiras e de imigra\u00e7\u00e3o canadianas podem aprovar a sua entrada no Canad\u00e1.<\/p>\n\n<h2 class=\"wp-block-heading\">Posso alterar as minhas informa\u00e7\u00f5es depois de ter enviado o formul\u00e1rio?<\/h2>\n\n<p>Se tiver notado um <a href=\"https:\/\/ave-eta-canada.com\/pt-pt\/hur-man-andrar-ett-eta-resetillstand-for-kanada\/\">erro no seu formul\u00e1rio<\/a> ou se alguma informa\u00e7\u00e3o no seu passaporte tiver sido alterada, por favor note que n\u00e3o podem ser feitas altera\u00e7\u00f5es. Ser\u00e1 ent\u00e3o necess\u00e1rio fazer um novo pedido com a informa\u00e7\u00e3o correcta.<\/p>\n\n<h2 class=\"wp-block-heading\">Preciso de imprimir uma c\u00f3pia impressa do meu AEO antes de embarcar?<\/h2>\n\n<p>O eTA est\u00e1 ligado electronicamente ao seu passaporte. N\u00e3o \u00e9 necess\u00e1rio imprimir o e-mail de confirma\u00e7\u00e3o.<\/p>\n\n<h2 class=\"wp-block-heading\">Mudei o meu passaporte, o meu eTA ainda \u00e9 v\u00e1lido?<\/h2>\n\n<p>Os dados pessoais no seu passaporte devem ser exactamente os mesmos que as informa\u00e7\u00f5es fornecidas no formul\u00e1rio em linha. Se renovar o seu passaporte ap\u00f3s a obten\u00e7\u00e3o do seu eTA, n\u00e3o ter\u00e1 outra escolha sen\u00e3o solicitar um novo eTA.<\/p>\n\n<p>Ainda n\u00e3o consegue encontrar a resposta a uma pergunta? Para ir mais longe, convidamo-lo a consultar a sec\u00e7\u00e3o de ajuda e a <a href=\"https:\/\/ave-eta-canada.com\/pt-pt\/definicao-do-glossario-dos-principios-da-eta-canada\/\">p\u00e1gina do gloss\u00e1rio<\/a>.<\/p>\n","protected":false},"excerpt":{"rendered":"<p>Respostas \u00e0s suas perguntas Encontre toda a informa\u00e7\u00e3o essencial sobre o eTA Canad\u00e1 nestas perguntas frequentes. Pode ent\u00e3o partir para a terra do \u00e1cer com paz de esp\u00edrito! O que \u00e9 um eTA Canad\u00e1? Emitida pelo governo canadiano, a ETA (Electronic Travel Authorisation) \u00e9 um formul\u00e1rio oficial que permite a entrada de viajantes no Canad\u00e1. [&hellip;]<\/p>\n","protected":false},"author":1,"featured_media":0,"parent":0,"menu_order":0,"comment_status":"closed","ping_status":"closed","template":"","meta":{"footnotes":""},"class_list":["post-2779","page","type-page","status-publish","hentry"],"yoast_head":"<!-- This site is optimized with the Yoast SEO plugin v26.9 - https:\/\/yoast.com\/product\/yoast-seo-wordpress\/ -->\n<title>FAQ eTA Canad\u00e1 | Respostas \u00e0s suas perguntas<\/title>\n<meta name=\"description\" content=\"Tudo o que precisa de saber sobre a autoriza\u00e7\u00e3o de viagem AVE para ir ao Canad\u00e1. Respondemos a todas as suas perguntas\" \/>\n<meta name=\"robots\" content=\"index, follow, max-snippet:-1, max-image-preview:large, max-video-preview:-1\" \/>\n<link rel=\"canonical\" href=\"https:\/\/ave-eta-canada.com\/pt-pt\/eta-canada-respostas-suas-questoes\/\" \/>\n<meta property=\"og:locale\" content=\"pt_PT\" \/>\n<meta property=\"og:type\" content=\"article\" \/>\n<meta property=\"og:title\" content=\"FAQ eTA Canad\u00e1 | Respostas \u00e0s suas perguntas\" \/>\n<meta property=\"og:description\" content=\"Tudo o que precisa de saber sobre a autoriza\u00e7\u00e3o de viagem AVE para ir ao Canad\u00e1. Respondemos a todas as suas perguntas\" \/>\n<meta property=\"og:url\" content=\"https:\/\/ave-eta-canada.com\/pt-pt\/eta-canada-respostas-suas-questoes\/\" \/>\n<meta property=\"og:site_name\" content=\"VISA CANADA\" \/>\n<meta property=\"article:modified_time\" content=\"2022-09-09T19:40:44+00:00\" \/>\n<meta name=\"twitter:card\" content=\"summary_large_image\" \/>\n<meta name=\"twitter:label1\" content=\"Tempo estimado de leitura\" \/>\n\t<meta name=\"twitter:data1\" content=\"5 minutos\" \/>\n<script type=\"application\/ld+json\" class=\"yoast-schema-graph\">{\"@context\":\"https:\/\/schema.org\",\"@graph\":[{\"@type\":\"WebPage\",\"@id\":\"https:\/\/ave-eta-canada.com\/pt-pt\/eta-canada-respostas-suas-questoes\/\",\"url\":\"https:\/\/ave-eta-canada.com\/pt-pt\/eta-canada-respostas-suas-questoes\/\",\"name\":\"FAQ eTA Canad\u00e1 | Respostas \u00e0s suas perguntas\",\"isPartOf\":{\"@id\":\"https:\/\/ave-eta-canada.com\/pt-pt\/#website\"},\"datePublished\":\"2022-09-06T07:59:27+00:00\",\"dateModified\":\"2022-09-09T19:40:44+00:00\",\"description\":\"Tudo o que precisa de saber sobre a autoriza\u00e7\u00e3o de viagem AVE para ir ao Canad\u00e1. Respondemos a todas as suas perguntas\",\"breadcrumb\":{\"@id\":\"https:\/\/ave-eta-canada.com\/pt-pt\/eta-canada-respostas-suas-questoes\/#breadcrumb\"},\"inLanguage\":\"pt-PT\",\"potentialAction\":[{\"@type\":\"ReadAction\",\"target\":[\"https:\/\/ave-eta-canada.com\/pt-pt\/eta-canada-respostas-suas-questoes\/\"]}]},{\"@type\":\"BreadcrumbList\",\"@id\":\"https:\/\/ave-eta-canada.com\/pt-pt\/eta-canada-respostas-suas-questoes\/#breadcrumb\",\"itemListElement\":[{\"@type\":\"ListItem\",\"position\":1,\"name\":\"Home\",\"item\":\"https:\/\/ave-eta-canada.com\/pt-pt\/\"},{\"@type\":\"ListItem\",\"position\":2,\"name\":\"FAQ eTA Canad\u00e1 | Respostas \u00e0s suas perguntas\"}]},{\"@type\":\"WebSite\",\"@id\":\"https:\/\/ave-eta-canada.com\/pt-pt\/#website\",\"url\":\"https:\/\/ave-eta-canada.com\/pt-pt\/\",\"name\":\"VISA CANADA\",\"description\":\"Autorisation Voyage Electronique\",\"potentialAction\":[{\"@type\":\"SearchAction\",\"target\":{\"@type\":\"EntryPoint\",\"urlTemplate\":\"https:\/\/ave-eta-canada.com\/pt-pt\/?s={search_term_string}\"},\"query-input\":{\"@type\":\"PropertyValueSpecification\",\"valueRequired\":true,\"valueName\":\"search_term_string\"}}],\"inLanguage\":\"pt-PT\"}]}<\/script>\n<!-- \/ Yoast SEO plugin. -->","yoast_head_json":{"title":"FAQ eTA Canad\u00e1 | Respostas \u00e0s suas perguntas","description":"Tudo o que precisa de saber sobre a autoriza\u00e7\u00e3o de viagem AVE para ir ao Canad\u00e1. Respondemos a todas as suas perguntas","robots":{"index":"index","follow":"follow","max-snippet":"max-snippet:-1","max-image-preview":"max-image-preview:large","max-video-preview":"max-video-preview:-1"},"canonical":"https:\/\/ave-eta-canada.com\/pt-pt\/eta-canada-respostas-suas-questoes\/","og_locale":"pt_PT","og_type":"article","og_title":"FAQ eTA Canad\u00e1 | Respostas \u00e0s suas perguntas","og_description":"Tudo o que precisa de saber sobre a autoriza\u00e7\u00e3o de viagem AVE para ir ao Canad\u00e1. Respondemos a todas as suas perguntas","og_url":"https:\/\/ave-eta-canada.com\/pt-pt\/eta-canada-respostas-suas-questoes\/","og_site_name":"VISA CANADA","article_modified_time":"2022-09-09T19:40:44+00:00","twitter_card":"summary_large_image","twitter_misc":{"Tempo estimado de leitura":"5 minutos"},"schema":{"@context":"https:\/\/schema.org","@graph":[{"@type":"WebPage","@id":"https:\/\/ave-eta-canada.com\/pt-pt\/eta-canada-respostas-suas-questoes\/","url":"https:\/\/ave-eta-canada.com\/pt-pt\/eta-canada-respostas-suas-questoes\/","name":"FAQ eTA Canad\u00e1 | Respostas \u00e0s suas perguntas","isPartOf":{"@id":"https:\/\/ave-eta-canada.com\/pt-pt\/#website"},"datePublished":"2022-09-06T07:59:27+00:00","dateModified":"2022-09-09T19:40:44+00:00","description":"Tudo o que precisa de saber sobre a autoriza\u00e7\u00e3o de viagem AVE para ir ao Canad\u00e1. Respondemos a todas as suas perguntas","breadcrumb":{"@id":"https:\/\/ave-eta-canada.com\/pt-pt\/eta-canada-respostas-suas-questoes\/#breadcrumb"},"inLanguage":"pt-PT","potentialAction":[{"@type":"ReadAction","target":["https:\/\/ave-eta-canada.com\/pt-pt\/eta-canada-respostas-suas-questoes\/"]}]},{"@type":"BreadcrumbList","@id":"https:\/\/ave-eta-canada.com\/pt-pt\/eta-canada-respostas-suas-questoes\/#breadcrumb","itemListElement":[{"@type":"ListItem","position":1,"name":"Home","item":"https:\/\/ave-eta-canada.com\/pt-pt\/"},{"@type":"ListItem","position":2,"name":"FAQ eTA Canad\u00e1 | Respostas \u00e0s suas perguntas"}]},{"@type":"WebSite","@id":"https:\/\/ave-eta-canada.com\/pt-pt\/#website","url":"https:\/\/ave-eta-canada.com\/pt-pt\/","name":"VISA CANADA","description":"Autorisation Voyage Electronique","potentialAction":[{"@type":"SearchAction","target":{"@type":"EntryPoint","urlTemplate":"https:\/\/ave-eta-canada.com\/pt-pt\/?s={search_term_string}"},"query-input":{"@type":"PropertyValueSpecification","valueRequired":true,"valueName":"search_term_string"}}],"inLanguage":"pt-PT"}]}},"_links":{"self":[{"href":"https:\/\/ave-eta-canada.com\/pt-pt\/wp-json\/wp\/v2\/pages\/2779","targetHints":{"allow":["GET"]}}],"collection":[{"href":"https:\/\/ave-eta-canada.com\/pt-pt\/wp-json\/wp\/v2\/pages"}],"about":[{"href":"https:\/\/ave-eta-canada.com\/pt-pt\/wp-json\/wp\/v2\/types\/page"}],"author":[{"embeddable":true,"href":"https:\/\/ave-eta-canada.com\/pt-pt\/wp-json\/wp\/v2\/users\/1"}],"replies":[{"embeddable":true,"href":"https:\/\/ave-eta-canada.com\/pt-pt\/wp-json\/wp\/v2\/comments?post=2779"}],"version-history":[{"count":0,"href":"https:\/\/ave-eta-canada.com\/pt-pt\/wp-json\/wp\/v2\/pages\/2779\/revisions"}],"wp:attachment":[{"href":"https:\/\/ave-eta-canada.com\/pt-pt\/wp-json\/wp\/v2\/media?parent=2779"}],"curies":[{"name":"wp","href":"https:\/\/api.w.org\/{rel}","templated":true}]}}