{"id":2797,"date":"2022-09-06T07:59:32","date_gmt":"2022-09-06T07:59:32","guid":{"rendered":"https:\/\/ave-eta-canada.com\/form-ave-canada-online\/"},"modified":"2023-12-13T08:30:24","modified_gmt":"2023-12-13T08:30:24","slug":"formulario-eta-canada","status":"publish","type":"page","link":"https:\/\/ave-eta-canada.com\/pt-pt\/formulario-eta-canada\/","title":{"rendered":"Formul\u00e1rio on-line do eTA Canad\u00e0"},"content":{"rendered":"\t\t<div data-elementor-type=\"wp-page\" data-elementor-id=\"2797\" class=\"elementor elementor-2797 elementor-1232\" data-elementor-post-type=\"page\">\n\t\t\t\t\t\t<section class=\"elementor-section elementor-top-section elementor-element elementor-element-01b8d7a elementor-section-boxed elementor-section-height-default elementor-section-height-default\" data-id=\"01b8d7a\" data-element_type=\"section\" data-e-type=\"section\">\n\t\t\t\t\t\t<div class=\"elementor-container elementor-column-gap-default\">\n\t\t\t\t\t<div class=\"elementor-column elementor-col-100 elementor-top-column elementor-element elementor-element-857301c\" data-id=\"857301c\" data-element_type=\"column\" data-e-type=\"column\">\n\t\t\t<div class=\"elementor-widget-wrap elementor-element-populated\">\n\t\t\t\t\t\t<div class=\"elementor-element elementor-element-9d0db83 elementor-widget elementor-widget-heading\" data-id=\"9d0db83\" data-element_type=\"widget\" data-e-type=\"widget\" data-widget_type=\"heading.default\">\n\t\t\t\t<div class=\"elementor-widget-container\">\n\t\t\t\t\t<h1 class=\"elementor-heading-title elementor-size-default\">Formalidades de entrada no Canad\u00e1<\/h1>\t\t\t\t<\/div>\n\t\t\t\t<\/div>\n\t\t\t\t\t<\/div>\n\t\t<\/div>\n\t\t\t\t\t<\/div>\n\t\t<\/section>\n\t\t\t\t<section class=\"elementor-section elementor-top-section elementor-element elementor-element-705b76d elementor-section-boxed elementor-section-height-default elementor-section-height-default\" data-id=\"705b76d\" data-element_type=\"section\" data-e-type=\"section\">\n\t\t\t\t\t\t<div class=\"elementor-container elementor-column-gap-default\">\n\t\t\t\t\t<div class=\"elementor-column elementor-col-100 elementor-top-column elementor-element elementor-element-ac07ac8\" data-id=\"ac07ac8\" data-element_type=\"column\" data-e-type=\"column\">\n\t\t\t<div class=\"elementor-widget-wrap elementor-element-populated\">\n\t\t\t\t\t\t<div class=\"elementor-element elementor-element-3c0c83c elementor-widget elementor-widget-text-editor\" data-id=\"3c0c83c\" data-element_type=\"widget\" data-e-type=\"widget\" data-widget_type=\"text-editor.default\">\n\t\t\t\t<div class=\"elementor-widget-container\">\n\t\t\t\t\t\t\t\t\t<p>As formalidades de entrada no Canad\u00e1 para uma estadia inferior a 6 meses podem ser efectuadas directamente atrav\u00e9s da Internet. N\u00e3o \u00e9 necess\u00e1rio marcar uma entrevista na embaixada ou consulado canadiano.<\/p>\n\t\t\t\t\t\t\t\t<\/div>\n\t\t\t\t<\/div>\n\t\t\t\t\t<\/div>\n\t\t<\/div>\n\t\t\t\t\t<\/div>\n\t\t<\/section>\n\t\t\t\t<section class=\"elementor-section elementor-top-section elementor-element elementor-element-d0ede5a elementor-section-boxed elementor-section-height-default elementor-section-height-default\" data-id=\"d0ede5a\" data-element_type=\"section\" data-e-type=\"section\">\n\t\t\t\t\t\t<div class=\"elementor-container elementor-column-gap-default\">\n\t\t\t\t\t<section class=\"elementor-column elementor-col-100 elementor-top-column elementor-element elementor-element-43370bb\" data-id=\"43370bb\" data-element_type=\"column\" data-e-type=\"column\">\n\t\t\t<div class=\"elementor-widget-wrap elementor-element-populated\">\n\t\t\t\t\t\t<div class=\"elementor-element elementor-element-602fc57 elementor-button-danger elementor-widget elementor-widget-button\" data-id=\"602fc57\" data-element_type=\"widget\" data-e-type=\"widget\" data-widget_type=\"button.default\">\n\t\t\t\t<div class=\"elementor-widget-container\">\n\t\t\t\t\t\t\t\t\t<div class=\"elementor-button-wrapper\">\n\t\t\t\t\t<a class=\"elementor-button elementor-button-link elementor-size-sm\" href=\"https:\/\/official-canada-eta.pt\/?aid=1\">\n\t\t\t\t\t\t<span class=\"elementor-button-content-wrapper\">\n\t\t\t\t\t\t\t\t\t<span class=\"elementor-button-text\">Clique aqui<\/span>\n\t\t\t\t\t<\/span>\n\t\t\t\t\t<\/a>\n\t\t\t\t<\/div>\n\t\t\t\t\t\t\t\t<\/div>\n\t\t\t\t<\/div>\n\t\t\t\t\t<\/div>\n\t\t<\/section>\n\t\t\t\t\t<\/div>\n\t\t<\/section>\n\t\t\t\t<section class=\"elementor-section elementor-top-section elementor-element elementor-element-e3491cc elementor-section-boxed elementor-section-height-default elementor-section-height-default\" data-id=\"e3491cc\" data-element_type=\"section\" data-e-type=\"section\">\n\t\t\t\t\t\t<div class=\"elementor-container elementor-column-gap-default\">\n\t\t\t\t\t<div class=\"elementor-column elementor-col-100 elementor-top-column elementor-element elementor-element-723c9af\" data-id=\"723c9af\" data-element_type=\"column\" data-e-type=\"column\">\n\t\t\t<div class=\"elementor-widget-wrap elementor-element-populated\">\n\t\t\t\t\t\t<div class=\"elementor-element elementor-element-1b3da91 elementor-widget elementor-widget-spacer\" data-id=\"1b3da91\" data-element_type=\"widget\" data-e-type=\"widget\" data-widget_type=\"spacer.default\">\n\t\t\t\t<div class=\"elementor-widget-container\">\n\t\t\t\t\t\t\t<div class=\"elementor-spacer\">\n\t\t\t<div class=\"elementor-spacer-inner\"><\/div>\n\t\t<\/div>\n\t\t\t\t\t\t<\/div>\n\t\t\t\t<\/div>\n\t\t\t\t\t<\/div>\n\t\t<\/div>\n\t\t\t\t\t<\/div>\n\t\t<\/section>\n\t\t\t\t<section class=\"elementor-section elementor-top-section elementor-element elementor-element-483fa27 elementor-section-boxed elementor-section-height-default elementor-section-height-default\" data-id=\"483fa27\" data-element_type=\"section\" data-e-type=\"section\">\n\t\t\t\t\t\t<div class=\"elementor-container elementor-column-gap-default\">\n\t\t\t\t\t<div class=\"elementor-column elementor-col-100 elementor-top-column elementor-element elementor-element-5e76f20\" data-id=\"5e76f20\" data-element_type=\"column\" data-e-type=\"column\">\n\t\t\t<div class=\"elementor-widget-wrap elementor-element-populated\">\n\t\t\t\t\t\t<div class=\"elementor-element elementor-element-4b62d6b elementor-widget elementor-widget-heading\" data-id=\"4b62d6b\" data-element_type=\"widget\" data-e-type=\"widget\" data-widget_type=\"heading.default\">\n\t\t\t\t<div class=\"elementor-widget-container\">\n\t\t\t\t\t<h2 class=\"elementor-heading-title elementor-size-default\">Quanto tempo \u00e9 v\u00e1lido o eTA?<\/h2>\t\t\t\t<\/div>\n\t\t\t\t<\/div>\n\t\t\t\t\t<\/div>\n\t\t<\/div>\n\t\t\t\t\t<\/div>\n\t\t<\/section>\n\t\t\t\t<section class=\"elementor-section elementor-top-section elementor-element elementor-element-c06cf5a elementor-section-boxed elementor-section-height-default elementor-section-height-default\" data-id=\"c06cf5a\" data-element_type=\"section\" data-e-type=\"section\">\n\t\t\t\t\t\t<div class=\"elementor-container elementor-column-gap-default\">\n\t\t\t\t\t<div class=\"elementor-column elementor-col-100 elementor-top-column elementor-element elementor-element-4b80c78\" data-id=\"4b80c78\" data-element_type=\"column\" data-e-type=\"column\">\n\t\t\t<div class=\"elementor-widget-wrap elementor-element-populated\">\n\t\t\t\t\t\t<div class=\"elementor-element elementor-element-a03ce65 elementor-widget elementor-widget-text-editor\" data-id=\"a03ce65\" data-element_type=\"widget\" data-e-type=\"widget\" data-widget_type=\"text-editor.default\">\n\t\t\t\t<div class=\"elementor-widget-container\">\n\t\t\t\t\t\t\t\t\t<p>Depois de ter obtido a sua eTA <span style=\"font-size: 1rem;\">(autoriza\u00e7\u00e3o electr\u00f3nica de viagem)<\/span><span style=\"font-size: 1rem;\">pode embarcar para o Canad\u00e1. A sua Autoriza\u00e7\u00e3o Electr\u00f3nica de Viagem \u00e9 <a href=\"https:\/\/ave-eta-canada.com\/pt-pt\/eta-canada-valida-duracao\/\">v\u00e1lida por cinco anos<\/a>, ou at\u00e9 o seu passaporte expirar. No entanto, a sua estadia no Canad\u00e1 n\u00e3o pode exceder 6 meses. No entanto, pode sair e reentrar no Canad\u00e1 v\u00e1rias vezes at\u00e9 ao fim dos 6 meses.<\/span><\/p>\n\t\t\t\t\t\t\t\t<\/div>\n\t\t\t\t<\/div>\n\t\t\t\t\t<\/div>\n\t\t<\/div>\n\t\t\t\t\t<\/div>\n\t\t<\/section>\n\t\t\t\t<section class=\"elementor-section elementor-top-section elementor-element elementor-element-7497d3a elementor-section-boxed elementor-section-height-default elementor-section-height-default\" data-id=\"7497d3a\" data-element_type=\"section\" data-e-type=\"section\">\n\t\t\t\t\t\t<div class=\"elementor-container elementor-column-gap-default\">\n\t\t\t\t\t<div class=\"elementor-column elementor-col-100 elementor-top-column elementor-element elementor-element-cb7b812\" data-id=\"cb7b812\" data-element_type=\"column\" data-e-type=\"column\">\n\t\t\t<div class=\"elementor-widget-wrap elementor-element-populated\">\n\t\t\t\t\t\t<div class=\"elementor-element elementor-element-66c5e3b elementor-widget elementor-widget-heading\" data-id=\"66c5e3b\" data-element_type=\"widget\" data-e-type=\"widget\" data-widget_type=\"heading.default\">\n\t\t\t\t<div class=\"elementor-widget-container\">\n\t\t\t\t\t<h2 class=\"elementor-heading-title elementor-size-default\">Pedido de um visto eTA em vez de um visto do Canad\u00e1<\/h2>\t\t\t\t<\/div>\n\t\t\t\t<\/div>\n\t\t\t\t\t<\/div>\n\t\t<\/div>\n\t\t\t\t\t<\/div>\n\t\t<\/section>\n\t\t\t\t<section class=\"elementor-section elementor-top-section elementor-element elementor-element-ebf40e1 elementor-section-boxed elementor-section-height-default elementor-section-height-default\" data-id=\"ebf40e1\" data-element_type=\"section\" data-e-type=\"section\">\n\t\t\t\t\t\t<div class=\"elementor-container elementor-column-gap-default\">\n\t\t\t\t\t<div class=\"elementor-column elementor-col-100 elementor-top-column elementor-element elementor-element-72c7d03\" data-id=\"72c7d03\" data-element_type=\"column\" data-e-type=\"column\">\n\t\t\t<div class=\"elementor-widget-wrap elementor-element-populated\">\n\t\t\t\t\t\t<div class=\"elementor-element elementor-element-e2a976f elementor-widget elementor-widget-text-editor\" data-id=\"e2a976f\" data-element_type=\"widget\" data-e-type=\"widget\" data-widget_type=\"text-editor.default\">\n\t\t\t\t<div class=\"elementor-widget-container\">\n\t\t\t\t\t\t\t\t\t<p>A eTA \u00e9 v\u00e1lida para muitos fins de viagem, desde turismo, tr\u00e2nsito ou viagens de neg\u00f3cios. Se viajar para o Canad\u00e1 por uma destas raz\u00f5es, beneficia deste sistema de autoriza\u00e7\u00e3o de viagem, que \u00e9 <a href=\"https:\/\/ave-eta-canada.com\/pt-pt\/visto-ou-eta-canada\/\">mais simples do que obter um visto<\/a>. O processo \u00e9 feito inteiramente atrav\u00e9s da Internet e \u00e9 menos dispendioso do que obter um <a href=\"https:\/\/ave-eta-canada.com\/pt-pt\/voce-precisa-de-um-visto-para-ir-para-o-canada\/\">visto do Canad\u00e1<\/a>. A eTA \u00e9 a solu\u00e7\u00e3o para viajar f\u00e1cil e barata para o <a href=\"https:\/\/www.canada.ca\/\">Canad\u00e1<\/a>.<\/p>\n\t\t\t\t\t\t\t\t<\/div>\n\t\t\t\t<\/div>\n\t\t\t\t\t<\/div>\n\t\t<\/div>\n\t\t\t\t\t<\/div>\n\t\t<\/section>\n\t\t\t\t<section class=\"elementor-section elementor-top-section elementor-element elementor-element-e184bc8 elementor-section-boxed elementor-section-height-default elementor-section-height-default\" data-id=\"e184bc8\" data-element_type=\"section\" data-e-type=\"section\">\n\t\t\t\t\t\t<div class=\"elementor-container elementor-column-gap-default\">\n\t\t\t\t\t<div class=\"elementor-column elementor-col-100 elementor-top-column elementor-element elementor-element-8f2ffa9\" data-id=\"8f2ffa9\" data-element_type=\"column\" data-e-type=\"column\">\n\t\t\t<div class=\"elementor-widget-wrap elementor-element-populated\">\n\t\t\t\t\t\t<div class=\"elementor-element elementor-element-fc621f2 elementor-widget elementor-widget-heading\" data-id=\"fc621f2\" data-element_type=\"widget\" data-e-type=\"widget\" data-widget_type=\"heading.default\">\n\t\t\t\t<div class=\"elementor-widget-container\">\n\t\t\t\t\t<h2 class=\"elementor-heading-title elementor-size-default\">Verifica\u00e7\u00e3o da sua autoriza\u00e7\u00e3o eTA Canada<\/h2>\t\t\t\t<\/div>\n\t\t\t\t<\/div>\n\t\t\t\t\t<\/div>\n\t\t<\/div>\n\t\t\t\t\t<\/div>\n\t\t<\/section>\n\t\t\t\t<section class=\"elementor-section elementor-top-section elementor-element elementor-element-169e1ac elementor-section-boxed elementor-section-height-default elementor-section-height-default\" data-id=\"169e1ac\" data-element_type=\"section\" data-e-type=\"section\">\n\t\t\t\t\t\t<div class=\"elementor-container elementor-column-gap-default\">\n\t\t\t\t\t<div class=\"elementor-column elementor-col-100 elementor-top-column elementor-element elementor-element-e889be0\" data-id=\"e889be0\" data-element_type=\"column\" data-e-type=\"column\">\n\t\t\t<div class=\"elementor-widget-wrap elementor-element-populated\">\n\t\t\t\t\t\t<div class=\"elementor-element elementor-element-0c265be elementor-widget elementor-widget-text-editor\" data-id=\"0c265be\" data-element_type=\"widget\" data-e-type=\"widget\" data-widget_type=\"text-editor.default\">\n\t\t\t\t<div class=\"elementor-widget-container\">\n\t\t\t\t\t\t\t\t\t<p>Na maioria das vezes, o pedido de um eTA pela Internet \u00e9 validado dentro de alguns minutos. Por vezes o tempo de processamento \u00e9 mais longo. Se a sua Autoriza\u00e7\u00e3o Electr\u00f3nica de Viagem estiver &#8220;pendente&#8221;, receber\u00e1 uma resposta por correio electr\u00f3nico do governo canadiano (IRCC) dentro de horas ou dias. Por vezes, s\u00e3o necess\u00e1rios documentos de apoio adicionais.<\/p>\n<p>Para monitorizar o <a href=\"https:\/\/ave-eta-canada.com\/pt-pt\/como-verificar-o-estado-da-sua-candidatura-eta-canada\/\">estado do eTA<\/a> atrav\u00e9s da Internet, \u00e9 necess\u00e1rio :<\/p>\n<ul>\n<li>O n\u00famero de candidatura eTA comunicado por correio electr\u00f3nico;<\/li>\n<li>Informa\u00e7\u00e3o do passaporte do viajante.<\/li>\n<\/ul>\n<p>Tamb\u00e9m pode <a href=\"https:\/\/ave-eta-canada.com\/pt-pt\/como-encontrar-um-eta-canada\/\">recuperar o seu eTA<\/a> directamente online e imprimi-lo.<\/p>\n\t\t\t\t\t\t\t\t<\/div>\n\t\t\t\t<\/div>\n\t\t\t\t\t<\/div>\n\t\t<\/div>\n\t\t\t\t\t<\/div>\n\t\t<\/section>\n\t\t\t\t<\/div>\n\t\t","protected":false},"excerpt":{"rendered":"<p>Formalidades de entrada no Canad\u00e1 As formalidades de entrada no Canad\u00e1 para uma estadia inferior a 6 meses podem ser efectuadas directamente atrav\u00e9s da Internet. N\u00e3o \u00e9 necess\u00e1rio marcar uma entrevista na embaixada ou consulado canadiano. Clique aqui Quanto tempo \u00e9 v\u00e1lido o eTA? Depois de ter obtido a sua eTA (autoriza\u00e7\u00e3o electr\u00f3nica de viagem)pode [&hellip;]<\/p>\n","protected":false},"author":1,"featured_media":0,"parent":0,"menu_order":0,"comment_status":"closed","ping_status":"closed","template":"","meta":{"footnotes":""},"class_list":["post-2797","page","type-page","status-publish","hentry"],"yoast_head":"<!-- This site is optimized with the Yoast SEO plugin v26.9 - https:\/\/yoast.com\/product\/yoast-seo-wordpress\/ -->\n<title>Formul\u00e1rio on-line do eTA Canad\u00e0<\/title>\n<meta name=\"description\" content=\"Preencher o formul\u00e1rio de candidatura em linha para uma Autoriza\u00e7\u00e3o Electr\u00f3nica de Viagem para o Canad\u00e1.\" \/>\n<meta name=\"robots\" content=\"index, follow, max-snippet:-1, max-image-preview:large, max-video-preview:-1\" \/>\n<link rel=\"canonical\" href=\"https:\/\/ave-eta-canada.com\/pt-pt\/formulario-eta-canada\/\" \/>\n<meta property=\"og:locale\" content=\"pt_PT\" \/>\n<meta property=\"og:type\" content=\"article\" \/>\n<meta property=\"og:title\" content=\"Formul\u00e1rio on-line do eTA Canad\u00e0\" \/>\n<meta property=\"og:description\" content=\"Preencher o formul\u00e1rio de candidatura em linha para uma Autoriza\u00e7\u00e3o Electr\u00f3nica de Viagem para o Canad\u00e1.\" \/>\n<meta property=\"og:url\" content=\"https:\/\/ave-eta-canada.com\/pt-pt\/formulario-eta-canada\/\" \/>\n<meta property=\"og:site_name\" content=\"VISA CANADA\" \/>\n<meta property=\"article:modified_time\" content=\"2023-12-13T08:30:24+00:00\" \/>\n<meta name=\"twitter:card\" content=\"summary_large_image\" \/>\n<meta name=\"twitter:label1\" content=\"Tempo estimado de leitura\" \/>\n\t<meta name=\"twitter:data1\" content=\"2 minutos\" \/>\n<script type=\"application\/ld+json\" class=\"yoast-schema-graph\">{\"@context\":\"https:\/\/schema.org\",\"@graph\":[{\"@type\":\"WebPage\",\"@id\":\"https:\/\/ave-eta-canada.com\/pt-pt\/formulario-eta-canada\/\",\"url\":\"https:\/\/ave-eta-canada.com\/pt-pt\/formulario-eta-canada\/\",\"name\":\"Formul\u00e1rio on-line do eTA Canad\u00e0\",\"isPartOf\":{\"@id\":\"https:\/\/ave-eta-canada.com\/pt-pt\/#website\"},\"datePublished\":\"2022-09-06T07:59:32+00:00\",\"dateModified\":\"2023-12-13T08:30:24+00:00\",\"description\":\"Preencher o formul\u00e1rio de candidatura em linha para uma Autoriza\u00e7\u00e3o Electr\u00f3nica de Viagem para o Canad\u00e1.\",\"breadcrumb\":{\"@id\":\"https:\/\/ave-eta-canada.com\/pt-pt\/formulario-eta-canada\/#breadcrumb\"},\"inLanguage\":\"pt-PT\",\"potentialAction\":[{\"@type\":\"ReadAction\",\"target\":[\"https:\/\/ave-eta-canada.com\/pt-pt\/formulario-eta-canada\/\"]}]},{\"@type\":\"BreadcrumbList\",\"@id\":\"https:\/\/ave-eta-canada.com\/pt-pt\/formulario-eta-canada\/#breadcrumb\",\"itemListElement\":[{\"@type\":\"ListItem\",\"position\":1,\"name\":\"Home\",\"item\":\"https:\/\/ave-eta-canada.com\/pt-pt\/\"},{\"@type\":\"ListItem\",\"position\":2,\"name\":\"Formul\u00e1rio on-line do eTA Canad\u00e0\"}]},{\"@type\":\"WebSite\",\"@id\":\"https:\/\/ave-eta-canada.com\/pt-pt\/#website\",\"url\":\"https:\/\/ave-eta-canada.com\/pt-pt\/\",\"name\":\"VISA CANADA\",\"description\":\"Autorisation Voyage Electronique\",\"potentialAction\":[{\"@type\":\"SearchAction\",\"target\":{\"@type\":\"EntryPoint\",\"urlTemplate\":\"https:\/\/ave-eta-canada.com\/pt-pt\/?s={search_term_string}\"},\"query-input\":{\"@type\":\"PropertyValueSpecification\",\"valueRequired\":true,\"valueName\":\"search_term_string\"}}],\"inLanguage\":\"pt-PT\"}]}<\/script>\n<!-- \/ Yoast SEO plugin. -->","yoast_head_json":{"title":"Formul\u00e1rio on-line do eTA Canad\u00e0","description":"Preencher o formul\u00e1rio de candidatura em linha para uma Autoriza\u00e7\u00e3o Electr\u00f3nica de Viagem para o Canad\u00e1.","robots":{"index":"index","follow":"follow","max-snippet":"max-snippet:-1","max-image-preview":"max-image-preview:large","max-video-preview":"max-video-preview:-1"},"canonical":"https:\/\/ave-eta-canada.com\/pt-pt\/formulario-eta-canada\/","og_locale":"pt_PT","og_type":"article","og_title":"Formul\u00e1rio on-line do eTA Canad\u00e0","og_description":"Preencher o formul\u00e1rio de candidatura em linha para uma Autoriza\u00e7\u00e3o Electr\u00f3nica de Viagem para o Canad\u00e1.","og_url":"https:\/\/ave-eta-canada.com\/pt-pt\/formulario-eta-canada\/","og_site_name":"VISA CANADA","article_modified_time":"2023-12-13T08:30:24+00:00","twitter_card":"summary_large_image","twitter_misc":{"Tempo estimado de leitura":"2 minutos"},"schema":{"@context":"https:\/\/schema.org","@graph":[{"@type":"WebPage","@id":"https:\/\/ave-eta-canada.com\/pt-pt\/formulario-eta-canada\/","url":"https:\/\/ave-eta-canada.com\/pt-pt\/formulario-eta-canada\/","name":"Formul\u00e1rio on-line do eTA Canad\u00e0","isPartOf":{"@id":"https:\/\/ave-eta-canada.com\/pt-pt\/#website"},"datePublished":"2022-09-06T07:59:32+00:00","dateModified":"2023-12-13T08:30:24+00:00","description":"Preencher o formul\u00e1rio de candidatura em linha para uma Autoriza\u00e7\u00e3o Electr\u00f3nica de Viagem para o Canad\u00e1.","breadcrumb":{"@id":"https:\/\/ave-eta-canada.com\/pt-pt\/formulario-eta-canada\/#breadcrumb"},"inLanguage":"pt-PT","potentialAction":[{"@type":"ReadAction","target":["https:\/\/ave-eta-canada.com\/pt-pt\/formulario-eta-canada\/"]}]},{"@type":"BreadcrumbList","@id":"https:\/\/ave-eta-canada.com\/pt-pt\/formulario-eta-canada\/#breadcrumb","itemListElement":[{"@type":"ListItem","position":1,"name":"Home","item":"https:\/\/ave-eta-canada.com\/pt-pt\/"},{"@type":"ListItem","position":2,"name":"Formul\u00e1rio on-line do eTA Canad\u00e0"}]},{"@type":"WebSite","@id":"https:\/\/ave-eta-canada.com\/pt-pt\/#website","url":"https:\/\/ave-eta-canada.com\/pt-pt\/","name":"VISA CANADA","description":"Autorisation Voyage Electronique","potentialAction":[{"@type":"SearchAction","target":{"@type":"EntryPoint","urlTemplate":"https:\/\/ave-eta-canada.com\/pt-pt\/?s={search_term_string}"},"query-input":{"@type":"PropertyValueSpecification","valueRequired":true,"valueName":"search_term_string"}}],"inLanguage":"pt-PT"}]}},"_links":{"self":[{"href":"https:\/\/ave-eta-canada.com\/pt-pt\/wp-json\/wp\/v2\/pages\/2797","targetHints":{"allow":["GET"]}}],"collection":[{"href":"https:\/\/ave-eta-canada.com\/pt-pt\/wp-json\/wp\/v2\/pages"}],"about":[{"href":"https:\/\/ave-eta-canada.com\/pt-pt\/wp-json\/wp\/v2\/types\/page"}],"author":[{"embeddable":true,"href":"https:\/\/ave-eta-canada.com\/pt-pt\/wp-json\/wp\/v2\/users\/1"}],"replies":[{"embeddable":true,"href":"https:\/\/ave-eta-canada.com\/pt-pt\/wp-json\/wp\/v2\/comments?post=2797"}],"version-history":[{"count":0,"href":"https:\/\/ave-eta-canada.com\/pt-pt\/wp-json\/wp\/v2\/pages\/2797\/revisions"}],"wp:attachment":[{"href":"https:\/\/ave-eta-canada.com\/pt-pt\/wp-json\/wp\/v2\/media?parent=2797"}],"curies":[{"name":"wp","href":"https:\/\/api.w.org\/{rel}","templated":true}]}}