{"id":2861,"date":"2022-09-06T07:59:51","date_gmt":"2022-09-06T07:59:51","guid":{"rendered":"https:\/\/ave-eta-canada.com\/how-to-fill-in-a-wave-for-travelling-in-canada\/"},"modified":"2022-09-09T19:21:48","modified_gmt":"2022-09-09T19:21:48","slug":"como-preencher-um-eta-para-o-canada","status":"publish","type":"page","link":"https:\/\/ave-eta-canada.com\/pt-pt\/como-preencher-um-eta-para-o-canada\/","title":{"rendered":"Como completar um eTA para viajar para o Canad\u00e1"},"content":{"rendered":"\n<h1 class=\"wp-block-heading\">Como completar um eTA para o Canad\u00e1<\/h1>\n\n<p>A <a href=\"https:\/\/ave-eta-canada.com\/pt-pt\/\">Autoriza\u00e7\u00e3o Electr\u00f3nica de Viagem eTA<\/a> permite aos nacionais de pa\u00edses ao abrigo do Programa Canadiano de Isen\u00e7\u00e3o de Vistos viajar para o Canad\u00e1 por via a\u00e9rea sem a necessidade de procedimentos pesados. Como a autoriza\u00e7\u00e3o \u00e9 electr\u00f3nica, est\u00e1 ligada ao passaporte do viajante.<\/p>\n\n<p><strong>Para uma estadia de menos de 6 meses no Canad\u00e1<\/strong>: Pode completar as formalidades de entrada no Canad\u00e1 directamente atrav\u00e9s da Internet, clicando no <a href=\"https:\/\/ave-eta-canada.com\/pt-pt\/formulario-eta-canada\/\">formul\u00e1rio em linha<\/a>. N\u00e3o \u00e9 necess\u00e1rio marcar uma entrevista na embaixada ou consulado canadiano.<br\/><br\/><\/p>\n\n<h2 class=\"wp-block-heading\">Porque \u00e9 que preciso de um eTA para o Canad\u00e1?<\/h2>\n\n<p>No passado, era obrigat\u00f3rio solicitar um visto do Canad\u00e1 para l\u00e1 ir. A partir de agora, \u00e9 poss\u00edvel evitar estes numerosos passos, simplesmente por  <a href=\"https:\/\/ave-eta-canada.com\/pt-pt\/como-preencher-um-eta-para-o-canada\/\">preencher um eTA<\/a>  a fim de receber autoriza\u00e7\u00e3o para permanecer no Canad\u00e1, tamb\u00e9m chamada<a href=\"https:\/\/ave-eta-canada.com\/pt-pt\/o-que-e-eta-canada\/\">  eTA (Autoriza\u00e7\u00e3o Electr\u00f3nica de Viagem).<\/a> Se j\u00e1 viajou para os Estados Unidos da Am\u00e9rica, estar\u00e1 familiarizado com o ESTA (Electronic System for Travel Authorization), que foi a inspira\u00e7\u00e3o para a introdu\u00e7\u00e3o do eTA. Antes de descobrir como completar um eTA para viajar para o Canad\u00e1, \u00e9 importante descobrir se \u00e9 eleg\u00edvel e o que faz.<\/p>\n\n<h3 class=\"wp-block-heading\">O eTA \u00e9 acess\u00edvel a todos?<\/h3>\n\n<p>Tal como o ESTA para os EUA, os cidad\u00e3os estrangeiros devem preencher certas condi\u00e7\u00f5es para poderem beneficiar do eTA para irem para o Canad\u00e1.<\/p>\n\n<p>Aqui est\u00e3o os diferentes crit\u00e9rios de elegibilidade:<\/p>\n\n<ul class=\"wp-block-list\"><li>o viajante deve ser um cidad\u00e3o de um dos pa\u00edses canadianos isentos de visto;<\/li><li>a viagem \u00e9 por via a\u00e9rea;<\/li><li>a estadia no Canad\u00e1 n\u00e3o excede os seis meses concedidos pelo governo canadiano;<\/li><li>o viajante n\u00e3o deve vir para trabalhar ou estudar, a autoriza\u00e7\u00e3o \u00e9 apenas para visitar o Canad\u00e1 ou para transitar;<\/li><li>o viajante deve ter um passaporte biom\u00e9trico ou um passaporte electr\u00f3nico (passaporte v\u00e1lido, cuidado com a data de validade).<\/li><\/ul>\n\n<p>Se n\u00e3o cumprir todos os <a href=\"https:\/\/ave-eta-canada.com\/pt-pt\/tudo-sobre-condicoes-para-viajar-no-canada\/\">requisitos para um eTA<\/a>, n\u00e3o poder\u00e1 preencher o formul\u00e1rio. Nesta situa\u00e7\u00e3o, deve solicitar um visto na embaixada canadiana mais pr\u00f3xima.<\/p>\n\n<h3 class=\"wp-block-heading\">O que pode fazer?<\/h3>\n\n<p>O eTA n\u00e3o actua da mesma forma que um visto. Assim, a autoriza\u00e7\u00e3o permite-lhe embarcar no avi\u00e3o para o Canad\u00e1, mas apenas o funcion\u00e1rio da alf\u00e2ndega tem autoridade para o deixar entrar no Canad\u00e1. A fase de verifica\u00e7\u00e3o efectuada pelo funcion\u00e1rio aduaneiro \u00e9 decisiva para a sua entrada no Canad\u00e1. Uma vez liberados os servi\u00e7os fronteiri\u00e7os, \u00e9-lhe ent\u00e3o permitido permanecer no Canad\u00e1 por um per\u00edodo at\u00e9 seis meses.<br\/><br\/><\/p>\n\n<h2 class=\"wp-block-heading\">Completar a eTA online<\/h2>\n\n<p>Agora que sabe para que serve a autoriza\u00e7\u00e3o e descobriu que \u00e9 eleg\u00edvel, s\u00f3 precisa de saber como completar a eTA para receber a sua autoriza\u00e7\u00e3o o mais depressa poss\u00edvel. O question\u00e1rio eTA \u00e9 baseado no mesmo modelo que o formul\u00e1rio ESTA. O viajante tem a op\u00e7\u00e3o de preencher um eTA, uma vez que tal \u00e9 poss\u00edvel no website do governo canadiano, mas tamb\u00e9m num website privado especializado neste tipo de aplica\u00e7\u00e3o. O pre\u00e7o do pedido online varia em fun\u00e7\u00e3o da escolha do local de encomenda.<\/p>\n\n<h3 class=\"wp-block-heading\">Conclus\u00e3o do eTA num website especializado<\/h3>\n\n<p>Pode completar a eTA num website privado, como o do nosso parceiro, precisa do seu passaporte e de um cart\u00e3o de pagamento. Ao preencher o formul\u00e1rio online, ser-lhe-\u00e3o pedidos apenas alguns detalhes, uma vez que o nosso pessoal tratar\u00e1 do resto. Uma equipa \u00e9 respons\u00e1vel por verificar minuciosamente todas as suas informa\u00e7\u00f5es pessoais antes de as transmitir \u00e0s autoridades. O <a href=\"https:\/\/ave-eta-canada.com\/pt-pt\/preencher-o-formulario-eta-canada\/\">formul\u00e1rio eTA<\/a> \u00e9 composto pelos seguintes campos:<\/p>\n\n<ul class=\"wp-block-list\"><li>o n\u00famero de candidaturas ;<\/li><li>o tipo de passaporte utilizado;<\/li><li>n\u00famero de passaporte ;<\/li><li>o pa\u00eds de cidadania indicado no documento de identidade;<\/li><li>o primeiro nome ;<\/li><li>o sobrenome ;<\/li><li>e um endere\u00e7o de correio electr\u00f3nico v\u00e1lido.<\/li><\/ul>\n\n<p>Deve pagar a taxa de candidatura para validar a sua candidatura. Lembre-se de rever as suas informa\u00e7\u00f5es antes desta etapa, especialmente o n\u00famero do passaporte.<\/p>\n\n<h3 class=\"wp-block-heading\">Completar o eTA no s\u00edtio oficial do governo canadiano<\/h3>\n\n<p>Para solicitar um eTA no website do governo canadiano, \u00e9 necess\u00e1rio um cart\u00e3o de cr\u00e9dito, o seu passaporte e o seu endere\u00e7o de correio electr\u00f3nico.<\/p>\n\n<p>Ir para o site oficial, a aplica\u00e7\u00e3o eTA est\u00e1 dividida em v\u00e1rias partes. O formul\u00e1rio eTA come\u00e7a com os dados pessoais do requerente (apelido, nome pr\u00f3prio, endere\u00e7o postal, n\u00famero de telefone, endere\u00e7o electr\u00f3nico, etc.), depois ser-lhe-\u00e1 pedido que especifique o tipo de passaporte utilizado, o pa\u00eds de emiss\u00e3o, a nacionalidade e o n\u00famero do passaporte, etc. Ser-lhe-\u00e1 tamb\u00e9m pedido que forne\u00e7a mais informa\u00e7\u00f5es sobre o seu estatuto profissional, dados de contacto e detalhes de viagem. Para completar a eTA, basta responder a algumas perguntas sobre o seu historial jur\u00eddico e m\u00e9dico, depois assinalar a caixa de consentimento e validar o seu pedido pagando a taxa.<br\/><br\/><\/p>\n\n<h2 class=\"wp-block-heading\">O que acontece depois de completar um pedido de eTA?<\/h2>\n\n<p>As autoridades canadianas podem dar-lhe uma resposta muito r\u00e1pida! De facto, alguns viajantes recebem um regresso em poucos minutos, mas tamb\u00e9m pode demorar mais tempo, por vezes alguns dias. Receber\u00e1 um e-mail com o n\u00famero eTA, que poder\u00e1 utilizar para <a href=\"https:\/\/ave-eta-canada.com\/pt-pt\/como-verificar-o-estado-da-sua-candidatura-eta-canada\/\">verificar o estado do seu eTA<\/a>.<\/p>\n\n<p>O seu eTA \u00e9 v\u00e1lido por cinco anos, o que significa que pode viajar para o Canad\u00e1, repetidamente, sem nunca exceder seis meses em territ\u00f3rio canadiano. Todas as prov\u00edncias do Canad\u00e1 est\u00e3o abertas a si: Qu\u00e9bec, Ont\u00e1rio, Alberta, British Columbia, etc.<\/p>\n\n<p>Esta regra de cinco anos s\u00f3 se aplica se ainda possuir o mesmo passaporte que quando solicitou a sua eTA. Caso contr\u00e1rio, ter\u00e1 de renovar o seu eTA.<\/p>\n\n<p>\u00c9 bom saber: se a sua candidatura eTA tiver sido rejeitada, \u00e9 poss\u00edvel que tenha cometido um erro no formul\u00e1rio, pode enviar uma nova candidatura. Caso contr\u00e1rio, a obten\u00e7\u00e3o de um visto dos servi\u00e7os consulares ser\u00e1 inevit\u00e1vel.<\/p>\n","protected":false},"excerpt":{"rendered":"<p>Como completar um eTA para o Canad\u00e1 A Autoriza\u00e7\u00e3o Electr\u00f3nica de Viagem eTA permite aos nacionais de pa\u00edses ao abrigo do Programa Canadiano de Isen\u00e7\u00e3o de Vistos viajar para o Canad\u00e1 por via a\u00e9rea sem a necessidade de procedimentos pesados. Como a autoriza\u00e7\u00e3o \u00e9 electr\u00f3nica, est\u00e1 ligada ao passaporte do viajante. Para uma estadia de [&hellip;]<\/p>\n","protected":false},"author":1,"featured_media":0,"parent":0,"menu_order":0,"comment_status":"closed","ping_status":"closed","template":"","meta":{"footnotes":""},"class_list":["post-2861","page","type-page","status-publish","hentry"],"yoast_head":"<!-- This site is optimized with the Yoast SEO plugin v26.9 - https:\/\/yoast.com\/product\/yoast-seo-wordpress\/ -->\n<title>Como completar um eTA para viajar para o Canad\u00e1<\/title>\n<meta name=\"description\" content=\"A sua pr\u00f3xima viagem ser\u00e1 ao Canad\u00e1? Para o fazer, deve preencher um eTA. Descubra como, neste artigo.\" \/>\n<meta name=\"robots\" content=\"index, follow, max-snippet:-1, max-image-preview:large, max-video-preview:-1\" \/>\n<link rel=\"canonical\" href=\"https:\/\/ave-eta-canada.com\/pt-pt\/como-preencher-um-eta-para-o-canada\/\" \/>\n<meta property=\"og:locale\" content=\"pt_PT\" \/>\n<meta property=\"og:type\" content=\"article\" \/>\n<meta property=\"og:title\" content=\"Como completar um eTA para viajar para o Canad\u00e1\" \/>\n<meta property=\"og:description\" content=\"A sua pr\u00f3xima viagem ser\u00e1 ao Canad\u00e1? Para o fazer, deve preencher um eTA. Descubra como, neste artigo.\" \/>\n<meta property=\"og:url\" content=\"https:\/\/ave-eta-canada.com\/pt-pt\/como-preencher-um-eta-para-o-canada\/\" \/>\n<meta property=\"og:site_name\" content=\"VISA CANADA\" \/>\n<meta property=\"article:modified_time\" content=\"2022-09-09T19:21:48+00:00\" \/>\n<meta name=\"twitter:card\" content=\"summary_large_image\" \/>\n<meta name=\"twitter:label1\" content=\"Tempo estimado de leitura\" \/>\n\t<meta name=\"twitter:data1\" content=\"5 minutos\" \/>\n<script type=\"application\/ld+json\" class=\"yoast-schema-graph\">{\"@context\":\"https:\/\/schema.org\",\"@graph\":[{\"@type\":\"WebPage\",\"@id\":\"https:\/\/ave-eta-canada.com\/pt-pt\/como-preencher-um-eta-para-o-canada\/\",\"url\":\"https:\/\/ave-eta-canada.com\/pt-pt\/como-preencher-um-eta-para-o-canada\/\",\"name\":\"Como completar um eTA para viajar para o Canad\u00e1\",\"isPartOf\":{\"@id\":\"https:\/\/ave-eta-canada.com\/pt-pt\/#website\"},\"datePublished\":\"2022-09-06T07:59:51+00:00\",\"dateModified\":\"2022-09-09T19:21:48+00:00\",\"description\":\"A sua pr\u00f3xima viagem ser\u00e1 ao Canad\u00e1? Para o fazer, deve preencher um eTA. Descubra como, neste artigo.\",\"breadcrumb\":{\"@id\":\"https:\/\/ave-eta-canada.com\/pt-pt\/como-preencher-um-eta-para-o-canada\/#breadcrumb\"},\"inLanguage\":\"pt-PT\",\"potentialAction\":[{\"@type\":\"ReadAction\",\"target\":[\"https:\/\/ave-eta-canada.com\/pt-pt\/como-preencher-um-eta-para-o-canada\/\"]}]},{\"@type\":\"BreadcrumbList\",\"@id\":\"https:\/\/ave-eta-canada.com\/pt-pt\/como-preencher-um-eta-para-o-canada\/#breadcrumb\",\"itemListElement\":[{\"@type\":\"ListItem\",\"position\":1,\"name\":\"Home\",\"item\":\"https:\/\/ave-eta-canada.com\/pt-pt\/\"},{\"@type\":\"ListItem\",\"position\":2,\"name\":\"Como completar um eTA para viajar para o Canad\u00e1\"}]},{\"@type\":\"WebSite\",\"@id\":\"https:\/\/ave-eta-canada.com\/pt-pt\/#website\",\"url\":\"https:\/\/ave-eta-canada.com\/pt-pt\/\",\"name\":\"VISA CANADA\",\"description\":\"Autorisation Voyage Electronique\",\"potentialAction\":[{\"@type\":\"SearchAction\",\"target\":{\"@type\":\"EntryPoint\",\"urlTemplate\":\"https:\/\/ave-eta-canada.com\/pt-pt\/?s={search_term_string}\"},\"query-input\":{\"@type\":\"PropertyValueSpecification\",\"valueRequired\":true,\"valueName\":\"search_term_string\"}}],\"inLanguage\":\"pt-PT\"}]}<\/script>\n<!-- \/ Yoast SEO plugin. -->","yoast_head_json":{"title":"Como completar um eTA para viajar para o Canad\u00e1","description":"A sua pr\u00f3xima viagem ser\u00e1 ao Canad\u00e1? Para o fazer, deve preencher um eTA. Descubra como, neste artigo.","robots":{"index":"index","follow":"follow","max-snippet":"max-snippet:-1","max-image-preview":"max-image-preview:large","max-video-preview":"max-video-preview:-1"},"canonical":"https:\/\/ave-eta-canada.com\/pt-pt\/como-preencher-um-eta-para-o-canada\/","og_locale":"pt_PT","og_type":"article","og_title":"Como completar um eTA para viajar para o Canad\u00e1","og_description":"A sua pr\u00f3xima viagem ser\u00e1 ao Canad\u00e1? Para o fazer, deve preencher um eTA. Descubra como, neste artigo.","og_url":"https:\/\/ave-eta-canada.com\/pt-pt\/como-preencher-um-eta-para-o-canada\/","og_site_name":"VISA CANADA","article_modified_time":"2022-09-09T19:21:48+00:00","twitter_card":"summary_large_image","twitter_misc":{"Tempo estimado de leitura":"5 minutos"},"schema":{"@context":"https:\/\/schema.org","@graph":[{"@type":"WebPage","@id":"https:\/\/ave-eta-canada.com\/pt-pt\/como-preencher-um-eta-para-o-canada\/","url":"https:\/\/ave-eta-canada.com\/pt-pt\/como-preencher-um-eta-para-o-canada\/","name":"Como completar um eTA para viajar para o Canad\u00e1","isPartOf":{"@id":"https:\/\/ave-eta-canada.com\/pt-pt\/#website"},"datePublished":"2022-09-06T07:59:51+00:00","dateModified":"2022-09-09T19:21:48+00:00","description":"A sua pr\u00f3xima viagem ser\u00e1 ao Canad\u00e1? Para o fazer, deve preencher um eTA. Descubra como, neste artigo.","breadcrumb":{"@id":"https:\/\/ave-eta-canada.com\/pt-pt\/como-preencher-um-eta-para-o-canada\/#breadcrumb"},"inLanguage":"pt-PT","potentialAction":[{"@type":"ReadAction","target":["https:\/\/ave-eta-canada.com\/pt-pt\/como-preencher-um-eta-para-o-canada\/"]}]},{"@type":"BreadcrumbList","@id":"https:\/\/ave-eta-canada.com\/pt-pt\/como-preencher-um-eta-para-o-canada\/#breadcrumb","itemListElement":[{"@type":"ListItem","position":1,"name":"Home","item":"https:\/\/ave-eta-canada.com\/pt-pt\/"},{"@type":"ListItem","position":2,"name":"Como completar um eTA para viajar para o Canad\u00e1"}]},{"@type":"WebSite","@id":"https:\/\/ave-eta-canada.com\/pt-pt\/#website","url":"https:\/\/ave-eta-canada.com\/pt-pt\/","name":"VISA CANADA","description":"Autorisation Voyage Electronique","potentialAction":[{"@type":"SearchAction","target":{"@type":"EntryPoint","urlTemplate":"https:\/\/ave-eta-canada.com\/pt-pt\/?s={search_term_string}"},"query-input":{"@type":"PropertyValueSpecification","valueRequired":true,"valueName":"search_term_string"}}],"inLanguage":"pt-PT"}]}},"_links":{"self":[{"href":"https:\/\/ave-eta-canada.com\/pt-pt\/wp-json\/wp\/v2\/pages\/2861","targetHints":{"allow":["GET"]}}],"collection":[{"href":"https:\/\/ave-eta-canada.com\/pt-pt\/wp-json\/wp\/v2\/pages"}],"about":[{"href":"https:\/\/ave-eta-canada.com\/pt-pt\/wp-json\/wp\/v2\/types\/page"}],"author":[{"embeddable":true,"href":"https:\/\/ave-eta-canada.com\/pt-pt\/wp-json\/wp\/v2\/users\/1"}],"replies":[{"embeddable":true,"href":"https:\/\/ave-eta-canada.com\/pt-pt\/wp-json\/wp\/v2\/comments?post=2861"}],"version-history":[{"count":0,"href":"https:\/\/ave-eta-canada.com\/pt-pt\/wp-json\/wp\/v2\/pages\/2861\/revisions"}],"wp:attachment":[{"href":"https:\/\/ave-eta-canada.com\/pt-pt\/wp-json\/wp\/v2\/media?parent=2861"}],"curies":[{"name":"wp","href":"https:\/\/api.w.org\/{rel}","templated":true}]}}