{"id":2877,"date":"2022-09-06T07:59:55","date_gmt":"2022-09-06T07:59:55","guid":{"rendered":"https:\/\/ave-eta-canada.com\/how-to-modify-an-authorization-for-canada\/"},"modified":"2022-09-09T19:54:01","modified_gmt":"2022-09-09T19:54:01","slug":"hur-man-andrar-ett-eta-resetillstand-for-kanada","status":"publish","type":"page","link":"https:\/\/ave-eta-canada.com\/pt-pt\/hur-man-andrar-ett-eta-resetillstand-for-kanada\/","title":{"rendered":"Como posso alterar uma autoriza\u00e7\u00e3o eTA para o Canad\u00e1?"},"content":{"rendered":"\n<h1 class=\"wp-block-heading\">Como posso mudar um eTA para viajar para o Canad\u00e1?<\/h1>\n\n<p>O eTA \u00e9 uma <a href=\"https:\/\/ave-eta-canada.com\/pt-pt\/\">autoriza\u00e7\u00e3o electr\u00f3nica de viagem<\/a>, introduzida pelo governo canadiano, que visa facilitar os procedimentos administrativos para os viajantes que desejam visitar o Canad\u00e1. De facto, gra\u00e7as ao formato digital do ESTA, o viajante pode preencher a aplica\u00e7\u00e3o em linha e as autoridades canadianas podem analisar a aplica\u00e7\u00e3o eTA utilizando sistemas electr\u00f3nicos.<\/p>\n\n<p><strong>Para uma estadia de menos de 6 meses no Canad\u00e1<\/strong>: Pode completar as formalidades de entrada no Canad\u00e1 directamente atrav\u00e9s da Internet, clicando no <a href=\"https:\/\/ave-eta-canada.com\/pt-pt\/formulario-eta-canada\/\">formul\u00e1rio em linha<\/a>. N\u00e3o \u00e9 necess\u00e1rio marcar uma entrevista na embaixada ou consulado canadiano.<\/p>\n\n<br\/>\n\n<p>Quando um viajante obt\u00e9m um <a href=\"https:\/\/ave-eta-canada.com\/pt-pt\/eta-canada-valida-duracao\/\">eTA este \u00e9 v\u00e1lido por 5 anos<\/a>. No entanto, ao longo dos anos, a situa\u00e7\u00e3o pessoal do viajante muda. \u00c9 poss\u00edvel que algumas das informa\u00e7\u00f5es do documento do eTA tenham de ser alteradas, uma vez que simplesmente j\u00e1 n\u00e3o correspondem \u00e0 realidade. Neste caso, \u00e9 poss\u00edvel modificar o eTA? Se n\u00e3o, qual \u00e9 o procedimento para alterar o seu eTA?<\/p>\n\n<h2 class=\"wp-block-heading\">Posso mudar o eTA se os meus dados pessoais tiverem mudado?<\/h2>\n\n<p>Infelizmente n\u00e3o. Se os seus dados pessoais (apelido, nomes pr\u00f3prios, pa\u00eds, etc.) mudarem durante a validade do eTA (5 anos), dever\u00e1 apresentar uma nova candidatura.<\/p>\n\n<p>Apenas determinadas informa\u00e7\u00f5es (tais como n\u00famero de telefone ou nome de solteira) podem ser alteradas gratuitamente e sem renova\u00e7\u00e3o do eTA. Para alterar os seus dados de contacto no eTA, precisa de preencher um formul\u00e1rio de candidatura em linha. No entanto, \u00e9 o governo canadiano que decidir\u00e1 se o pedido ainda \u00e9 v\u00e1lido ou n\u00e3o.<\/p>\n\n<p>O mesmo se aplica \u00e0 altera\u00e7\u00e3o do passaporte. Se o n\u00famero do passaporte que utilizou anteriormente para obter o eTA j\u00e1 n\u00e3o corresponder ao seu n\u00famero actual de passaporte, deve alterar o eTA. Para o fazer, ter\u00e1 de voltar a candidatar-se a um eTA preenchendo o formul\u00e1rio online uma segunda vez e pagar novamente a taxa de candidatura.<\/p>\n\n<p>As autoridades canadianas exigem que o n\u00famero do passaporte no eTA seja o mesmo que o passaporte com o qual o viajante deseja viajar para o Canad\u00e1. Porqu\u00ea? Porque a sua<a href=\"https:\/\/ave-eta-canada.com\/pt-pt\/quando-se-candidatar-a-autorizacao-eta-para-o-canada\/\"> autoriza\u00e7\u00e3o eTA<\/a> ser\u00e1 ligada electronicamente ao passaporte. Quando chegar ao Canad\u00e1, a alf\u00e2ndega verificar\u00e1 o seu eTA, digitalizando o chip no seu passaporte electr\u00f3nico ou biom\u00e9trico.<br\/><br\/><\/p>\n\n<h2 class=\"wp-block-heading\">Posso alterar o eTA depois de ter cometido um erro ao copiar as minhas informa\u00e7\u00f5es?<\/h2>\n\n<p>Se n\u00e3o tiver pago o formul\u00e1rio eTA, ainda pode alterar os <a href=\"https:\/\/ave-eta-canada.com\/pt-pt\/o-que-fazer-em-caso-de-erro-na-eta-canada\/\">erros no eTA<\/a>.<\/p>\n\n<p>No entanto, se o pagamento do eTA j\u00e1 tiver sido efectuado, infelizmente j\u00e1 n\u00e3o pode voltar atr\u00e1s.<\/p>\n\n<h3 class=\"wp-block-heading\">Como posso evitar ter de mudar o eTA?<\/h3>\n\n<p>Em primeiro lugar, \u00e9 essencial que dedique algum tempo a preencher o seu formul\u00e1rio de candidatura a eTA. Os erros acontecem e seria uma pena ter de pagar novamente a taxa de documentos ($7 canadianos) e esperar novamente por uma resposta do IRCC (Imigra\u00e7\u00e3o, Refugiados e Cidadania).<\/p>\n\n<p>Aconselhamo-lo a verificar se cumpre os requisitos para a obten\u00e7\u00e3o de um eTA (viagem ou tr\u00e2nsito pelo Canad\u00e1 por via a\u00e9rea e por um per\u00edodo m\u00e1ximo de 6 meses) e se possui um passaporte v\u00e1lido.<\/p>\n\n<p>No final do processo de enchimento, o website oficial do governo canadiano ir\u00e1 oferecer-lhe a oportunidade de verificar o eTA e a exaustividade das respostas que forneceu. N\u00e3o perca este passo crucial, pois pode ser o que lhe permite detectar erros de c\u00f3pia.<\/p>\n\n<p>Se desejar apoio no preenchimento do formul\u00e1rio online, o website privado do nosso parceiro oferece ajuda personalizada no preenchimento e correc\u00e7\u00e3o do seu formul\u00e1rio antes de o enviar.<br\/><br\/><\/p>\n\n<h2 class=\"wp-block-heading\">Como posso mudar o eTA depois de ter sido recusado?<\/h2>\n\n<p>Se lhe tiver sido <a href=\"https:\/\/ave-eta-canada.com\/pt-pt\/tudo-sobre-condicoes-para-viajar-no-canada\/\">recusado um eTA<\/a>, n\u00e3o \u00e9 eleg\u00edvel para viajar para o Canad\u00e1 e, por conseguinte, n\u00e3o lhe \u00e9 permitido alterar o seu eTA.<\/p>\n\n<p>No entanto, n\u00e3o ser capaz de mudar o seu eTA n\u00e3o significa que nunca poder\u00e1 experimentar o Canad\u00e1. De facto, a maioria dos viajantes precisa de um visto canadiano ou de um eTA para viajar para o Canad\u00e1 por via a\u00e9rea.<\/p>\n\n<p>Para aqueles que n\u00e3o t\u00eam acesso ao eTA, \u00e9 suficiente solicitar um visto canadiano nos servi\u00e7os consulares da embaixada ou consulado canadiano.<\/p>\n\n<p>A fim de obter um visto, \u00e9 favor assegurar-se de que preenche estas condi\u00e7\u00f5es:<\/p>\n\n<ul class=\"wp-block-list\"><li>ter um passaporte v\u00e1lido;<\/li><li>n\u00e3o ser portador de qualquer doen\u00e7a;<\/li><li>n\u00e3o ter sido culpado de actividades criminosas ou delitos de imigra\u00e7\u00e3o;<\/li><li>provar ao funcion\u00e1rio consular que o objectivo da sua viagem n\u00e3o \u00e9 estabelecer-se ilegalmente e que deixar\u00e1 o Canad\u00e1 no final da sua estadia.<\/li><\/ul>\n","protected":false},"excerpt":{"rendered":"<p>Como posso mudar um eTA para viajar para o Canad\u00e1? O eTA \u00e9 uma autoriza\u00e7\u00e3o electr\u00f3nica de viagem, introduzida pelo governo canadiano, que visa facilitar os procedimentos administrativos para os viajantes que desejam visitar o Canad\u00e1. De facto, gra\u00e7as ao formato digital do ESTA, o viajante pode preencher a aplica\u00e7\u00e3o em linha e as autoridades [&hellip;]<\/p>\n","protected":false},"author":1,"featured_media":0,"parent":0,"menu_order":0,"comment_status":"closed","ping_status":"closed","template":"","meta":{"footnotes":""},"class_list":["post-2877","page","type-page","status-publish","hentry"],"yoast_head":"<!-- This site is optimized with the Yoast SEO plugin v26.9 - https:\/\/yoast.com\/product\/yoast-seo-wordpress\/ -->\n<title>Como posso alterar uma autoriza\u00e7\u00e3o eTA para o Canad\u00e1?<\/title>\n<meta name=\"description\" content=\"Deseja actualizar a informa\u00e7\u00e3o sobre a sua autoriza\u00e7\u00e3o de viagem canadiana? Neste artigo, descubra como modificar um eTA\" \/>\n<meta name=\"robots\" content=\"index, follow, max-snippet:-1, max-image-preview:large, max-video-preview:-1\" \/>\n<link rel=\"canonical\" href=\"https:\/\/ave-eta-canada.com\/pt-pt\/hur-man-andrar-ett-eta-resetillstand-for-kanada\/\" \/>\n<meta property=\"og:locale\" content=\"pt_PT\" \/>\n<meta property=\"og:type\" content=\"article\" \/>\n<meta property=\"og:title\" content=\"Como posso alterar uma autoriza\u00e7\u00e3o eTA para o Canad\u00e1?\" \/>\n<meta property=\"og:description\" content=\"Deseja actualizar a informa\u00e7\u00e3o sobre a sua autoriza\u00e7\u00e3o de viagem canadiana? Neste artigo, descubra como modificar um eTA\" \/>\n<meta property=\"og:url\" content=\"https:\/\/ave-eta-canada.com\/pt-pt\/hur-man-andrar-ett-eta-resetillstand-for-kanada\/\" \/>\n<meta property=\"og:site_name\" content=\"VISA CANADA\" \/>\n<meta property=\"article:modified_time\" content=\"2022-09-09T19:54:01+00:00\" \/>\n<meta name=\"twitter:card\" content=\"summary_large_image\" \/>\n<meta name=\"twitter:label1\" content=\"Tempo estimado de leitura\" \/>\n\t<meta name=\"twitter:data1\" content=\"4 minutos\" \/>\n<script type=\"application\/ld+json\" class=\"yoast-schema-graph\">{\"@context\":\"https:\/\/schema.org\",\"@graph\":[{\"@type\":\"WebPage\",\"@id\":\"https:\/\/ave-eta-canada.com\/pt-pt\/hur-man-andrar-ett-eta-resetillstand-for-kanada\/\",\"url\":\"https:\/\/ave-eta-canada.com\/pt-pt\/hur-man-andrar-ett-eta-resetillstand-for-kanada\/\",\"name\":\"Como posso alterar uma autoriza\u00e7\u00e3o eTA para o Canad\u00e1?\",\"isPartOf\":{\"@id\":\"https:\/\/ave-eta-canada.com\/pt-pt\/#website\"},\"datePublished\":\"2022-09-06T07:59:55+00:00\",\"dateModified\":\"2022-09-09T19:54:01+00:00\",\"description\":\"Deseja actualizar a informa\u00e7\u00e3o sobre a sua autoriza\u00e7\u00e3o de viagem canadiana? Neste artigo, descubra como modificar um eTA\",\"breadcrumb\":{\"@id\":\"https:\/\/ave-eta-canada.com\/pt-pt\/hur-man-andrar-ett-eta-resetillstand-for-kanada\/#breadcrumb\"},\"inLanguage\":\"pt-PT\",\"potentialAction\":[{\"@type\":\"ReadAction\",\"target\":[\"https:\/\/ave-eta-canada.com\/pt-pt\/hur-man-andrar-ett-eta-resetillstand-for-kanada\/\"]}]},{\"@type\":\"BreadcrumbList\",\"@id\":\"https:\/\/ave-eta-canada.com\/pt-pt\/hur-man-andrar-ett-eta-resetillstand-for-kanada\/#breadcrumb\",\"itemListElement\":[{\"@type\":\"ListItem\",\"position\":1,\"name\":\"Home\",\"item\":\"https:\/\/ave-eta-canada.com\/pt-pt\/\"},{\"@type\":\"ListItem\",\"position\":2,\"name\":\"Como posso alterar uma autoriza\u00e7\u00e3o eTA para o Canad\u00e1?\"}]},{\"@type\":\"WebSite\",\"@id\":\"https:\/\/ave-eta-canada.com\/pt-pt\/#website\",\"url\":\"https:\/\/ave-eta-canada.com\/pt-pt\/\",\"name\":\"VISA CANADA\",\"description\":\"Autorisation Voyage Electronique\",\"potentialAction\":[{\"@type\":\"SearchAction\",\"target\":{\"@type\":\"EntryPoint\",\"urlTemplate\":\"https:\/\/ave-eta-canada.com\/pt-pt\/?s={search_term_string}\"},\"query-input\":{\"@type\":\"PropertyValueSpecification\",\"valueRequired\":true,\"valueName\":\"search_term_string\"}}],\"inLanguage\":\"pt-PT\"}]}<\/script>\n<!-- \/ Yoast SEO plugin. -->","yoast_head_json":{"title":"Como posso alterar uma autoriza\u00e7\u00e3o eTA para o Canad\u00e1?","description":"Deseja actualizar a informa\u00e7\u00e3o sobre a sua autoriza\u00e7\u00e3o de viagem canadiana? Neste artigo, descubra como modificar um eTA","robots":{"index":"index","follow":"follow","max-snippet":"max-snippet:-1","max-image-preview":"max-image-preview:large","max-video-preview":"max-video-preview:-1"},"canonical":"https:\/\/ave-eta-canada.com\/pt-pt\/hur-man-andrar-ett-eta-resetillstand-for-kanada\/","og_locale":"pt_PT","og_type":"article","og_title":"Como posso alterar uma autoriza\u00e7\u00e3o eTA para o Canad\u00e1?","og_description":"Deseja actualizar a informa\u00e7\u00e3o sobre a sua autoriza\u00e7\u00e3o de viagem canadiana? Neste artigo, descubra como modificar um eTA","og_url":"https:\/\/ave-eta-canada.com\/pt-pt\/hur-man-andrar-ett-eta-resetillstand-for-kanada\/","og_site_name":"VISA CANADA","article_modified_time":"2022-09-09T19:54:01+00:00","twitter_card":"summary_large_image","twitter_misc":{"Tempo estimado de leitura":"4 minutos"},"schema":{"@context":"https:\/\/schema.org","@graph":[{"@type":"WebPage","@id":"https:\/\/ave-eta-canada.com\/pt-pt\/hur-man-andrar-ett-eta-resetillstand-for-kanada\/","url":"https:\/\/ave-eta-canada.com\/pt-pt\/hur-man-andrar-ett-eta-resetillstand-for-kanada\/","name":"Como posso alterar uma autoriza\u00e7\u00e3o eTA para o Canad\u00e1?","isPartOf":{"@id":"https:\/\/ave-eta-canada.com\/pt-pt\/#website"},"datePublished":"2022-09-06T07:59:55+00:00","dateModified":"2022-09-09T19:54:01+00:00","description":"Deseja actualizar a informa\u00e7\u00e3o sobre a sua autoriza\u00e7\u00e3o de viagem canadiana? Neste artigo, descubra como modificar um eTA","breadcrumb":{"@id":"https:\/\/ave-eta-canada.com\/pt-pt\/hur-man-andrar-ett-eta-resetillstand-for-kanada\/#breadcrumb"},"inLanguage":"pt-PT","potentialAction":[{"@type":"ReadAction","target":["https:\/\/ave-eta-canada.com\/pt-pt\/hur-man-andrar-ett-eta-resetillstand-for-kanada\/"]}]},{"@type":"BreadcrumbList","@id":"https:\/\/ave-eta-canada.com\/pt-pt\/hur-man-andrar-ett-eta-resetillstand-for-kanada\/#breadcrumb","itemListElement":[{"@type":"ListItem","position":1,"name":"Home","item":"https:\/\/ave-eta-canada.com\/pt-pt\/"},{"@type":"ListItem","position":2,"name":"Como posso alterar uma autoriza\u00e7\u00e3o eTA para o Canad\u00e1?"}]},{"@type":"WebSite","@id":"https:\/\/ave-eta-canada.com\/pt-pt\/#website","url":"https:\/\/ave-eta-canada.com\/pt-pt\/","name":"VISA CANADA","description":"Autorisation Voyage Electronique","potentialAction":[{"@type":"SearchAction","target":{"@type":"EntryPoint","urlTemplate":"https:\/\/ave-eta-canada.com\/pt-pt\/?s={search_term_string}"},"query-input":{"@type":"PropertyValueSpecification","valueRequired":true,"valueName":"search_term_string"}}],"inLanguage":"pt-PT"}]}},"_links":{"self":[{"href":"https:\/\/ave-eta-canada.com\/pt-pt\/wp-json\/wp\/v2\/pages\/2877","targetHints":{"allow":["GET"]}}],"collection":[{"href":"https:\/\/ave-eta-canada.com\/pt-pt\/wp-json\/wp\/v2\/pages"}],"about":[{"href":"https:\/\/ave-eta-canada.com\/pt-pt\/wp-json\/wp\/v2\/types\/page"}],"author":[{"embeddable":true,"href":"https:\/\/ave-eta-canada.com\/pt-pt\/wp-json\/wp\/v2\/users\/1"}],"replies":[{"embeddable":true,"href":"https:\/\/ave-eta-canada.com\/pt-pt\/wp-json\/wp\/v2\/comments?post=2877"}],"version-history":[{"count":0,"href":"https:\/\/ave-eta-canada.com\/pt-pt\/wp-json\/wp\/v2\/pages\/2877\/revisions"}],"wp:attachment":[{"href":"https:\/\/ave-eta-canada.com\/pt-pt\/wp-json\/wp\/v2\/media?parent=2877"}],"curies":[{"name":"wp","href":"https:\/\/api.w.org\/{rel}","templated":true}]}}